{"id":279244,"date":"2025-10-17T11:06:17","date_gmt":"2025-10-17T11:06:17","guid":{"rendered":"https:\/\/fashiongold.lt\/papuosalas\/zawieszka-z-zoltego-zlota-z-diamentem-krzyzyk-0015-ct\/"},"modified":"2025-10-17T11:06:17","modified_gmt":"2025-10-17T11:06:17","slug":"zawieszka-z-zoltego-zlota-z-diamentem-krzyzyk-0015-ct","status":"publish","type":"product","link":"https:\/\/fashiongold.lt\/pl\/papuosalas\/zawieszka-z-zoltego-zlota-z-diamentem-krzyzyk-0015-ct\/","title":{"rendered":"Zawieszka z \u017c\u00f3\u0142tego z\u0142ota z diamentem \u2013 Krzy\u017cyk (0,015 ct)"},"content":{"rendered":"<h2>Zawieszka z \u017c\u00f3\u0142tego z\u0142ota z diamentem \u2013 Krzy\u017cyk (0,015 ct), emanuj\u0105ca \u015bwiat\u0142em i luksusem.<\/h2>\n<h3>Krzy\u017cyk z \u017c\u00f3\u0142tego z\u0142ota z subtelnym diamentem w centrum to bi\u017cuteria \u0142\u0105cz\u0105ca symboliczne znaczenie z wyrafinowanym designem. Ciep\u0142y odcie\u0144 z\u0142ota dodaje przytulno\u015bci i elegancji, a blask diamentu przypomina o spokoju, sile i blisko\u015bci.<\/h3>\n<p>Wyprodukowano na Litwie, zgodnie z najwy\u017cszymi standardami jubilerskimi.<\/p>\n<p>\u2022 <a href=\"https:\/\/fashiongold.lt\/pl\/patarimai-pl\/proba-zlota-dla-zawieszki-jak-wybrac-odpowiednia\/\" target=\"_blank\" rel=\"noopener\"><strong>Metal zawieszki<\/strong><\/a>: 14K (pr\u00f3ba 585);<\/p>\n<p>\u2022 <a href=\"https:\/\/fashiongold.lt\/pl\/patarimai-pl\/zawieszki-i-kolor-zlota-jak-wybrac-biale-czerwone-czy-zolte-zloto\/\" target=\"_blank\" rel=\"noopener\"><strong>Kolor z\u0142ota zawieszki<\/strong><\/a>: \u017c\u00f3\u0142ty;<\/p>\n<p>\u2022 <a href=\"https:\/\/fashiongold.lt\/pl\/patarimai-pl\/zawieszka-z-diamentem-jak-wybrac-wage-zlota-kolor-i-odpowiedni-lancuszek\/\" target=\"_blank\" rel=\"noopener\"><strong>Waga z\u0142ota zawieszki<\/strong><\/a>: 0,87 g;<\/p>\n<p>\u2022 <a href=\"https:\/\/fashiongold.lt\/pakabuko-dydis\/\" target=\"_blank\" rel=\"noopener\"><strong>Rozmiar zawieszki<\/strong><\/a>: wymiary ca\u0142kowite 11 x 19 mm;<\/p>\n<p>\u2022 <strong><a href=\"https:\/\/fashiongold.lt\/pl\/patarimai-pl\/diament-naturalny-laboratoryjny-czy-sztuczny-jak-wybrac-wlasciwie\/\" target=\"_blank\" rel=\"noopener\">Typ diamentu<\/a><\/strong>: naturalny diament;<\/p>\n<p>\u2022 <a href=\"https:\/\/fashiongold.lt\/pl\/patarimai-pl\/diament-inne-ksztalty-diamentu\/\" target=\"_blank\" rel=\"noopener\"><strong>Kszta\u0142t<\/strong><strong> diamentu<\/strong><\/a>: Okr\u0105g\u0142y (Round cut);<\/p>\n<p>\u2022 <a href=\"https:\/\/fashiongold.lt\/pl\/patarimai-pl\/diament-jak-oceniany-jest-luksus-najcenniejszego-kamienia-szlachetnego\/\" target=\"_blank\" rel=\"noopener\"><strong>Charakterystyka<\/strong><strong> diamentu<\/strong><\/a>: diament 0,015 ct (kolor W, czysto\u015b\u0107 SI);<\/p>\n<p>\u2022 <strong><a href=\"https:\/\/fashiongold.lt\/pl\/patarimai-pl\/diament-rubin-szafir-szmaragd-certyfikaty-kamieni-szlachetnych\/\" target=\"_blank\" rel=\"noopener\">Certyfikat<\/a><\/strong>: Litewska Izba Probiercza (LPR) \u2013 AB346785;<\/p>\n<p>\u2022 <strong><a href=\"https:\/\/fashiongold.lt\/pl\/dostawa-i-zwroty\/\" target=\"_blank\" rel=\"noopener\">Czas dostawy<\/a><\/strong>: 1-4 dni robocze.<\/p>\n","protected":false},"excerpt":{"rendered":"<p>Ta zawieszka z \u017c\u00f3\u0142tego z\u0142ota z diamentem \u2013 krzy\u017cyk \u2013 emanuje ciep\u0142em i subtelnym luksusem. Klasyczna forma \u0142\u0105czy si\u0119 z nowoczesnym designem, a osadzony w centrum diament nadaje bi\u017cuterii wyj\u0105tkowego blasku. To co\u015b wi\u0119cej ni\u017c dodatek \u2013 symbolizuje wiar\u0119, wewn\u0119trzn\u0105 si\u0142\u0119 i \u015bwiat\u0142o. Krzy\u017cyk idealnie pasuje do codziennych stylizacji, ale jest na tyle elegancki, \u017ce mo\u017ce sta\u0107 si\u0119 wyj\u0105tkowym akcentem na specjalne okazje lub prezentem dla bliskiej osoby.<\/p>\n","protected":false},"featured_media":0,"template":"","meta":{"site-sidebar-layout":"default","site-content-layout":"","ast-site-content-layout":"default","site-content-style":"default","site-sidebar-style":"default","ast-global-header-display":"","ast-banner-title-visibility":"","ast-main-header-display":"","ast-hfb-above-header-display":"","ast-hfb-below-header-display":"","ast-hfb-mobile-header-display":"","site-post-title":"","ast-breadcrumbs-content":"","ast-featured-img":"","footer-sml-layout":"","ast-disable-related-posts":"","theme-transparent-header-meta":"default","adv-header-id-meta":"","stick-header-meta":"","header-above-stick-meta":"","header-main-stick-meta":"","header-below-stick-meta":"","astra-migrate-meta-layouts":"default","ast-page-background-enabled":"default","ast-page-background-meta":{"desktop":{"background-color":"var(--ast-global-color-4)","background-image":"","background-repeat":"repeat","background-position":"center center","background-size":"auto","background-attachment":"scroll","background-type":"","background-media":"","overlay-type":"","overlay-color":"","overlay-opacity":"","overlay-gradient":""},"tablet":{"background-color":"","background-image":"","background-repeat":"repeat","background-position":"center center","background-size":"auto","background-attachment":"scroll","background-type":"","background-media":"","overlay-type":"","overlay-color":"","overlay-opacity":"","overlay-gradient":""},"mobile":{"background-color":"","background-image":"","background-repeat":"repeat","background-position":"center center","background-size":"auto","background-attachment":"scroll","background-type":"","background-media":"","overlay-type":"","overlay-color":"","overlay-opacity":"","overlay-gradient":""}},"ast-content-background-meta":{"desktop":{"background-color":"var(--ast-global-color-5)","background-image":"","background-repeat":"repeat","background-position":"center center","background-size":"auto","background-attachment":"scroll","background-type":"","background-media":"","overlay-type":"","overlay-color":"","overlay-opacity":"","overlay-gradient":""},"tablet":{"background-color":"var(--ast-global-color-5)","background-image":"","background-repeat":"repeat","background-position":"center center","background-size":"auto","background-attachment":"scroll","background-type":"","background-media":"","overlay-type":"","overlay-color":"","overlay-opacity":"","overlay-gradient":""},"mobile":{"background-color":"var(--ast-global-color-5)","background-image":"","background-repeat":"repeat","background-position":"center center","background-size":"auto","background-attachment":"scroll","background-type":"","background-media":"","overlay-type":"","overlay-color":"","overlay-opacity":"","overlay-gradient":""}}},"product_brand":[],"product_cat":[3371,3051],"product_tag":[],"class_list":{"0":"post-279244","1":"product","2":"type-product","3":"status-publish","5":"product_cat-sklep-z-diamentami-mamy-na-miejscu","6":"product_cat-zawieszki-z-diamentami","7":"desktop-align-center","8":"tablet-align-left","9":"mobile-align-left","10":"ast-product-gallery-layout-horizontal-slider","11":"ast-product-single-variable","12":"ast-product-tabs-layout-accordion","13":"ast-qv-on-image","15":"first","16":"instock","17":"taxable","18":"shipping-taxable","19":"purchasable","20":"product-type-variable"},"yoast_head":"<!-- This site is optimized with the Yoast SEO plugin v26.6 - https:\/\/yoast.com\/wordpress\/plugins\/seo\/ -->\n<title>Zawieszka z \u017c\u00f3\u0142tego z\u0142ota z diamentem \u2013 Krzy\u017cyk (0,015 ct)<\/title>\n<meta name=\"description\" content=\"Ten wisiorek z \u017c\u00f3\u0142tego z\u0142ota z diamentem \u2013 krzy\u017cyk \u2013 emanuje ciep\u0142em, elegancj\u0105 i symbolicznym znaczeniem w jednej wyj\u0105tkowej bi\u017cuterii.\" \/>\n<meta name=\"robots\" content=\"index, follow, max-snippet:-1, max-image-preview:large, max-video-preview:-1\" \/>\n<link rel=\"canonical\" href=\"https:\/\/fashiongold.lt\/pl\/papuosalas\/zawieszka-z-zoltego-zlota-z-diamentem-krzyzyk-0015-ct\/\" \/>\n<meta property=\"og:locale\" content=\"pl_PL\" \/>\n<meta property=\"og:type\" content=\"article\" \/>\n<meta property=\"og:title\" content=\"Zawieszka z \u017c\u00f3\u0142tego z\u0142ota z diamentem \u2013 Krzy\u017cyk (0,015 ct)\" \/>\n<meta property=\"og:description\" content=\"Ten wisiorek z \u017c\u00f3\u0142tego z\u0142ota z diamentem \u2013 krzy\u017cyk \u2013 emanuje ciep\u0142em, elegancj\u0105 i symbolicznym znaczeniem w jednej wyj\u0105tkowej bi\u017cuterii.\" \/>\n<meta property=\"og:url\" content=\"https:\/\/fashiongold.lt\/pl\/papuosalas\/zawieszka-z-zoltego-zlota-z-diamentem-krzyzyk-0015-ct\/\" \/>\n<meta property=\"og:site_name\" content=\"FashionGold.lt\" \/>\n<meta name=\"twitter:card\" content=\"summary_large_image\" \/>\n<meta name=\"twitter:label1\" content=\"Szacowany czas czytania\" \/>\n\t<meta name=\"twitter:data1\" content=\"1 minuta\" \/>\n<script type=\"application\/ld+json\" class=\"yoast-schema-graph\">{\"@context\":\"https:\/\/schema.org\",\"@graph\":[{\"@type\":\"WebPage\",\"@id\":\"https:\/\/fashiongold.lt\/pl\/papuosalas\/zawieszka-z-zoltego-zlota-z-diamentem-krzyzyk-0015-ct\/\",\"url\":\"https:\/\/fashiongold.lt\/pl\/papuosalas\/zawieszka-z-zoltego-zlota-z-diamentem-krzyzyk-0015-ct\/\",\"name\":\"Zawieszka z \u017c\u00f3\u0142tego z\u0142ota z diamentem \u2013 Krzy\u017cyk (0,015 ct)\",\"isPartOf\":{\"@id\":\"https:\/\/fashiongold.lt\/pl\/#website\"},\"datePublished\":\"2025-10-17T11:06:17+00:00\",\"description\":\"Ten wisiorek z \u017c\u00f3\u0142tego z\u0142ota z diamentem \u2013 krzy\u017cyk \u2013 emanuje ciep\u0142em, elegancj\u0105 i symbolicznym znaczeniem w jednej wyj\u0105tkowej bi\u017cuterii.\",\"breadcrumb\":{\"@id\":\"https:\/\/fashiongold.lt\/pl\/papuosalas\/zawieszka-z-zoltego-zlota-z-diamentem-krzyzyk-0015-ct\/#breadcrumb\"},\"inLanguage\":\"pl-PL\",\"potentialAction\":[{\"@type\":\"ReadAction\",\"target\":[\"https:\/\/fashiongold.lt\/pl\/papuosalas\/zawieszka-z-zoltego-zlota-z-diamentem-krzyzyk-0015-ct\/\"]}]},{\"@type\":\"BreadcrumbList\",\"@id\":\"https:\/\/fashiongold.lt\/pl\/papuosalas\/zawieszka-z-zoltego-zlota-z-diamentem-krzyzyk-0015-ct\/#breadcrumb\",\"itemListElement\":[{\"@type\":\"ListItem\",\"position\":1,\"name\":\"Home\",\"item\":\"https:\/\/fashiongold.lt\/pl\/\"},{\"@type\":\"ListItem\",\"position\":2,\"name\":\"Sklep z diamentami Fashiongold.lt\",\"item\":\"https:\/\/fashiongold.lt\/shop-2\/\"},{\"@type\":\"ListItem\",\"position\":3,\"name\":\"Zawieszka z \u017c\u00f3\u0142tego z\u0142ota z diamentem \u2013 Krzy\u017cyk (0,015 ct)\"}]},{\"@type\":\"WebSite\",\"@id\":\"https:\/\/fashiongold.lt\/pl\/#website\",\"url\":\"https:\/\/fashiongold.lt\/pl\/\",\"name\":\"Fashion Gold\",\"description\":\"Juvelyrikos namai\",\"publisher\":{\"@id\":\"https:\/\/fashiongold.lt\/pl\/#organization\"},\"potentialAction\":[{\"@type\":\"SearchAction\",\"target\":{\"@type\":\"EntryPoint\",\"urlTemplate\":\"https:\/\/fashiongold.lt\/pl\/?s={search_term_string}\"},\"query-input\":{\"@type\":\"PropertyValueSpecification\",\"valueRequired\":true,\"valueName\":\"search_term_string\"}}],\"inLanguage\":\"pl-PL\"},{\"@type\":\"Organization\",\"@id\":\"https:\/\/fashiongold.lt\/pl\/#organization\",\"name\":\"Topdiamonds Online\",\"url\":\"https:\/\/fashiongold.lt\/pl\/\",\"logo\":{\"@type\":\"ImageObject\",\"inLanguage\":\"pl-PL\",\"@id\":\"https:\/\/fashiongold.lt\/pl\/#\/schema\/logo\/image\/\",\"url\":\"https:\/\/fashiongold.lt\/wp-content\/uploads\/2025\/04\/cropped-fashion_gold_logotipas2-scaled-1.png\",\"contentUrl\":\"https:\/\/fashiongold.lt\/wp-content\/uploads\/2025\/04\/cropped-fashion_gold_logotipas2-scaled-1.png\",\"width\":2559,\"height\":421,\"caption\":\"Topdiamonds Online\"},\"image\":{\"@id\":\"https:\/\/fashiongold.lt\/pl\/#\/schema\/logo\/image\/\"}}]}<\/script>\n<!-- \/ Yoast SEO plugin. -->","yoast_head_json":{"title":"Zawieszka z \u017c\u00f3\u0142tego z\u0142ota z diamentem \u2013 Krzy\u017cyk (0,015 ct)","description":"Ten wisiorek z \u017c\u00f3\u0142tego z\u0142ota z diamentem \u2013 krzy\u017cyk \u2013 emanuje ciep\u0142em, elegancj\u0105 i symbolicznym znaczeniem w jednej wyj\u0105tkowej bi\u017cuterii.","robots":{"index":"index","follow":"follow","max-snippet":"max-snippet:-1","max-image-preview":"max-image-preview:large","max-video-preview":"max-video-preview:-1"},"canonical":"https:\/\/fashiongold.lt\/pl\/papuosalas\/zawieszka-z-zoltego-zlota-z-diamentem-krzyzyk-0015-ct\/","og_locale":"pl_PL","og_type":"article","og_title":"Zawieszka z \u017c\u00f3\u0142tego z\u0142ota z diamentem \u2013 Krzy\u017cyk (0,015 ct)","og_description":"Ten wisiorek z \u017c\u00f3\u0142tego z\u0142ota z diamentem \u2013 krzy\u017cyk \u2013 emanuje ciep\u0142em, elegancj\u0105 i symbolicznym znaczeniem w jednej wyj\u0105tkowej bi\u017cuterii.","og_url":"https:\/\/fashiongold.lt\/pl\/papuosalas\/zawieszka-z-zoltego-zlota-z-diamentem-krzyzyk-0015-ct\/","og_site_name":"FashionGold.lt","twitter_card":"summary_large_image","twitter_misc":{"Szacowany czas czytania":"1 minuta"},"schema":{"@context":"https:\/\/schema.org","@graph":[{"@type":"WebPage","@id":"https:\/\/fashiongold.lt\/pl\/papuosalas\/zawieszka-z-zoltego-zlota-z-diamentem-krzyzyk-0015-ct\/","url":"https:\/\/fashiongold.lt\/pl\/papuosalas\/zawieszka-z-zoltego-zlota-z-diamentem-krzyzyk-0015-ct\/","name":"Zawieszka z \u017c\u00f3\u0142tego z\u0142ota z diamentem \u2013 Krzy\u017cyk (0,015 ct)","isPartOf":{"@id":"https:\/\/fashiongold.lt\/pl\/#website"},"datePublished":"2025-10-17T11:06:17+00:00","description":"Ten wisiorek z \u017c\u00f3\u0142tego z\u0142ota z diamentem \u2013 krzy\u017cyk \u2013 emanuje ciep\u0142em, elegancj\u0105 i symbolicznym znaczeniem w jednej wyj\u0105tkowej bi\u017cuterii.","breadcrumb":{"@id":"https:\/\/fashiongold.lt\/pl\/papuosalas\/zawieszka-z-zoltego-zlota-z-diamentem-krzyzyk-0015-ct\/#breadcrumb"},"inLanguage":"pl-PL","potentialAction":[{"@type":"ReadAction","target":["https:\/\/fashiongold.lt\/pl\/papuosalas\/zawieszka-z-zoltego-zlota-z-diamentem-krzyzyk-0015-ct\/"]}]},{"@type":"BreadcrumbList","@id":"https:\/\/fashiongold.lt\/pl\/papuosalas\/zawieszka-z-zoltego-zlota-z-diamentem-krzyzyk-0015-ct\/#breadcrumb","itemListElement":[{"@type":"ListItem","position":1,"name":"Home","item":"https:\/\/fashiongold.lt\/pl\/"},{"@type":"ListItem","position":2,"name":"Sklep z diamentami Fashiongold.lt","item":"https:\/\/fashiongold.lt\/shop-2\/"},{"@type":"ListItem","position":3,"name":"Zawieszka z \u017c\u00f3\u0142tego z\u0142ota z diamentem \u2013 Krzy\u017cyk (0,015 ct)"}]},{"@type":"WebSite","@id":"https:\/\/fashiongold.lt\/pl\/#website","url":"https:\/\/fashiongold.lt\/pl\/","name":"Fashion Gold","description":"Juvelyrikos namai","publisher":{"@id":"https:\/\/fashiongold.lt\/pl\/#organization"},"potentialAction":[{"@type":"SearchAction","target":{"@type":"EntryPoint","urlTemplate":"https:\/\/fashiongold.lt\/pl\/?s={search_term_string}"},"query-input":{"@type":"PropertyValueSpecification","valueRequired":true,"valueName":"search_term_string"}}],"inLanguage":"pl-PL"},{"@type":"Organization","@id":"https:\/\/fashiongold.lt\/pl\/#organization","name":"Topdiamonds Online","url":"https:\/\/fashiongold.lt\/pl\/","logo":{"@type":"ImageObject","inLanguage":"pl-PL","@id":"https:\/\/fashiongold.lt\/pl\/#\/schema\/logo\/image\/","url":"https:\/\/fashiongold.lt\/wp-content\/uploads\/2025\/04\/cropped-fashion_gold_logotipas2-scaled-1.png","contentUrl":"https:\/\/fashiongold.lt\/wp-content\/uploads\/2025\/04\/cropped-fashion_gold_logotipas2-scaled-1.png","width":2559,"height":421,"caption":"Topdiamonds Online"},"image":{"@id":"https:\/\/fashiongold.lt\/pl\/#\/schema\/logo\/image\/"}}]}},"_links":{"self":[{"href":"https:\/\/fashiongold.lt\/pl\/wp-json\/wp\/v2\/product\/279244","targetHints":{"allow":["GET"]}}],"collection":[{"href":"https:\/\/fashiongold.lt\/pl\/wp-json\/wp\/v2\/product"}],"about":[{"href":"https:\/\/fashiongold.lt\/pl\/wp-json\/wp\/v2\/types\/product"}],"version-history":[{"count":0,"href":"https:\/\/fashiongold.lt\/pl\/wp-json\/wp\/v2\/product\/279244\/revisions"}],"wp:attachment":[{"href":"https:\/\/fashiongold.lt\/pl\/wp-json\/wp\/v2\/media?parent=279244"}],"wp:term":[{"taxonomy":"product_brand","embeddable":true,"href":"https:\/\/fashiongold.lt\/pl\/wp-json\/wp\/v2\/product_brand?post=279244"},{"taxonomy":"product_cat","embeddable":true,"href":"https:\/\/fashiongold.lt\/pl\/wp-json\/wp\/v2\/product_cat?post=279244"},{"taxonomy":"product_tag","embeddable":true,"href":"https:\/\/fashiongold.lt\/pl\/wp-json\/wp\/v2\/product_tag?post=279244"}],"curies":[{"name":"wp","href":"https:\/\/api.w.org\/{rel}","templated":true}]}}