{"id":279908,"date":"2025-10-17T11:09:36","date_gmt":"2025-10-17T11:09:36","guid":{"rendered":"https:\/\/fashiongold.lt\/papuosalas\/zawieszka-z-bialego-zlota-z-peridotem-100-ct\/"},"modified":"2026-02-11T20:31:40","modified_gmt":"2026-02-11T20:31:40","slug":"zawieszka-z-bialego-zlota-z-peridotem-100-ct","status":"publish","type":"product","link":"https:\/\/fashiongold.lt\/pl\/papuosalas\/zawieszka-z-bialego-zlota-z-peridotem-100-ct\/","title":{"rendered":"Zawieszka z bia\u0142ego z\u0142ota z peridotem (1,00 ct)"},"content":{"rendered":"<h2>Zawieszka z bia\u0142ego z\u0142ota z peridotem (1,00 ct) \u2013 wyrazisty akcent i znacz\u0105ca symbolika.<\/h2>\n<h3>L\u015bni\u0105cy jaskrawozielonym odcieniem peridot (<em>oliwin<\/em>) od dawnych czas\u00f3w kojarzony jest z rado\u015bci\u0105, pozytywnym nastawieniem i wewn\u0119trzn\u0105 harmoni\u0105. Kamie\u0144 ten subtelnie uzupe\u0142nia znajduj\u0105cy si\u0119 obok ma\u0142y diament, nadaj\u0105c zawieszce jeszcze wi\u0119cej blasku i wyrafinowania.<\/h3>\n<p>Wyprodukowano na Litwie zgodnie z najwy\u017cszymi standardami sztuki jubilerskiej.<\/p>\n<p>\u2022 <a href=\"https:\/\/fashiongold.lt\/pl\/patarimai-pl\/proba-zlota-dla-zawieszki-jak-wybrac-odpowiednia\/\" target=\"_blank\" rel=\"noopener\"><strong>Metal zawieszki<\/strong><\/a>: 14K (pr\u00f3ba 585);<\/p>\n<p>\u2022 <a href=\"https:\/\/fashiongold.lt\/pl\/patarimai-pl\/zawieszki-i-kolor-zlota-jak-wybrac-biale-czerwone-czy-zolte-zloto\/\" target=\"_blank\" rel=\"noopener\"><strong>Kolor z\u0142ota zawieszki<\/strong><\/a>: bia\u0142y;<\/p>\n<p>\u2022 <a href=\"https:\/\/fashiongold.lt\/pl\/patarimai-pl\/zawieszka-z-diamentem-jak-wybrac-wage-zlota-kolor-i-odpowiedni-lancuszek\/\" target=\"_blank\" rel=\"noopener\"><strong>Waga z\u0142ota w zawieszce<\/strong><\/a>: 0,64 g;<\/p>\n<p>\u2022 <a href=\"https:\/\/fashiongold.lt\/pakabuko-dydis\/\" target=\"_blank\" rel=\"noopener\"><strong>Rozmiar zawieszki<\/strong><\/a>: wymiary ca\u0142kowite 6 x 12 mm;<\/p>\n<p>\u2022 <strong><a href=\"https:\/\/fashiongold.lt\/pl\/patarimai-pl\/diament-naturalny-laboratoryjny-czy-sztuczny-jak-wybrac-wlasciwie\/\" target=\"_blank\" rel=\"noopener\">Rodzaj kamieni szlachetnych<\/a><\/strong>: Peridot, naturalny diament;<\/p>\n<p>\u2022 <a href=\"https:\/\/fashiongold.lt\/pl\/patarimai-pl\/diament-inne-ksztalty-diamentu\/\" target=\"_blank\" rel=\"noopener\"><strong>Kszta\u0142t kamieni szlachetnych<\/strong><\/a>: Peridot o szlifie poduszkowym (Cushion cut), diament o szlifie okr\u0105g\u0142ym (Round cut);<\/p>\n<p>\u2022 <a href=\"https:\/\/fashiongold.lt\/pl\/patarimai-pl\/diament-jak-oceniany-jest-luksus-najcenniejszego-kamienia-szlachetnego\/\" target=\"_blank\" rel=\"noopener\"><strong>Charakterystyka kamieni szlachetnych<\/strong><\/a>: Peridot 1,00 ct, diament 0,0145 ct (kolor W, czysto\u015b\u0107 P1);<\/p>\n<p>\u2022 <strong><a href=\"https:\/\/fashiongold.lt\/pl\/patarimai-pl\/diament-rubin-szafir-szmaragd-certyfikaty-kamieni-szlachetnych\/\" target=\"_blank\" rel=\"noopener\">Certyfikat<\/a><\/strong>: Litewski Urz\u0105d Probierczy (LPR) \u2013 AB341704;<\/p>\n<p>\u2022 <strong><a href=\"https:\/\/fashiongold.lt\/pl\/dostawa-i-zwroty\/\" target=\"_blank\" rel=\"noopener\">Termin dostawy<\/a><\/strong>: 1-4 dni robocze.<\/p>\n","protected":false},"excerpt":{"rendered":"<p>Zawieszka z bia\u0142ego z\u0142ota z peridotem to bi\u017cuteria, kt\u00f3ra zachwyca intensywno\u015bci\u0105 koloru i swoj\u0105 symbolik\u0105. Peridot, zwany r\u00f3wnie\u017c oliwinem, od dawna uwa\u017cany jest za kamie\u0144 zapewniaj\u0105cy spok\u00f3j i przynosz\u0105cy szcz\u0119\u015bcie. Osadzony nad nim ma\u0142y diament podkre\u015bla luksus oraz subtelny urok, a wyko\u0144czenie z bia\u0142ego z\u0142ota nadaje bi\u017cuterii nowoczesnej elegancji. Ta zawieszka to wyj\u0105tkowy wyb\u00f3r dla kobiety, kt\u00f3ra szuka nie tylko pi\u0119kna, ale i znacz\u0105cej historii w swojej bi\u017cuterii.<\/p>\n","protected":false},"featured_media":231942,"template":"","meta":{"site-sidebar-layout":"default","site-content-layout":"","ast-site-content-layout":"default","site-content-style":"default","site-sidebar-style":"default","ast-global-header-display":"","ast-banner-title-visibility":"","ast-main-header-display":"","ast-hfb-above-header-display":"","ast-hfb-below-header-display":"","ast-hfb-mobile-header-display":"","site-post-title":"","ast-breadcrumbs-content":"","ast-featured-img":"","footer-sml-layout":"","ast-disable-related-posts":"","theme-transparent-header-meta":"default","adv-header-id-meta":"","stick-header-meta":"","header-above-stick-meta":"","header-main-stick-meta":"","header-below-stick-meta":"","astra-migrate-meta-layouts":"default","ast-page-background-enabled":"default","ast-page-background-meta":{"desktop":{"background-color":"var(--ast-global-color-4)","background-image":"","background-repeat":"repeat","background-position":"center center","background-size":"auto","background-attachment":"scroll","background-type":"","background-media":"","overlay-type":"","overlay-color":"","overlay-opacity":"","overlay-gradient":""},"tablet":{"background-color":"","background-image":"","background-repeat":"repeat","background-position":"center center","background-size":"auto","background-attachment":"scroll","background-type":"","background-media":"","overlay-type":"","overlay-color":"","overlay-opacity":"","overlay-gradient":""},"mobile":{"background-color":"","background-image":"","background-repeat":"repeat","background-position":"center center","background-size":"auto","background-attachment":"scroll","background-type":"","background-media":"","overlay-type":"","overlay-color":"","overlay-opacity":"","overlay-gradient":""}},"ast-content-background-meta":{"desktop":{"background-color":"var(--ast-global-color-5)","background-image":"","background-repeat":"repeat","background-position":"center center","background-size":"auto","background-attachment":"scroll","background-type":"","background-media":"","overlay-type":"","overlay-color":"","overlay-opacity":"","overlay-gradient":""},"tablet":{"background-color":"var(--ast-global-color-5)","background-image":"","background-repeat":"repeat","background-position":"center center","background-size":"auto","background-attachment":"scroll","background-type":"","background-media":"","overlay-type":"","overlay-color":"","overlay-opacity":"","overlay-gradient":""},"mobile":{"background-color":"var(--ast-global-color-5)","background-image":"","background-repeat":"repeat","background-position":"center center","background-size":"auto","background-attachment":"scroll","background-type":"","background-media":"","overlay-type":"","overlay-color":"","overlay-opacity":"","overlay-gradient":""}}},"product_brand":[],"product_cat":[3371,3051],"product_tag":[],"class_list":{"0":"post-279908","1":"product","2":"type-product","3":"status-publish","4":"has-post-thumbnail","6":"product_cat-sklep-z-diamentami-mamy-na-miejscu","7":"product_cat-zawieszki-z-diamentami","8":"desktop-align-center","9":"tablet-align-left","10":"mobile-align-left","11":"ast-product-gallery-layout-horizontal-slider","12":"ast-product-single-variable","13":"ast-product-tabs-layout-accordion","14":"ast-qv-on-image","16":"first","17":"instock","18":"taxable","19":"shipping-taxable","20":"purchasable","21":"product-type-variable"},"yoast_head":"<!-- This site is optimized with the Yoast SEO plugin v26.6 - https:\/\/yoast.com\/wordpress\/plugins\/seo\/ -->\n<title>Zawieszka z bia\u0142ego z\u0142ota z perydotem (1,00 ct)<\/title>\n<meta name=\"description\" content=\"Zawieszka z bia\u0142ego z\u0142ota z peridotem. Wyrazisty kamie\u0144 symbolizuj\u0105cy harmoni\u0119 i si\u0142\u0119, wzbogacony subtelnym diamentem i eleganckim wzornictwem.\" \/>\n<meta name=\"robots\" content=\"index, follow, max-snippet:-1, max-image-preview:large, max-video-preview:-1\" \/>\n<link rel=\"canonical\" href=\"https:\/\/fashiongold.lt\/pl\/papuosalas\/zawieszka-z-bialego-zlota-z-peridotem-100-ct\/\" \/>\n<meta property=\"og:locale\" content=\"pl_PL\" \/>\n<meta property=\"og:type\" content=\"article\" \/>\n<meta property=\"og:title\" content=\"Zawieszka z bia\u0142ego z\u0142ota z perydotem (1,00 ct)\" \/>\n<meta property=\"og:description\" content=\"Zawieszka z bia\u0142ego z\u0142ota z peridotem. Wyrazisty kamie\u0144 symbolizuj\u0105cy harmoni\u0119 i si\u0142\u0119, wzbogacony subtelnym diamentem i eleganckim wzornictwem.\" \/>\n<meta property=\"og:url\" content=\"https:\/\/fashiongold.lt\/pl\/papuosalas\/zawieszka-z-bialego-zlota-z-peridotem-100-ct\/\" \/>\n<meta property=\"og:site_name\" content=\"FashionGold.lt\" \/>\n<meta property=\"article:modified_time\" content=\"2026-02-11T20:31:40+00:00\" \/>\n<meta property=\"og:image\" content=\"https:\/\/fashiongold.lt\/wp-content\/uploads\/2025\/10\/003-balto-aukso-pakabukas-su-peridotu-ir-deimantu.webp\" \/>\n\t<meta property=\"og:image:width\" content=\"2000\" \/>\n\t<meta property=\"og:image:height\" content=\"2000\" \/>\n\t<meta property=\"og:image:type\" content=\"image\/jpeg\" \/>\n<meta name=\"twitter:card\" content=\"summary_large_image\" \/>\n<meta name=\"twitter:label1\" content=\"Szacowany czas czytania\" \/>\n\t<meta name=\"twitter:data1\" content=\"1 minuta\" \/>\n<script type=\"application\/ld+json\" class=\"yoast-schema-graph\">{\"@context\":\"https:\/\/schema.org\",\"@graph\":[{\"@type\":\"WebPage\",\"@id\":\"https:\/\/fashiongold.lt\/pl\/papuosalas\/zawieszka-z-bialego-zlota-z-peridotem-100-ct\/\",\"url\":\"https:\/\/fashiongold.lt\/pl\/papuosalas\/zawieszka-z-bialego-zlota-z-peridotem-100-ct\/\",\"name\":\"Zawieszka z bia\u0142ego z\u0142ota z perydotem (1,00 ct)\",\"isPartOf\":{\"@id\":\"https:\/\/fashiongold.lt\/pl\/#website\"},\"primaryImageOfPage\":{\"@id\":\"https:\/\/fashiongold.lt\/pl\/papuosalas\/zawieszka-z-bialego-zlota-z-peridotem-100-ct\/#primaryimage\"},\"image\":{\"@id\":\"https:\/\/fashiongold.lt\/pl\/papuosalas\/zawieszka-z-bialego-zlota-z-peridotem-100-ct\/#primaryimage\"},\"thumbnailUrl\":\"https:\/\/fashiongold.lt\/wp-content\/uploads\/2025\/10\/003-balto-aukso-pakabukas-su-peridotu-ir-deimantu.jpg\",\"datePublished\":\"2025-10-17T11:09:36+00:00\",\"dateModified\":\"2026-02-11T20:31:40+00:00\",\"description\":\"Zawieszka z bia\u0142ego z\u0142ota z peridotem. Wyrazisty kamie\u0144 symbolizuj\u0105cy harmoni\u0119 i si\u0142\u0119, wzbogacony subtelnym diamentem i eleganckim wzornictwem.\",\"breadcrumb\":{\"@id\":\"https:\/\/fashiongold.lt\/pl\/papuosalas\/zawieszka-z-bialego-zlota-z-peridotem-100-ct\/#breadcrumb\"},\"inLanguage\":\"pl-PL\",\"potentialAction\":[{\"@type\":\"ReadAction\",\"target\":[\"https:\/\/fashiongold.lt\/pl\/papuosalas\/zawieszka-z-bialego-zlota-z-peridotem-100-ct\/\"]}]},{\"@type\":\"ImageObject\",\"inLanguage\":\"pl-PL\",\"@id\":\"https:\/\/fashiongold.lt\/pl\/papuosalas\/zawieszka-z-bialego-zlota-z-peridotem-100-ct\/#primaryimage\",\"url\":\"https:\/\/fashiongold.lt\/wp-content\/uploads\/2025\/10\/003-balto-aukso-pakabukas-su-peridotu-ir-deimantu.jpg\",\"contentUrl\":\"https:\/\/fashiongold.lt\/wp-content\/uploads\/2025\/10\/003-balto-aukso-pakabukas-su-peridotu-ir-deimantu.jpg\",\"width\":2000,\"height\":2000},{\"@type\":\"BreadcrumbList\",\"@id\":\"https:\/\/fashiongold.lt\/pl\/papuosalas\/zawieszka-z-bialego-zlota-z-peridotem-100-ct\/#breadcrumb\",\"itemListElement\":[{\"@type\":\"ListItem\",\"position\":1,\"name\":\"Home\",\"item\":\"https:\/\/fashiongold.lt\/pl\/\"},{\"@type\":\"ListItem\",\"position\":2,\"name\":\"Sklep z diamentami Fashiongold.lt\",\"item\":\"https:\/\/fashiongold.lt\/shop-2\/\"},{\"@type\":\"ListItem\",\"position\":3,\"name\":\"Zawieszka z bia\u0142ego z\u0142ota z peridotem (1,00 ct)\"}]},{\"@type\":\"WebSite\",\"@id\":\"https:\/\/fashiongold.lt\/pl\/#website\",\"url\":\"https:\/\/fashiongold.lt\/pl\/\",\"name\":\"Fashion Gold\",\"description\":\"Juvelyrikos namai\",\"publisher\":{\"@id\":\"https:\/\/fashiongold.lt\/pl\/#organization\"},\"potentialAction\":[{\"@type\":\"SearchAction\",\"target\":{\"@type\":\"EntryPoint\",\"urlTemplate\":\"https:\/\/fashiongold.lt\/pl\/?s={search_term_string}\"},\"query-input\":{\"@type\":\"PropertyValueSpecification\",\"valueRequired\":true,\"valueName\":\"search_term_string\"}}],\"inLanguage\":\"pl-PL\"},{\"@type\":\"Organization\",\"@id\":\"https:\/\/fashiongold.lt\/pl\/#organization\",\"name\":\"Topdiamonds Online\",\"url\":\"https:\/\/fashiongold.lt\/pl\/\",\"logo\":{\"@type\":\"ImageObject\",\"inLanguage\":\"pl-PL\",\"@id\":\"https:\/\/fashiongold.lt\/pl\/#\/schema\/logo\/image\/\",\"url\":\"https:\/\/fashiongold.lt\/wp-content\/uploads\/2025\/04\/cropped-fashion_gold_logotipas2-scaled-1.png\",\"contentUrl\":\"https:\/\/fashiongold.lt\/wp-content\/uploads\/2025\/04\/cropped-fashion_gold_logotipas2-scaled-1.png\",\"width\":2559,\"height\":421,\"caption\":\"Topdiamonds Online\"},\"image\":{\"@id\":\"https:\/\/fashiongold.lt\/pl\/#\/schema\/logo\/image\/\"}}]}<\/script>\n<!-- \/ Yoast SEO plugin. -->","yoast_head_json":{"title":"Zawieszka z bia\u0142ego z\u0142ota z perydotem (1,00 ct)","description":"Zawieszka z bia\u0142ego z\u0142ota z peridotem. Wyrazisty kamie\u0144 symbolizuj\u0105cy harmoni\u0119 i si\u0142\u0119, wzbogacony subtelnym diamentem i eleganckim wzornictwem.","robots":{"index":"index","follow":"follow","max-snippet":"max-snippet:-1","max-image-preview":"max-image-preview:large","max-video-preview":"max-video-preview:-1"},"canonical":"https:\/\/fashiongold.lt\/pl\/papuosalas\/zawieszka-z-bialego-zlota-z-peridotem-100-ct\/","og_locale":"pl_PL","og_type":"article","og_title":"Zawieszka z bia\u0142ego z\u0142ota z perydotem (1,00 ct)","og_description":"Zawieszka z bia\u0142ego z\u0142ota z peridotem. Wyrazisty kamie\u0144 symbolizuj\u0105cy harmoni\u0119 i si\u0142\u0119, wzbogacony subtelnym diamentem i eleganckim wzornictwem.","og_url":"https:\/\/fashiongold.lt\/pl\/papuosalas\/zawieszka-z-bialego-zlota-z-peridotem-100-ct\/","og_site_name":"FashionGold.lt","article_modified_time":"2026-02-11T20:31:40+00:00","og_image":[{"width":2000,"height":2000,"url":"https:\/\/fashiongold.lt\/wp-content\/uploads\/2025\/10\/003-balto-aukso-pakabukas-su-peridotu-ir-deimantu.webp","type":"image\/jpeg"}],"twitter_card":"summary_large_image","twitter_misc":{"Szacowany czas czytania":"1 minuta"},"schema":{"@context":"https:\/\/schema.org","@graph":[{"@type":"WebPage","@id":"https:\/\/fashiongold.lt\/pl\/papuosalas\/zawieszka-z-bialego-zlota-z-peridotem-100-ct\/","url":"https:\/\/fashiongold.lt\/pl\/papuosalas\/zawieszka-z-bialego-zlota-z-peridotem-100-ct\/","name":"Zawieszka z bia\u0142ego z\u0142ota z perydotem (1,00 ct)","isPartOf":{"@id":"https:\/\/fashiongold.lt\/pl\/#website"},"primaryImageOfPage":{"@id":"https:\/\/fashiongold.lt\/pl\/papuosalas\/zawieszka-z-bialego-zlota-z-peridotem-100-ct\/#primaryimage"},"image":{"@id":"https:\/\/fashiongold.lt\/pl\/papuosalas\/zawieszka-z-bialego-zlota-z-peridotem-100-ct\/#primaryimage"},"thumbnailUrl":"https:\/\/fashiongold.lt\/wp-content\/uploads\/2025\/10\/003-balto-aukso-pakabukas-su-peridotu-ir-deimantu.jpg","datePublished":"2025-10-17T11:09:36+00:00","dateModified":"2026-02-11T20:31:40+00:00","description":"Zawieszka z bia\u0142ego z\u0142ota z peridotem. Wyrazisty kamie\u0144 symbolizuj\u0105cy harmoni\u0119 i si\u0142\u0119, wzbogacony subtelnym diamentem i eleganckim wzornictwem.","breadcrumb":{"@id":"https:\/\/fashiongold.lt\/pl\/papuosalas\/zawieszka-z-bialego-zlota-z-peridotem-100-ct\/#breadcrumb"},"inLanguage":"pl-PL","potentialAction":[{"@type":"ReadAction","target":["https:\/\/fashiongold.lt\/pl\/papuosalas\/zawieszka-z-bialego-zlota-z-peridotem-100-ct\/"]}]},{"@type":"ImageObject","inLanguage":"pl-PL","@id":"https:\/\/fashiongold.lt\/pl\/papuosalas\/zawieszka-z-bialego-zlota-z-peridotem-100-ct\/#primaryimage","url":"https:\/\/fashiongold.lt\/wp-content\/uploads\/2025\/10\/003-balto-aukso-pakabukas-su-peridotu-ir-deimantu.jpg","contentUrl":"https:\/\/fashiongold.lt\/wp-content\/uploads\/2025\/10\/003-balto-aukso-pakabukas-su-peridotu-ir-deimantu.jpg","width":2000,"height":2000},{"@type":"BreadcrumbList","@id":"https:\/\/fashiongold.lt\/pl\/papuosalas\/zawieszka-z-bialego-zlota-z-peridotem-100-ct\/#breadcrumb","itemListElement":[{"@type":"ListItem","position":1,"name":"Home","item":"https:\/\/fashiongold.lt\/pl\/"},{"@type":"ListItem","position":2,"name":"Sklep z diamentami Fashiongold.lt","item":"https:\/\/fashiongold.lt\/shop-2\/"},{"@type":"ListItem","position":3,"name":"Zawieszka z bia\u0142ego z\u0142ota z peridotem (1,00 ct)"}]},{"@type":"WebSite","@id":"https:\/\/fashiongold.lt\/pl\/#website","url":"https:\/\/fashiongold.lt\/pl\/","name":"Fashion Gold","description":"Juvelyrikos namai","publisher":{"@id":"https:\/\/fashiongold.lt\/pl\/#organization"},"potentialAction":[{"@type":"SearchAction","target":{"@type":"EntryPoint","urlTemplate":"https:\/\/fashiongold.lt\/pl\/?s={search_term_string}"},"query-input":{"@type":"PropertyValueSpecification","valueRequired":true,"valueName":"search_term_string"}}],"inLanguage":"pl-PL"},{"@type":"Organization","@id":"https:\/\/fashiongold.lt\/pl\/#organization","name":"Topdiamonds Online","url":"https:\/\/fashiongold.lt\/pl\/","logo":{"@type":"ImageObject","inLanguage":"pl-PL","@id":"https:\/\/fashiongold.lt\/pl\/#\/schema\/logo\/image\/","url":"https:\/\/fashiongold.lt\/wp-content\/uploads\/2025\/04\/cropped-fashion_gold_logotipas2-scaled-1.png","contentUrl":"https:\/\/fashiongold.lt\/wp-content\/uploads\/2025\/04\/cropped-fashion_gold_logotipas2-scaled-1.png","width":2559,"height":421,"caption":"Topdiamonds Online"},"image":{"@id":"https:\/\/fashiongold.lt\/pl\/#\/schema\/logo\/image\/"}}]}},"_links":{"self":[{"href":"https:\/\/fashiongold.lt\/pl\/wp-json\/wp\/v2\/product\/279908","targetHints":{"allow":["GET"]}}],"collection":[{"href":"https:\/\/fashiongold.lt\/pl\/wp-json\/wp\/v2\/product"}],"about":[{"href":"https:\/\/fashiongold.lt\/pl\/wp-json\/wp\/v2\/types\/product"}],"version-history":[{"count":0,"href":"https:\/\/fashiongold.lt\/pl\/wp-json\/wp\/v2\/product\/279908\/revisions"}],"wp:featuredmedia":[{"embeddable":true,"href":"https:\/\/fashiongold.lt\/pl\/wp-json\/wp\/v2\/media\/231942"}],"wp:attachment":[{"href":"https:\/\/fashiongold.lt\/pl\/wp-json\/wp\/v2\/media?parent=279908"}],"wp:term":[{"taxonomy":"product_brand","embeddable":true,"href":"https:\/\/fashiongold.lt\/pl\/wp-json\/wp\/v2\/product_brand?post=279908"},{"taxonomy":"product_cat","embeddable":true,"href":"https:\/\/fashiongold.lt\/pl\/wp-json\/wp\/v2\/product_cat?post=279908"},{"taxonomy":"product_tag","embeddable":true,"href":"https:\/\/fashiongold.lt\/pl\/wp-json\/wp\/v2\/product_tag?post=279908"}],"curies":[{"name":"wp","href":"https:\/\/api.w.org\/{rel}","templated":true}]}}