{"id":280355,"date":"2025-10-17T11:06:20","date_gmt":"2025-10-17T11:06:20","guid":{"rendered":"https:\/\/fashiongold.lt\/papuosalas\/krzyzyk-z-zoltego-zlota-z-diamentami-006-ct\/"},"modified":"2026-02-11T20:42:13","modified_gmt":"2026-02-11T20:42:13","slug":"krzyzyk-z-zoltego-zlota-z-diamentami-006-ct","status":"publish","type":"product","link":"https:\/\/fashiongold.lt\/pl\/papuosalas\/krzyzyk-z-zoltego-zlota-z-diamentami-006-ct\/","title":{"rendered":"Krzy\u017cyk z \u017c\u00f3\u0142tego z\u0142ota z diamentami (0,06 ct)"},"content":{"rendered":"<h2>Krzy\u017cyk z \u017c\u00f3\u0142tego z\u0142ota z diamentami (0,06 ct), l\u015bni\u0105cy elegancj\u0105 i g\u0142\u0119bok\u0105 symbolik\u0105.<\/h2>\n<h3>Forma krzy\u017ca zawsze kojarzy si\u0119 ze \u015bwiat\u0142em, ochron\u0105 i wewn\u0119trzn\u0105 si\u0142\u0105, a ciep\u0142y odcie\u0144 \u017c\u00f3\u0142tego z\u0142ota w po\u0142\u0105czeniu z l\u015bni\u0105cymi diamentami sprawia, \u017ce ta bi\u017cuteria staje si\u0119 wyj\u0105tkowym akcentem, subtelnie dope\u0142niaj\u0105cym codzienn\u0105 stylizacj\u0119.<\/h3>\n<p>Wyprodukowany na Litwie, zgodnie z najwy\u017cszymi standardami jubilerskimi.<\/p>\n<p>\u2022 <a href=\"https:\/\/fashiongold.lt\/pl\/patarimai-pl\/proba-zlota-dla-zawieszki-jak-wybrac-odpowiednia\/\" target=\"_blank\" rel=\"noopener\"><strong>Kruszec zawieszki<\/strong><\/a>: 14K (pr\u00f3ba 585);<\/p>\n<p>\u2022 <a href=\"https:\/\/fashiongold.lt\/pl\/patarimai-pl\/zawieszki-i-kolor-zlota-jak-wybrac-biale-czerwone-czy-zolte-zloto\/\" target=\"_blank\" rel=\"noopener\"><strong>Kolor z\u0142ota zawieszki<\/strong><\/a>: \u017c\u00f3\u0142ty;<\/p>\n<p>\u2022 <a href=\"https:\/\/fashiongold.lt\/pl\/patarimai-pl\/zawieszka-z-diamentem-jak-wybrac-wage-zlota-kolor-i-odpowiedni-lancuszek\/\" target=\"_blank\" rel=\"noopener\"><strong>Waga z\u0142ota zawieszki<\/strong><\/a>: 1,37 g;<\/p>\n<p>\u2022 <a href=\"https:\/\/fashiongold.lt\/pl\/patarimai-pl\/idealne-polaczenie-zawieszka-z-diamentem-i-odpowiednia-dlugosc-lancuszka\/\" target=\"_blank\" rel=\"noopener\"><strong>D\u0142ugo\u015b\u0107 \u0142a\u0144cuszka<\/strong><\/a>: 42-45 cm;<\/p>\n<p>\u2022 <strong><a href=\"https:\/\/fashiongold.lt\/pl\/patarimai-pl\/diament-naturalny-laboratoryjny-czy-sztuczny-jak-wybrac-wlasciwie\/\" target=\"_blank\" rel=\"noopener\">Rodzaj diament\u00f3w<\/a><\/strong>: naturalne diamenty;<\/p>\n<p>\u2022 <a href=\"https:\/\/fashiongold.lt\/pl\/patarimai-pl\/diament-inne-ksztalty-diamentu\/\" target=\"_blank\" rel=\"noopener\"><strong>Kszta\u0142t diament\u00f3w<\/strong><\/a>: Okr\u0105g\u0142e (Round cut);<\/p>\n<p>\u2022 <a href=\"https:\/\/fashiongold.lt\/pl\/patarimai-pl\/diament-jak-oceniany-jest-luksus-najcenniejszego-kamienia-szlachetnego\/\" target=\"_blank\" rel=\"noopener\"><strong>Charakterystyka diament\u00f3w<\/strong><\/a>: diamenty 0,06 ct (0,005 ct x 11) (czysto\u015b\u0107 SI-P1, barwa RW-W);<\/p>\n<p>\u2022 <strong><a href=\"https:\/\/fashiongold.lt\/pl\/patarimai-pl\/diament-rubin-szafir-szmaragd-certyfikaty-kamieni-szlachetnych\/\" target=\"_blank\" rel=\"noopener\">Certyfikat<\/a><\/strong>: Litewska Izba Probiercza (LPR) \u2013 AB348599;<\/p>\n<p>\u2022 Jednorazowa bezp\u0142atna <strong><a href=\"https:\/\/fashiongold.lt\/pl\/patarimai-pl\/zloty-lancuszek-bezplatna-zmiana-dlugosci-przy-zakupie-w-fashiongold-lt\/\">gwarancja zmiany d\u0142ugo\u015bci \u0142a\u0144cuszka<\/a><\/strong><\/p>\n<p>\u2022 <strong><a href=\"https:\/\/fashiongold.lt\/pl\/dostawa-i-zwroty\/\" target=\"_blank\" rel=\"noopener\">Termin dostawy<\/a><\/strong>: 1-4 dni robocze.<\/p>\n","protected":false},"excerpt":{"rendered":"<p>Krzy\u017cyk z \u017c\u00f3\u0142tego z\u0142ota z diamentami to bi\u017cuteria \u0142\u0105cz\u0105ca elegancj\u0119, symboliczne znaczenie i subtelny luksus. Starannie osadzone diamenty tworz\u0105 wyj\u0105tkowy blask, a forma krzy\u017cyka przypomina o wewn\u0119trznym spokoju, sile i \u015bwietle. Akcesorium to doskonale pasuje zar\u00f3wno do codziennych stylizacji, jak i na wyj\u0105tkowe okazje. Mo\u017ce sta\u0107 si\u0119 niezwykle znacz\u0105cym prezentem dla bliskiej osoby lub wyj\u0105tkowym akcentem, kt\u00f3ry chce si\u0119 nosi\u0107 ka\u017cdego dnia.<\/p>\n","protected":false},"featured_media":231147,"template":"","meta":{"site-sidebar-layout":"default","site-content-layout":"","ast-site-content-layout":"default","site-content-style":"default","site-sidebar-style":"default","ast-global-header-display":"","ast-banner-title-visibility":"","ast-main-header-display":"","ast-hfb-above-header-display":"","ast-hfb-below-header-display":"","ast-hfb-mobile-header-display":"","site-post-title":"","ast-breadcrumbs-content":"","ast-featured-img":"","footer-sml-layout":"","ast-disable-related-posts":"","theme-transparent-header-meta":"default","adv-header-id-meta":"","stick-header-meta":"","header-above-stick-meta":"","header-main-stick-meta":"","header-below-stick-meta":"","astra-migrate-meta-layouts":"default","ast-page-background-enabled":"default","ast-page-background-meta":{"desktop":{"background-color":"var(--ast-global-color-4)","background-image":"","background-repeat":"repeat","background-position":"center center","background-size":"auto","background-attachment":"scroll","background-type":"","background-media":"","overlay-type":"","overlay-color":"","overlay-opacity":"","overlay-gradient":""},"tablet":{"background-color":"","background-image":"","background-repeat":"repeat","background-position":"center center","background-size":"auto","background-attachment":"scroll","background-type":"","background-media":"","overlay-type":"","overlay-color":"","overlay-opacity":"","overlay-gradient":""},"mobile":{"background-color":"","background-image":"","background-repeat":"repeat","background-position":"center center","background-size":"auto","background-attachment":"scroll","background-type":"","background-media":"","overlay-type":"","overlay-color":"","overlay-opacity":"","overlay-gradient":""}},"ast-content-background-meta":{"desktop":{"background-color":"var(--ast-global-color-5)","background-image":"","background-repeat":"repeat","background-position":"center center","background-size":"auto","background-attachment":"scroll","background-type":"","background-media":"","overlay-type":"","overlay-color":"","overlay-opacity":"","overlay-gradient":""},"tablet":{"background-color":"var(--ast-global-color-5)","background-image":"","background-repeat":"repeat","background-position":"center center","background-size":"auto","background-attachment":"scroll","background-type":"","background-media":"","overlay-type":"","overlay-color":"","overlay-opacity":"","overlay-gradient":""},"mobile":{"background-color":"var(--ast-global-color-5)","background-image":"","background-repeat":"repeat","background-position":"center center","background-size":"auto","background-attachment":"scroll","background-type":"","background-media":"","overlay-type":"","overlay-color":"","overlay-opacity":"","overlay-gradient":""}}},"product_brand":[],"product_cat":[3371,3051],"product_tag":[],"class_list":{"0":"post-280355","1":"product","2":"type-product","3":"status-publish","4":"has-post-thumbnail","6":"product_cat-sklep-z-diamentami-mamy-na-miejscu","7":"product_cat-zawieszki-z-diamentami","8":"desktop-align-center","9":"tablet-align-left","10":"mobile-align-left","11":"ast-product-gallery-layout-horizontal-slider","12":"ast-product-gallery-with-no-image","13":"ast-product-single-variable","14":"ast-product-tabs-layout-accordion","15":"ast-qv-on-image","17":"first","18":"instock","19":"taxable","20":"shipping-taxable","21":"purchasable","22":"product-type-variable"},"yoast_head":"<!-- This site is optimized with the Yoast SEO plugin v26.6 - https:\/\/yoast.com\/wordpress\/plugins\/seo\/ -->\n<title>Krzy\u017cyk z \u017c\u00f3\u0142tego z\u0142ota z diamentami (0,06 ct)<\/title>\n<meta name=\"description\" content=\"Zawieszka z \u017c\u00f3\u0142tego z\u0142ota z diamentami \u2013 Krzy\u017cyk. Elegancja, symbolika i subtelny luksus w jednej bi\u017cuterii na co dzie\u0144 oraz na wyj\u0105tkowe okazje.\" \/>\n<meta name=\"robots\" content=\"index, follow, max-snippet:-1, max-image-preview:large, max-video-preview:-1\" \/>\n<link rel=\"canonical\" href=\"https:\/\/fashiongold.lt\/pl\/papuosalas\/krzyzyk-z-zoltego-zlota-z-diamentami-006-ct\/\" \/>\n<meta property=\"og:locale\" content=\"pl_PL\" \/>\n<meta property=\"og:type\" content=\"article\" \/>\n<meta property=\"og:title\" content=\"Krzy\u017cyk z \u017c\u00f3\u0142tego z\u0142ota z diamentami (0,06 ct)\" \/>\n<meta property=\"og:description\" content=\"Zawieszka z \u017c\u00f3\u0142tego z\u0142ota z diamentami \u2013 Krzy\u017cyk. Elegancja, symbolika i subtelny luksus w jednej bi\u017cuterii na co dzie\u0144 oraz na wyj\u0105tkowe okazje.\" \/>\n<meta property=\"og:url\" content=\"https:\/\/fashiongold.lt\/pl\/papuosalas\/krzyzyk-z-zoltego-zlota-z-diamentami-006-ct\/\" \/>\n<meta property=\"og:site_name\" content=\"FashionGold.lt\" \/>\n<meta property=\"article:modified_time\" content=\"2026-02-11T20:42:13+00:00\" \/>\n<meta property=\"og:image\" content=\"https:\/\/fashiongold.lt\/wp-content\/uploads\/2025\/10\/26014-650-Kryziukas-su-deimantais-Fashion-Gold.webp\" \/>\n\t<meta property=\"og:image:width\" content=\"1000\" \/>\n\t<meta property=\"og:image:height\" content=\"1000\" \/>\n\t<meta property=\"og:image:type\" content=\"image\/jpeg\" \/>\n<meta name=\"twitter:card\" content=\"summary_large_image\" \/>\n<meta name=\"twitter:label1\" content=\"Szacowany czas czytania\" \/>\n\t<meta name=\"twitter:data1\" content=\"1 minuta\" \/>\n<script type=\"application\/ld+json\" class=\"yoast-schema-graph\">{\"@context\":\"https:\/\/schema.org\",\"@graph\":[{\"@type\":\"WebPage\",\"@id\":\"https:\/\/fashiongold.lt\/pl\/papuosalas\/krzyzyk-z-zoltego-zlota-z-diamentami-006-ct\/\",\"url\":\"https:\/\/fashiongold.lt\/pl\/papuosalas\/krzyzyk-z-zoltego-zlota-z-diamentami-006-ct\/\",\"name\":\"Krzy\u017cyk z \u017c\u00f3\u0142tego z\u0142ota z diamentami (0,06 ct)\",\"isPartOf\":{\"@id\":\"https:\/\/fashiongold.lt\/pl\/#website\"},\"primaryImageOfPage\":{\"@id\":\"https:\/\/fashiongold.lt\/pl\/papuosalas\/krzyzyk-z-zoltego-zlota-z-diamentami-006-ct\/#primaryimage\"},\"image\":{\"@id\":\"https:\/\/fashiongold.lt\/pl\/papuosalas\/krzyzyk-z-zoltego-zlota-z-diamentami-006-ct\/#primaryimage\"},\"thumbnailUrl\":\"https:\/\/fashiongold.lt\/wp-content\/uploads\/2025\/10\/26014-650-Kryziukas-su-deimantais-Fashion-Gold.jpg\",\"datePublished\":\"2025-10-17T11:06:20+00:00\",\"dateModified\":\"2026-02-11T20:42:13+00:00\",\"description\":\"Zawieszka z \u017c\u00f3\u0142tego z\u0142ota z diamentami \u2013 Krzy\u017cyk. Elegancja, symbolika i subtelny luksus w jednej bi\u017cuterii na co dzie\u0144 oraz na wyj\u0105tkowe okazje.\",\"breadcrumb\":{\"@id\":\"https:\/\/fashiongold.lt\/pl\/papuosalas\/krzyzyk-z-zoltego-zlota-z-diamentami-006-ct\/#breadcrumb\"},\"inLanguage\":\"pl-PL\",\"potentialAction\":[{\"@type\":\"ReadAction\",\"target\":[\"https:\/\/fashiongold.lt\/pl\/papuosalas\/krzyzyk-z-zoltego-zlota-z-diamentami-006-ct\/\"]}]},{\"@type\":\"ImageObject\",\"inLanguage\":\"pl-PL\",\"@id\":\"https:\/\/fashiongold.lt\/pl\/papuosalas\/krzyzyk-z-zoltego-zlota-z-diamentami-006-ct\/#primaryimage\",\"url\":\"https:\/\/fashiongold.lt\/wp-content\/uploads\/2025\/10\/26014-650-Kryziukas-su-deimantais-Fashion-Gold.jpg\",\"contentUrl\":\"https:\/\/fashiongold.lt\/wp-content\/uploads\/2025\/10\/26014-650-Kryziukas-su-deimantais-Fashion-Gold.jpg\",\"width\":1000,\"height\":1000},{\"@type\":\"BreadcrumbList\",\"@id\":\"https:\/\/fashiongold.lt\/pl\/papuosalas\/krzyzyk-z-zoltego-zlota-z-diamentami-006-ct\/#breadcrumb\",\"itemListElement\":[{\"@type\":\"ListItem\",\"position\":1,\"name\":\"Home\",\"item\":\"https:\/\/fashiongold.lt\/pl\/\"},{\"@type\":\"ListItem\",\"position\":2,\"name\":\"Sklep z diamentami Fashiongold.lt\",\"item\":\"https:\/\/fashiongold.lt\/shop-2\/\"},{\"@type\":\"ListItem\",\"position\":3,\"name\":\"Krzy\u017cyk z \u017c\u00f3\u0142tego z\u0142ota z diamentami (0,06 ct)\"}]},{\"@type\":\"WebSite\",\"@id\":\"https:\/\/fashiongold.lt\/pl\/#website\",\"url\":\"https:\/\/fashiongold.lt\/pl\/\",\"name\":\"Fashion Gold\",\"description\":\"Juvelyrikos namai\",\"publisher\":{\"@id\":\"https:\/\/fashiongold.lt\/pl\/#organization\"},\"potentialAction\":[{\"@type\":\"SearchAction\",\"target\":{\"@type\":\"EntryPoint\",\"urlTemplate\":\"https:\/\/fashiongold.lt\/pl\/?s={search_term_string}\"},\"query-input\":{\"@type\":\"PropertyValueSpecification\",\"valueRequired\":true,\"valueName\":\"search_term_string\"}}],\"inLanguage\":\"pl-PL\"},{\"@type\":\"Organization\",\"@id\":\"https:\/\/fashiongold.lt\/pl\/#organization\",\"name\":\"Topdiamonds Online\",\"url\":\"https:\/\/fashiongold.lt\/pl\/\",\"logo\":{\"@type\":\"ImageObject\",\"inLanguage\":\"pl-PL\",\"@id\":\"https:\/\/fashiongold.lt\/pl\/#\/schema\/logo\/image\/\",\"url\":\"https:\/\/fashiongold.lt\/wp-content\/uploads\/2025\/04\/cropped-fashion_gold_logotipas2-scaled-1.png\",\"contentUrl\":\"https:\/\/fashiongold.lt\/wp-content\/uploads\/2025\/04\/cropped-fashion_gold_logotipas2-scaled-1.png\",\"width\":2559,\"height\":421,\"caption\":\"Topdiamonds Online\"},\"image\":{\"@id\":\"https:\/\/fashiongold.lt\/pl\/#\/schema\/logo\/image\/\"}}]}<\/script>\n<!-- \/ Yoast SEO plugin. -->","yoast_head_json":{"title":"Krzy\u017cyk z \u017c\u00f3\u0142tego z\u0142ota z diamentami (0,06 ct)","description":"Zawieszka z \u017c\u00f3\u0142tego z\u0142ota z diamentami \u2013 Krzy\u017cyk. Elegancja, symbolika i subtelny luksus w jednej bi\u017cuterii na co dzie\u0144 oraz na wyj\u0105tkowe okazje.","robots":{"index":"index","follow":"follow","max-snippet":"max-snippet:-1","max-image-preview":"max-image-preview:large","max-video-preview":"max-video-preview:-1"},"canonical":"https:\/\/fashiongold.lt\/pl\/papuosalas\/krzyzyk-z-zoltego-zlota-z-diamentami-006-ct\/","og_locale":"pl_PL","og_type":"article","og_title":"Krzy\u017cyk z \u017c\u00f3\u0142tego z\u0142ota z diamentami (0,06 ct)","og_description":"Zawieszka z \u017c\u00f3\u0142tego z\u0142ota z diamentami \u2013 Krzy\u017cyk. Elegancja, symbolika i subtelny luksus w jednej bi\u017cuterii na co dzie\u0144 oraz na wyj\u0105tkowe okazje.","og_url":"https:\/\/fashiongold.lt\/pl\/papuosalas\/krzyzyk-z-zoltego-zlota-z-diamentami-006-ct\/","og_site_name":"FashionGold.lt","article_modified_time":"2026-02-11T20:42:13+00:00","og_image":[{"width":1000,"height":1000,"url":"https:\/\/fashiongold.lt\/wp-content\/uploads\/2025\/10\/26014-650-Kryziukas-su-deimantais-Fashion-Gold.webp","type":"image\/jpeg"}],"twitter_card":"summary_large_image","twitter_misc":{"Szacowany czas czytania":"1 minuta"},"schema":{"@context":"https:\/\/schema.org","@graph":[{"@type":"WebPage","@id":"https:\/\/fashiongold.lt\/pl\/papuosalas\/krzyzyk-z-zoltego-zlota-z-diamentami-006-ct\/","url":"https:\/\/fashiongold.lt\/pl\/papuosalas\/krzyzyk-z-zoltego-zlota-z-diamentami-006-ct\/","name":"Krzy\u017cyk z \u017c\u00f3\u0142tego z\u0142ota z diamentami (0,06 ct)","isPartOf":{"@id":"https:\/\/fashiongold.lt\/pl\/#website"},"primaryImageOfPage":{"@id":"https:\/\/fashiongold.lt\/pl\/papuosalas\/krzyzyk-z-zoltego-zlota-z-diamentami-006-ct\/#primaryimage"},"image":{"@id":"https:\/\/fashiongold.lt\/pl\/papuosalas\/krzyzyk-z-zoltego-zlota-z-diamentami-006-ct\/#primaryimage"},"thumbnailUrl":"https:\/\/fashiongold.lt\/wp-content\/uploads\/2025\/10\/26014-650-Kryziukas-su-deimantais-Fashion-Gold.jpg","datePublished":"2025-10-17T11:06:20+00:00","dateModified":"2026-02-11T20:42:13+00:00","description":"Zawieszka z \u017c\u00f3\u0142tego z\u0142ota z diamentami \u2013 Krzy\u017cyk. Elegancja, symbolika i subtelny luksus w jednej bi\u017cuterii na co dzie\u0144 oraz na wyj\u0105tkowe okazje.","breadcrumb":{"@id":"https:\/\/fashiongold.lt\/pl\/papuosalas\/krzyzyk-z-zoltego-zlota-z-diamentami-006-ct\/#breadcrumb"},"inLanguage":"pl-PL","potentialAction":[{"@type":"ReadAction","target":["https:\/\/fashiongold.lt\/pl\/papuosalas\/krzyzyk-z-zoltego-zlota-z-diamentami-006-ct\/"]}]},{"@type":"ImageObject","inLanguage":"pl-PL","@id":"https:\/\/fashiongold.lt\/pl\/papuosalas\/krzyzyk-z-zoltego-zlota-z-diamentami-006-ct\/#primaryimage","url":"https:\/\/fashiongold.lt\/wp-content\/uploads\/2025\/10\/26014-650-Kryziukas-su-deimantais-Fashion-Gold.jpg","contentUrl":"https:\/\/fashiongold.lt\/wp-content\/uploads\/2025\/10\/26014-650-Kryziukas-su-deimantais-Fashion-Gold.jpg","width":1000,"height":1000},{"@type":"BreadcrumbList","@id":"https:\/\/fashiongold.lt\/pl\/papuosalas\/krzyzyk-z-zoltego-zlota-z-diamentami-006-ct\/#breadcrumb","itemListElement":[{"@type":"ListItem","position":1,"name":"Home","item":"https:\/\/fashiongold.lt\/pl\/"},{"@type":"ListItem","position":2,"name":"Sklep z diamentami Fashiongold.lt","item":"https:\/\/fashiongold.lt\/shop-2\/"},{"@type":"ListItem","position":3,"name":"Krzy\u017cyk z \u017c\u00f3\u0142tego z\u0142ota z diamentami (0,06 ct)"}]},{"@type":"WebSite","@id":"https:\/\/fashiongold.lt\/pl\/#website","url":"https:\/\/fashiongold.lt\/pl\/","name":"Fashion Gold","description":"Juvelyrikos namai","publisher":{"@id":"https:\/\/fashiongold.lt\/pl\/#organization"},"potentialAction":[{"@type":"SearchAction","target":{"@type":"EntryPoint","urlTemplate":"https:\/\/fashiongold.lt\/pl\/?s={search_term_string}"},"query-input":{"@type":"PropertyValueSpecification","valueRequired":true,"valueName":"search_term_string"}}],"inLanguage":"pl-PL"},{"@type":"Organization","@id":"https:\/\/fashiongold.lt\/pl\/#organization","name":"Topdiamonds Online","url":"https:\/\/fashiongold.lt\/pl\/","logo":{"@type":"ImageObject","inLanguage":"pl-PL","@id":"https:\/\/fashiongold.lt\/pl\/#\/schema\/logo\/image\/","url":"https:\/\/fashiongold.lt\/wp-content\/uploads\/2025\/04\/cropped-fashion_gold_logotipas2-scaled-1.png","contentUrl":"https:\/\/fashiongold.lt\/wp-content\/uploads\/2025\/04\/cropped-fashion_gold_logotipas2-scaled-1.png","width":2559,"height":421,"caption":"Topdiamonds Online"},"image":{"@id":"https:\/\/fashiongold.lt\/pl\/#\/schema\/logo\/image\/"}}]}},"_links":{"self":[{"href":"https:\/\/fashiongold.lt\/pl\/wp-json\/wp\/v2\/product\/280355","targetHints":{"allow":["GET"]}}],"collection":[{"href":"https:\/\/fashiongold.lt\/pl\/wp-json\/wp\/v2\/product"}],"about":[{"href":"https:\/\/fashiongold.lt\/pl\/wp-json\/wp\/v2\/types\/product"}],"version-history":[{"count":0,"href":"https:\/\/fashiongold.lt\/pl\/wp-json\/wp\/v2\/product\/280355\/revisions"}],"wp:featuredmedia":[{"embeddable":true,"href":"https:\/\/fashiongold.lt\/pl\/wp-json\/wp\/v2\/media\/231147"}],"wp:attachment":[{"href":"https:\/\/fashiongold.lt\/pl\/wp-json\/wp\/v2\/media?parent=280355"}],"wp:term":[{"taxonomy":"product_brand","embeddable":true,"href":"https:\/\/fashiongold.lt\/pl\/wp-json\/wp\/v2\/product_brand?post=280355"},{"taxonomy":"product_cat","embeddable":true,"href":"https:\/\/fashiongold.lt\/pl\/wp-json\/wp\/v2\/product_cat?post=280355"},{"taxonomy":"product_tag","embeddable":true,"href":"https:\/\/fashiongold.lt\/pl\/wp-json\/wp\/v2\/product_tag?post=280355"}],"curies":[{"name":"wp","href":"https:\/\/api.w.org\/{rel}","templated":true}]}}