{"id":280395,"date":"2025-10-17T10:58:32","date_gmt":"2025-10-17T10:58:32","guid":{"rendered":"https:\/\/fashiongold.lt\/papuosalas\/pierscionek-zareczynowy-z-rubinem-i-diamentami-0-80-ct\/"},"modified":"2026-02-11T20:40:36","modified_gmt":"2026-02-11T20:40:36","slug":"pierscionek-zareczynowy-z-rubinem-i-diamentami-0-80-ct","status":"publish","type":"product","link":"https:\/\/fashiongold.lt\/pl\/papuosalas\/pierscionek-zareczynowy-z-rubinem-i-diamentami-0-80-ct\/","title":{"rendered":"Pier\u015bcionek zar\u0119czynowy z rubinem i diamentami (0.80 ct)"},"content":{"rendered":"<h2>Wyj\u0105tkowy luksus \u2013 pier\u015bcionek zar\u0119czynowy typu Halo z rubinem i diamentami (0.80 ct)<\/h2>\n<h3>Pier\u015bcionek zar\u0119czynowy z czerwonego z\u0142ota z rubinem w centrum i otaczaj\u0105cymi go l\u015bni\u0105cymi naturalnymi diamentami to nowoczesny design Halo, kt\u00f3ry \u0142\u0105czy w sobie luksus, elegancj\u0119 i wyj\u0105tkow\u0105 symboliczn\u0105 moc kamienia, od dawna kojarzon\u0105 z mi\u0142o\u015bci\u0105, si\u0142\u0105 i rado\u015bci\u0105.<\/h3>\n<p>Wyprodukowano na Litwie, zgodnie z najwy\u017cszymi standardami jubilerskimi.<\/p>\n<p>\u2022 <strong><a href=\"https:\/\/fashiongold.lt\/pl\/patarimai-pl\/proba-zlota-w-bizuterii-jak-wybrac-odpowiednia\/\" target=\"_blank\" rel=\"noopener\">Metal pier\u015bcionka<\/a><\/strong>: 14K (pr\u00f3ba 585);<\/p>\n<p>\u2022 <strong><a href=\"https:\/\/fashiongold.lt\/pl\/patarimai-pl\/kolor-zlota-pierscionkow-zareczynowych-i-obraczek-slubnych-biale-rozowe-czy-zolte-zloto\/\" target=\"_blank\" rel=\"noopener\">Kolor pier\u015bcionka<\/a><\/strong>: czerwony;<\/p>\n<p>\u2022 <strong><a href=\"https:\/\/fashiongold.lt\/pl\/patarimai-pl\/pierscionki-z-diamentami-waga-zlota-w-pierscionku-i-waga-diamentow-w-karatach-jak-wybrac-odpowiedni-rekomendacje-jak-rozumiec-i-oceniac\/\" target=\"_blank\" rel=\"noopener\">Waga pier\u015bcionka<\/a><\/strong>: 3,17 g;<\/p>\n<p>\u2022 <strong><a href=\"https:\/\/fashiongold.lt\/pl\/patarimai-pl\/pierscionki-zareczynowe-tajemnica-idealnych-proporcji-dlaczego-niektore-pierscionki-z-diamentami-wygladaja-bardziej-luksusowo\/\" target=\"_blank\" rel=\"noopener\">Wymiary pier\u015bcionka<\/a><\/strong>: wysoko\u015b\u0107 korony ok. 8.5 mm, szeroko\u015b\u0107 obr\u0105czki ok. 3.6 mm;<\/p>\n<p>\u2022 <strong><a href=\"https:\/\/fashiongold.lt\/pl\/patarimai-pl\/strefa-komfortu-pierscionka-lub-wygoda-pierscionka\/\" target=\"_blank\" rel=\"noopener\">Strefa komfortu (soczewka)<\/a><\/strong>: tak;<\/p>\n<p>\u2022 <a href=\"https:\/\/fashiongold.lt\/brangakmeniu-tipai\/\" target=\"_blank\" rel=\"noopener\"><b>Rodzaje<\/b><strong> kamieni szlachetnych<\/strong><\/a>: Rubin i naturalne diamenty;<\/p>\n<p>\u2022 <a href=\"https:\/\/fashiongold.lt\/pl\/patarimai-pl\/diament-inne-ksztalty-diamentu\/\" target=\"_blank\" rel=\"noopener\"><b>Kszta\u0142t<\/b><strong> kamieni szlachetnych<\/strong><\/a>: Okr\u0105g\u0142y (Round cut);<\/p>\n<p>\u2022 <a href=\"https:\/\/fashiongold.lt\/pl\/patarimai-pl\/diament-jak-oceniany-jest-luksus-najcenniejszego-kamienia-szlachetnego\/\" target=\"_blank\" rel=\"noopener\"><b>Charakterystyka<\/b><strong> kamieni szlachetnych<\/strong><\/a>: diamenty 0.20 ct (0.005 x 40) na obr\u0105czce i w oprawie Halo, rubin 0.60 ct w centrum (kolor G-H (RW-W), czysto\u015b\u0107 SI);<\/p>\n<p>\u2022 <strong><a href=\"https:\/\/fashiongold.lt\/pl\/patarimai-pl\/diament-rubin-szafir-szmaragd-certyfikaty-kamieni-szlachetnych\/\" target=\"_blank\" rel=\"noopener\">Certyfikat<\/a><\/strong>: Litewska Izba Probiercza (LPR) \u2013 AB368473;<\/p>\n<p>\u2022 <strong><a href=\"https:\/\/fashiongold.lt\/pl\/patarimai-pl\/pierscionki-zareczynowe-czy-mozna-wygrawerowac-pierscionek-detale-ktore-nadaja-twojemu-pierscionkowi-zareczynowemu-indywidualnego-charakteru\/\" target=\"_blank\" rel=\"noopener\">Grawerowanie<\/a><\/strong> gratis;<\/p>\n<p>\u2022 Jednorazowa bezp\u0142atna <strong><a href=\"https:\/\/fashiongold.lt\/pl\/patarimai-pl\/pierscionki-zareczynowe-darmowa-korekta-rozmiaru-aby-pierscionek-pasowal-idealnie\/\" target=\"_blank\" rel=\"noopener\">gwarancja zmiany rozmiaru pier\u015bcionka<\/a><\/strong> (w miar\u0119 mo\u017cliwo\u015bci);<\/p>\n<p>\u2022 <strong><a href=\"https:\/\/fashiongold.lt\/pl\/dostawa-i-zwroty\/\" target=\"_blank\" rel=\"noopener\">Termin dostawy<\/a><\/strong>: 1-4 dni robocze.<\/p>\n","protected":false},"excerpt":{"rendered":"<p>Pier\u015bcionek zar\u0119czynowy typu halo z rubinem i naturalnymi diamentami to wyj\u0105tkowy wyb\u00f3r, \u0142\u0105cz\u0105cy nowoczesny design z symbolicznym znaczeniem kamieni. Rubin od dawna uwa\u017cany jest za talizman mi\u0142o\u015bci, rado\u015bci i si\u0142y, kt\u00f3ry chroni rodzin\u0119 i przyci\u0105ga szcz\u0119\u015bcie. Blask diament\u00f3w wok\u00f3\u0142 centrum podkre\u015bla urok rubinu, a ciep\u0142o czerwonego z\u0142ota nadaje pier\u015bcionkowi wyj\u0105tkowego charakteru.<\/p>\n","protected":false},"featured_media":231279,"template":"","meta":{"site-sidebar-layout":"default","site-content-layout":"","ast-site-content-layout":"default","site-content-style":"default","site-sidebar-style":"default","ast-global-header-display":"","ast-banner-title-visibility":"","ast-main-header-display":"","ast-hfb-above-header-display":"","ast-hfb-below-header-display":"","ast-hfb-mobile-header-display":"","site-post-title":"","ast-breadcrumbs-content":"","ast-featured-img":"","footer-sml-layout":"","ast-disable-related-posts":"","theme-transparent-header-meta":"default","adv-header-id-meta":"","stick-header-meta":"","header-above-stick-meta":"","header-main-stick-meta":"","header-below-stick-meta":"","astra-migrate-meta-layouts":"default","ast-page-background-enabled":"default","ast-page-background-meta":{"desktop":{"background-color":"var(--ast-global-color-4)","background-image":"","background-repeat":"repeat","background-position":"center center","background-size":"auto","background-attachment":"scroll","background-type":"","background-media":"","overlay-type":"","overlay-color":"","overlay-opacity":"","overlay-gradient":""},"tablet":{"background-color":"","background-image":"","background-repeat":"repeat","background-position":"center center","background-size":"auto","background-attachment":"scroll","background-type":"","background-media":"","overlay-type":"","overlay-color":"","overlay-opacity":"","overlay-gradient":""},"mobile":{"background-color":"","background-image":"","background-repeat":"repeat","background-position":"center center","background-size":"auto","background-attachment":"scroll","background-type":"","background-media":"","overlay-type":"","overlay-color":"","overlay-opacity":"","overlay-gradient":""}},"ast-content-background-meta":{"desktop":{"background-color":"var(--ast-global-color-5)","background-image":"","background-repeat":"repeat","background-position":"center center","background-size":"auto","background-attachment":"scroll","background-type":"","background-media":"","overlay-type":"","overlay-color":"","overlay-opacity":"","overlay-gradient":""},"tablet":{"background-color":"var(--ast-global-color-5)","background-image":"","background-repeat":"repeat","background-position":"center center","background-size":"auto","background-attachment":"scroll","background-type":"","background-media":"","overlay-type":"","overlay-color":"","overlay-opacity":"","overlay-gradient":""},"mobile":{"background-color":"var(--ast-global-color-5)","background-image":"","background-repeat":"repeat","background-position":"center center","background-size":"auto","background-attachment":"scroll","background-type":"","background-media":"","overlay-type":"","overlay-color":"","overlay-opacity":"","overlay-gradient":""}}},"product_brand":[],"product_cat":[3056,3351,3232,3349,3371,3240],"product_tag":[],"class_list":{"0":"post-280395","1":"product","2":"type-product","3":"status-publish","4":"has-post-thumbnail","6":"product_cat-bizuteria-z-czerwonymi-kamieniami-szlachetnymi","7":"product_cat-czerwony-kamien-szlachetny","8":"product_cat-pierscionki-zareczynowe","9":"product_cat-rubin-bizuteria-z-rubinami","10":"product_cat-sklep-z-diamentami-mamy-na-miejscu","11":"product_cat-top-pierscionki-zareczynowe","12":"desktop-align-center","13":"tablet-align-left","14":"mobile-align-left","15":"ast-product-gallery-layout-horizontal-slider","16":"ast-product-single-variable","17":"ast-product-tabs-layout-accordion","18":"ast-qv-on-image","20":"first","21":"instock","22":"taxable","23":"shipping-taxable","24":"purchasable","25":"product-type-variable"},"yoast_head":"<!-- This site is optimized with the Yoast SEO plugin v26.6 - https:\/\/yoast.com\/wordpress\/plugins\/seo\/ -->\n<title>Pier\u015bcionek zar\u0119czynowy z rubinem i diamentami (0.80 ct)<\/title>\n<meta name=\"description\" content=\"Pier\u015bcionek zar\u0119czynowy typu Halo z r\u00f3\u017cowego z\u0142ota z rubinem i diamentami. Luksusowy, wyj\u0105tkowy design, intensywny kolor i wyj\u0105tkowa symbolika.\" \/>\n<meta name=\"robots\" content=\"index, follow, max-snippet:-1, max-image-preview:large, max-video-preview:-1\" \/>\n<link rel=\"canonical\" href=\"https:\/\/fashiongold.lt\/pl\/papuosalas\/pierscionek-zareczynowy-z-rubinem-i-diamentami-0-80-ct\/\" \/>\n<meta property=\"og:locale\" content=\"pl_PL\" \/>\n<meta property=\"og:type\" content=\"article\" \/>\n<meta property=\"og:title\" content=\"Pier\u015bcionek zar\u0119czynowy z rubinem i diamentami (0.80 ct)\" \/>\n<meta property=\"og:description\" content=\"Pier\u015bcionek zar\u0119czynowy typu Halo z r\u00f3\u017cowego z\u0142ota z rubinem i diamentami. Luksusowy, wyj\u0105tkowy design, intensywny kolor i wyj\u0105tkowa symbolika.\" \/>\n<meta property=\"og:url\" content=\"https:\/\/fashiongold.lt\/pl\/papuosalas\/pierscionek-zareczynowy-z-rubinem-i-diamentami-0-80-ct\/\" \/>\n<meta property=\"og:site_name\" content=\"FashionGold.lt\" \/>\n<meta property=\"article:modified_time\" content=\"2026-02-11T20:40:36+00:00\" \/>\n<meta property=\"og:image\" content=\"https:\/\/fashiongold.lt\/wp-content\/uploads\/2025\/10\/087-halo-dizaino-modernus-raudono-aukso-suzadetuviu-ziedas-su-rubinu.webp\" \/>\n\t<meta property=\"og:image:width\" content=\"1000\" \/>\n\t<meta property=\"og:image:height\" content=\"1000\" \/>\n\t<meta property=\"og:image:type\" content=\"image\/jpeg\" \/>\n<meta name=\"twitter:card\" content=\"summary_large_image\" \/>\n<meta name=\"twitter:label1\" content=\"Szacowany czas czytania\" \/>\n\t<meta name=\"twitter:data1\" content=\"1 minuta\" \/>\n<script type=\"application\/ld+json\" class=\"yoast-schema-graph\">{\"@context\":\"https:\/\/schema.org\",\"@graph\":[{\"@type\":\"WebPage\",\"@id\":\"https:\/\/fashiongold.lt\/pl\/papuosalas\/pierscionek-zareczynowy-z-rubinem-i-diamentami-0-80-ct\/\",\"url\":\"https:\/\/fashiongold.lt\/pl\/papuosalas\/pierscionek-zareczynowy-z-rubinem-i-diamentami-0-80-ct\/\",\"name\":\"Pier\u015bcionek zar\u0119czynowy z rubinem i diamentami (0.80 ct)\",\"isPartOf\":{\"@id\":\"https:\/\/fashiongold.lt\/pl\/#website\"},\"primaryImageOfPage\":{\"@id\":\"https:\/\/fashiongold.lt\/pl\/papuosalas\/pierscionek-zareczynowy-z-rubinem-i-diamentami-0-80-ct\/#primaryimage\"},\"image\":{\"@id\":\"https:\/\/fashiongold.lt\/pl\/papuosalas\/pierscionek-zareczynowy-z-rubinem-i-diamentami-0-80-ct\/#primaryimage\"},\"thumbnailUrl\":\"https:\/\/fashiongold.lt\/wp-content\/uploads\/2025\/10\/087-halo-dizaino-modernus-raudono-aukso-suzadetuviu-ziedas-su-rubinu.jpg\",\"datePublished\":\"2025-10-17T10:58:32+00:00\",\"dateModified\":\"2026-02-11T20:40:36+00:00\",\"description\":\"Pier\u015bcionek zar\u0119czynowy typu Halo z r\u00f3\u017cowego z\u0142ota z rubinem i diamentami. Luksusowy, wyj\u0105tkowy design, intensywny kolor i wyj\u0105tkowa symbolika.\",\"breadcrumb\":{\"@id\":\"https:\/\/fashiongold.lt\/pl\/papuosalas\/pierscionek-zareczynowy-z-rubinem-i-diamentami-0-80-ct\/#breadcrumb\"},\"inLanguage\":\"pl-PL\",\"potentialAction\":[{\"@type\":\"ReadAction\",\"target\":[\"https:\/\/fashiongold.lt\/pl\/papuosalas\/pierscionek-zareczynowy-z-rubinem-i-diamentami-0-80-ct\/\"]}]},{\"@type\":\"ImageObject\",\"inLanguage\":\"pl-PL\",\"@id\":\"https:\/\/fashiongold.lt\/pl\/papuosalas\/pierscionek-zareczynowy-z-rubinem-i-diamentami-0-80-ct\/#primaryimage\",\"url\":\"https:\/\/fashiongold.lt\/wp-content\/uploads\/2025\/10\/087-halo-dizaino-modernus-raudono-aukso-suzadetuviu-ziedas-su-rubinu.jpg\",\"contentUrl\":\"https:\/\/fashiongold.lt\/wp-content\/uploads\/2025\/10\/087-halo-dizaino-modernus-raudono-aukso-suzadetuviu-ziedas-su-rubinu.jpg\",\"width\":1000,\"height\":1000},{\"@type\":\"BreadcrumbList\",\"@id\":\"https:\/\/fashiongold.lt\/pl\/papuosalas\/pierscionek-zareczynowy-z-rubinem-i-diamentami-0-80-ct\/#breadcrumb\",\"itemListElement\":[{\"@type\":\"ListItem\",\"position\":1,\"name\":\"Home\",\"item\":\"https:\/\/fashiongold.lt\/pl\/\"},{\"@type\":\"ListItem\",\"position\":2,\"name\":\"Sklep z diamentami Fashiongold.lt\",\"item\":\"https:\/\/fashiongold.lt\/shop-2\/\"},{\"@type\":\"ListItem\",\"position\":3,\"name\":\"Pier\u015bcionek zar\u0119czynowy z rubinem i diamentami (0.80 ct)\"}]},{\"@type\":\"WebSite\",\"@id\":\"https:\/\/fashiongold.lt\/pl\/#website\",\"url\":\"https:\/\/fashiongold.lt\/pl\/\",\"name\":\"Fashion Gold\",\"description\":\"Juvelyrikos namai\",\"publisher\":{\"@id\":\"https:\/\/fashiongold.lt\/pl\/#organization\"},\"potentialAction\":[{\"@type\":\"SearchAction\",\"target\":{\"@type\":\"EntryPoint\",\"urlTemplate\":\"https:\/\/fashiongold.lt\/pl\/?s={search_term_string}\"},\"query-input\":{\"@type\":\"PropertyValueSpecification\",\"valueRequired\":true,\"valueName\":\"search_term_string\"}}],\"inLanguage\":\"pl-PL\"},{\"@type\":\"Organization\",\"@id\":\"https:\/\/fashiongold.lt\/pl\/#organization\",\"name\":\"Topdiamonds Online\",\"url\":\"https:\/\/fashiongold.lt\/pl\/\",\"logo\":{\"@type\":\"ImageObject\",\"inLanguage\":\"pl-PL\",\"@id\":\"https:\/\/fashiongold.lt\/pl\/#\/schema\/logo\/image\/\",\"url\":\"https:\/\/fashiongold.lt\/wp-content\/uploads\/2025\/04\/cropped-fashion_gold_logotipas2-scaled-1.png\",\"contentUrl\":\"https:\/\/fashiongold.lt\/wp-content\/uploads\/2025\/04\/cropped-fashion_gold_logotipas2-scaled-1.png\",\"width\":2559,\"height\":421,\"caption\":\"Topdiamonds Online\"},\"image\":{\"@id\":\"https:\/\/fashiongold.lt\/pl\/#\/schema\/logo\/image\/\"}}]}<\/script>\n<!-- \/ Yoast SEO plugin. -->","yoast_head_json":{"title":"Pier\u015bcionek zar\u0119czynowy z rubinem i diamentami (0.80 ct)","description":"Pier\u015bcionek zar\u0119czynowy typu Halo z r\u00f3\u017cowego z\u0142ota z rubinem i diamentami. Luksusowy, wyj\u0105tkowy design, intensywny kolor i wyj\u0105tkowa symbolika.","robots":{"index":"index","follow":"follow","max-snippet":"max-snippet:-1","max-image-preview":"max-image-preview:large","max-video-preview":"max-video-preview:-1"},"canonical":"https:\/\/fashiongold.lt\/pl\/papuosalas\/pierscionek-zareczynowy-z-rubinem-i-diamentami-0-80-ct\/","og_locale":"pl_PL","og_type":"article","og_title":"Pier\u015bcionek zar\u0119czynowy z rubinem i diamentami (0.80 ct)","og_description":"Pier\u015bcionek zar\u0119czynowy typu Halo z r\u00f3\u017cowego z\u0142ota z rubinem i diamentami. Luksusowy, wyj\u0105tkowy design, intensywny kolor i wyj\u0105tkowa symbolika.","og_url":"https:\/\/fashiongold.lt\/pl\/papuosalas\/pierscionek-zareczynowy-z-rubinem-i-diamentami-0-80-ct\/","og_site_name":"FashionGold.lt","article_modified_time":"2026-02-11T20:40:36+00:00","og_image":[{"width":1000,"height":1000,"url":"https:\/\/fashiongold.lt\/wp-content\/uploads\/2025\/10\/087-halo-dizaino-modernus-raudono-aukso-suzadetuviu-ziedas-su-rubinu.webp","type":"image\/jpeg"}],"twitter_card":"summary_large_image","twitter_misc":{"Szacowany czas czytania":"1 minuta"},"schema":{"@context":"https:\/\/schema.org","@graph":[{"@type":"WebPage","@id":"https:\/\/fashiongold.lt\/pl\/papuosalas\/pierscionek-zareczynowy-z-rubinem-i-diamentami-0-80-ct\/","url":"https:\/\/fashiongold.lt\/pl\/papuosalas\/pierscionek-zareczynowy-z-rubinem-i-diamentami-0-80-ct\/","name":"Pier\u015bcionek zar\u0119czynowy z rubinem i diamentami (0.80 ct)","isPartOf":{"@id":"https:\/\/fashiongold.lt\/pl\/#website"},"primaryImageOfPage":{"@id":"https:\/\/fashiongold.lt\/pl\/papuosalas\/pierscionek-zareczynowy-z-rubinem-i-diamentami-0-80-ct\/#primaryimage"},"image":{"@id":"https:\/\/fashiongold.lt\/pl\/papuosalas\/pierscionek-zareczynowy-z-rubinem-i-diamentami-0-80-ct\/#primaryimage"},"thumbnailUrl":"https:\/\/fashiongold.lt\/wp-content\/uploads\/2025\/10\/087-halo-dizaino-modernus-raudono-aukso-suzadetuviu-ziedas-su-rubinu.jpg","datePublished":"2025-10-17T10:58:32+00:00","dateModified":"2026-02-11T20:40:36+00:00","description":"Pier\u015bcionek zar\u0119czynowy typu Halo z r\u00f3\u017cowego z\u0142ota z rubinem i diamentami. Luksusowy, wyj\u0105tkowy design, intensywny kolor i wyj\u0105tkowa symbolika.","breadcrumb":{"@id":"https:\/\/fashiongold.lt\/pl\/papuosalas\/pierscionek-zareczynowy-z-rubinem-i-diamentami-0-80-ct\/#breadcrumb"},"inLanguage":"pl-PL","potentialAction":[{"@type":"ReadAction","target":["https:\/\/fashiongold.lt\/pl\/papuosalas\/pierscionek-zareczynowy-z-rubinem-i-diamentami-0-80-ct\/"]}]},{"@type":"ImageObject","inLanguage":"pl-PL","@id":"https:\/\/fashiongold.lt\/pl\/papuosalas\/pierscionek-zareczynowy-z-rubinem-i-diamentami-0-80-ct\/#primaryimage","url":"https:\/\/fashiongold.lt\/wp-content\/uploads\/2025\/10\/087-halo-dizaino-modernus-raudono-aukso-suzadetuviu-ziedas-su-rubinu.jpg","contentUrl":"https:\/\/fashiongold.lt\/wp-content\/uploads\/2025\/10\/087-halo-dizaino-modernus-raudono-aukso-suzadetuviu-ziedas-su-rubinu.jpg","width":1000,"height":1000},{"@type":"BreadcrumbList","@id":"https:\/\/fashiongold.lt\/pl\/papuosalas\/pierscionek-zareczynowy-z-rubinem-i-diamentami-0-80-ct\/#breadcrumb","itemListElement":[{"@type":"ListItem","position":1,"name":"Home","item":"https:\/\/fashiongold.lt\/pl\/"},{"@type":"ListItem","position":2,"name":"Sklep z diamentami Fashiongold.lt","item":"https:\/\/fashiongold.lt\/shop-2\/"},{"@type":"ListItem","position":3,"name":"Pier\u015bcionek zar\u0119czynowy z rubinem i diamentami (0.80 ct)"}]},{"@type":"WebSite","@id":"https:\/\/fashiongold.lt\/pl\/#website","url":"https:\/\/fashiongold.lt\/pl\/","name":"Fashion Gold","description":"Juvelyrikos namai","publisher":{"@id":"https:\/\/fashiongold.lt\/pl\/#organization"},"potentialAction":[{"@type":"SearchAction","target":{"@type":"EntryPoint","urlTemplate":"https:\/\/fashiongold.lt\/pl\/?s={search_term_string}"},"query-input":{"@type":"PropertyValueSpecification","valueRequired":true,"valueName":"search_term_string"}}],"inLanguage":"pl-PL"},{"@type":"Organization","@id":"https:\/\/fashiongold.lt\/pl\/#organization","name":"Topdiamonds Online","url":"https:\/\/fashiongold.lt\/pl\/","logo":{"@type":"ImageObject","inLanguage":"pl-PL","@id":"https:\/\/fashiongold.lt\/pl\/#\/schema\/logo\/image\/","url":"https:\/\/fashiongold.lt\/wp-content\/uploads\/2025\/04\/cropped-fashion_gold_logotipas2-scaled-1.png","contentUrl":"https:\/\/fashiongold.lt\/wp-content\/uploads\/2025\/04\/cropped-fashion_gold_logotipas2-scaled-1.png","width":2559,"height":421,"caption":"Topdiamonds Online"},"image":{"@id":"https:\/\/fashiongold.lt\/pl\/#\/schema\/logo\/image\/"}}]}},"_links":{"self":[{"href":"https:\/\/fashiongold.lt\/pl\/wp-json\/wp\/v2\/product\/280395","targetHints":{"allow":["GET"]}}],"collection":[{"href":"https:\/\/fashiongold.lt\/pl\/wp-json\/wp\/v2\/product"}],"about":[{"href":"https:\/\/fashiongold.lt\/pl\/wp-json\/wp\/v2\/types\/product"}],"version-history":[{"count":0,"href":"https:\/\/fashiongold.lt\/pl\/wp-json\/wp\/v2\/product\/280395\/revisions"}],"wp:featuredmedia":[{"embeddable":true,"href":"https:\/\/fashiongold.lt\/pl\/wp-json\/wp\/v2\/media\/231279"}],"wp:attachment":[{"href":"https:\/\/fashiongold.lt\/pl\/wp-json\/wp\/v2\/media?parent=280395"}],"wp:term":[{"taxonomy":"product_brand","embeddable":true,"href":"https:\/\/fashiongold.lt\/pl\/wp-json\/wp\/v2\/product_brand?post=280395"},{"taxonomy":"product_cat","embeddable":true,"href":"https:\/\/fashiongold.lt\/pl\/wp-json\/wp\/v2\/product_cat?post=280395"},{"taxonomy":"product_tag","embeddable":true,"href":"https:\/\/fashiongold.lt\/pl\/wp-json\/wp\/v2\/product_tag?post=280395"}],"curies":[{"name":"wp","href":"https:\/\/api.w.org\/{rel}","templated":true}]}}