{"id":280811,"date":"2025-10-17T11:04:29","date_gmt":"2025-10-17T11:04:29","guid":{"rendered":"https:\/\/fashiongold.lt\/papuosalas\/zawieszka-z-bialego-zlota-z-diamentem-skrzydlo-0005-ct-2\/"},"modified":"2026-02-11T20:48:36","modified_gmt":"2026-02-11T20:48:36","slug":"zawieszka-z-bialego-zlota-z-diamentem-skrzydlo-0005-ct-2","status":"publish","type":"product","link":"https:\/\/fashiongold.lt\/pl\/papuosalas\/zawieszka-z-bialego-zlota-z-diamentem-skrzydlo-0005-ct-2\/","title":{"rendered":"Zawieszka z bia\u0142ego z\u0142ota z diamentem \u2013 Skrzyd\u0142o (0,005 ct)"},"content":{"rendered":"<h2>Ten wisior z diamentem z bia\u0142ego z\u0142ota (0,005 ct) to nowoczesne po\u0142\u0105czenie elegancji i znaczenia<\/h2>\n<h3>Minimalistyczny wisior w kszta\u0142cie skrzyd\u0142a, ozdobiony subtelnym diamentem, staje si\u0119 eleganckim akcentem stylizacji i znacz\u0105cym symbolem \u2013 inspiruje do odwagi, przypomina o wolno\u015bci i przynosi wewn\u0119trzny spok\u00f3j na co dzie\u0144 oraz na specjalne okazje.<\/h3>\n<p>Wyprodukowano na Litwie, zgodnie z najwy\u017cszymi standardami jubilerskimi.<\/p>\n<p>\u2022 <a href=\"https:\/\/fashiongold.lt\/pl\/patarimai-pl\/proba-zlota-dla-zawieszki-jak-wybrac-odpowiednia\/\" target=\"_blank\" rel=\"noopener\"><strong>Metal zawieszki<\/strong><\/a>: 14K (pr\u00f3ba 585);<\/p>\n<p>\u2022 <a href=\"https:\/\/fashiongold.lt\/pl\/patarimai-pl\/zawieszki-i-kolor-zlota-jak-wybrac-biale-czerwone-czy-zolte-zloto\/\" target=\"_blank\" rel=\"noopener\"><strong>Kolor z\u0142ota zawieszki<\/strong><\/a>: bia\u0142y;<\/p>\n<p>\u2022 <a href=\"https:\/\/fashiongold.lt\/pl\/patarimai-pl\/zawieszka-z-diamentem-jak-wybrac-wage-zlota-kolor-i-odpowiedni-lancuszek\/\" target=\"_blank\" rel=\"noopener\"><strong>Waga z\u0142ota zawieszki<\/strong><\/a>: 1,32 g;<\/p>\n<p>\u2022 <a href=\"https:\/\/fashiongold.lt\/pl\/patarimai-pl\/idealne-polaczenie-zawieszka-z-diamentem-i-odpowiednia-dlugosc-lancuszka\/\" target=\"_blank\" rel=\"noopener\"><strong>D\u0142ugo\u015b\u0107 \u0142a\u0144cuszka<\/strong><\/a>: 43-45 cm;<\/p>\n<p>\u2022 <strong><a href=\"https:\/\/fashiongold.lt\/pl\/patarimai-pl\/diament-naturalny-laboratoryjny-czy-sztuczny-jak-wybrac-wlasciwie\/\" target=\"_blank\" rel=\"noopener\">Rodzaj diamentu<\/a><\/strong>: naturalny diament;<\/p>\n<p>\u2022 <a href=\"https:\/\/fashiongold.lt\/pl\/patarimai-pl\/diament-inne-ksztalty-diamentu\/\" target=\"_blank\" rel=\"noopener\"><strong>Kszta\u0142t<\/strong><strong>\u00a0diamentu<\/strong><\/a>: okr\u0105g\u0142y (Round cut);<\/p>\n<p>\u2022 <a href=\"https:\/\/fashiongold.lt\/pl\/patarimai-pl\/diament-jak-oceniany-jest-luksus-najcenniejszego-kamienia-szlachetnego\/\" target=\"_blank\" rel=\"noopener\"><strong>Charakterystyka<\/strong><strong>\u00a0diamentu<\/strong><\/a>: diament 0.005 ct (czysto\u015b\u0107 SI, barwa W);<\/p>\n<p>\u2022 <strong><a href=\"https:\/\/fashiongold.lt\/pl\/patarimai-pl\/diament-rubin-szafir-szmaragd-certyfikaty-kamieni-szlachetnych\/\" target=\"_blank\" rel=\"noopener\">Certyfikat<\/a><\/strong>: Litewska Izba Probiercza (LPR) \u2013 AB363672;<\/p>\n<p>\u2022 Jednorazowa bezp\u0142atna <strong><a href=\"https:\/\/fashiongold.lt\/pl\/patarimai-pl\/zloty-lancuszek-bezplatna-zmiana-dlugosci-przy-zakupie-w-fashiongold-lt\/\">gwarancja zmiany d\u0142ugo\u015bci \u0142a\u0144cuszka<\/a><\/strong><\/p>\n<p>\u2022 <strong><a href=\"https:\/\/fashiongold.lt\/pl\/dostawa-i-zwroty\/\" target=\"_blank\" rel=\"noopener\">Termin dostawy<\/a><\/strong>: 1-4 dni robocze.<\/p>\n","protected":false},"excerpt":{"rendered":"<p>Ta zawieszka z bia\u0142ego z\u0142ota z diamentem zosta\u0142a stworzona dla os\u00f3b ceni\u0105cych subteln\u0105 symbolik\u0119 i nowoczesny styl. Kszta\u0142t skrzyd\u0142a przypomina o wolno\u015bci wyboru, podr\u00f3\u017cach i marzeniach, a niewielki diament dodaje eleganckiego blasku. To minimalistyczna, lecz wyrazista bi\u017cuteria, pasuj\u0105ca do ka\u017cdej stylizacji i doskonale podkre\u015blaj\u0105ca indywidualno\u015b\u0107 w\u0142a\u015bciciela.<\/p>\n","protected":false},"featured_media":54748,"template":"","meta":{"site-sidebar-layout":"default","site-content-layout":"","ast-site-content-layout":"default","site-content-style":"default","site-sidebar-style":"default","ast-global-header-display":"","ast-banner-title-visibility":"","ast-main-header-display":"","ast-hfb-above-header-display":"","ast-hfb-below-header-display":"","ast-hfb-mobile-header-display":"","site-post-title":"","ast-breadcrumbs-content":"","ast-featured-img":"","footer-sml-layout":"","ast-disable-related-posts":"","theme-transparent-header-meta":"default","adv-header-id-meta":"","stick-header-meta":"","header-above-stick-meta":"","header-main-stick-meta":"","header-below-stick-meta":"","astra-migrate-meta-layouts":"default","ast-page-background-enabled":"default","ast-page-background-meta":{"desktop":{"background-color":"var(--ast-global-color-4)","background-image":"","background-repeat":"repeat","background-position":"center center","background-size":"auto","background-attachment":"scroll","background-type":"","background-media":"","overlay-type":"","overlay-color":"","overlay-opacity":"","overlay-gradient":""},"tablet":{"background-color":"","background-image":"","background-repeat":"repeat","background-position":"center center","background-size":"auto","background-attachment":"scroll","background-type":"","background-media":"","overlay-type":"","overlay-color":"","overlay-opacity":"","overlay-gradient":""},"mobile":{"background-color":"","background-image":"","background-repeat":"repeat","background-position":"center center","background-size":"auto","background-attachment":"scroll","background-type":"","background-media":"","overlay-type":"","overlay-color":"","overlay-opacity":"","overlay-gradient":""}},"ast-content-background-meta":{"desktop":{"background-color":"var(--ast-global-color-5)","background-image":"","background-repeat":"repeat","background-position":"center center","background-size":"auto","background-attachment":"scroll","background-type":"","background-media":"","overlay-type":"","overlay-color":"","overlay-opacity":"","overlay-gradient":""},"tablet":{"background-color":"var(--ast-global-color-5)","background-image":"","background-repeat":"repeat","background-position":"center center","background-size":"auto","background-attachment":"scroll","background-type":"","background-media":"","overlay-type":"","overlay-color":"","overlay-opacity":"","overlay-gradient":""},"mobile":{"background-color":"var(--ast-global-color-5)","background-image":"","background-repeat":"repeat","background-position":"center center","background-size":"auto","background-attachment":"scroll","background-type":"","background-media":"","overlay-type":"","overlay-color":"","overlay-opacity":"","overlay-gradient":""}}},"product_brand":[],"product_cat":[3044,2858,3262,3260,3353,3263,3166,2853,2856,3165,2875,2876,2860,2857,2854,2855,3169,2859,2852,3051,3261,3035],"product_tag":[],"class_list":{"0":"post-280811","1":"product","2":"type-product","3":"status-publish","4":"has-post-thumbnail","6":"product_cat-bizuteria","7":"product_cat-bizuteria-z-bialego-zlota","8":"product_cat-lancuszek-meski","9":"product_cat-lancuszek-na-chrzest","10":"product_cat-lancuszek-z-diamentem","11":"product_cat-lancuszki-z-diamentami","12":"product_cat-prezent-z-okazji-pierwszej-komunii-swietej","13":"product_cat-prezenty-dla-kobiet","14":"product_cat-prezenty-dla-mezczyzn","15":"product_cat-prezenty-na-chrzest","16":"product_cat-prezenty-na-dzien-matki","17":"product_cat-prezenty-na-walentynki","18":"product_cat-prezenty-na-wyjatkowe-okazje","19":"product_cat-prezenty-swiateczne","20":"product_cat-prezenty-z-okazji-narodzin-dziecka","21":"product_cat-prezenty-z-okazji-rocznicy-slubu","22":"product_cat-prezenty-z-okazji-slubu","23":"product_cat-prezenty-z-okazji-ukonczenia-szkoly","24":"product_cat-prezenty-z-okazji-urodzin","25":"product_cat-zawieszki-z-diamentami","26":"product_cat-zloty-lancuszek-dla-dziewczynek","27":"product_cat-zloty-lancuszek-z-zawieszka-wedlug-horoskopu","28":"desktop-align-center","29":"tablet-align-left","30":"mobile-align-left","31":"ast-product-gallery-layout-horizontal-slider","32":"ast-product-single-variable","33":"ast-product-tabs-layout-accordion","34":"ast-qv-on-image","36":"first","37":"instock","38":"taxable","39":"shipping-taxable","40":"purchasable","41":"product-type-variable"},"yoast_head":"<!-- This site is optimized with the Yoast SEO plugin v26.6 - https:\/\/yoast.com\/wordpress\/plugins\/seo\/ -->\n<title>Zawieszka z bia\u0142ego z\u0142ota z diamentem - Skrzyd\u0142o (0,005 ct)<\/title>\n<meta name=\"description\" content=\"Wisiorek z bia\u0142ego z\u0142ota z diamentem w ma\u0142ym skrzyde\u0142ku. Minimalistyczny design i symboliczna forma, przypominaj\u0105ca wolno\u015b\u0107 oraz elegancj\u0119.\" \/>\n<meta name=\"robots\" content=\"index, follow, max-snippet:-1, max-image-preview:large, max-video-preview:-1\" \/>\n<link rel=\"canonical\" href=\"https:\/\/fashiongold.lt\/pl\/papuosalas\/zawieszka-z-bialego-zlota-z-diamentem-skrzydlo-0005-ct-2\/\" \/>\n<meta property=\"og:locale\" content=\"pl_PL\" \/>\n<meta property=\"og:type\" content=\"article\" \/>\n<meta property=\"og:title\" content=\"Zawieszka z bia\u0142ego z\u0142ota z diamentem - Skrzyd\u0142o (0,005 ct)\" \/>\n<meta property=\"og:description\" content=\"Wisiorek z bia\u0142ego z\u0142ota z diamentem w ma\u0142ym skrzyde\u0142ku. Minimalistyczny design i symboliczna forma, przypominaj\u0105ca wolno\u015b\u0107 oraz elegancj\u0119.\" \/>\n<meta property=\"og:url\" content=\"https:\/\/fashiongold.lt\/pl\/papuosalas\/zawieszka-z-bialego-zlota-z-diamentem-skrzydlo-0005-ct-2\/\" \/>\n<meta property=\"og:site_name\" content=\"FashionGold.lt\" \/>\n<meta property=\"article:modified_time\" content=\"2026-02-11T20:48:36+00:00\" \/>\n<meta property=\"og:image\" content=\"https:\/\/fashiongold.lt\/wp-content\/uploads\/2025\/10\/1742-496-Balto-aukso-pakabukas-Gyvenimo-sparnai-ir-grandinele.webp\" \/>\n\t<meta property=\"og:image:width\" content=\"1000\" \/>\n\t<meta property=\"og:image:height\" content=\"1000\" \/>\n\t<meta property=\"og:image:type\" content=\"image\/jpeg\" \/>\n<meta name=\"twitter:card\" content=\"summary_large_image\" \/>\n<meta name=\"twitter:label1\" content=\"Szacowany czas czytania\" \/>\n\t<meta name=\"twitter:data1\" content=\"1 minuta\" \/>\n<script type=\"application\/ld+json\" class=\"yoast-schema-graph\">{\"@context\":\"https:\/\/schema.org\",\"@graph\":[{\"@type\":\"WebPage\",\"@id\":\"https:\/\/fashiongold.lt\/pl\/papuosalas\/zawieszka-z-bialego-zlota-z-diamentem-skrzydlo-0005-ct-2\/\",\"url\":\"https:\/\/fashiongold.lt\/pl\/papuosalas\/zawieszka-z-bialego-zlota-z-diamentem-skrzydlo-0005-ct-2\/\",\"name\":\"Zawieszka z bia\u0142ego z\u0142ota z diamentem - Skrzyd\u0142o (0,005 ct)\",\"isPartOf\":{\"@id\":\"https:\/\/fashiongold.lt\/pl\/#website\"},\"primaryImageOfPage\":{\"@id\":\"https:\/\/fashiongold.lt\/pl\/papuosalas\/zawieszka-z-bialego-zlota-z-diamentem-skrzydlo-0005-ct-2\/#primaryimage\"},\"image\":{\"@id\":\"https:\/\/fashiongold.lt\/pl\/papuosalas\/zawieszka-z-bialego-zlota-z-diamentem-skrzydlo-0005-ct-2\/#primaryimage\"},\"thumbnailUrl\":\"https:\/\/fashiongold.lt\/wp-content\/uploads\/2025\/10\/1742-496-Balto-aukso-pakabukas-Gyvenimo-sparnai-ir-grandinele.jpg\",\"datePublished\":\"2025-10-17T11:04:29+00:00\",\"dateModified\":\"2026-02-11T20:48:36+00:00\",\"description\":\"Wisiorek z bia\u0142ego z\u0142ota z diamentem w ma\u0142ym skrzyde\u0142ku. Minimalistyczny design i symboliczna forma, przypominaj\u0105ca wolno\u015b\u0107 oraz elegancj\u0119.\",\"breadcrumb\":{\"@id\":\"https:\/\/fashiongold.lt\/pl\/papuosalas\/zawieszka-z-bialego-zlota-z-diamentem-skrzydlo-0005-ct-2\/#breadcrumb\"},\"inLanguage\":\"pl-PL\",\"potentialAction\":[{\"@type\":\"ReadAction\",\"target\":[\"https:\/\/fashiongold.lt\/pl\/papuosalas\/zawieszka-z-bialego-zlota-z-diamentem-skrzydlo-0005-ct-2\/\"]}]},{\"@type\":\"ImageObject\",\"inLanguage\":\"pl-PL\",\"@id\":\"https:\/\/fashiongold.lt\/pl\/papuosalas\/zawieszka-z-bialego-zlota-z-diamentem-skrzydlo-0005-ct-2\/#primaryimage\",\"url\":\"https:\/\/fashiongold.lt\/wp-content\/uploads\/2025\/10\/1742-496-Balto-aukso-pakabukas-Gyvenimo-sparnai-ir-grandinele.jpg\",\"contentUrl\":\"https:\/\/fashiongold.lt\/wp-content\/uploads\/2025\/10\/1742-496-Balto-aukso-pakabukas-Gyvenimo-sparnai-ir-grandinele.jpg\",\"width\":1000,\"height\":1000},{\"@type\":\"BreadcrumbList\",\"@id\":\"https:\/\/fashiongold.lt\/pl\/papuosalas\/zawieszka-z-bialego-zlota-z-diamentem-skrzydlo-0005-ct-2\/#breadcrumb\",\"itemListElement\":[{\"@type\":\"ListItem\",\"position\":1,\"name\":\"Home\",\"item\":\"https:\/\/fashiongold.lt\/pl\/\"},{\"@type\":\"ListItem\",\"position\":2,\"name\":\"Sklep z diamentami Fashiongold.lt\",\"item\":\"https:\/\/fashiongold.lt\/shop-2\/\"},{\"@type\":\"ListItem\",\"position\":3,\"name\":\"Zawieszka z bia\u0142ego z\u0142ota z diamentem \u2013 Skrzyd\u0142o (0,005 ct)\"}]},{\"@type\":\"WebSite\",\"@id\":\"https:\/\/fashiongold.lt\/pl\/#website\",\"url\":\"https:\/\/fashiongold.lt\/pl\/\",\"name\":\"Fashion Gold\",\"description\":\"Juvelyrikos namai\",\"publisher\":{\"@id\":\"https:\/\/fashiongold.lt\/pl\/#organization\"},\"potentialAction\":[{\"@type\":\"SearchAction\",\"target\":{\"@type\":\"EntryPoint\",\"urlTemplate\":\"https:\/\/fashiongold.lt\/pl\/?s={search_term_string}\"},\"query-input\":{\"@type\":\"PropertyValueSpecification\",\"valueRequired\":true,\"valueName\":\"search_term_string\"}}],\"inLanguage\":\"pl-PL\"},{\"@type\":\"Organization\",\"@id\":\"https:\/\/fashiongold.lt\/pl\/#organization\",\"name\":\"Topdiamonds Online\",\"url\":\"https:\/\/fashiongold.lt\/pl\/\",\"logo\":{\"@type\":\"ImageObject\",\"inLanguage\":\"pl-PL\",\"@id\":\"https:\/\/fashiongold.lt\/pl\/#\/schema\/logo\/image\/\",\"url\":\"https:\/\/fashiongold.lt\/wp-content\/uploads\/2025\/04\/cropped-fashion_gold_logotipas2-scaled-1.png\",\"contentUrl\":\"https:\/\/fashiongold.lt\/wp-content\/uploads\/2025\/04\/cropped-fashion_gold_logotipas2-scaled-1.png\",\"width\":2559,\"height\":421,\"caption\":\"Topdiamonds Online\"},\"image\":{\"@id\":\"https:\/\/fashiongold.lt\/pl\/#\/schema\/logo\/image\/\"}}]}<\/script>\n<!-- \/ Yoast SEO plugin. -->","yoast_head_json":{"title":"Zawieszka z bia\u0142ego z\u0142ota z diamentem - Skrzyd\u0142o (0,005 ct)","description":"Wisiorek z bia\u0142ego z\u0142ota z diamentem w ma\u0142ym skrzyde\u0142ku. Minimalistyczny design i symboliczna forma, przypominaj\u0105ca wolno\u015b\u0107 oraz elegancj\u0119.","robots":{"index":"index","follow":"follow","max-snippet":"max-snippet:-1","max-image-preview":"max-image-preview:large","max-video-preview":"max-video-preview:-1"},"canonical":"https:\/\/fashiongold.lt\/pl\/papuosalas\/zawieszka-z-bialego-zlota-z-diamentem-skrzydlo-0005-ct-2\/","og_locale":"pl_PL","og_type":"article","og_title":"Zawieszka z bia\u0142ego z\u0142ota z diamentem - Skrzyd\u0142o (0,005 ct)","og_description":"Wisiorek z bia\u0142ego z\u0142ota z diamentem w ma\u0142ym skrzyde\u0142ku. Minimalistyczny design i symboliczna forma, przypominaj\u0105ca wolno\u015b\u0107 oraz elegancj\u0119.","og_url":"https:\/\/fashiongold.lt\/pl\/papuosalas\/zawieszka-z-bialego-zlota-z-diamentem-skrzydlo-0005-ct-2\/","og_site_name":"FashionGold.lt","article_modified_time":"2026-02-11T20:48:36+00:00","og_image":[{"width":1000,"height":1000,"url":"https:\/\/fashiongold.lt\/wp-content\/uploads\/2025\/10\/1742-496-Balto-aukso-pakabukas-Gyvenimo-sparnai-ir-grandinele.webp","type":"image\/jpeg"}],"twitter_card":"summary_large_image","twitter_misc":{"Szacowany czas czytania":"1 minuta"},"schema":{"@context":"https:\/\/schema.org","@graph":[{"@type":"WebPage","@id":"https:\/\/fashiongold.lt\/pl\/papuosalas\/zawieszka-z-bialego-zlota-z-diamentem-skrzydlo-0005-ct-2\/","url":"https:\/\/fashiongold.lt\/pl\/papuosalas\/zawieszka-z-bialego-zlota-z-diamentem-skrzydlo-0005-ct-2\/","name":"Zawieszka z bia\u0142ego z\u0142ota z diamentem - Skrzyd\u0142o (0,005 ct)","isPartOf":{"@id":"https:\/\/fashiongold.lt\/pl\/#website"},"primaryImageOfPage":{"@id":"https:\/\/fashiongold.lt\/pl\/papuosalas\/zawieszka-z-bialego-zlota-z-diamentem-skrzydlo-0005-ct-2\/#primaryimage"},"image":{"@id":"https:\/\/fashiongold.lt\/pl\/papuosalas\/zawieszka-z-bialego-zlota-z-diamentem-skrzydlo-0005-ct-2\/#primaryimage"},"thumbnailUrl":"https:\/\/fashiongold.lt\/wp-content\/uploads\/2025\/10\/1742-496-Balto-aukso-pakabukas-Gyvenimo-sparnai-ir-grandinele.jpg","datePublished":"2025-10-17T11:04:29+00:00","dateModified":"2026-02-11T20:48:36+00:00","description":"Wisiorek z bia\u0142ego z\u0142ota z diamentem w ma\u0142ym skrzyde\u0142ku. Minimalistyczny design i symboliczna forma, przypominaj\u0105ca wolno\u015b\u0107 oraz elegancj\u0119.","breadcrumb":{"@id":"https:\/\/fashiongold.lt\/pl\/papuosalas\/zawieszka-z-bialego-zlota-z-diamentem-skrzydlo-0005-ct-2\/#breadcrumb"},"inLanguage":"pl-PL","potentialAction":[{"@type":"ReadAction","target":["https:\/\/fashiongold.lt\/pl\/papuosalas\/zawieszka-z-bialego-zlota-z-diamentem-skrzydlo-0005-ct-2\/"]}]},{"@type":"ImageObject","inLanguage":"pl-PL","@id":"https:\/\/fashiongold.lt\/pl\/papuosalas\/zawieszka-z-bialego-zlota-z-diamentem-skrzydlo-0005-ct-2\/#primaryimage","url":"https:\/\/fashiongold.lt\/wp-content\/uploads\/2025\/10\/1742-496-Balto-aukso-pakabukas-Gyvenimo-sparnai-ir-grandinele.jpg","contentUrl":"https:\/\/fashiongold.lt\/wp-content\/uploads\/2025\/10\/1742-496-Balto-aukso-pakabukas-Gyvenimo-sparnai-ir-grandinele.jpg","width":1000,"height":1000},{"@type":"BreadcrumbList","@id":"https:\/\/fashiongold.lt\/pl\/papuosalas\/zawieszka-z-bialego-zlota-z-diamentem-skrzydlo-0005-ct-2\/#breadcrumb","itemListElement":[{"@type":"ListItem","position":1,"name":"Home","item":"https:\/\/fashiongold.lt\/pl\/"},{"@type":"ListItem","position":2,"name":"Sklep z diamentami Fashiongold.lt","item":"https:\/\/fashiongold.lt\/shop-2\/"},{"@type":"ListItem","position":3,"name":"Zawieszka z bia\u0142ego z\u0142ota z diamentem \u2013 Skrzyd\u0142o (0,005 ct)"}]},{"@type":"WebSite","@id":"https:\/\/fashiongold.lt\/pl\/#website","url":"https:\/\/fashiongold.lt\/pl\/","name":"Fashion Gold","description":"Juvelyrikos namai","publisher":{"@id":"https:\/\/fashiongold.lt\/pl\/#organization"},"potentialAction":[{"@type":"SearchAction","target":{"@type":"EntryPoint","urlTemplate":"https:\/\/fashiongold.lt\/pl\/?s={search_term_string}"},"query-input":{"@type":"PropertyValueSpecification","valueRequired":true,"valueName":"search_term_string"}}],"inLanguage":"pl-PL"},{"@type":"Organization","@id":"https:\/\/fashiongold.lt\/pl\/#organization","name":"Topdiamonds Online","url":"https:\/\/fashiongold.lt\/pl\/","logo":{"@type":"ImageObject","inLanguage":"pl-PL","@id":"https:\/\/fashiongold.lt\/pl\/#\/schema\/logo\/image\/","url":"https:\/\/fashiongold.lt\/wp-content\/uploads\/2025\/04\/cropped-fashion_gold_logotipas2-scaled-1.png","contentUrl":"https:\/\/fashiongold.lt\/wp-content\/uploads\/2025\/04\/cropped-fashion_gold_logotipas2-scaled-1.png","width":2559,"height":421,"caption":"Topdiamonds Online"},"image":{"@id":"https:\/\/fashiongold.lt\/pl\/#\/schema\/logo\/image\/"}}]}},"_links":{"self":[{"href":"https:\/\/fashiongold.lt\/pl\/wp-json\/wp\/v2\/product\/280811","targetHints":{"allow":["GET"]}}],"collection":[{"href":"https:\/\/fashiongold.lt\/pl\/wp-json\/wp\/v2\/product"}],"about":[{"href":"https:\/\/fashiongold.lt\/pl\/wp-json\/wp\/v2\/types\/product"}],"version-history":[{"count":0,"href":"https:\/\/fashiongold.lt\/pl\/wp-json\/wp\/v2\/product\/280811\/revisions"}],"wp:featuredmedia":[{"embeddable":true,"href":"https:\/\/fashiongold.lt\/pl\/wp-json\/wp\/v2\/media\/54748"}],"wp:attachment":[{"href":"https:\/\/fashiongold.lt\/pl\/wp-json\/wp\/v2\/media?parent=280811"}],"wp:term":[{"taxonomy":"product_brand","embeddable":true,"href":"https:\/\/fashiongold.lt\/pl\/wp-json\/wp\/v2\/product_brand?post=280811"},{"taxonomy":"product_cat","embeddable":true,"href":"https:\/\/fashiongold.lt\/pl\/wp-json\/wp\/v2\/product_cat?post=280811"},{"taxonomy":"product_tag","embeddable":true,"href":"https:\/\/fashiongold.lt\/pl\/wp-json\/wp\/v2\/product_tag?post=280811"}],"curies":[{"name":"wp","href":"https:\/\/api.w.org\/{rel}","templated":true}]}}