{"id":281251,"date":"2025-10-16T15:30:05","date_gmt":"2025-10-16T15:30:05","guid":{"rendered":"https:\/\/fashiongold.lt\/papuosalas\/powiekszanie-lub-zmniejszanie-pierscionka-z-diamentem\/"},"modified":"2025-10-16T15:30:05","modified_gmt":"2025-10-16T15:30:05","slug":"powiekszanie-lub-zmniejszanie-pierscionka-z-diamentem","status":"publish","type":"product","link":"https:\/\/fashiongold.lt\/pl\/papuosalas\/powiekszanie-lub-zmniejszanie-pierscionka-z-diamentem\/","title":{"rendered":"Powi\u0119kszanie lub zmniejszanie pier\u015bcionka z diamentem"},"content":{"rendered":"<p>To \u0142atwe i wygodne:<\/p>\n<ol>\n<li>Odwied\u017a nas przy ul. Pam\u0117nkalnio 5 w Wilnie.<\/li>\n<li>Ustalimy, czy pier\u015bcionek mo\u017cna powi\u0119kszy\u0107 lub pomniejszy\u0107. (Dom jubilerski Fashion Gold zastrzega sobie prawo do odmowy przyj\u0119cia pier\u015bcionka, je\u015bli ze wzgl\u0119du na jego konstrukcj\u0119 itp. nie jest to mo\u017cliwe)<\/li>\n<li>Nasi profesjonalni pracownicy zmierz\u0105 rozmiar Twojego palca.<\/li>\n<li>Zmniejszymy lub powi\u0119kszymy Tw\u00f3j pier\u015bcionek do odpowiedniego rozmiaru.<\/li>\n<\/ol>\n<p>Czas trwania procesu \u2013 5-7 dni roboczych.\u00a0<\/p>\n<p><strong>Cena od 50 EUR. Ka\u017cdy pier\u015bcionek jest bardzo indywidualny, dlatego dok\u0142adn\u0105 cen\u0119 ustalamy na miejscu lub po ogl\u0119dzinach jubilera. Po ogl\u0119dzinach poinformujemy Ci\u0119 o cenie \u2013 wtedy rozpoczniemy proces.<\/strong><strong><\/strong><\/p>\n<p><strong><\/strong><\/p>\n","protected":false},"excerpt":{"rendered":"<p>Dom jubilerski Fashion Gold z przyjemno\u015bci\u0105 pomo\u017ce Pa\u0144stwu zmniejszy\u0107 lub powi\u0119kszy\u0107 pier\u015bcionek z jednym lub kilkoma diamentami.<strong><\/strong><\/p>\n","protected":false},"featured_media":215480,"template":"","meta":{"site-sidebar-layout":"","site-content-layout":"","ast-site-content-layout":"","site-content-style":"","site-sidebar-style":"","ast-global-header-display":"","ast-banner-title-visibility":"","ast-main-header-display":"","ast-hfb-above-header-display":"","ast-hfb-below-header-display":"","ast-hfb-mobile-header-display":"","site-post-title":"","ast-breadcrumbs-content":"","ast-featured-img":"","footer-sml-layout":"","ast-disable-related-posts":"","theme-transparent-header-meta":"","adv-header-id-meta":"","stick-header-meta":"","header-above-stick-meta":"","header-main-stick-meta":"","header-below-stick-meta":"","astra-migrate-meta-layouts":"default","ast-page-background-enabled":"default","ast-page-background-meta":{"desktop":{"background-color":"var(--ast-global-color-4)","background-image":"","background-repeat":"repeat","background-position":"center center","background-size":"auto","background-attachment":"scroll","background-type":"","background-media":"","overlay-type":"","overlay-color":"","overlay-opacity":"","overlay-gradient":""},"tablet":{"background-color":"","background-image":"","background-repeat":"repeat","background-position":"center center","background-size":"auto","background-attachment":"scroll","background-type":"","background-media":"","overlay-type":"","overlay-color":"","overlay-opacity":"","overlay-gradient":""},"mobile":{"background-color":"","background-image":"","background-repeat":"repeat","background-position":"center center","background-size":"auto","background-attachment":"scroll","background-type":"","background-media":"","overlay-type":"","overlay-color":"","overlay-opacity":"","overlay-gradient":""}},"ast-content-background-meta":{"desktop":{"background-color":"var(--ast-global-color-5)","background-image":"","background-repeat":"repeat","background-position":"center center","background-size":"auto","background-attachment":"scroll","background-type":"","background-media":"","overlay-type":"","overlay-color":"","overlay-opacity":"","overlay-gradient":""},"tablet":{"background-color":"var(--ast-global-color-5)","background-image":"","background-repeat":"repeat","background-position":"center center","background-size":"auto","background-attachment":"scroll","background-type":"","background-media":"","overlay-type":"","overlay-color":"","overlay-opacity":"","overlay-gradient":""},"mobile":{"background-color":"var(--ast-global-color-5)","background-image":"","background-repeat":"repeat","background-position":"center center","background-size":"auto","background-attachment":"scroll","background-type":"","background-media":"","overlay-type":"","overlay-color":"","overlay-opacity":"","overlay-gradient":""}}},"product_brand":[],"product_cat":[3755],"product_tag":[],"class_list":{"0":"post-281251","1":"product","2":"type-product","3":"status-publish","4":"has-post-thumbnail","6":"product_cat-naprawa-bizuterii","7":"desktop-align-center","8":"tablet-align-left","9":"mobile-align-left","10":"ast-product-gallery-layout-horizontal-slider","11":"ast-product-gallery-with-no-image","12":"ast-product-tabs-layout-accordion","13":"ast-qv-on-image","15":"first","16":"instock","17":"virtual","18":"taxable","19":"purchasable","20":"product-type-simple"},"yoast_head":"<!-- This site is optimized with the Yoast SEO plugin v26.6 - https:\/\/yoast.com\/wordpress\/plugins\/seo\/ -->\n<title>Powi\u0119kszanie lub zmniejszanie pier\u015bcionka z diamentem<\/title>\n<meta name=\"robots\" content=\"index, follow, max-snippet:-1, max-image-preview:large, max-video-preview:-1\" \/>\n<link rel=\"canonical\" href=\"https:\/\/fashiongold.lt\/pl\/papuosalas\/powiekszanie-lub-zmniejszanie-pierscionka-z-diamentem\/\" \/>\n<meta property=\"og:locale\" content=\"pl_PL\" \/>\n<meta property=\"og:type\" content=\"article\" \/>\n<meta property=\"og:title\" content=\"Powi\u0119kszanie lub zmniejszanie pier\u015bcionka z diamentem\" \/>\n<meta property=\"og:description\" content=\"Dom jubilerski Fashion Gold z przyjemno\u015bci\u0105 pomo\u017ce Pa\u0144stwu zmniejszy\u0107 lub powi\u0119kszy\u0107 pier\u015bcionek z jednym lub kilkoma diamentami.\" \/>\n<meta property=\"og:url\" content=\"https:\/\/fashiongold.lt\/pl\/papuosalas\/powiekszanie-lub-zmniejszanie-pierscionka-z-diamentem\/\" \/>\n<meta property=\"og:site_name\" content=\"FashionGold.lt\" \/>\n<meta property=\"og:image\" content=\"https:\/\/fashiongold.lt\/wp-content\/uploads\/2025\/10\/14125-b1f-Ziedo-didinimas-arba-mazinimas-su-deimantu.webp\" \/>\n\t<meta property=\"og:image:width\" content=\"1000\" \/>\n\t<meta property=\"og:image:height\" content=\"1000\" \/>\n\t<meta property=\"og:image:type\" content=\"image\/png\" \/>\n<meta name=\"twitter:card\" content=\"summary_large_image\" \/>\n<meta name=\"twitter:label1\" content=\"Szacowany czas czytania\" \/>\n\t<meta name=\"twitter:data1\" content=\"1 minuta\" \/>\n<script type=\"application\/ld+json\" class=\"yoast-schema-graph\">{\"@context\":\"https:\/\/schema.org\",\"@graph\":[{\"@type\":\"WebPage\",\"@id\":\"https:\/\/fashiongold.lt\/pl\/papuosalas\/powiekszanie-lub-zmniejszanie-pierscionka-z-diamentem\/\",\"url\":\"https:\/\/fashiongold.lt\/pl\/papuosalas\/powiekszanie-lub-zmniejszanie-pierscionka-z-diamentem\/\",\"name\":\"Powi\u0119kszanie lub zmniejszanie pier\u015bcionka z diamentem\",\"isPartOf\":{\"@id\":\"https:\/\/fashiongold.lt\/pl\/#website\"},\"primaryImageOfPage\":{\"@id\":\"https:\/\/fashiongold.lt\/pl\/papuosalas\/powiekszanie-lub-zmniejszanie-pierscionka-z-diamentem\/#primaryimage\"},\"image\":{\"@id\":\"https:\/\/fashiongold.lt\/pl\/papuosalas\/powiekszanie-lub-zmniejszanie-pierscionka-z-diamentem\/#primaryimage\"},\"thumbnailUrl\":\"https:\/\/fashiongold.lt\/wp-content\/uploads\/2025\/10\/14125-b1f-Ziedo-didinimas-arba-mazinimas-su-deimantu.png\",\"datePublished\":\"2025-10-16T15:30:05+00:00\",\"breadcrumb\":{\"@id\":\"https:\/\/fashiongold.lt\/pl\/papuosalas\/powiekszanie-lub-zmniejszanie-pierscionka-z-diamentem\/#breadcrumb\"},\"inLanguage\":\"pl-PL\",\"potentialAction\":[{\"@type\":\"ReadAction\",\"target\":[\"https:\/\/fashiongold.lt\/pl\/papuosalas\/powiekszanie-lub-zmniejszanie-pierscionka-z-diamentem\/\"]}]},{\"@type\":\"ImageObject\",\"inLanguage\":\"pl-PL\",\"@id\":\"https:\/\/fashiongold.lt\/pl\/papuosalas\/powiekszanie-lub-zmniejszanie-pierscionka-z-diamentem\/#primaryimage\",\"url\":\"https:\/\/fashiongold.lt\/wp-content\/uploads\/2025\/10\/14125-b1f-Ziedo-didinimas-arba-mazinimas-su-deimantu.png\",\"contentUrl\":\"https:\/\/fashiongold.lt\/wp-content\/uploads\/2025\/10\/14125-b1f-Ziedo-didinimas-arba-mazinimas-su-deimantu.png\",\"width\":1000,\"height\":1000},{\"@type\":\"BreadcrumbList\",\"@id\":\"https:\/\/fashiongold.lt\/pl\/papuosalas\/powiekszanie-lub-zmniejszanie-pierscionka-z-diamentem\/#breadcrumb\",\"itemListElement\":[{\"@type\":\"ListItem\",\"position\":1,\"name\":\"Home\",\"item\":\"https:\/\/fashiongold.lt\/pl\/\"},{\"@type\":\"ListItem\",\"position\":2,\"name\":\"Sklep z diamentami Fashiongold.lt\",\"item\":\"https:\/\/fashiongold.lt\/shop-2\/\"},{\"@type\":\"ListItem\",\"position\":3,\"name\":\"Powi\u0119kszanie lub zmniejszanie pier\u015bcionka z diamentem\"}]},{\"@type\":\"WebSite\",\"@id\":\"https:\/\/fashiongold.lt\/pl\/#website\",\"url\":\"https:\/\/fashiongold.lt\/pl\/\",\"name\":\"Fashion Gold\",\"description\":\"Juvelyrikos namai\",\"publisher\":{\"@id\":\"https:\/\/fashiongold.lt\/pl\/#organization\"},\"potentialAction\":[{\"@type\":\"SearchAction\",\"target\":{\"@type\":\"EntryPoint\",\"urlTemplate\":\"https:\/\/fashiongold.lt\/pl\/?s={search_term_string}\"},\"query-input\":{\"@type\":\"PropertyValueSpecification\",\"valueRequired\":true,\"valueName\":\"search_term_string\"}}],\"inLanguage\":\"pl-PL\"},{\"@type\":\"Organization\",\"@id\":\"https:\/\/fashiongold.lt\/pl\/#organization\",\"name\":\"Topdiamonds Online\",\"url\":\"https:\/\/fashiongold.lt\/pl\/\",\"logo\":{\"@type\":\"ImageObject\",\"inLanguage\":\"pl-PL\",\"@id\":\"https:\/\/fashiongold.lt\/pl\/#\/schema\/logo\/image\/\",\"url\":\"https:\/\/fashiongold.lt\/wp-content\/uploads\/2025\/04\/cropped-fashion_gold_logotipas2-scaled-1.png\",\"contentUrl\":\"https:\/\/fashiongold.lt\/wp-content\/uploads\/2025\/04\/cropped-fashion_gold_logotipas2-scaled-1.png\",\"width\":2559,\"height\":421,\"caption\":\"Topdiamonds Online\"},\"image\":{\"@id\":\"https:\/\/fashiongold.lt\/pl\/#\/schema\/logo\/image\/\"}}]}<\/script>\n<!-- \/ Yoast SEO plugin. -->","yoast_head_json":{"title":"Powi\u0119kszanie lub zmniejszanie pier\u015bcionka z diamentem","robots":{"index":"index","follow":"follow","max-snippet":"max-snippet:-1","max-image-preview":"max-image-preview:large","max-video-preview":"max-video-preview:-1"},"canonical":"https:\/\/fashiongold.lt\/pl\/papuosalas\/powiekszanie-lub-zmniejszanie-pierscionka-z-diamentem\/","og_locale":"pl_PL","og_type":"article","og_title":"Powi\u0119kszanie lub zmniejszanie pier\u015bcionka z diamentem","og_description":"Dom jubilerski Fashion Gold z przyjemno\u015bci\u0105 pomo\u017ce Pa\u0144stwu zmniejszy\u0107 lub powi\u0119kszy\u0107 pier\u015bcionek z jednym lub kilkoma diamentami.","og_url":"https:\/\/fashiongold.lt\/pl\/papuosalas\/powiekszanie-lub-zmniejszanie-pierscionka-z-diamentem\/","og_site_name":"FashionGold.lt","og_image":[{"width":1000,"height":1000,"url":"https:\/\/fashiongold.lt\/wp-content\/uploads\/2025\/10\/14125-b1f-Ziedo-didinimas-arba-mazinimas-su-deimantu.webp","type":"image\/png"}],"twitter_card":"summary_large_image","twitter_misc":{"Szacowany czas czytania":"1 minuta"},"schema":{"@context":"https:\/\/schema.org","@graph":[{"@type":"WebPage","@id":"https:\/\/fashiongold.lt\/pl\/papuosalas\/powiekszanie-lub-zmniejszanie-pierscionka-z-diamentem\/","url":"https:\/\/fashiongold.lt\/pl\/papuosalas\/powiekszanie-lub-zmniejszanie-pierscionka-z-diamentem\/","name":"Powi\u0119kszanie lub zmniejszanie pier\u015bcionka z diamentem","isPartOf":{"@id":"https:\/\/fashiongold.lt\/pl\/#website"},"primaryImageOfPage":{"@id":"https:\/\/fashiongold.lt\/pl\/papuosalas\/powiekszanie-lub-zmniejszanie-pierscionka-z-diamentem\/#primaryimage"},"image":{"@id":"https:\/\/fashiongold.lt\/pl\/papuosalas\/powiekszanie-lub-zmniejszanie-pierscionka-z-diamentem\/#primaryimage"},"thumbnailUrl":"https:\/\/fashiongold.lt\/wp-content\/uploads\/2025\/10\/14125-b1f-Ziedo-didinimas-arba-mazinimas-su-deimantu.png","datePublished":"2025-10-16T15:30:05+00:00","breadcrumb":{"@id":"https:\/\/fashiongold.lt\/pl\/papuosalas\/powiekszanie-lub-zmniejszanie-pierscionka-z-diamentem\/#breadcrumb"},"inLanguage":"pl-PL","potentialAction":[{"@type":"ReadAction","target":["https:\/\/fashiongold.lt\/pl\/papuosalas\/powiekszanie-lub-zmniejszanie-pierscionka-z-diamentem\/"]}]},{"@type":"ImageObject","inLanguage":"pl-PL","@id":"https:\/\/fashiongold.lt\/pl\/papuosalas\/powiekszanie-lub-zmniejszanie-pierscionka-z-diamentem\/#primaryimage","url":"https:\/\/fashiongold.lt\/wp-content\/uploads\/2025\/10\/14125-b1f-Ziedo-didinimas-arba-mazinimas-su-deimantu.png","contentUrl":"https:\/\/fashiongold.lt\/wp-content\/uploads\/2025\/10\/14125-b1f-Ziedo-didinimas-arba-mazinimas-su-deimantu.png","width":1000,"height":1000},{"@type":"BreadcrumbList","@id":"https:\/\/fashiongold.lt\/pl\/papuosalas\/powiekszanie-lub-zmniejszanie-pierscionka-z-diamentem\/#breadcrumb","itemListElement":[{"@type":"ListItem","position":1,"name":"Home","item":"https:\/\/fashiongold.lt\/pl\/"},{"@type":"ListItem","position":2,"name":"Sklep z diamentami Fashiongold.lt","item":"https:\/\/fashiongold.lt\/shop-2\/"},{"@type":"ListItem","position":3,"name":"Powi\u0119kszanie lub zmniejszanie pier\u015bcionka z diamentem"}]},{"@type":"WebSite","@id":"https:\/\/fashiongold.lt\/pl\/#website","url":"https:\/\/fashiongold.lt\/pl\/","name":"Fashion Gold","description":"Juvelyrikos namai","publisher":{"@id":"https:\/\/fashiongold.lt\/pl\/#organization"},"potentialAction":[{"@type":"SearchAction","target":{"@type":"EntryPoint","urlTemplate":"https:\/\/fashiongold.lt\/pl\/?s={search_term_string}"},"query-input":{"@type":"PropertyValueSpecification","valueRequired":true,"valueName":"search_term_string"}}],"inLanguage":"pl-PL"},{"@type":"Organization","@id":"https:\/\/fashiongold.lt\/pl\/#organization","name":"Topdiamonds Online","url":"https:\/\/fashiongold.lt\/pl\/","logo":{"@type":"ImageObject","inLanguage":"pl-PL","@id":"https:\/\/fashiongold.lt\/pl\/#\/schema\/logo\/image\/","url":"https:\/\/fashiongold.lt\/wp-content\/uploads\/2025\/04\/cropped-fashion_gold_logotipas2-scaled-1.png","contentUrl":"https:\/\/fashiongold.lt\/wp-content\/uploads\/2025\/04\/cropped-fashion_gold_logotipas2-scaled-1.png","width":2559,"height":421,"caption":"Topdiamonds Online"},"image":{"@id":"https:\/\/fashiongold.lt\/pl\/#\/schema\/logo\/image\/"}}]}},"_links":{"self":[{"href":"https:\/\/fashiongold.lt\/pl\/wp-json\/wp\/v2\/product\/281251","targetHints":{"allow":["GET"]}}],"collection":[{"href":"https:\/\/fashiongold.lt\/pl\/wp-json\/wp\/v2\/product"}],"about":[{"href":"https:\/\/fashiongold.lt\/pl\/wp-json\/wp\/v2\/types\/product"}],"version-history":[{"count":0,"href":"https:\/\/fashiongold.lt\/pl\/wp-json\/wp\/v2\/product\/281251\/revisions"}],"wp:featuredmedia":[{"embeddable":true,"href":"https:\/\/fashiongold.lt\/pl\/wp-json\/wp\/v2\/media\/215480"}],"wp:attachment":[{"href":"https:\/\/fashiongold.lt\/pl\/wp-json\/wp\/v2\/media?parent=281251"}],"wp:term":[{"taxonomy":"product_brand","embeddable":true,"href":"https:\/\/fashiongold.lt\/pl\/wp-json\/wp\/v2\/product_brand?post=281251"},{"taxonomy":"product_cat","embeddable":true,"href":"https:\/\/fashiongold.lt\/pl\/wp-json\/wp\/v2\/product_cat?post=281251"},{"taxonomy":"product_tag","embeddable":true,"href":"https:\/\/fashiongold.lt\/pl\/wp-json\/wp\/v2\/product_tag?post=281251"}],"curies":[{"name":"wp","href":"https:\/\/api.w.org\/{rel}","templated":true}]}}