{"id":281721,"date":"2025-10-15T05:41:05","date_gmt":"2025-10-15T05:41:05","guid":{"rendered":"https:\/\/fashiongold.lt\/papuosalas\/zloty-pierscionek-835-ct-z-kolorowymi-szafirami\/"},"modified":"2026-02-13T14:13:31","modified_gmt":"2026-02-13T14:13:31","slug":"zloty-pierscionek-835-ct-z-kolorowymi-szafirami","status":"publish","type":"product","link":"https:\/\/fashiongold.lt\/pl\/papuosalas\/zloty-pierscionek-835-ct-z-kolorowymi-szafirami\/","title":{"rendered":"Z\u0142oty pier\u015bcionek 8,35 ct z kolorowymi szafirami"},"content":{"rendered":"<p>Wyprodukowany w Niemczech z wysokiej jako\u015bci kamieni szlachetnych. Pier\u015bcionek o niepowtarzalnym pi\u0119knie, wyj\u0105tkowym stylu, wysokiej jako\u015bci, ze stref\u0105 komfortu. Pier\u015bcionek mo\u017ce by\u0107 wykonany na zam\u00f3wienie: z czerwonego, \u017c\u00f3\u0142tego oraz bia\u0142ego z\u0142ota, z kolorowymi szafirami lub szafirami w jednym kolorze. Szafir jest symbolem si\u0142y, optymizmu i aktywno\u015bci. Magiczna moc szafiru &#8211; pomaga \u0142agodzi\u0107 napi\u0119cie podczas konflikt\u00f3w i rozwi\u0105zywa\u0107 problemy zdrowotne. Szafir jest odpowiedni dla \u2013 Ryb, Wagi, Skorpiona, Bli\u017ani\u0105t, Panny, Lwa, Barana, Wodnika, Strzelca.\u00a0<\/p>\n<p>\u2022 Z\u0142oto pier\u015bcionka: 18 K (pr\u00f3ba 750)\u00a0 \u00a0 \u00a0\u00a0<\/p>\n<p>\u2022 Kolor pier\u015bcionka: do wyboru bia\u0142e, \u017c\u00f3\u0142te, czerwone z\u0142oto<\/p>\n<p>\u2022 Waga pier\u015bcionka (zale\u017cna od rozmiaru i pr\u00f3by): oko\u0142o 5,10 &#8211; 6,00 g\u00a0 \u00a0 \u00a0 \u00a0 \u00a0<\/p>\n<p>\u2022 Wymiary pier\u015bcionka: szeroko\u015b\u0107 oko\u0142o 4,3 mm (mo\u017cliwo\u015b\u0107 zmiany)\u00a0 \u00a0 \u00a0<\/p>\n<p>\u2022 Strefa komfortu pier\u015bcionka: tak\u00a0 \u00a0<\/p>\n<p>\u2022 Rodzaj kamienia szlachetnego: Naturalny szafir\u00a0\u00a0<\/p>\n<p>\u2022 Szlif kamienia: okr\u0105g\u0142y (round cut)\u00a0 \u00a0 \u00a0<\/p>\n<p>\u2022 Charakterystyka kamienia: 8,35 ct (14 szt.) (mo\u017cliwo\u015b\u0107 zmiany)\u00a0 \u00a0 \u00a0<\/p>\n<p>\u2022 Certyfikat: Litewska Izba Probiercza (LPR)\u00a0 \u00a0 \u00a0 \u00a0<\/p>\n<p>\u2022 Grawerowanie gratis\u00a0<\/p>\n<p>\u2022 Jednorazowa bezp\u0142atna gwarancja zmiany rozmiaru pier\u015bcionka (w miar\u0119 mo\u017cliwo\u015bci)\u00a0<\/p>\n<p>\u2022 Termin wykonania i dostawy od 14 dni roboczych, w trybie pilnym w ci\u0105gu 3 dni roboczych.\u00a0<\/p>\n<p><strong>Masz w\u0142asne z\u0142oto? Skontaktuj si\u0119 z nami, przeliczymy cen\u0119 \u2013 zap\u0142acisz tylko za wykonanie pier\u015bcionka.<\/strong><\/p>\n","protected":false},"excerpt":{"rendered":"<p>Z\u0142ota obr\u0105czka z najwy\u017cszej jako\u015bci naturalnymi szafirami. Wyj\u0105tkowy pier\u015bcionek, w kt\u00f3rym \u0142\u0105czna masa szafir\u00f3w wynosi a\u017c 8,35 karata. Niepowtarzalny wyb\u00f3r, wyra\u017caj\u0105cy stylowe detale. Doskona\u0142y prezent dla os\u00f3b kochaj\u0105cych stylow\u0105 bi\u017cuteri\u0119.<\/p>\n","protected":false},"featured_media":207848,"template":"","meta":{"site-sidebar-layout":"","site-content-layout":"","ast-site-content-layout":"","site-content-style":"","site-sidebar-style":"","ast-global-header-display":"","ast-banner-title-visibility":"","ast-main-header-display":"","ast-hfb-above-header-display":"","ast-hfb-below-header-display":"","ast-hfb-mobile-header-display":"","site-post-title":"","ast-breadcrumbs-content":"","ast-featured-img":"","footer-sml-layout":"","ast-disable-related-posts":"","theme-transparent-header-meta":"","adv-header-id-meta":"","stick-header-meta":"","header-above-stick-meta":"","header-main-stick-meta":"","header-below-stick-meta":"","astra-migrate-meta-layouts":"default","ast-page-background-enabled":"default","ast-page-background-meta":{"desktop":{"background-color":"var(--ast-global-color-4)","background-image":"","background-repeat":"repeat","background-position":"center center","background-size":"auto","background-attachment":"scroll","background-type":"","background-media":"","overlay-type":"","overlay-color":"","overlay-opacity":"","overlay-gradient":""},"tablet":{"background-color":"","background-image":"","background-repeat":"repeat","background-position":"center center","background-size":"auto","background-attachment":"scroll","background-type":"","background-media":"","overlay-type":"","overlay-color":"","overlay-opacity":"","overlay-gradient":""},"mobile":{"background-color":"","background-image":"","background-repeat":"repeat","background-position":"center center","background-size":"auto","background-attachment":"scroll","background-type":"","background-media":"","overlay-type":"","overlay-color":"","overlay-opacity":"","overlay-gradient":""}},"ast-content-background-meta":{"desktop":{"background-color":"var(--ast-global-color-5)","background-image":"","background-repeat":"repeat","background-position":"center center","background-size":"auto","background-attachment":"scroll","background-type":"","background-media":"","overlay-type":"","overlay-color":"","overlay-opacity":"","overlay-gradient":""},"tablet":{"background-color":"var(--ast-global-color-5)","background-image":"","background-repeat":"repeat","background-position":"center center","background-size":"auto","background-attachment":"scroll","background-type":"","background-media":"","overlay-type":"","overlay-color":"","overlay-opacity":"","overlay-gradient":""},"mobile":{"background-color":"var(--ast-global-color-5)","background-image":"","background-repeat":"repeat","background-position":"center center","background-size":"auto","background-attachment":"scroll","background-type":"","background-media":"","overlay-type":"","overlay-color":"","overlay-opacity":"","overlay-gradient":""}}},"product_brand":[],"product_cat":[3044,2973,2877,2878,3373,2863,3179,3306,3303,2882,2874,2879,2880,3232,2853,2856,2875,2876,2860,2857,2854,2855,2859,2852,2873,3743],"product_tag":[],"class_list":{"0":"post-281721","1":"product","2":"type-product","3":"status-publish","4":"has-post-thumbnail","6":"product_cat-bizuteria","7":"product_cat-bizuteria-z-czerwonego-zlota","8":"product_cat-bizuteria-z-kamieniami-polszlachetnymi","9":"product_cat-bizuteria-z-niebieskimi-kamieniami-szlachetnymi","10":"product_cat-damskie-obraczki-slubne","11":"product_cat-diamentowe-paski","12":"product_cat-niebieski-klejnot","13":"product_cat-nowoczesne-obraczki-slubne","14":"product_cat-obraczki-slubne","15":"product_cat-pierscionek-obraczka-z-kamieniami-szlachetnymi","16":"product_cat-pierscionek-zareczynowy-z-szafirem","17":"product_cat-pierscionki-z-kamieniami-szlachetnymi","18":"product_cat-pierscionki-z-szafirami","19":"product_cat-pierscionki-zareczynowe","20":"product_cat-prezenty-dla-kobiet","21":"product_cat-prezenty-dla-mezczyzn","22":"product_cat-prezenty-na-dzien-matki","23":"product_cat-prezenty-na-walentynki","24":"product_cat-prezenty-na-wyjatkowe-okazje","25":"product_cat-prezenty-swiateczne","26":"product_cat-prezenty-z-okazji-narodzin-dziecka","27":"product_cat-prezenty-z-okazji-rocznicy-slubu","28":"product_cat-prezenty-z-okazji-ukonczenia-szkoly","29":"product_cat-prezenty-z-okazji-urodzin","30":"product_cat-szafir-bizuteria-z-szafirami","31":"product_cat-wyjatkowe-obraczki-slubne-stworzone-przez-projektantow","32":"desktop-align-center","33":"tablet-align-left","34":"mobile-align-left","35":"ast-product-gallery-layout-horizontal-slider","36":"ast-product-gallery-with-no-image","37":"ast-product-single-variable","38":"ast-product-tabs-layout-accordion","39":"ast-qv-on-image","41":"first","42":"instock","43":"taxable","44":"shipping-taxable","45":"purchasable","46":"product-type-variable"},"yoast_head":"<!-- This site is optimized with the Yoast SEO plugin v26.6 - https:\/\/yoast.com\/wordpress\/plugins\/seo\/ -->\n<title>8.35 ct z\u0142oty pier\u015bcionek z kolorowymi szafirami I fashiongold.lt<\/title>\n<meta name=\"description\" content=\"Z\u0142ota obr\u0105czka z najwy\u017cszej jako\u015bci naturalnymi szafirami o \u0142\u0105cznej masie a\u017c 8,35 karata. Doskona\u0142y prezent dla os\u00f3b lubi\u0105cych stylow\u0105 bi\u017cuteri\u0119.\" \/>\n<meta name=\"robots\" content=\"index, follow, max-snippet:-1, max-image-preview:large, max-video-preview:-1\" \/>\n<link rel=\"canonical\" href=\"https:\/\/fashiongold.lt\/pl\/papuosalas\/zloty-pierscionek-835-ct-z-kolorowymi-szafirami\/\" \/>\n<meta property=\"og:locale\" content=\"pl_PL\" \/>\n<meta property=\"og:type\" content=\"article\" \/>\n<meta property=\"og:title\" content=\"8.35 ct z\u0142oty pier\u015bcionek z kolorowymi szafirami I fashiongold.lt\" \/>\n<meta property=\"og:description\" content=\"Z\u0142ota obr\u0105czka z najwy\u017cszej jako\u015bci naturalnymi szafirami o \u0142\u0105cznej masie a\u017c 8,35 karata. Doskona\u0142y prezent dla os\u00f3b lubi\u0105cych stylow\u0105 bi\u017cuteri\u0119.\" \/>\n<meta property=\"og:url\" content=\"https:\/\/fashiongold.lt\/pl\/papuosalas\/zloty-pierscionek-835-ct-z-kolorowymi-szafirami\/\" \/>\n<meta property=\"og:site_name\" content=\"FashionGold.lt\" \/>\n<meta property=\"article:modified_time\" content=\"2026-02-13T14:13:31+00:00\" \/>\n<meta property=\"og:image\" content=\"https:\/\/fashiongold.lt\/wp-content\/uploads\/2025\/10\/11902-475-8.35-ct-auksinis-ziedas-su-spalvotais-safyrais-deimantais.webp\" \/>\n\t<meta property=\"og:image:width\" content=\"1000\" \/>\n\t<meta property=\"og:image:height\" content=\"1000\" \/>\n\t<meta property=\"og:image:type\" content=\"image\/png\" \/>\n<meta name=\"twitter:card\" content=\"summary_large_image\" \/>\n<meta name=\"twitter:label1\" content=\"Szacowany czas czytania\" \/>\n\t<meta name=\"twitter:data1\" content=\"1 minuta\" \/>\n<script type=\"application\/ld+json\" class=\"yoast-schema-graph\">{\"@context\":\"https:\/\/schema.org\",\"@graph\":[{\"@type\":\"WebPage\",\"@id\":\"https:\/\/fashiongold.lt\/pl\/papuosalas\/zloty-pierscionek-835-ct-z-kolorowymi-szafirami\/\",\"url\":\"https:\/\/fashiongold.lt\/pl\/papuosalas\/zloty-pierscionek-835-ct-z-kolorowymi-szafirami\/\",\"name\":\"8.35 ct z\u0142oty pier\u015bcionek z kolorowymi szafirami I fashiongold.lt\",\"isPartOf\":{\"@id\":\"https:\/\/fashiongold.lt\/pl\/#website\"},\"primaryImageOfPage\":{\"@id\":\"https:\/\/fashiongold.lt\/pl\/papuosalas\/zloty-pierscionek-835-ct-z-kolorowymi-szafirami\/#primaryimage\"},\"image\":{\"@id\":\"https:\/\/fashiongold.lt\/pl\/papuosalas\/zloty-pierscionek-835-ct-z-kolorowymi-szafirami\/#primaryimage\"},\"thumbnailUrl\":\"https:\/\/fashiongold.lt\/wp-content\/uploads\/2025\/10\/11902-475-8.35-ct-auksinis-ziedas-su-spalvotais-safyrais-deimantais.png\",\"datePublished\":\"2025-10-15T05:41:05+00:00\",\"dateModified\":\"2026-02-13T14:13:31+00:00\",\"description\":\"Z\u0142ota obr\u0105czka z najwy\u017cszej jako\u015bci naturalnymi szafirami o \u0142\u0105cznej masie a\u017c 8,35 karata. Doskona\u0142y prezent dla os\u00f3b lubi\u0105cych stylow\u0105 bi\u017cuteri\u0119.\",\"breadcrumb\":{\"@id\":\"https:\/\/fashiongold.lt\/pl\/papuosalas\/zloty-pierscionek-835-ct-z-kolorowymi-szafirami\/#breadcrumb\"},\"inLanguage\":\"pl-PL\",\"potentialAction\":[{\"@type\":\"ReadAction\",\"target\":[\"https:\/\/fashiongold.lt\/pl\/papuosalas\/zloty-pierscionek-835-ct-z-kolorowymi-szafirami\/\"]}]},{\"@type\":\"ImageObject\",\"inLanguage\":\"pl-PL\",\"@id\":\"https:\/\/fashiongold.lt\/pl\/papuosalas\/zloty-pierscionek-835-ct-z-kolorowymi-szafirami\/#primaryimage\",\"url\":\"https:\/\/fashiongold.lt\/wp-content\/uploads\/2025\/10\/11902-475-8.35-ct-auksinis-ziedas-su-spalvotais-safyrais-deimantais.png\",\"contentUrl\":\"https:\/\/fashiongold.lt\/wp-content\/uploads\/2025\/10\/11902-475-8.35-ct-auksinis-ziedas-su-spalvotais-safyrais-deimantais.png\",\"width\":1000,\"height\":1000},{\"@type\":\"BreadcrumbList\",\"@id\":\"https:\/\/fashiongold.lt\/pl\/papuosalas\/zloty-pierscionek-835-ct-z-kolorowymi-szafirami\/#breadcrumb\",\"itemListElement\":[{\"@type\":\"ListItem\",\"position\":1,\"name\":\"Home\",\"item\":\"https:\/\/fashiongold.lt\/pl\/\"},{\"@type\":\"ListItem\",\"position\":2,\"name\":\"Sklep z diamentami Fashiongold.lt\",\"item\":\"https:\/\/fashiongold.lt\/shop-2\/\"},{\"@type\":\"ListItem\",\"position\":3,\"name\":\"Z\u0142oty pier\u015bcionek 8,35 ct z kolorowymi szafirami\"}]},{\"@type\":\"WebSite\",\"@id\":\"https:\/\/fashiongold.lt\/pl\/#website\",\"url\":\"https:\/\/fashiongold.lt\/pl\/\",\"name\":\"Fashion Gold\",\"description\":\"Juvelyrikos namai\",\"publisher\":{\"@id\":\"https:\/\/fashiongold.lt\/pl\/#organization\"},\"potentialAction\":[{\"@type\":\"SearchAction\",\"target\":{\"@type\":\"EntryPoint\",\"urlTemplate\":\"https:\/\/fashiongold.lt\/pl\/?s={search_term_string}\"},\"query-input\":{\"@type\":\"PropertyValueSpecification\",\"valueRequired\":true,\"valueName\":\"search_term_string\"}}],\"inLanguage\":\"pl-PL\"},{\"@type\":\"Organization\",\"@id\":\"https:\/\/fashiongold.lt\/pl\/#organization\",\"name\":\"Topdiamonds Online\",\"url\":\"https:\/\/fashiongold.lt\/pl\/\",\"logo\":{\"@type\":\"ImageObject\",\"inLanguage\":\"pl-PL\",\"@id\":\"https:\/\/fashiongold.lt\/pl\/#\/schema\/logo\/image\/\",\"url\":\"https:\/\/fashiongold.lt\/wp-content\/uploads\/2025\/04\/cropped-fashion_gold_logotipas2-scaled-1.png\",\"contentUrl\":\"https:\/\/fashiongold.lt\/wp-content\/uploads\/2025\/04\/cropped-fashion_gold_logotipas2-scaled-1.png\",\"width\":2559,\"height\":421,\"caption\":\"Topdiamonds Online\"},\"image\":{\"@id\":\"https:\/\/fashiongold.lt\/pl\/#\/schema\/logo\/image\/\"}}]}<\/script>\n<!-- \/ Yoast SEO plugin. -->","yoast_head_json":{"title":"8.35 ct z\u0142oty pier\u015bcionek z kolorowymi szafirami I fashiongold.lt","description":"Z\u0142ota obr\u0105czka z najwy\u017cszej jako\u015bci naturalnymi szafirami o \u0142\u0105cznej masie a\u017c 8,35 karata. Doskona\u0142y prezent dla os\u00f3b lubi\u0105cych stylow\u0105 bi\u017cuteri\u0119.","robots":{"index":"index","follow":"follow","max-snippet":"max-snippet:-1","max-image-preview":"max-image-preview:large","max-video-preview":"max-video-preview:-1"},"canonical":"https:\/\/fashiongold.lt\/pl\/papuosalas\/zloty-pierscionek-835-ct-z-kolorowymi-szafirami\/","og_locale":"pl_PL","og_type":"article","og_title":"8.35 ct z\u0142oty pier\u015bcionek z kolorowymi szafirami I fashiongold.lt","og_description":"Z\u0142ota obr\u0105czka z najwy\u017cszej jako\u015bci naturalnymi szafirami o \u0142\u0105cznej masie a\u017c 8,35 karata. Doskona\u0142y prezent dla os\u00f3b lubi\u0105cych stylow\u0105 bi\u017cuteri\u0119.","og_url":"https:\/\/fashiongold.lt\/pl\/papuosalas\/zloty-pierscionek-835-ct-z-kolorowymi-szafirami\/","og_site_name":"FashionGold.lt","article_modified_time":"2026-02-13T14:13:31+00:00","og_image":[{"width":1000,"height":1000,"url":"https:\/\/fashiongold.lt\/wp-content\/uploads\/2025\/10\/11902-475-8.35-ct-auksinis-ziedas-su-spalvotais-safyrais-deimantais.webp","type":"image\/png"}],"twitter_card":"summary_large_image","twitter_misc":{"Szacowany czas czytania":"1 minuta"},"schema":{"@context":"https:\/\/schema.org","@graph":[{"@type":"WebPage","@id":"https:\/\/fashiongold.lt\/pl\/papuosalas\/zloty-pierscionek-835-ct-z-kolorowymi-szafirami\/","url":"https:\/\/fashiongold.lt\/pl\/papuosalas\/zloty-pierscionek-835-ct-z-kolorowymi-szafirami\/","name":"8.35 ct z\u0142oty pier\u015bcionek z kolorowymi szafirami I fashiongold.lt","isPartOf":{"@id":"https:\/\/fashiongold.lt\/pl\/#website"},"primaryImageOfPage":{"@id":"https:\/\/fashiongold.lt\/pl\/papuosalas\/zloty-pierscionek-835-ct-z-kolorowymi-szafirami\/#primaryimage"},"image":{"@id":"https:\/\/fashiongold.lt\/pl\/papuosalas\/zloty-pierscionek-835-ct-z-kolorowymi-szafirami\/#primaryimage"},"thumbnailUrl":"https:\/\/fashiongold.lt\/wp-content\/uploads\/2025\/10\/11902-475-8.35-ct-auksinis-ziedas-su-spalvotais-safyrais-deimantais.png","datePublished":"2025-10-15T05:41:05+00:00","dateModified":"2026-02-13T14:13:31+00:00","description":"Z\u0142ota obr\u0105czka z najwy\u017cszej jako\u015bci naturalnymi szafirami o \u0142\u0105cznej masie a\u017c 8,35 karata. Doskona\u0142y prezent dla os\u00f3b lubi\u0105cych stylow\u0105 bi\u017cuteri\u0119.","breadcrumb":{"@id":"https:\/\/fashiongold.lt\/pl\/papuosalas\/zloty-pierscionek-835-ct-z-kolorowymi-szafirami\/#breadcrumb"},"inLanguage":"pl-PL","potentialAction":[{"@type":"ReadAction","target":["https:\/\/fashiongold.lt\/pl\/papuosalas\/zloty-pierscionek-835-ct-z-kolorowymi-szafirami\/"]}]},{"@type":"ImageObject","inLanguage":"pl-PL","@id":"https:\/\/fashiongold.lt\/pl\/papuosalas\/zloty-pierscionek-835-ct-z-kolorowymi-szafirami\/#primaryimage","url":"https:\/\/fashiongold.lt\/wp-content\/uploads\/2025\/10\/11902-475-8.35-ct-auksinis-ziedas-su-spalvotais-safyrais-deimantais.png","contentUrl":"https:\/\/fashiongold.lt\/wp-content\/uploads\/2025\/10\/11902-475-8.35-ct-auksinis-ziedas-su-spalvotais-safyrais-deimantais.png","width":1000,"height":1000},{"@type":"BreadcrumbList","@id":"https:\/\/fashiongold.lt\/pl\/papuosalas\/zloty-pierscionek-835-ct-z-kolorowymi-szafirami\/#breadcrumb","itemListElement":[{"@type":"ListItem","position":1,"name":"Home","item":"https:\/\/fashiongold.lt\/pl\/"},{"@type":"ListItem","position":2,"name":"Sklep z diamentami Fashiongold.lt","item":"https:\/\/fashiongold.lt\/shop-2\/"},{"@type":"ListItem","position":3,"name":"Z\u0142oty pier\u015bcionek 8,35 ct z kolorowymi szafirami"}]},{"@type":"WebSite","@id":"https:\/\/fashiongold.lt\/pl\/#website","url":"https:\/\/fashiongold.lt\/pl\/","name":"Fashion Gold","description":"Juvelyrikos namai","publisher":{"@id":"https:\/\/fashiongold.lt\/pl\/#organization"},"potentialAction":[{"@type":"SearchAction","target":{"@type":"EntryPoint","urlTemplate":"https:\/\/fashiongold.lt\/pl\/?s={search_term_string}"},"query-input":{"@type":"PropertyValueSpecification","valueRequired":true,"valueName":"search_term_string"}}],"inLanguage":"pl-PL"},{"@type":"Organization","@id":"https:\/\/fashiongold.lt\/pl\/#organization","name":"Topdiamonds Online","url":"https:\/\/fashiongold.lt\/pl\/","logo":{"@type":"ImageObject","inLanguage":"pl-PL","@id":"https:\/\/fashiongold.lt\/pl\/#\/schema\/logo\/image\/","url":"https:\/\/fashiongold.lt\/wp-content\/uploads\/2025\/04\/cropped-fashion_gold_logotipas2-scaled-1.png","contentUrl":"https:\/\/fashiongold.lt\/wp-content\/uploads\/2025\/04\/cropped-fashion_gold_logotipas2-scaled-1.png","width":2559,"height":421,"caption":"Topdiamonds Online"},"image":{"@id":"https:\/\/fashiongold.lt\/pl\/#\/schema\/logo\/image\/"}}]}},"_links":{"self":[{"href":"https:\/\/fashiongold.lt\/pl\/wp-json\/wp\/v2\/product\/281721","targetHints":{"allow":["GET"]}}],"collection":[{"href":"https:\/\/fashiongold.lt\/pl\/wp-json\/wp\/v2\/product"}],"about":[{"href":"https:\/\/fashiongold.lt\/pl\/wp-json\/wp\/v2\/types\/product"}],"version-history":[{"count":0,"href":"https:\/\/fashiongold.lt\/pl\/wp-json\/wp\/v2\/product\/281721\/revisions"}],"wp:featuredmedia":[{"embeddable":true,"href":"https:\/\/fashiongold.lt\/pl\/wp-json\/wp\/v2\/media\/207848"}],"wp:attachment":[{"href":"https:\/\/fashiongold.lt\/pl\/wp-json\/wp\/v2\/media?parent=281721"}],"wp:term":[{"taxonomy":"product_brand","embeddable":true,"href":"https:\/\/fashiongold.lt\/pl\/wp-json\/wp\/v2\/product_brand?post=281721"},{"taxonomy":"product_cat","embeddable":true,"href":"https:\/\/fashiongold.lt\/pl\/wp-json\/wp\/v2\/product_cat?post=281721"},{"taxonomy":"product_tag","embeddable":true,"href":"https:\/\/fashiongold.lt\/pl\/wp-json\/wp\/v2\/product_tag?post=281721"}],"curies":[{"name":"wp","href":"https:\/\/api.w.org\/{rel}","templated":true}]}}