{"id":281923,"date":"2025-10-14T20:00:06","date_gmt":"2025-10-14T20:00:06","guid":{"rendered":"https:\/\/fashiongold.lt\/papuosalas\/produkcja-obraczek-slubnych-55-mm-z-wzorem-i-diamentem-001-ct-para\/"},"modified":"2026-02-14T05:13:22","modified_gmt":"2026-02-14T05:13:22","slug":"produkcja-obraczek-slubnych-55-mm-z-wzorem-i-diamentem-001-ct-para","status":"publish","type":"product","link":"https:\/\/fashiongold.lt\/pl\/papuosalas\/produkcja-obraczek-slubnych-55-mm-z-wzorem-i-diamentem-001-ct-para\/","title":{"rendered":"Produkcja obr\u0105czek \u015blubnych \u2013 5,5 mm z wzorem i diamentem (0,01 ct) (para)"},"content":{"rendered":"<p>Masz z\u0142ot\u0105 bi\u017cuteri\u0119, kt\u00f3rej nie nosisz? Wykorzystaj j\u0105 do wykonania obr\u0105czek \u015blubnych i w ten spos\u00f3b obni\u017c koszty \u015blubu. Mo\u017cesz zdecydowa\u0107 si\u0119 na wykonanie z Twojego w\u0142asnego z\u0142ota, je\u015bli jest ono cenne jako pami\u0105tka rodzinna, lub z naszego, a my wymienimy Twoje z\u0142oto wed\u0142ug wagi. Niezale\u017cnie od posiadanego koloru z\u0142ota, wykonamy dla Ciebie obr\u0105czki \u015blubne w takim kolorze, jaki Ci si\u0119 podoba.<\/p>\n<p><strong>Cena wykonania obejmuje:\u00a0<\/strong><\/p>\n<p>\u2022 Kolor obr\u0105czki: do wyboru naturalne bia\u0142e, \u017c\u00f3\u0142te, czerwone z\u0142oto.\u00a0 \u00a0<\/p>\n<p>\u2022 Wymiary obr\u0105czki: szeroko\u015b\u0107 5,50 mm (mo\u017cliwo\u015b\u0107 zmiany).<\/p>\n<p>\u2022 Profil soczewkowy (comfort fit): tak.<\/p>\n<p>\u2022 Certyfikat: Litewski Urz\u0105d Probierczy (LPR)\u00a0 \u00a0<\/p>\n<p>\u2022 Grawerowanie gratis<\/p>\n<p>\u2022 Jednorazowa bezp\u0142atna gwarancja zmiany rozmiaru obr\u0105czki<\/p>\n<p>\u2022 Termin wykonania i dostawy od 14 dni roboczych, w trybie pilnym w ci\u0105gu 3 dni roboczych.<\/p>\n<p><strong>Cena wykonania nie obejmuje:<\/strong><\/p>\n<p>\u2022 Z\u0142oto: 14 K (pr\u00f3ba 585), za dop\u0142at\u0105 mo\u017cemy wykona\u0107 z 10K (pr\u00f3ba 375), 18K (pr\u00f3ba 750)\u00a0 \u00a0 \u00a0<\/p>\n<p>\u2022 Waga pary obr\u0105czek (zale\u017cy od rozmiaru i pr\u00f3by): ok. 9,00 &#8211; 13,00 g\u00a0 \u00a0<\/p>\n<p>\u2022 Kolor obr\u0105czki: rodowanie<\/p>\n<p>\u2022 Rodzaj diamentu: Diament naturalny\u00a0 \u00a0 \u00a0<\/p>\n<p>\u2022 Szlif diamentu: Okr\u0105g\u0142y (Round cut)\u00a0 \u00a0 \u00a0<\/p>\n<p>\u2022 Charakterystyka diamentu: 1 szt. x 0,01 ct (cena orientacyjna 10 EUR\/szt.), (barwa W, czysto\u015b\u0107 Vs-SI) (mo\u017cliwo\u015b\u0107 zmiany)\u00a0 \u00a0 \u00a0<\/p>\n<p><strong>Niezwykle pi\u0119kne obr\u0105czki \u015blubne o wyj\u0105tkowym stylu, wysokiej jako\u015bci, z profilem soczewkowym. Doskona\u0142y wyb\u00f3r odzwierciedlaj\u0105cy Wasz\u0105 histori\u0119 mi\u0142o\u015bci.<\/strong><\/p>\n","protected":false},"excerpt":{"rendered":"<p>Nasz jubiler wykona dla Pa\u0144stwa obr\u0105czki \u015blubne z wzorem i diamentem, wykorzystuj\u0105c Pa\u0144stwa z\u0142oto. Jubilerzy Fashion Gold od 30 lat tworz\u0105 obr\u0105czki \u015blubne, dlatego warto zaufa\u0107 naszemu profesjonalizmowi, wysokiej jako\u015bci i zap\u0142aci\u0107 tylko za koszt wykonania. Odkryj wyj\u0105tkowe pi\u0119kno z jubilerami Fashion Gold!\u00a0<\/p>\n","protected":false},"featured_media":206383,"template":"","meta":{"site-sidebar-layout":"","site-content-layout":"","ast-site-content-layout":"","site-content-style":"","site-sidebar-style":"","ast-global-header-display":"","ast-banner-title-visibility":"","ast-main-header-display":"","ast-hfb-above-header-display":"","ast-hfb-below-header-display":"","ast-hfb-mobile-header-display":"","site-post-title":"","ast-breadcrumbs-content":"","ast-featured-img":"","footer-sml-layout":"","ast-disable-related-posts":"","theme-transparent-header-meta":"","adv-header-id-meta":"","stick-header-meta":"","header-above-stick-meta":"","header-main-stick-meta":"","header-below-stick-meta":"","astra-migrate-meta-layouts":"default","ast-page-background-enabled":"default","ast-page-background-meta":{"desktop":{"background-color":"var(--ast-global-color-4)","background-image":"","background-repeat":"repeat","background-position":"center center","background-size":"auto","background-attachment":"scroll","background-type":"","background-media":"","overlay-type":"","overlay-color":"","overlay-opacity":"","overlay-gradient":""},"tablet":{"background-color":"","background-image":"","background-repeat":"repeat","background-position":"center center","background-size":"auto","background-attachment":"scroll","background-type":"","background-media":"","overlay-type":"","overlay-color":"","overlay-opacity":"","overlay-gradient":""},"mobile":{"background-color":"","background-image":"","background-repeat":"repeat","background-position":"center center","background-size":"auto","background-attachment":"scroll","background-type":"","background-media":"","overlay-type":"","overlay-color":"","overlay-opacity":"","overlay-gradient":""}},"ast-content-background-meta":{"desktop":{"background-color":"var(--ast-global-color-5)","background-image":"","background-repeat":"repeat","background-position":"center center","background-size":"auto","background-attachment":"scroll","background-type":"","background-media":"","overlay-type":"","overlay-color":"","overlay-opacity":"","overlay-gradient":""},"tablet":{"background-color":"var(--ast-global-color-5)","background-image":"","background-repeat":"repeat","background-position":"center center","background-size":"auto","background-attachment":"scroll","background-type":"","background-media":"","overlay-type":"","overlay-color":"","overlay-opacity":"","overlay-gradient":""},"mobile":{"background-color":"var(--ast-global-color-5)","background-image":"","background-repeat":"repeat","background-position":"center center","background-size":"auto","background-attachment":"scroll","background-type":"","background-media":"","overlay-type":"","overlay-color":"","overlay-opacity":"","overlay-gradient":""}}},"product_brand":[],"product_cat":[3303,3795],"product_tag":[],"class_list":{"0":"post-281923","1":"product","2":"type-product","3":"status-publish","4":"has-post-thumbnail","6":"product_cat-obraczki-slubne","7":"product_cat-produkcja-obraczek-slubnych","8":"desktop-align-center","9":"tablet-align-left","10":"mobile-align-left","11":"ast-product-gallery-layout-horizontal-slider","12":"ast-product-gallery-with-no-image","13":"ast-product-single-variable","14":"ast-product-tabs-layout-accordion","15":"ast-qv-on-image","17":"first","18":"instock","19":"taxable","20":"shipping-taxable","21":"purchasable","22":"product-type-variable"},"yoast_head":"<!-- This site is optimized with the Yoast SEO plugin v26.6 - https:\/\/yoast.com\/wordpress\/plugins\/seo\/ -->\n<title>Koszt produkcji obr\u0105czek \u015blubnych ze wzorem i diamentem (5.5 mm)<\/title>\n<meta name=\"description\" content=\"Para r\u0119cznie robionych obr\u0105czek \u015blubnych o nowoczesnym designu ze wzorem i diamentem. Wieloletnie do\u015bwiadczenie. Profil soczewkowy (comfort fit). Najlepsze ceny. Wysoka jako\u015b\u0107. Darmowa wysy\u0142ka.\" \/>\n<meta name=\"robots\" content=\"index, follow, max-snippet:-1, max-image-preview:large, max-video-preview:-1\" \/>\n<link rel=\"canonical\" href=\"https:\/\/fashiongold.lt\/pl\/papuosalas\/produkcja-obraczek-slubnych-55-mm-z-wzorem-i-diamentem-001-ct-para\/\" \/>\n<meta property=\"og:locale\" content=\"pl_PL\" \/>\n<meta property=\"og:type\" content=\"article\" \/>\n<meta property=\"og:title\" content=\"Koszt produkcji obr\u0105czek \u015blubnych ze wzorem i diamentem (5.5 mm)\" \/>\n<meta property=\"og:description\" content=\"Para r\u0119cznie robionych obr\u0105czek \u015blubnych o nowoczesnym designu ze wzorem i diamentem. Wieloletnie do\u015bwiadczenie. Profil soczewkowy (comfort fit). Najlepsze ceny. Wysoka jako\u015b\u0107. Darmowa wysy\u0142ka.\" \/>\n<meta property=\"og:url\" content=\"https:\/\/fashiongold.lt\/pl\/papuosalas\/produkcja-obraczek-slubnych-55-mm-z-wzorem-i-diamentem-001-ct-para\/\" \/>\n<meta property=\"og:site_name\" content=\"FashionGold.lt\" \/>\n<meta property=\"article:modified_time\" content=\"2026-02-14T05:13:22+00:00\" \/>\n<meta property=\"og:image\" content=\"https:\/\/fashiongold.lt\/wp-content\/uploads\/2025\/10\/11301-5a6-Raudono-ir-balto-aukso-vestuviniu-ziedu-gamyba-5.5-mm-su-rastu-ir-deimantu.webp\" \/>\n\t<meta property=\"og:image:width\" content=\"1000\" \/>\n\t<meta property=\"og:image:height\" content=\"1000\" \/>\n\t<meta property=\"og:image:type\" content=\"image\/png\" \/>\n<meta name=\"twitter:card\" content=\"summary_large_image\" \/>\n<meta name=\"twitter:label1\" content=\"Szacowany czas czytania\" \/>\n\t<meta name=\"twitter:data1\" content=\"1 minuta\" \/>\n<script type=\"application\/ld+json\" class=\"yoast-schema-graph\">{\"@context\":\"https:\/\/schema.org\",\"@graph\":[{\"@type\":\"WebPage\",\"@id\":\"https:\/\/fashiongold.lt\/pl\/papuosalas\/produkcja-obraczek-slubnych-55-mm-z-wzorem-i-diamentem-001-ct-para\/\",\"url\":\"https:\/\/fashiongold.lt\/pl\/papuosalas\/produkcja-obraczek-slubnych-55-mm-z-wzorem-i-diamentem-001-ct-para\/\",\"name\":\"Koszt produkcji obr\u0105czek \u015blubnych ze wzorem i diamentem (5.5 mm)\",\"isPartOf\":{\"@id\":\"https:\/\/fashiongold.lt\/pl\/#website\"},\"primaryImageOfPage\":{\"@id\":\"https:\/\/fashiongold.lt\/pl\/papuosalas\/produkcja-obraczek-slubnych-55-mm-z-wzorem-i-diamentem-001-ct-para\/#primaryimage\"},\"image\":{\"@id\":\"https:\/\/fashiongold.lt\/pl\/papuosalas\/produkcja-obraczek-slubnych-55-mm-z-wzorem-i-diamentem-001-ct-para\/#primaryimage\"},\"thumbnailUrl\":\"https:\/\/fashiongold.lt\/wp-content\/uploads\/2025\/10\/11301-5a6-Raudono-ir-balto-aukso-vestuviniu-ziedu-gamyba-5.5-mm-su-rastu-ir-deimantu.png\",\"datePublished\":\"2025-10-14T20:00:06+00:00\",\"dateModified\":\"2026-02-14T05:13:22+00:00\",\"description\":\"Para r\u0119cznie robionych obr\u0105czek \u015blubnych o nowoczesnym designu ze wzorem i diamentem. Wieloletnie do\u015bwiadczenie. Profil soczewkowy (comfort fit). Najlepsze ceny. Wysoka jako\u015b\u0107. Darmowa wysy\u0142ka.\",\"breadcrumb\":{\"@id\":\"https:\/\/fashiongold.lt\/pl\/papuosalas\/produkcja-obraczek-slubnych-55-mm-z-wzorem-i-diamentem-001-ct-para\/#breadcrumb\"},\"inLanguage\":\"pl-PL\",\"potentialAction\":[{\"@type\":\"ReadAction\",\"target\":[\"https:\/\/fashiongold.lt\/pl\/papuosalas\/produkcja-obraczek-slubnych-55-mm-z-wzorem-i-diamentem-001-ct-para\/\"]}]},{\"@type\":\"ImageObject\",\"inLanguage\":\"pl-PL\",\"@id\":\"https:\/\/fashiongold.lt\/pl\/papuosalas\/produkcja-obraczek-slubnych-55-mm-z-wzorem-i-diamentem-001-ct-para\/#primaryimage\",\"url\":\"https:\/\/fashiongold.lt\/wp-content\/uploads\/2025\/10\/11301-5a6-Raudono-ir-balto-aukso-vestuviniu-ziedu-gamyba-5.5-mm-su-rastu-ir-deimantu.png\",\"contentUrl\":\"https:\/\/fashiongold.lt\/wp-content\/uploads\/2025\/10\/11301-5a6-Raudono-ir-balto-aukso-vestuviniu-ziedu-gamyba-5.5-mm-su-rastu-ir-deimantu.png\",\"width\":1000,\"height\":1000},{\"@type\":\"BreadcrumbList\",\"@id\":\"https:\/\/fashiongold.lt\/pl\/papuosalas\/produkcja-obraczek-slubnych-55-mm-z-wzorem-i-diamentem-001-ct-para\/#breadcrumb\",\"itemListElement\":[{\"@type\":\"ListItem\",\"position\":1,\"name\":\"Home\",\"item\":\"https:\/\/fashiongold.lt\/pl\/\"},{\"@type\":\"ListItem\",\"position\":2,\"name\":\"Sklep z diamentami Fashiongold.lt\",\"item\":\"https:\/\/fashiongold.lt\/shop-2\/\"},{\"@type\":\"ListItem\",\"position\":3,\"name\":\"Produkcja obr\u0105czek \u015blubnych \u2013 5,5 mm z wzorem i diamentem (0,01 ct) (para)\"}]},{\"@type\":\"WebSite\",\"@id\":\"https:\/\/fashiongold.lt\/pl\/#website\",\"url\":\"https:\/\/fashiongold.lt\/pl\/\",\"name\":\"Fashion Gold\",\"description\":\"Juvelyrikos namai\",\"publisher\":{\"@id\":\"https:\/\/fashiongold.lt\/pl\/#organization\"},\"potentialAction\":[{\"@type\":\"SearchAction\",\"target\":{\"@type\":\"EntryPoint\",\"urlTemplate\":\"https:\/\/fashiongold.lt\/pl\/?s={search_term_string}\"},\"query-input\":{\"@type\":\"PropertyValueSpecification\",\"valueRequired\":true,\"valueName\":\"search_term_string\"}}],\"inLanguage\":\"pl-PL\"},{\"@type\":\"Organization\",\"@id\":\"https:\/\/fashiongold.lt\/pl\/#organization\",\"name\":\"Topdiamonds Online\",\"url\":\"https:\/\/fashiongold.lt\/pl\/\",\"logo\":{\"@type\":\"ImageObject\",\"inLanguage\":\"pl-PL\",\"@id\":\"https:\/\/fashiongold.lt\/pl\/#\/schema\/logo\/image\/\",\"url\":\"https:\/\/fashiongold.lt\/wp-content\/uploads\/2025\/04\/cropped-fashion_gold_logotipas2-scaled-1.png\",\"contentUrl\":\"https:\/\/fashiongold.lt\/wp-content\/uploads\/2025\/04\/cropped-fashion_gold_logotipas2-scaled-1.png\",\"width\":2559,\"height\":421,\"caption\":\"Topdiamonds Online\"},\"image\":{\"@id\":\"https:\/\/fashiongold.lt\/pl\/#\/schema\/logo\/image\/\"}}]}<\/script>\n<!-- \/ Yoast SEO plugin. -->","yoast_head_json":{"title":"Koszt produkcji obr\u0105czek \u015blubnych ze wzorem i diamentem (5.5 mm)","description":"Para r\u0119cznie robionych obr\u0105czek \u015blubnych o nowoczesnym designu ze wzorem i diamentem. Wieloletnie do\u015bwiadczenie. Profil soczewkowy (comfort fit). Najlepsze ceny. Wysoka jako\u015b\u0107. Darmowa wysy\u0142ka.","robots":{"index":"index","follow":"follow","max-snippet":"max-snippet:-1","max-image-preview":"max-image-preview:large","max-video-preview":"max-video-preview:-1"},"canonical":"https:\/\/fashiongold.lt\/pl\/papuosalas\/produkcja-obraczek-slubnych-55-mm-z-wzorem-i-diamentem-001-ct-para\/","og_locale":"pl_PL","og_type":"article","og_title":"Koszt produkcji obr\u0105czek \u015blubnych ze wzorem i diamentem (5.5 mm)","og_description":"Para r\u0119cznie robionych obr\u0105czek \u015blubnych o nowoczesnym designu ze wzorem i diamentem. Wieloletnie do\u015bwiadczenie. Profil soczewkowy (comfort fit). Najlepsze ceny. Wysoka jako\u015b\u0107. Darmowa wysy\u0142ka.","og_url":"https:\/\/fashiongold.lt\/pl\/papuosalas\/produkcja-obraczek-slubnych-55-mm-z-wzorem-i-diamentem-001-ct-para\/","og_site_name":"FashionGold.lt","article_modified_time":"2026-02-14T05:13:22+00:00","og_image":[{"width":1000,"height":1000,"url":"https:\/\/fashiongold.lt\/wp-content\/uploads\/2025\/10\/11301-5a6-Raudono-ir-balto-aukso-vestuviniu-ziedu-gamyba-5.5-mm-su-rastu-ir-deimantu.webp","type":"image\/png"}],"twitter_card":"summary_large_image","twitter_misc":{"Szacowany czas czytania":"1 minuta"},"schema":{"@context":"https:\/\/schema.org","@graph":[{"@type":"WebPage","@id":"https:\/\/fashiongold.lt\/pl\/papuosalas\/produkcja-obraczek-slubnych-55-mm-z-wzorem-i-diamentem-001-ct-para\/","url":"https:\/\/fashiongold.lt\/pl\/papuosalas\/produkcja-obraczek-slubnych-55-mm-z-wzorem-i-diamentem-001-ct-para\/","name":"Koszt produkcji obr\u0105czek \u015blubnych ze wzorem i diamentem (5.5 mm)","isPartOf":{"@id":"https:\/\/fashiongold.lt\/pl\/#website"},"primaryImageOfPage":{"@id":"https:\/\/fashiongold.lt\/pl\/papuosalas\/produkcja-obraczek-slubnych-55-mm-z-wzorem-i-diamentem-001-ct-para\/#primaryimage"},"image":{"@id":"https:\/\/fashiongold.lt\/pl\/papuosalas\/produkcja-obraczek-slubnych-55-mm-z-wzorem-i-diamentem-001-ct-para\/#primaryimage"},"thumbnailUrl":"https:\/\/fashiongold.lt\/wp-content\/uploads\/2025\/10\/11301-5a6-Raudono-ir-balto-aukso-vestuviniu-ziedu-gamyba-5.5-mm-su-rastu-ir-deimantu.png","datePublished":"2025-10-14T20:00:06+00:00","dateModified":"2026-02-14T05:13:22+00:00","description":"Para r\u0119cznie robionych obr\u0105czek \u015blubnych o nowoczesnym designu ze wzorem i diamentem. Wieloletnie do\u015bwiadczenie. Profil soczewkowy (comfort fit). Najlepsze ceny. Wysoka jako\u015b\u0107. Darmowa wysy\u0142ka.","breadcrumb":{"@id":"https:\/\/fashiongold.lt\/pl\/papuosalas\/produkcja-obraczek-slubnych-55-mm-z-wzorem-i-diamentem-001-ct-para\/#breadcrumb"},"inLanguage":"pl-PL","potentialAction":[{"@type":"ReadAction","target":["https:\/\/fashiongold.lt\/pl\/papuosalas\/produkcja-obraczek-slubnych-55-mm-z-wzorem-i-diamentem-001-ct-para\/"]}]},{"@type":"ImageObject","inLanguage":"pl-PL","@id":"https:\/\/fashiongold.lt\/pl\/papuosalas\/produkcja-obraczek-slubnych-55-mm-z-wzorem-i-diamentem-001-ct-para\/#primaryimage","url":"https:\/\/fashiongold.lt\/wp-content\/uploads\/2025\/10\/11301-5a6-Raudono-ir-balto-aukso-vestuviniu-ziedu-gamyba-5.5-mm-su-rastu-ir-deimantu.png","contentUrl":"https:\/\/fashiongold.lt\/wp-content\/uploads\/2025\/10\/11301-5a6-Raudono-ir-balto-aukso-vestuviniu-ziedu-gamyba-5.5-mm-su-rastu-ir-deimantu.png","width":1000,"height":1000},{"@type":"BreadcrumbList","@id":"https:\/\/fashiongold.lt\/pl\/papuosalas\/produkcja-obraczek-slubnych-55-mm-z-wzorem-i-diamentem-001-ct-para\/#breadcrumb","itemListElement":[{"@type":"ListItem","position":1,"name":"Home","item":"https:\/\/fashiongold.lt\/pl\/"},{"@type":"ListItem","position":2,"name":"Sklep z diamentami Fashiongold.lt","item":"https:\/\/fashiongold.lt\/shop-2\/"},{"@type":"ListItem","position":3,"name":"Produkcja obr\u0105czek \u015blubnych \u2013 5,5 mm z wzorem i diamentem (0,01 ct) (para)"}]},{"@type":"WebSite","@id":"https:\/\/fashiongold.lt\/pl\/#website","url":"https:\/\/fashiongold.lt\/pl\/","name":"Fashion Gold","description":"Juvelyrikos namai","publisher":{"@id":"https:\/\/fashiongold.lt\/pl\/#organization"},"potentialAction":[{"@type":"SearchAction","target":{"@type":"EntryPoint","urlTemplate":"https:\/\/fashiongold.lt\/pl\/?s={search_term_string}"},"query-input":{"@type":"PropertyValueSpecification","valueRequired":true,"valueName":"search_term_string"}}],"inLanguage":"pl-PL"},{"@type":"Organization","@id":"https:\/\/fashiongold.lt\/pl\/#organization","name":"Topdiamonds Online","url":"https:\/\/fashiongold.lt\/pl\/","logo":{"@type":"ImageObject","inLanguage":"pl-PL","@id":"https:\/\/fashiongold.lt\/pl\/#\/schema\/logo\/image\/","url":"https:\/\/fashiongold.lt\/wp-content\/uploads\/2025\/04\/cropped-fashion_gold_logotipas2-scaled-1.png","contentUrl":"https:\/\/fashiongold.lt\/wp-content\/uploads\/2025\/04\/cropped-fashion_gold_logotipas2-scaled-1.png","width":2559,"height":421,"caption":"Topdiamonds Online"},"image":{"@id":"https:\/\/fashiongold.lt\/pl\/#\/schema\/logo\/image\/"}}]}},"_links":{"self":[{"href":"https:\/\/fashiongold.lt\/pl\/wp-json\/wp\/v2\/product\/281923","targetHints":{"allow":["GET"]}}],"collection":[{"href":"https:\/\/fashiongold.lt\/pl\/wp-json\/wp\/v2\/product"}],"about":[{"href":"https:\/\/fashiongold.lt\/pl\/wp-json\/wp\/v2\/types\/product"}],"version-history":[{"count":0,"href":"https:\/\/fashiongold.lt\/pl\/wp-json\/wp\/v2\/product\/281923\/revisions"}],"wp:featuredmedia":[{"embeddable":true,"href":"https:\/\/fashiongold.lt\/pl\/wp-json\/wp\/v2\/media\/206383"}],"wp:attachment":[{"href":"https:\/\/fashiongold.lt\/pl\/wp-json\/wp\/v2\/media?parent=281923"}],"wp:term":[{"taxonomy":"product_brand","embeddable":true,"href":"https:\/\/fashiongold.lt\/pl\/wp-json\/wp\/v2\/product_brand?post=281923"},{"taxonomy":"product_cat","embeddable":true,"href":"https:\/\/fashiongold.lt\/pl\/wp-json\/wp\/v2\/product_cat?post=281923"},{"taxonomy":"product_tag","embeddable":true,"href":"https:\/\/fashiongold.lt\/pl\/wp-json\/wp\/v2\/product_tag?post=281923"}],"curies":[{"name":"wp","href":"https:\/\/api.w.org\/{rel}","templated":true}]}}