{"id":282138,"date":"2025-10-14T18:59:21","date_gmt":"2025-10-14T18:59:21","guid":{"rendered":"https:\/\/fashiongold.lt\/papuosalas\/pierscionek-z-diamentami-lab-grown-o-szlifie-bagietkowym-050-ct-diamenty-hodowane\/"},"modified":"2026-02-14T05:16:27","modified_gmt":"2026-02-14T05:16:27","slug":"pierscionek-z-diamentami-lab-grown-o-szlifie-bagietkowym-050-ct-diamenty-hodowane","status":"publish","type":"product","link":"https:\/\/fashiongold.lt\/pl\/papuosalas\/pierscionek-z-diamentami-lab-grown-o-szlifie-bagietkowym-050-ct-diamenty-hodowane\/","title":{"rendered":"Pier\u015bcionek z diamentami Lab Grown o szlifie bagietkowym 0,50 ct (diamenty hodowane)"},"content":{"rendered":"<p>Pier\u015bcionek stworzony przez mistrz\u00f3w jubilerstwa \u201eFashion Gold\u201d jest niezwykle wysokiej jako\u015bci, posiada certyfikat Litewskiej Izby Probierczej w bardzo atrakcyjnej cenie. To bi\u017cuteria, kt\u00f3r\u0105 mo\u017cna przekazywa\u0107 z pokolenia na pokolenie jako pami\u0105tk\u0119 rodzinn\u0105, poniewa\u017c ani z\u0142oto, ani diamenty nigdy nie trac\u0105 na warto\u015bci. Ten z\u0142oty pier\u015bcionek mo\u017cna zam\u00f3wi\u0107 zar\u00f3wno w salonie, jak i online. Z tym pier\u015bcionkiem mo\u017cesz si\u0119 o\u015bwiadczy\u0107, ale nadaje si\u0119 on r\u00f3wnie\u017c na inne okazje \u2013 uciesz ukochan\u0105 kobiet\u0119 na Bo\u017ce Narodzenie, Walentynki, urodziny czy z okazji rocznicy. Pier\u015bcionek o niepowtarzalnej urodzie, wyj\u0105tkowym stylu, wysokiej jako\u015bci, ze stref\u0105 komfortu. Pier\u015bcionek mo\u017ce by\u0107 wykonany na zam\u00f3wienie: z czerwonego, \u017c\u00f3\u0142tego oraz bia\u0142ego z\u0142ota.<\/p>\n<p>\u2022 Z\u0142oto pier\u015bcionka: 14 K (pr\u00f3ba 585), mo\u017cemy wykona\u0107 z 10K (pr\u00f3ba 375), 18K (pr\u00f3ba 750)          <\/p>\n<p>\u2022 Kolor pier\u015bcionka: do wyboru bia\u0142e, \u017c\u00f3\u0142te, czerwone z\u0142oto <\/p>\n<p>\u2022 Waga pier\u015bcionka (zale\u017cy od rozmiaru i pr\u00f3by): oko\u0142o 2.50 &#8211; 3.50 g            <\/p>\n<p>\u2022 Wymiary pier\u015bcionka: (mo\u017cna zmieni\u0107)       <\/p>\n<p>\u2022 Strefa komfortu pier\u015bcionka: jest     <\/p>\n<p>\u2022 Typ diamentu: Diament hodowlany (Lab grown diamonds)       <\/p>\n<p>\u2022 Kszta\u0142t diamentu: Szlif bagietkowy (Baguette cut)       <\/p>\n<p>\u2022 Charakterystyka diamentu: z 0,50 ct (kolor E, czysto\u015b\u0107 VVS2, szlif: Ex, symetria Ex, polerowanie Ex) (mo\u017cna zmieni\u0107)       <\/p>\n<p>\u2022 Certyfikat: Litewska Izba Probiercza (LPR), dodatkowo certyfikat IGI          <\/p>\n<p>\u2022 Grawerowanie gratis   <\/p>\n<p>\u2022 Jednorazowa bezp\u0142atna gwarancja zmiany rozmiaru pier\u015bcionka (w miar\u0119 mo\u017cliwo\u015bci)   <\/p>\n<p>\u2022 Termin wykonania i dostawy od 14 dni roboczych, w trybie pilnym w ci\u0105gu 3 dni roboczych.   <\/p>\n<p><strong>Masz w\u0142asne z\u0142oto? Skontaktuj si\u0119 z nami, przeliczymy cen\u0119 \u2013 zap\u0142acisz tylko za wykonanie pier\u015bcionka.<\/strong><\/p>\n","protected":false},"excerpt":{"rendered":"<p>Pier\u015bcionek typu Halo z diamentami o szlifie bagietkowym o masie 0,50 ct. Wysokiej jako\u015bci, r\u0119cznie wykonany, wyj\u0105tkowy design \u2013 nowoczesny, l\u015bni\u0105cy, idealny dla Twojej wybranki<\/p>\n","protected":false},"featured_media":1140533,"template":"","meta":{"site-sidebar-layout":"default","site-content-layout":"","ast-site-content-layout":"default","site-content-style":"default","site-sidebar-style":"default","ast-global-header-display":"","ast-banner-title-visibility":"","ast-main-header-display":"","ast-hfb-above-header-display":"","ast-hfb-below-header-display":"","ast-hfb-mobile-header-display":"","site-post-title":"","ast-breadcrumbs-content":"","ast-featured-img":"","footer-sml-layout":"","ast-disable-related-posts":"","theme-transparent-header-meta":"default","adv-header-id-meta":"","stick-header-meta":"","header-above-stick-meta":"","header-main-stick-meta":"","header-below-stick-meta":"","astra-migrate-meta-layouts":"default","ast-page-background-enabled":"default","ast-page-background-meta":{"desktop":{"background-color":"var(--ast-global-color-4)","background-image":"","background-repeat":"repeat","background-position":"center center","background-size":"auto","background-attachment":"scroll","background-type":"","background-media":"","overlay-type":"","overlay-color":"","overlay-opacity":"","overlay-gradient":""},"tablet":{"background-color":"","background-image":"","background-repeat":"repeat","background-position":"center center","background-size":"auto","background-attachment":"scroll","background-type":"","background-media":"","overlay-type":"","overlay-color":"","overlay-opacity":"","overlay-gradient":""},"mobile":{"background-color":"","background-image":"","background-repeat":"repeat","background-position":"center center","background-size":"auto","background-attachment":"scroll","background-type":"","background-media":"","overlay-type":"","overlay-color":"","overlay-opacity":"","overlay-gradient":""}},"ast-content-background-meta":{"desktop":{"background-color":"var(--ast-global-color-5)","background-image":"","background-repeat":"repeat","background-position":"center center","background-size":"auto","background-attachment":"scroll","background-type":"","background-media":"","overlay-type":"","overlay-color":"","overlay-opacity":"","overlay-gradient":""},"tablet":{"background-color":"var(--ast-global-color-5)","background-image":"","background-repeat":"repeat","background-position":"center center","background-size":"auto","background-attachment":"scroll","background-type":"","background-media":"","overlay-type":"","overlay-color":"","overlay-opacity":"","overlay-gradient":""},"mobile":{"background-color":"var(--ast-global-color-5)","background-image":"","background-repeat":"repeat","background-position":"center center","background-size":"auto","background-attachment":"scroll","background-type":"","background-media":"","overlay-type":"","overlay-color":"","overlay-opacity":"","overlay-gradient":""}}},"product_brand":[],"product_cat":[3284,3800,2864,2863,3744,3358,3232,3357],"product_tag":[],"class_list":{"0":"post-282138","1":"product","2":"type-product","3":"status-publish","4":"has-post-thumbnail","6":"product_cat-bizuteria-z-diamentami-laboratoryjnymi","7":"product_cat-diamentowa-tasiemka-z-diamentami","8":"product_cat-diamentowe-obraczki-do-polowy","9":"product_cat-diamentowe-paski","10":"product_cat-obraczki-slubne-z-diamentami-laboratoryjnymi-diamenty-hodowlane","11":"product_cat-pierscionki-z-diamentami-laboratoryjnymi-diamenty-hodowlane","12":"product_cat-pierscionki-zareczynowe","13":"product_cat-pierscionki-zareczynowe-z-diamentami-laboratoryjnymi","14":"desktop-align-center","15":"tablet-align-left","16":"mobile-align-left","17":"ast-product-gallery-layout-horizontal-slider","18":"ast-product-single-variable","19":"ast-product-tabs-layout-accordion","20":"ast-qv-on-image","22":"first","23":"instock","24":"taxable","25":"shipping-taxable","26":"purchasable","27":"product-type-variable","28":"has-default-attributes"},"yoast_head":"<!-- This site is optimized with the Yoast SEO plugin v26.6 - https:\/\/yoast.com\/wordpress\/plugins\/seo\/ -->\n<title>Pier\u015bcionek z 0,50 ct diamentami laboratoryjnymi Baguette | Fashiongold.lt<\/title>\n<meta name=\"description\" content=\"Nowoczesny designerski pier\u015bcionek z diamentami hodowanymi 0,50 ct o szlifie bagietkowym. Wysokiej jako\u015bci, wykonany r\u0119cznie, idealny dla Twojej wybranki. Darmowa dostawa.\" \/>\n<meta name=\"robots\" content=\"index, follow, max-snippet:-1, max-image-preview:large, max-video-preview:-1\" \/>\n<link rel=\"canonical\" href=\"https:\/\/fashiongold.lt\/pl\/papuosalas\/pierscionek-z-diamentami-lab-grown-o-szlifie-bagietkowym-050-ct-diamenty-hodowane\/\" \/>\n<meta property=\"og:locale\" content=\"pl_PL\" \/>\n<meta property=\"og:type\" content=\"article\" \/>\n<meta property=\"og:title\" content=\"Pier\u015bcionek z 0,50 ct diamentami laboratoryjnymi Baguette | Fashiongold.lt\" \/>\n<meta property=\"og:description\" content=\"Nowoczesny designerski pier\u015bcionek z diamentami hodowanymi 0,50 ct o szlifie bagietkowym. Wysokiej jako\u015bci, wykonany r\u0119cznie, idealny dla Twojej wybranki. Darmowa dostawa.\" \/>\n<meta property=\"og:url\" content=\"https:\/\/fashiongold.lt\/pl\/papuosalas\/pierscionek-z-diamentami-lab-grown-o-szlifie-bagietkowym-050-ct-diamenty-hodowane\/\" \/>\n<meta property=\"og:site_name\" content=\"FashionGold.lt\" \/>\n<meta property=\"article:modified_time\" content=\"2026-02-14T05:16:27+00:00\" \/>\n<meta property=\"og:image\" content=\"https:\/\/fashiongold.lt\/wp-content\/uploads\/2025\/10\/10564-9f4-Geltono-aukso-ziedas-su-050-ct-Baguette-Lab-Grown-deimantais.webp\" \/>\n\t<meta property=\"og:image:width\" content=\"1000\" \/>\n\t<meta property=\"og:image:height\" content=\"1000\" \/>\n\t<meta property=\"og:image:type\" content=\"image\/png\" \/>\n<meta name=\"twitter:card\" content=\"summary_large_image\" \/>\n<meta name=\"twitter:label1\" content=\"Szacowany czas czytania\" \/>\n\t<meta name=\"twitter:data1\" content=\"1 minuta\" \/>\n<script type=\"application\/ld+json\" class=\"yoast-schema-graph\">{\"@context\":\"https:\/\/schema.org\",\"@graph\":[{\"@type\":\"WebPage\",\"@id\":\"https:\/\/fashiongold.lt\/pl\/papuosalas\/pierscionek-z-diamentami-lab-grown-o-szlifie-bagietkowym-050-ct-diamenty-hodowane\/\",\"url\":\"https:\/\/fashiongold.lt\/pl\/papuosalas\/pierscionek-z-diamentami-lab-grown-o-szlifie-bagietkowym-050-ct-diamenty-hodowane\/\",\"name\":\"Pier\u015bcionek z 0,50 ct diamentami laboratoryjnymi Baguette | Fashiongold.lt\",\"isPartOf\":{\"@id\":\"https:\/\/fashiongold.lt\/pl\/#website\"},\"primaryImageOfPage\":{\"@id\":\"https:\/\/fashiongold.lt\/pl\/papuosalas\/pierscionek-z-diamentami-lab-grown-o-szlifie-bagietkowym-050-ct-diamenty-hodowane\/#primaryimage\"},\"image\":{\"@id\":\"https:\/\/fashiongold.lt\/pl\/papuosalas\/pierscionek-z-diamentami-lab-grown-o-szlifie-bagietkowym-050-ct-diamenty-hodowane\/#primaryimage\"},\"thumbnailUrl\":\"https:\/\/fashiongold.lt\/wp-content\/uploads\/2025\/10\/Ziedas-su-050-ct-Baguette-Lab-Grown-deimantais-uzaugintais-deimantais-geltonas-auksas-e1777812768308.png\",\"datePublished\":\"2025-10-14T18:59:21+00:00\",\"dateModified\":\"2026-02-14T05:16:27+00:00\",\"description\":\"Nowoczesny designerski pier\u015bcionek z diamentami hodowanymi 0,50 ct o szlifie bagietkowym. Wysokiej jako\u015bci, wykonany r\u0119cznie, idealny dla Twojej wybranki. Darmowa dostawa.\",\"breadcrumb\":{\"@id\":\"https:\/\/fashiongold.lt\/pl\/papuosalas\/pierscionek-z-diamentami-lab-grown-o-szlifie-bagietkowym-050-ct-diamenty-hodowane\/#breadcrumb\"},\"inLanguage\":\"pl-PL\",\"potentialAction\":[{\"@type\":\"ReadAction\",\"target\":[\"https:\/\/fashiongold.lt\/pl\/papuosalas\/pierscionek-z-diamentami-lab-grown-o-szlifie-bagietkowym-050-ct-diamenty-hodowane\/\"]}]},{\"@type\":\"ImageObject\",\"inLanguage\":\"pl-PL\",\"@id\":\"https:\/\/fashiongold.lt\/pl\/papuosalas\/pierscionek-z-diamentami-lab-grown-o-szlifie-bagietkowym-050-ct-diamenty-hodowane\/#primaryimage\",\"url\":\"https:\/\/fashiongold.lt\/wp-content\/uploads\/2025\/10\/Ziedas-su-050-ct-Baguette-Lab-Grown-deimantais-uzaugintais-deimantais-geltonas-auksas-e1777812768308.png\",\"contentUrl\":\"https:\/\/fashiongold.lt\/wp-content\/uploads\/2025\/10\/Ziedas-su-050-ct-Baguette-Lab-Grown-deimantais-uzaugintais-deimantais-geltonas-auksas-e1777812768308.png\",\"width\":1254,\"height\":1254,\"caption\":\"\u017diedas su 0,50 ct Baguette Lab Grown deimantais (u\u017eaugintais deimantais) geltono aukso\"},{\"@type\":\"BreadcrumbList\",\"@id\":\"https:\/\/fashiongold.lt\/pl\/papuosalas\/pierscionek-z-diamentami-lab-grown-o-szlifie-bagietkowym-050-ct-diamenty-hodowane\/#breadcrumb\",\"itemListElement\":[{\"@type\":\"ListItem\",\"position\":1,\"name\":\"Home\",\"item\":\"https:\/\/fashiongold.lt\/pl\/\"},{\"@type\":\"ListItem\",\"position\":2,\"name\":\"Sklep z diamentami Fashiongold.lt\",\"item\":\"https:\/\/fashiongold.lt\/shop-2\/\"},{\"@type\":\"ListItem\",\"position\":3,\"name\":\"Pier\u015bcionek z diamentami Lab Grown o szlifie bagietkowym 0,50 ct (diamenty hodowane)\"}]},{\"@type\":\"WebSite\",\"@id\":\"https:\/\/fashiongold.lt\/pl\/#website\",\"url\":\"https:\/\/fashiongold.lt\/pl\/\",\"name\":\"Fashion Gold\",\"description\":\"Juvelyrikos namai\",\"publisher\":{\"@id\":\"https:\/\/fashiongold.lt\/pl\/#organization\"},\"potentialAction\":[{\"@type\":\"SearchAction\",\"target\":{\"@type\":\"EntryPoint\",\"urlTemplate\":\"https:\/\/fashiongold.lt\/pl\/?s={search_term_string}\"},\"query-input\":{\"@type\":\"PropertyValueSpecification\",\"valueRequired\":true,\"valueName\":\"search_term_string\"}}],\"inLanguage\":\"pl-PL\"},{\"@type\":\"Organization\",\"@id\":\"https:\/\/fashiongold.lt\/pl\/#organization\",\"name\":\"Topdiamonds Online\",\"url\":\"https:\/\/fashiongold.lt\/pl\/\",\"logo\":{\"@type\":\"ImageObject\",\"inLanguage\":\"pl-PL\",\"@id\":\"https:\/\/fashiongold.lt\/pl\/#\/schema\/logo\/image\/\",\"url\":\"https:\/\/fashiongold.lt\/wp-content\/uploads\/2025\/04\/cropped-fashion_gold_logotipas2-scaled-1.png\",\"contentUrl\":\"https:\/\/fashiongold.lt\/wp-content\/uploads\/2025\/04\/cropped-fashion_gold_logotipas2-scaled-1.png\",\"width\":2559,\"height\":421,\"caption\":\"Topdiamonds Online\"},\"image\":{\"@id\":\"https:\/\/fashiongold.lt\/pl\/#\/schema\/logo\/image\/\"}}]}<\/script>\n<!-- \/ Yoast SEO plugin. -->","yoast_head_json":{"title":"Pier\u015bcionek z 0,50 ct diamentami laboratoryjnymi Baguette | Fashiongold.lt","description":"Nowoczesny designerski pier\u015bcionek z diamentami hodowanymi 0,50 ct o szlifie bagietkowym. Wysokiej jako\u015bci, wykonany r\u0119cznie, idealny dla Twojej wybranki. Darmowa dostawa.","robots":{"index":"index","follow":"follow","max-snippet":"max-snippet:-1","max-image-preview":"max-image-preview:large","max-video-preview":"max-video-preview:-1"},"canonical":"https:\/\/fashiongold.lt\/pl\/papuosalas\/pierscionek-z-diamentami-lab-grown-o-szlifie-bagietkowym-050-ct-diamenty-hodowane\/","og_locale":"pl_PL","og_type":"article","og_title":"Pier\u015bcionek z 0,50 ct diamentami laboratoryjnymi Baguette | Fashiongold.lt","og_description":"Nowoczesny designerski pier\u015bcionek z diamentami hodowanymi 0,50 ct o szlifie bagietkowym. Wysokiej jako\u015bci, wykonany r\u0119cznie, idealny dla Twojej wybranki. Darmowa dostawa.","og_url":"https:\/\/fashiongold.lt\/pl\/papuosalas\/pierscionek-z-diamentami-lab-grown-o-szlifie-bagietkowym-050-ct-diamenty-hodowane\/","og_site_name":"FashionGold.lt","article_modified_time":"2026-02-14T05:16:27+00:00","og_image":[{"width":1000,"height":1000,"url":"https:\/\/fashiongold.lt\/wp-content\/uploads\/2025\/10\/10564-9f4-Geltono-aukso-ziedas-su-050-ct-Baguette-Lab-Grown-deimantais.webp","type":"image\/png"}],"twitter_card":"summary_large_image","twitter_misc":{"Szacowany czas czytania":"1 minuta"},"schema":{"@context":"https:\/\/schema.org","@graph":[{"@type":"WebPage","@id":"https:\/\/fashiongold.lt\/pl\/papuosalas\/pierscionek-z-diamentami-lab-grown-o-szlifie-bagietkowym-050-ct-diamenty-hodowane\/","url":"https:\/\/fashiongold.lt\/pl\/papuosalas\/pierscionek-z-diamentami-lab-grown-o-szlifie-bagietkowym-050-ct-diamenty-hodowane\/","name":"Pier\u015bcionek z 0,50 ct diamentami laboratoryjnymi Baguette | Fashiongold.lt","isPartOf":{"@id":"https:\/\/fashiongold.lt\/pl\/#website"},"primaryImageOfPage":{"@id":"https:\/\/fashiongold.lt\/pl\/papuosalas\/pierscionek-z-diamentami-lab-grown-o-szlifie-bagietkowym-050-ct-diamenty-hodowane\/#primaryimage"},"image":{"@id":"https:\/\/fashiongold.lt\/pl\/papuosalas\/pierscionek-z-diamentami-lab-grown-o-szlifie-bagietkowym-050-ct-diamenty-hodowane\/#primaryimage"},"thumbnailUrl":"https:\/\/fashiongold.lt\/wp-content\/uploads\/2025\/10\/Ziedas-su-050-ct-Baguette-Lab-Grown-deimantais-uzaugintais-deimantais-geltonas-auksas-e1777812768308.png","datePublished":"2025-10-14T18:59:21+00:00","dateModified":"2026-02-14T05:16:27+00:00","description":"Nowoczesny designerski pier\u015bcionek z diamentami hodowanymi 0,50 ct o szlifie bagietkowym. Wysokiej jako\u015bci, wykonany r\u0119cznie, idealny dla Twojej wybranki. Darmowa dostawa.","breadcrumb":{"@id":"https:\/\/fashiongold.lt\/pl\/papuosalas\/pierscionek-z-diamentami-lab-grown-o-szlifie-bagietkowym-050-ct-diamenty-hodowane\/#breadcrumb"},"inLanguage":"pl-PL","potentialAction":[{"@type":"ReadAction","target":["https:\/\/fashiongold.lt\/pl\/papuosalas\/pierscionek-z-diamentami-lab-grown-o-szlifie-bagietkowym-050-ct-diamenty-hodowane\/"]}]},{"@type":"ImageObject","inLanguage":"pl-PL","@id":"https:\/\/fashiongold.lt\/pl\/papuosalas\/pierscionek-z-diamentami-lab-grown-o-szlifie-bagietkowym-050-ct-diamenty-hodowane\/#primaryimage","url":"https:\/\/fashiongold.lt\/wp-content\/uploads\/2025\/10\/Ziedas-su-050-ct-Baguette-Lab-Grown-deimantais-uzaugintais-deimantais-geltonas-auksas-e1777812768308.png","contentUrl":"https:\/\/fashiongold.lt\/wp-content\/uploads\/2025\/10\/Ziedas-su-050-ct-Baguette-Lab-Grown-deimantais-uzaugintais-deimantais-geltonas-auksas-e1777812768308.png","width":1254,"height":1254,"caption":"\u017diedas su 0,50 ct Baguette Lab Grown deimantais (u\u017eaugintais deimantais) geltono aukso"},{"@type":"BreadcrumbList","@id":"https:\/\/fashiongold.lt\/pl\/papuosalas\/pierscionek-z-diamentami-lab-grown-o-szlifie-bagietkowym-050-ct-diamenty-hodowane\/#breadcrumb","itemListElement":[{"@type":"ListItem","position":1,"name":"Home","item":"https:\/\/fashiongold.lt\/pl\/"},{"@type":"ListItem","position":2,"name":"Sklep z diamentami Fashiongold.lt","item":"https:\/\/fashiongold.lt\/shop-2\/"},{"@type":"ListItem","position":3,"name":"Pier\u015bcionek z diamentami Lab Grown o szlifie bagietkowym 0,50 ct (diamenty hodowane)"}]},{"@type":"WebSite","@id":"https:\/\/fashiongold.lt\/pl\/#website","url":"https:\/\/fashiongold.lt\/pl\/","name":"Fashion Gold","description":"Juvelyrikos namai","publisher":{"@id":"https:\/\/fashiongold.lt\/pl\/#organization"},"potentialAction":[{"@type":"SearchAction","target":{"@type":"EntryPoint","urlTemplate":"https:\/\/fashiongold.lt\/pl\/?s={search_term_string}"},"query-input":{"@type":"PropertyValueSpecification","valueRequired":true,"valueName":"search_term_string"}}],"inLanguage":"pl-PL"},{"@type":"Organization","@id":"https:\/\/fashiongold.lt\/pl\/#organization","name":"Topdiamonds Online","url":"https:\/\/fashiongold.lt\/pl\/","logo":{"@type":"ImageObject","inLanguage":"pl-PL","@id":"https:\/\/fashiongold.lt\/pl\/#\/schema\/logo\/image\/","url":"https:\/\/fashiongold.lt\/wp-content\/uploads\/2025\/04\/cropped-fashion_gold_logotipas2-scaled-1.png","contentUrl":"https:\/\/fashiongold.lt\/wp-content\/uploads\/2025\/04\/cropped-fashion_gold_logotipas2-scaled-1.png","width":2559,"height":421,"caption":"Topdiamonds Online"},"image":{"@id":"https:\/\/fashiongold.lt\/pl\/#\/schema\/logo\/image\/"}}]}},"_links":{"self":[{"href":"https:\/\/fashiongold.lt\/pl\/wp-json\/wp\/v2\/product\/282138","targetHints":{"allow":["GET"]}}],"collection":[{"href":"https:\/\/fashiongold.lt\/pl\/wp-json\/wp\/v2\/product"}],"about":[{"href":"https:\/\/fashiongold.lt\/pl\/wp-json\/wp\/v2\/types\/product"}],"version-history":[{"count":0,"href":"https:\/\/fashiongold.lt\/pl\/wp-json\/wp\/v2\/product\/282138\/revisions"}],"wp:featuredmedia":[{"embeddable":true,"href":"https:\/\/fashiongold.lt\/pl\/wp-json\/wp\/v2\/media\/1140533"}],"wp:attachment":[{"href":"https:\/\/fashiongold.lt\/pl\/wp-json\/wp\/v2\/media?parent=282138"}],"wp:term":[{"taxonomy":"product_brand","embeddable":true,"href":"https:\/\/fashiongold.lt\/pl\/wp-json\/wp\/v2\/product_brand?post=282138"},{"taxonomy":"product_cat","embeddable":true,"href":"https:\/\/fashiongold.lt\/pl\/wp-json\/wp\/v2\/product_cat?post=282138"},{"taxonomy":"product_tag","embeddable":true,"href":"https:\/\/fashiongold.lt\/pl\/wp-json\/wp\/v2\/product_tag?post=282138"}],"curies":[{"name":"wp","href":"https:\/\/api.w.org\/{rel}","templated":true}]}}