{"id":282229,"date":"2025-10-14T18:46:37","date_gmt":"2025-10-14T18:46:37","guid":{"rendered":"https:\/\/fashiongold.lt\/papuosalas\/pierscionek-z-diamentami-lab-grown-163-ct-diamentami-hodowanymi\/"},"modified":"2025-10-14T18:46:37","modified_gmt":"2025-10-14T18:46:37","slug":"pierscionek-z-diamentami-lab-grown-163-ct-diamentami-hodowanymi","status":"publish","type":"product","link":"https:\/\/fashiongold.lt\/pl\/papuosalas\/pierscionek-z-diamentami-lab-grown-163-ct-diamentami-hodowanymi\/","title":{"rendered":"Pier\u015bcionek z diamentami Lab Grown 1,63 ct (diamentami hodowanymi)"},"content":{"rendered":"<p>Pier\u015bcionek stworzony przez mistrz\u00f3w jubilerstwa \u201eFashion Gold\u201d to produkt wyj\u0105tkowo wysokiej jako\u015bci, posiadaj\u0105cy certyfikat Litewskiego Urz\u0119du Probierczego w bardzo atrakcyjnej cenie. To bi\u017cuteria, kt\u00f3r\u0105 mo\u017cna przekazywa\u0107 z pokolenia na pokolenie jako rodzinn\u0105 pami\u0105tk\u0119, poniewa\u017c ani z\u0142oto, ani diamenty nigdy nie trac\u0105 na warto\u015bci. Ten z\u0142oty pier\u015bcionek mo\u017cna zam\u00f3wi\u0107 zar\u00f3wno w salonie, jak i przez internet. Ten pier\u015bcionek idealnie nadaje si\u0119 na zar\u0119czyny, ale sprawdzi si\u0119 r\u00f3wnie\u017c przy innych okazjach \u2013 uszcz\u0119\u015bliw ukochan\u0105 kobiet\u0119 na Bo\u017ce Narodzenie, Walentynki, urodziny czy rocznic\u0119. Pier\u015bcionek o niepowtarzalnym pi\u0119knie, wyj\u0105tkowym stylu, wysokiej jako\u015bci, z soczewk\u0105 (stref\u0105 komfortu). Pier\u015bcionek mo\u017ce zosta\u0107 wykonany na zam\u00f3wienie z czerwonego, \u017c\u00f3\u0142tego lub bia\u0142ego z\u0142ota. <\/p>\n<p>\u2022 Z\u0142oto pier\u015bcionka: 14 K (pr\u00f3ba 585), mo\u017cemy wykona\u0107 z 10K (pr\u00f3ba 375), 18K (pr\u00f3ba 750)          <\/p>\n<p>\u2022 Kolor pier\u015bcionka: do wyboru bia\u0142e, \u017c\u00f3\u0142te, czerwone z\u0142oto <\/p>\n<p>\u2022 Waga pier\u015bcionka (zale\u017cy od rozmiaru i pr\u00f3by): ok. 2,00 &#8211; 3,00 g            <\/p>\n<p>\u2022 Wymiary pier\u015bcionka: szeroko\u015b\u0107 korony ok. 6.0-6.5 mm (mo\u017cliwo\u015b\u0107 zmiany)       <\/p>\n<p>\u2022 Soczewka (strefa komfortu): tak     <\/p>\n<p>\u2022 Rodzaj diamentu: Diament laboratoryjny (Lab grown diamonds)       <\/p>\n<p>\u2022 Kszta\u0142t diamentu: Okr\u0105g\u0142y (Round cut)       <\/p>\n<p>\u2022 Charakterystyka diamentu: 1,63 ct (kolor E, czysto\u015b\u0107 VVS2, szlif: doskona\u0142y Ex, symetria Ex, polerowanie Ex) (mo\u017cliwo\u015b\u0107 zmiany)       <\/p>\n<p>\u2022 Certyfikat: Litewski Urz\u0105d Probierczy (LPR), dodatkowo certyfikat IGI          <\/p>\n<p>\u2022 Grawerowanie gratis   <\/p>\n<p>\u2022 Jednorazowa bezp\u0142atna gwarancja zmiany rozmiaru pier\u015bcionka (w miar\u0119 mo\u017cliwo\u015bci)   <\/p>\n<p>\u2022 Termin wykonania i dostawy od 14 dni roboczych, w trybie pilnym w ci\u0105gu 3 dni roboczych.   <\/p>\n<p><strong>Masz w\u0142asne z\u0142oto? Skontaktuj si\u0119 z nami, przeliczymy cen\u0119 \u2013 zap\u0142acisz tylko za wykonanie pier\u015bcionka.<\/strong><\/p>\n","protected":false},"excerpt":{"rendered":"<p>Pier\u015bcionek o nowoczesnym wzornictwie z diamentami Lab Grown o masie 1,63 karata. Wysoka jako\u015b\u0107, r\u0119czne wykonanie, wyj\u0105tkowy design \u2013 nowoczesny, l\u015bni\u0105cy, idealnie pasuj\u0105cy dla Twojej wybranki<\/p>\n","protected":false},"featured_media":0,"template":"","meta":{"site-sidebar-layout":"","site-content-layout":"","ast-site-content-layout":"","site-content-style":"","site-sidebar-style":"","ast-global-header-display":"","ast-banner-title-visibility":"","ast-main-header-display":"","ast-hfb-above-header-display":"","ast-hfb-below-header-display":"","ast-hfb-mobile-header-display":"","site-post-title":"","ast-breadcrumbs-content":"","ast-featured-img":"","footer-sml-layout":"","ast-disable-related-posts":"","theme-transparent-header-meta":"","adv-header-id-meta":"","stick-header-meta":"","header-above-stick-meta":"","header-main-stick-meta":"","header-below-stick-meta":"","astra-migrate-meta-layouts":"default","ast-page-background-enabled":"default","ast-page-background-meta":{"desktop":{"background-color":"var(--ast-global-color-4)","background-image":"","background-repeat":"repeat","background-position":"center center","background-size":"auto","background-attachment":"scroll","background-type":"","background-media":"","overlay-type":"","overlay-color":"","overlay-opacity":"","overlay-gradient":""},"tablet":{"background-color":"","background-image":"","background-repeat":"repeat","background-position":"center center","background-size":"auto","background-attachment":"scroll","background-type":"","background-media":"","overlay-type":"","overlay-color":"","overlay-opacity":"","overlay-gradient":""},"mobile":{"background-color":"","background-image":"","background-repeat":"repeat","background-position":"center center","background-size":"auto","background-attachment":"scroll","background-type":"","background-media":"","overlay-type":"","overlay-color":"","overlay-opacity":"","overlay-gradient":""}},"ast-content-background-meta":{"desktop":{"background-color":"var(--ast-global-color-5)","background-image":"","background-repeat":"repeat","background-position":"center center","background-size":"auto","background-attachment":"scroll","background-type":"","background-media":"","overlay-type":"","overlay-color":"","overlay-opacity":"","overlay-gradient":""},"tablet":{"background-color":"var(--ast-global-color-5)","background-image":"","background-repeat":"repeat","background-position":"center center","background-size":"auto","background-attachment":"scroll","background-type":"","background-media":"","overlay-type":"","overlay-color":"","overlay-opacity":"","overlay-gradient":""},"mobile":{"background-color":"var(--ast-global-color-5)","background-image":"","background-repeat":"repeat","background-position":"center center","background-size":"auto","background-attachment":"scroll","background-type":"","background-media":"","overlay-type":"","overlay-color":"","overlay-opacity":"","overlay-gradient":""}}},"product_brand":[],"product_cat":[3284,3358,3232,3357],"product_tag":[],"class_list":{"0":"post-282229","1":"product","2":"type-product","3":"status-publish","5":"product_cat-bizuteria-z-diamentami-laboratoryjnymi","6":"product_cat-pierscionki-z-diamentami-laboratoryjnymi-diamenty-hodowlane","7":"product_cat-pierscionki-zareczynowe","8":"product_cat-pierscionki-zareczynowe-z-diamentami-laboratoryjnymi","9":"desktop-align-center","10":"tablet-align-left","11":"mobile-align-left","12":"ast-product-gallery-layout-horizontal-slider","13":"ast-product-gallery-with-no-image","14":"ast-product-single-variable","15":"ast-product-tabs-layout-accordion","16":"ast-qv-on-image","18":"first","19":"instock","20":"taxable","21":"shipping-taxable","22":"purchasable","23":"product-type-variable"},"yoast_head":"<!-- This site is optimized with the Yoast SEO plugin v26.6 - https:\/\/yoast.com\/wordpress\/plugins\/seo\/ -->\n<title>Pier\u015bcionek z 1,63 ct Lab Grown Diamonds | Fashiongold.lt<\/title>\n<meta name=\"description\" content=\"Pier\u015bcionek o nowoczesnym wzornictwie z diamentami Lab Grown o masie 1,63 karata. Wysokiej jako\u015bci, wykonany r\u0119cznie, wyj\u0105tkowy design \u2013 idealny dla Twojej wybranki.\" \/>\n<meta name=\"robots\" content=\"index, follow, max-snippet:-1, max-image-preview:large, max-video-preview:-1\" \/>\n<link rel=\"canonical\" href=\"https:\/\/fashiongold.lt\/pl\/papuosalas\/pierscionek-z-diamentami-lab-grown-163-ct-diamentami-hodowanymi\/\" \/>\n<meta property=\"og:locale\" content=\"pl_PL\" \/>\n<meta property=\"og:type\" content=\"article\" \/>\n<meta property=\"og:title\" content=\"Pier\u015bcionek z 1,63 ct Lab Grown Diamonds | Fashiongold.lt\" \/>\n<meta property=\"og:description\" content=\"Pier\u015bcionek o nowoczesnym wzornictwie z diamentami Lab Grown o masie 1,63 karata. Wysokiej jako\u015bci, wykonany r\u0119cznie, wyj\u0105tkowy design \u2013 idealny dla Twojej wybranki.\" \/>\n<meta property=\"og:url\" content=\"https:\/\/fashiongold.lt\/pl\/papuosalas\/pierscionek-z-diamentami-lab-grown-163-ct-diamentami-hodowanymi\/\" \/>\n<meta property=\"og:site_name\" content=\"FashionGold.lt\" \/>\n<meta name=\"twitter:card\" content=\"summary_large_image\" \/>\n<meta name=\"twitter:label1\" content=\"Szacowany czas czytania\" \/>\n\t<meta name=\"twitter:data1\" content=\"1 minuta\" \/>\n<script type=\"application\/ld+json\" class=\"yoast-schema-graph\">{\"@context\":\"https:\/\/schema.org\",\"@graph\":[{\"@type\":\"WebPage\",\"@id\":\"https:\/\/fashiongold.lt\/pl\/papuosalas\/pierscionek-z-diamentami-lab-grown-163-ct-diamentami-hodowanymi\/\",\"url\":\"https:\/\/fashiongold.lt\/pl\/papuosalas\/pierscionek-z-diamentami-lab-grown-163-ct-diamentami-hodowanymi\/\",\"name\":\"Pier\u015bcionek z 1,63 ct Lab Grown Diamonds | Fashiongold.lt\",\"isPartOf\":{\"@id\":\"https:\/\/fashiongold.lt\/pl\/#website\"},\"datePublished\":\"2025-10-14T18:46:37+00:00\",\"description\":\"Pier\u015bcionek o nowoczesnym wzornictwie z diamentami Lab Grown o masie 1,63 karata. Wysokiej jako\u015bci, wykonany r\u0119cznie, wyj\u0105tkowy design \u2013 idealny dla Twojej wybranki.\",\"breadcrumb\":{\"@id\":\"https:\/\/fashiongold.lt\/pl\/papuosalas\/pierscionek-z-diamentami-lab-grown-163-ct-diamentami-hodowanymi\/#breadcrumb\"},\"inLanguage\":\"pl-PL\",\"potentialAction\":[{\"@type\":\"ReadAction\",\"target\":[\"https:\/\/fashiongold.lt\/pl\/papuosalas\/pierscionek-z-diamentami-lab-grown-163-ct-diamentami-hodowanymi\/\"]}]},{\"@type\":\"BreadcrumbList\",\"@id\":\"https:\/\/fashiongold.lt\/pl\/papuosalas\/pierscionek-z-diamentami-lab-grown-163-ct-diamentami-hodowanymi\/#breadcrumb\",\"itemListElement\":[{\"@type\":\"ListItem\",\"position\":1,\"name\":\"Home\",\"item\":\"https:\/\/fashiongold.lt\/pl\/\"},{\"@type\":\"ListItem\",\"position\":2,\"name\":\"Sklep z diamentami Fashiongold.lt\",\"item\":\"https:\/\/fashiongold.lt\/shop-2\/\"},{\"@type\":\"ListItem\",\"position\":3,\"name\":\"Pier\u015bcionek z diamentami Lab Grown 1,63 ct (diamentami hodowanymi)\"}]},{\"@type\":\"WebSite\",\"@id\":\"https:\/\/fashiongold.lt\/pl\/#website\",\"url\":\"https:\/\/fashiongold.lt\/pl\/\",\"name\":\"Fashion Gold\",\"description\":\"Juvelyrikos namai\",\"publisher\":{\"@id\":\"https:\/\/fashiongold.lt\/pl\/#organization\"},\"potentialAction\":[{\"@type\":\"SearchAction\",\"target\":{\"@type\":\"EntryPoint\",\"urlTemplate\":\"https:\/\/fashiongold.lt\/pl\/?s={search_term_string}\"},\"query-input\":{\"@type\":\"PropertyValueSpecification\",\"valueRequired\":true,\"valueName\":\"search_term_string\"}}],\"inLanguage\":\"pl-PL\"},{\"@type\":\"Organization\",\"@id\":\"https:\/\/fashiongold.lt\/pl\/#organization\",\"name\":\"Topdiamonds Online\",\"url\":\"https:\/\/fashiongold.lt\/pl\/\",\"logo\":{\"@type\":\"ImageObject\",\"inLanguage\":\"pl-PL\",\"@id\":\"https:\/\/fashiongold.lt\/pl\/#\/schema\/logo\/image\/\",\"url\":\"https:\/\/fashiongold.lt\/wp-content\/uploads\/2025\/04\/cropped-fashion_gold_logotipas2-scaled-1.png\",\"contentUrl\":\"https:\/\/fashiongold.lt\/wp-content\/uploads\/2025\/04\/cropped-fashion_gold_logotipas2-scaled-1.png\",\"width\":2559,\"height\":421,\"caption\":\"Topdiamonds Online\"},\"image\":{\"@id\":\"https:\/\/fashiongold.lt\/pl\/#\/schema\/logo\/image\/\"}}]}<\/script>\n<!-- \/ Yoast SEO plugin. -->","yoast_head_json":{"title":"Pier\u015bcionek z 1,63 ct Lab Grown Diamonds | Fashiongold.lt","description":"Pier\u015bcionek o nowoczesnym wzornictwie z diamentami Lab Grown o masie 1,63 karata. Wysokiej jako\u015bci, wykonany r\u0119cznie, wyj\u0105tkowy design \u2013 idealny dla Twojej wybranki.","robots":{"index":"index","follow":"follow","max-snippet":"max-snippet:-1","max-image-preview":"max-image-preview:large","max-video-preview":"max-video-preview:-1"},"canonical":"https:\/\/fashiongold.lt\/pl\/papuosalas\/pierscionek-z-diamentami-lab-grown-163-ct-diamentami-hodowanymi\/","og_locale":"pl_PL","og_type":"article","og_title":"Pier\u015bcionek z 1,63 ct Lab Grown Diamonds | Fashiongold.lt","og_description":"Pier\u015bcionek o nowoczesnym wzornictwie z diamentami Lab Grown o masie 1,63 karata. Wysokiej jako\u015bci, wykonany r\u0119cznie, wyj\u0105tkowy design \u2013 idealny dla Twojej wybranki.","og_url":"https:\/\/fashiongold.lt\/pl\/papuosalas\/pierscionek-z-diamentami-lab-grown-163-ct-diamentami-hodowanymi\/","og_site_name":"FashionGold.lt","twitter_card":"summary_large_image","twitter_misc":{"Szacowany czas czytania":"1 minuta"},"schema":{"@context":"https:\/\/schema.org","@graph":[{"@type":"WebPage","@id":"https:\/\/fashiongold.lt\/pl\/papuosalas\/pierscionek-z-diamentami-lab-grown-163-ct-diamentami-hodowanymi\/","url":"https:\/\/fashiongold.lt\/pl\/papuosalas\/pierscionek-z-diamentami-lab-grown-163-ct-diamentami-hodowanymi\/","name":"Pier\u015bcionek z 1,63 ct Lab Grown Diamonds | Fashiongold.lt","isPartOf":{"@id":"https:\/\/fashiongold.lt\/pl\/#website"},"datePublished":"2025-10-14T18:46:37+00:00","description":"Pier\u015bcionek o nowoczesnym wzornictwie z diamentami Lab Grown o masie 1,63 karata. Wysokiej jako\u015bci, wykonany r\u0119cznie, wyj\u0105tkowy design \u2013 idealny dla Twojej wybranki.","breadcrumb":{"@id":"https:\/\/fashiongold.lt\/pl\/papuosalas\/pierscionek-z-diamentami-lab-grown-163-ct-diamentami-hodowanymi\/#breadcrumb"},"inLanguage":"pl-PL","potentialAction":[{"@type":"ReadAction","target":["https:\/\/fashiongold.lt\/pl\/papuosalas\/pierscionek-z-diamentami-lab-grown-163-ct-diamentami-hodowanymi\/"]}]},{"@type":"BreadcrumbList","@id":"https:\/\/fashiongold.lt\/pl\/papuosalas\/pierscionek-z-diamentami-lab-grown-163-ct-diamentami-hodowanymi\/#breadcrumb","itemListElement":[{"@type":"ListItem","position":1,"name":"Home","item":"https:\/\/fashiongold.lt\/pl\/"},{"@type":"ListItem","position":2,"name":"Sklep z diamentami Fashiongold.lt","item":"https:\/\/fashiongold.lt\/shop-2\/"},{"@type":"ListItem","position":3,"name":"Pier\u015bcionek z diamentami Lab Grown 1,63 ct (diamentami hodowanymi)"}]},{"@type":"WebSite","@id":"https:\/\/fashiongold.lt\/pl\/#website","url":"https:\/\/fashiongold.lt\/pl\/","name":"Fashion Gold","description":"Juvelyrikos namai","publisher":{"@id":"https:\/\/fashiongold.lt\/pl\/#organization"},"potentialAction":[{"@type":"SearchAction","target":{"@type":"EntryPoint","urlTemplate":"https:\/\/fashiongold.lt\/pl\/?s={search_term_string}"},"query-input":{"@type":"PropertyValueSpecification","valueRequired":true,"valueName":"search_term_string"}}],"inLanguage":"pl-PL"},{"@type":"Organization","@id":"https:\/\/fashiongold.lt\/pl\/#organization","name":"Topdiamonds Online","url":"https:\/\/fashiongold.lt\/pl\/","logo":{"@type":"ImageObject","inLanguage":"pl-PL","@id":"https:\/\/fashiongold.lt\/pl\/#\/schema\/logo\/image\/","url":"https:\/\/fashiongold.lt\/wp-content\/uploads\/2025\/04\/cropped-fashion_gold_logotipas2-scaled-1.png","contentUrl":"https:\/\/fashiongold.lt\/wp-content\/uploads\/2025\/04\/cropped-fashion_gold_logotipas2-scaled-1.png","width":2559,"height":421,"caption":"Topdiamonds Online"},"image":{"@id":"https:\/\/fashiongold.lt\/pl\/#\/schema\/logo\/image\/"}}]}},"_links":{"self":[{"href":"https:\/\/fashiongold.lt\/pl\/wp-json\/wp\/v2\/product\/282229","targetHints":{"allow":["GET"]}}],"collection":[{"href":"https:\/\/fashiongold.lt\/pl\/wp-json\/wp\/v2\/product"}],"about":[{"href":"https:\/\/fashiongold.lt\/pl\/wp-json\/wp\/v2\/types\/product"}],"version-history":[{"count":0,"href":"https:\/\/fashiongold.lt\/pl\/wp-json\/wp\/v2\/product\/282229\/revisions"}],"wp:attachment":[{"href":"https:\/\/fashiongold.lt\/pl\/wp-json\/wp\/v2\/media?parent=282229"}],"wp:term":[{"taxonomy":"product_brand","embeddable":true,"href":"https:\/\/fashiongold.lt\/pl\/wp-json\/wp\/v2\/product_brand?post=282229"},{"taxonomy":"product_cat","embeddable":true,"href":"https:\/\/fashiongold.lt\/pl\/wp-json\/wp\/v2\/product_cat?post=282229"},{"taxonomy":"product_tag","embeddable":true,"href":"https:\/\/fashiongold.lt\/pl\/wp-json\/wp\/v2\/product_tag?post=282229"}],"curies":[{"name":"wp","href":"https:\/\/api.w.org\/{rel}","templated":true}]}}