{"id":282254,"date":"2025-10-14T18:31:48","date_gmt":"2025-10-14T18:31:48","guid":{"rendered":"https:\/\/fashiongold.lt\/papuosalas\/7-00-ct-zloty-pierscionek-z-diamentami-lab-grown-emerald\/"},"modified":"2025-10-14T18:31:48","modified_gmt":"2025-10-14T18:31:48","slug":"7-00-ct-zloty-pierscionek-z-diamentami-lab-grown-emerald","status":"publish","type":"product","link":"https:\/\/fashiongold.lt\/pl\/papuosalas\/7-00-ct-zloty-pierscionek-z-diamentami-lab-grown-emerald\/","title":{"rendered":"7.00 ct z\u0142oty pier\u015bcionek z diamentami Lab Grown Emerald"},"content":{"rendered":"<p>Pier\u015bcionek o niespotykanej urodzie, w wyj\u0105tkowym stylu, wysokiej jako\u015bci, z soczewk\u0105 (komfortem). Pier\u015bcionek mo\u017ce zosta\u0107 wykonany na zam\u00f3wienie: z czerwonego, \u017c\u00f3\u0142tego oraz bia\u0142ego z\u0142ota.<\/p>\n<p>\u2022 Z\u0142oto pier\u015bcionka: 14 K (pr\u00f3ba 585), mo\u017cemy wykona\u0107 z 10K (pr\u00f3ba 375), 18K (pr\u00f3ba 750)<\/p>\n<p>\u2022 Kolor pier\u015bcionka: do wyboru bia\u0142e, \u017c\u00f3\u0142te, czerwone z\u0142oto<\/p>\n<p>\u2022 Waga pier\u015bcionka (zale\u017cy od rozmiaru i pr\u00f3by): ok. 6,00 &#8211; 8,00 g<\/p>\n<p>\u2022 Wymiary pier\u015bcionka: szeroko\u015b\u0107 ok. 5.20 mm (mo\u017cliwo\u015b\u0107 zmiany)<\/p>\n<p>\u2022 Soczewka (komfort): tak<\/p>\n<p>\u2022 Typ diamentu: Lab diamond (diament wyhodowany w laboratorium)<\/p>\n<p>\u2022 Kszta\u0142t diamentu: prostok\u0105tny (szlif szmaragdowy \/ Emerald cut)<\/p>\n<p>\u2022 Charakterystyka diamentu: 7.00 ct (15 szt. x 0,50 ct) (kolor D-F, czysto\u015b\u0107 VVS-VS) (mo\u017cliwo\u015b\u0107 zmiany)<\/p>\n<p>\u2022 Certyfikat: Litewski Urz\u0105d Probierczy (LPR)<\/p>\n<p>\u2022 Grawerowanie gratis<\/p>\n<p>\u2022 Jednorazowa bezp\u0142atna gwarancja zmiany rozmiaru pier\u015bcionka (w miar\u0119 mo\u017cliwo\u015bci)<\/p>\n<p>\u2022 Termin wykonania i dostawy od 14 dni roboczych, w trybie pilnym w ci\u0105gu 3 dni roboczych<\/p>\n<p><strong>Masz w\u0142asne z\u0142oto? Skontaktuj si\u0119 z nami, przeliczymy cen\u0119 \u2013 zap\u0142acisz tylko za wykonanie pier\u015bcionka.<\/strong><\/p>\n","protected":false},"excerpt":{"rendered":"<p>Pier\u015bcionek ozdobiony diamentami o prostok\u0105tnym kszta\u0142cie to wyj\u0105tkowy i elegancki wyb\u00f3r, odzwierciedlaj\u0105cy unikaln\u0105 drog\u0119 mi\u0142o\u015bci pary. Klasyczny pier\u015bcionek damski, w kt\u00f3rym \u0142\u0105czna masa diament\u00f3w wynosi a\u017c 7,00 karat\u00f3w. Niepowtarzalny wyb\u00f3r, wyra\u017caj\u0105cy wasz\u0105 mi\u0142o\u015b\u0107 i nios\u0105cy wielk\u0105 warto\u015b\u0107 emocjonaln\u0105 z pokolenia na pokolenie.<\/p>\n","protected":false},"featured_media":0,"template":"","meta":{"site-sidebar-layout":"","site-content-layout":"","ast-site-content-layout":"","site-content-style":"","site-sidebar-style":"","ast-global-header-display":"","ast-banner-title-visibility":"","ast-main-header-display":"","ast-hfb-above-header-display":"","ast-hfb-below-header-display":"","ast-hfb-mobile-header-display":"","site-post-title":"","ast-breadcrumbs-content":"","ast-featured-img":"","footer-sml-layout":"","ast-disable-related-posts":"","theme-transparent-header-meta":"","adv-header-id-meta":"","stick-header-meta":"","header-above-stick-meta":"","header-main-stick-meta":"","header-below-stick-meta":"","astra-migrate-meta-layouts":"default","ast-page-background-enabled":"default","ast-page-background-meta":{"desktop":{"background-color":"var(--ast-global-color-4)","background-image":"","background-repeat":"repeat","background-position":"center center","background-size":"auto","background-attachment":"scroll","background-type":"","background-media":"","overlay-type":"","overlay-color":"","overlay-opacity":"","overlay-gradient":""},"tablet":{"background-color":"","background-image":"","background-repeat":"repeat","background-position":"center center","background-size":"auto","background-attachment":"scroll","background-type":"","background-media":"","overlay-type":"","overlay-color":"","overlay-opacity":"","overlay-gradient":""},"mobile":{"background-color":"","background-image":"","background-repeat":"repeat","background-position":"center center","background-size":"auto","background-attachment":"scroll","background-type":"","background-media":"","overlay-type":"","overlay-color":"","overlay-opacity":"","overlay-gradient":""}},"ast-content-background-meta":{"desktop":{"background-color":"var(--ast-global-color-5)","background-image":"","background-repeat":"repeat","background-position":"center center","background-size":"auto","background-attachment":"scroll","background-type":"","background-media":"","overlay-type":"","overlay-color":"","overlay-opacity":"","overlay-gradient":""},"tablet":{"background-color":"var(--ast-global-color-5)","background-image":"","background-repeat":"repeat","background-position":"center center","background-size":"auto","background-attachment":"scroll","background-type":"","background-media":"","overlay-type":"","overlay-color":"","overlay-opacity":"","overlay-gradient":""},"mobile":{"background-color":"var(--ast-global-color-5)","background-image":"","background-repeat":"repeat","background-position":"center center","background-size":"auto","background-attachment":"scroll","background-type":"","background-media":"","overlay-type":"","overlay-color":"","overlay-opacity":"","overlay-gradient":""}}},"product_brand":[],"product_cat":[3750,3303,3744,3358,3232,3357,2860,3743],"product_tag":[],"class_list":{"0":"post-282254","1":"product","2":"type-product","3":"status-publish","5":"product_cat-diamentowa-obraczka-z-diamentami-laboratoryjnymi","6":"product_cat-obraczki-slubne","7":"product_cat-obraczki-slubne-z-diamentami-laboratoryjnymi-diamenty-hodowlane","8":"product_cat-pierscionki-z-diamentami-laboratoryjnymi-diamenty-hodowlane","9":"product_cat-pierscionki-zareczynowe","10":"product_cat-pierscionki-zareczynowe-z-diamentami-laboratoryjnymi","11":"product_cat-prezenty-na-wyjatkowe-okazje","12":"product_cat-wyjatkowe-obraczki-slubne-stworzone-przez-projektantow","13":"desktop-align-center","14":"tablet-align-left","15":"mobile-align-left","16":"ast-product-gallery-layout-horizontal-slider","17":"ast-product-gallery-with-no-image","18":"ast-product-single-variable","19":"ast-product-tabs-layout-accordion","20":"ast-qv-on-image","22":"first","23":"instock","24":"taxable","25":"shipping-taxable","26":"purchasable","27":"product-type-variable"},"yoast_head":"<!-- This site is optimized with the Yoast SEO plugin v26.6 - https:\/\/yoast.com\/wordpress\/plugins\/seo\/ -->\n<title>Diamentowa obr\u0105czka z 7.00 ct diamentami Lab Grown o szlifie szmaragdowym<\/title>\n<meta name=\"description\" content=\"Pier\u015bcionek zdobiony diamentami o prostok\u0105tnym kszta\u0142cie to wyj\u0105tkowy wyb\u00f3r. Pier\u015bcionek damski, w kt\u00f3rym \u0142\u0105czna masa diament\u00f3w wynosi a\u017c 7.00 karat\u00f3w.\" \/>\n<meta name=\"robots\" content=\"index, follow, max-snippet:-1, max-image-preview:large, max-video-preview:-1\" \/>\n<link rel=\"canonical\" href=\"https:\/\/fashiongold.lt\/pl\/papuosalas\/7-00-ct-zloty-pierscionek-z-diamentami-lab-grown-emerald\/\" \/>\n<meta property=\"og:locale\" content=\"pl_PL\" \/>\n<meta property=\"og:type\" content=\"article\" \/>\n<meta property=\"og:title\" content=\"Diamentowa obr\u0105czka z 7.00 ct diamentami Lab Grown o szlifie szmaragdowym\" \/>\n<meta property=\"og:description\" content=\"Pier\u015bcionek zdobiony diamentami o prostok\u0105tnym kszta\u0142cie to wyj\u0105tkowy wyb\u00f3r. Pier\u015bcionek damski, w kt\u00f3rym \u0142\u0105czna masa diament\u00f3w wynosi a\u017c 7.00 karat\u00f3w.\" \/>\n<meta property=\"og:url\" content=\"https:\/\/fashiongold.lt\/pl\/papuosalas\/7-00-ct-zloty-pierscionek-z-diamentami-lab-grown-emerald\/\" \/>\n<meta property=\"og:site_name\" content=\"FashionGold.lt\" \/>\n<meta name=\"twitter:card\" content=\"summary_large_image\" \/>\n<meta name=\"twitter:label1\" content=\"Szacowany czas czytania\" \/>\n\t<meta name=\"twitter:data1\" content=\"1 minuta\" \/>\n<script type=\"application\/ld+json\" class=\"yoast-schema-graph\">{\"@context\":\"https:\/\/schema.org\",\"@graph\":[{\"@type\":\"WebPage\",\"@id\":\"https:\/\/fashiongold.lt\/pl\/papuosalas\/7-00-ct-zloty-pierscionek-z-diamentami-lab-grown-emerald\/\",\"url\":\"https:\/\/fashiongold.lt\/pl\/papuosalas\/7-00-ct-zloty-pierscionek-z-diamentami-lab-grown-emerald\/\",\"name\":\"Diamentowa obr\u0105czka z 7.00 ct diamentami Lab Grown o szlifie szmaragdowym\",\"isPartOf\":{\"@id\":\"https:\/\/fashiongold.lt\/pl\/#website\"},\"datePublished\":\"2025-10-14T18:31:48+00:00\",\"description\":\"Pier\u015bcionek zdobiony diamentami o prostok\u0105tnym kszta\u0142cie to wyj\u0105tkowy wyb\u00f3r. Pier\u015bcionek damski, w kt\u00f3rym \u0142\u0105czna masa diament\u00f3w wynosi a\u017c 7.00 karat\u00f3w.\",\"breadcrumb\":{\"@id\":\"https:\/\/fashiongold.lt\/pl\/papuosalas\/7-00-ct-zloty-pierscionek-z-diamentami-lab-grown-emerald\/#breadcrumb\"},\"inLanguage\":\"pl-PL\",\"potentialAction\":[{\"@type\":\"ReadAction\",\"target\":[\"https:\/\/fashiongold.lt\/pl\/papuosalas\/7-00-ct-zloty-pierscionek-z-diamentami-lab-grown-emerald\/\"]}]},{\"@type\":\"BreadcrumbList\",\"@id\":\"https:\/\/fashiongold.lt\/pl\/papuosalas\/7-00-ct-zloty-pierscionek-z-diamentami-lab-grown-emerald\/#breadcrumb\",\"itemListElement\":[{\"@type\":\"ListItem\",\"position\":1,\"name\":\"Home\",\"item\":\"https:\/\/fashiongold.lt\/pl\/\"},{\"@type\":\"ListItem\",\"position\":2,\"name\":\"Sklep z diamentami Fashiongold.lt\",\"item\":\"https:\/\/fashiongold.lt\/shop-2\/\"},{\"@type\":\"ListItem\",\"position\":3,\"name\":\"7.00 ct z\u0142oty pier\u015bcionek z diamentami Lab Grown Emerald\"}]},{\"@type\":\"WebSite\",\"@id\":\"https:\/\/fashiongold.lt\/pl\/#website\",\"url\":\"https:\/\/fashiongold.lt\/pl\/\",\"name\":\"Fashion Gold\",\"description\":\"Juvelyrikos namai\",\"publisher\":{\"@id\":\"https:\/\/fashiongold.lt\/pl\/#organization\"},\"potentialAction\":[{\"@type\":\"SearchAction\",\"target\":{\"@type\":\"EntryPoint\",\"urlTemplate\":\"https:\/\/fashiongold.lt\/pl\/?s={search_term_string}\"},\"query-input\":{\"@type\":\"PropertyValueSpecification\",\"valueRequired\":true,\"valueName\":\"search_term_string\"}}],\"inLanguage\":\"pl-PL\"},{\"@type\":\"Organization\",\"@id\":\"https:\/\/fashiongold.lt\/pl\/#organization\",\"name\":\"Topdiamonds Online\",\"url\":\"https:\/\/fashiongold.lt\/pl\/\",\"logo\":{\"@type\":\"ImageObject\",\"inLanguage\":\"pl-PL\",\"@id\":\"https:\/\/fashiongold.lt\/pl\/#\/schema\/logo\/image\/\",\"url\":\"https:\/\/fashiongold.lt\/wp-content\/uploads\/2025\/04\/cropped-fashion_gold_logotipas2-scaled-1.png\",\"contentUrl\":\"https:\/\/fashiongold.lt\/wp-content\/uploads\/2025\/04\/cropped-fashion_gold_logotipas2-scaled-1.png\",\"width\":2559,\"height\":421,\"caption\":\"Topdiamonds Online\"},\"image\":{\"@id\":\"https:\/\/fashiongold.lt\/pl\/#\/schema\/logo\/image\/\"}}]}<\/script>\n<!-- \/ Yoast SEO plugin. -->","yoast_head_json":{"title":"Diamentowa obr\u0105czka z 7.00 ct diamentami Lab Grown o szlifie szmaragdowym","description":"Pier\u015bcionek zdobiony diamentami o prostok\u0105tnym kszta\u0142cie to wyj\u0105tkowy wyb\u00f3r. Pier\u015bcionek damski, w kt\u00f3rym \u0142\u0105czna masa diament\u00f3w wynosi a\u017c 7.00 karat\u00f3w.","robots":{"index":"index","follow":"follow","max-snippet":"max-snippet:-1","max-image-preview":"max-image-preview:large","max-video-preview":"max-video-preview:-1"},"canonical":"https:\/\/fashiongold.lt\/pl\/papuosalas\/7-00-ct-zloty-pierscionek-z-diamentami-lab-grown-emerald\/","og_locale":"pl_PL","og_type":"article","og_title":"Diamentowa obr\u0105czka z 7.00 ct diamentami Lab Grown o szlifie szmaragdowym","og_description":"Pier\u015bcionek zdobiony diamentami o prostok\u0105tnym kszta\u0142cie to wyj\u0105tkowy wyb\u00f3r. Pier\u015bcionek damski, w kt\u00f3rym \u0142\u0105czna masa diament\u00f3w wynosi a\u017c 7.00 karat\u00f3w.","og_url":"https:\/\/fashiongold.lt\/pl\/papuosalas\/7-00-ct-zloty-pierscionek-z-diamentami-lab-grown-emerald\/","og_site_name":"FashionGold.lt","twitter_card":"summary_large_image","twitter_misc":{"Szacowany czas czytania":"1 minuta"},"schema":{"@context":"https:\/\/schema.org","@graph":[{"@type":"WebPage","@id":"https:\/\/fashiongold.lt\/pl\/papuosalas\/7-00-ct-zloty-pierscionek-z-diamentami-lab-grown-emerald\/","url":"https:\/\/fashiongold.lt\/pl\/papuosalas\/7-00-ct-zloty-pierscionek-z-diamentami-lab-grown-emerald\/","name":"Diamentowa obr\u0105czka z 7.00 ct diamentami Lab Grown o szlifie szmaragdowym","isPartOf":{"@id":"https:\/\/fashiongold.lt\/pl\/#website"},"datePublished":"2025-10-14T18:31:48+00:00","description":"Pier\u015bcionek zdobiony diamentami o prostok\u0105tnym kszta\u0142cie to wyj\u0105tkowy wyb\u00f3r. Pier\u015bcionek damski, w kt\u00f3rym \u0142\u0105czna masa diament\u00f3w wynosi a\u017c 7.00 karat\u00f3w.","breadcrumb":{"@id":"https:\/\/fashiongold.lt\/pl\/papuosalas\/7-00-ct-zloty-pierscionek-z-diamentami-lab-grown-emerald\/#breadcrumb"},"inLanguage":"pl-PL","potentialAction":[{"@type":"ReadAction","target":["https:\/\/fashiongold.lt\/pl\/papuosalas\/7-00-ct-zloty-pierscionek-z-diamentami-lab-grown-emerald\/"]}]},{"@type":"BreadcrumbList","@id":"https:\/\/fashiongold.lt\/pl\/papuosalas\/7-00-ct-zloty-pierscionek-z-diamentami-lab-grown-emerald\/#breadcrumb","itemListElement":[{"@type":"ListItem","position":1,"name":"Home","item":"https:\/\/fashiongold.lt\/pl\/"},{"@type":"ListItem","position":2,"name":"Sklep z diamentami Fashiongold.lt","item":"https:\/\/fashiongold.lt\/shop-2\/"},{"@type":"ListItem","position":3,"name":"7.00 ct z\u0142oty pier\u015bcionek z diamentami Lab Grown Emerald"}]},{"@type":"WebSite","@id":"https:\/\/fashiongold.lt\/pl\/#website","url":"https:\/\/fashiongold.lt\/pl\/","name":"Fashion Gold","description":"Juvelyrikos namai","publisher":{"@id":"https:\/\/fashiongold.lt\/pl\/#organization"},"potentialAction":[{"@type":"SearchAction","target":{"@type":"EntryPoint","urlTemplate":"https:\/\/fashiongold.lt\/pl\/?s={search_term_string}"},"query-input":{"@type":"PropertyValueSpecification","valueRequired":true,"valueName":"search_term_string"}}],"inLanguage":"pl-PL"},{"@type":"Organization","@id":"https:\/\/fashiongold.lt\/pl\/#organization","name":"Topdiamonds Online","url":"https:\/\/fashiongold.lt\/pl\/","logo":{"@type":"ImageObject","inLanguage":"pl-PL","@id":"https:\/\/fashiongold.lt\/pl\/#\/schema\/logo\/image\/","url":"https:\/\/fashiongold.lt\/wp-content\/uploads\/2025\/04\/cropped-fashion_gold_logotipas2-scaled-1.png","contentUrl":"https:\/\/fashiongold.lt\/wp-content\/uploads\/2025\/04\/cropped-fashion_gold_logotipas2-scaled-1.png","width":2559,"height":421,"caption":"Topdiamonds Online"},"image":{"@id":"https:\/\/fashiongold.lt\/pl\/#\/schema\/logo\/image\/"}}]}},"_links":{"self":[{"href":"https:\/\/fashiongold.lt\/pl\/wp-json\/wp\/v2\/product\/282254","targetHints":{"allow":["GET"]}}],"collection":[{"href":"https:\/\/fashiongold.lt\/pl\/wp-json\/wp\/v2\/product"}],"about":[{"href":"https:\/\/fashiongold.lt\/pl\/wp-json\/wp\/v2\/types\/product"}],"version-history":[{"count":0,"href":"https:\/\/fashiongold.lt\/pl\/wp-json\/wp\/v2\/product\/282254\/revisions"}],"wp:attachment":[{"href":"https:\/\/fashiongold.lt\/pl\/wp-json\/wp\/v2\/media?parent=282254"}],"wp:term":[{"taxonomy":"product_brand","embeddable":true,"href":"https:\/\/fashiongold.lt\/pl\/wp-json\/wp\/v2\/product_brand?post=282254"},{"taxonomy":"product_cat","embeddable":true,"href":"https:\/\/fashiongold.lt\/pl\/wp-json\/wp\/v2\/product_cat?post=282254"},{"taxonomy":"product_tag","embeddable":true,"href":"https:\/\/fashiongold.lt\/pl\/wp-json\/wp\/v2\/product_tag?post=282254"}],"curies":[{"name":"wp","href":"https:\/\/api.w.org\/{rel}","templated":true}]}}