{"id":282529,"date":"2025-10-14T17:32:46","date_gmt":"2025-10-14T17:32:46","guid":{"rendered":"https:\/\/fashiongold.lt\/papuosalas\/pierscionek-z-3-ct-lab-diamond-wyhodowanym-diamentem\/"},"modified":"2025-10-14T17:32:46","modified_gmt":"2025-10-14T17:32:46","slug":"pierscionek-z-3-ct-lab-diamond-wyhodowanym-diamentem","status":"publish","type":"product","link":"https:\/\/fashiongold.lt\/pl\/papuosalas\/pierscionek-z-3-ct-lab-diamond-wyhodowanym-diamentem\/","title":{"rendered":"Pier\u015bcionek z 3 ct Lab Diamond (wyhodowanym diamentem)"},"content":{"rendered":"<p><span>Pier\u015bcionek stworzony przez mistrz\u00f3w jubilerstwa \u201eFashion Gold\u201d charakteryzuje si\u0119 niezwykle wysok\u0105 jako\u015bci\u0105, posiada certyfikat Litewskiej Izby Probierczej i jest dost\u0119pny w bardzo atrakcyjnej cenie. To bi\u017cuteria, kt\u00f3r\u0105 mo\u017cna przekazywa\u0107 z pokolenia na pokolenie jako relikwi\u0119 rodzinn\u0105, poniewa\u017c ani z\u0142oto, ani diamenty nigdy nie trac\u0105 na warto\u015bci. Ten z\u0142oty pier\u015bcionek mo\u017cna zam\u00f3wi\u0107 zar\u00f3wno w salonie, jak i przez internet. <\/span>Tym pier\u015bcionkiem mo\u017cesz si\u0119 o\u015bwiadczy\u0107, ale nadaje si\u0119 on r\u00f3wnie\u017c na inne okazje \u2013 spraw rado\u015b\u0107 ukochanej kobiecie na Bo\u017ce Narodzenie, Walentynki, urodziny lub rocznic\u0119.<\/p>\n<p>Pier\u015bcionek o niepowtarzalnej urodzie, wyj\u0105tkowym stylu, wysokiej jako\u015bci i z soczewk\u0105 (komfortowym wyprofilowaniem). Pier\u015bcionek mo\u017ce zosta\u0107 wykonany na zam\u00f3wienie z czerwonego, \u017c\u00f3\u0142tego lub bia\u0142ego z\u0142ota.<\/p>\n<p>\u2022 Z\u0142oto pier\u015bcionka: 14 K (pr\u00f3ba 585), mo\u017cemy wykona\u0107 z 10K (pr\u00f3ba 375), 18K (pr\u00f3ba 750)       <\/p>\n<p>\u2022 Kolor pier\u015bcionka: do wyboru bia\u0142e, \u017c\u00f3\u0142te, czerwone z\u0142oto<\/p>\n<p>\u2022 Waga pier\u015bcionka (zale\u017cy od rozmiaru i pr\u00f3by): ok. 3,00 &#8211; 5,00 g          <\/p>\n<p>\u2022 Wymiary pier\u015bcionka: szeroko\u015b\u0107 korony ok. 10,5-11,0 mm (mo\u017cliwo\u015b\u0107 zmiany)     <\/p>\n<p>\u2022 Soczewka (strefa komfortu): jest   <\/p>\n<p>\u2022 Typ diamentu: Diament hodowlany (Lab grown diamonds)     <\/p>\n<p>\u2022 Szlif diamentu: Okr\u0105g\u0142y (Round cut)     <\/p>\n<p>\u2022 Charakterystyka diamentu: 3,00 ct (barwa E, czysto\u015b\u0107 VVS2, szlif: proporcje Ex, symetria Ex, polerowanie Ex) (mo\u017cliwo\u015b\u0107 zmiany)     <\/p>\n<p>\u2022 Certyfikat: Litewska Izba Probiercza (LPR), dodatkowo certyfikat IGI       <\/p>\n<p>\u2022 Grawerowanie gratis <\/p>\n<p>\u2022 Jednorazowa bezp\u0142atna gwarancja zmiany rozmiaru pier\u015bcionka (w miar\u0119 mo\u017cliwo\u015bci) <\/p>\n<p>\u2022 Termin wykonania i dostawy od 14 dni roboczych, w trybie pilnym w ci\u0105gu 3 dni roboczych. <\/p>\n<p><strong>Masz w\u0142asne z\u0142oto? Skontaktuj si\u0119 z nami, przeliczymy cen\u0119 \u2013 zap\u0142acisz tylko za wykonanie pier\u015bcionka.<\/strong><\/p>\n","protected":false},"excerpt":{"rendered":"<p>Elegancki pier\u015bcionek zar\u0119czynowy z hodowanym diamentem o masie 3,00 ct. Wysoka jako\u015b\u0107, r\u0119czne wykonanie, wyj\u0105tkowe wzornictwo \u2013 ponadczasowa klasyka, kt\u00f3ra idealnie pasuje dla Twojej wybranej.<\/p>\n","protected":false},"featured_media":200578,"template":"","meta":{"site-sidebar-layout":"","site-content-layout":"","ast-site-content-layout":"","site-content-style":"","site-sidebar-style":"","ast-global-header-display":"","ast-banner-title-visibility":"","ast-main-header-display":"","ast-hfb-above-header-display":"","ast-hfb-below-header-display":"","ast-hfb-mobile-header-display":"","site-post-title":"","ast-breadcrumbs-content":"","ast-featured-img":"","footer-sml-layout":"","ast-disable-related-posts":"","theme-transparent-header-meta":"","adv-header-id-meta":"","stick-header-meta":"","header-above-stick-meta":"","header-main-stick-meta":"","header-below-stick-meta":"","astra-migrate-meta-layouts":"default","ast-page-background-enabled":"default","ast-page-background-meta":{"desktop":{"background-color":"var(--ast-global-color-4)","background-image":"","background-repeat":"repeat","background-position":"center center","background-size":"auto","background-attachment":"scroll","background-type":"","background-media":"","overlay-type":"","overlay-color":"","overlay-opacity":"","overlay-gradient":""},"tablet":{"background-color":"","background-image":"","background-repeat":"repeat","background-position":"center center","background-size":"auto","background-attachment":"scroll","background-type":"","background-media":"","overlay-type":"","overlay-color":"","overlay-opacity":"","overlay-gradient":""},"mobile":{"background-color":"","background-image":"","background-repeat":"repeat","background-position":"center center","background-size":"auto","background-attachment":"scroll","background-type":"","background-media":"","overlay-type":"","overlay-color":"","overlay-opacity":"","overlay-gradient":""}},"ast-content-background-meta":{"desktop":{"background-color":"var(--ast-global-color-5)","background-image":"","background-repeat":"repeat","background-position":"center center","background-size":"auto","background-attachment":"scroll","background-type":"","background-media":"","overlay-type":"","overlay-color":"","overlay-opacity":"","overlay-gradient":""},"tablet":{"background-color":"var(--ast-global-color-5)","background-image":"","background-repeat":"repeat","background-position":"center center","background-size":"auto","background-attachment":"scroll","background-type":"","background-media":"","overlay-type":"","overlay-color":"","overlay-opacity":"","overlay-gradient":""},"mobile":{"background-color":"var(--ast-global-color-5)","background-image":"","background-repeat":"repeat","background-position":"center center","background-size":"auto","background-attachment":"scroll","background-type":"","background-media":"","overlay-type":"","overlay-color":"","overlay-opacity":"","overlay-gradient":""}}},"product_brand":[],"product_cat":[3358,3232,3233,3357,2860,2854,3240],"product_tag":[],"class_list":{"0":"post-282529","1":"product","2":"type-product","3":"status-publish","4":"has-post-thumbnail","6":"product_cat-pierscionki-z-diamentami-laboratoryjnymi-diamenty-hodowlane","7":"product_cat-pierscionki-zareczynowe","8":"product_cat-pierscionki-zareczynowe-z-bialego-zlota","9":"product_cat-pierscionki-zareczynowe-z-diamentami-laboratoryjnymi","10":"product_cat-prezenty-na-wyjatkowe-okazje","11":"product_cat-prezenty-z-okazji-narodzin-dziecka","12":"product_cat-top-pierscionki-zareczynowe","13":"desktop-align-center","14":"tablet-align-left","15":"mobile-align-left","16":"ast-product-gallery-layout-horizontal-slider","17":"ast-product-gallery-with-no-image","18":"ast-product-single-variable","19":"ast-product-tabs-layout-accordion","20":"ast-qv-on-image","22":"first","23":"instock","24":"taxable","25":"shipping-taxable","26":"purchasable","27":"product-type-variable"},"yoast_head":"<!-- This site is optimized with the Yoast SEO plugin v26.6 - https:\/\/yoast.com\/wordpress\/plugins\/seo\/ -->\n<title>Z\u0142oty pier\u015bcionek z diamentem laboratoryjnym 3 ct | FashionGold.lt<\/title>\n<meta name=\"description\" content=\"Elegancki pier\u015bcionek zar\u0119czynowy z 3-karatowym diamentem hodowlanym. Wysoka jako\u015b\u0107, r\u0119czne wykonanie, wyj\u0105tkowy design \u2013 ponadczasowa klasyka, kt\u00f3ra idealnie pasuje do Twojej wybranki.\" \/>\n<meta name=\"robots\" content=\"index, follow, max-snippet:-1, max-image-preview:large, max-video-preview:-1\" \/>\n<link rel=\"canonical\" href=\"https:\/\/fashiongold.lt\/pl\/papuosalas\/pierscionek-z-3-ct-lab-diamond-wyhodowanym-diamentem\/\" \/>\n<meta property=\"og:locale\" content=\"pl_PL\" \/>\n<meta property=\"og:type\" content=\"article\" \/>\n<meta property=\"og:title\" content=\"Z\u0142oty pier\u015bcionek z diamentem laboratoryjnym 3 ct | FashionGold.lt\" \/>\n<meta property=\"og:description\" content=\"Elegancki pier\u015bcionek zar\u0119czynowy z 3-karatowym diamentem hodowlanym. Wysoka jako\u015b\u0107, r\u0119czne wykonanie, wyj\u0105tkowy design \u2013 ponadczasowa klasyka, kt\u00f3ra idealnie pasuje do Twojej wybranki.\" \/>\n<meta property=\"og:url\" content=\"https:\/\/fashiongold.lt\/pl\/papuosalas\/pierscionek-z-3-ct-lab-diamond-wyhodowanym-diamentem\/\" \/>\n<meta property=\"og:site_name\" content=\"FashionGold.lt\" \/>\n<meta property=\"og:image\" content=\"https:\/\/fashiongold.lt\/wp-content\/uploads\/2025\/10\/9542-9f6-Auksinis-ziedas-su-3-ct-briliantu.webp\" \/>\n\t<meta property=\"og:image:width\" content=\"1999\" \/>\n\t<meta property=\"og:image:height\" content=\"2031\" \/>\n\t<meta property=\"og:image:type\" content=\"image\/jpeg\" \/>\n<meta name=\"twitter:card\" content=\"summary_large_image\" \/>\n<meta name=\"twitter:label1\" content=\"Szacowany czas czytania\" \/>\n\t<meta name=\"twitter:data1\" content=\"1 minuta\" \/>\n<script type=\"application\/ld+json\" class=\"yoast-schema-graph\">{\"@context\":\"https:\/\/schema.org\",\"@graph\":[{\"@type\":\"WebPage\",\"@id\":\"https:\/\/fashiongold.lt\/pl\/papuosalas\/pierscionek-z-3-ct-lab-diamond-wyhodowanym-diamentem\/\",\"url\":\"https:\/\/fashiongold.lt\/pl\/papuosalas\/pierscionek-z-3-ct-lab-diamond-wyhodowanym-diamentem\/\",\"name\":\"Z\u0142oty pier\u015bcionek z diamentem laboratoryjnym 3 ct | FashionGold.lt\",\"isPartOf\":{\"@id\":\"https:\/\/fashiongold.lt\/pl\/#website\"},\"primaryImageOfPage\":{\"@id\":\"https:\/\/fashiongold.lt\/pl\/papuosalas\/pierscionek-z-3-ct-lab-diamond-wyhodowanym-diamentem\/#primaryimage\"},\"image\":{\"@id\":\"https:\/\/fashiongold.lt\/pl\/papuosalas\/pierscionek-z-3-ct-lab-diamond-wyhodowanym-diamentem\/#primaryimage\"},\"thumbnailUrl\":\"https:\/\/fashiongold.lt\/wp-content\/uploads\/2025\/10\/9542-9f6-Auksinis-ziedas-su-3-ct-briliantu.jpg\",\"datePublished\":\"2025-10-14T17:32:46+00:00\",\"description\":\"Elegancki pier\u015bcionek zar\u0119czynowy z 3-karatowym diamentem hodowlanym. Wysoka jako\u015b\u0107, r\u0119czne wykonanie, wyj\u0105tkowy design \u2013 ponadczasowa klasyka, kt\u00f3ra idealnie pasuje do Twojej wybranki.\",\"breadcrumb\":{\"@id\":\"https:\/\/fashiongold.lt\/pl\/papuosalas\/pierscionek-z-3-ct-lab-diamond-wyhodowanym-diamentem\/#breadcrumb\"},\"inLanguage\":\"pl-PL\",\"potentialAction\":[{\"@type\":\"ReadAction\",\"target\":[\"https:\/\/fashiongold.lt\/pl\/papuosalas\/pierscionek-z-3-ct-lab-diamond-wyhodowanym-diamentem\/\"]}]},{\"@type\":\"ImageObject\",\"inLanguage\":\"pl-PL\",\"@id\":\"https:\/\/fashiongold.lt\/pl\/papuosalas\/pierscionek-z-3-ct-lab-diamond-wyhodowanym-diamentem\/#primaryimage\",\"url\":\"https:\/\/fashiongold.lt\/wp-content\/uploads\/2025\/10\/9542-9f6-Auksinis-ziedas-su-3-ct-briliantu.jpg\",\"contentUrl\":\"https:\/\/fashiongold.lt\/wp-content\/uploads\/2025\/10\/9542-9f6-Auksinis-ziedas-su-3-ct-briliantu.jpg\",\"width\":1999,\"height\":2031},{\"@type\":\"BreadcrumbList\",\"@id\":\"https:\/\/fashiongold.lt\/pl\/papuosalas\/pierscionek-z-3-ct-lab-diamond-wyhodowanym-diamentem\/#breadcrumb\",\"itemListElement\":[{\"@type\":\"ListItem\",\"position\":1,\"name\":\"Home\",\"item\":\"https:\/\/fashiongold.lt\/pl\/\"},{\"@type\":\"ListItem\",\"position\":2,\"name\":\"Sklep z diamentami Fashiongold.lt\",\"item\":\"https:\/\/fashiongold.lt\/shop-2\/\"},{\"@type\":\"ListItem\",\"position\":3,\"name\":\"Pier\u015bcionek z 3 ct Lab Diamond (wyhodowanym diamentem)\"}]},{\"@type\":\"WebSite\",\"@id\":\"https:\/\/fashiongold.lt\/pl\/#website\",\"url\":\"https:\/\/fashiongold.lt\/pl\/\",\"name\":\"Fashion Gold\",\"description\":\"Juvelyrikos namai\",\"publisher\":{\"@id\":\"https:\/\/fashiongold.lt\/pl\/#organization\"},\"potentialAction\":[{\"@type\":\"SearchAction\",\"target\":{\"@type\":\"EntryPoint\",\"urlTemplate\":\"https:\/\/fashiongold.lt\/pl\/?s={search_term_string}\"},\"query-input\":{\"@type\":\"PropertyValueSpecification\",\"valueRequired\":true,\"valueName\":\"search_term_string\"}}],\"inLanguage\":\"pl-PL\"},{\"@type\":\"Organization\",\"@id\":\"https:\/\/fashiongold.lt\/pl\/#organization\",\"name\":\"Topdiamonds Online\",\"url\":\"https:\/\/fashiongold.lt\/pl\/\",\"logo\":{\"@type\":\"ImageObject\",\"inLanguage\":\"pl-PL\",\"@id\":\"https:\/\/fashiongold.lt\/pl\/#\/schema\/logo\/image\/\",\"url\":\"https:\/\/fashiongold.lt\/wp-content\/uploads\/2025\/04\/cropped-fashion_gold_logotipas2-scaled-1.png\",\"contentUrl\":\"https:\/\/fashiongold.lt\/wp-content\/uploads\/2025\/04\/cropped-fashion_gold_logotipas2-scaled-1.png\",\"width\":2559,\"height\":421,\"caption\":\"Topdiamonds Online\"},\"image\":{\"@id\":\"https:\/\/fashiongold.lt\/pl\/#\/schema\/logo\/image\/\"}}]}<\/script>\n<!-- \/ Yoast SEO plugin. -->","yoast_head_json":{"title":"Z\u0142oty pier\u015bcionek z diamentem laboratoryjnym 3 ct | FashionGold.lt","description":"Elegancki pier\u015bcionek zar\u0119czynowy z 3-karatowym diamentem hodowlanym. Wysoka jako\u015b\u0107, r\u0119czne wykonanie, wyj\u0105tkowy design \u2013 ponadczasowa klasyka, kt\u00f3ra idealnie pasuje do Twojej wybranki.","robots":{"index":"index","follow":"follow","max-snippet":"max-snippet:-1","max-image-preview":"max-image-preview:large","max-video-preview":"max-video-preview:-1"},"canonical":"https:\/\/fashiongold.lt\/pl\/papuosalas\/pierscionek-z-3-ct-lab-diamond-wyhodowanym-diamentem\/","og_locale":"pl_PL","og_type":"article","og_title":"Z\u0142oty pier\u015bcionek z diamentem laboratoryjnym 3 ct | FashionGold.lt","og_description":"Elegancki pier\u015bcionek zar\u0119czynowy z 3-karatowym diamentem hodowlanym. Wysoka jako\u015b\u0107, r\u0119czne wykonanie, wyj\u0105tkowy design \u2013 ponadczasowa klasyka, kt\u00f3ra idealnie pasuje do Twojej wybranki.","og_url":"https:\/\/fashiongold.lt\/pl\/papuosalas\/pierscionek-z-3-ct-lab-diamond-wyhodowanym-diamentem\/","og_site_name":"FashionGold.lt","og_image":[{"width":1999,"height":2031,"url":"https:\/\/fashiongold.lt\/wp-content\/uploads\/2025\/10\/9542-9f6-Auksinis-ziedas-su-3-ct-briliantu.webp","type":"image\/jpeg"}],"twitter_card":"summary_large_image","twitter_misc":{"Szacowany czas czytania":"1 minuta"},"schema":{"@context":"https:\/\/schema.org","@graph":[{"@type":"WebPage","@id":"https:\/\/fashiongold.lt\/pl\/papuosalas\/pierscionek-z-3-ct-lab-diamond-wyhodowanym-diamentem\/","url":"https:\/\/fashiongold.lt\/pl\/papuosalas\/pierscionek-z-3-ct-lab-diamond-wyhodowanym-diamentem\/","name":"Z\u0142oty pier\u015bcionek z diamentem laboratoryjnym 3 ct | FashionGold.lt","isPartOf":{"@id":"https:\/\/fashiongold.lt\/pl\/#website"},"primaryImageOfPage":{"@id":"https:\/\/fashiongold.lt\/pl\/papuosalas\/pierscionek-z-3-ct-lab-diamond-wyhodowanym-diamentem\/#primaryimage"},"image":{"@id":"https:\/\/fashiongold.lt\/pl\/papuosalas\/pierscionek-z-3-ct-lab-diamond-wyhodowanym-diamentem\/#primaryimage"},"thumbnailUrl":"https:\/\/fashiongold.lt\/wp-content\/uploads\/2025\/10\/9542-9f6-Auksinis-ziedas-su-3-ct-briliantu.jpg","datePublished":"2025-10-14T17:32:46+00:00","description":"Elegancki pier\u015bcionek zar\u0119czynowy z 3-karatowym diamentem hodowlanym. Wysoka jako\u015b\u0107, r\u0119czne wykonanie, wyj\u0105tkowy design \u2013 ponadczasowa klasyka, kt\u00f3ra idealnie pasuje do Twojej wybranki.","breadcrumb":{"@id":"https:\/\/fashiongold.lt\/pl\/papuosalas\/pierscionek-z-3-ct-lab-diamond-wyhodowanym-diamentem\/#breadcrumb"},"inLanguage":"pl-PL","potentialAction":[{"@type":"ReadAction","target":["https:\/\/fashiongold.lt\/pl\/papuosalas\/pierscionek-z-3-ct-lab-diamond-wyhodowanym-diamentem\/"]}]},{"@type":"ImageObject","inLanguage":"pl-PL","@id":"https:\/\/fashiongold.lt\/pl\/papuosalas\/pierscionek-z-3-ct-lab-diamond-wyhodowanym-diamentem\/#primaryimage","url":"https:\/\/fashiongold.lt\/wp-content\/uploads\/2025\/10\/9542-9f6-Auksinis-ziedas-su-3-ct-briliantu.jpg","contentUrl":"https:\/\/fashiongold.lt\/wp-content\/uploads\/2025\/10\/9542-9f6-Auksinis-ziedas-su-3-ct-briliantu.jpg","width":1999,"height":2031},{"@type":"BreadcrumbList","@id":"https:\/\/fashiongold.lt\/pl\/papuosalas\/pierscionek-z-3-ct-lab-diamond-wyhodowanym-diamentem\/#breadcrumb","itemListElement":[{"@type":"ListItem","position":1,"name":"Home","item":"https:\/\/fashiongold.lt\/pl\/"},{"@type":"ListItem","position":2,"name":"Sklep z diamentami Fashiongold.lt","item":"https:\/\/fashiongold.lt\/shop-2\/"},{"@type":"ListItem","position":3,"name":"Pier\u015bcionek z 3 ct Lab Diamond (wyhodowanym diamentem)"}]},{"@type":"WebSite","@id":"https:\/\/fashiongold.lt\/pl\/#website","url":"https:\/\/fashiongold.lt\/pl\/","name":"Fashion Gold","description":"Juvelyrikos namai","publisher":{"@id":"https:\/\/fashiongold.lt\/pl\/#organization"},"potentialAction":[{"@type":"SearchAction","target":{"@type":"EntryPoint","urlTemplate":"https:\/\/fashiongold.lt\/pl\/?s={search_term_string}"},"query-input":{"@type":"PropertyValueSpecification","valueRequired":true,"valueName":"search_term_string"}}],"inLanguage":"pl-PL"},{"@type":"Organization","@id":"https:\/\/fashiongold.lt\/pl\/#organization","name":"Topdiamonds Online","url":"https:\/\/fashiongold.lt\/pl\/","logo":{"@type":"ImageObject","inLanguage":"pl-PL","@id":"https:\/\/fashiongold.lt\/pl\/#\/schema\/logo\/image\/","url":"https:\/\/fashiongold.lt\/wp-content\/uploads\/2025\/04\/cropped-fashion_gold_logotipas2-scaled-1.png","contentUrl":"https:\/\/fashiongold.lt\/wp-content\/uploads\/2025\/04\/cropped-fashion_gold_logotipas2-scaled-1.png","width":2559,"height":421,"caption":"Topdiamonds Online"},"image":{"@id":"https:\/\/fashiongold.lt\/pl\/#\/schema\/logo\/image\/"}}]}},"_links":{"self":[{"href":"https:\/\/fashiongold.lt\/pl\/wp-json\/wp\/v2\/product\/282529","targetHints":{"allow":["GET"]}}],"collection":[{"href":"https:\/\/fashiongold.lt\/pl\/wp-json\/wp\/v2\/product"}],"about":[{"href":"https:\/\/fashiongold.lt\/pl\/wp-json\/wp\/v2\/types\/product"}],"version-history":[{"count":0,"href":"https:\/\/fashiongold.lt\/pl\/wp-json\/wp\/v2\/product\/282529\/revisions"}],"wp:featuredmedia":[{"embeddable":true,"href":"https:\/\/fashiongold.lt\/pl\/wp-json\/wp\/v2\/media\/200578"}],"wp:attachment":[{"href":"https:\/\/fashiongold.lt\/pl\/wp-json\/wp\/v2\/media?parent=282529"}],"wp:term":[{"taxonomy":"product_brand","embeddable":true,"href":"https:\/\/fashiongold.lt\/pl\/wp-json\/wp\/v2\/product_brand?post=282529"},{"taxonomy":"product_cat","embeddable":true,"href":"https:\/\/fashiongold.lt\/pl\/wp-json\/wp\/v2\/product_cat?post=282529"},{"taxonomy":"product_tag","embeddable":true,"href":"https:\/\/fashiongold.lt\/pl\/wp-json\/wp\/v2\/product_tag?post=282529"}],"curies":[{"name":"wp","href":"https:\/\/api.w.org\/{rel}","templated":true}]}}