{"id":282609,"date":"2025-10-14T17:00:59","date_gmt":"2025-10-14T17:00:59","guid":{"rendered":"https:\/\/fashiongold.lt\/papuosalas\/6-mm-obraczka-slubna-z-platyny-u-shape\/"},"modified":"2025-10-14T17:00:59","modified_gmt":"2025-10-14T17:00:59","slug":"6-mm-obraczka-slubna-z-platyny-u-shape","status":"publish","type":"product","link":"https:\/\/fashiongold.lt\/pl\/papuosalas\/6-mm-obraczka-slubna-z-platyny-u-shape\/","title":{"rendered":"6 mm obr\u0105czka \u015blubna z platyny U-shape"},"content":{"rendered":"<p>\u201eGerstner\u201d, niemiecki producent obr\u0105czek \u015blubnych ze 150-letnim do\u015bwiadczeniem, oferuje obr\u0105czki najwy\u017cszej jako\u015bci. Na Litwie wyprodukowanie wysokiej jako\u015bci platynowej obr\u0105czki \u015blubnej jest trudne, poniewa\u017c wymaga to wysokiej klasy surowca, specjalistycznych narz\u0119dzi, wysokiej temperatury i do\u015bwiadczenia. Dlatego zalecamy wyb\u00f3r obr\u0105czek \u015blubnych produkowanych w Niemczech, z zachowaniem najwy\u017cszych standard\u00f3w.<\/p>\n<p>Obr\u0105czka mo\u017ce by\u0107 wykonana na zam\u00f3wienie: o b\u0142yszcz\u0105cej lub matowej teksturze, za dop\u0142at\u0105 w r\u00f3\u017cnych szeroko\u015bciach, a tak\u017ce ozdobiona diamentem lub diamentami.<\/p>\n<p>\u2022 Metal obr\u0105czki: Platyna 600<\/p>\n<p>\u2022 Kolor obr\u0105czki: bia\u0142y<\/p>\n<p>\u2022 Waga obr\u0105czki (zale\u017cy od rozmiaru i pr\u00f3by): oko\u0142o 6,50-11,50 g<\/p>\n<p>\u2022 Wymiary obr\u0105czki: szeroko\u015b\u0107 6,00 mm (mo\u017cliwo\u015b\u0107 zmiany)<\/p>\n<p>\u2022 Soczewka (strefa komfortu): jest<\/p>\n<p>\u2022 Certyfikat: Niemiecki<\/p>\n<p>\u2022 Grawerowanie gratis<\/p>\n<p>\u2022 Jednorazowa bezp\u0142atna gwarancja zmiany rozmiaru obr\u0105czki<\/p>\n<p>\u2022 Termin produkcji i dostawy od 14 dni roboczych, w trybie pilnym w ci\u0105gu 3 dni roboczych.<\/p>\n<p><strong>Masz w\u0142asne z\u0142oto? Skontaktuj si\u0119 z nami, przeliczymy cen\u0119 \u2013 zap\u0142acisz tylko za wykonanie obr\u0105czek.<\/strong><\/p>\n","protected":false},"excerpt":{"rendered":"<p>Nowoczesna obr\u0105czka \u015blubna 6 mm z platyny, wykonana r\u0119cznie. Najwy\u017csza jako\u015b\u0107 z Niemiec. Lekko wypuk\u0142y kszta\u0142t obr\u0105czki na zewn\u0105trz i mocno wewn\u0105trz, dla zapewnienia maksymalnego komfortu. To wyj\u0105tkowy wyb\u00f3r dla tych, kt\u00f3rzy ceni\u0105 wysok\u0105 jako\u015b\u0107 i poziom komfortu. Wyprodukowano w Niemczech zgodnie z najwy\u017cszymi standardami.<\/p>\n","protected":false},"featured_media":199834,"template":"","meta":{"site-sidebar-layout":"","site-content-layout":"","ast-site-content-layout":"","site-content-style":"","site-sidebar-style":"","ast-global-header-display":"","ast-banner-title-visibility":"","ast-main-header-display":"","ast-hfb-above-header-display":"","ast-hfb-below-header-display":"","ast-hfb-mobile-header-display":"","site-post-title":"","ast-breadcrumbs-content":"","ast-featured-img":"","footer-sml-layout":"","ast-disable-related-posts":"","theme-transparent-header-meta":"","adv-header-id-meta":"","stick-header-meta":"","header-above-stick-meta":"","header-main-stick-meta":"","header-below-stick-meta":"","astra-migrate-meta-layouts":"default","ast-page-background-enabled":"default","ast-page-background-meta":{"desktop":{"background-color":"var(--ast-global-color-4)","background-image":"","background-repeat":"repeat","background-position":"center center","background-size":"auto","background-attachment":"scroll","background-type":"","background-media":"","overlay-type":"","overlay-color":"","overlay-opacity":"","overlay-gradient":""},"tablet":{"background-color":"","background-image":"","background-repeat":"repeat","background-position":"center center","background-size":"auto","background-attachment":"scroll","background-type":"","background-media":"","overlay-type":"","overlay-color":"","overlay-opacity":"","overlay-gradient":""},"mobile":{"background-color":"","background-image":"","background-repeat":"repeat","background-position":"center center","background-size":"auto","background-attachment":"scroll","background-type":"","background-media":"","overlay-type":"","overlay-color":"","overlay-opacity":"","overlay-gradient":""}},"ast-content-background-meta":{"desktop":{"background-color":"var(--ast-global-color-5)","background-image":"","background-repeat":"repeat","background-position":"center center","background-size":"auto","background-attachment":"scroll","background-type":"","background-media":"","overlay-type":"","overlay-color":"","overlay-opacity":"","overlay-gradient":""},"tablet":{"background-color":"var(--ast-global-color-5)","background-image":"","background-repeat":"repeat","background-position":"center center","background-size":"auto","background-attachment":"scroll","background-type":"","background-media":"","overlay-type":"","overlay-color":"","overlay-opacity":"","overlay-gradient":""},"mobile":{"background-color":"var(--ast-global-color-5)","background-image":"","background-repeat":"repeat","background-position":"center center","background-size":"auto","background-attachment":"scroll","background-type":"","background-media":"","overlay-type":"","overlay-color":"","overlay-opacity":"","overlay-gradient":""}}},"product_brand":[],"product_cat":[3373,3770,3303,3783],"product_tag":[],"class_list":{"0":"post-282609","1":"product","2":"type-product","3":"status-publish","4":"has-post-thumbnail","6":"product_cat-damskie-obraczki-slubne","7":"product_cat-meskie-obraczki-slubne","8":"product_cat-obraczki-slubne","9":"product_cat-obraczki-slubne-z-platyny","10":"desktop-align-center","11":"tablet-align-left","12":"mobile-align-left","13":"ast-product-gallery-layout-horizontal-slider","14":"ast-product-gallery-with-no-image","15":"ast-product-single-variable","16":"ast-product-tabs-layout-accordion","17":"ast-qv-on-image","19":"first","20":"instock","21":"taxable","22":"shipping-taxable","23":"purchasable","24":"product-type-variable"},"yoast_head":"<!-- This site is optimized with the Yoast SEO plugin v26.6 - https:\/\/yoast.com\/wordpress\/plugins\/seo\/ -->\n<title>6 mm obr\u0105czka \u015blubna z platyny U-shape I FashionGold<\/title>\n<meta name=\"description\" content=\"Nowoczesna obr\u0105czka \u015blubna 6 mm z platyny, r\u0119cznie wykonana. Lekko wypuk\u0142y kszta\u0142t na zewn\u0105trz i mocno wewn\u0105trz, aby zapewni\u0107 maksymalny komfort.\" \/>\n<meta name=\"robots\" content=\"index, follow, max-snippet:-1, max-image-preview:large, max-video-preview:-1\" \/>\n<link rel=\"canonical\" href=\"https:\/\/fashiongold.lt\/pl\/papuosalas\/6-mm-obraczka-slubna-z-platyny-u-shape\/\" \/>\n<meta property=\"og:locale\" content=\"pl_PL\" \/>\n<meta property=\"og:type\" content=\"article\" \/>\n<meta property=\"og:title\" content=\"6 mm obr\u0105czka \u015blubna z platyny U-shape I FashionGold\" \/>\n<meta property=\"og:description\" content=\"Nowoczesna obr\u0105czka \u015blubna 6 mm z platyny, r\u0119cznie wykonana. Lekko wypuk\u0142y kszta\u0142t na zewn\u0105trz i mocno wewn\u0105trz, aby zapewni\u0107 maksymalny komfort.\" \/>\n<meta property=\"og:url\" content=\"https:\/\/fashiongold.lt\/pl\/papuosalas\/6-mm-obraczka-slubna-z-platyny-u-shape\/\" \/>\n<meta property=\"og:site_name\" content=\"FashionGold.lt\" \/>\n<meta property=\"og:image\" content=\"https:\/\/fashiongold.lt\/wp-content\/uploads\/2025\/10\/9476-a97-6-mm-vestuvinis-ziedas-is-platinos-U-shape.webp\" \/>\n\t<meta property=\"og:image:width\" content=\"1000\" \/>\n\t<meta property=\"og:image:height\" content=\"1000\" \/>\n\t<meta property=\"og:image:type\" content=\"image\/png\" \/>\n<meta name=\"twitter:card\" content=\"summary_large_image\" \/>\n<meta name=\"twitter:label1\" content=\"Szacowany czas czytania\" \/>\n\t<meta name=\"twitter:data1\" content=\"1 minuta\" \/>\n<script type=\"application\/ld+json\" class=\"yoast-schema-graph\">{\"@context\":\"https:\/\/schema.org\",\"@graph\":[{\"@type\":\"WebPage\",\"@id\":\"https:\/\/fashiongold.lt\/pl\/papuosalas\/6-mm-obraczka-slubna-z-platyny-u-shape\/\",\"url\":\"https:\/\/fashiongold.lt\/pl\/papuosalas\/6-mm-obraczka-slubna-z-platyny-u-shape\/\",\"name\":\"6 mm obr\u0105czka \u015blubna z platyny U-shape I FashionGold\",\"isPartOf\":{\"@id\":\"https:\/\/fashiongold.lt\/pl\/#website\"},\"primaryImageOfPage\":{\"@id\":\"https:\/\/fashiongold.lt\/pl\/papuosalas\/6-mm-obraczka-slubna-z-platyny-u-shape\/#primaryimage\"},\"image\":{\"@id\":\"https:\/\/fashiongold.lt\/pl\/papuosalas\/6-mm-obraczka-slubna-z-platyny-u-shape\/#primaryimage\"},\"thumbnailUrl\":\"https:\/\/fashiongold.lt\/wp-content\/uploads\/2025\/10\/9476-a97-6-mm-vestuvinis-ziedas-is-platinos-U-shape.png\",\"datePublished\":\"2025-10-14T17:00:59+00:00\",\"description\":\"Nowoczesna obr\u0105czka \u015blubna 6 mm z platyny, r\u0119cznie wykonana. Lekko wypuk\u0142y kszta\u0142t na zewn\u0105trz i mocno wewn\u0105trz, aby zapewni\u0107 maksymalny komfort.\",\"breadcrumb\":{\"@id\":\"https:\/\/fashiongold.lt\/pl\/papuosalas\/6-mm-obraczka-slubna-z-platyny-u-shape\/#breadcrumb\"},\"inLanguage\":\"pl-PL\",\"potentialAction\":[{\"@type\":\"ReadAction\",\"target\":[\"https:\/\/fashiongold.lt\/pl\/papuosalas\/6-mm-obraczka-slubna-z-platyny-u-shape\/\"]}]},{\"@type\":\"ImageObject\",\"inLanguage\":\"pl-PL\",\"@id\":\"https:\/\/fashiongold.lt\/pl\/papuosalas\/6-mm-obraczka-slubna-z-platyny-u-shape\/#primaryimage\",\"url\":\"https:\/\/fashiongold.lt\/wp-content\/uploads\/2025\/10\/9476-a97-6-mm-vestuvinis-ziedas-is-platinos-U-shape.png\",\"contentUrl\":\"https:\/\/fashiongold.lt\/wp-content\/uploads\/2025\/10\/9476-a97-6-mm-vestuvinis-ziedas-is-platinos-U-shape.png\",\"width\":1000,\"height\":1000},{\"@type\":\"BreadcrumbList\",\"@id\":\"https:\/\/fashiongold.lt\/pl\/papuosalas\/6-mm-obraczka-slubna-z-platyny-u-shape\/#breadcrumb\",\"itemListElement\":[{\"@type\":\"ListItem\",\"position\":1,\"name\":\"Home\",\"item\":\"https:\/\/fashiongold.lt\/pl\/\"},{\"@type\":\"ListItem\",\"position\":2,\"name\":\"Sklep z diamentami Fashiongold.lt\",\"item\":\"https:\/\/fashiongold.lt\/shop-2\/\"},{\"@type\":\"ListItem\",\"position\":3,\"name\":\"6 mm obr\u0105czka \u015blubna z platyny U-shape\"}]},{\"@type\":\"WebSite\",\"@id\":\"https:\/\/fashiongold.lt\/pl\/#website\",\"url\":\"https:\/\/fashiongold.lt\/pl\/\",\"name\":\"Fashion Gold\",\"description\":\"Juvelyrikos namai\",\"publisher\":{\"@id\":\"https:\/\/fashiongold.lt\/pl\/#organization\"},\"potentialAction\":[{\"@type\":\"SearchAction\",\"target\":{\"@type\":\"EntryPoint\",\"urlTemplate\":\"https:\/\/fashiongold.lt\/pl\/?s={search_term_string}\"},\"query-input\":{\"@type\":\"PropertyValueSpecification\",\"valueRequired\":true,\"valueName\":\"search_term_string\"}}],\"inLanguage\":\"pl-PL\"},{\"@type\":\"Organization\",\"@id\":\"https:\/\/fashiongold.lt\/pl\/#organization\",\"name\":\"Topdiamonds Online\",\"url\":\"https:\/\/fashiongold.lt\/pl\/\",\"logo\":{\"@type\":\"ImageObject\",\"inLanguage\":\"pl-PL\",\"@id\":\"https:\/\/fashiongold.lt\/pl\/#\/schema\/logo\/image\/\",\"url\":\"https:\/\/fashiongold.lt\/wp-content\/uploads\/2025\/04\/cropped-fashion_gold_logotipas2-scaled-1.png\",\"contentUrl\":\"https:\/\/fashiongold.lt\/wp-content\/uploads\/2025\/04\/cropped-fashion_gold_logotipas2-scaled-1.png\",\"width\":2559,\"height\":421,\"caption\":\"Topdiamonds Online\"},\"image\":{\"@id\":\"https:\/\/fashiongold.lt\/pl\/#\/schema\/logo\/image\/\"}}]}<\/script>\n<!-- \/ Yoast SEO plugin. -->","yoast_head_json":{"title":"6 mm obr\u0105czka \u015blubna z platyny U-shape I FashionGold","description":"Nowoczesna obr\u0105czka \u015blubna 6 mm z platyny, r\u0119cznie wykonana. Lekko wypuk\u0142y kszta\u0142t na zewn\u0105trz i mocno wewn\u0105trz, aby zapewni\u0107 maksymalny komfort.","robots":{"index":"index","follow":"follow","max-snippet":"max-snippet:-1","max-image-preview":"max-image-preview:large","max-video-preview":"max-video-preview:-1"},"canonical":"https:\/\/fashiongold.lt\/pl\/papuosalas\/6-mm-obraczka-slubna-z-platyny-u-shape\/","og_locale":"pl_PL","og_type":"article","og_title":"6 mm obr\u0105czka \u015blubna z platyny U-shape I FashionGold","og_description":"Nowoczesna obr\u0105czka \u015blubna 6 mm z platyny, r\u0119cznie wykonana. Lekko wypuk\u0142y kszta\u0142t na zewn\u0105trz i mocno wewn\u0105trz, aby zapewni\u0107 maksymalny komfort.","og_url":"https:\/\/fashiongold.lt\/pl\/papuosalas\/6-mm-obraczka-slubna-z-platyny-u-shape\/","og_site_name":"FashionGold.lt","og_image":[{"width":1000,"height":1000,"url":"https:\/\/fashiongold.lt\/wp-content\/uploads\/2025\/10\/9476-a97-6-mm-vestuvinis-ziedas-is-platinos-U-shape.webp","type":"image\/png"}],"twitter_card":"summary_large_image","twitter_misc":{"Szacowany czas czytania":"1 minuta"},"schema":{"@context":"https:\/\/schema.org","@graph":[{"@type":"WebPage","@id":"https:\/\/fashiongold.lt\/pl\/papuosalas\/6-mm-obraczka-slubna-z-platyny-u-shape\/","url":"https:\/\/fashiongold.lt\/pl\/papuosalas\/6-mm-obraczka-slubna-z-platyny-u-shape\/","name":"6 mm obr\u0105czka \u015blubna z platyny U-shape I FashionGold","isPartOf":{"@id":"https:\/\/fashiongold.lt\/pl\/#website"},"primaryImageOfPage":{"@id":"https:\/\/fashiongold.lt\/pl\/papuosalas\/6-mm-obraczka-slubna-z-platyny-u-shape\/#primaryimage"},"image":{"@id":"https:\/\/fashiongold.lt\/pl\/papuosalas\/6-mm-obraczka-slubna-z-platyny-u-shape\/#primaryimage"},"thumbnailUrl":"https:\/\/fashiongold.lt\/wp-content\/uploads\/2025\/10\/9476-a97-6-mm-vestuvinis-ziedas-is-platinos-U-shape.png","datePublished":"2025-10-14T17:00:59+00:00","description":"Nowoczesna obr\u0105czka \u015blubna 6 mm z platyny, r\u0119cznie wykonana. Lekko wypuk\u0142y kszta\u0142t na zewn\u0105trz i mocno wewn\u0105trz, aby zapewni\u0107 maksymalny komfort.","breadcrumb":{"@id":"https:\/\/fashiongold.lt\/pl\/papuosalas\/6-mm-obraczka-slubna-z-platyny-u-shape\/#breadcrumb"},"inLanguage":"pl-PL","potentialAction":[{"@type":"ReadAction","target":["https:\/\/fashiongold.lt\/pl\/papuosalas\/6-mm-obraczka-slubna-z-platyny-u-shape\/"]}]},{"@type":"ImageObject","inLanguage":"pl-PL","@id":"https:\/\/fashiongold.lt\/pl\/papuosalas\/6-mm-obraczka-slubna-z-platyny-u-shape\/#primaryimage","url":"https:\/\/fashiongold.lt\/wp-content\/uploads\/2025\/10\/9476-a97-6-mm-vestuvinis-ziedas-is-platinos-U-shape.png","contentUrl":"https:\/\/fashiongold.lt\/wp-content\/uploads\/2025\/10\/9476-a97-6-mm-vestuvinis-ziedas-is-platinos-U-shape.png","width":1000,"height":1000},{"@type":"BreadcrumbList","@id":"https:\/\/fashiongold.lt\/pl\/papuosalas\/6-mm-obraczka-slubna-z-platyny-u-shape\/#breadcrumb","itemListElement":[{"@type":"ListItem","position":1,"name":"Home","item":"https:\/\/fashiongold.lt\/pl\/"},{"@type":"ListItem","position":2,"name":"Sklep z diamentami Fashiongold.lt","item":"https:\/\/fashiongold.lt\/shop-2\/"},{"@type":"ListItem","position":3,"name":"6 mm obr\u0105czka \u015blubna z platyny U-shape"}]},{"@type":"WebSite","@id":"https:\/\/fashiongold.lt\/pl\/#website","url":"https:\/\/fashiongold.lt\/pl\/","name":"Fashion Gold","description":"Juvelyrikos namai","publisher":{"@id":"https:\/\/fashiongold.lt\/pl\/#organization"},"potentialAction":[{"@type":"SearchAction","target":{"@type":"EntryPoint","urlTemplate":"https:\/\/fashiongold.lt\/pl\/?s={search_term_string}"},"query-input":{"@type":"PropertyValueSpecification","valueRequired":true,"valueName":"search_term_string"}}],"inLanguage":"pl-PL"},{"@type":"Organization","@id":"https:\/\/fashiongold.lt\/pl\/#organization","name":"Topdiamonds Online","url":"https:\/\/fashiongold.lt\/pl\/","logo":{"@type":"ImageObject","inLanguage":"pl-PL","@id":"https:\/\/fashiongold.lt\/pl\/#\/schema\/logo\/image\/","url":"https:\/\/fashiongold.lt\/wp-content\/uploads\/2025\/04\/cropped-fashion_gold_logotipas2-scaled-1.png","contentUrl":"https:\/\/fashiongold.lt\/wp-content\/uploads\/2025\/04\/cropped-fashion_gold_logotipas2-scaled-1.png","width":2559,"height":421,"caption":"Topdiamonds Online"},"image":{"@id":"https:\/\/fashiongold.lt\/pl\/#\/schema\/logo\/image\/"}}]}},"_links":{"self":[{"href":"https:\/\/fashiongold.lt\/pl\/wp-json\/wp\/v2\/product\/282609","targetHints":{"allow":["GET"]}}],"collection":[{"href":"https:\/\/fashiongold.lt\/pl\/wp-json\/wp\/v2\/product"}],"about":[{"href":"https:\/\/fashiongold.lt\/pl\/wp-json\/wp\/v2\/types\/product"}],"version-history":[{"count":0,"href":"https:\/\/fashiongold.lt\/pl\/wp-json\/wp\/v2\/product\/282609\/revisions"}],"wp:featuredmedia":[{"embeddable":true,"href":"https:\/\/fashiongold.lt\/pl\/wp-json\/wp\/v2\/media\/199834"}],"wp:attachment":[{"href":"https:\/\/fashiongold.lt\/pl\/wp-json\/wp\/v2\/media?parent=282609"}],"wp:term":[{"taxonomy":"product_brand","embeddable":true,"href":"https:\/\/fashiongold.lt\/pl\/wp-json\/wp\/v2\/product_brand?post=282609"},{"taxonomy":"product_cat","embeddable":true,"href":"https:\/\/fashiongold.lt\/pl\/wp-json\/wp\/v2\/product_cat?post=282609"},{"taxonomy":"product_tag","embeddable":true,"href":"https:\/\/fashiongold.lt\/pl\/wp-json\/wp\/v2\/product_tag?post=282609"}],"curies":[{"name":"wp","href":"https:\/\/api.w.org\/{rel}","templated":true}]}}