{"id":282864,"date":"2025-10-14T16:21:56","date_gmt":"2025-10-14T16:21:56","guid":{"rendered":"https:\/\/fashiongold.lt\/papuosalas\/meska-obraczka-slubna-court-vi-470-mm\/"},"modified":"2026-02-14T06:24:00","modified_gmt":"2026-02-14T06:24:00","slug":"meska-obraczka-slubna-court-vi-470-mm","status":"publish","type":"product","link":"https:\/\/fashiongold.lt\/pl\/papuosalas\/meska-obraczka-slubna-court-vi-470-mm\/","title":{"rendered":"M\u0119ska obr\u0105czka \u015blubna \u2013 Court VI (4,70 mm)"},"content":{"rendered":"<p>Z\u0142ota obr\u0105czka \u015blubna o wyj\u0105tkowym stylu, wysokiej jako\u015bci, z soczewk\u0105 (stref\u0105 komfortu), wygodna w noszeniu. Technologia produkcji wyr\u00f3\u017cnia si\u0119 \u2013 obr\u0105czka wykonana jest z utwardzanego z\u0142ota, kt\u00f3re jest odporne na mikrop\u0119kni\u0119cia, nie zawiera niklu i mniej si\u0119 rysuje. Obr\u0105czka mo\u017ce zosta\u0107 wykonana na zam\u00f3wienie: z czerwonego, \u017c\u00f3\u0142tego lub bia\u0142ego z\u0142ota, o b\u0142yszcz\u0105cej lub matowej teksturze, za dop\u0142at\u0105 w r\u00f3\u017cnych szeroko\u015bciach.<\/p>\n<p>\u2022 Z\u0142oto obr\u0105czki: 14 K (pr\u00f3ba 585), mo\u017cemy wykona\u0107 z 10K (pr\u00f3ba 375), 18K (pr\u00f3ba 750)\u00a0 \u00a0 \u00a0<\/p>\n<p>\u2022 Kolor obr\u0105czki: do wyboru bia\u0142e, \u017c\u00f3\u0142te, czerwone z\u0142oto lub z kraw\u0119dziami w innym kolorze.\u00a0 \u00a0 \u00a0 \u00a0<\/p>\n<p>\u2022 Waga obr\u0105czki (zale\u017cy od rozmiaru i pr\u00f3by): oko\u0142o 4,50-6,00 g\u00a0 \u00a0 \u00a0 \u00a0<\/p>\n<p>\u2022 Wymiary obr\u0105czki: szeroko\u015b\u0107 4,70 mm (mo\u017cliwo\u015b\u0107 zmiany)\u00a0 \u00a0<\/p>\n<p>\u2022 Soczewka (strefa komfortu): jest\u00a0\u00a0 \u00a0 \u00a0\u00a0\u00a0 \u00a0 \u00a0\u00a0\u00a0<\/p>\n<p>\u2022 Certyfikat: Litewski Urz\u0105d Probierczy (LPR)<\/p>\n<p>\u2022 Grawerowanie gratis<\/p>\n<p>\u2022 Jednorazowa bezp\u0142atna gwarancja zmiany rozmiaru obr\u0105czki<\/p>\n<p>\u2022 Termin produkcji i dostawy od 14 dni roboczych, w trybie pilnym w ci\u0105gu 3 dni roboczych.<\/p>\n<p><strong>Masz w\u0142asne z\u0142oto? Skontaktuj si\u0119 z nami, przeliczymy cen\u0119 \u2013 zap\u0142acisz tylko za wykonanie obr\u0105czek.<\/strong><\/p>\n","protected":false},"excerpt":{"rendered":"<p>Z\u0142ota m\u0119ska obr\u0105czka \u015blubna z dwiema liniami. Kszta\u0142t obr\u0105czki jest lekko zaokr\u0105glony na zewn\u0105trz i wewn\u0105trz. Strefa komfortu wewn\u0105trz zapewnia nie tylko styl, ale tak\u017ce wygod\u0119 podczas codziennego noszenia. To wyj\u0105tkowy wyb\u00f3r dla m\u0119\u017cczyzn, kt\u00f3rzy ceni\u0105 wysoki poziom komfortu.<\/p>\n","protected":false},"featured_media":198361,"template":"","meta":{"site-sidebar-layout":"","site-content-layout":"","ast-site-content-layout":"","site-content-style":"","site-sidebar-style":"","ast-global-header-display":"","ast-banner-title-visibility":"","ast-main-header-display":"","ast-hfb-above-header-display":"","ast-hfb-below-header-display":"","ast-hfb-mobile-header-display":"","site-post-title":"","ast-breadcrumbs-content":"","ast-featured-img":"","footer-sml-layout":"","ast-disable-related-posts":"","theme-transparent-header-meta":"","adv-header-id-meta":"","stick-header-meta":"","header-above-stick-meta":"","header-main-stick-meta":"","header-below-stick-meta":"","astra-migrate-meta-layouts":"default","ast-page-background-enabled":"default","ast-page-background-meta":{"desktop":{"background-color":"var(--ast-global-color-4)","background-image":"","background-repeat":"repeat","background-position":"center center","background-size":"auto","background-attachment":"scroll","background-type":"","background-media":"","overlay-type":"","overlay-color":"","overlay-opacity":"","overlay-gradient":""},"tablet":{"background-color":"","background-image":"","background-repeat":"repeat","background-position":"center center","background-size":"auto","background-attachment":"scroll","background-type":"","background-media":"","overlay-type":"","overlay-color":"","overlay-opacity":"","overlay-gradient":""},"mobile":{"background-color":"","background-image":"","background-repeat":"repeat","background-position":"center center","background-size":"auto","background-attachment":"scroll","background-type":"","background-media":"","overlay-type":"","overlay-color":"","overlay-opacity":"","overlay-gradient":""}},"ast-content-background-meta":{"desktop":{"background-color":"var(--ast-global-color-5)","background-image":"","background-repeat":"repeat","background-position":"center center","background-size":"auto","background-attachment":"scroll","background-type":"","background-media":"","overlay-type":"","overlay-color":"","overlay-opacity":"","overlay-gradient":""},"tablet":{"background-color":"var(--ast-global-color-5)","background-image":"","background-repeat":"repeat","background-position":"center center","background-size":"auto","background-attachment":"scroll","background-type":"","background-media":"","overlay-type":"","overlay-color":"","overlay-opacity":"","overlay-gradient":""},"mobile":{"background-color":"var(--ast-global-color-5)","background-image":"","background-repeat":"repeat","background-position":"center center","background-size":"auto","background-attachment":"scroll","background-type":"","background-media":"","overlay-type":"","overlay-color":"","overlay-opacity":"","overlay-gradient":""}}},"product_brand":[],"product_cat":[3770,3303],"product_tag":[],"class_list":{"0":"post-282864","1":"product","2":"type-product","3":"status-publish","4":"has-post-thumbnail","6":"product_cat-meskie-obraczki-slubne","7":"product_cat-obraczki-slubne","8":"desktop-align-center","9":"tablet-align-left","10":"mobile-align-left","11":"ast-product-gallery-layout-horizontal-slider","12":"ast-product-gallery-with-no-image","13":"ast-product-single-variable","14":"ast-product-tabs-layout-accordion","15":"ast-qv-on-image","17":"first","18":"instock","19":"taxable","20":"shipping-taxable","21":"purchasable","22":"product-type-variable"},"yoast_head":"<!-- This site is optimized with the Yoast SEO plugin v26.6 - https:\/\/yoast.com\/wordpress\/plugins\/seo\/ -->\n<title>M\u0119ska obr\u0105czka \u015blubna - Court VI I Fashion Gold<\/title>\n<meta name=\"description\" content=\"Z\u0142ota m\u0119ska obr\u0105czka \u015blubna z dwiema liniami. Profil soczewkowy wewn\u0105trz zapewnia nie tylko styl, ale i wygod\u0119 podczas codziennego noszenia. Darmowa wysy\u0142ka.\" \/>\n<meta name=\"robots\" content=\"index, follow, max-snippet:-1, max-image-preview:large, max-video-preview:-1\" \/>\n<link rel=\"canonical\" href=\"https:\/\/fashiongold.lt\/pl\/papuosalas\/meska-obraczka-slubna-court-vi-470-mm\/\" \/>\n<meta property=\"og:locale\" content=\"pl_PL\" \/>\n<meta property=\"og:type\" content=\"article\" \/>\n<meta property=\"og:title\" content=\"M\u0119ska obr\u0105czka \u015blubna - Court VI I Fashion Gold\" \/>\n<meta property=\"og:description\" content=\"Z\u0142ota m\u0119ska obr\u0105czka \u015blubna z dwiema liniami. Profil soczewkowy wewn\u0105trz zapewnia nie tylko styl, ale i wygod\u0119 podczas codziennego noszenia. Darmowa wysy\u0142ka.\" \/>\n<meta property=\"og:url\" content=\"https:\/\/fashiongold.lt\/pl\/papuosalas\/meska-obraczka-slubna-court-vi-470-mm\/\" \/>\n<meta property=\"og:site_name\" content=\"FashionGold.lt\" \/>\n<meta property=\"article:modified_time\" content=\"2026-02-14T06:24:00+00:00\" \/>\n<meta property=\"og:image\" content=\"https:\/\/fashiongold.lt\/wp-content\/uploads\/2025\/10\/9201-0b0-Red-aukso-vyriskas-vestuvinis-ziedas-Court-VI.webp\" \/>\n\t<meta property=\"og:image:width\" content=\"1000\" \/>\n\t<meta property=\"og:image:height\" content=\"1000\" \/>\n\t<meta property=\"og:image:type\" content=\"image\/png\" \/>\n<meta name=\"twitter:card\" content=\"summary_large_image\" \/>\n<meta name=\"twitter:label1\" content=\"Szacowany czas czytania\" \/>\n\t<meta name=\"twitter:data1\" content=\"1 minuta\" \/>\n<script type=\"application\/ld+json\" class=\"yoast-schema-graph\">{\"@context\":\"https:\/\/schema.org\",\"@graph\":[{\"@type\":\"WebPage\",\"@id\":\"https:\/\/fashiongold.lt\/pl\/papuosalas\/meska-obraczka-slubna-court-vi-470-mm\/\",\"url\":\"https:\/\/fashiongold.lt\/pl\/papuosalas\/meska-obraczka-slubna-court-vi-470-mm\/\",\"name\":\"M\u0119ska obr\u0105czka \u015blubna - Court VI I Fashion Gold\",\"isPartOf\":{\"@id\":\"https:\/\/fashiongold.lt\/pl\/#website\"},\"primaryImageOfPage\":{\"@id\":\"https:\/\/fashiongold.lt\/pl\/papuosalas\/meska-obraczka-slubna-court-vi-470-mm\/#primaryimage\"},\"image\":{\"@id\":\"https:\/\/fashiongold.lt\/pl\/papuosalas\/meska-obraczka-slubna-court-vi-470-mm\/#primaryimage\"},\"thumbnailUrl\":\"https:\/\/fashiongold.lt\/wp-content\/uploads\/2025\/10\/9201-0b0-Red-aukso-vyriskas-vestuvinis-ziedas-Court-VI.png\",\"datePublished\":\"2025-10-14T16:21:56+00:00\",\"dateModified\":\"2026-02-14T06:24:00+00:00\",\"description\":\"Z\u0142ota m\u0119ska obr\u0105czka \u015blubna z dwiema liniami. Profil soczewkowy wewn\u0105trz zapewnia nie tylko styl, ale i wygod\u0119 podczas codziennego noszenia. Darmowa wysy\u0142ka.\",\"breadcrumb\":{\"@id\":\"https:\/\/fashiongold.lt\/pl\/papuosalas\/meska-obraczka-slubna-court-vi-470-mm\/#breadcrumb\"},\"inLanguage\":\"pl-PL\",\"potentialAction\":[{\"@type\":\"ReadAction\",\"target\":[\"https:\/\/fashiongold.lt\/pl\/papuosalas\/meska-obraczka-slubna-court-vi-470-mm\/\"]}]},{\"@type\":\"ImageObject\",\"inLanguage\":\"pl-PL\",\"@id\":\"https:\/\/fashiongold.lt\/pl\/papuosalas\/meska-obraczka-slubna-court-vi-470-mm\/#primaryimage\",\"url\":\"https:\/\/fashiongold.lt\/wp-content\/uploads\/2025\/10\/9201-0b0-Red-aukso-vyriskas-vestuvinis-ziedas-Court-VI.png\",\"contentUrl\":\"https:\/\/fashiongold.lt\/wp-content\/uploads\/2025\/10\/9201-0b0-Red-aukso-vyriskas-vestuvinis-ziedas-Court-VI.png\",\"width\":1000,\"height\":1000},{\"@type\":\"BreadcrumbList\",\"@id\":\"https:\/\/fashiongold.lt\/pl\/papuosalas\/meska-obraczka-slubna-court-vi-470-mm\/#breadcrumb\",\"itemListElement\":[{\"@type\":\"ListItem\",\"position\":1,\"name\":\"Home\",\"item\":\"https:\/\/fashiongold.lt\/pl\/\"},{\"@type\":\"ListItem\",\"position\":2,\"name\":\"Sklep z diamentami Fashiongold.lt\",\"item\":\"https:\/\/fashiongold.lt\/shop-2\/\"},{\"@type\":\"ListItem\",\"position\":3,\"name\":\"M\u0119ska obr\u0105czka \u015blubna \u2013 Court VI (4,70 mm)\"}]},{\"@type\":\"WebSite\",\"@id\":\"https:\/\/fashiongold.lt\/pl\/#website\",\"url\":\"https:\/\/fashiongold.lt\/pl\/\",\"name\":\"Fashion Gold\",\"description\":\"Juvelyrikos namai\",\"publisher\":{\"@id\":\"https:\/\/fashiongold.lt\/pl\/#organization\"},\"potentialAction\":[{\"@type\":\"SearchAction\",\"target\":{\"@type\":\"EntryPoint\",\"urlTemplate\":\"https:\/\/fashiongold.lt\/pl\/?s={search_term_string}\"},\"query-input\":{\"@type\":\"PropertyValueSpecification\",\"valueRequired\":true,\"valueName\":\"search_term_string\"}}],\"inLanguage\":\"pl-PL\"},{\"@type\":\"Organization\",\"@id\":\"https:\/\/fashiongold.lt\/pl\/#organization\",\"name\":\"Topdiamonds Online\",\"url\":\"https:\/\/fashiongold.lt\/pl\/\",\"logo\":{\"@type\":\"ImageObject\",\"inLanguage\":\"pl-PL\",\"@id\":\"https:\/\/fashiongold.lt\/pl\/#\/schema\/logo\/image\/\",\"url\":\"https:\/\/fashiongold.lt\/wp-content\/uploads\/2025\/04\/cropped-fashion_gold_logotipas2-scaled-1.png\",\"contentUrl\":\"https:\/\/fashiongold.lt\/wp-content\/uploads\/2025\/04\/cropped-fashion_gold_logotipas2-scaled-1.png\",\"width\":2559,\"height\":421,\"caption\":\"Topdiamonds Online\"},\"image\":{\"@id\":\"https:\/\/fashiongold.lt\/pl\/#\/schema\/logo\/image\/\"}}]}<\/script>\n<!-- \/ Yoast SEO plugin. -->","yoast_head_json":{"title":"M\u0119ska obr\u0105czka \u015blubna - Court VI I Fashion Gold","description":"Z\u0142ota m\u0119ska obr\u0105czka \u015blubna z dwiema liniami. Profil soczewkowy wewn\u0105trz zapewnia nie tylko styl, ale i wygod\u0119 podczas codziennego noszenia. Darmowa wysy\u0142ka.","robots":{"index":"index","follow":"follow","max-snippet":"max-snippet:-1","max-image-preview":"max-image-preview:large","max-video-preview":"max-video-preview:-1"},"canonical":"https:\/\/fashiongold.lt\/pl\/papuosalas\/meska-obraczka-slubna-court-vi-470-mm\/","og_locale":"pl_PL","og_type":"article","og_title":"M\u0119ska obr\u0105czka \u015blubna - Court VI I Fashion Gold","og_description":"Z\u0142ota m\u0119ska obr\u0105czka \u015blubna z dwiema liniami. Profil soczewkowy wewn\u0105trz zapewnia nie tylko styl, ale i wygod\u0119 podczas codziennego noszenia. Darmowa wysy\u0142ka.","og_url":"https:\/\/fashiongold.lt\/pl\/papuosalas\/meska-obraczka-slubna-court-vi-470-mm\/","og_site_name":"FashionGold.lt","article_modified_time":"2026-02-14T06:24:00+00:00","og_image":[{"width":1000,"height":1000,"url":"https:\/\/fashiongold.lt\/wp-content\/uploads\/2025\/10\/9201-0b0-Red-aukso-vyriskas-vestuvinis-ziedas-Court-VI.webp","type":"image\/png"}],"twitter_card":"summary_large_image","twitter_misc":{"Szacowany czas czytania":"1 minuta"},"schema":{"@context":"https:\/\/schema.org","@graph":[{"@type":"WebPage","@id":"https:\/\/fashiongold.lt\/pl\/papuosalas\/meska-obraczka-slubna-court-vi-470-mm\/","url":"https:\/\/fashiongold.lt\/pl\/papuosalas\/meska-obraczka-slubna-court-vi-470-mm\/","name":"M\u0119ska obr\u0105czka \u015blubna - Court VI I Fashion Gold","isPartOf":{"@id":"https:\/\/fashiongold.lt\/pl\/#website"},"primaryImageOfPage":{"@id":"https:\/\/fashiongold.lt\/pl\/papuosalas\/meska-obraczka-slubna-court-vi-470-mm\/#primaryimage"},"image":{"@id":"https:\/\/fashiongold.lt\/pl\/papuosalas\/meska-obraczka-slubna-court-vi-470-mm\/#primaryimage"},"thumbnailUrl":"https:\/\/fashiongold.lt\/wp-content\/uploads\/2025\/10\/9201-0b0-Red-aukso-vyriskas-vestuvinis-ziedas-Court-VI.png","datePublished":"2025-10-14T16:21:56+00:00","dateModified":"2026-02-14T06:24:00+00:00","description":"Z\u0142ota m\u0119ska obr\u0105czka \u015blubna z dwiema liniami. Profil soczewkowy wewn\u0105trz zapewnia nie tylko styl, ale i wygod\u0119 podczas codziennego noszenia. Darmowa wysy\u0142ka.","breadcrumb":{"@id":"https:\/\/fashiongold.lt\/pl\/papuosalas\/meska-obraczka-slubna-court-vi-470-mm\/#breadcrumb"},"inLanguage":"pl-PL","potentialAction":[{"@type":"ReadAction","target":["https:\/\/fashiongold.lt\/pl\/papuosalas\/meska-obraczka-slubna-court-vi-470-mm\/"]}]},{"@type":"ImageObject","inLanguage":"pl-PL","@id":"https:\/\/fashiongold.lt\/pl\/papuosalas\/meska-obraczka-slubna-court-vi-470-mm\/#primaryimage","url":"https:\/\/fashiongold.lt\/wp-content\/uploads\/2025\/10\/9201-0b0-Red-aukso-vyriskas-vestuvinis-ziedas-Court-VI.png","contentUrl":"https:\/\/fashiongold.lt\/wp-content\/uploads\/2025\/10\/9201-0b0-Red-aukso-vyriskas-vestuvinis-ziedas-Court-VI.png","width":1000,"height":1000},{"@type":"BreadcrumbList","@id":"https:\/\/fashiongold.lt\/pl\/papuosalas\/meska-obraczka-slubna-court-vi-470-mm\/#breadcrumb","itemListElement":[{"@type":"ListItem","position":1,"name":"Home","item":"https:\/\/fashiongold.lt\/pl\/"},{"@type":"ListItem","position":2,"name":"Sklep z diamentami Fashiongold.lt","item":"https:\/\/fashiongold.lt\/shop-2\/"},{"@type":"ListItem","position":3,"name":"M\u0119ska obr\u0105czka \u015blubna \u2013 Court VI (4,70 mm)"}]},{"@type":"WebSite","@id":"https:\/\/fashiongold.lt\/pl\/#website","url":"https:\/\/fashiongold.lt\/pl\/","name":"Fashion Gold","description":"Juvelyrikos namai","publisher":{"@id":"https:\/\/fashiongold.lt\/pl\/#organization"},"potentialAction":[{"@type":"SearchAction","target":{"@type":"EntryPoint","urlTemplate":"https:\/\/fashiongold.lt\/pl\/?s={search_term_string}"},"query-input":{"@type":"PropertyValueSpecification","valueRequired":true,"valueName":"search_term_string"}}],"inLanguage":"pl-PL"},{"@type":"Organization","@id":"https:\/\/fashiongold.lt\/pl\/#organization","name":"Topdiamonds Online","url":"https:\/\/fashiongold.lt\/pl\/","logo":{"@type":"ImageObject","inLanguage":"pl-PL","@id":"https:\/\/fashiongold.lt\/pl\/#\/schema\/logo\/image\/","url":"https:\/\/fashiongold.lt\/wp-content\/uploads\/2025\/04\/cropped-fashion_gold_logotipas2-scaled-1.png","contentUrl":"https:\/\/fashiongold.lt\/wp-content\/uploads\/2025\/04\/cropped-fashion_gold_logotipas2-scaled-1.png","width":2559,"height":421,"caption":"Topdiamonds Online"},"image":{"@id":"https:\/\/fashiongold.lt\/pl\/#\/schema\/logo\/image\/"}}]}},"_links":{"self":[{"href":"https:\/\/fashiongold.lt\/pl\/wp-json\/wp\/v2\/product\/282864","targetHints":{"allow":["GET"]}}],"collection":[{"href":"https:\/\/fashiongold.lt\/pl\/wp-json\/wp\/v2\/product"}],"about":[{"href":"https:\/\/fashiongold.lt\/pl\/wp-json\/wp\/v2\/types\/product"}],"version-history":[{"count":0,"href":"https:\/\/fashiongold.lt\/pl\/wp-json\/wp\/v2\/product\/282864\/revisions"}],"wp:featuredmedia":[{"embeddable":true,"href":"https:\/\/fashiongold.lt\/pl\/wp-json\/wp\/v2\/media\/198361"}],"wp:attachment":[{"href":"https:\/\/fashiongold.lt\/pl\/wp-json\/wp\/v2\/media?parent=282864"}],"wp:term":[{"taxonomy":"product_brand","embeddable":true,"href":"https:\/\/fashiongold.lt\/pl\/wp-json\/wp\/v2\/product_brand?post=282864"},{"taxonomy":"product_cat","embeddable":true,"href":"https:\/\/fashiongold.lt\/pl\/wp-json\/wp\/v2\/product_cat?post=282864"},{"taxonomy":"product_tag","embeddable":true,"href":"https:\/\/fashiongold.lt\/pl\/wp-json\/wp\/v2\/product_tag?post=282864"}],"curies":[{"name":"wp","href":"https:\/\/api.w.org\/{rel}","templated":true}]}}