{"id":283188,"date":"2025-10-20T07:02:45","date_gmt":"2025-10-20T07:02:45","guid":{"rendered":"https:\/\/fashiongold.lt\/papuosalas\/pierscionek-1-92-ct-z-szafirami-i-diamentami\/"},"modified":"2026-02-14T13:29:50","modified_gmt":"2026-02-14T13:29:50","slug":"pierscionek-1-92-ct-z-szafirami-i-diamentami","status":"publish","type":"product","link":"https:\/\/fashiongold.lt\/pl\/papuosalas\/pierscionek-1-92-ct-z-szafirami-i-diamentami\/","title":{"rendered":"Pier\u015bcionek 1.92 ct z szafirami i diamentami"},"content":{"rendered":"<p>Wyprodukowany w Niemczech z wysokiej jako\u015bci kamieni szlachetnych. Pier\u015bcionek o niepowtarzalnym pi\u0119knie, wyj\u0105tkowym stylu, wysokiej jako\u015bci, ze stref\u0105 komfortu. Pier\u015bcionek mo\u017ce zosta\u0107 wykonany na zam\u00f3wienie: z czerwonego, \u017c\u00f3\u0142tego oraz bia\u0142ego z\u0142ota, z kolorowymi szafirami lub szafirami w jednym kolorze. Szafir jest symbolem si\u0142y, optymizmu i aktywno\u015bci. Magiczna moc szafiru &#8211; pomaga zmniejszy\u0107 napi\u0119cie w sytuacjach konfliktowych i rozwi\u0105zywa\u0107 problemy zdrowotne. Szafir jest odpowiedni dla: Ryb, Wagi, Skorpiona, Bli\u017ani\u0105t, Panny, Lwa, Barana, Wodnika, Strzelca.\u00a0<\/p>\n<p>\u2022 Z\u0142oto pier\u015bcionka: 18 K (pr\u00f3ba 750)\u00a0 \u00a0 \u00a0\u00a0<\/p>\n<p>\u2022 Kolor pier\u015bcionka: do wyboru bia\u0142e, \u017c\u00f3\u0142te, czerwone z\u0142oto<\/p>\n<p>\u2022 Waga pier\u015bcionka (zale\u017cy od rozmiaru i pr\u00f3by): oko\u0142o 6,50 &#8211; 7,50 g\u00a0 \u00a0 \u00a0 \u00a0 \u00a0<\/p>\n<p>\u2022 Wymiary pier\u015bcionka:\u00a0<\/p>\n<p>\u2022 Strefa komfortu pier\u015bcionka: jest\u00a0<\/p>\n<p>\u2022 Rodzaj diamentu: Naturalny diament\u00a0 \u00a0 \u00a0 \u00a0 \u00a0<\/p>\n<p>\u2022 Kszta\u0142t diamentu: okr\u0105g\u0142y (round shape)\u00a0 \u00a0 \u00a0 \u00a0 \u00a0<\/p>\n<p>\u2022 Charakterystyka diamentu: 0,48 ct, barwa G-H (RW-W); czysto\u015b\u0107 SI\u00a0 \u00a0<\/p>\n<p>\u2022 Rodzaj kamienia szlachetnego: Naturalny niebieski szafir\u00a0\u00a0<\/p>\n<p>\u2022 Kszta\u0142t kamienia szlachetnego: okr\u0105g\u0142y (round cut)\u00a0 \u00a0 \u00a0<\/p>\n<p>\u2022 Charakterystyka kamienia szlachetnego: 1.44 ct (mo\u017cliwo\u015b\u0107 zmiany)\u00a0 \u00a0 \u00a0<\/p>\n<p>\u2022 Certyfikat: Litewska Izba Probiercza (LPR)\u00a0 \u00a0 \u00a0 \u00a0<\/p>\n<p>\u2022 Grawerowanie gratis\u00a0<\/p>\n<p>\u2022 Jednorazowa bezp\u0142atna gwarancja zmiany rozmiaru pier\u015bcionka (w miar\u0119 mo\u017cliwo\u015bci)\u00a0<\/p>\n<p>\u2022 Termin produkcji i dostawy od 14 dni roboczych, w trybie pilnym w ci\u0105gu 3 dni roboczych.\u00a0<\/p>\n<p><strong>Masz w\u0142asne z\u0142oto? Skontaktuj si\u0119 z nami, przeliczymy cen\u0119 &#8211; zap\u0142acisz tylko za wykonanie pier\u015bcionka.<\/strong><\/p>\n","protected":false},"excerpt":{"rendered":"<p>Z\u0142ota obr\u0105czka z niebieskimi szafirami i diamentami. Wyj\u0105tkowy pier\u015bcionek, w kt\u00f3rym \u0142\u0105czna waga szafir\u00f3w i diament\u00f3w wynosi 1,92 karata. Niepowtarzalny wyb\u00f3r dla os\u00f3b ceni\u0105cych stylowe detale. Doskona\u0142y prezent dla mi\u0142o\u015bnik\u00f3w stylowej bi\u017cuterii.<\/p>\n","protected":false},"featured_media":234436,"template":"","meta":{"site-sidebar-layout":"default","site-content-layout":"","ast-site-content-layout":"default","site-content-style":"default","site-sidebar-style":"default","ast-global-header-display":"","ast-banner-title-visibility":"","ast-main-header-display":"","ast-hfb-above-header-display":"","ast-hfb-below-header-display":"","ast-hfb-mobile-header-display":"","site-post-title":"","ast-breadcrumbs-content":"","ast-featured-img":"","footer-sml-layout":"","ast-disable-related-posts":"","theme-transparent-header-meta":"","adv-header-id-meta":"","stick-header-meta":"","header-above-stick-meta":"","header-main-stick-meta":"","header-below-stick-meta":"","astra-migrate-meta-layouts":"default","ast-page-background-enabled":"default","ast-page-background-meta":{"desktop":{"background-color":"var(--ast-global-color-4)","background-image":"","background-repeat":"repeat","background-position":"center center","background-size":"auto","background-attachment":"scroll","background-type":"","background-media":"","overlay-type":"","overlay-color":"","overlay-opacity":"","overlay-gradient":""},"tablet":{"background-color":"","background-image":"","background-repeat":"repeat","background-position":"center center","background-size":"auto","background-attachment":"scroll","background-type":"","background-media":"","overlay-type":"","overlay-color":"","overlay-opacity":"","overlay-gradient":""},"mobile":{"background-color":"","background-image":"","background-repeat":"repeat","background-position":"center center","background-size":"auto","background-attachment":"scroll","background-type":"","background-media":"","overlay-type":"","overlay-color":"","overlay-opacity":"","overlay-gradient":""}},"ast-content-background-meta":{"desktop":{"background-color":"var(--ast-global-color-5)","background-image":"","background-repeat":"repeat","background-position":"center center","background-size":"auto","background-attachment":"scroll","background-type":"","background-media":"","overlay-type":"","overlay-color":"","overlay-opacity":"","overlay-gradient":""},"tablet":{"background-color":"var(--ast-global-color-5)","background-image":"","background-repeat":"repeat","background-position":"center center","background-size":"auto","background-attachment":"scroll","background-type":"","background-media":"","overlay-type":"","overlay-color":"","overlay-opacity":"","overlay-gradient":""},"mobile":{"background-color":"var(--ast-global-color-5)","background-image":"","background-repeat":"repeat","background-position":"center center","background-size":"auto","background-attachment":"scroll","background-type":"","background-media":"","overlay-type":"","overlay-color":"","overlay-opacity":"","overlay-gradient":""}}},"product_brand":[],"product_cat":[3044,2858,2877,2878,2864,2862,2863,3179,3306,3303,2882,2879,2880,2853,2856,2875,2876,2860,2857,2854,2855,2859,2852,2873],"product_tag":[],"class_list":{"0":"post-283188","1":"product","2":"type-product","3":"status-publish","4":"has-post-thumbnail","6":"product_cat-bizuteria","7":"product_cat-bizuteria-z-bialego-zlota","8":"product_cat-bizuteria-z-kamieniami-polszlachetnymi","9":"product_cat-bizuteria-z-niebieskimi-kamieniami-szlachetnymi","10":"product_cat-diamentowe-obraczki-do-polowy","11":"product_cat-diamentowe-obraczki-z-bialego-zlota","12":"product_cat-diamentowe-paski","13":"product_cat-niebieski-klejnot","14":"product_cat-nowoczesne-obraczki-slubne","15":"product_cat-obraczki-slubne","16":"product_cat-pierscionek-obraczka-z-kamieniami-szlachetnymi","17":"product_cat-pierscionki-z-kamieniami-szlachetnymi","18":"product_cat-pierscionki-z-szafirami","19":"product_cat-prezenty-dla-kobiet","20":"product_cat-prezenty-dla-mezczyzn","21":"product_cat-prezenty-na-dzien-matki","22":"product_cat-prezenty-na-walentynki","23":"product_cat-prezenty-na-wyjatkowe-okazje","24":"product_cat-prezenty-swiateczne","25":"product_cat-prezenty-z-okazji-narodzin-dziecka","26":"product_cat-prezenty-z-okazji-rocznicy-slubu","27":"product_cat-prezenty-z-okazji-ukonczenia-szkoly","28":"product_cat-prezenty-z-okazji-urodzin","29":"product_cat-szafir-bizuteria-z-szafirami","30":"desktop-align-center","31":"tablet-align-left","32":"mobile-align-left","33":"ast-product-gallery-layout-horizontal-slider","34":"ast-product-gallery-with-no-image","35":"ast-product-single-variable","36":"ast-product-tabs-layout-accordion","37":"ast-qv-on-image","39":"first","40":"instock","41":"taxable","42":"shipping-taxable","43":"purchasable","44":"product-type-variable"},"yoast_head":"<!-- This site is optimized with the Yoast SEO plugin v26.6 - https:\/\/yoast.com\/wordpress\/plugins\/seo\/ -->\n<title>1.92 ct pier\u015bcionek z szafirami i diamentami I fashiongold.lt<\/title>\n<meta name=\"description\" content=\"Z\u0142ota obr\u0105czka z niebieskimi szafirami i diamentami. \u0141\u0105czna masa szafir\u00f3w i diament\u00f3w wynosi 1,92 karata. Doskona\u0142y prezent dla mi\u0142o\u015bnik\u00f3w stylowej bi\u017cuterii.\" \/>\n<meta name=\"robots\" content=\"index, follow, max-snippet:-1, max-image-preview:large, max-video-preview:-1\" \/>\n<link rel=\"canonical\" href=\"https:\/\/fashiongold.lt\/pl\/papuosalas\/pierscionek-1-92-ct-z-szafirami-i-diamentami\/\" \/>\n<meta property=\"og:locale\" content=\"pl_PL\" \/>\n<meta property=\"og:type\" content=\"article\" \/>\n<meta property=\"og:title\" content=\"1.92 ct pier\u015bcionek z szafirami i diamentami I fashiongold.lt\" \/>\n<meta property=\"og:description\" content=\"Z\u0142ota obr\u0105czka z niebieskimi szafirami i diamentami. \u0141\u0105czna masa szafir\u00f3w i diament\u00f3w wynosi 1,92 karata. Doskona\u0142y prezent dla mi\u0142o\u015bnik\u00f3w stylowej bi\u017cuterii.\" \/>\n<meta property=\"og:url\" content=\"https:\/\/fashiongold.lt\/pl\/papuosalas\/pierscionek-1-92-ct-z-szafirami-i-diamentami\/\" \/>\n<meta property=\"og:site_name\" content=\"FashionGold.lt\" \/>\n<meta property=\"article:modified_time\" content=\"2026-02-14T13:29:50+00:00\" \/>\n<meta property=\"og:image\" content=\"https:\/\/fashiongold.lt\/wp-content\/uploads\/2025\/10\/21841-476-1.92-ct-ziedas-su-safyrais-ir-deimantais.webp\" \/>\n\t<meta property=\"og:image:width\" content=\"1000\" \/>\n\t<meta property=\"og:image:height\" content=\"1000\" \/>\n\t<meta property=\"og:image:type\" content=\"image\/png\" \/>\n<meta name=\"twitter:card\" content=\"summary_large_image\" \/>\n<meta name=\"twitter:label1\" content=\"Szacowany czas czytania\" \/>\n\t<meta name=\"twitter:data1\" content=\"1 minuta\" \/>\n<script type=\"application\/ld+json\" class=\"yoast-schema-graph\">{\"@context\":\"https:\/\/schema.org\",\"@graph\":[{\"@type\":\"WebPage\",\"@id\":\"https:\/\/fashiongold.lt\/pl\/papuosalas\/pierscionek-1-92-ct-z-szafirami-i-diamentami\/\",\"url\":\"https:\/\/fashiongold.lt\/pl\/papuosalas\/pierscionek-1-92-ct-z-szafirami-i-diamentami\/\",\"name\":\"1.92 ct pier\u015bcionek z szafirami i diamentami I fashiongold.lt\",\"isPartOf\":{\"@id\":\"https:\/\/fashiongold.lt\/pl\/#website\"},\"primaryImageOfPage\":{\"@id\":\"https:\/\/fashiongold.lt\/pl\/papuosalas\/pierscionek-1-92-ct-z-szafirami-i-diamentami\/#primaryimage\"},\"image\":{\"@id\":\"https:\/\/fashiongold.lt\/pl\/papuosalas\/pierscionek-1-92-ct-z-szafirami-i-diamentami\/#primaryimage\"},\"thumbnailUrl\":\"https:\/\/fashiongold.lt\/wp-content\/uploads\/2025\/10\/21841-476-1.92-ct-ziedas-su-safyrais-ir-deimantais.png\",\"datePublished\":\"2025-10-20T07:02:45+00:00\",\"dateModified\":\"2026-02-14T13:29:50+00:00\",\"description\":\"Z\u0142ota obr\u0105czka z niebieskimi szafirami i diamentami. \u0141\u0105czna masa szafir\u00f3w i diament\u00f3w wynosi 1,92 karata. Doskona\u0142y prezent dla mi\u0142o\u015bnik\u00f3w stylowej bi\u017cuterii.\",\"breadcrumb\":{\"@id\":\"https:\/\/fashiongold.lt\/pl\/papuosalas\/pierscionek-1-92-ct-z-szafirami-i-diamentami\/#breadcrumb\"},\"inLanguage\":\"pl-PL\",\"potentialAction\":[{\"@type\":\"ReadAction\",\"target\":[\"https:\/\/fashiongold.lt\/pl\/papuosalas\/pierscionek-1-92-ct-z-szafirami-i-diamentami\/\"]}]},{\"@type\":\"ImageObject\",\"inLanguage\":\"pl-PL\",\"@id\":\"https:\/\/fashiongold.lt\/pl\/papuosalas\/pierscionek-1-92-ct-z-szafirami-i-diamentami\/#primaryimage\",\"url\":\"https:\/\/fashiongold.lt\/wp-content\/uploads\/2025\/10\/21841-476-1.92-ct-ziedas-su-safyrais-ir-deimantais.png\",\"contentUrl\":\"https:\/\/fashiongold.lt\/wp-content\/uploads\/2025\/10\/21841-476-1.92-ct-ziedas-su-safyrais-ir-deimantais.png\",\"width\":1000,\"height\":1000},{\"@type\":\"BreadcrumbList\",\"@id\":\"https:\/\/fashiongold.lt\/pl\/papuosalas\/pierscionek-1-92-ct-z-szafirami-i-diamentami\/#breadcrumb\",\"itemListElement\":[{\"@type\":\"ListItem\",\"position\":1,\"name\":\"Home\",\"item\":\"https:\/\/fashiongold.lt\/pl\/\"},{\"@type\":\"ListItem\",\"position\":2,\"name\":\"Sklep z diamentami Fashiongold.lt\",\"item\":\"https:\/\/fashiongold.lt\/shop-2\/\"},{\"@type\":\"ListItem\",\"position\":3,\"name\":\"Pier\u015bcionek 1.92 ct z szafirami i diamentami\"}]},{\"@type\":\"WebSite\",\"@id\":\"https:\/\/fashiongold.lt\/pl\/#website\",\"url\":\"https:\/\/fashiongold.lt\/pl\/\",\"name\":\"Fashion Gold\",\"description\":\"Juvelyrikos namai\",\"publisher\":{\"@id\":\"https:\/\/fashiongold.lt\/pl\/#organization\"},\"potentialAction\":[{\"@type\":\"SearchAction\",\"target\":{\"@type\":\"EntryPoint\",\"urlTemplate\":\"https:\/\/fashiongold.lt\/pl\/?s={search_term_string}\"},\"query-input\":{\"@type\":\"PropertyValueSpecification\",\"valueRequired\":true,\"valueName\":\"search_term_string\"}}],\"inLanguage\":\"pl-PL\"},{\"@type\":\"Organization\",\"@id\":\"https:\/\/fashiongold.lt\/pl\/#organization\",\"name\":\"Topdiamonds Online\",\"url\":\"https:\/\/fashiongold.lt\/pl\/\",\"logo\":{\"@type\":\"ImageObject\",\"inLanguage\":\"pl-PL\",\"@id\":\"https:\/\/fashiongold.lt\/pl\/#\/schema\/logo\/image\/\",\"url\":\"https:\/\/fashiongold.lt\/wp-content\/uploads\/2025\/04\/cropped-fashion_gold_logotipas2-scaled-1.png\",\"contentUrl\":\"https:\/\/fashiongold.lt\/wp-content\/uploads\/2025\/04\/cropped-fashion_gold_logotipas2-scaled-1.png\",\"width\":2559,\"height\":421,\"caption\":\"Topdiamonds Online\"},\"image\":{\"@id\":\"https:\/\/fashiongold.lt\/pl\/#\/schema\/logo\/image\/\"}}]}<\/script>\n<!-- \/ Yoast SEO plugin. -->","yoast_head_json":{"title":"1.92 ct pier\u015bcionek z szafirami i diamentami I fashiongold.lt","description":"Z\u0142ota obr\u0105czka z niebieskimi szafirami i diamentami. \u0141\u0105czna masa szafir\u00f3w i diament\u00f3w wynosi 1,92 karata. Doskona\u0142y prezent dla mi\u0142o\u015bnik\u00f3w stylowej bi\u017cuterii.","robots":{"index":"index","follow":"follow","max-snippet":"max-snippet:-1","max-image-preview":"max-image-preview:large","max-video-preview":"max-video-preview:-1"},"canonical":"https:\/\/fashiongold.lt\/pl\/papuosalas\/pierscionek-1-92-ct-z-szafirami-i-diamentami\/","og_locale":"pl_PL","og_type":"article","og_title":"1.92 ct pier\u015bcionek z szafirami i diamentami I fashiongold.lt","og_description":"Z\u0142ota obr\u0105czka z niebieskimi szafirami i diamentami. \u0141\u0105czna masa szafir\u00f3w i diament\u00f3w wynosi 1,92 karata. Doskona\u0142y prezent dla mi\u0142o\u015bnik\u00f3w stylowej bi\u017cuterii.","og_url":"https:\/\/fashiongold.lt\/pl\/papuosalas\/pierscionek-1-92-ct-z-szafirami-i-diamentami\/","og_site_name":"FashionGold.lt","article_modified_time":"2026-02-14T13:29:50+00:00","og_image":[{"width":1000,"height":1000,"url":"https:\/\/fashiongold.lt\/wp-content\/uploads\/2025\/10\/21841-476-1.92-ct-ziedas-su-safyrais-ir-deimantais.webp","type":"image\/png"}],"twitter_card":"summary_large_image","twitter_misc":{"Szacowany czas czytania":"1 minuta"},"schema":{"@context":"https:\/\/schema.org","@graph":[{"@type":"WebPage","@id":"https:\/\/fashiongold.lt\/pl\/papuosalas\/pierscionek-1-92-ct-z-szafirami-i-diamentami\/","url":"https:\/\/fashiongold.lt\/pl\/papuosalas\/pierscionek-1-92-ct-z-szafirami-i-diamentami\/","name":"1.92 ct pier\u015bcionek z szafirami i diamentami I fashiongold.lt","isPartOf":{"@id":"https:\/\/fashiongold.lt\/pl\/#website"},"primaryImageOfPage":{"@id":"https:\/\/fashiongold.lt\/pl\/papuosalas\/pierscionek-1-92-ct-z-szafirami-i-diamentami\/#primaryimage"},"image":{"@id":"https:\/\/fashiongold.lt\/pl\/papuosalas\/pierscionek-1-92-ct-z-szafirami-i-diamentami\/#primaryimage"},"thumbnailUrl":"https:\/\/fashiongold.lt\/wp-content\/uploads\/2025\/10\/21841-476-1.92-ct-ziedas-su-safyrais-ir-deimantais.png","datePublished":"2025-10-20T07:02:45+00:00","dateModified":"2026-02-14T13:29:50+00:00","description":"Z\u0142ota obr\u0105czka z niebieskimi szafirami i diamentami. \u0141\u0105czna masa szafir\u00f3w i diament\u00f3w wynosi 1,92 karata. Doskona\u0142y prezent dla mi\u0142o\u015bnik\u00f3w stylowej bi\u017cuterii.","breadcrumb":{"@id":"https:\/\/fashiongold.lt\/pl\/papuosalas\/pierscionek-1-92-ct-z-szafirami-i-diamentami\/#breadcrumb"},"inLanguage":"pl-PL","potentialAction":[{"@type":"ReadAction","target":["https:\/\/fashiongold.lt\/pl\/papuosalas\/pierscionek-1-92-ct-z-szafirami-i-diamentami\/"]}]},{"@type":"ImageObject","inLanguage":"pl-PL","@id":"https:\/\/fashiongold.lt\/pl\/papuosalas\/pierscionek-1-92-ct-z-szafirami-i-diamentami\/#primaryimage","url":"https:\/\/fashiongold.lt\/wp-content\/uploads\/2025\/10\/21841-476-1.92-ct-ziedas-su-safyrais-ir-deimantais.png","contentUrl":"https:\/\/fashiongold.lt\/wp-content\/uploads\/2025\/10\/21841-476-1.92-ct-ziedas-su-safyrais-ir-deimantais.png","width":1000,"height":1000},{"@type":"BreadcrumbList","@id":"https:\/\/fashiongold.lt\/pl\/papuosalas\/pierscionek-1-92-ct-z-szafirami-i-diamentami\/#breadcrumb","itemListElement":[{"@type":"ListItem","position":1,"name":"Home","item":"https:\/\/fashiongold.lt\/pl\/"},{"@type":"ListItem","position":2,"name":"Sklep z diamentami Fashiongold.lt","item":"https:\/\/fashiongold.lt\/shop-2\/"},{"@type":"ListItem","position":3,"name":"Pier\u015bcionek 1.92 ct z szafirami i diamentami"}]},{"@type":"WebSite","@id":"https:\/\/fashiongold.lt\/pl\/#website","url":"https:\/\/fashiongold.lt\/pl\/","name":"Fashion Gold","description":"Juvelyrikos namai","publisher":{"@id":"https:\/\/fashiongold.lt\/pl\/#organization"},"potentialAction":[{"@type":"SearchAction","target":{"@type":"EntryPoint","urlTemplate":"https:\/\/fashiongold.lt\/pl\/?s={search_term_string}"},"query-input":{"@type":"PropertyValueSpecification","valueRequired":true,"valueName":"search_term_string"}}],"inLanguage":"pl-PL"},{"@type":"Organization","@id":"https:\/\/fashiongold.lt\/pl\/#organization","name":"Topdiamonds Online","url":"https:\/\/fashiongold.lt\/pl\/","logo":{"@type":"ImageObject","inLanguage":"pl-PL","@id":"https:\/\/fashiongold.lt\/pl\/#\/schema\/logo\/image\/","url":"https:\/\/fashiongold.lt\/wp-content\/uploads\/2025\/04\/cropped-fashion_gold_logotipas2-scaled-1.png","contentUrl":"https:\/\/fashiongold.lt\/wp-content\/uploads\/2025\/04\/cropped-fashion_gold_logotipas2-scaled-1.png","width":2559,"height":421,"caption":"Topdiamonds Online"},"image":{"@id":"https:\/\/fashiongold.lt\/pl\/#\/schema\/logo\/image\/"}}]}},"_links":{"self":[{"href":"https:\/\/fashiongold.lt\/pl\/wp-json\/wp\/v2\/product\/283188","targetHints":{"allow":["GET"]}}],"collection":[{"href":"https:\/\/fashiongold.lt\/pl\/wp-json\/wp\/v2\/product"}],"about":[{"href":"https:\/\/fashiongold.lt\/pl\/wp-json\/wp\/v2\/types\/product"}],"version-history":[{"count":0,"href":"https:\/\/fashiongold.lt\/pl\/wp-json\/wp\/v2\/product\/283188\/revisions"}],"wp:featuredmedia":[{"embeddable":true,"href":"https:\/\/fashiongold.lt\/pl\/wp-json\/wp\/v2\/media\/234436"}],"wp:attachment":[{"href":"https:\/\/fashiongold.lt\/pl\/wp-json\/wp\/v2\/media?parent=283188"}],"wp:term":[{"taxonomy":"product_brand","embeddable":true,"href":"https:\/\/fashiongold.lt\/pl\/wp-json\/wp\/v2\/product_brand?post=283188"},{"taxonomy":"product_cat","embeddable":true,"href":"https:\/\/fashiongold.lt\/pl\/wp-json\/wp\/v2\/product_cat?post=283188"},{"taxonomy":"product_tag","embeddable":true,"href":"https:\/\/fashiongold.lt\/pl\/wp-json\/wp\/v2\/product_tag?post=283188"}],"curies":[{"name":"wp","href":"https:\/\/api.w.org\/{rel}","templated":true}]}}