{"id":283433,"date":"2025-10-19T19:57:29","date_gmt":"2025-10-19T19:57:29","guid":{"rendered":"https:\/\/fashiongold.lt\/papuosalas\/ametystowa-kropla-kolczyki-z-ametystami-i-diamentami-472-ct\/"},"modified":"2025-10-19T19:57:29","modified_gmt":"2025-10-19T19:57:29","slug":"ametystowa-kropla-kolczyki-z-ametystami-i-diamentami-472-ct","status":"publish","type":"product","link":"https:\/\/fashiongold.lt\/pl\/papuosalas\/ametystowa-kropla-kolczyki-z-ametystami-i-diamentami-472-ct\/","title":{"rendered":"Ametystowa kropla \u2013 kolczyki z ametystami i diamentami (4,72 ct)"},"content":{"rendered":"<p>Wyprodukowano w Niemczech z wysokiej jako\u015bci kamieni szlachetnych. Doskona\u0142y wyb\u00f3r dla stylowej kobiety. Magiczny ametyst &#8211; kamie\u0144 m\u0105dro\u015bci, harmonii i relaksu. Przywraca r\u00f3wnowag\u0119, \u0142agodzi stres, przynosi spok\u00f3j. Ametyst jest odpowiedni dla Strzelca, Wodnika, Ryb, Kozioro\u017cca, Barana, Bli\u017ani\u0105t.<\/p>\n<p>\u2022 Z\u0142oto kolczyk\u00f3w: 18 karat\u00f3w (pr\u00f3ba 750) <\/p>\n<p>\u2022 Kolor kolczyk\u00f3w: czerwone z\u0142oto <\/p>\n<p>\u2022 Waga kolczyk\u00f3w: oko\u0142o 2,80 &#8211; 3,50 g <\/p>\n<p>\u2022 Typ diamentu: Naturalny diament <\/p>\n<p>\u2022 Kszta\u0142t diamentu: Okr\u0105g\u0142y (Round cut) <\/p>\n<p>\u2022 Charakterystyka diamentu: 0,12 ct, kolor G-H (RW-W); czysto\u015b\u0107 SI <\/p>\n<p>\u2022 Kamie\u0144 centralny: ametysty o szlifie okr\u0105g\u0142ym &#8211; 4,60 ct <\/p>\n<p>\u2022 Certyfikat: Litewska Izba Probiercza (LPR) <\/p>\n<p>\u2022 Wymiary kolczyka: wysoko\u015b\u0107 23,00 mm, szeroko\u015b\u0107 8,90 mm, grubo\u015b\u0107 5,60 mm<\/p>\n<p>\u2022 Grawerowanie gratis <\/p>\n<p>\u2022 Jednorazowa bezp\u0142atna gwarancja zmiany rozmiaru pier\u015bcionka <\/p>\n<p>\u2022 Termin produkcji i dostawy od 21 dni roboczych, w trybie pilnym w ci\u0105gu 3 dni roboczych <\/p>\n<p><strong>Masz w\u0142asne z\u0142oto? Skontaktuj si\u0119 z nami, przeliczymy cen\u0119 \u2013 zap\u0142acisz tylko za wykonanie kolczyk\u00f3w.<\/strong><\/p>\n","protected":false},"excerpt":{"rendered":"<p>Z\u0142ote kolczyki o nowoczesnym designie z angielskim zapi\u0119ciem, ametystami w kszta\u0142cie kropli i diamentami. Pasuj\u0105 na co dzie\u0144 i na wyj\u0105tkowe okazje, dla wyj\u0105tkowego stylu.<\/p>\n","protected":false},"featured_media":233776,"template":"","meta":{"site-sidebar-layout":"","site-content-layout":"","ast-site-content-layout":"","site-content-style":"","site-sidebar-style":"","ast-global-header-display":"","ast-banner-title-visibility":"","ast-main-header-display":"","ast-hfb-above-header-display":"","ast-hfb-below-header-display":"","ast-hfb-mobile-header-display":"","site-post-title":"","ast-breadcrumbs-content":"","ast-featured-img":"","footer-sml-layout":"","ast-disable-related-posts":"","theme-transparent-header-meta":"","adv-header-id-meta":"","stick-header-meta":"","header-above-stick-meta":"","header-main-stick-meta":"","header-below-stick-meta":"","astra-migrate-meta-layouts":"default","ast-page-background-enabled":"default","ast-page-background-meta":{"desktop":{"background-color":"var(--ast-global-color-4)","background-image":"","background-repeat":"repeat","background-position":"center center","background-size":"auto","background-attachment":"scroll","background-type":"","background-media":"","overlay-type":"","overlay-color":"","overlay-opacity":"","overlay-gradient":""},"tablet":{"background-color":"","background-image":"","background-repeat":"repeat","background-position":"center center","background-size":"auto","background-attachment":"scroll","background-type":"","background-media":"","overlay-type":"","overlay-color":"","overlay-opacity":"","overlay-gradient":""},"mobile":{"background-color":"","background-image":"","background-repeat":"repeat","background-position":"center center","background-size":"auto","background-attachment":"scroll","background-type":"","background-media":"","overlay-type":"","overlay-color":"","overlay-opacity":"","overlay-gradient":""}},"ast-content-background-meta":{"desktop":{"background-color":"var(--ast-global-color-5)","background-image":"","background-repeat":"repeat","background-position":"center center","background-size":"auto","background-attachment":"scroll","background-type":"","background-media":"","overlay-type":"","overlay-color":"","overlay-opacity":"","overlay-gradient":""},"tablet":{"background-color":"var(--ast-global-color-5)","background-image":"","background-repeat":"repeat","background-position":"center center","background-size":"auto","background-attachment":"scroll","background-type":"","background-media":"","overlay-type":"","overlay-color":"","overlay-opacity":"","overlay-gradient":""},"mobile":{"background-color":"var(--ast-global-color-5)","background-image":"","background-repeat":"repeat","background-position":"center center","background-size":"auto","background-attachment":"scroll","background-type":"","background-media":"","overlay-type":"","overlay-color":"","overlay-opacity":"","overlay-gradient":""}}},"product_brand":[],"product_cat":[3044,2973,3046,2877,3377,2972,2974,2853,3165,2875,2876,2860,2857,2854,2855,3169,2859,2852],"product_tag":[],"class_list":{"0":"post-283433","1":"product","2":"type-product","3":"status-publish","4":"has-post-thumbnail","6":"product_cat-bizuteria","7":"product_cat-bizuteria-z-czerwonego-zlota","8":"product_cat-bizuteria-z-fioletowymi-kamieniami-szlachetnymi","9":"product_cat-bizuteria-z-kamieniami-polszlachetnymi","10":"product_cat-kolczyki-z-angielskim-zapieciem","11":"product_cat-kolczyki-z-diamentami","12":"product_cat-kolczyki-z-kamieniami-szlachetnymi","13":"product_cat-prezenty-dla-kobiet","14":"product_cat-prezenty-na-chrzest","15":"product_cat-prezenty-na-dzien-matki","16":"product_cat-prezenty-na-walentynki","17":"product_cat-prezenty-na-wyjatkowe-okazje","18":"product_cat-prezenty-swiateczne","19":"product_cat-prezenty-z-okazji-narodzin-dziecka","20":"product_cat-prezenty-z-okazji-rocznicy-slubu","21":"product_cat-prezenty-z-okazji-slubu","22":"product_cat-prezenty-z-okazji-ukonczenia-szkoly","23":"product_cat-prezenty-z-okazji-urodzin","24":"desktop-align-center","25":"tablet-align-left","26":"mobile-align-left","27":"ast-product-gallery-layout-horizontal-slider","28":"ast-product-gallery-with-no-image","29":"ast-product-tabs-layout-accordion","30":"ast-qv-on-image","32":"first","33":"instock","34":"taxable","35":"shipping-taxable","36":"purchasable","37":"product-type-simple"},"yoast_head":"<!-- This site is optimized with the Yoast SEO plugin v26.6 - https:\/\/yoast.com\/wordpress\/plugins\/seo\/ -->\n<title>Ametystowa kropla - kolczyki z ametystami i diamentami<\/title>\n<meta name=\"description\" content=\"Z\u0142ote kolczyki o nowoczesnym designie z angielskim zapi\u0119ciem, z ametystami w kszta\u0142cie kropli i diamentami. Odpowiednie na co dzie\u0144 i na specjalne okazje, dla wyj\u0105tkowego stylu.\" \/>\n<meta name=\"robots\" content=\"index, follow, max-snippet:-1, max-image-preview:large, max-video-preview:-1\" \/>\n<link rel=\"canonical\" href=\"https:\/\/fashiongold.lt\/pl\/papuosalas\/ametystowa-kropla-kolczyki-z-ametystami-i-diamentami-472-ct\/\" \/>\n<meta property=\"og:locale\" content=\"pl_PL\" \/>\n<meta property=\"og:type\" content=\"article\" \/>\n<meta property=\"og:title\" content=\"Ametystowa kropla - kolczyki z ametystami i diamentami\" \/>\n<meta property=\"og:description\" content=\"Z\u0142ote kolczyki o nowoczesnym designie z angielskim zapi\u0119ciem, z ametystami w kszta\u0142cie kropli i diamentami. Odpowiednie na co dzie\u0144 i na specjalne okazje, dla wyj\u0105tkowego stylu.\" \/>\n<meta property=\"og:url\" content=\"https:\/\/fashiongold.lt\/pl\/papuosalas\/ametystowa-kropla-kolczyki-z-ametystami-i-diamentami-472-ct\/\" \/>\n<meta property=\"og:site_name\" content=\"FashionGold.lt\" \/>\n<meta property=\"og:image\" content=\"https:\/\/fashiongold.lt\/wp-content\/uploads\/2025\/10\/11761-52e-Ametistai-lasas-auskarai-su-ametistais-ir-deimantais.webp\" \/>\n\t<meta property=\"og:image:width\" content=\"1000\" \/>\n\t<meta property=\"og:image:height\" content=\"1000\" \/>\n\t<meta property=\"og:image:type\" content=\"image\/png\" \/>\n<meta name=\"twitter:card\" content=\"summary_large_image\" \/>\n<meta name=\"twitter:label1\" content=\"Szacowany czas czytania\" \/>\n\t<meta name=\"twitter:data1\" content=\"1 minuta\" \/>\n<script type=\"application\/ld+json\" class=\"yoast-schema-graph\">{\"@context\":\"https:\/\/schema.org\",\"@graph\":[{\"@type\":\"WebPage\",\"@id\":\"https:\/\/fashiongold.lt\/pl\/papuosalas\/ametystowa-kropla-kolczyki-z-ametystami-i-diamentami-472-ct\/\",\"url\":\"https:\/\/fashiongold.lt\/pl\/papuosalas\/ametystowa-kropla-kolczyki-z-ametystami-i-diamentami-472-ct\/\",\"name\":\"Ametystowa kropla - kolczyki z ametystami i diamentami\",\"isPartOf\":{\"@id\":\"https:\/\/fashiongold.lt\/pl\/#website\"},\"primaryImageOfPage\":{\"@id\":\"https:\/\/fashiongold.lt\/pl\/papuosalas\/ametystowa-kropla-kolczyki-z-ametystami-i-diamentami-472-ct\/#primaryimage\"},\"image\":{\"@id\":\"https:\/\/fashiongold.lt\/pl\/papuosalas\/ametystowa-kropla-kolczyki-z-ametystami-i-diamentami-472-ct\/#primaryimage\"},\"thumbnailUrl\":\"https:\/\/fashiongold.lt\/wp-content\/uploads\/2025\/10\/11761-52e-Ametistai-lasas-auskarai-su-ametistais-ir-deimantais.png\",\"datePublished\":\"2025-10-19T19:57:29+00:00\",\"description\":\"Z\u0142ote kolczyki o nowoczesnym designie z angielskim zapi\u0119ciem, z ametystami w kszta\u0142cie kropli i diamentami. Odpowiednie na co dzie\u0144 i na specjalne okazje, dla wyj\u0105tkowego stylu.\",\"breadcrumb\":{\"@id\":\"https:\/\/fashiongold.lt\/pl\/papuosalas\/ametystowa-kropla-kolczyki-z-ametystami-i-diamentami-472-ct\/#breadcrumb\"},\"inLanguage\":\"pl-PL\",\"potentialAction\":[{\"@type\":\"ReadAction\",\"target\":[\"https:\/\/fashiongold.lt\/pl\/papuosalas\/ametystowa-kropla-kolczyki-z-ametystami-i-diamentami-472-ct\/\"]}]},{\"@type\":\"ImageObject\",\"inLanguage\":\"pl-PL\",\"@id\":\"https:\/\/fashiongold.lt\/pl\/papuosalas\/ametystowa-kropla-kolczyki-z-ametystami-i-diamentami-472-ct\/#primaryimage\",\"url\":\"https:\/\/fashiongold.lt\/wp-content\/uploads\/2025\/10\/11761-52e-Ametistai-lasas-auskarai-su-ametistais-ir-deimantais.png\",\"contentUrl\":\"https:\/\/fashiongold.lt\/wp-content\/uploads\/2025\/10\/11761-52e-Ametistai-lasas-auskarai-su-ametistais-ir-deimantais.png\",\"width\":1000,\"height\":1000},{\"@type\":\"BreadcrumbList\",\"@id\":\"https:\/\/fashiongold.lt\/pl\/papuosalas\/ametystowa-kropla-kolczyki-z-ametystami-i-diamentami-472-ct\/#breadcrumb\",\"itemListElement\":[{\"@type\":\"ListItem\",\"position\":1,\"name\":\"Home\",\"item\":\"https:\/\/fashiongold.lt\/pl\/\"},{\"@type\":\"ListItem\",\"position\":2,\"name\":\"Sklep z diamentami Fashiongold.lt\",\"item\":\"https:\/\/fashiongold.lt\/shop-2\/\"},{\"@type\":\"ListItem\",\"position\":3,\"name\":\"Ametystowa kropla \u2013 kolczyki z ametystami i diamentami (4,72 ct)\"}]},{\"@type\":\"WebSite\",\"@id\":\"https:\/\/fashiongold.lt\/pl\/#website\",\"url\":\"https:\/\/fashiongold.lt\/pl\/\",\"name\":\"Fashion Gold\",\"description\":\"Juvelyrikos namai\",\"publisher\":{\"@id\":\"https:\/\/fashiongold.lt\/pl\/#organization\"},\"potentialAction\":[{\"@type\":\"SearchAction\",\"target\":{\"@type\":\"EntryPoint\",\"urlTemplate\":\"https:\/\/fashiongold.lt\/pl\/?s={search_term_string}\"},\"query-input\":{\"@type\":\"PropertyValueSpecification\",\"valueRequired\":true,\"valueName\":\"search_term_string\"}}],\"inLanguage\":\"pl-PL\"},{\"@type\":\"Organization\",\"@id\":\"https:\/\/fashiongold.lt\/pl\/#organization\",\"name\":\"Topdiamonds Online\",\"url\":\"https:\/\/fashiongold.lt\/pl\/\",\"logo\":{\"@type\":\"ImageObject\",\"inLanguage\":\"pl-PL\",\"@id\":\"https:\/\/fashiongold.lt\/pl\/#\/schema\/logo\/image\/\",\"url\":\"https:\/\/fashiongold.lt\/wp-content\/uploads\/2025\/04\/cropped-fashion_gold_logotipas2-scaled-1.png\",\"contentUrl\":\"https:\/\/fashiongold.lt\/wp-content\/uploads\/2025\/04\/cropped-fashion_gold_logotipas2-scaled-1.png\",\"width\":2559,\"height\":421,\"caption\":\"Topdiamonds Online\"},\"image\":{\"@id\":\"https:\/\/fashiongold.lt\/pl\/#\/schema\/logo\/image\/\"}}]}<\/script>\n<!-- \/ Yoast SEO plugin. -->","yoast_head_json":{"title":"Ametystowa kropla - kolczyki z ametystami i diamentami","description":"Z\u0142ote kolczyki o nowoczesnym designie z angielskim zapi\u0119ciem, z ametystami w kszta\u0142cie kropli i diamentami. Odpowiednie na co dzie\u0144 i na specjalne okazje, dla wyj\u0105tkowego stylu.","robots":{"index":"index","follow":"follow","max-snippet":"max-snippet:-1","max-image-preview":"max-image-preview:large","max-video-preview":"max-video-preview:-1"},"canonical":"https:\/\/fashiongold.lt\/pl\/papuosalas\/ametystowa-kropla-kolczyki-z-ametystami-i-diamentami-472-ct\/","og_locale":"pl_PL","og_type":"article","og_title":"Ametystowa kropla - kolczyki z ametystami i diamentami","og_description":"Z\u0142ote kolczyki o nowoczesnym designie z angielskim zapi\u0119ciem, z ametystami w kszta\u0142cie kropli i diamentami. Odpowiednie na co dzie\u0144 i na specjalne okazje, dla wyj\u0105tkowego stylu.","og_url":"https:\/\/fashiongold.lt\/pl\/papuosalas\/ametystowa-kropla-kolczyki-z-ametystami-i-diamentami-472-ct\/","og_site_name":"FashionGold.lt","og_image":[{"width":1000,"height":1000,"url":"https:\/\/fashiongold.lt\/wp-content\/uploads\/2025\/10\/11761-52e-Ametistai-lasas-auskarai-su-ametistais-ir-deimantais.webp","type":"image\/png"}],"twitter_card":"summary_large_image","twitter_misc":{"Szacowany czas czytania":"1 minuta"},"schema":{"@context":"https:\/\/schema.org","@graph":[{"@type":"WebPage","@id":"https:\/\/fashiongold.lt\/pl\/papuosalas\/ametystowa-kropla-kolczyki-z-ametystami-i-diamentami-472-ct\/","url":"https:\/\/fashiongold.lt\/pl\/papuosalas\/ametystowa-kropla-kolczyki-z-ametystami-i-diamentami-472-ct\/","name":"Ametystowa kropla - kolczyki z ametystami i diamentami","isPartOf":{"@id":"https:\/\/fashiongold.lt\/pl\/#website"},"primaryImageOfPage":{"@id":"https:\/\/fashiongold.lt\/pl\/papuosalas\/ametystowa-kropla-kolczyki-z-ametystami-i-diamentami-472-ct\/#primaryimage"},"image":{"@id":"https:\/\/fashiongold.lt\/pl\/papuosalas\/ametystowa-kropla-kolczyki-z-ametystami-i-diamentami-472-ct\/#primaryimage"},"thumbnailUrl":"https:\/\/fashiongold.lt\/wp-content\/uploads\/2025\/10\/11761-52e-Ametistai-lasas-auskarai-su-ametistais-ir-deimantais.png","datePublished":"2025-10-19T19:57:29+00:00","description":"Z\u0142ote kolczyki o nowoczesnym designie z angielskim zapi\u0119ciem, z ametystami w kszta\u0142cie kropli i diamentami. Odpowiednie na co dzie\u0144 i na specjalne okazje, dla wyj\u0105tkowego stylu.","breadcrumb":{"@id":"https:\/\/fashiongold.lt\/pl\/papuosalas\/ametystowa-kropla-kolczyki-z-ametystami-i-diamentami-472-ct\/#breadcrumb"},"inLanguage":"pl-PL","potentialAction":[{"@type":"ReadAction","target":["https:\/\/fashiongold.lt\/pl\/papuosalas\/ametystowa-kropla-kolczyki-z-ametystami-i-diamentami-472-ct\/"]}]},{"@type":"ImageObject","inLanguage":"pl-PL","@id":"https:\/\/fashiongold.lt\/pl\/papuosalas\/ametystowa-kropla-kolczyki-z-ametystami-i-diamentami-472-ct\/#primaryimage","url":"https:\/\/fashiongold.lt\/wp-content\/uploads\/2025\/10\/11761-52e-Ametistai-lasas-auskarai-su-ametistais-ir-deimantais.png","contentUrl":"https:\/\/fashiongold.lt\/wp-content\/uploads\/2025\/10\/11761-52e-Ametistai-lasas-auskarai-su-ametistais-ir-deimantais.png","width":1000,"height":1000},{"@type":"BreadcrumbList","@id":"https:\/\/fashiongold.lt\/pl\/papuosalas\/ametystowa-kropla-kolczyki-z-ametystami-i-diamentami-472-ct\/#breadcrumb","itemListElement":[{"@type":"ListItem","position":1,"name":"Home","item":"https:\/\/fashiongold.lt\/pl\/"},{"@type":"ListItem","position":2,"name":"Sklep z diamentami Fashiongold.lt","item":"https:\/\/fashiongold.lt\/shop-2\/"},{"@type":"ListItem","position":3,"name":"Ametystowa kropla \u2013 kolczyki z ametystami i diamentami (4,72 ct)"}]},{"@type":"WebSite","@id":"https:\/\/fashiongold.lt\/pl\/#website","url":"https:\/\/fashiongold.lt\/pl\/","name":"Fashion Gold","description":"Juvelyrikos namai","publisher":{"@id":"https:\/\/fashiongold.lt\/pl\/#organization"},"potentialAction":[{"@type":"SearchAction","target":{"@type":"EntryPoint","urlTemplate":"https:\/\/fashiongold.lt\/pl\/?s={search_term_string}"},"query-input":{"@type":"PropertyValueSpecification","valueRequired":true,"valueName":"search_term_string"}}],"inLanguage":"pl-PL"},{"@type":"Organization","@id":"https:\/\/fashiongold.lt\/pl\/#organization","name":"Topdiamonds Online","url":"https:\/\/fashiongold.lt\/pl\/","logo":{"@type":"ImageObject","inLanguage":"pl-PL","@id":"https:\/\/fashiongold.lt\/pl\/#\/schema\/logo\/image\/","url":"https:\/\/fashiongold.lt\/wp-content\/uploads\/2025\/04\/cropped-fashion_gold_logotipas2-scaled-1.png","contentUrl":"https:\/\/fashiongold.lt\/wp-content\/uploads\/2025\/04\/cropped-fashion_gold_logotipas2-scaled-1.png","width":2559,"height":421,"caption":"Topdiamonds Online"},"image":{"@id":"https:\/\/fashiongold.lt\/pl\/#\/schema\/logo\/image\/"}}]}},"_links":{"self":[{"href":"https:\/\/fashiongold.lt\/pl\/wp-json\/wp\/v2\/product\/283433","targetHints":{"allow":["GET"]}}],"collection":[{"href":"https:\/\/fashiongold.lt\/pl\/wp-json\/wp\/v2\/product"}],"about":[{"href":"https:\/\/fashiongold.lt\/pl\/wp-json\/wp\/v2\/types\/product"}],"version-history":[{"count":0,"href":"https:\/\/fashiongold.lt\/pl\/wp-json\/wp\/v2\/product\/283433\/revisions"}],"wp:featuredmedia":[{"embeddable":true,"href":"https:\/\/fashiongold.lt\/pl\/wp-json\/wp\/v2\/media\/233776"}],"wp:attachment":[{"href":"https:\/\/fashiongold.lt\/pl\/wp-json\/wp\/v2\/media?parent=283433"}],"wp:term":[{"taxonomy":"product_brand","embeddable":true,"href":"https:\/\/fashiongold.lt\/pl\/wp-json\/wp\/v2\/product_brand?post=283433"},{"taxonomy":"product_cat","embeddable":true,"href":"https:\/\/fashiongold.lt\/pl\/wp-json\/wp\/v2\/product_cat?post=283433"},{"taxonomy":"product_tag","embeddable":true,"href":"https:\/\/fashiongold.lt\/pl\/wp-json\/wp\/v2\/product_tag?post=283433"}],"curies":[{"name":"wp","href":"https:\/\/api.w.org\/{rel}","templated":true}]}}