{"id":283468,"date":"2025-10-19T18:48:18","date_gmt":"2025-10-19T18:48:18","guid":{"rendered":"https:\/\/fashiongold.lt\/papuosalas\/pierscionek-zareczynowy-z-ametystem-i-diamentami-klasyka-ametystu-0-53-ct\/"},"modified":"2025-10-19T18:48:18","modified_gmt":"2025-10-19T18:48:18","slug":"pierscionek-zareczynowy-z-ametystem-i-diamentami-klasyka-ametystu-0-53-ct","status":"publish","type":"product","link":"https:\/\/fashiongold.lt\/pl\/papuosalas\/pierscionek-zareczynowy-z-ametystem-i-diamentami-klasyka-ametystu-0-53-ct\/","title":{"rendered":"Pier\u015bcionek zar\u0119czynowy z ametystem i diamentami \u2013 Klasyka Ametystu (0.53 ct)"},"content":{"rendered":"<h2>Pier\u015bcionek zar\u0119czynowy z ametystem i diamentami &#8211; Klasyka Ametystu (0.53 ct)<\/h2>\n<h3>Klasyczny pier\u015bcionek zar\u0119czynowy z ametystem o szlifie okr\u0105g\u0142ym o masie 0,50 karata i diamentami po obu stronach. Naturalne diamenty. Bezp\u0142atny grawer.<\/h3>\n<p>Wykonany na Litwie. Doskona\u0142y wyb\u00f3r dla stylowej kobiety. Magiczny ametyst &#8211; kamie\u0144 m\u0105dro\u015bci, harmonii i relaksu. Przywraca r\u00f3wnowag\u0119, \u0142agodzi stres, przynosi spok\u00f3j. Ametyst jest odpowiedni dla Strzelca, Wodnika, Ryb, Kozioro\u017cca, Barana, Bli\u017ani\u0105t.<\/p>\n<p>\u2022 Metal pier\u015bcionka: 14K (pr\u00f3ba 585), mo\u017cemy wykona\u0107 z 10K (pr\u00f3ba 375), 18K (pr\u00f3ba 750)\u00a0 \u00a0\u00a0<\/p>\n<p>\u2022 Kolor pier\u015bcionka: do wyboru bia\u0142e, \u017c\u00f3\u0142te, czerwone z\u0142oto<\/p>\n<p>\u2022 Waga pier\u015bcionka (zale\u017cy od rozmiaru i pr\u00f3by): oko\u0142o 1,80 &#8211; 2,30 g\u00a0 \u00a0 \u00a0 \u00a0 \u00a0<\/p>\n<p>\u2022 Wymiary pier\u015bcionka: szeroko\u015b\u0107 korony &#8211; ok. 4,90 mm, szeroko\u015b\u0107 obr\u0105czki &#8211; ok. 1,70 mm (wymiary s\u0105 przybli\u017cone i mog\u0105 si\u0119 r\u00f3\u017cni\u0107 w zale\u017cno\u015bci od rozmiaru pier\u015bcionka)\u00a0 \u00a0 \u00a0<\/p>\n<p>\u2022 Profil komfortowy (soczewka): tak\u00a0 \u00a0 \u00a0 \u00a0<\/p>\n<p>\u2022 Rodzaj kamienia szlachetnego: ametyst\u00a0\u00a0<\/p>\n<p>\u2022 Kszta\u0142t kamienia: ametyst o szlifie okr\u0105g\u0142ym (Round shape)\u00a0 \u00a0 \u00a0<\/p>\n<p>\u2022 Charakterystyka kamienia: 0,50 ct (mo\u017cliwo\u015b\u0107 zmiany)\u00a0<\/p>\n<p>\u2022 Rodzaj diamentu: Naturalne diamenty\u00a0 \u00a0 \u00a0 \u00a0<\/p>\n<p>\u2022 Kszta\u0142t diamentu: okr\u0105g\u0142y (round shape)\u00a0 \u00a0 \u00a0 \u00a0<\/p>\n<p>\u2022 Charakterystyka diamentu: 0,03 ct, kolor G-H (RW-W); czysto\u015b\u0107 SI\u00a0<\/p>\n<p>\u2022 Certyfikat: Litewski Urz\u0105d Probierczy (LPR)\u00a0 \u00a0 \u00a0<\/p>\n<p>\u2022 Grawerowanie gratis\u00a0 \u00a0<\/p>\n<p>\u2022 Jednorazowa gwarancja bezp\u0142atnej zmiany rozmiaru pier\u015bcionka\u00a0 \u00a0<\/p>\n<p>\u2022 Czas produkcji i dostawy od 14 dni roboczych, tryb pilny w ci\u0105gu 3 dni roboczych\u00a0 \u00a0<\/p>\n<p><strong>Masz w\u0142asne z\u0142oto? Skontaktuj si\u0119 z nami, przeliczymy cen\u0119 &#8211; zap\u0142acisz tylko za wykonanie pier\u015bcionka.<\/strong><\/p>\n","protected":false},"excerpt":{"rendered":"<p>Pier\u015bcionek zar\u0119czynowy o klasycznym wzornictwie z ametystem 0,50 karata i diamentami. Ten wyj\u0105tkowy pier\u015bcionek b\u0119dzie idealny dla stylowej kobiety, kt\u00f3ra ceni nowoczesno\u015b\u0107 i elegancj\u0119. Wyj\u0105tkowy wyb\u00f3r na zar\u0119czyny i specjalne okazje.\u00a0<\/p>\n","protected":false},"featured_media":226242,"template":"","meta":{"site-sidebar-layout":"default","site-content-layout":"","ast-site-content-layout":"default","site-content-style":"default","site-sidebar-style":"default","ast-global-header-display":"","ast-banner-title-visibility":"","ast-main-header-display":"","ast-hfb-above-header-display":"","ast-hfb-below-header-display":"","ast-hfb-mobile-header-display":"","site-post-title":"","ast-breadcrumbs-content":"","ast-featured-img":"","footer-sml-layout":"","ast-disable-related-posts":"","theme-transparent-header-meta":"","adv-header-id-meta":"","stick-header-meta":"","header-above-stick-meta":"","header-main-stick-meta":"","header-below-stick-meta":"","astra-migrate-meta-layouts":"default","ast-page-background-enabled":"default","ast-page-background-meta":{"desktop":{"background-color":"var(--ast-global-color-4)","background-image":"","background-repeat":"repeat","background-position":"center center","background-size":"auto","background-attachment":"scroll","background-type":"","background-media":"","overlay-type":"","overlay-color":"","overlay-opacity":"","overlay-gradient":""},"tablet":{"background-color":"","background-image":"","background-repeat":"repeat","background-position":"center center","background-size":"auto","background-attachment":"scroll","background-type":"","background-media":"","overlay-type":"","overlay-color":"","overlay-opacity":"","overlay-gradient":""},"mobile":{"background-color":"","background-image":"","background-repeat":"repeat","background-position":"center center","background-size":"auto","background-attachment":"scroll","background-type":"","background-media":"","overlay-type":"","overlay-color":"","overlay-opacity":"","overlay-gradient":""}},"ast-content-background-meta":{"desktop":{"background-color":"var(--ast-global-color-5)","background-image":"","background-repeat":"repeat","background-position":"center center","background-size":"auto","background-attachment":"scroll","background-type":"","background-media":"","overlay-type":"","overlay-color":"","overlay-opacity":"","overlay-gradient":""},"tablet":{"background-color":"var(--ast-global-color-5)","background-image":"","background-repeat":"repeat","background-position":"center center","background-size":"auto","background-attachment":"scroll","background-type":"","background-media":"","overlay-type":"","overlay-color":"","overlay-opacity":"","overlay-gradient":""},"mobile":{"background-color":"var(--ast-global-color-5)","background-image":"","background-repeat":"repeat","background-position":"center center","background-size":"auto","background-attachment":"scroll","background-type":"","background-media":"","overlay-type":"","overlay-color":"","overlay-opacity":"","overlay-gradient":""}}},"product_brand":[],"product_cat":[3046,3232,3233,3235,3845,3273,3234,2876,2860,2854,2855,3169],"product_tag":[],"class_list":{"0":"post-283468","1":"product","2":"type-product","3":"status-publish","4":"has-post-thumbnail","6":"product_cat-bizuteria-z-fioletowymi-kamieniami-szlachetnymi","7":"product_cat-pierscionki-zareczynowe","8":"product_cat-pierscionki-zareczynowe-z-bialego-zlota","9":"product_cat-pierscionki-zareczynowe-z-czerwonego-zlota","10":"product_cat-pierscionki-zareczynowe-z-kamieniami-polszlachetnymi","11":"product_cat-pierscionki-zareczynowe-z-kamieniami-szlachetnymi","12":"product_cat-pierscionki-zareczynowe-z-zoltego-zlota","13":"product_cat-prezenty-na-walentynki","14":"product_cat-prezenty-na-wyjatkowe-okazje","15":"product_cat-prezenty-z-okazji-narodzin-dziecka","16":"product_cat-prezenty-z-okazji-rocznicy-slubu","17":"product_cat-prezenty-z-okazji-slubu","18":"desktop-align-center","19":"tablet-align-left","20":"mobile-align-left","21":"ast-product-gallery-layout-horizontal-slider","22":"ast-product-gallery-with-no-image","23":"ast-product-single-variable","24":"ast-product-tabs-layout-accordion","25":"ast-qv-on-image","27":"first","28":"instock","29":"taxable","30":"shipping-taxable","31":"purchasable","32":"product-type-variable"},"yoast_head":"<!-- This site is optimized with the Yoast SEO plugin v26.6 - https:\/\/yoast.com\/wordpress\/plugins\/seo\/ -->\n<title>Pier\u015bcionek zar\u0119czynowy z ametystem i diamentami - Klasyka ametystu<\/title>\n<meta name=\"description\" content=\"Klasyczny pier\u015bcionek zar\u0119czynowy z ametystem o szlifie okr\u0105g\u0142ym o masie 0,50 ct i diamentami po obu stronach. Naturalne diamenty. Wyj\u0105tkowy pier\u015bcionek dla stylowej kobiety.\" \/>\n<meta name=\"robots\" content=\"index, follow, max-snippet:-1, max-image-preview:large, max-video-preview:-1\" \/>\n<link rel=\"canonical\" href=\"https:\/\/fashiongold.lt\/pl\/papuosalas\/pierscionek-zareczynowy-z-ametystem-i-diamentami-klasyka-ametystu-0-53-ct\/\" \/>\n<meta property=\"og:locale\" content=\"pl_PL\" \/>\n<meta property=\"og:type\" content=\"article\" \/>\n<meta property=\"og:title\" content=\"Pier\u015bcionek zar\u0119czynowy z ametystem i diamentami - Klasyka ametystu\" \/>\n<meta property=\"og:description\" content=\"Klasyczny pier\u015bcionek zar\u0119czynowy z ametystem o szlifie okr\u0105g\u0142ym o masie 0,50 ct i diamentami po obu stronach. Naturalne diamenty. Wyj\u0105tkowy pier\u015bcionek dla stylowej kobiety.\" \/>\n<meta property=\"og:url\" content=\"https:\/\/fashiongold.lt\/pl\/papuosalas\/pierscionek-zareczynowy-z-ametystem-i-diamentami-klasyka-ametystu-0-53-ct\/\" \/>\n<meta property=\"og:site_name\" content=\"FashionGold.lt\" \/>\n<meta property=\"og:image\" content=\"https:\/\/fashiongold.lt\/wp-content\/uploads\/2025\/10\/24534-bf3-Balto-aukso-modernus-suzadetuviu-ziedas-su-ametistu-ir-deimantais-Ametisto-klasika-0.53-ct-1.webp\" \/>\n\t<meta property=\"og:image:width\" content=\"1000\" \/>\n\t<meta property=\"og:image:height\" content=\"1000\" \/>\n\t<meta property=\"og:image:type\" content=\"image\/png\" \/>\n<meta name=\"twitter:card\" content=\"summary_large_image\" \/>\n<meta name=\"twitter:label1\" content=\"Szacowany czas czytania\" \/>\n\t<meta name=\"twitter:data1\" content=\"1 minuta\" \/>\n<script type=\"application\/ld+json\" class=\"yoast-schema-graph\">{\"@context\":\"https:\/\/schema.org\",\"@graph\":[{\"@type\":\"WebPage\",\"@id\":\"https:\/\/fashiongold.lt\/pl\/papuosalas\/pierscionek-zareczynowy-z-ametystem-i-diamentami-klasyka-ametystu-0-53-ct\/\",\"url\":\"https:\/\/fashiongold.lt\/pl\/papuosalas\/pierscionek-zareczynowy-z-ametystem-i-diamentami-klasyka-ametystu-0-53-ct\/\",\"name\":\"Pier\u015bcionek zar\u0119czynowy z ametystem i diamentami - Klasyka ametystu\",\"isPartOf\":{\"@id\":\"https:\/\/fashiongold.lt\/pl\/#website\"},\"primaryImageOfPage\":{\"@id\":\"https:\/\/fashiongold.lt\/pl\/papuosalas\/pierscionek-zareczynowy-z-ametystem-i-diamentami-klasyka-ametystu-0-53-ct\/#primaryimage\"},\"image\":{\"@id\":\"https:\/\/fashiongold.lt\/pl\/papuosalas\/pierscionek-zareczynowy-z-ametystem-i-diamentami-klasyka-ametystu-0-53-ct\/#primaryimage\"},\"thumbnailUrl\":\"https:\/\/fashiongold.lt\/wp-content\/uploads\/2025\/10\/24534-bf3-Balto-aukso-modernus-suzadetuviu-ziedas-su-ametistu-ir-deimantais-Ametisto-klasika-0.53-ct-1.png\",\"datePublished\":\"2025-10-19T18:48:18+00:00\",\"description\":\"Klasyczny pier\u015bcionek zar\u0119czynowy z ametystem o szlifie okr\u0105g\u0142ym o masie 0,50 ct i diamentami po obu stronach. Naturalne diamenty. Wyj\u0105tkowy pier\u015bcionek dla stylowej kobiety.\",\"breadcrumb\":{\"@id\":\"https:\/\/fashiongold.lt\/pl\/papuosalas\/pierscionek-zareczynowy-z-ametystem-i-diamentami-klasyka-ametystu-0-53-ct\/#breadcrumb\"},\"inLanguage\":\"pl-PL\",\"potentialAction\":[{\"@type\":\"ReadAction\",\"target\":[\"https:\/\/fashiongold.lt\/pl\/papuosalas\/pierscionek-zareczynowy-z-ametystem-i-diamentami-klasyka-ametystu-0-53-ct\/\"]}]},{\"@type\":\"ImageObject\",\"inLanguage\":\"pl-PL\",\"@id\":\"https:\/\/fashiongold.lt\/pl\/papuosalas\/pierscionek-zareczynowy-z-ametystem-i-diamentami-klasyka-ametystu-0-53-ct\/#primaryimage\",\"url\":\"https:\/\/fashiongold.lt\/wp-content\/uploads\/2025\/10\/24534-bf3-Balto-aukso-modernus-suzadetuviu-ziedas-su-ametistu-ir-deimantais-Ametisto-klasika-0.53-ct-1.png\",\"contentUrl\":\"https:\/\/fashiongold.lt\/wp-content\/uploads\/2025\/10\/24534-bf3-Balto-aukso-modernus-suzadetuviu-ziedas-su-ametistu-ir-deimantais-Ametisto-klasika-0.53-ct-1.png\",\"width\":1000,\"height\":1000},{\"@type\":\"BreadcrumbList\",\"@id\":\"https:\/\/fashiongold.lt\/pl\/papuosalas\/pierscionek-zareczynowy-z-ametystem-i-diamentami-klasyka-ametystu-0-53-ct\/#breadcrumb\",\"itemListElement\":[{\"@type\":\"ListItem\",\"position\":1,\"name\":\"Home\",\"item\":\"https:\/\/fashiongold.lt\/pl\/\"},{\"@type\":\"ListItem\",\"position\":2,\"name\":\"Sklep z diamentami Fashiongold.lt\",\"item\":\"https:\/\/fashiongold.lt\/shop-2\/\"},{\"@type\":\"ListItem\",\"position\":3,\"name\":\"Pier\u015bcionek zar\u0119czynowy z ametystem i diamentami \u2013 Klasyka Ametystu (0.53 ct)\"}]},{\"@type\":\"WebSite\",\"@id\":\"https:\/\/fashiongold.lt\/pl\/#website\",\"url\":\"https:\/\/fashiongold.lt\/pl\/\",\"name\":\"Fashion Gold\",\"description\":\"Juvelyrikos namai\",\"publisher\":{\"@id\":\"https:\/\/fashiongold.lt\/pl\/#organization\"},\"potentialAction\":[{\"@type\":\"SearchAction\",\"target\":{\"@type\":\"EntryPoint\",\"urlTemplate\":\"https:\/\/fashiongold.lt\/pl\/?s={search_term_string}\"},\"query-input\":{\"@type\":\"PropertyValueSpecification\",\"valueRequired\":true,\"valueName\":\"search_term_string\"}}],\"inLanguage\":\"pl-PL\"},{\"@type\":\"Organization\",\"@id\":\"https:\/\/fashiongold.lt\/pl\/#organization\",\"name\":\"Topdiamonds Online\",\"url\":\"https:\/\/fashiongold.lt\/pl\/\",\"logo\":{\"@type\":\"ImageObject\",\"inLanguage\":\"pl-PL\",\"@id\":\"https:\/\/fashiongold.lt\/pl\/#\/schema\/logo\/image\/\",\"url\":\"https:\/\/fashiongold.lt\/wp-content\/uploads\/2025\/04\/cropped-fashion_gold_logotipas2-scaled-1.png\",\"contentUrl\":\"https:\/\/fashiongold.lt\/wp-content\/uploads\/2025\/04\/cropped-fashion_gold_logotipas2-scaled-1.png\",\"width\":2559,\"height\":421,\"caption\":\"Topdiamonds Online\"},\"image\":{\"@id\":\"https:\/\/fashiongold.lt\/pl\/#\/schema\/logo\/image\/\"}}]}<\/script>\n<!-- \/ Yoast SEO plugin. -->","yoast_head_json":{"title":"Pier\u015bcionek zar\u0119czynowy z ametystem i diamentami - Klasyka ametystu","description":"Klasyczny pier\u015bcionek zar\u0119czynowy z ametystem o szlifie okr\u0105g\u0142ym o masie 0,50 ct i diamentami po obu stronach. Naturalne diamenty. Wyj\u0105tkowy pier\u015bcionek dla stylowej kobiety.","robots":{"index":"index","follow":"follow","max-snippet":"max-snippet:-1","max-image-preview":"max-image-preview:large","max-video-preview":"max-video-preview:-1"},"canonical":"https:\/\/fashiongold.lt\/pl\/papuosalas\/pierscionek-zareczynowy-z-ametystem-i-diamentami-klasyka-ametystu-0-53-ct\/","og_locale":"pl_PL","og_type":"article","og_title":"Pier\u015bcionek zar\u0119czynowy z ametystem i diamentami - Klasyka ametystu","og_description":"Klasyczny pier\u015bcionek zar\u0119czynowy z ametystem o szlifie okr\u0105g\u0142ym o masie 0,50 ct i diamentami po obu stronach. Naturalne diamenty. Wyj\u0105tkowy pier\u015bcionek dla stylowej kobiety.","og_url":"https:\/\/fashiongold.lt\/pl\/papuosalas\/pierscionek-zareczynowy-z-ametystem-i-diamentami-klasyka-ametystu-0-53-ct\/","og_site_name":"FashionGold.lt","og_image":[{"width":1000,"height":1000,"url":"https:\/\/fashiongold.lt\/wp-content\/uploads\/2025\/10\/24534-bf3-Balto-aukso-modernus-suzadetuviu-ziedas-su-ametistu-ir-deimantais-Ametisto-klasika-0.53-ct-1.webp","type":"image\/png"}],"twitter_card":"summary_large_image","twitter_misc":{"Szacowany czas czytania":"1 minuta"},"schema":{"@context":"https:\/\/schema.org","@graph":[{"@type":"WebPage","@id":"https:\/\/fashiongold.lt\/pl\/papuosalas\/pierscionek-zareczynowy-z-ametystem-i-diamentami-klasyka-ametystu-0-53-ct\/","url":"https:\/\/fashiongold.lt\/pl\/papuosalas\/pierscionek-zareczynowy-z-ametystem-i-diamentami-klasyka-ametystu-0-53-ct\/","name":"Pier\u015bcionek zar\u0119czynowy z ametystem i diamentami - Klasyka ametystu","isPartOf":{"@id":"https:\/\/fashiongold.lt\/pl\/#website"},"primaryImageOfPage":{"@id":"https:\/\/fashiongold.lt\/pl\/papuosalas\/pierscionek-zareczynowy-z-ametystem-i-diamentami-klasyka-ametystu-0-53-ct\/#primaryimage"},"image":{"@id":"https:\/\/fashiongold.lt\/pl\/papuosalas\/pierscionek-zareczynowy-z-ametystem-i-diamentami-klasyka-ametystu-0-53-ct\/#primaryimage"},"thumbnailUrl":"https:\/\/fashiongold.lt\/wp-content\/uploads\/2025\/10\/24534-bf3-Balto-aukso-modernus-suzadetuviu-ziedas-su-ametistu-ir-deimantais-Ametisto-klasika-0.53-ct-1.png","datePublished":"2025-10-19T18:48:18+00:00","description":"Klasyczny pier\u015bcionek zar\u0119czynowy z ametystem o szlifie okr\u0105g\u0142ym o masie 0,50 ct i diamentami po obu stronach. Naturalne diamenty. Wyj\u0105tkowy pier\u015bcionek dla stylowej kobiety.","breadcrumb":{"@id":"https:\/\/fashiongold.lt\/pl\/papuosalas\/pierscionek-zareczynowy-z-ametystem-i-diamentami-klasyka-ametystu-0-53-ct\/#breadcrumb"},"inLanguage":"pl-PL","potentialAction":[{"@type":"ReadAction","target":["https:\/\/fashiongold.lt\/pl\/papuosalas\/pierscionek-zareczynowy-z-ametystem-i-diamentami-klasyka-ametystu-0-53-ct\/"]}]},{"@type":"ImageObject","inLanguage":"pl-PL","@id":"https:\/\/fashiongold.lt\/pl\/papuosalas\/pierscionek-zareczynowy-z-ametystem-i-diamentami-klasyka-ametystu-0-53-ct\/#primaryimage","url":"https:\/\/fashiongold.lt\/wp-content\/uploads\/2025\/10\/24534-bf3-Balto-aukso-modernus-suzadetuviu-ziedas-su-ametistu-ir-deimantais-Ametisto-klasika-0.53-ct-1.png","contentUrl":"https:\/\/fashiongold.lt\/wp-content\/uploads\/2025\/10\/24534-bf3-Balto-aukso-modernus-suzadetuviu-ziedas-su-ametistu-ir-deimantais-Ametisto-klasika-0.53-ct-1.png","width":1000,"height":1000},{"@type":"BreadcrumbList","@id":"https:\/\/fashiongold.lt\/pl\/papuosalas\/pierscionek-zareczynowy-z-ametystem-i-diamentami-klasyka-ametystu-0-53-ct\/#breadcrumb","itemListElement":[{"@type":"ListItem","position":1,"name":"Home","item":"https:\/\/fashiongold.lt\/pl\/"},{"@type":"ListItem","position":2,"name":"Sklep z diamentami Fashiongold.lt","item":"https:\/\/fashiongold.lt\/shop-2\/"},{"@type":"ListItem","position":3,"name":"Pier\u015bcionek zar\u0119czynowy z ametystem i diamentami \u2013 Klasyka Ametystu (0.53 ct)"}]},{"@type":"WebSite","@id":"https:\/\/fashiongold.lt\/pl\/#website","url":"https:\/\/fashiongold.lt\/pl\/","name":"Fashion Gold","description":"Juvelyrikos namai","publisher":{"@id":"https:\/\/fashiongold.lt\/pl\/#organization"},"potentialAction":[{"@type":"SearchAction","target":{"@type":"EntryPoint","urlTemplate":"https:\/\/fashiongold.lt\/pl\/?s={search_term_string}"},"query-input":{"@type":"PropertyValueSpecification","valueRequired":true,"valueName":"search_term_string"}}],"inLanguage":"pl-PL"},{"@type":"Organization","@id":"https:\/\/fashiongold.lt\/pl\/#organization","name":"Topdiamonds Online","url":"https:\/\/fashiongold.lt\/pl\/","logo":{"@type":"ImageObject","inLanguage":"pl-PL","@id":"https:\/\/fashiongold.lt\/pl\/#\/schema\/logo\/image\/","url":"https:\/\/fashiongold.lt\/wp-content\/uploads\/2025\/04\/cropped-fashion_gold_logotipas2-scaled-1.png","contentUrl":"https:\/\/fashiongold.lt\/wp-content\/uploads\/2025\/04\/cropped-fashion_gold_logotipas2-scaled-1.png","width":2559,"height":421,"caption":"Topdiamonds Online"},"image":{"@id":"https:\/\/fashiongold.lt\/pl\/#\/schema\/logo\/image\/"}}]}},"_links":{"self":[{"href":"https:\/\/fashiongold.lt\/pl\/wp-json\/wp\/v2\/product\/283468","targetHints":{"allow":["GET"]}}],"collection":[{"href":"https:\/\/fashiongold.lt\/pl\/wp-json\/wp\/v2\/product"}],"about":[{"href":"https:\/\/fashiongold.lt\/pl\/wp-json\/wp\/v2\/types\/product"}],"version-history":[{"count":0,"href":"https:\/\/fashiongold.lt\/pl\/wp-json\/wp\/v2\/product\/283468\/revisions"}],"wp:featuredmedia":[{"embeddable":true,"href":"https:\/\/fashiongold.lt\/pl\/wp-json\/wp\/v2\/media\/226242"}],"wp:attachment":[{"href":"https:\/\/fashiongold.lt\/pl\/wp-json\/wp\/v2\/media?parent=283468"}],"wp:term":[{"taxonomy":"product_brand","embeddable":true,"href":"https:\/\/fashiongold.lt\/pl\/wp-json\/wp\/v2\/product_brand?post=283468"},{"taxonomy":"product_cat","embeddable":true,"href":"https:\/\/fashiongold.lt\/pl\/wp-json\/wp\/v2\/product_cat?post=283468"},{"taxonomy":"product_tag","embeddable":true,"href":"https:\/\/fashiongold.lt\/pl\/wp-json\/wp\/v2\/product_tag?post=283468"}],"curies":[{"name":"wp","href":"https:\/\/api.w.org\/{rel}","templated":true}]}}