{"id":283573,"date":"2025-10-17T11:10:46","date_gmt":"2025-10-17T11:10:46","guid":{"rendered":"https:\/\/fashiongold.lt\/papuosalas\/kolczyki-z-bialego-zlota-z-diamentem-003-ct\/"},"modified":"2025-10-17T11:10:46","modified_gmt":"2025-10-17T11:10:46","slug":"kolczyki-z-bialego-zlota-z-diamentem-003-ct","status":"publish","type":"product","link":"https:\/\/fashiongold.lt\/pl\/papuosalas\/kolczyki-z-bialego-zlota-z-diamentem-003-ct\/","title":{"rendered":"Kolczyki z bia\u0142ego z\u0142ota z diamentem (0,03 ct)"},"content":{"rendered":"<h2>Kolczyki z bia\u0142ego z\u0142ota z diamentem (0,03 ct) \u2013 minimalistyczny blask na ka\u017cdy dzie\u0144.<\/h2>\n<h3 data-start=\"308\" data-end=\"642\">Te kolczyki to eleganckie po\u0142\u0105czenie prostoty i luksusu. Centralny diament o masie 0,015 ct jest oprawiony w okr\u0105g z bia\u0142ego z\u0142ota, co pot\u0119guje gr\u0119 \u015bwiat\u0142a i blask. Dzi\u0119ki minimalistycznemu designowi stanowi\u0105 uniwersalny wyb\u00f3r, doskonale pasuj\u0105cy zar\u00f3wno do codziennych stylizacji, jak i na wyj\u0105tkowe okazje.<\/h3>\n<p>Wyprodukowano na Litwie, zgodnie z najwy\u017cszymi standardami produkcji jubilerskiej.<\/p>\n<p>\u2022 <a href=\"https:\/\/fashiongold.lt\/pl\/patarimai-pl\/proba-zlota-w-kolczykach-jak-wybrac-wysokiej-jakosci-i-trwala-bizuterie\/\" target=\"_blank\" rel=\"noopener\"><strong>Metal kolczyk\u00f3w<\/strong><\/a>: 14K (pr\u00f3ba 585);<\/p>\n<p>\u2022 <a href=\"https:\/\/fashiongold.lt\/pl\/patarimai-pl\/kolor-zlota-kolczykow-biale-czerwone-i-zolte-zloto-z-diamentami\/\" target=\"_blank\" rel=\"noopener\"><strong>Kolor z\u0142ota kolczyk\u00f3w<\/strong><\/a>: bia\u0142y;<\/p>\n<p>\u2022 <a href=\"https:\/\/fashiongold.lt\/pl\/patarimai-pl\/kolczyki-z-diamentami-idealne-proporcje-jak-wybrac-idealne\/\" target=\"_blank\" rel=\"noopener\"><strong>Rozmiar kolczyk\u00f3w<\/strong><\/a>: 5 x 5 mm;<\/p>\n<p>\u2022 <strong><a href=\"https:\/\/fashiongold.lt\/auskaru-aukso-svoris\/\" target=\"_blank\" rel=\"noopener\">Waga z\u0142ota kolczyk\u00f3w<\/a><\/strong>: 1,32 g;<\/p>\n<p>\u2022 <strong><a href=\"https:\/\/fashiongold.lt\/pl\/patarimai-pl\/diament-naturalny-laboratoryjny-czy-sztuczny-jak-wybrac-wlasciwie\/\" target=\"_blank\" rel=\"noopener\">Rodzaj diament\u00f3w<\/a><\/strong>: Naturalne diamenty;<\/p>\n<p>\u2022 <strong><a href=\"https:\/\/fashiongold.lt\/pl\/patarimai-pl\/diament-inne-ksztalty-diamentu\/\" target=\"_blank\" rel=\"noopener\">Kszta\u0142t diament\u00f3w<\/a><\/strong>: Diamenty o szlifie okr\u0105g\u0142ym (Round cut);<\/p>\n<p>\u2022 <strong><a href=\"https:\/\/fashiongold.lt\/pl\/patarimai-pl\/diament-jak-oceniany-jest-luksus-najcenniejszego-kamienia-szlachetnego\/\" target=\"_blank\" rel=\"noopener\">Charakterystyka diament\u00f3w<\/a><\/strong>: diamenty 0,03 ct (0,015 ct x 2) (kolor STW, czysto\u015b\u0107 P1);<\/p>\n<p>\u2022 <strong><a href=\"https:\/\/fashiongold.lt\/pl\/patarimai-pl\/diament-rubin-szafir-szmaragd-certyfikaty-kamieni-szlachetnych\/\" target=\"_blank\" rel=\"noopener\">Certyfikat<\/a><\/strong>: Litewska Izba Probiercza (LPR) \u2013 AB348598;<\/p>\n<p>\u2022 <strong><a href=\"https:\/\/fashiongold.lt\/pl\/dostawa-i-zwroty\/\" target=\"_blank\" rel=\"noopener\">Czas dostawy<\/a><\/strong>: 1-4 dni robocze.<\/p>\n","protected":false},"excerpt":{"rendered":"<p data-start=\"673\" data-end=\"1164\">Kolczyki z bia\u0142ego z\u0142ota z diamentem wyr\u00f3\u017cniaj\u0105 si\u0119 minimalistyczn\u0105 form\u0105 i wyrafinowanym blaskiem. Okr\u0105g\u0142a oprawa z bia\u0142ego z\u0142ota podkre\u015bla przejrzysto\u015b\u0107 kamienia oraz nadaje mu dodatkowego blasku. To subtelna bi\u017cuteria, kt\u00f3ra nie przyt\u0142acza stylizacji, ale zawsze dodaje elegancji. Idealny wyb\u00f3r dla kobiety ceni\u0105cej nowoczesny minimalizm i ponadczasowe pi\u0119kno.<\/p>\n","protected":false},"featured_media":232105,"template":"","meta":{"site-sidebar-layout":"default","site-content-layout":"","ast-site-content-layout":"default","site-content-style":"default","site-sidebar-style":"default","ast-global-header-display":"","ast-banner-title-visibility":"","ast-main-header-display":"","ast-hfb-above-header-display":"","ast-hfb-below-header-display":"","ast-hfb-mobile-header-display":"","site-post-title":"","ast-breadcrumbs-content":"","ast-featured-img":"","footer-sml-layout":"","ast-disable-related-posts":"","theme-transparent-header-meta":"default","adv-header-id-meta":"","stick-header-meta":"","header-above-stick-meta":"","header-main-stick-meta":"","header-below-stick-meta":"","astra-migrate-meta-layouts":"default","ast-page-background-enabled":"default","ast-page-background-meta":{"desktop":{"background-color":"var(--ast-global-color-4)","background-image":"","background-repeat":"repeat","background-position":"center center","background-size":"auto","background-attachment":"scroll","background-type":"","background-media":"","overlay-type":"","overlay-color":"","overlay-opacity":"","overlay-gradient":""},"tablet":{"background-color":"","background-image":"","background-repeat":"repeat","background-position":"center center","background-size":"auto","background-attachment":"scroll","background-type":"","background-media":"","overlay-type":"","overlay-color":"","overlay-opacity":"","overlay-gradient":""},"mobile":{"background-color":"","background-image":"","background-repeat":"repeat","background-position":"center center","background-size":"auto","background-attachment":"scroll","background-type":"","background-media":"","overlay-type":"","overlay-color":"","overlay-opacity":"","overlay-gradient":""}},"ast-content-background-meta":{"desktop":{"background-color":"var(--ast-global-color-5)","background-image":"","background-repeat":"repeat","background-position":"center center","background-size":"auto","background-attachment":"scroll","background-type":"","background-media":"","overlay-type":"","overlay-color":"","overlay-opacity":"","overlay-gradient":""},"tablet":{"background-color":"var(--ast-global-color-5)","background-image":"","background-repeat":"repeat","background-position":"center center","background-size":"auto","background-attachment":"scroll","background-type":"","background-media":"","overlay-type":"","overlay-color":"","overlay-opacity":"","overlay-gradient":""},"mobile":{"background-color":"var(--ast-global-color-5)","background-image":"","background-repeat":"repeat","background-position":"center center","background-size":"auto","background-attachment":"scroll","background-type":"","background-media":"","overlay-type":"","overlay-color":"","overlay-opacity":"","overlay-gradient":""}}},"product_brand":[],"product_cat":[2972,3371],"product_tag":[],"class_list":{"0":"post-283573","1":"product","2":"type-product","3":"status-publish","4":"has-post-thumbnail","6":"product_cat-kolczyki-z-diamentami","7":"product_cat-sklep-z-diamentami-mamy-na-miejscu","8":"desktop-align-center","9":"tablet-align-left","10":"mobile-align-left","11":"ast-product-gallery-layout-horizontal-slider","12":"ast-product-single-variable","13":"ast-product-tabs-layout-accordion","14":"ast-qv-on-image","16":"first","17":"instock","18":"taxable","19":"shipping-taxable","20":"purchasable","21":"product-type-variable"},"yoast_head":"<!-- This site is optimized with the Yoast SEO plugin v26.6 - https:\/\/yoast.com\/wordpress\/plugins\/seo\/ -->\n<title>Kolczyki z bia\u0142ego z\u0142ota z diamentem (0,03 ct)<\/title>\n<meta name=\"description\" content=\"Kolczyki z diamentem z bia\u0142ego z\u0142ota \u2013 subtelny i minimalistyczny design, nadaj\u0105cy elegancji oraz blasku na ka\u017cdy dzie\u0144.\" \/>\n<meta name=\"robots\" content=\"index, follow, max-snippet:-1, max-image-preview:large, max-video-preview:-1\" \/>\n<link rel=\"canonical\" href=\"https:\/\/fashiongold.lt\/pl\/papuosalas\/kolczyki-z-bialego-zlota-z-diamentem-003-ct\/\" \/>\n<meta property=\"og:locale\" content=\"pl_PL\" \/>\n<meta property=\"og:type\" content=\"article\" \/>\n<meta property=\"og:title\" content=\"Kolczyki z bia\u0142ego z\u0142ota z diamentem (0,03 ct)\" \/>\n<meta property=\"og:description\" content=\"Kolczyki z diamentem z bia\u0142ego z\u0142ota \u2013 subtelny i minimalistyczny design, nadaj\u0105cy elegancji oraz blasku na ka\u017cdy dzie\u0144.\" \/>\n<meta property=\"og:url\" content=\"https:\/\/fashiongold.lt\/pl\/papuosalas\/kolczyki-z-bialego-zlota-z-diamentem-003-ct\/\" \/>\n<meta property=\"og:site_name\" content=\"FashionGold.lt\" \/>\n<meta property=\"og:image\" content=\"https:\/\/fashiongold.lt\/wp-content\/uploads\/2025\/10\/K0071-balto-aukso-auskarai-su-deimantais.webp\" \/>\n\t<meta property=\"og:image:width\" content=\"2000\" \/>\n\t<meta property=\"og:image:height\" content=\"2000\" \/>\n\t<meta property=\"og:image:type\" content=\"image\/jpeg\" \/>\n<meta name=\"twitter:card\" content=\"summary_large_image\" \/>\n<meta name=\"twitter:label1\" content=\"Szacowany czas czytania\" \/>\n\t<meta name=\"twitter:data1\" content=\"1 minuta\" \/>\n<script type=\"application\/ld+json\" class=\"yoast-schema-graph\">{\"@context\":\"https:\/\/schema.org\",\"@graph\":[{\"@type\":\"WebPage\",\"@id\":\"https:\/\/fashiongold.lt\/pl\/papuosalas\/kolczyki-z-bialego-zlota-z-diamentem-003-ct\/\",\"url\":\"https:\/\/fashiongold.lt\/pl\/papuosalas\/kolczyki-z-bialego-zlota-z-diamentem-003-ct\/\",\"name\":\"Kolczyki z bia\u0142ego z\u0142ota z diamentem (0,03 ct)\",\"isPartOf\":{\"@id\":\"https:\/\/fashiongold.lt\/pl\/#website\"},\"primaryImageOfPage\":{\"@id\":\"https:\/\/fashiongold.lt\/pl\/papuosalas\/kolczyki-z-bialego-zlota-z-diamentem-003-ct\/#primaryimage\"},\"image\":{\"@id\":\"https:\/\/fashiongold.lt\/pl\/papuosalas\/kolczyki-z-bialego-zlota-z-diamentem-003-ct\/#primaryimage\"},\"thumbnailUrl\":\"https:\/\/fashiongold.lt\/wp-content\/uploads\/2025\/10\/K0071-balto-aukso-auskarai-su-deimantais.jpg\",\"datePublished\":\"2025-10-17T11:10:46+00:00\",\"description\":\"Kolczyki z diamentem z bia\u0142ego z\u0142ota \u2013 subtelny i minimalistyczny design, nadaj\u0105cy elegancji oraz blasku na ka\u017cdy dzie\u0144.\",\"breadcrumb\":{\"@id\":\"https:\/\/fashiongold.lt\/pl\/papuosalas\/kolczyki-z-bialego-zlota-z-diamentem-003-ct\/#breadcrumb\"},\"inLanguage\":\"pl-PL\",\"potentialAction\":[{\"@type\":\"ReadAction\",\"target\":[\"https:\/\/fashiongold.lt\/pl\/papuosalas\/kolczyki-z-bialego-zlota-z-diamentem-003-ct\/\"]}]},{\"@type\":\"ImageObject\",\"inLanguage\":\"pl-PL\",\"@id\":\"https:\/\/fashiongold.lt\/pl\/papuosalas\/kolczyki-z-bialego-zlota-z-diamentem-003-ct\/#primaryimage\",\"url\":\"https:\/\/fashiongold.lt\/wp-content\/uploads\/2025\/10\/K0071-balto-aukso-auskarai-su-deimantais.jpg\",\"contentUrl\":\"https:\/\/fashiongold.lt\/wp-content\/uploads\/2025\/10\/K0071-balto-aukso-auskarai-su-deimantais.jpg\",\"width\":2000,\"height\":2000},{\"@type\":\"BreadcrumbList\",\"@id\":\"https:\/\/fashiongold.lt\/pl\/papuosalas\/kolczyki-z-bialego-zlota-z-diamentem-003-ct\/#breadcrumb\",\"itemListElement\":[{\"@type\":\"ListItem\",\"position\":1,\"name\":\"Home\",\"item\":\"https:\/\/fashiongold.lt\/pl\/\"},{\"@type\":\"ListItem\",\"position\":2,\"name\":\"Sklep z diamentami Fashiongold.lt\",\"item\":\"https:\/\/fashiongold.lt\/shop-2\/\"},{\"@type\":\"ListItem\",\"position\":3,\"name\":\"Kolczyki z bia\u0142ego z\u0142ota z diamentem (0,03 ct)\"}]},{\"@type\":\"WebSite\",\"@id\":\"https:\/\/fashiongold.lt\/pl\/#website\",\"url\":\"https:\/\/fashiongold.lt\/pl\/\",\"name\":\"Fashion Gold\",\"description\":\"Juvelyrikos namai\",\"publisher\":{\"@id\":\"https:\/\/fashiongold.lt\/pl\/#organization\"},\"potentialAction\":[{\"@type\":\"SearchAction\",\"target\":{\"@type\":\"EntryPoint\",\"urlTemplate\":\"https:\/\/fashiongold.lt\/pl\/?s={search_term_string}\"},\"query-input\":{\"@type\":\"PropertyValueSpecification\",\"valueRequired\":true,\"valueName\":\"search_term_string\"}}],\"inLanguage\":\"pl-PL\"},{\"@type\":\"Organization\",\"@id\":\"https:\/\/fashiongold.lt\/pl\/#organization\",\"name\":\"Topdiamonds Online\",\"url\":\"https:\/\/fashiongold.lt\/pl\/\",\"logo\":{\"@type\":\"ImageObject\",\"inLanguage\":\"pl-PL\",\"@id\":\"https:\/\/fashiongold.lt\/pl\/#\/schema\/logo\/image\/\",\"url\":\"https:\/\/fashiongold.lt\/wp-content\/uploads\/2025\/04\/cropped-fashion_gold_logotipas2-scaled-1.png\",\"contentUrl\":\"https:\/\/fashiongold.lt\/wp-content\/uploads\/2025\/04\/cropped-fashion_gold_logotipas2-scaled-1.png\",\"width\":2559,\"height\":421,\"caption\":\"Topdiamonds Online\"},\"image\":{\"@id\":\"https:\/\/fashiongold.lt\/pl\/#\/schema\/logo\/image\/\"}}]}<\/script>\n<!-- \/ Yoast SEO plugin. -->","yoast_head_json":{"title":"Kolczyki z bia\u0142ego z\u0142ota z diamentem (0,03 ct)","description":"Kolczyki z diamentem z bia\u0142ego z\u0142ota \u2013 subtelny i minimalistyczny design, nadaj\u0105cy elegancji oraz blasku na ka\u017cdy dzie\u0144.","robots":{"index":"index","follow":"follow","max-snippet":"max-snippet:-1","max-image-preview":"max-image-preview:large","max-video-preview":"max-video-preview:-1"},"canonical":"https:\/\/fashiongold.lt\/pl\/papuosalas\/kolczyki-z-bialego-zlota-z-diamentem-003-ct\/","og_locale":"pl_PL","og_type":"article","og_title":"Kolczyki z bia\u0142ego z\u0142ota z diamentem (0,03 ct)","og_description":"Kolczyki z diamentem z bia\u0142ego z\u0142ota \u2013 subtelny i minimalistyczny design, nadaj\u0105cy elegancji oraz blasku na ka\u017cdy dzie\u0144.","og_url":"https:\/\/fashiongold.lt\/pl\/papuosalas\/kolczyki-z-bialego-zlota-z-diamentem-003-ct\/","og_site_name":"FashionGold.lt","og_image":[{"width":2000,"height":2000,"url":"https:\/\/fashiongold.lt\/wp-content\/uploads\/2025\/10\/K0071-balto-aukso-auskarai-su-deimantais.webp","type":"image\/jpeg"}],"twitter_card":"summary_large_image","twitter_misc":{"Szacowany czas czytania":"1 minuta"},"schema":{"@context":"https:\/\/schema.org","@graph":[{"@type":"WebPage","@id":"https:\/\/fashiongold.lt\/pl\/papuosalas\/kolczyki-z-bialego-zlota-z-diamentem-003-ct\/","url":"https:\/\/fashiongold.lt\/pl\/papuosalas\/kolczyki-z-bialego-zlota-z-diamentem-003-ct\/","name":"Kolczyki z bia\u0142ego z\u0142ota z diamentem (0,03 ct)","isPartOf":{"@id":"https:\/\/fashiongold.lt\/pl\/#website"},"primaryImageOfPage":{"@id":"https:\/\/fashiongold.lt\/pl\/papuosalas\/kolczyki-z-bialego-zlota-z-diamentem-003-ct\/#primaryimage"},"image":{"@id":"https:\/\/fashiongold.lt\/pl\/papuosalas\/kolczyki-z-bialego-zlota-z-diamentem-003-ct\/#primaryimage"},"thumbnailUrl":"https:\/\/fashiongold.lt\/wp-content\/uploads\/2025\/10\/K0071-balto-aukso-auskarai-su-deimantais.jpg","datePublished":"2025-10-17T11:10:46+00:00","description":"Kolczyki z diamentem z bia\u0142ego z\u0142ota \u2013 subtelny i minimalistyczny design, nadaj\u0105cy elegancji oraz blasku na ka\u017cdy dzie\u0144.","breadcrumb":{"@id":"https:\/\/fashiongold.lt\/pl\/papuosalas\/kolczyki-z-bialego-zlota-z-diamentem-003-ct\/#breadcrumb"},"inLanguage":"pl-PL","potentialAction":[{"@type":"ReadAction","target":["https:\/\/fashiongold.lt\/pl\/papuosalas\/kolczyki-z-bialego-zlota-z-diamentem-003-ct\/"]}]},{"@type":"ImageObject","inLanguage":"pl-PL","@id":"https:\/\/fashiongold.lt\/pl\/papuosalas\/kolczyki-z-bialego-zlota-z-diamentem-003-ct\/#primaryimage","url":"https:\/\/fashiongold.lt\/wp-content\/uploads\/2025\/10\/K0071-balto-aukso-auskarai-su-deimantais.jpg","contentUrl":"https:\/\/fashiongold.lt\/wp-content\/uploads\/2025\/10\/K0071-balto-aukso-auskarai-su-deimantais.jpg","width":2000,"height":2000},{"@type":"BreadcrumbList","@id":"https:\/\/fashiongold.lt\/pl\/papuosalas\/kolczyki-z-bialego-zlota-z-diamentem-003-ct\/#breadcrumb","itemListElement":[{"@type":"ListItem","position":1,"name":"Home","item":"https:\/\/fashiongold.lt\/pl\/"},{"@type":"ListItem","position":2,"name":"Sklep z diamentami Fashiongold.lt","item":"https:\/\/fashiongold.lt\/shop-2\/"},{"@type":"ListItem","position":3,"name":"Kolczyki z bia\u0142ego z\u0142ota z diamentem (0,03 ct)"}]},{"@type":"WebSite","@id":"https:\/\/fashiongold.lt\/pl\/#website","url":"https:\/\/fashiongold.lt\/pl\/","name":"Fashion Gold","description":"Juvelyrikos namai","publisher":{"@id":"https:\/\/fashiongold.lt\/pl\/#organization"},"potentialAction":[{"@type":"SearchAction","target":{"@type":"EntryPoint","urlTemplate":"https:\/\/fashiongold.lt\/pl\/?s={search_term_string}"},"query-input":{"@type":"PropertyValueSpecification","valueRequired":true,"valueName":"search_term_string"}}],"inLanguage":"pl-PL"},{"@type":"Organization","@id":"https:\/\/fashiongold.lt\/pl\/#organization","name":"Topdiamonds Online","url":"https:\/\/fashiongold.lt\/pl\/","logo":{"@type":"ImageObject","inLanguage":"pl-PL","@id":"https:\/\/fashiongold.lt\/pl\/#\/schema\/logo\/image\/","url":"https:\/\/fashiongold.lt\/wp-content\/uploads\/2025\/04\/cropped-fashion_gold_logotipas2-scaled-1.png","contentUrl":"https:\/\/fashiongold.lt\/wp-content\/uploads\/2025\/04\/cropped-fashion_gold_logotipas2-scaled-1.png","width":2559,"height":421,"caption":"Topdiamonds Online"},"image":{"@id":"https:\/\/fashiongold.lt\/pl\/#\/schema\/logo\/image\/"}}]}},"_links":{"self":[{"href":"https:\/\/fashiongold.lt\/pl\/wp-json\/wp\/v2\/product\/283573","targetHints":{"allow":["GET"]}}],"collection":[{"href":"https:\/\/fashiongold.lt\/pl\/wp-json\/wp\/v2\/product"}],"about":[{"href":"https:\/\/fashiongold.lt\/pl\/wp-json\/wp\/v2\/types\/product"}],"version-history":[{"count":0,"href":"https:\/\/fashiongold.lt\/pl\/wp-json\/wp\/v2\/product\/283573\/revisions"}],"wp:featuredmedia":[{"embeddable":true,"href":"https:\/\/fashiongold.lt\/pl\/wp-json\/wp\/v2\/media\/232105"}],"wp:attachment":[{"href":"https:\/\/fashiongold.lt\/pl\/wp-json\/wp\/v2\/media?parent=283573"}],"wp:term":[{"taxonomy":"product_brand","embeddable":true,"href":"https:\/\/fashiongold.lt\/pl\/wp-json\/wp\/v2\/product_brand?post=283573"},{"taxonomy":"product_cat","embeddable":true,"href":"https:\/\/fashiongold.lt\/pl\/wp-json\/wp\/v2\/product_cat?post=283573"},{"taxonomy":"product_tag","embeddable":true,"href":"https:\/\/fashiongold.lt\/pl\/wp-json\/wp\/v2\/product_tag?post=283573"}],"curies":[{"name":"wp","href":"https:\/\/api.w.org\/{rel}","templated":true}]}}