{"id":285141,"date":"2025-10-09T17:24:17","date_gmt":"2025-10-09T17:24:17","guid":{"rendered":"https:\/\/fashiongold.lt\/papuosalas\/obraczki-slubne-przeciwienstwa-z-diamentami\/"},"modified":"2025-10-09T17:24:17","modified_gmt":"2025-10-09T17:24:17","slug":"obraczki-slubne-przeciwienstwa-z-diamentami","status":"publish","type":"product","link":"https:\/\/fashiongold.lt\/pl\/papuosalas\/obraczki-slubne-przeciwienstwa-z-diamentami\/","title":{"rendered":"OBR\u0104CZKI \u015aLUBNE \u201ePRZECIWIE\u0143STWA\u201d (z diamentami)"},"content":{"rendered":"<p>M\u00f3wi\u0105, \u017ce przeciwie\u0144stwa si\u0119 przyci\u0105gaj\u0105, dlatego jeste\u015bmy we dwoje \u2013 niczym dwie po\u0142\u00f3wki jab\u0142ka, kt\u00f3re potrafi\u0105 zrosn\u0105\u0107 si\u0119 w jedno. Nie zapominajcie, \u017ce wasz partner to nie wy i czasami wasze opinie b\u0119d\u0105 si\u0119 r\u00f3\u017cni\u0107, pogl\u0105dy b\u0119d\u0105 inne, ale cokolwiek si\u0119 wydarzy \u2013 jeste\u015bcie jednym jab\u0142kiem. Obr\u0105czki prezentuje firma \u201eGerstner\u201d.<\/p>\n<p>Obr\u0105czka \u015blubna, stworzona przez s\u0142ynn\u0105 firm\u0119 jubilersk\u0105 z Niemiec \u2013 \u201eGerstner\u201d. Termin wykonania i dostawy obr\u0105czki \u2013 14 dni roboczych.<\/p>\n<p>WA\u017bNE: Cena podana za jedn\u0105 obr\u0105czk\u0119<\/p>\n","protected":false},"excerpt":{"rendered":"<p>Obr\u0105czka \u015blubna zaprojektowana przez s\u0142ynn\u0105 niemieck\u0105 firm\u0119 jubilersk\u0105 \u2013 \u201eGerstner\u201d<\/p>\n","protected":false},"featured_media":47125,"template":"","meta":{"site-sidebar-layout":"","site-content-layout":"","ast-site-content-layout":"","site-content-style":"","site-sidebar-style":"","ast-global-header-display":"","ast-banner-title-visibility":"","ast-main-header-display":"","ast-hfb-above-header-display":"","ast-hfb-below-header-display":"","ast-hfb-mobile-header-display":"","site-post-title":"","ast-breadcrumbs-content":"","ast-featured-img":"","footer-sml-layout":"","ast-disable-related-posts":"","theme-transparent-header-meta":"","adv-header-id-meta":"","stick-header-meta":"","header-above-stick-meta":"","header-main-stick-meta":"","header-below-stick-meta":"","astra-migrate-meta-layouts":"default","ast-page-background-enabled":"default","ast-page-background-meta":{"desktop":{"background-color":"var(--ast-global-color-4)","background-image":"","background-repeat":"repeat","background-position":"center center","background-size":"auto","background-attachment":"scroll","background-type":"","background-media":"","overlay-type":"","overlay-color":"","overlay-opacity":"","overlay-gradient":""},"tablet":{"background-color":"","background-image":"","background-repeat":"repeat","background-position":"center center","background-size":"auto","background-attachment":"scroll","background-type":"","background-media":"","overlay-type":"","overlay-color":"","overlay-opacity":"","overlay-gradient":""},"mobile":{"background-color":"","background-image":"","background-repeat":"repeat","background-position":"center center","background-size":"auto","background-attachment":"scroll","background-type":"","background-media":"","overlay-type":"","overlay-color":"","overlay-opacity":"","overlay-gradient":""}},"ast-content-background-meta":{"desktop":{"background-color":"var(--ast-global-color-5)","background-image":"","background-repeat":"repeat","background-position":"center center","background-size":"auto","background-attachment":"scroll","background-type":"","background-media":"","overlay-type":"","overlay-color":"","overlay-opacity":"","overlay-gradient":""},"tablet":{"background-color":"var(--ast-global-color-5)","background-image":"","background-repeat":"repeat","background-position":"center center","background-size":"auto","background-attachment":"scroll","background-type":"","background-media":"","overlay-type":"","overlay-color":"","overlay-opacity":"","overlay-gradient":""},"mobile":{"background-color":"var(--ast-global-color-5)","background-image":"","background-repeat":"repeat","background-position":"center center","background-size":"auto","background-attachment":"scroll","background-type":"","background-media":"","overlay-type":"","overlay-color":"","overlay-opacity":"","overlay-gradient":""}}},"product_brand":[],"product_cat":[3373,3302,3303],"product_tag":[],"class_list":{"0":"post-285141","1":"product","2":"type-product","3":"status-publish","4":"has-post-thumbnail","6":"product_cat-damskie-obraczki-slubne","7":"product_cat-klasyczne-obraczki-slubne","8":"product_cat-obraczki-slubne","9":"desktop-align-center","10":"tablet-align-left","11":"mobile-align-left","12":"ast-product-gallery-layout-horizontal-slider","13":"ast-product-gallery-with-no-image","14":"ast-product-single-variable","15":"ast-product-tabs-layout-accordion","16":"ast-qv-on-image","18":"first","19":"instock","20":"taxable","21":"shipping-taxable","22":"purchasable","23":"product-type-variable"},"yoast_head":"<!-- This site is optimized with the Yoast SEO plugin v26.6 - https:\/\/yoast.com\/wordpress\/plugins\/seo\/ -->\n<title>OBR\u0104CZKI \u015aLUBNE \u201ePRZECIWIE\u0143STWA\u201d (z diamentami) - FashionGold.lt<\/title>\n<meta name=\"robots\" content=\"index, follow, max-snippet:-1, max-image-preview:large, max-video-preview:-1\" \/>\n<link rel=\"canonical\" href=\"https:\/\/fashiongold.lt\/pl\/papuosalas\/obraczki-slubne-przeciwienstwa-z-diamentami\/\" \/>\n<meta property=\"og:locale\" content=\"pl_PL\" \/>\n<meta property=\"og:type\" content=\"article\" \/>\n<meta property=\"og:title\" content=\"OBR\u0104CZKI \u015aLUBNE \u201ePRZECIWIE\u0143STWA\u201d (z diamentami) - FashionGold.lt\" \/>\n<meta property=\"og:description\" content=\"Obr\u0105czka \u015blubna zaprojektowana przez s\u0142ynn\u0105 niemieck\u0105 firm\u0119 jubilersk\u0105 \u2013 \u201eGerstner\u201d\" \/>\n<meta property=\"og:url\" content=\"https:\/\/fashiongold.lt\/pl\/papuosalas\/obraczki-slubne-przeciwienstwa-z-diamentami\/\" \/>\n<meta property=\"og:site_name\" content=\"FashionGold.lt\" \/>\n<meta property=\"og:image\" content=\"https:\/\/fashiongold.lt\/wp-content\/uploads\/2025\/10\/655-9aa-VESTUVINIAI-ZIEDAI-PRIESYBES-su-deimantais.webp\" \/>\n\t<meta property=\"og:image:width\" content=\"500\" \/>\n\t<meta property=\"og:image:height\" content=\"475\" \/>\n\t<meta property=\"og:image:type\" content=\"image\/jpeg\" \/>\n<meta name=\"twitter:card\" content=\"summary_large_image\" \/>\n<script type=\"application\/ld+json\" class=\"yoast-schema-graph\">{\"@context\":\"https:\/\/schema.org\",\"@graph\":[{\"@type\":\"WebPage\",\"@id\":\"https:\/\/fashiongold.lt\/pl\/papuosalas\/obraczki-slubne-przeciwienstwa-z-diamentami\/\",\"url\":\"https:\/\/fashiongold.lt\/pl\/papuosalas\/obraczki-slubne-przeciwienstwa-z-diamentami\/\",\"name\":\"OBR\u0104CZKI \u015aLUBNE \u201ePRZECIWIE\u0143STWA\u201d (z diamentami) - FashionGold.lt\",\"isPartOf\":{\"@id\":\"https:\/\/fashiongold.lt\/pl\/#website\"},\"primaryImageOfPage\":{\"@id\":\"https:\/\/fashiongold.lt\/pl\/papuosalas\/obraczki-slubne-przeciwienstwa-z-diamentami\/#primaryimage\"},\"image\":{\"@id\":\"https:\/\/fashiongold.lt\/pl\/papuosalas\/obraczki-slubne-przeciwienstwa-z-diamentami\/#primaryimage\"},\"thumbnailUrl\":\"https:\/\/fashiongold.lt\/wp-content\/uploads\/2025\/10\/655-9aa-VESTUVINIAI-ZIEDAI-PRIESYBES-su-deimantais.jpg\",\"datePublished\":\"2025-10-09T17:24:17+00:00\",\"breadcrumb\":{\"@id\":\"https:\/\/fashiongold.lt\/pl\/papuosalas\/obraczki-slubne-przeciwienstwa-z-diamentami\/#breadcrumb\"},\"inLanguage\":\"pl-PL\",\"potentialAction\":[{\"@type\":\"ReadAction\",\"target\":[\"https:\/\/fashiongold.lt\/pl\/papuosalas\/obraczki-slubne-przeciwienstwa-z-diamentami\/\"]}]},{\"@type\":\"ImageObject\",\"inLanguage\":\"pl-PL\",\"@id\":\"https:\/\/fashiongold.lt\/pl\/papuosalas\/obraczki-slubne-przeciwienstwa-z-diamentami\/#primaryimage\",\"url\":\"https:\/\/fashiongold.lt\/wp-content\/uploads\/2025\/10\/655-9aa-VESTUVINIAI-ZIEDAI-PRIESYBES-su-deimantais.jpg\",\"contentUrl\":\"https:\/\/fashiongold.lt\/wp-content\/uploads\/2025\/10\/655-9aa-VESTUVINIAI-ZIEDAI-PRIESYBES-su-deimantais.jpg\",\"width\":500,\"height\":475},{\"@type\":\"BreadcrumbList\",\"@id\":\"https:\/\/fashiongold.lt\/pl\/papuosalas\/obraczki-slubne-przeciwienstwa-z-diamentami\/#breadcrumb\",\"itemListElement\":[{\"@type\":\"ListItem\",\"position\":1,\"name\":\"Home\",\"item\":\"https:\/\/fashiongold.lt\/pl\/\"},{\"@type\":\"ListItem\",\"position\":2,\"name\":\"Sklep z diamentami Fashiongold.lt\",\"item\":\"https:\/\/fashiongold.lt\/shop-2\/\"},{\"@type\":\"ListItem\",\"position\":3,\"name\":\"OBR\u0104CZKI \u015aLUBNE \u201ePRZECIWIE\u0143STWA\u201d (z diamentami)\"}]},{\"@type\":\"WebSite\",\"@id\":\"https:\/\/fashiongold.lt\/pl\/#website\",\"url\":\"https:\/\/fashiongold.lt\/pl\/\",\"name\":\"Fashion Gold\",\"description\":\"Juvelyrikos namai\",\"publisher\":{\"@id\":\"https:\/\/fashiongold.lt\/pl\/#organization\"},\"potentialAction\":[{\"@type\":\"SearchAction\",\"target\":{\"@type\":\"EntryPoint\",\"urlTemplate\":\"https:\/\/fashiongold.lt\/pl\/?s={search_term_string}\"},\"query-input\":{\"@type\":\"PropertyValueSpecification\",\"valueRequired\":true,\"valueName\":\"search_term_string\"}}],\"inLanguage\":\"pl-PL\"},{\"@type\":\"Organization\",\"@id\":\"https:\/\/fashiongold.lt\/pl\/#organization\",\"name\":\"Topdiamonds Online\",\"url\":\"https:\/\/fashiongold.lt\/pl\/\",\"logo\":{\"@type\":\"ImageObject\",\"inLanguage\":\"pl-PL\",\"@id\":\"https:\/\/fashiongold.lt\/pl\/#\/schema\/logo\/image\/\",\"url\":\"https:\/\/fashiongold.lt\/wp-content\/uploads\/2025\/04\/cropped-fashion_gold_logotipas2-scaled-1.png\",\"contentUrl\":\"https:\/\/fashiongold.lt\/wp-content\/uploads\/2025\/04\/cropped-fashion_gold_logotipas2-scaled-1.png\",\"width\":2559,\"height\":421,\"caption\":\"Topdiamonds Online\"},\"image\":{\"@id\":\"https:\/\/fashiongold.lt\/pl\/#\/schema\/logo\/image\/\"}}]}<\/script>\n<!-- \/ Yoast SEO plugin. -->","yoast_head_json":{"title":"OBR\u0104CZKI \u015aLUBNE \u201ePRZECIWIE\u0143STWA\u201d (z diamentami) - FashionGold.lt","robots":{"index":"index","follow":"follow","max-snippet":"max-snippet:-1","max-image-preview":"max-image-preview:large","max-video-preview":"max-video-preview:-1"},"canonical":"https:\/\/fashiongold.lt\/pl\/papuosalas\/obraczki-slubne-przeciwienstwa-z-diamentami\/","og_locale":"pl_PL","og_type":"article","og_title":"OBR\u0104CZKI \u015aLUBNE \u201ePRZECIWIE\u0143STWA\u201d (z diamentami) - FashionGold.lt","og_description":"Obr\u0105czka \u015blubna zaprojektowana przez s\u0142ynn\u0105 niemieck\u0105 firm\u0119 jubilersk\u0105 \u2013 \u201eGerstner\u201d","og_url":"https:\/\/fashiongold.lt\/pl\/papuosalas\/obraczki-slubne-przeciwienstwa-z-diamentami\/","og_site_name":"FashionGold.lt","og_image":[{"width":500,"height":475,"url":"https:\/\/fashiongold.lt\/wp-content\/uploads\/2025\/10\/655-9aa-VESTUVINIAI-ZIEDAI-PRIESYBES-su-deimantais.webp","type":"image\/jpeg"}],"twitter_card":"summary_large_image","schema":{"@context":"https:\/\/schema.org","@graph":[{"@type":"WebPage","@id":"https:\/\/fashiongold.lt\/pl\/papuosalas\/obraczki-slubne-przeciwienstwa-z-diamentami\/","url":"https:\/\/fashiongold.lt\/pl\/papuosalas\/obraczki-slubne-przeciwienstwa-z-diamentami\/","name":"OBR\u0104CZKI \u015aLUBNE \u201ePRZECIWIE\u0143STWA\u201d (z diamentami) - FashionGold.lt","isPartOf":{"@id":"https:\/\/fashiongold.lt\/pl\/#website"},"primaryImageOfPage":{"@id":"https:\/\/fashiongold.lt\/pl\/papuosalas\/obraczki-slubne-przeciwienstwa-z-diamentami\/#primaryimage"},"image":{"@id":"https:\/\/fashiongold.lt\/pl\/papuosalas\/obraczki-slubne-przeciwienstwa-z-diamentami\/#primaryimage"},"thumbnailUrl":"https:\/\/fashiongold.lt\/wp-content\/uploads\/2025\/10\/655-9aa-VESTUVINIAI-ZIEDAI-PRIESYBES-su-deimantais.jpg","datePublished":"2025-10-09T17:24:17+00:00","breadcrumb":{"@id":"https:\/\/fashiongold.lt\/pl\/papuosalas\/obraczki-slubne-przeciwienstwa-z-diamentami\/#breadcrumb"},"inLanguage":"pl-PL","potentialAction":[{"@type":"ReadAction","target":["https:\/\/fashiongold.lt\/pl\/papuosalas\/obraczki-slubne-przeciwienstwa-z-diamentami\/"]}]},{"@type":"ImageObject","inLanguage":"pl-PL","@id":"https:\/\/fashiongold.lt\/pl\/papuosalas\/obraczki-slubne-przeciwienstwa-z-diamentami\/#primaryimage","url":"https:\/\/fashiongold.lt\/wp-content\/uploads\/2025\/10\/655-9aa-VESTUVINIAI-ZIEDAI-PRIESYBES-su-deimantais.jpg","contentUrl":"https:\/\/fashiongold.lt\/wp-content\/uploads\/2025\/10\/655-9aa-VESTUVINIAI-ZIEDAI-PRIESYBES-su-deimantais.jpg","width":500,"height":475},{"@type":"BreadcrumbList","@id":"https:\/\/fashiongold.lt\/pl\/papuosalas\/obraczki-slubne-przeciwienstwa-z-diamentami\/#breadcrumb","itemListElement":[{"@type":"ListItem","position":1,"name":"Home","item":"https:\/\/fashiongold.lt\/pl\/"},{"@type":"ListItem","position":2,"name":"Sklep z diamentami Fashiongold.lt","item":"https:\/\/fashiongold.lt\/shop-2\/"},{"@type":"ListItem","position":3,"name":"OBR\u0104CZKI \u015aLUBNE \u201ePRZECIWIE\u0143STWA\u201d (z diamentami)"}]},{"@type":"WebSite","@id":"https:\/\/fashiongold.lt\/pl\/#website","url":"https:\/\/fashiongold.lt\/pl\/","name":"Fashion Gold","description":"Juvelyrikos namai","publisher":{"@id":"https:\/\/fashiongold.lt\/pl\/#organization"},"potentialAction":[{"@type":"SearchAction","target":{"@type":"EntryPoint","urlTemplate":"https:\/\/fashiongold.lt\/pl\/?s={search_term_string}"},"query-input":{"@type":"PropertyValueSpecification","valueRequired":true,"valueName":"search_term_string"}}],"inLanguage":"pl-PL"},{"@type":"Organization","@id":"https:\/\/fashiongold.lt\/pl\/#organization","name":"Topdiamonds Online","url":"https:\/\/fashiongold.lt\/pl\/","logo":{"@type":"ImageObject","inLanguage":"pl-PL","@id":"https:\/\/fashiongold.lt\/pl\/#\/schema\/logo\/image\/","url":"https:\/\/fashiongold.lt\/wp-content\/uploads\/2025\/04\/cropped-fashion_gold_logotipas2-scaled-1.png","contentUrl":"https:\/\/fashiongold.lt\/wp-content\/uploads\/2025\/04\/cropped-fashion_gold_logotipas2-scaled-1.png","width":2559,"height":421,"caption":"Topdiamonds Online"},"image":{"@id":"https:\/\/fashiongold.lt\/pl\/#\/schema\/logo\/image\/"}}]}},"_links":{"self":[{"href":"https:\/\/fashiongold.lt\/pl\/wp-json\/wp\/v2\/product\/285141","targetHints":{"allow":["GET"]}}],"collection":[{"href":"https:\/\/fashiongold.lt\/pl\/wp-json\/wp\/v2\/product"}],"about":[{"href":"https:\/\/fashiongold.lt\/pl\/wp-json\/wp\/v2\/types\/product"}],"version-history":[{"count":0,"href":"https:\/\/fashiongold.lt\/pl\/wp-json\/wp\/v2\/product\/285141\/revisions"}],"wp:featuredmedia":[{"embeddable":true,"href":"https:\/\/fashiongold.lt\/pl\/wp-json\/wp\/v2\/media\/47125"}],"wp:attachment":[{"href":"https:\/\/fashiongold.lt\/pl\/wp-json\/wp\/v2\/media?parent=285141"}],"wp:term":[{"taxonomy":"product_brand","embeddable":true,"href":"https:\/\/fashiongold.lt\/pl\/wp-json\/wp\/v2\/product_brand?post=285141"},{"taxonomy":"product_cat","embeddable":true,"href":"https:\/\/fashiongold.lt\/pl\/wp-json\/wp\/v2\/product_cat?post=285141"},{"taxonomy":"product_tag","embeddable":true,"href":"https:\/\/fashiongold.lt\/pl\/wp-json\/wp\/v2\/product_tag?post=285141"}],"curies":[{"name":"wp","href":"https:\/\/api.w.org\/{rel}","templated":true}]}}