{"id":285375,"date":"2025-10-09T17:19:58","date_gmt":"2025-10-09T17:19:58","guid":{"rendered":"https:\/\/fashiongold.lt\/papuosalas\/nowoczesna-obraczka-slubna-bez-diamentu-styl\/"},"modified":"2025-10-09T17:19:58","modified_gmt":"2025-10-09T17:19:58","slug":"nowoczesna-obraczka-slubna-bez-diamentu-styl","status":"publish","type":"product","link":"https:\/\/fashiongold.lt\/pl\/papuosalas\/nowoczesna-obraczka-slubna-bez-diamentu-styl\/","title":{"rendered":"Nowoczesna obr\u0105czka \u015blubna bez diamentu \u2013 Styl"},"content":{"rendered":"<p>\u201eGerstner\u201d, niemiecki producent obr\u0105czek \u015blubnych z 150-letnim do\u015bwiadczeniem, oferuje obr\u0105czki najwy\u017cszej jako\u015bci. Obr\u0105czki \u015blubne o niepowtarzalnym pi\u0119knie, wyj\u0105tkowym stylu, wysokiej jako\u015bci, ze stref\u0105 komfortu. Doskona\u0142y wyb\u00f3r, kt\u00f3ry odzwierciedla Twoj\u0105 histori\u0119 mi\u0142o\u015bci. Ich technologia jest wyj\u0105tkowa \u2013 obr\u0105czki \u015blubne s\u0105 wykonane z utwardzanego z\u0142ota, kt\u00f3re jest odporne na mikrop\u0119kni\u0119cia, nie zawiera niklu i mniej si\u0119 rysuje. Obr\u0105czka mo\u017ce by\u0107 wykonana na zam\u00f3wienie: z czerwonego, \u017c\u00f3\u0142tego oraz bia\u0142ego z\u0142ota, za dodatkow\u0105 op\u0142at\u0105, w r\u00f3\u017cnych szeroko\u015bciach lub z diamentami.<\/p>\n<p>\u2022 Z\u0142oto obr\u0105czki: 14 K (pr\u00f3ba 585), mo\u017cemy wykona\u0107 z 10K (pr\u00f3ba 375), 18K (pr\u00f3ba 750), Pt600, Pt950<\/p>\n<p>\u2022 Kolor obr\u0105czki: do wyboru bia\u0142e, \u017c\u00f3\u0142te, czerwone z\u0142oto lub z kraw\u0119dziami w innym kolorze.<\/p>\n<p>\u2022 Waga pary obr\u0105czek (zale\u017cy od rozmiaru i pr\u00f3by): wed\u0142ug stanu faktycznego<\/p>\n<p>\u2022 Wymiary obr\u0105czki: szeroko\u015b\u0107 6 mm, wysoko\u015b\u0107 2,4 mm (mo\u017cliwo\u015b\u0107 zmiany)<\/p>\n<p>\u2022 Soczewka (strefa komfortu): jest<\/p>\n<p>\u2022 Rodzaj diamentu: brak (mo\u017cliwo\u015b\u0107 zmiany)<\/p>\n<p>\u2022 Kszta\u0142t diamentu: brak (mo\u017cliwo\u015b\u0107 zmiany)<\/p>\n<p>\u2022 Charakterystyka diamentu: brak (mo\u017cliwo\u015b\u0107 zmiany)<\/p>\n<p>\u2022 Certyfikat: Litewska Izba Probiercza (LPR) oraz firmy Gerstner<\/p>\n<p>\u2022 Grawerowanie gratis<\/p>\n<p>\u2022 Jednorazowa bezp\u0142atna gwarancja zmiany rozmiaru obr\u0105czki<\/p>\n<p>\u2022 Termin wykonania i dostawy od 14 dni roboczych, w trybie pilnym w ci\u0105gu 3 dni roboczych<\/p>\n<p><strong>Masz w\u0142asne z\u0142oto? Skontaktuj si\u0119 z nami, przeliczymy cen\u0119 \u2013 zap\u0142acisz tylko za wykonanie obr\u0105czek.<\/strong><\/p>\n","protected":false},"excerpt":{"rendered":"<p>Nowoczesna obr\u0105czka \u015blubna 6 mm, jakby z\u0142o\u017cona z dw\u00f3ch z\u0142otych linii, to luksusowy i subtelny wyb\u00f3r dla os\u00f3b ceni\u0105cych wysok\u0105 jako\u015b\u0107 i komfort. Wykonana w Niemczech przez firm\u0119 \u201eGerstner\u201d, z zachowaniem najwy\u017cszych standard\u00f3w, obr\u0105czka ta ma zewn\u0105trz p\u0142aski kszta\u0142t, a wewn\u0105trz jest delikatnie wyoblona, co zapewnia maksymaln\u0105 wygod\u0119 podczas codziennego noszenia. Mo\u017cliwo\u015b\u0107 wyboru koloru z\u0142ota pozwala dopasowa\u0107 t\u0119 obr\u0105czk\u0119 do w\u0142asnego gustu.\u00a0<\/p>\n","protected":false},"featured_media":46008,"template":"","meta":{"site-sidebar-layout":"","site-content-layout":"","ast-site-content-layout":"","site-content-style":"","site-sidebar-style":"","ast-global-header-display":"","ast-banner-title-visibility":"","ast-main-header-display":"","ast-hfb-above-header-display":"","ast-hfb-below-header-display":"","ast-hfb-mobile-header-display":"","site-post-title":"","ast-breadcrumbs-content":"","ast-featured-img":"","footer-sml-layout":"","ast-disable-related-posts":"","theme-transparent-header-meta":"","adv-header-id-meta":"","stick-header-meta":"","header-above-stick-meta":"","header-main-stick-meta":"","header-below-stick-meta":"","astra-migrate-meta-layouts":"default","ast-page-background-enabled":"default","ast-page-background-meta":{"desktop":{"background-color":"var(--ast-global-color-4)","background-image":"","background-repeat":"repeat","background-position":"center center","background-size":"auto","background-attachment":"scroll","background-type":"","background-media":"","overlay-type":"","overlay-color":"","overlay-opacity":"","overlay-gradient":""},"tablet":{"background-color":"","background-image":"","background-repeat":"repeat","background-position":"center center","background-size":"auto","background-attachment":"scroll","background-type":"","background-media":"","overlay-type":"","overlay-color":"","overlay-opacity":"","overlay-gradient":""},"mobile":{"background-color":"","background-image":"","background-repeat":"repeat","background-position":"center center","background-size":"auto","background-attachment":"scroll","background-type":"","background-media":"","overlay-type":"","overlay-color":"","overlay-opacity":"","overlay-gradient":""}},"ast-content-background-meta":{"desktop":{"background-color":"var(--ast-global-color-5)","background-image":"","background-repeat":"repeat","background-position":"center center","background-size":"auto","background-attachment":"scroll","background-type":"","background-media":"","overlay-type":"","overlay-color":"","overlay-opacity":"","overlay-gradient":""},"tablet":{"background-color":"var(--ast-global-color-5)","background-image":"","background-repeat":"repeat","background-position":"center center","background-size":"auto","background-attachment":"scroll","background-type":"","background-media":"","overlay-type":"","overlay-color":"","overlay-opacity":"","overlay-gradient":""},"mobile":{"background-color":"var(--ast-global-color-5)","background-image":"","background-repeat":"repeat","background-position":"center center","background-size":"auto","background-attachment":"scroll","background-type":"","background-media":"","overlay-type":"","overlay-color":"","overlay-opacity":"","overlay-gradient":""}}},"product_brand":[],"product_cat":[3770,3813,3306,3303,3825,3840],"product_tag":[],"class_list":{"0":"post-285375","1":"product","2":"type-product","3":"status-publish","4":"has-post-thumbnail","6":"product_cat-meskie-obraczki-slubne","7":"product_cat-niemieckie-obraczki-slubne-gerstner","8":"product_cat-nowoczesne-obraczki-slubne","9":"product_cat-obraczki-slubne","10":"product_cat-obraczki-slubne-w-dwoch-kolorach-zlota","11":"product_cat-obraczki-slubne-z-zoltego-zlota","12":"desktop-align-center","13":"tablet-align-left","14":"mobile-align-left","15":"ast-product-gallery-layout-horizontal-slider","16":"ast-product-gallery-with-no-image","17":"ast-product-single-variable","18":"ast-product-tabs-layout-accordion","19":"ast-qv-on-image","21":"first","22":"instock","23":"taxable","24":"shipping-taxable","25":"purchasable","26":"product-type-variable"},"yoast_head":"<!-- This site is optimized with the Yoast SEO plugin v26.6 - https:\/\/yoast.com\/wordpress\/plugins\/seo\/ -->\n<title>Nowoczesna obr\u0105czka \u015blubna bez diamentu - Styl I FashionGold.lt<\/title>\n<meta name=\"description\" content=\"Nowoczesna obr\u0105czka \u015blubna 6 mm z diamentem o szlifie ksi\u0119\u017cniczki 0,16 ct. Wyprodukowana w Niemczech, w firmie \u201eGerstner\u201d, zgodnie z najwy\u017cszymi standardami,\" \/>\n<meta name=\"robots\" content=\"index, follow, max-snippet:-1, max-image-preview:large, max-video-preview:-1\" \/>\n<link rel=\"canonical\" href=\"https:\/\/fashiongold.lt\/pl\/papuosalas\/nowoczesna-obraczka-slubna-bez-diamentu-styl\/\" \/>\n<meta property=\"og:locale\" content=\"pl_PL\" \/>\n<meta property=\"og:type\" content=\"article\" \/>\n<meta property=\"og:title\" content=\"Nowoczesna obr\u0105czka \u015blubna bez diamentu - Styl I FashionGold.lt\" \/>\n<meta property=\"og:description\" content=\"Nowoczesna obr\u0105czka \u015blubna 6 mm z diamentem o szlifie ksi\u0119\u017cniczki 0,16 ct. Wyprodukowana w Niemczech, w firmie \u201eGerstner\u201d, zgodnie z najwy\u017cszymi standardami,\" \/>\n<meta property=\"og:url\" content=\"https:\/\/fashiongold.lt\/pl\/papuosalas\/nowoczesna-obraczka-slubna-bez-diamentu-styl\/\" \/>\n<meta property=\"og:site_name\" content=\"FashionGold.lt\" \/>\n<meta property=\"og:image\" content=\"https:\/\/fashiongold.lt\/wp-content\/uploads\/2025\/10\/608-b2e-Modernus-vestuvinis-ziedas-be-deimanto-Stilius.webp\" \/>\n\t<meta property=\"og:image:width\" content=\"400\" \/>\n\t<meta property=\"og:image:height\" content=\"380\" \/>\n\t<meta property=\"og:image:type\" content=\"image\/jpeg\" \/>\n<meta name=\"twitter:card\" content=\"summary_large_image\" \/>\n<meta name=\"twitter:label1\" content=\"Szacowany czas czytania\" \/>\n\t<meta name=\"twitter:data1\" content=\"1 minuta\" \/>\n<script type=\"application\/ld+json\" class=\"yoast-schema-graph\">{\"@context\":\"https:\/\/schema.org\",\"@graph\":[{\"@type\":\"WebPage\",\"@id\":\"https:\/\/fashiongold.lt\/pl\/papuosalas\/nowoczesna-obraczka-slubna-bez-diamentu-styl\/\",\"url\":\"https:\/\/fashiongold.lt\/pl\/papuosalas\/nowoczesna-obraczka-slubna-bez-diamentu-styl\/\",\"name\":\"Nowoczesna obr\u0105czka \u015blubna bez diamentu - Styl I FashionGold.lt\",\"isPartOf\":{\"@id\":\"https:\/\/fashiongold.lt\/pl\/#website\"},\"primaryImageOfPage\":{\"@id\":\"https:\/\/fashiongold.lt\/pl\/papuosalas\/nowoczesna-obraczka-slubna-bez-diamentu-styl\/#primaryimage\"},\"image\":{\"@id\":\"https:\/\/fashiongold.lt\/pl\/papuosalas\/nowoczesna-obraczka-slubna-bez-diamentu-styl\/#primaryimage\"},\"thumbnailUrl\":\"https:\/\/fashiongold.lt\/wp-content\/uploads\/2025\/10\/608-b2e-Modernus-vestuvinis-ziedas-be-deimanto-Stilius.jpg\",\"datePublished\":\"2025-10-09T17:19:58+00:00\",\"description\":\"Nowoczesna obr\u0105czka \u015blubna 6 mm z diamentem o szlifie ksi\u0119\u017cniczki 0,16 ct. Wyprodukowana w Niemczech, w firmie \u201eGerstner\u201d, zgodnie z najwy\u017cszymi standardami,\",\"breadcrumb\":{\"@id\":\"https:\/\/fashiongold.lt\/pl\/papuosalas\/nowoczesna-obraczka-slubna-bez-diamentu-styl\/#breadcrumb\"},\"inLanguage\":\"pl-PL\",\"potentialAction\":[{\"@type\":\"ReadAction\",\"target\":[\"https:\/\/fashiongold.lt\/pl\/papuosalas\/nowoczesna-obraczka-slubna-bez-diamentu-styl\/\"]}]},{\"@type\":\"ImageObject\",\"inLanguage\":\"pl-PL\",\"@id\":\"https:\/\/fashiongold.lt\/pl\/papuosalas\/nowoczesna-obraczka-slubna-bez-diamentu-styl\/#primaryimage\",\"url\":\"https:\/\/fashiongold.lt\/wp-content\/uploads\/2025\/10\/608-b2e-Modernus-vestuvinis-ziedas-be-deimanto-Stilius.jpg\",\"contentUrl\":\"https:\/\/fashiongold.lt\/wp-content\/uploads\/2025\/10\/608-b2e-Modernus-vestuvinis-ziedas-be-deimanto-Stilius.jpg\",\"width\":400,\"height\":380},{\"@type\":\"BreadcrumbList\",\"@id\":\"https:\/\/fashiongold.lt\/pl\/papuosalas\/nowoczesna-obraczka-slubna-bez-diamentu-styl\/#breadcrumb\",\"itemListElement\":[{\"@type\":\"ListItem\",\"position\":1,\"name\":\"Home\",\"item\":\"https:\/\/fashiongold.lt\/pl\/\"},{\"@type\":\"ListItem\",\"position\":2,\"name\":\"Sklep z diamentami Fashiongold.lt\",\"item\":\"https:\/\/fashiongold.lt\/shop-2\/\"},{\"@type\":\"ListItem\",\"position\":3,\"name\":\"Nowoczesna obr\u0105czka \u015blubna bez diamentu \u2013 Styl\"}]},{\"@type\":\"WebSite\",\"@id\":\"https:\/\/fashiongold.lt\/pl\/#website\",\"url\":\"https:\/\/fashiongold.lt\/pl\/\",\"name\":\"Fashion Gold\",\"description\":\"Juvelyrikos namai\",\"publisher\":{\"@id\":\"https:\/\/fashiongold.lt\/pl\/#organization\"},\"potentialAction\":[{\"@type\":\"SearchAction\",\"target\":{\"@type\":\"EntryPoint\",\"urlTemplate\":\"https:\/\/fashiongold.lt\/pl\/?s={search_term_string}\"},\"query-input\":{\"@type\":\"PropertyValueSpecification\",\"valueRequired\":true,\"valueName\":\"search_term_string\"}}],\"inLanguage\":\"pl-PL\"},{\"@type\":\"Organization\",\"@id\":\"https:\/\/fashiongold.lt\/pl\/#organization\",\"name\":\"Topdiamonds Online\",\"url\":\"https:\/\/fashiongold.lt\/pl\/\",\"logo\":{\"@type\":\"ImageObject\",\"inLanguage\":\"pl-PL\",\"@id\":\"https:\/\/fashiongold.lt\/pl\/#\/schema\/logo\/image\/\",\"url\":\"https:\/\/fashiongold.lt\/wp-content\/uploads\/2025\/04\/cropped-fashion_gold_logotipas2-scaled-1.png\",\"contentUrl\":\"https:\/\/fashiongold.lt\/wp-content\/uploads\/2025\/04\/cropped-fashion_gold_logotipas2-scaled-1.png\",\"width\":2559,\"height\":421,\"caption\":\"Topdiamonds Online\"},\"image\":{\"@id\":\"https:\/\/fashiongold.lt\/pl\/#\/schema\/logo\/image\/\"}}]}<\/script>\n<!-- \/ Yoast SEO plugin. -->","yoast_head_json":{"title":"Nowoczesna obr\u0105czka \u015blubna bez diamentu - Styl I FashionGold.lt","description":"Nowoczesna obr\u0105czka \u015blubna 6 mm z diamentem o szlifie ksi\u0119\u017cniczki 0,16 ct. Wyprodukowana w Niemczech, w firmie \u201eGerstner\u201d, zgodnie z najwy\u017cszymi standardami,","robots":{"index":"index","follow":"follow","max-snippet":"max-snippet:-1","max-image-preview":"max-image-preview:large","max-video-preview":"max-video-preview:-1"},"canonical":"https:\/\/fashiongold.lt\/pl\/papuosalas\/nowoczesna-obraczka-slubna-bez-diamentu-styl\/","og_locale":"pl_PL","og_type":"article","og_title":"Nowoczesna obr\u0105czka \u015blubna bez diamentu - Styl I FashionGold.lt","og_description":"Nowoczesna obr\u0105czka \u015blubna 6 mm z diamentem o szlifie ksi\u0119\u017cniczki 0,16 ct. Wyprodukowana w Niemczech, w firmie \u201eGerstner\u201d, zgodnie z najwy\u017cszymi standardami,","og_url":"https:\/\/fashiongold.lt\/pl\/papuosalas\/nowoczesna-obraczka-slubna-bez-diamentu-styl\/","og_site_name":"FashionGold.lt","og_image":[{"width":400,"height":380,"url":"https:\/\/fashiongold.lt\/wp-content\/uploads\/2025\/10\/608-b2e-Modernus-vestuvinis-ziedas-be-deimanto-Stilius.webp","type":"image\/jpeg"}],"twitter_card":"summary_large_image","twitter_misc":{"Szacowany czas czytania":"1 minuta"},"schema":{"@context":"https:\/\/schema.org","@graph":[{"@type":"WebPage","@id":"https:\/\/fashiongold.lt\/pl\/papuosalas\/nowoczesna-obraczka-slubna-bez-diamentu-styl\/","url":"https:\/\/fashiongold.lt\/pl\/papuosalas\/nowoczesna-obraczka-slubna-bez-diamentu-styl\/","name":"Nowoczesna obr\u0105czka \u015blubna bez diamentu - Styl I FashionGold.lt","isPartOf":{"@id":"https:\/\/fashiongold.lt\/pl\/#website"},"primaryImageOfPage":{"@id":"https:\/\/fashiongold.lt\/pl\/papuosalas\/nowoczesna-obraczka-slubna-bez-diamentu-styl\/#primaryimage"},"image":{"@id":"https:\/\/fashiongold.lt\/pl\/papuosalas\/nowoczesna-obraczka-slubna-bez-diamentu-styl\/#primaryimage"},"thumbnailUrl":"https:\/\/fashiongold.lt\/wp-content\/uploads\/2025\/10\/608-b2e-Modernus-vestuvinis-ziedas-be-deimanto-Stilius.jpg","datePublished":"2025-10-09T17:19:58+00:00","description":"Nowoczesna obr\u0105czka \u015blubna 6 mm z diamentem o szlifie ksi\u0119\u017cniczki 0,16 ct. Wyprodukowana w Niemczech, w firmie \u201eGerstner\u201d, zgodnie z najwy\u017cszymi standardami,","breadcrumb":{"@id":"https:\/\/fashiongold.lt\/pl\/papuosalas\/nowoczesna-obraczka-slubna-bez-diamentu-styl\/#breadcrumb"},"inLanguage":"pl-PL","potentialAction":[{"@type":"ReadAction","target":["https:\/\/fashiongold.lt\/pl\/papuosalas\/nowoczesna-obraczka-slubna-bez-diamentu-styl\/"]}]},{"@type":"ImageObject","inLanguage":"pl-PL","@id":"https:\/\/fashiongold.lt\/pl\/papuosalas\/nowoczesna-obraczka-slubna-bez-diamentu-styl\/#primaryimage","url":"https:\/\/fashiongold.lt\/wp-content\/uploads\/2025\/10\/608-b2e-Modernus-vestuvinis-ziedas-be-deimanto-Stilius.jpg","contentUrl":"https:\/\/fashiongold.lt\/wp-content\/uploads\/2025\/10\/608-b2e-Modernus-vestuvinis-ziedas-be-deimanto-Stilius.jpg","width":400,"height":380},{"@type":"BreadcrumbList","@id":"https:\/\/fashiongold.lt\/pl\/papuosalas\/nowoczesna-obraczka-slubna-bez-diamentu-styl\/#breadcrumb","itemListElement":[{"@type":"ListItem","position":1,"name":"Home","item":"https:\/\/fashiongold.lt\/pl\/"},{"@type":"ListItem","position":2,"name":"Sklep z diamentami Fashiongold.lt","item":"https:\/\/fashiongold.lt\/shop-2\/"},{"@type":"ListItem","position":3,"name":"Nowoczesna obr\u0105czka \u015blubna bez diamentu \u2013 Styl"}]},{"@type":"WebSite","@id":"https:\/\/fashiongold.lt\/pl\/#website","url":"https:\/\/fashiongold.lt\/pl\/","name":"Fashion Gold","description":"Juvelyrikos namai","publisher":{"@id":"https:\/\/fashiongold.lt\/pl\/#organization"},"potentialAction":[{"@type":"SearchAction","target":{"@type":"EntryPoint","urlTemplate":"https:\/\/fashiongold.lt\/pl\/?s={search_term_string}"},"query-input":{"@type":"PropertyValueSpecification","valueRequired":true,"valueName":"search_term_string"}}],"inLanguage":"pl-PL"},{"@type":"Organization","@id":"https:\/\/fashiongold.lt\/pl\/#organization","name":"Topdiamonds Online","url":"https:\/\/fashiongold.lt\/pl\/","logo":{"@type":"ImageObject","inLanguage":"pl-PL","@id":"https:\/\/fashiongold.lt\/pl\/#\/schema\/logo\/image\/","url":"https:\/\/fashiongold.lt\/wp-content\/uploads\/2025\/04\/cropped-fashion_gold_logotipas2-scaled-1.png","contentUrl":"https:\/\/fashiongold.lt\/wp-content\/uploads\/2025\/04\/cropped-fashion_gold_logotipas2-scaled-1.png","width":2559,"height":421,"caption":"Topdiamonds Online"},"image":{"@id":"https:\/\/fashiongold.lt\/pl\/#\/schema\/logo\/image\/"}}]}},"_links":{"self":[{"href":"https:\/\/fashiongold.lt\/pl\/wp-json\/wp\/v2\/product\/285375","targetHints":{"allow":["GET"]}}],"collection":[{"href":"https:\/\/fashiongold.lt\/pl\/wp-json\/wp\/v2\/product"}],"about":[{"href":"https:\/\/fashiongold.lt\/pl\/wp-json\/wp\/v2\/types\/product"}],"version-history":[{"count":0,"href":"https:\/\/fashiongold.lt\/pl\/wp-json\/wp\/v2\/product\/285375\/revisions"}],"wp:featuredmedia":[{"embeddable":true,"href":"https:\/\/fashiongold.lt\/pl\/wp-json\/wp\/v2\/media\/46008"}],"wp:attachment":[{"href":"https:\/\/fashiongold.lt\/pl\/wp-json\/wp\/v2\/media?parent=285375"}],"wp:term":[{"taxonomy":"product_brand","embeddable":true,"href":"https:\/\/fashiongold.lt\/pl\/wp-json\/wp\/v2\/product_brand?post=285375"},{"taxonomy":"product_cat","embeddable":true,"href":"https:\/\/fashiongold.lt\/pl\/wp-json\/wp\/v2\/product_cat?post=285375"},{"taxonomy":"product_tag","embeddable":true,"href":"https:\/\/fashiongold.lt\/pl\/wp-json\/wp\/v2\/product_tag?post=285375"}],"curies":[{"name":"wp","href":"https:\/\/api.w.org\/{rel}","templated":true}]}}