{"id":285505,"date":"2025-10-09T17:18:15","date_gmt":"2025-10-09T17:18:15","guid":{"rendered":"https:\/\/fashiongold.lt\/papuosalas\/obraczka-slubna-z-kwadratowymi-diamentami-nowoczesna-010-ct\/"},"modified":"2025-10-09T17:18:15","modified_gmt":"2025-10-09T17:18:15","slug":"obraczka-slubna-z-kwadratowymi-diamentami-nowoczesna-010-ct","status":"publish","type":"product","link":"https:\/\/fashiongold.lt\/pl\/papuosalas\/obraczka-slubna-z-kwadratowymi-diamentami-nowoczesna-010-ct\/","title":{"rendered":"Obr\u0105czka \u015blubna z kwadratowymi diamentami \u2013 Nowoczesna (0,10 ct)"},"content":{"rendered":"<p>Tradycje obr\u0105czek \u015blubnych s\u0105 d\u0142ugowieczne, dlatego wa\u017cne jest, aby wybra\u0107 wiarygodnego producenta bi\u017cuterii. Reprezentujemy niemieck\u0105 mark\u0119 \u201eGerstner\u201d, kt\u00f3ra jest liderem w\u015br\u00f3d producent\u00f3w obr\u0105czek \u015blubnych w Europie. Ich technologia jest wyj\u0105tkowa \u2013 obr\u0105czki \u015blubne s\u0105 wykonywane z utwardzanego z\u0142ota, kt\u00f3re jest odporne na mikrop\u0119kni\u0119cia, nie zawiera niklu i mniej si\u0119 rysuje. \u201eFashion Gold\u201d \u2013 Tw\u00f3j zaufany ekspert w dziedzinie obr\u0105czek \u015blubnych.<\/p>\n<p>Wyprodukowano w Niemczech \u2013 przy u\u017cyciu specjalnej technologii. Ich technologia jest wyj\u0105tkowa \u2013 obr\u0105czki \u015blubne s\u0105 wykonywane z utwardzanego z\u0142ota, kt\u00f3re jest odporne na mikrop\u0119kni\u0119cia, nie zawiera niklu i mniej si\u0119 rysuje. Obr\u0105czka mo\u017ce zosta\u0107 wykonana na zam\u00f3wienie: z czerwonego, \u017c\u00f3\u0142tego oraz bia\u0142ego z\u0142ota.<\/p>\n<p>\u2022 Pr\u00f3ba z\u0142ota: 10 K (pr\u00f3ba 375), mo\u017cemy wykona\u0107 z 14K (pr\u00f3ba 585), 18K (pr\u00f3ba 750)\u00a0 <span style=\"white-space: pre;\"> <\/span><\/p>\n<p>\u2022 Kolor obr\u0105czki: do wyboru bia\u0142e, \u017c\u00f3\u0142te, czerwone z\u0142oto\u00a0 \u00a0<span style=\"white-space: pre;\"> <\/span><\/p>\n<p>\u2022 Waga obr\u0105czki (zale\u017cna od rozmiaru i pr\u00f3by): ok. 6 g\u00a0 \u00a0<span style=\"white-space: pre;\"> <\/span><\/p>\n<p>\u2022 Wymiary obr\u0105czki: szeroko\u015b\u0107 7 mm (mo\u017cliwo\u015b\u0107 zmiany)<span style=\"white-space: pre;\"> <\/span><\/p>\n<p>\u2022 Soczewka (komfortowe dopasowanie): jest<span style=\"white-space: pre;\"> <\/span><\/p>\n<p>\u2022 Rodzaj diamentu: Naturalny diament<span style=\"white-space: pre;\"> <\/span><\/p>\n<p>\u2022 Kszta\u0142t diamentu: Kwadratowy (Princess cut)<span style=\"white-space: pre;\"> <\/span><\/p>\n<p>\u2022 Charakterystyka diamentu: 0,10 ct (2 x 0,05 ct), barwa H(W); czysto\u015b\u0107 VS<span style=\"white-space: pre;\"> <\/span><\/p>\n<p>\u2022 Certyfikat: Litewski Urz\u0105d Probierczy (LPR) <span style=\"white-space: pre;\"> <\/span><\/p>\n<p>\u2022 Termin produkcji i dostawy od 14 dni roboczych<\/p>\n<p><strong>Masz w\u0142asne z\u0142oto? Skontaktuj si\u0119 z nami, przeliczymy cen\u0119 \u2013 zap\u0142acisz tylko za wykonanie obr\u0105czek.<\/strong><\/p>\n","protected":false},"excerpt":{"rendered":"<p>Obr\u0105czka \u015blubna o niepowtarzalnym pi\u0119knie z kwadratowymi diamentami i nowoczesnym designem. Wyj\u0105tkowy styl, wysoka jako\u015b\u0107, z profilem soczewkowym. Kraw\u0119dzie obr\u0105czki podkre\u015blaj\u0105 inny kolor z\u0142ota, nadaj\u0105c unikalny akcent. Doskona\u0142y wyb\u00f3r odzwierciedlaj\u0105cy Wasz\u0105 histori\u0119 mi\u0142o\u015bci.<\/p>\n","protected":false},"featured_media":45301,"template":"","meta":{"site-sidebar-layout":"","site-content-layout":"","ast-site-content-layout":"","site-content-style":"","site-sidebar-style":"","ast-global-header-display":"","ast-banner-title-visibility":"","ast-main-header-display":"","ast-hfb-above-header-display":"","ast-hfb-below-header-display":"","ast-hfb-mobile-header-display":"","site-post-title":"","ast-breadcrumbs-content":"","ast-featured-img":"","footer-sml-layout":"","ast-disable-related-posts":"","theme-transparent-header-meta":"","adv-header-id-meta":"","stick-header-meta":"","header-above-stick-meta":"","header-main-stick-meta":"","header-below-stick-meta":"","astra-migrate-meta-layouts":"default","ast-page-background-enabled":"default","ast-page-background-meta":{"desktop":{"background-color":"var(--ast-global-color-4)","background-image":"","background-repeat":"repeat","background-position":"center center","background-size":"auto","background-attachment":"scroll","background-type":"","background-media":"","overlay-type":"","overlay-color":"","overlay-opacity":"","overlay-gradient":""},"tablet":{"background-color":"","background-image":"","background-repeat":"repeat","background-position":"center center","background-size":"auto","background-attachment":"scroll","background-type":"","background-media":"","overlay-type":"","overlay-color":"","overlay-opacity":"","overlay-gradient":""},"mobile":{"background-color":"","background-image":"","background-repeat":"repeat","background-position":"center center","background-size":"auto","background-attachment":"scroll","background-type":"","background-media":"","overlay-type":"","overlay-color":"","overlay-opacity":"","overlay-gradient":""}},"ast-content-background-meta":{"desktop":{"background-color":"var(--ast-global-color-5)","background-image":"","background-repeat":"repeat","background-position":"center center","background-size":"auto","background-attachment":"scroll","background-type":"","background-media":"","overlay-type":"","overlay-color":"","overlay-opacity":"","overlay-gradient":""},"tablet":{"background-color":"var(--ast-global-color-5)","background-image":"","background-repeat":"repeat","background-position":"center center","background-size":"auto","background-attachment":"scroll","background-type":"","background-media":"","overlay-type":"","overlay-color":"","overlay-opacity":"","overlay-gradient":""},"mobile":{"background-color":"var(--ast-global-color-5)","background-image":"","background-repeat":"repeat","background-position":"center center","background-size":"auto","background-attachment":"scroll","background-type":"","background-media":"","overlay-type":"","overlay-color":"","overlay-opacity":"","overlay-gradient":""}}},"product_brand":[],"product_cat":[3373,3306,3303,3301,3305],"product_tag":[],"class_list":{"0":"post-285505","1":"product","2":"type-product","3":"status-publish","4":"has-post-thumbnail","6":"product_cat-damskie-obraczki-slubne","7":"product_cat-nowoczesne-obraczki-slubne","8":"product_cat-obraczki-slubne","9":"product_cat-obraczki-slubne-z-bialego-zlota","10":"product_cat-obraczki-slubne-z-diamentami","11":"desktop-align-center","12":"tablet-align-left","13":"mobile-align-left","14":"ast-product-gallery-layout-horizontal-slider","15":"ast-product-gallery-with-no-image","16":"ast-product-single-variable","17":"ast-product-tabs-layout-accordion","18":"ast-qv-on-image","20":"first","21":"instock","22":"taxable","23":"shipping-taxable","24":"purchasable","25":"product-type-variable"},"yoast_head":"<!-- This site is optimized with the Yoast SEO plugin v26.6 - https:\/\/yoast.com\/wordpress\/plugins\/seo\/ -->\n<title>Obr\u0105czka \u015blubna z kwadratowymi diamentami - Nowoczesna<\/title>\n<meta name=\"description\" content=\"Wyj\u0105tkowa jako\u015b\u0107 i technologia \u2013 wykonane z utwardzanego z\u0142ota, kt\u00f3re jest odporne na mikrop\u0119kni\u0119cia, nie zawiera niklu oraz mniej si\u0119 rysuje. Bezp\u0142atna konsultacja.\" \/>\n<meta name=\"robots\" content=\"index, follow, max-snippet:-1, max-image-preview:large, max-video-preview:-1\" \/>\n<link rel=\"canonical\" href=\"https:\/\/fashiongold.lt\/pl\/papuosalas\/obraczka-slubna-z-kwadratowymi-diamentami-nowoczesna-010-ct\/\" \/>\n<meta property=\"og:locale\" content=\"pl_PL\" \/>\n<meta property=\"og:type\" content=\"article\" \/>\n<meta property=\"og:title\" content=\"Obr\u0105czka \u015blubna z kwadratowymi diamentami - Nowoczesna\" \/>\n<meta property=\"og:description\" content=\"Wyj\u0105tkowa jako\u015b\u0107 i technologia \u2013 wykonane z utwardzanego z\u0142ota, kt\u00f3re jest odporne na mikrop\u0119kni\u0119cia, nie zawiera niklu oraz mniej si\u0119 rysuje. Bezp\u0142atna konsultacja.\" \/>\n<meta property=\"og:url\" content=\"https:\/\/fashiongold.lt\/pl\/papuosalas\/obraczka-slubna-z-kwadratowymi-diamentami-nowoczesna-010-ct\/\" \/>\n<meta property=\"og:site_name\" content=\"FashionGold.lt\" \/>\n<meta property=\"og:image\" content=\"https:\/\/fashiongold.lt\/wp-content\/uploads\/2025\/10\/582-b7c-Vestuvinis-ziedas-su-kvadratiniais-deimantais.webp\" \/>\n\t<meta property=\"og:image:width\" content=\"500\" \/>\n\t<meta property=\"og:image:height\" content=\"475\" \/>\n\t<meta property=\"og:image:type\" content=\"image\/jpeg\" \/>\n<meta name=\"twitter:card\" content=\"summary_large_image\" \/>\n<meta name=\"twitter:label1\" content=\"Szacowany czas czytania\" \/>\n\t<meta name=\"twitter:data1\" content=\"1 minuta\" \/>\n<script type=\"application\/ld+json\" class=\"yoast-schema-graph\">{\"@context\":\"https:\/\/schema.org\",\"@graph\":[{\"@type\":\"WebPage\",\"@id\":\"https:\/\/fashiongold.lt\/pl\/papuosalas\/obraczka-slubna-z-kwadratowymi-diamentami-nowoczesna-010-ct\/\",\"url\":\"https:\/\/fashiongold.lt\/pl\/papuosalas\/obraczka-slubna-z-kwadratowymi-diamentami-nowoczesna-010-ct\/\",\"name\":\"Obr\u0105czka \u015blubna z kwadratowymi diamentami - Nowoczesna\",\"isPartOf\":{\"@id\":\"https:\/\/fashiongold.lt\/pl\/#website\"},\"primaryImageOfPage\":{\"@id\":\"https:\/\/fashiongold.lt\/pl\/papuosalas\/obraczka-slubna-z-kwadratowymi-diamentami-nowoczesna-010-ct\/#primaryimage\"},\"image\":{\"@id\":\"https:\/\/fashiongold.lt\/pl\/papuosalas\/obraczka-slubna-z-kwadratowymi-diamentami-nowoczesna-010-ct\/#primaryimage\"},\"thumbnailUrl\":\"https:\/\/fashiongold.lt\/wp-content\/uploads\/2025\/10\/582-b7c-Vestuvinis-ziedas-su-kvadratiniais-deimantais.jpg\",\"datePublished\":\"2025-10-09T17:18:15+00:00\",\"description\":\"Wyj\u0105tkowa jako\u015b\u0107 i technologia \u2013 wykonane z utwardzanego z\u0142ota, kt\u00f3re jest odporne na mikrop\u0119kni\u0119cia, nie zawiera niklu oraz mniej si\u0119 rysuje. Bezp\u0142atna konsultacja.\",\"breadcrumb\":{\"@id\":\"https:\/\/fashiongold.lt\/pl\/papuosalas\/obraczka-slubna-z-kwadratowymi-diamentami-nowoczesna-010-ct\/#breadcrumb\"},\"inLanguage\":\"pl-PL\",\"potentialAction\":[{\"@type\":\"ReadAction\",\"target\":[\"https:\/\/fashiongold.lt\/pl\/papuosalas\/obraczka-slubna-z-kwadratowymi-diamentami-nowoczesna-010-ct\/\"]}]},{\"@type\":\"ImageObject\",\"inLanguage\":\"pl-PL\",\"@id\":\"https:\/\/fashiongold.lt\/pl\/papuosalas\/obraczka-slubna-z-kwadratowymi-diamentami-nowoczesna-010-ct\/#primaryimage\",\"url\":\"https:\/\/fashiongold.lt\/wp-content\/uploads\/2025\/10\/582-b7c-Vestuvinis-ziedas-su-kvadratiniais-deimantais.jpg\",\"contentUrl\":\"https:\/\/fashiongold.lt\/wp-content\/uploads\/2025\/10\/582-b7c-Vestuvinis-ziedas-su-kvadratiniais-deimantais.jpg\",\"width\":500,\"height\":475},{\"@type\":\"BreadcrumbList\",\"@id\":\"https:\/\/fashiongold.lt\/pl\/papuosalas\/obraczka-slubna-z-kwadratowymi-diamentami-nowoczesna-010-ct\/#breadcrumb\",\"itemListElement\":[{\"@type\":\"ListItem\",\"position\":1,\"name\":\"Home\",\"item\":\"https:\/\/fashiongold.lt\/pl\/\"},{\"@type\":\"ListItem\",\"position\":2,\"name\":\"Sklep z diamentami Fashiongold.lt\",\"item\":\"https:\/\/fashiongold.lt\/shop-2\/\"},{\"@type\":\"ListItem\",\"position\":3,\"name\":\"Obr\u0105czka \u015blubna z kwadratowymi diamentami \u2013 Nowoczesna (0,10 ct)\"}]},{\"@type\":\"WebSite\",\"@id\":\"https:\/\/fashiongold.lt\/pl\/#website\",\"url\":\"https:\/\/fashiongold.lt\/pl\/\",\"name\":\"Fashion Gold\",\"description\":\"Juvelyrikos namai\",\"publisher\":{\"@id\":\"https:\/\/fashiongold.lt\/pl\/#organization\"},\"potentialAction\":[{\"@type\":\"SearchAction\",\"target\":{\"@type\":\"EntryPoint\",\"urlTemplate\":\"https:\/\/fashiongold.lt\/pl\/?s={search_term_string}\"},\"query-input\":{\"@type\":\"PropertyValueSpecification\",\"valueRequired\":true,\"valueName\":\"search_term_string\"}}],\"inLanguage\":\"pl-PL\"},{\"@type\":\"Organization\",\"@id\":\"https:\/\/fashiongold.lt\/pl\/#organization\",\"name\":\"Topdiamonds Online\",\"url\":\"https:\/\/fashiongold.lt\/pl\/\",\"logo\":{\"@type\":\"ImageObject\",\"inLanguage\":\"pl-PL\",\"@id\":\"https:\/\/fashiongold.lt\/pl\/#\/schema\/logo\/image\/\",\"url\":\"https:\/\/fashiongold.lt\/wp-content\/uploads\/2025\/04\/cropped-fashion_gold_logotipas2-scaled-1.png\",\"contentUrl\":\"https:\/\/fashiongold.lt\/wp-content\/uploads\/2025\/04\/cropped-fashion_gold_logotipas2-scaled-1.png\",\"width\":2559,\"height\":421,\"caption\":\"Topdiamonds Online\"},\"image\":{\"@id\":\"https:\/\/fashiongold.lt\/pl\/#\/schema\/logo\/image\/\"}}]}<\/script>\n<!-- \/ Yoast SEO plugin. -->","yoast_head_json":{"title":"Obr\u0105czka \u015blubna z kwadratowymi diamentami - Nowoczesna","description":"Wyj\u0105tkowa jako\u015b\u0107 i technologia \u2013 wykonane z utwardzanego z\u0142ota, kt\u00f3re jest odporne na mikrop\u0119kni\u0119cia, nie zawiera niklu oraz mniej si\u0119 rysuje. Bezp\u0142atna konsultacja.","robots":{"index":"index","follow":"follow","max-snippet":"max-snippet:-1","max-image-preview":"max-image-preview:large","max-video-preview":"max-video-preview:-1"},"canonical":"https:\/\/fashiongold.lt\/pl\/papuosalas\/obraczka-slubna-z-kwadratowymi-diamentami-nowoczesna-010-ct\/","og_locale":"pl_PL","og_type":"article","og_title":"Obr\u0105czka \u015blubna z kwadratowymi diamentami - Nowoczesna","og_description":"Wyj\u0105tkowa jako\u015b\u0107 i technologia \u2013 wykonane z utwardzanego z\u0142ota, kt\u00f3re jest odporne na mikrop\u0119kni\u0119cia, nie zawiera niklu oraz mniej si\u0119 rysuje. Bezp\u0142atna konsultacja.","og_url":"https:\/\/fashiongold.lt\/pl\/papuosalas\/obraczka-slubna-z-kwadratowymi-diamentami-nowoczesna-010-ct\/","og_site_name":"FashionGold.lt","og_image":[{"width":500,"height":475,"url":"https:\/\/fashiongold.lt\/wp-content\/uploads\/2025\/10\/582-b7c-Vestuvinis-ziedas-su-kvadratiniais-deimantais.webp","type":"image\/jpeg"}],"twitter_card":"summary_large_image","twitter_misc":{"Szacowany czas czytania":"1 minuta"},"schema":{"@context":"https:\/\/schema.org","@graph":[{"@type":"WebPage","@id":"https:\/\/fashiongold.lt\/pl\/papuosalas\/obraczka-slubna-z-kwadratowymi-diamentami-nowoczesna-010-ct\/","url":"https:\/\/fashiongold.lt\/pl\/papuosalas\/obraczka-slubna-z-kwadratowymi-diamentami-nowoczesna-010-ct\/","name":"Obr\u0105czka \u015blubna z kwadratowymi diamentami - Nowoczesna","isPartOf":{"@id":"https:\/\/fashiongold.lt\/pl\/#website"},"primaryImageOfPage":{"@id":"https:\/\/fashiongold.lt\/pl\/papuosalas\/obraczka-slubna-z-kwadratowymi-diamentami-nowoczesna-010-ct\/#primaryimage"},"image":{"@id":"https:\/\/fashiongold.lt\/pl\/papuosalas\/obraczka-slubna-z-kwadratowymi-diamentami-nowoczesna-010-ct\/#primaryimage"},"thumbnailUrl":"https:\/\/fashiongold.lt\/wp-content\/uploads\/2025\/10\/582-b7c-Vestuvinis-ziedas-su-kvadratiniais-deimantais.jpg","datePublished":"2025-10-09T17:18:15+00:00","description":"Wyj\u0105tkowa jako\u015b\u0107 i technologia \u2013 wykonane z utwardzanego z\u0142ota, kt\u00f3re jest odporne na mikrop\u0119kni\u0119cia, nie zawiera niklu oraz mniej si\u0119 rysuje. Bezp\u0142atna konsultacja.","breadcrumb":{"@id":"https:\/\/fashiongold.lt\/pl\/papuosalas\/obraczka-slubna-z-kwadratowymi-diamentami-nowoczesna-010-ct\/#breadcrumb"},"inLanguage":"pl-PL","potentialAction":[{"@type":"ReadAction","target":["https:\/\/fashiongold.lt\/pl\/papuosalas\/obraczka-slubna-z-kwadratowymi-diamentami-nowoczesna-010-ct\/"]}]},{"@type":"ImageObject","inLanguage":"pl-PL","@id":"https:\/\/fashiongold.lt\/pl\/papuosalas\/obraczka-slubna-z-kwadratowymi-diamentami-nowoczesna-010-ct\/#primaryimage","url":"https:\/\/fashiongold.lt\/wp-content\/uploads\/2025\/10\/582-b7c-Vestuvinis-ziedas-su-kvadratiniais-deimantais.jpg","contentUrl":"https:\/\/fashiongold.lt\/wp-content\/uploads\/2025\/10\/582-b7c-Vestuvinis-ziedas-su-kvadratiniais-deimantais.jpg","width":500,"height":475},{"@type":"BreadcrumbList","@id":"https:\/\/fashiongold.lt\/pl\/papuosalas\/obraczka-slubna-z-kwadratowymi-diamentami-nowoczesna-010-ct\/#breadcrumb","itemListElement":[{"@type":"ListItem","position":1,"name":"Home","item":"https:\/\/fashiongold.lt\/pl\/"},{"@type":"ListItem","position":2,"name":"Sklep z diamentami Fashiongold.lt","item":"https:\/\/fashiongold.lt\/shop-2\/"},{"@type":"ListItem","position":3,"name":"Obr\u0105czka \u015blubna z kwadratowymi diamentami \u2013 Nowoczesna (0,10 ct)"}]},{"@type":"WebSite","@id":"https:\/\/fashiongold.lt\/pl\/#website","url":"https:\/\/fashiongold.lt\/pl\/","name":"Fashion Gold","description":"Juvelyrikos namai","publisher":{"@id":"https:\/\/fashiongold.lt\/pl\/#organization"},"potentialAction":[{"@type":"SearchAction","target":{"@type":"EntryPoint","urlTemplate":"https:\/\/fashiongold.lt\/pl\/?s={search_term_string}"},"query-input":{"@type":"PropertyValueSpecification","valueRequired":true,"valueName":"search_term_string"}}],"inLanguage":"pl-PL"},{"@type":"Organization","@id":"https:\/\/fashiongold.lt\/pl\/#organization","name":"Topdiamonds Online","url":"https:\/\/fashiongold.lt\/pl\/","logo":{"@type":"ImageObject","inLanguage":"pl-PL","@id":"https:\/\/fashiongold.lt\/pl\/#\/schema\/logo\/image\/","url":"https:\/\/fashiongold.lt\/wp-content\/uploads\/2025\/04\/cropped-fashion_gold_logotipas2-scaled-1.png","contentUrl":"https:\/\/fashiongold.lt\/wp-content\/uploads\/2025\/04\/cropped-fashion_gold_logotipas2-scaled-1.png","width":2559,"height":421,"caption":"Topdiamonds Online"},"image":{"@id":"https:\/\/fashiongold.lt\/pl\/#\/schema\/logo\/image\/"}}]}},"_links":{"self":[{"href":"https:\/\/fashiongold.lt\/pl\/wp-json\/wp\/v2\/product\/285505","targetHints":{"allow":["GET"]}}],"collection":[{"href":"https:\/\/fashiongold.lt\/pl\/wp-json\/wp\/v2\/product"}],"about":[{"href":"https:\/\/fashiongold.lt\/pl\/wp-json\/wp\/v2\/types\/product"}],"version-history":[{"count":0,"href":"https:\/\/fashiongold.lt\/pl\/wp-json\/wp\/v2\/product\/285505\/revisions"}],"wp:featuredmedia":[{"embeddable":true,"href":"https:\/\/fashiongold.lt\/pl\/wp-json\/wp\/v2\/media\/45301"}],"wp:attachment":[{"href":"https:\/\/fashiongold.lt\/pl\/wp-json\/wp\/v2\/media?parent=285505"}],"wp:term":[{"taxonomy":"product_brand","embeddable":true,"href":"https:\/\/fashiongold.lt\/pl\/wp-json\/wp\/v2\/product_brand?post=285505"},{"taxonomy":"product_cat","embeddable":true,"href":"https:\/\/fashiongold.lt\/pl\/wp-json\/wp\/v2\/product_cat?post=285505"},{"taxonomy":"product_tag","embeddable":true,"href":"https:\/\/fashiongold.lt\/pl\/wp-json\/wp\/v2\/product_tag?post=285505"}],"curies":[{"name":"wp","href":"https:\/\/api.w.org\/{rel}","templated":true}]}}