{"id":285545,"date":"2025-10-09T17:17:03","date_gmt":"2025-10-09T17:17:03","guid":{"rendered":"https:\/\/fashiongold.lt\/papuosalas\/obraczka-slubna-z-diamentem-princess-ii-025-ct\/"},"modified":"2025-10-09T17:17:03","modified_gmt":"2025-10-09T17:17:03","slug":"obraczka-slubna-z-diamentem-princess-ii-025-ct","status":"publish","type":"product","link":"https:\/\/fashiongold.lt\/pl\/papuosalas\/obraczka-slubna-z-diamentem-princess-ii-025-ct\/","title":{"rendered":"Obr\u0105czka \u015blubna z diamentem Princess II (0,25 ct)"},"content":{"rendered":"<p>\u201eGerstner\u201d, niemiecki producent obr\u0105czek \u015blubnych z 150-letnim do\u015bwiadczeniem, oferuje obr\u0105czki najwy\u017cszej jako\u015bci. Obr\u0105czki \u015blubne o niepowtarzalnym pi\u0119knie, wyj\u0105tkowym stylu, wysokiej jako\u015bci, z soczewk\u0105 (komfortowym wyprofilowaniem). Doskona\u0142y wyb\u00f3r odzwierciedlaj\u0105cy Wasz\u0105 histori\u0119 mi\u0142osn\u0105. Ich technologia wyr\u00f3\u017cnia si\u0119 \u2013 obr\u0105czki \u015blubne s\u0105 wykonane z utwardzanego z\u0142ota, kt\u00f3re jest odporne na mikrop\u0119kni\u0119cia, nie zawiera niklu i mniej si\u0119 rysuje. Obr\u0105czka mo\u017ce zosta\u0107 wykonana na zam\u00f3wienie: z r\u00f3\u017cowego, \u017c\u00f3\u0142tego lub bia\u0142ego z\u0142ota, za dodatkow\u0105 op\u0142at\u0105, w r\u00f3\u017cnych szeroko\u015bciach lub z diamentami.<\/p>\n<p>\u2022 Z\u0142oto obr\u0105czki: 14 K (pr\u00f3ba 585), mo\u017cemy wykona\u0107 z 10K (pr\u00f3ba 375), 18K (pr\u00f3ba 750), Pt600, Pt950       <\/p>\n<p>\u2022 Kolor obr\u0105czki: do wyboru bia\u0142e, \u017c\u00f3\u0142te, r\u00f3\u017cowe z\u0142oto lub z kraw\u0119dziami w innym kolorze.         <\/p>\n<p>\u2022 Waga pary obr\u0105czek (zale\u017cy od rozmiaru i pr\u00f3by): wed\u0142ug stanu faktycznego         <\/p>\n<p>\u2022 Wymiary obr\u0105czki: szeroko\u015b\u0107 3,7 mm, wysoko\u015b\u0107 2,1 mm (mo\u017cliwo\u015b\u0107 zmiany)     <\/p>\n<p>\u2022 Soczewka (komfortowe wyprofilowanie): tak   <\/p>\n<p>\u2022 Rodzaj diamentu: Naturalny diament (mo\u017cliwo\u015b\u0107 zmiany)          <\/p>\n<p>\u2022 Kszta\u0142t diamentu: Diament o szlifie kwadratowym (Princess) (mo\u017cliwo\u015b\u0107 zmiany)          <\/p>\n<p>\u2022 Charakterystyka diamentu: 0,25 ct (kolor RW-W, G-H, czysto\u015b\u0107 VS-SI) (mo\u017cliwo\u015b\u0107 zmiany)       <\/p>\n<p>\u2022 Certyfikat: Litewski Urz\u0105d Probierczy (LPR) oraz firmy Gerstner     <\/p>\n<p>\u2022 Grawerowanie gratis <\/p>\n<p>\u2022 Jednorazowa bezp\u0142atna gwarancja zmiany rozmiaru obr\u0105czki <\/p>\n<p>\u2022 Termin wykonania i dostawy od 14 dni roboczych, w trybie pilnym w ci\u0105gu 3 dni roboczych <\/p>\n<p><strong>Masz w\u0142asne z\u0142oto? Skontaktuj si\u0119 z nami, przeliczymy cen\u0119 \u2013 zap\u0142acisz tylko za wykonanie obr\u0105czek.<\/strong><\/p>\n","protected":false},"excerpt":{"rendered":"<p>Obr\u0105czka \u015blubna 3,7 mm z wyj\u0105tkowej urody diamentem o masie 0,25 karata o szlifie Princess (kwadratowym). Niemiecka jako\u015b\u0107 firmy \u201eGerstner\u201d \u2013 najwy\u017csza jako\u015b\u0107 i r\u0119czne wykonanie. Prosta forma z zewn\u0105trz i minimalna wewn\u0119trzna strefa komfortu zapewniaj\u0105 maksymaln\u0105 wygod\u0119 w codziennym noszeniu.<\/p>\n","protected":false},"featured_media":45089,"template":"","meta":{"site-sidebar-layout":"","site-content-layout":"","ast-site-content-layout":"","site-content-style":"","site-sidebar-style":"","ast-global-header-display":"","ast-banner-title-visibility":"","ast-main-header-display":"","ast-hfb-above-header-display":"","ast-hfb-below-header-display":"","ast-hfb-mobile-header-display":"","site-post-title":"","ast-breadcrumbs-content":"","ast-featured-img":"","footer-sml-layout":"","ast-disable-related-posts":"","theme-transparent-header-meta":"","adv-header-id-meta":"","stick-header-meta":"","header-above-stick-meta":"","header-main-stick-meta":"","header-below-stick-meta":"","astra-migrate-meta-layouts":"default","ast-page-background-enabled":"default","ast-page-background-meta":{"desktop":{"background-color":"var(--ast-global-color-4)","background-image":"","background-repeat":"repeat","background-position":"center center","background-size":"auto","background-attachment":"scroll","background-type":"","background-media":"","overlay-type":"","overlay-color":"","overlay-opacity":"","overlay-gradient":""},"tablet":{"background-color":"","background-image":"","background-repeat":"repeat","background-position":"center center","background-size":"auto","background-attachment":"scroll","background-type":"","background-media":"","overlay-type":"","overlay-color":"","overlay-opacity":"","overlay-gradient":""},"mobile":{"background-color":"","background-image":"","background-repeat":"repeat","background-position":"center center","background-size":"auto","background-attachment":"scroll","background-type":"","background-media":"","overlay-type":"","overlay-color":"","overlay-opacity":"","overlay-gradient":""}},"ast-content-background-meta":{"desktop":{"background-color":"var(--ast-global-color-5)","background-image":"","background-repeat":"repeat","background-position":"center center","background-size":"auto","background-attachment":"scroll","background-type":"","background-media":"","overlay-type":"","overlay-color":"","overlay-opacity":"","overlay-gradient":""},"tablet":{"background-color":"var(--ast-global-color-5)","background-image":"","background-repeat":"repeat","background-position":"center center","background-size":"auto","background-attachment":"scroll","background-type":"","background-media":"","overlay-type":"","overlay-color":"","overlay-opacity":"","overlay-gradient":""},"mobile":{"background-color":"var(--ast-global-color-5)","background-image":"","background-repeat":"repeat","background-position":"center center","background-size":"auto","background-attachment":"scroll","background-type":"","background-media":"","overlay-type":"","overlay-color":"","overlay-opacity":"","overlay-gradient":""}}},"product_brand":[],"product_cat":[3373,3813,3306,3303,3305],"product_tag":[],"class_list":{"0":"post-285545","1":"product","2":"type-product","3":"status-publish","4":"has-post-thumbnail","6":"product_cat-damskie-obraczki-slubne","7":"product_cat-niemieckie-obraczki-slubne-gerstner","8":"product_cat-nowoczesne-obraczki-slubne","9":"product_cat-obraczki-slubne","10":"product_cat-obraczki-slubne-z-diamentami","11":"desktop-align-center","12":"tablet-align-left","13":"mobile-align-left","14":"ast-product-gallery-layout-horizontal-slider","15":"ast-product-gallery-with-no-image","16":"ast-product-single-variable","17":"ast-product-tabs-layout-accordion","18":"ast-qv-on-image","20":"first","21":"instock","22":"taxable","23":"shipping-taxable","24":"purchasable","25":"product-type-variable"},"yoast_head":"<!-- This site is optimized with the Yoast SEO plugin v26.6 - https:\/\/yoast.com\/wordpress\/plugins\/seo\/ -->\n<title>Obr\u0105czka \u015blubna z diamentem Princess III FashionGold.lt<\/title>\n<meta name=\"description\" content=\"Obr\u0105czka \u015blubna 3,7 mm z wyj\u0105tkowej urody diamentem o masie 0,25 karata o szlifie Princess (kwadratowym). Niemiecka jako\u015b\u0107 firmy \u201eGerstner\u201d \u2013 najwy\u017csza jako\u015b\u0107.\" \/>\n<meta name=\"robots\" content=\"index, follow, max-snippet:-1, max-image-preview:large, max-video-preview:-1\" \/>\n<link rel=\"canonical\" href=\"https:\/\/fashiongold.lt\/pl\/papuosalas\/obraczka-slubna-z-diamentem-princess-ii-025-ct\/\" \/>\n<meta property=\"og:locale\" content=\"pl_PL\" \/>\n<meta property=\"og:type\" content=\"article\" \/>\n<meta property=\"og:title\" content=\"Obr\u0105czka \u015blubna z diamentem Princess III FashionGold.lt\" \/>\n<meta property=\"og:description\" content=\"Obr\u0105czka \u015blubna 3,7 mm z wyj\u0105tkowej urody diamentem o masie 0,25 karata o szlifie Princess (kwadratowym). Niemiecka jako\u015b\u0107 firmy \u201eGerstner\u201d \u2013 najwy\u017csza jako\u015b\u0107.\" \/>\n<meta property=\"og:url\" content=\"https:\/\/fashiongold.lt\/pl\/papuosalas\/obraczka-slubna-z-diamentem-princess-ii-025-ct\/\" \/>\n<meta property=\"og:site_name\" content=\"FashionGold.lt\" \/>\n<meta property=\"og:image\" content=\"https:\/\/fashiongold.lt\/wp-content\/uploads\/2025\/10\/9919-356-Vestuvinis-ziedas-su-Princess-deimantu-II.webp\" \/>\n\t<meta property=\"og:image:width\" content=\"1000\" \/>\n\t<meta property=\"og:image:height\" content=\"1000\" \/>\n\t<meta property=\"og:image:type\" content=\"image\/png\" \/>\n<meta name=\"twitter:card\" content=\"summary_large_image\" \/>\n<meta name=\"twitter:label1\" content=\"Szacowany czas czytania\" \/>\n\t<meta name=\"twitter:data1\" content=\"1 minuta\" \/>\n<script type=\"application\/ld+json\" class=\"yoast-schema-graph\">{\"@context\":\"https:\/\/schema.org\",\"@graph\":[{\"@type\":\"WebPage\",\"@id\":\"https:\/\/fashiongold.lt\/pl\/papuosalas\/obraczka-slubna-z-diamentem-princess-ii-025-ct\/\",\"url\":\"https:\/\/fashiongold.lt\/pl\/papuosalas\/obraczka-slubna-z-diamentem-princess-ii-025-ct\/\",\"name\":\"Obr\u0105czka \u015blubna z diamentem Princess III FashionGold.lt\",\"isPartOf\":{\"@id\":\"https:\/\/fashiongold.lt\/pl\/#website\"},\"primaryImageOfPage\":{\"@id\":\"https:\/\/fashiongold.lt\/pl\/papuosalas\/obraczka-slubna-z-diamentem-princess-ii-025-ct\/#primaryimage\"},\"image\":{\"@id\":\"https:\/\/fashiongold.lt\/pl\/papuosalas\/obraczka-slubna-z-diamentem-princess-ii-025-ct\/#primaryimage\"},\"thumbnailUrl\":\"https:\/\/fashiongold.lt\/wp-content\/uploads\/2025\/10\/9919-356-Vestuvinis-ziedas-su-Princess-deimantu-II.png\",\"datePublished\":\"2025-10-09T17:17:03+00:00\",\"description\":\"Obr\u0105czka \u015blubna 3,7 mm z wyj\u0105tkowej urody diamentem o masie 0,25 karata o szlifie Princess (kwadratowym). Niemiecka jako\u015b\u0107 firmy \u201eGerstner\u201d \u2013 najwy\u017csza jako\u015b\u0107.\",\"breadcrumb\":{\"@id\":\"https:\/\/fashiongold.lt\/pl\/papuosalas\/obraczka-slubna-z-diamentem-princess-ii-025-ct\/#breadcrumb\"},\"inLanguage\":\"pl-PL\",\"potentialAction\":[{\"@type\":\"ReadAction\",\"target\":[\"https:\/\/fashiongold.lt\/pl\/papuosalas\/obraczka-slubna-z-diamentem-princess-ii-025-ct\/\"]}]},{\"@type\":\"ImageObject\",\"inLanguage\":\"pl-PL\",\"@id\":\"https:\/\/fashiongold.lt\/pl\/papuosalas\/obraczka-slubna-z-diamentem-princess-ii-025-ct\/#primaryimage\",\"url\":\"https:\/\/fashiongold.lt\/wp-content\/uploads\/2025\/10\/9919-356-Vestuvinis-ziedas-su-Princess-deimantu-II.png\",\"contentUrl\":\"https:\/\/fashiongold.lt\/wp-content\/uploads\/2025\/10\/9919-356-Vestuvinis-ziedas-su-Princess-deimantu-II.png\",\"width\":1000,\"height\":1000},{\"@type\":\"BreadcrumbList\",\"@id\":\"https:\/\/fashiongold.lt\/pl\/papuosalas\/obraczka-slubna-z-diamentem-princess-ii-025-ct\/#breadcrumb\",\"itemListElement\":[{\"@type\":\"ListItem\",\"position\":1,\"name\":\"Home\",\"item\":\"https:\/\/fashiongold.lt\/pl\/\"},{\"@type\":\"ListItem\",\"position\":2,\"name\":\"Sklep z diamentami Fashiongold.lt\",\"item\":\"https:\/\/fashiongold.lt\/shop-2\/\"},{\"@type\":\"ListItem\",\"position\":3,\"name\":\"Obr\u0105czka \u015blubna z diamentem Princess II (0,25 ct)\"}]},{\"@type\":\"WebSite\",\"@id\":\"https:\/\/fashiongold.lt\/pl\/#website\",\"url\":\"https:\/\/fashiongold.lt\/pl\/\",\"name\":\"Fashion Gold\",\"description\":\"Juvelyrikos namai\",\"publisher\":{\"@id\":\"https:\/\/fashiongold.lt\/pl\/#organization\"},\"potentialAction\":[{\"@type\":\"SearchAction\",\"target\":{\"@type\":\"EntryPoint\",\"urlTemplate\":\"https:\/\/fashiongold.lt\/pl\/?s={search_term_string}\"},\"query-input\":{\"@type\":\"PropertyValueSpecification\",\"valueRequired\":true,\"valueName\":\"search_term_string\"}}],\"inLanguage\":\"pl-PL\"},{\"@type\":\"Organization\",\"@id\":\"https:\/\/fashiongold.lt\/pl\/#organization\",\"name\":\"Topdiamonds Online\",\"url\":\"https:\/\/fashiongold.lt\/pl\/\",\"logo\":{\"@type\":\"ImageObject\",\"inLanguage\":\"pl-PL\",\"@id\":\"https:\/\/fashiongold.lt\/pl\/#\/schema\/logo\/image\/\",\"url\":\"https:\/\/fashiongold.lt\/wp-content\/uploads\/2025\/04\/cropped-fashion_gold_logotipas2-scaled-1.png\",\"contentUrl\":\"https:\/\/fashiongold.lt\/wp-content\/uploads\/2025\/04\/cropped-fashion_gold_logotipas2-scaled-1.png\",\"width\":2559,\"height\":421,\"caption\":\"Topdiamonds Online\"},\"image\":{\"@id\":\"https:\/\/fashiongold.lt\/pl\/#\/schema\/logo\/image\/\"}}]}<\/script>\n<!-- \/ Yoast SEO plugin. -->","yoast_head_json":{"title":"Obr\u0105czka \u015blubna z diamentem Princess III FashionGold.lt","description":"Obr\u0105czka \u015blubna 3,7 mm z wyj\u0105tkowej urody diamentem o masie 0,25 karata o szlifie Princess (kwadratowym). Niemiecka jako\u015b\u0107 firmy \u201eGerstner\u201d \u2013 najwy\u017csza jako\u015b\u0107.","robots":{"index":"index","follow":"follow","max-snippet":"max-snippet:-1","max-image-preview":"max-image-preview:large","max-video-preview":"max-video-preview:-1"},"canonical":"https:\/\/fashiongold.lt\/pl\/papuosalas\/obraczka-slubna-z-diamentem-princess-ii-025-ct\/","og_locale":"pl_PL","og_type":"article","og_title":"Obr\u0105czka \u015blubna z diamentem Princess III FashionGold.lt","og_description":"Obr\u0105czka \u015blubna 3,7 mm z wyj\u0105tkowej urody diamentem o masie 0,25 karata o szlifie Princess (kwadratowym). Niemiecka jako\u015b\u0107 firmy \u201eGerstner\u201d \u2013 najwy\u017csza jako\u015b\u0107.","og_url":"https:\/\/fashiongold.lt\/pl\/papuosalas\/obraczka-slubna-z-diamentem-princess-ii-025-ct\/","og_site_name":"FashionGold.lt","og_image":[{"width":1000,"height":1000,"url":"https:\/\/fashiongold.lt\/wp-content\/uploads\/2025\/10\/9919-356-Vestuvinis-ziedas-su-Princess-deimantu-II.webp","type":"image\/png"}],"twitter_card":"summary_large_image","twitter_misc":{"Szacowany czas czytania":"1 minuta"},"schema":{"@context":"https:\/\/schema.org","@graph":[{"@type":"WebPage","@id":"https:\/\/fashiongold.lt\/pl\/papuosalas\/obraczka-slubna-z-diamentem-princess-ii-025-ct\/","url":"https:\/\/fashiongold.lt\/pl\/papuosalas\/obraczka-slubna-z-diamentem-princess-ii-025-ct\/","name":"Obr\u0105czka \u015blubna z diamentem Princess III FashionGold.lt","isPartOf":{"@id":"https:\/\/fashiongold.lt\/pl\/#website"},"primaryImageOfPage":{"@id":"https:\/\/fashiongold.lt\/pl\/papuosalas\/obraczka-slubna-z-diamentem-princess-ii-025-ct\/#primaryimage"},"image":{"@id":"https:\/\/fashiongold.lt\/pl\/papuosalas\/obraczka-slubna-z-diamentem-princess-ii-025-ct\/#primaryimage"},"thumbnailUrl":"https:\/\/fashiongold.lt\/wp-content\/uploads\/2025\/10\/9919-356-Vestuvinis-ziedas-su-Princess-deimantu-II.png","datePublished":"2025-10-09T17:17:03+00:00","description":"Obr\u0105czka \u015blubna 3,7 mm z wyj\u0105tkowej urody diamentem o masie 0,25 karata o szlifie Princess (kwadratowym). Niemiecka jako\u015b\u0107 firmy \u201eGerstner\u201d \u2013 najwy\u017csza jako\u015b\u0107.","breadcrumb":{"@id":"https:\/\/fashiongold.lt\/pl\/papuosalas\/obraczka-slubna-z-diamentem-princess-ii-025-ct\/#breadcrumb"},"inLanguage":"pl-PL","potentialAction":[{"@type":"ReadAction","target":["https:\/\/fashiongold.lt\/pl\/papuosalas\/obraczka-slubna-z-diamentem-princess-ii-025-ct\/"]}]},{"@type":"ImageObject","inLanguage":"pl-PL","@id":"https:\/\/fashiongold.lt\/pl\/papuosalas\/obraczka-slubna-z-diamentem-princess-ii-025-ct\/#primaryimage","url":"https:\/\/fashiongold.lt\/wp-content\/uploads\/2025\/10\/9919-356-Vestuvinis-ziedas-su-Princess-deimantu-II.png","contentUrl":"https:\/\/fashiongold.lt\/wp-content\/uploads\/2025\/10\/9919-356-Vestuvinis-ziedas-su-Princess-deimantu-II.png","width":1000,"height":1000},{"@type":"BreadcrumbList","@id":"https:\/\/fashiongold.lt\/pl\/papuosalas\/obraczka-slubna-z-diamentem-princess-ii-025-ct\/#breadcrumb","itemListElement":[{"@type":"ListItem","position":1,"name":"Home","item":"https:\/\/fashiongold.lt\/pl\/"},{"@type":"ListItem","position":2,"name":"Sklep z diamentami Fashiongold.lt","item":"https:\/\/fashiongold.lt\/shop-2\/"},{"@type":"ListItem","position":3,"name":"Obr\u0105czka \u015blubna z diamentem Princess II (0,25 ct)"}]},{"@type":"WebSite","@id":"https:\/\/fashiongold.lt\/pl\/#website","url":"https:\/\/fashiongold.lt\/pl\/","name":"Fashion Gold","description":"Juvelyrikos namai","publisher":{"@id":"https:\/\/fashiongold.lt\/pl\/#organization"},"potentialAction":[{"@type":"SearchAction","target":{"@type":"EntryPoint","urlTemplate":"https:\/\/fashiongold.lt\/pl\/?s={search_term_string}"},"query-input":{"@type":"PropertyValueSpecification","valueRequired":true,"valueName":"search_term_string"}}],"inLanguage":"pl-PL"},{"@type":"Organization","@id":"https:\/\/fashiongold.lt\/pl\/#organization","name":"Topdiamonds Online","url":"https:\/\/fashiongold.lt\/pl\/","logo":{"@type":"ImageObject","inLanguage":"pl-PL","@id":"https:\/\/fashiongold.lt\/pl\/#\/schema\/logo\/image\/","url":"https:\/\/fashiongold.lt\/wp-content\/uploads\/2025\/04\/cropped-fashion_gold_logotipas2-scaled-1.png","contentUrl":"https:\/\/fashiongold.lt\/wp-content\/uploads\/2025\/04\/cropped-fashion_gold_logotipas2-scaled-1.png","width":2559,"height":421,"caption":"Topdiamonds Online"},"image":{"@id":"https:\/\/fashiongold.lt\/pl\/#\/schema\/logo\/image\/"}}]}},"_links":{"self":[{"href":"https:\/\/fashiongold.lt\/pl\/wp-json\/wp\/v2\/product\/285545","targetHints":{"allow":["GET"]}}],"collection":[{"href":"https:\/\/fashiongold.lt\/pl\/wp-json\/wp\/v2\/product"}],"about":[{"href":"https:\/\/fashiongold.lt\/pl\/wp-json\/wp\/v2\/types\/product"}],"version-history":[{"count":0,"href":"https:\/\/fashiongold.lt\/pl\/wp-json\/wp\/v2\/product\/285545\/revisions"}],"wp:featuredmedia":[{"embeddable":true,"href":"https:\/\/fashiongold.lt\/pl\/wp-json\/wp\/v2\/media\/45089"}],"wp:attachment":[{"href":"https:\/\/fashiongold.lt\/pl\/wp-json\/wp\/v2\/media?parent=285545"}],"wp:term":[{"taxonomy":"product_brand","embeddable":true,"href":"https:\/\/fashiongold.lt\/pl\/wp-json\/wp\/v2\/product_brand?post=285545"},{"taxonomy":"product_cat","embeddable":true,"href":"https:\/\/fashiongold.lt\/pl\/wp-json\/wp\/v2\/product_cat?post=285545"},{"taxonomy":"product_tag","embeddable":true,"href":"https:\/\/fashiongold.lt\/pl\/wp-json\/wp\/v2\/product_tag?post=285545"}],"curies":[{"name":"wp","href":"https:\/\/api.w.org\/{rel}","templated":true}]}}