{"id":285560,"date":"2025-10-09T17:17:02","date_gmt":"2025-10-09T17:17:02","guid":{"rendered":"https:\/\/fashiongold.lt\/papuosalas\/obraczka-slubna-gerstner-bez-diamentow-wiosna\/"},"modified":"2025-10-09T17:17:02","modified_gmt":"2025-10-09T17:17:02","slug":"obraczka-slubna-gerstner-bez-diamentow-wiosna","status":"publish","type":"product","link":"https:\/\/fashiongold.lt\/pl\/papuosalas\/obraczka-slubna-gerstner-bez-diamentow-wiosna\/","title":{"rendered":"Obr\u0105czka \u015blubna Gerstner bez diament\u00f3w \u2013 Wiosna"},"content":{"rendered":"<p>\u201eGerstner\u201d, niemiecki producent obr\u0105czek \u015blubnych ze 150-letnim do\u015bwiadczeniem, oferuje pier\u015bcionki najwy\u017cszej jako\u015bci. Obr\u0105czki \u015blubne o niepowtarzalnym pi\u0119knie, wyj\u0105tkowym stylu, wysokiej jako\u015bci, z soczewk\u0105 (komfortowym dopasowaniem). Doskona\u0142y wyb\u00f3r, odzwierciedlaj\u0105cy Wasz\u0105 histori\u0119 mi\u0142o\u015bci. Ich technologia jest wyj\u0105tkowa \u2013 obr\u0105czki wykonane s\u0105 z hartowanego z\u0142ota, kt\u00f3re jest odporne na mikrop\u0119kni\u0119cia, nie zawiera niklu i mniej si\u0119 rysuje. Obr\u0105czka mo\u017ce by\u0107 wykonana na zam\u00f3wienie: z czerwonego, \u017c\u00f3\u0142tego i bia\u0142ego z\u0142ota, za dodatkow\u0105 op\u0142at\u0105, o r\u00f3\u017cnych szeroko\u015bciach lub z diamentami.<\/p>\n<p>\u2022 Z\u0142oto obr\u0105czki: 14 K (pr\u00f3ba 585), mo\u017cemy wykona\u0107 z 10K (pr\u00f3ba 375), 18K (pr\u00f3ba 750), Pt600, Pt950<\/p>\n<p>\u2022 Kolor obr\u0105czki: do wyboru bia\u0142e, \u017c\u00f3\u0142te, czerwone z\u0142oto lub z kraw\u0119dziami w innym kolorze.<\/p>\n<p>\u2022 Waga pary obr\u0105czek (zale\u017cy od rozmiaru i pr\u00f3by): zgodnie z wag\u0105 faktyczn\u0105<\/p>\n<p>\u2022 Wymiary obr\u0105czki: szeroko\u015b\u0107 4 mm, wysoko\u015b\u0107 1,5 mm (mo\u017cliwo\u015b\u0107 zmiany)<\/p>\n<p>\u2022 Profil komfortowy (soczewka): tak<\/p>\n<p>\u2022 Rodzaj diamentu: brak (mo\u017cliwo\u015b\u0107 zmiany)<\/p>\n<p>\u2022 Kszta\u0142t diamentu: brak (mo\u017cliwo\u015b\u0107 zmiany)<\/p>\n<p>\u2022 Charakterystyka diamentu: brak (mo\u017cliwo\u015b\u0107 zmiany)<\/p>\n<p>\u2022 Certyfikat: Litewska Izba Probiercza (LPR) i firmy Gerstner<\/p>\n<p>\u2022 Grawerowanie gratis<\/p>\n<p>\u2022 Jednorazowa bezp\u0142atna gwarancja zmiany rozmiaru obr\u0105czki<\/p>\n<p>\u2022 Czas produkcji i dostawy od 14 dni roboczych, w trybie pilnym w ci\u0105gu 3 dni roboczych.<\/p>\n<p><strong>Masz w\u0142asne z\u0142oto? Skontaktuj si\u0119 z nami, przeliczymy cen\u0119 \u2013 zap\u0142acisz tylko za wykonanie obr\u0105czek.<\/strong><\/p>\n","protected":false},"excerpt":{"rendered":"<p>Obr\u0105czka \u015blubna o matowej teksturze, 4 mm. Niemiecka jako\u015b\u0107 firmy \u201eGerstner\u201d \u2013 najwy\u017csza jako\u015b\u0107 i praca r\u0119czna. Lekko wypuk\u0142y kszta\u0142t na zewn\u0105trz oraz maksymalnie wyprofilowana wewn\u0119trzna strefa komfortu zapewniaj\u0105 maksymaln\u0105 wygod\u0119 podczas codziennego noszenia.<\/p>\n","protected":false},"featured_media":44982,"template":"","meta":{"site-sidebar-layout":"","site-content-layout":"","ast-site-content-layout":"","site-content-style":"","site-sidebar-style":"","ast-global-header-display":"","ast-banner-title-visibility":"","ast-main-header-display":"","ast-hfb-above-header-display":"","ast-hfb-below-header-display":"","ast-hfb-mobile-header-display":"","site-post-title":"","ast-breadcrumbs-content":"","ast-featured-img":"","footer-sml-layout":"","ast-disable-related-posts":"","theme-transparent-header-meta":"","adv-header-id-meta":"","stick-header-meta":"","header-above-stick-meta":"","header-main-stick-meta":"","header-below-stick-meta":"","astra-migrate-meta-layouts":"default","ast-page-background-enabled":"default","ast-page-background-meta":{"desktop":{"background-color":"var(--ast-global-color-4)","background-image":"","background-repeat":"repeat","background-position":"center center","background-size":"auto","background-attachment":"scroll","background-type":"","background-media":"","overlay-type":"","overlay-color":"","overlay-opacity":"","overlay-gradient":""},"tablet":{"background-color":"","background-image":"","background-repeat":"repeat","background-position":"center center","background-size":"auto","background-attachment":"scroll","background-type":"","background-media":"","overlay-type":"","overlay-color":"","overlay-opacity":"","overlay-gradient":""},"mobile":{"background-color":"","background-image":"","background-repeat":"repeat","background-position":"center center","background-size":"auto","background-attachment":"scroll","background-type":"","background-media":"","overlay-type":"","overlay-color":"","overlay-opacity":"","overlay-gradient":""}},"ast-content-background-meta":{"desktop":{"background-color":"var(--ast-global-color-5)","background-image":"","background-repeat":"repeat","background-position":"center center","background-size":"auto","background-attachment":"scroll","background-type":"","background-media":"","overlay-type":"","overlay-color":"","overlay-opacity":"","overlay-gradient":""},"tablet":{"background-color":"var(--ast-global-color-5)","background-image":"","background-repeat":"repeat","background-position":"center center","background-size":"auto","background-attachment":"scroll","background-type":"","background-media":"","overlay-type":"","overlay-color":"","overlay-opacity":"","overlay-gradient":""},"mobile":{"background-color":"var(--ast-global-color-5)","background-image":"","background-repeat":"repeat","background-position":"center center","background-size":"auto","background-attachment":"scroll","background-type":"","background-media":"","overlay-type":"","overlay-color":"","overlay-opacity":"","overlay-gradient":""}}},"product_brand":[],"product_cat":[3770,3813,3306,3303],"product_tag":[],"class_list":{"0":"post-285560","1":"product","2":"type-product","3":"status-publish","4":"has-post-thumbnail","6":"product_cat-meskie-obraczki-slubne","7":"product_cat-niemieckie-obraczki-slubne-gerstner","8":"product_cat-nowoczesne-obraczki-slubne","9":"product_cat-obraczki-slubne","10":"desktop-align-center","11":"tablet-align-left","12":"mobile-align-left","13":"ast-product-gallery-layout-horizontal-slider","14":"ast-product-gallery-with-no-image","15":"ast-product-single-variable","16":"ast-product-tabs-layout-accordion","17":"ast-qv-on-image","19":"first","20":"instock","21":"taxable","22":"shipping-taxable","23":"purchasable","24":"product-type-variable"},"yoast_head":"<!-- This site is optimized with the Yoast SEO plugin v26.6 - https:\/\/yoast.com\/wordpress\/plugins\/seo\/ -->\n<title>Obr\u0105czka \u015blubna Gerstner bez diament\u00f3w - Wiosna I FashionGold.lt<\/title>\n<meta name=\"description\" content=\"Obr\u0105czka \u015blubna o matowej teksturze, 4 mm. Niemiecka jako\u015b\u0107 od firmy \u201eGerstner\u201d \u2013 najwy\u017csza jako\u015b\u0107 i r\u0119czne wykonanie. Maksymalny komfort.\" \/>\n<meta name=\"robots\" content=\"index, follow, max-snippet:-1, max-image-preview:large, max-video-preview:-1\" \/>\n<link rel=\"canonical\" href=\"https:\/\/fashiongold.lt\/pl\/papuosalas\/obraczka-slubna-gerstner-bez-diamentow-wiosna\/\" \/>\n<meta property=\"og:locale\" content=\"pl_PL\" \/>\n<meta property=\"og:type\" content=\"article\" \/>\n<meta property=\"og:title\" content=\"Obr\u0105czka \u015blubna Gerstner bez diament\u00f3w - Wiosna I FashionGold.lt\" \/>\n<meta property=\"og:description\" content=\"Obr\u0105czka \u015blubna o matowej teksturze, 4 mm. Niemiecka jako\u015b\u0107 od firmy \u201eGerstner\u201d \u2013 najwy\u017csza jako\u015b\u0107 i r\u0119czne wykonanie. Maksymalny komfort.\" \/>\n<meta property=\"og:url\" content=\"https:\/\/fashiongold.lt\/pl\/papuosalas\/obraczka-slubna-gerstner-bez-diamentow-wiosna\/\" \/>\n<meta property=\"og:site_name\" content=\"FashionGold.lt\" \/>\n<meta property=\"og:image\" content=\"https:\/\/fashiongold.lt\/wp-content\/uploads\/2025\/10\/9887-154-Gerstner-vestuvinis-ziedas-be-deimantu-Pavasaris.webp\" \/>\n\t<meta property=\"og:image:width\" content=\"1000\" \/>\n\t<meta property=\"og:image:height\" content=\"1000\" \/>\n\t<meta property=\"og:image:type\" content=\"image\/png\" \/>\n<meta name=\"twitter:card\" content=\"summary_large_image\" \/>\n<meta name=\"twitter:label1\" content=\"Szacowany czas czytania\" \/>\n\t<meta name=\"twitter:data1\" content=\"1 minuta\" \/>\n<script type=\"application\/ld+json\" class=\"yoast-schema-graph\">{\"@context\":\"https:\/\/schema.org\",\"@graph\":[{\"@type\":\"WebPage\",\"@id\":\"https:\/\/fashiongold.lt\/pl\/papuosalas\/obraczka-slubna-gerstner-bez-diamentow-wiosna\/\",\"url\":\"https:\/\/fashiongold.lt\/pl\/papuosalas\/obraczka-slubna-gerstner-bez-diamentow-wiosna\/\",\"name\":\"Obr\u0105czka \u015blubna Gerstner bez diament\u00f3w - Wiosna I FashionGold.lt\",\"isPartOf\":{\"@id\":\"https:\/\/fashiongold.lt\/pl\/#website\"},\"primaryImageOfPage\":{\"@id\":\"https:\/\/fashiongold.lt\/pl\/papuosalas\/obraczka-slubna-gerstner-bez-diamentow-wiosna\/#primaryimage\"},\"image\":{\"@id\":\"https:\/\/fashiongold.lt\/pl\/papuosalas\/obraczka-slubna-gerstner-bez-diamentow-wiosna\/#primaryimage\"},\"thumbnailUrl\":\"https:\/\/fashiongold.lt\/wp-content\/uploads\/2025\/10\/9887-154-Gerstner-vestuvinis-ziedas-be-deimantu-Pavasaris.png\",\"datePublished\":\"2025-10-09T17:17:02+00:00\",\"description\":\"Obr\u0105czka \u015blubna o matowej teksturze, 4 mm. Niemiecka jako\u015b\u0107 od firmy \u201eGerstner\u201d \u2013 najwy\u017csza jako\u015b\u0107 i r\u0119czne wykonanie. Maksymalny komfort.\",\"breadcrumb\":{\"@id\":\"https:\/\/fashiongold.lt\/pl\/papuosalas\/obraczka-slubna-gerstner-bez-diamentow-wiosna\/#breadcrumb\"},\"inLanguage\":\"pl-PL\",\"potentialAction\":[{\"@type\":\"ReadAction\",\"target\":[\"https:\/\/fashiongold.lt\/pl\/papuosalas\/obraczka-slubna-gerstner-bez-diamentow-wiosna\/\"]}]},{\"@type\":\"ImageObject\",\"inLanguage\":\"pl-PL\",\"@id\":\"https:\/\/fashiongold.lt\/pl\/papuosalas\/obraczka-slubna-gerstner-bez-diamentow-wiosna\/#primaryimage\",\"url\":\"https:\/\/fashiongold.lt\/wp-content\/uploads\/2025\/10\/9887-154-Gerstner-vestuvinis-ziedas-be-deimantu-Pavasaris.png\",\"contentUrl\":\"https:\/\/fashiongold.lt\/wp-content\/uploads\/2025\/10\/9887-154-Gerstner-vestuvinis-ziedas-be-deimantu-Pavasaris.png\",\"width\":1000,\"height\":1000},{\"@type\":\"BreadcrumbList\",\"@id\":\"https:\/\/fashiongold.lt\/pl\/papuosalas\/obraczka-slubna-gerstner-bez-diamentow-wiosna\/#breadcrumb\",\"itemListElement\":[{\"@type\":\"ListItem\",\"position\":1,\"name\":\"Home\",\"item\":\"https:\/\/fashiongold.lt\/pl\/\"},{\"@type\":\"ListItem\",\"position\":2,\"name\":\"Sklep z diamentami Fashiongold.lt\",\"item\":\"https:\/\/fashiongold.lt\/shop-2\/\"},{\"@type\":\"ListItem\",\"position\":3,\"name\":\"Obr\u0105czka \u015blubna Gerstner bez diament\u00f3w \u2013 Wiosna\"}]},{\"@type\":\"WebSite\",\"@id\":\"https:\/\/fashiongold.lt\/pl\/#website\",\"url\":\"https:\/\/fashiongold.lt\/pl\/\",\"name\":\"Fashion Gold\",\"description\":\"Juvelyrikos namai\",\"publisher\":{\"@id\":\"https:\/\/fashiongold.lt\/pl\/#organization\"},\"potentialAction\":[{\"@type\":\"SearchAction\",\"target\":{\"@type\":\"EntryPoint\",\"urlTemplate\":\"https:\/\/fashiongold.lt\/pl\/?s={search_term_string}\"},\"query-input\":{\"@type\":\"PropertyValueSpecification\",\"valueRequired\":true,\"valueName\":\"search_term_string\"}}],\"inLanguage\":\"pl-PL\"},{\"@type\":\"Organization\",\"@id\":\"https:\/\/fashiongold.lt\/pl\/#organization\",\"name\":\"Topdiamonds Online\",\"url\":\"https:\/\/fashiongold.lt\/pl\/\",\"logo\":{\"@type\":\"ImageObject\",\"inLanguage\":\"pl-PL\",\"@id\":\"https:\/\/fashiongold.lt\/pl\/#\/schema\/logo\/image\/\",\"url\":\"https:\/\/fashiongold.lt\/wp-content\/uploads\/2025\/04\/cropped-fashion_gold_logotipas2-scaled-1.png\",\"contentUrl\":\"https:\/\/fashiongold.lt\/wp-content\/uploads\/2025\/04\/cropped-fashion_gold_logotipas2-scaled-1.png\",\"width\":2559,\"height\":421,\"caption\":\"Topdiamonds Online\"},\"image\":{\"@id\":\"https:\/\/fashiongold.lt\/pl\/#\/schema\/logo\/image\/\"}}]}<\/script>\n<!-- \/ Yoast SEO plugin. -->","yoast_head_json":{"title":"Obr\u0105czka \u015blubna Gerstner bez diament\u00f3w - Wiosna I FashionGold.lt","description":"Obr\u0105czka \u015blubna o matowej teksturze, 4 mm. Niemiecka jako\u015b\u0107 od firmy \u201eGerstner\u201d \u2013 najwy\u017csza jako\u015b\u0107 i r\u0119czne wykonanie. Maksymalny komfort.","robots":{"index":"index","follow":"follow","max-snippet":"max-snippet:-1","max-image-preview":"max-image-preview:large","max-video-preview":"max-video-preview:-1"},"canonical":"https:\/\/fashiongold.lt\/pl\/papuosalas\/obraczka-slubna-gerstner-bez-diamentow-wiosna\/","og_locale":"pl_PL","og_type":"article","og_title":"Obr\u0105czka \u015blubna Gerstner bez diament\u00f3w - Wiosna I FashionGold.lt","og_description":"Obr\u0105czka \u015blubna o matowej teksturze, 4 mm. Niemiecka jako\u015b\u0107 od firmy \u201eGerstner\u201d \u2013 najwy\u017csza jako\u015b\u0107 i r\u0119czne wykonanie. Maksymalny komfort.","og_url":"https:\/\/fashiongold.lt\/pl\/papuosalas\/obraczka-slubna-gerstner-bez-diamentow-wiosna\/","og_site_name":"FashionGold.lt","og_image":[{"width":1000,"height":1000,"url":"https:\/\/fashiongold.lt\/wp-content\/uploads\/2025\/10\/9887-154-Gerstner-vestuvinis-ziedas-be-deimantu-Pavasaris.webp","type":"image\/png"}],"twitter_card":"summary_large_image","twitter_misc":{"Szacowany czas czytania":"1 minuta"},"schema":{"@context":"https:\/\/schema.org","@graph":[{"@type":"WebPage","@id":"https:\/\/fashiongold.lt\/pl\/papuosalas\/obraczka-slubna-gerstner-bez-diamentow-wiosna\/","url":"https:\/\/fashiongold.lt\/pl\/papuosalas\/obraczka-slubna-gerstner-bez-diamentow-wiosna\/","name":"Obr\u0105czka \u015blubna Gerstner bez diament\u00f3w - Wiosna I FashionGold.lt","isPartOf":{"@id":"https:\/\/fashiongold.lt\/pl\/#website"},"primaryImageOfPage":{"@id":"https:\/\/fashiongold.lt\/pl\/papuosalas\/obraczka-slubna-gerstner-bez-diamentow-wiosna\/#primaryimage"},"image":{"@id":"https:\/\/fashiongold.lt\/pl\/papuosalas\/obraczka-slubna-gerstner-bez-diamentow-wiosna\/#primaryimage"},"thumbnailUrl":"https:\/\/fashiongold.lt\/wp-content\/uploads\/2025\/10\/9887-154-Gerstner-vestuvinis-ziedas-be-deimantu-Pavasaris.png","datePublished":"2025-10-09T17:17:02+00:00","description":"Obr\u0105czka \u015blubna o matowej teksturze, 4 mm. Niemiecka jako\u015b\u0107 od firmy \u201eGerstner\u201d \u2013 najwy\u017csza jako\u015b\u0107 i r\u0119czne wykonanie. Maksymalny komfort.","breadcrumb":{"@id":"https:\/\/fashiongold.lt\/pl\/papuosalas\/obraczka-slubna-gerstner-bez-diamentow-wiosna\/#breadcrumb"},"inLanguage":"pl-PL","potentialAction":[{"@type":"ReadAction","target":["https:\/\/fashiongold.lt\/pl\/papuosalas\/obraczka-slubna-gerstner-bez-diamentow-wiosna\/"]}]},{"@type":"ImageObject","inLanguage":"pl-PL","@id":"https:\/\/fashiongold.lt\/pl\/papuosalas\/obraczka-slubna-gerstner-bez-diamentow-wiosna\/#primaryimage","url":"https:\/\/fashiongold.lt\/wp-content\/uploads\/2025\/10\/9887-154-Gerstner-vestuvinis-ziedas-be-deimantu-Pavasaris.png","contentUrl":"https:\/\/fashiongold.lt\/wp-content\/uploads\/2025\/10\/9887-154-Gerstner-vestuvinis-ziedas-be-deimantu-Pavasaris.png","width":1000,"height":1000},{"@type":"BreadcrumbList","@id":"https:\/\/fashiongold.lt\/pl\/papuosalas\/obraczka-slubna-gerstner-bez-diamentow-wiosna\/#breadcrumb","itemListElement":[{"@type":"ListItem","position":1,"name":"Home","item":"https:\/\/fashiongold.lt\/pl\/"},{"@type":"ListItem","position":2,"name":"Sklep z diamentami Fashiongold.lt","item":"https:\/\/fashiongold.lt\/shop-2\/"},{"@type":"ListItem","position":3,"name":"Obr\u0105czka \u015blubna Gerstner bez diament\u00f3w \u2013 Wiosna"}]},{"@type":"WebSite","@id":"https:\/\/fashiongold.lt\/pl\/#website","url":"https:\/\/fashiongold.lt\/pl\/","name":"Fashion Gold","description":"Juvelyrikos namai","publisher":{"@id":"https:\/\/fashiongold.lt\/pl\/#organization"},"potentialAction":[{"@type":"SearchAction","target":{"@type":"EntryPoint","urlTemplate":"https:\/\/fashiongold.lt\/pl\/?s={search_term_string}"},"query-input":{"@type":"PropertyValueSpecification","valueRequired":true,"valueName":"search_term_string"}}],"inLanguage":"pl-PL"},{"@type":"Organization","@id":"https:\/\/fashiongold.lt\/pl\/#organization","name":"Topdiamonds Online","url":"https:\/\/fashiongold.lt\/pl\/","logo":{"@type":"ImageObject","inLanguage":"pl-PL","@id":"https:\/\/fashiongold.lt\/pl\/#\/schema\/logo\/image\/","url":"https:\/\/fashiongold.lt\/wp-content\/uploads\/2025\/04\/cropped-fashion_gold_logotipas2-scaled-1.png","contentUrl":"https:\/\/fashiongold.lt\/wp-content\/uploads\/2025\/04\/cropped-fashion_gold_logotipas2-scaled-1.png","width":2559,"height":421,"caption":"Topdiamonds Online"},"image":{"@id":"https:\/\/fashiongold.lt\/pl\/#\/schema\/logo\/image\/"}}]}},"_links":{"self":[{"href":"https:\/\/fashiongold.lt\/pl\/wp-json\/wp\/v2\/product\/285560","targetHints":{"allow":["GET"]}}],"collection":[{"href":"https:\/\/fashiongold.lt\/pl\/wp-json\/wp\/v2\/product"}],"about":[{"href":"https:\/\/fashiongold.lt\/pl\/wp-json\/wp\/v2\/types\/product"}],"version-history":[{"count":0,"href":"https:\/\/fashiongold.lt\/pl\/wp-json\/wp\/v2\/product\/285560\/revisions"}],"wp:featuredmedia":[{"embeddable":true,"href":"https:\/\/fashiongold.lt\/pl\/wp-json\/wp\/v2\/media\/44982"}],"wp:attachment":[{"href":"https:\/\/fashiongold.lt\/pl\/wp-json\/wp\/v2\/media?parent=285560"}],"wp:term":[{"taxonomy":"product_brand","embeddable":true,"href":"https:\/\/fashiongold.lt\/pl\/wp-json\/wp\/v2\/product_brand?post=285560"},{"taxonomy":"product_cat","embeddable":true,"href":"https:\/\/fashiongold.lt\/pl\/wp-json\/wp\/v2\/product_cat?post=285560"},{"taxonomy":"product_tag","embeddable":true,"href":"https:\/\/fashiongold.lt\/pl\/wp-json\/wp\/v2\/product_tag?post=285560"}],"curies":[{"name":"wp","href":"https:\/\/api.w.org\/{rel}","templated":true}]}}