{"id":286152,"date":"2025-10-09T16:43:22","date_gmt":"2025-10-09T16:43:22","guid":{"rendered":"https:\/\/fashiongold.lt\/papuosalas\/obraczka-slubna-klasyka-5-mm-z-bialego-zoltego-i-czerwonego-zlota\/"},"modified":"2025-10-09T16:43:22","modified_gmt":"2025-10-09T16:43:22","slug":"obraczka-slubna-klasyka-5-mm-z-bialego-zoltego-i-czerwonego-zlota","status":"publish","type":"product","link":"https:\/\/fashiongold.lt\/pl\/papuosalas\/obraczka-slubna-klasyka-5-mm-z-bialego-zoltego-i-czerwonego-zlota\/","title":{"rendered":"OBR\u0104CZKA \u015aLUBNA \u201eKLASYKA\u201d 5 mm z bia\u0142ego, \u017c\u00f3\u0142tego i czerwonego z\u0142ota"},"content":{"rendered":"<p>Obr\u0105czka \u015blubna z kolekcji \u201eKlasyka\u201d. To klasyczna, g\u0142adka z\u0142ota obr\u0105czka w wybranym kolorze z\u0142ota.<\/p>\n<p>Szeroko\u015b\u0107 &#8211;\u00a05 mm.<\/p>\n<p>Z profilem komfortowym.<\/p>\n<p>Waga zale\u017cy od rozmiaru, od\u00a04,00 g do\u00a06,00 g.<\/p>\n<p>\u00a0Za dodatkow\u0105 op\u0142at\u0105 20 EUR mo\u017cemy oprawi\u0107 l\u015bni\u0105cy, prawdziwy brylant (0,015 ct, kolor W (G-H), czysto\u015b\u0107 SI)<\/p>\n<p>Posiadamy wszystkie rozmiary w salonie, dlatego wy\u015blemy niezw\u0142ocznie.<\/p>\n<p>Cena obowi\u0105zuje przy zakupie online<\/p>\n","protected":false},"excerpt":{"rendered":"<p>Klasyczna g\u0142adka obr\u0105czka \u015blubna z wybranego koloru z\u0142ota.<\/p>\n","protected":false},"featured_media":40834,"template":"","meta":{"site-sidebar-layout":"","site-content-layout":"","ast-site-content-layout":"","site-content-style":"","site-sidebar-style":"","ast-global-header-display":"","ast-banner-title-visibility":"","ast-main-header-display":"","ast-hfb-above-header-display":"","ast-hfb-below-header-display":"","ast-hfb-mobile-header-display":"","site-post-title":"","ast-breadcrumbs-content":"","ast-featured-img":"","footer-sml-layout":"","ast-disable-related-posts":"","theme-transparent-header-meta":"","adv-header-id-meta":"","stick-header-meta":"","header-above-stick-meta":"","header-main-stick-meta":"","header-below-stick-meta":"","astra-migrate-meta-layouts":"default","ast-page-background-enabled":"default","ast-page-background-meta":{"desktop":{"background-color":"var(--ast-global-color-4)","background-image":"","background-repeat":"repeat","background-position":"center center","background-size":"auto","background-attachment":"scroll","background-type":"","background-media":"","overlay-type":"","overlay-color":"","overlay-opacity":"","overlay-gradient":""},"tablet":{"background-color":"","background-image":"","background-repeat":"repeat","background-position":"center center","background-size":"auto","background-attachment":"scroll","background-type":"","background-media":"","overlay-type":"","overlay-color":"","overlay-opacity":"","overlay-gradient":""},"mobile":{"background-color":"","background-image":"","background-repeat":"repeat","background-position":"center center","background-size":"auto","background-attachment":"scroll","background-type":"","background-media":"","overlay-type":"","overlay-color":"","overlay-opacity":"","overlay-gradient":""}},"ast-content-background-meta":{"desktop":{"background-color":"var(--ast-global-color-5)","background-image":"","background-repeat":"repeat","background-position":"center center","background-size":"auto","background-attachment":"scroll","background-type":"","background-media":"","overlay-type":"","overlay-color":"","overlay-opacity":"","overlay-gradient":""},"tablet":{"background-color":"var(--ast-global-color-5)","background-image":"","background-repeat":"repeat","background-position":"center center","background-size":"auto","background-attachment":"scroll","background-type":"","background-media":"","overlay-type":"","overlay-color":"","overlay-opacity":"","overlay-gradient":""},"mobile":{"background-color":"var(--ast-global-color-5)","background-image":"","background-repeat":"repeat","background-position":"center center","background-size":"auto","background-attachment":"scroll","background-type":"","background-media":"","overlay-type":"","overlay-color":"","overlay-opacity":"","overlay-gradient":""}}},"product_brand":[],"product_cat":[3373,3302,3303,3301,3359],"product_tag":[],"class_list":{"0":"post-286152","1":"product","2":"type-product","3":"status-publish","4":"has-post-thumbnail","6":"product_cat-damskie-obraczki-slubne","7":"product_cat-klasyczne-obraczki-slubne","8":"product_cat-obraczki-slubne","9":"product_cat-obraczki-slubne-z-bialego-zlota","10":"product_cat-wyprzedaz","11":"desktop-align-center","12":"tablet-align-left","13":"mobile-align-left","14":"ast-product-gallery-layout-horizontal-slider","15":"ast-product-gallery-with-no-image","16":"ast-product-single-variable","17":"ast-product-tabs-layout-accordion","18":"ast-qv-on-image","20":"first","21":"instock","22":"taxable","23":"shipping-taxable","24":"purchasable","25":"product-type-variable"},"yoast_head":"<!-- This site is optimized with the Yoast SEO plugin v26.6 - https:\/\/yoast.com\/wordpress\/plugins\/seo\/ -->\n<title>Klasyczna obr\u0105czka \u015blubna z czerwonego z\u0142ota<\/title>\n<meta name=\"robots\" content=\"index, follow, max-snippet:-1, max-image-preview:large, max-video-preview:-1\" \/>\n<link rel=\"canonical\" href=\"https:\/\/fashiongold.lt\/pl\/papuosalas\/obraczka-slubna-klasyka-5-mm-z-bialego-zoltego-i-czerwonego-zlota\/\" \/>\n<meta property=\"og:locale\" content=\"pl_PL\" \/>\n<meta property=\"og:type\" content=\"article\" \/>\n<meta property=\"og:title\" content=\"Klasyczna obr\u0105czka \u015blubna z czerwonego z\u0142ota\" \/>\n<meta property=\"og:description\" content=\"Klasyczna g\u0142adka obr\u0105czka \u015blubna z wybranego koloru z\u0142ota.\" \/>\n<meta property=\"og:url\" content=\"https:\/\/fashiongold.lt\/pl\/papuosalas\/obraczka-slubna-klasyka-5-mm-z-bialego-zoltego-i-czerwonego-zlota\/\" \/>\n<meta property=\"og:site_name\" content=\"FashionGold.lt\" \/>\n<meta property=\"og:image\" content=\"https:\/\/fashiongold.lt\/wp-content\/uploads\/2025\/10\/1885-cb8-VESTUVINIS-ZIEDAS-KLASIKA-2020-5-mm-balto-geltono-ir-raudono-aukso.webp\" \/>\n\t<meta property=\"og:image:width\" content=\"670\" \/>\n\t<meta property=\"og:image:height\" content=\"533\" \/>\n\t<meta property=\"og:image:type\" content=\"image\/jpeg\" \/>\n<meta name=\"twitter:card\" content=\"summary_large_image\" \/>\n<script type=\"application\/ld+json\" class=\"yoast-schema-graph\">{\"@context\":\"https:\/\/schema.org\",\"@graph\":[{\"@type\":\"WebPage\",\"@id\":\"https:\/\/fashiongold.lt\/pl\/papuosalas\/obraczka-slubna-klasyka-5-mm-z-bialego-zoltego-i-czerwonego-zlota\/\",\"url\":\"https:\/\/fashiongold.lt\/pl\/papuosalas\/obraczka-slubna-klasyka-5-mm-z-bialego-zoltego-i-czerwonego-zlota\/\",\"name\":\"Klasyczna obr\u0105czka \u015blubna z czerwonego z\u0142ota\",\"isPartOf\":{\"@id\":\"https:\/\/fashiongold.lt\/pl\/#website\"},\"primaryImageOfPage\":{\"@id\":\"https:\/\/fashiongold.lt\/pl\/papuosalas\/obraczka-slubna-klasyka-5-mm-z-bialego-zoltego-i-czerwonego-zlota\/#primaryimage\"},\"image\":{\"@id\":\"https:\/\/fashiongold.lt\/pl\/papuosalas\/obraczka-slubna-klasyka-5-mm-z-bialego-zoltego-i-czerwonego-zlota\/#primaryimage\"},\"thumbnailUrl\":\"https:\/\/fashiongold.lt\/wp-content\/uploads\/2025\/10\/1885-cb8-VESTUVINIS-ZIEDAS-KLASIKA-2020-5-mm-balto-geltono-ir-raudono-aukso.jpg\",\"datePublished\":\"2025-10-09T16:43:22+00:00\",\"breadcrumb\":{\"@id\":\"https:\/\/fashiongold.lt\/pl\/papuosalas\/obraczka-slubna-klasyka-5-mm-z-bialego-zoltego-i-czerwonego-zlota\/#breadcrumb\"},\"inLanguage\":\"pl-PL\",\"potentialAction\":[{\"@type\":\"ReadAction\",\"target\":[\"https:\/\/fashiongold.lt\/pl\/papuosalas\/obraczka-slubna-klasyka-5-mm-z-bialego-zoltego-i-czerwonego-zlota\/\"]}]},{\"@type\":\"ImageObject\",\"inLanguage\":\"pl-PL\",\"@id\":\"https:\/\/fashiongold.lt\/pl\/papuosalas\/obraczka-slubna-klasyka-5-mm-z-bialego-zoltego-i-czerwonego-zlota\/#primaryimage\",\"url\":\"https:\/\/fashiongold.lt\/wp-content\/uploads\/2025\/10\/1885-cb8-VESTUVINIS-ZIEDAS-KLASIKA-2020-5-mm-balto-geltono-ir-raudono-aukso.jpg\",\"contentUrl\":\"https:\/\/fashiongold.lt\/wp-content\/uploads\/2025\/10\/1885-cb8-VESTUVINIS-ZIEDAS-KLASIKA-2020-5-mm-balto-geltono-ir-raudono-aukso.jpg\",\"width\":670,\"height\":533},{\"@type\":\"BreadcrumbList\",\"@id\":\"https:\/\/fashiongold.lt\/pl\/papuosalas\/obraczka-slubna-klasyka-5-mm-z-bialego-zoltego-i-czerwonego-zlota\/#breadcrumb\",\"itemListElement\":[{\"@type\":\"ListItem\",\"position\":1,\"name\":\"Home\",\"item\":\"https:\/\/fashiongold.lt\/pl\/\"},{\"@type\":\"ListItem\",\"position\":2,\"name\":\"Sklep z diamentami Fashiongold.lt\",\"item\":\"https:\/\/fashiongold.lt\/shop-2\/\"},{\"@type\":\"ListItem\",\"position\":3,\"name\":\"OBR\u0104CZKA \u015aLUBNA \u201eKLASYKA\u201d 5 mm z bia\u0142ego, \u017c\u00f3\u0142tego i czerwonego z\u0142ota\"}]},{\"@type\":\"WebSite\",\"@id\":\"https:\/\/fashiongold.lt\/pl\/#website\",\"url\":\"https:\/\/fashiongold.lt\/pl\/\",\"name\":\"Fashion Gold\",\"description\":\"Juvelyrikos namai\",\"publisher\":{\"@id\":\"https:\/\/fashiongold.lt\/pl\/#organization\"},\"potentialAction\":[{\"@type\":\"SearchAction\",\"target\":{\"@type\":\"EntryPoint\",\"urlTemplate\":\"https:\/\/fashiongold.lt\/pl\/?s={search_term_string}\"},\"query-input\":{\"@type\":\"PropertyValueSpecification\",\"valueRequired\":true,\"valueName\":\"search_term_string\"}}],\"inLanguage\":\"pl-PL\"},{\"@type\":\"Organization\",\"@id\":\"https:\/\/fashiongold.lt\/pl\/#organization\",\"name\":\"Topdiamonds Online\",\"url\":\"https:\/\/fashiongold.lt\/pl\/\",\"logo\":{\"@type\":\"ImageObject\",\"inLanguage\":\"pl-PL\",\"@id\":\"https:\/\/fashiongold.lt\/pl\/#\/schema\/logo\/image\/\",\"url\":\"https:\/\/fashiongold.lt\/wp-content\/uploads\/2025\/04\/cropped-fashion_gold_logotipas2-scaled-1.png\",\"contentUrl\":\"https:\/\/fashiongold.lt\/wp-content\/uploads\/2025\/04\/cropped-fashion_gold_logotipas2-scaled-1.png\",\"width\":2559,\"height\":421,\"caption\":\"Topdiamonds Online\"},\"image\":{\"@id\":\"https:\/\/fashiongold.lt\/pl\/#\/schema\/logo\/image\/\"}}]}<\/script>\n<!-- \/ Yoast SEO plugin. -->","yoast_head_json":{"title":"Klasyczna obr\u0105czka \u015blubna z czerwonego z\u0142ota","robots":{"index":"index","follow":"follow","max-snippet":"max-snippet:-1","max-image-preview":"max-image-preview:large","max-video-preview":"max-video-preview:-1"},"canonical":"https:\/\/fashiongold.lt\/pl\/papuosalas\/obraczka-slubna-klasyka-5-mm-z-bialego-zoltego-i-czerwonego-zlota\/","og_locale":"pl_PL","og_type":"article","og_title":"Klasyczna obr\u0105czka \u015blubna z czerwonego z\u0142ota","og_description":"Klasyczna g\u0142adka obr\u0105czka \u015blubna z wybranego koloru z\u0142ota.","og_url":"https:\/\/fashiongold.lt\/pl\/papuosalas\/obraczka-slubna-klasyka-5-mm-z-bialego-zoltego-i-czerwonego-zlota\/","og_site_name":"FashionGold.lt","og_image":[{"width":670,"height":533,"url":"https:\/\/fashiongold.lt\/wp-content\/uploads\/2025\/10\/1885-cb8-VESTUVINIS-ZIEDAS-KLASIKA-2020-5-mm-balto-geltono-ir-raudono-aukso.webp","type":"image\/jpeg"}],"twitter_card":"summary_large_image","schema":{"@context":"https:\/\/schema.org","@graph":[{"@type":"WebPage","@id":"https:\/\/fashiongold.lt\/pl\/papuosalas\/obraczka-slubna-klasyka-5-mm-z-bialego-zoltego-i-czerwonego-zlota\/","url":"https:\/\/fashiongold.lt\/pl\/papuosalas\/obraczka-slubna-klasyka-5-mm-z-bialego-zoltego-i-czerwonego-zlota\/","name":"Klasyczna obr\u0105czka \u015blubna z czerwonego z\u0142ota","isPartOf":{"@id":"https:\/\/fashiongold.lt\/pl\/#website"},"primaryImageOfPage":{"@id":"https:\/\/fashiongold.lt\/pl\/papuosalas\/obraczka-slubna-klasyka-5-mm-z-bialego-zoltego-i-czerwonego-zlota\/#primaryimage"},"image":{"@id":"https:\/\/fashiongold.lt\/pl\/papuosalas\/obraczka-slubna-klasyka-5-mm-z-bialego-zoltego-i-czerwonego-zlota\/#primaryimage"},"thumbnailUrl":"https:\/\/fashiongold.lt\/wp-content\/uploads\/2025\/10\/1885-cb8-VESTUVINIS-ZIEDAS-KLASIKA-2020-5-mm-balto-geltono-ir-raudono-aukso.jpg","datePublished":"2025-10-09T16:43:22+00:00","breadcrumb":{"@id":"https:\/\/fashiongold.lt\/pl\/papuosalas\/obraczka-slubna-klasyka-5-mm-z-bialego-zoltego-i-czerwonego-zlota\/#breadcrumb"},"inLanguage":"pl-PL","potentialAction":[{"@type":"ReadAction","target":["https:\/\/fashiongold.lt\/pl\/papuosalas\/obraczka-slubna-klasyka-5-mm-z-bialego-zoltego-i-czerwonego-zlota\/"]}]},{"@type":"ImageObject","inLanguage":"pl-PL","@id":"https:\/\/fashiongold.lt\/pl\/papuosalas\/obraczka-slubna-klasyka-5-mm-z-bialego-zoltego-i-czerwonego-zlota\/#primaryimage","url":"https:\/\/fashiongold.lt\/wp-content\/uploads\/2025\/10\/1885-cb8-VESTUVINIS-ZIEDAS-KLASIKA-2020-5-mm-balto-geltono-ir-raudono-aukso.jpg","contentUrl":"https:\/\/fashiongold.lt\/wp-content\/uploads\/2025\/10\/1885-cb8-VESTUVINIS-ZIEDAS-KLASIKA-2020-5-mm-balto-geltono-ir-raudono-aukso.jpg","width":670,"height":533},{"@type":"BreadcrumbList","@id":"https:\/\/fashiongold.lt\/pl\/papuosalas\/obraczka-slubna-klasyka-5-mm-z-bialego-zoltego-i-czerwonego-zlota\/#breadcrumb","itemListElement":[{"@type":"ListItem","position":1,"name":"Home","item":"https:\/\/fashiongold.lt\/pl\/"},{"@type":"ListItem","position":2,"name":"Sklep z diamentami Fashiongold.lt","item":"https:\/\/fashiongold.lt\/shop-2\/"},{"@type":"ListItem","position":3,"name":"OBR\u0104CZKA \u015aLUBNA \u201eKLASYKA\u201d 5 mm z bia\u0142ego, \u017c\u00f3\u0142tego i czerwonego z\u0142ota"}]},{"@type":"WebSite","@id":"https:\/\/fashiongold.lt\/pl\/#website","url":"https:\/\/fashiongold.lt\/pl\/","name":"Fashion Gold","description":"Juvelyrikos namai","publisher":{"@id":"https:\/\/fashiongold.lt\/pl\/#organization"},"potentialAction":[{"@type":"SearchAction","target":{"@type":"EntryPoint","urlTemplate":"https:\/\/fashiongold.lt\/pl\/?s={search_term_string}"},"query-input":{"@type":"PropertyValueSpecification","valueRequired":true,"valueName":"search_term_string"}}],"inLanguage":"pl-PL"},{"@type":"Organization","@id":"https:\/\/fashiongold.lt\/pl\/#organization","name":"Topdiamonds Online","url":"https:\/\/fashiongold.lt\/pl\/","logo":{"@type":"ImageObject","inLanguage":"pl-PL","@id":"https:\/\/fashiongold.lt\/pl\/#\/schema\/logo\/image\/","url":"https:\/\/fashiongold.lt\/wp-content\/uploads\/2025\/04\/cropped-fashion_gold_logotipas2-scaled-1.png","contentUrl":"https:\/\/fashiongold.lt\/wp-content\/uploads\/2025\/04\/cropped-fashion_gold_logotipas2-scaled-1.png","width":2559,"height":421,"caption":"Topdiamonds Online"},"image":{"@id":"https:\/\/fashiongold.lt\/pl\/#\/schema\/logo\/image\/"}}]}},"_links":{"self":[{"href":"https:\/\/fashiongold.lt\/pl\/wp-json\/wp\/v2\/product\/286152","targetHints":{"allow":["GET"]}}],"collection":[{"href":"https:\/\/fashiongold.lt\/pl\/wp-json\/wp\/v2\/product"}],"about":[{"href":"https:\/\/fashiongold.lt\/pl\/wp-json\/wp\/v2\/types\/product"}],"version-history":[{"count":0,"href":"https:\/\/fashiongold.lt\/pl\/wp-json\/wp\/v2\/product\/286152\/revisions"}],"wp:featuredmedia":[{"embeddable":true,"href":"https:\/\/fashiongold.lt\/pl\/wp-json\/wp\/v2\/media\/40834"}],"wp:attachment":[{"href":"https:\/\/fashiongold.lt\/pl\/wp-json\/wp\/v2\/media?parent=286152"}],"wp:term":[{"taxonomy":"product_brand","embeddable":true,"href":"https:\/\/fashiongold.lt\/pl\/wp-json\/wp\/v2\/product_brand?post=286152"},{"taxonomy":"product_cat","embeddable":true,"href":"https:\/\/fashiongold.lt\/pl\/wp-json\/wp\/v2\/product_cat?post=286152"},{"taxonomy":"product_tag","embeddable":true,"href":"https:\/\/fashiongold.lt\/pl\/wp-json\/wp\/v2\/product_tag?post=286152"}],"curies":[{"name":"wp","href":"https:\/\/api.w.org\/{rel}","templated":true}]}}