{"id":286277,"date":"2025-10-09T16:39:47","date_gmt":"2025-10-09T16:39:47","guid":{"rendered":"https:\/\/fashiongold.lt\/papuosalas\/synteza-milosci-klasyczna-obraczka-slubna-z-bialego-i-czerwonego-zlota\/"},"modified":"2025-10-09T16:39:47","modified_gmt":"2025-10-09T16:39:47","slug":"synteza-milosci-klasyczna-obraczka-slubna-z-bialego-i-czerwonego-zlota","status":"publish","type":"product","link":"https:\/\/fashiongold.lt\/pl\/papuosalas\/synteza-milosci-klasyczna-obraczka-slubna-z-bialego-i-czerwonego-zlota\/","title":{"rendered":"Synteza mi\u0142o\u015bci \u2013 klasyczna obr\u0105czka \u015blubna z bia\u0142ego i czerwonego z\u0142ota"},"content":{"rendered":"<p>Bia\u0142y i czerwony \u2013 dwa r\u00f3\u017cne, kontrastuj\u0105ce kolory z\u0142ota, kt\u00f3re doskonale ze sob\u0105 wsp\u00f3\u0142graj\u0105. Tak samo pasuje do siebie harmonijna para \u2013 kontrastowa, ale odnajduj\u0105ca mi\u0119dzy sob\u0105 idealn\u0105 syntez\u0119. T\u0119 obr\u0105czk\u0119 \u015blubn\u0105 mo\u017cemy wykona\u0107 z Pa\u0144stwa z\u0142ota.\u00a0<\/p>\n<p>Wyprodukowano na Litwie \u2013 praca r\u0119czna. Obr\u0105czka mo\u017ce zosta\u0107 wykonana na zam\u00f3wienie: z czerwonego, \u017c\u00f3\u0142tego oraz bia\u0142ego z\u0142ota.\u00a0<\/p>\n<p>\u2022 Z\u0142oto obr\u0105czki: 14K (pr\u00f3ba 585), mo\u017cemy wykona\u0107 z 18K (pr\u00f3ba 750)\u00a0\u00a0<\/p>\n<p>\u2022 Kolor obr\u0105czki: bia\u0142e i czerwone z\u0142oto\u00a0 \u00a0<\/p>\n<p>\u2022 Waga obr\u0105czki (zale\u017cna od rozmiaru): oko\u0142o 6 g\u00a0 \u00a0<\/p>\n<p>\u2022 Wymiary obr\u0105czki: szeroko\u015b\u0107 5 mm (mo\u017cliwo\u015b\u0107 zmiany)<\/p>\n<p>\u2022 Certyfikat: Litewski Urz\u0105d Probierczy (LPR)\u00a0<\/p>\n<p>\u2022 Termin produkcji i dostawy: 14 dni roboczych<\/p>\n","protected":false},"excerpt":{"rendered":"<p>Harmonia kontrastuj\u0105cych kolor\u00f3w \u2013 obr\u0105czka \u015blubna o klasycznym wzorze. Bia\u0142e i czerwone z\u0142oto subtelnie si\u0119 ze sob\u0105 \u0142\u0105cz\u0105. Wyj\u0105tkowy wyb\u00f3r, kt\u00f3ry b\u0119dzie Wam towarzyszy\u0142 przez ca\u0142e \u017cycie.<\/p>\n","protected":false},"featured_media":40143,"template":"","meta":{"site-sidebar-layout":"","site-content-layout":"","ast-site-content-layout":"","site-content-style":"","site-sidebar-style":"","ast-global-header-display":"","ast-banner-title-visibility":"","ast-main-header-display":"","ast-hfb-above-header-display":"","ast-hfb-below-header-display":"","ast-hfb-mobile-header-display":"","site-post-title":"","ast-breadcrumbs-content":"","ast-featured-img":"","footer-sml-layout":"","ast-disable-related-posts":"","theme-transparent-header-meta":"","adv-header-id-meta":"","stick-header-meta":"","header-above-stick-meta":"","header-main-stick-meta":"","header-below-stick-meta":"","astra-migrate-meta-layouts":"default","ast-page-background-enabled":"default","ast-page-background-meta":{"desktop":{"background-color":"var(--ast-global-color-4)","background-image":"","background-repeat":"repeat","background-position":"center center","background-size":"auto","background-attachment":"scroll","background-type":"","background-media":"","overlay-type":"","overlay-color":"","overlay-opacity":"","overlay-gradient":""},"tablet":{"background-color":"","background-image":"","background-repeat":"repeat","background-position":"center center","background-size":"auto","background-attachment":"scroll","background-type":"","background-media":"","overlay-type":"","overlay-color":"","overlay-opacity":"","overlay-gradient":""},"mobile":{"background-color":"","background-image":"","background-repeat":"repeat","background-position":"center center","background-size":"auto","background-attachment":"scroll","background-type":"","background-media":"","overlay-type":"","overlay-color":"","overlay-opacity":"","overlay-gradient":""}},"ast-content-background-meta":{"desktop":{"background-color":"var(--ast-global-color-5)","background-image":"","background-repeat":"repeat","background-position":"center center","background-size":"auto","background-attachment":"scroll","background-type":"","background-media":"","overlay-type":"","overlay-color":"","overlay-opacity":"","overlay-gradient":""},"tablet":{"background-color":"var(--ast-global-color-5)","background-image":"","background-repeat":"repeat","background-position":"center center","background-size":"auto","background-attachment":"scroll","background-type":"","background-media":"","overlay-type":"","overlay-color":"","overlay-opacity":"","overlay-gradient":""},"mobile":{"background-color":"var(--ast-global-color-5)","background-image":"","background-repeat":"repeat","background-position":"center center","background-size":"auto","background-attachment":"scroll","background-type":"","background-media":"","overlay-type":"","overlay-color":"","overlay-opacity":"","overlay-gradient":""}}},"product_brand":[],"product_cat":[3302,3770,3306,3303],"product_tag":[],"class_list":{"0":"post-286277","1":"product","2":"type-product","3":"status-publish","4":"has-post-thumbnail","6":"product_cat-klasyczne-obraczki-slubne","7":"product_cat-meskie-obraczki-slubne","8":"product_cat-nowoczesne-obraczki-slubne","9":"product_cat-obraczki-slubne","10":"desktop-align-center","11":"tablet-align-left","12":"mobile-align-left","13":"ast-product-gallery-layout-horizontal-slider","14":"ast-product-gallery-with-no-image","15":"ast-product-tabs-layout-accordion","16":"ast-qv-on-image","18":"first","19":"instock","20":"taxable","21":"shipping-taxable","22":"purchasable","23":"product-type-simple"},"yoast_head":"<!-- This site is optimized with the Yoast SEO plugin v26.6 - https:\/\/yoast.com\/wordpress\/plugins\/seo\/ -->\n<title>Obr\u0105czka \u015blubna o klasycznym wzornictwie w kolorze bia\u0142ego i czerwonego z\u0142ota<\/title>\n<meta name=\"description\" content=\"R\u0119cznie wykonana klasyczna obr\u0105czka \u015blubna w kolorze bia\u0142ym i czerwonym. Wyj\u0105tkowy wyb\u00f3r, kt\u00f3ry b\u0119dzie Wam towarzyszy\u0142 przez ca\u0142e \u017cycie. Wykonano z mi\u0142o\u015bci\u0105 na Litwie.\" \/>\n<meta name=\"robots\" content=\"index, follow, max-snippet:-1, max-image-preview:large, max-video-preview:-1\" \/>\n<link rel=\"canonical\" href=\"https:\/\/fashiongold.lt\/pl\/papuosalas\/synteza-milosci-klasyczna-obraczka-slubna-z-bialego-i-czerwonego-zlota\/\" \/>\n<meta property=\"og:locale\" content=\"pl_PL\" \/>\n<meta property=\"og:type\" content=\"article\" \/>\n<meta property=\"og:title\" content=\"Obr\u0105czka \u015blubna o klasycznym wzornictwie w kolorze bia\u0142ego i czerwonego z\u0142ota\" \/>\n<meta property=\"og:description\" content=\"R\u0119cznie wykonana klasyczna obr\u0105czka \u015blubna w kolorze bia\u0142ym i czerwonym. Wyj\u0105tkowy wyb\u00f3r, kt\u00f3ry b\u0119dzie Wam towarzyszy\u0142 przez ca\u0142e \u017cycie. Wykonano z mi\u0142o\u015bci\u0105 na Litwie.\" \/>\n<meta property=\"og:url\" content=\"https:\/\/fashiongold.lt\/pl\/papuosalas\/synteza-milosci-klasyczna-obraczka-slubna-z-bialego-i-czerwonego-zlota\/\" \/>\n<meta property=\"og:site_name\" content=\"FashionGold.lt\" \/>\n<meta property=\"og:image\" content=\"https:\/\/fashiongold.lt\/wp-content\/uploads\/2025\/10\/87-078-VESTUVINIS-ZIEDAS-MEILES-SINTEZE.webp\" \/>\n\t<meta property=\"og:image:width\" content=\"444\" \/>\n\t<meta property=\"og:image:height\" content=\"438\" \/>\n\t<meta property=\"og:image:type\" content=\"image\/png\" \/>\n<meta name=\"twitter:card\" content=\"summary_large_image\" \/>\n<meta name=\"twitter:label1\" content=\"Szacowany czas czytania\" \/>\n\t<meta name=\"twitter:data1\" content=\"1 minuta\" \/>\n<script type=\"application\/ld+json\" class=\"yoast-schema-graph\">{\"@context\":\"https:\/\/schema.org\",\"@graph\":[{\"@type\":\"WebPage\",\"@id\":\"https:\/\/fashiongold.lt\/pl\/papuosalas\/synteza-milosci-klasyczna-obraczka-slubna-z-bialego-i-czerwonego-zlota\/\",\"url\":\"https:\/\/fashiongold.lt\/pl\/papuosalas\/synteza-milosci-klasyczna-obraczka-slubna-z-bialego-i-czerwonego-zlota\/\",\"name\":\"Obr\u0105czka \u015blubna o klasycznym wzornictwie w kolorze bia\u0142ego i czerwonego z\u0142ota\",\"isPartOf\":{\"@id\":\"https:\/\/fashiongold.lt\/pl\/#website\"},\"primaryImageOfPage\":{\"@id\":\"https:\/\/fashiongold.lt\/pl\/papuosalas\/synteza-milosci-klasyczna-obraczka-slubna-z-bialego-i-czerwonego-zlota\/#primaryimage\"},\"image\":{\"@id\":\"https:\/\/fashiongold.lt\/pl\/papuosalas\/synteza-milosci-klasyczna-obraczka-slubna-z-bialego-i-czerwonego-zlota\/#primaryimage\"},\"thumbnailUrl\":\"https:\/\/fashiongold.lt\/wp-content\/uploads\/2025\/10\/87-078-VESTUVINIS-ZIEDAS-MEILES-SINTEZE.png\",\"datePublished\":\"2025-10-09T16:39:47+00:00\",\"description\":\"R\u0119cznie wykonana klasyczna obr\u0105czka \u015blubna w kolorze bia\u0142ym i czerwonym. Wyj\u0105tkowy wyb\u00f3r, kt\u00f3ry b\u0119dzie Wam towarzyszy\u0142 przez ca\u0142e \u017cycie. Wykonano z mi\u0142o\u015bci\u0105 na Litwie.\",\"breadcrumb\":{\"@id\":\"https:\/\/fashiongold.lt\/pl\/papuosalas\/synteza-milosci-klasyczna-obraczka-slubna-z-bialego-i-czerwonego-zlota\/#breadcrumb\"},\"inLanguage\":\"pl-PL\",\"potentialAction\":[{\"@type\":\"ReadAction\",\"target\":[\"https:\/\/fashiongold.lt\/pl\/papuosalas\/synteza-milosci-klasyczna-obraczka-slubna-z-bialego-i-czerwonego-zlota\/\"]}]},{\"@type\":\"ImageObject\",\"inLanguage\":\"pl-PL\",\"@id\":\"https:\/\/fashiongold.lt\/pl\/papuosalas\/synteza-milosci-klasyczna-obraczka-slubna-z-bialego-i-czerwonego-zlota\/#primaryimage\",\"url\":\"https:\/\/fashiongold.lt\/wp-content\/uploads\/2025\/10\/87-078-VESTUVINIS-ZIEDAS-MEILES-SINTEZE.png\",\"contentUrl\":\"https:\/\/fashiongold.lt\/wp-content\/uploads\/2025\/10\/87-078-VESTUVINIS-ZIEDAS-MEILES-SINTEZE.png\",\"width\":444,\"height\":438},{\"@type\":\"BreadcrumbList\",\"@id\":\"https:\/\/fashiongold.lt\/pl\/papuosalas\/synteza-milosci-klasyczna-obraczka-slubna-z-bialego-i-czerwonego-zlota\/#breadcrumb\",\"itemListElement\":[{\"@type\":\"ListItem\",\"position\":1,\"name\":\"Home\",\"item\":\"https:\/\/fashiongold.lt\/pl\/\"},{\"@type\":\"ListItem\",\"position\":2,\"name\":\"Sklep z diamentami Fashiongold.lt\",\"item\":\"https:\/\/fashiongold.lt\/shop-2\/\"},{\"@type\":\"ListItem\",\"position\":3,\"name\":\"Synteza mi\u0142o\u015bci \u2013 klasyczna obr\u0105czka \u015blubna z bia\u0142ego i czerwonego z\u0142ota\"}]},{\"@type\":\"WebSite\",\"@id\":\"https:\/\/fashiongold.lt\/pl\/#website\",\"url\":\"https:\/\/fashiongold.lt\/pl\/\",\"name\":\"Fashion Gold\",\"description\":\"Juvelyrikos namai\",\"publisher\":{\"@id\":\"https:\/\/fashiongold.lt\/pl\/#organization\"},\"potentialAction\":[{\"@type\":\"SearchAction\",\"target\":{\"@type\":\"EntryPoint\",\"urlTemplate\":\"https:\/\/fashiongold.lt\/pl\/?s={search_term_string}\"},\"query-input\":{\"@type\":\"PropertyValueSpecification\",\"valueRequired\":true,\"valueName\":\"search_term_string\"}}],\"inLanguage\":\"pl-PL\"},{\"@type\":\"Organization\",\"@id\":\"https:\/\/fashiongold.lt\/pl\/#organization\",\"name\":\"Topdiamonds Online\",\"url\":\"https:\/\/fashiongold.lt\/pl\/\",\"logo\":{\"@type\":\"ImageObject\",\"inLanguage\":\"pl-PL\",\"@id\":\"https:\/\/fashiongold.lt\/pl\/#\/schema\/logo\/image\/\",\"url\":\"https:\/\/fashiongold.lt\/wp-content\/uploads\/2025\/04\/cropped-fashion_gold_logotipas2-scaled-1.png\",\"contentUrl\":\"https:\/\/fashiongold.lt\/wp-content\/uploads\/2025\/04\/cropped-fashion_gold_logotipas2-scaled-1.png\",\"width\":2559,\"height\":421,\"caption\":\"Topdiamonds Online\"},\"image\":{\"@id\":\"https:\/\/fashiongold.lt\/pl\/#\/schema\/logo\/image\/\"}}]}<\/script>\n<!-- \/ Yoast SEO plugin. -->","yoast_head_json":{"title":"Obr\u0105czka \u015blubna o klasycznym wzornictwie w kolorze bia\u0142ego i czerwonego z\u0142ota","description":"R\u0119cznie wykonana klasyczna obr\u0105czka \u015blubna w kolorze bia\u0142ym i czerwonym. Wyj\u0105tkowy wyb\u00f3r, kt\u00f3ry b\u0119dzie Wam towarzyszy\u0142 przez ca\u0142e \u017cycie. Wykonano z mi\u0142o\u015bci\u0105 na Litwie.","robots":{"index":"index","follow":"follow","max-snippet":"max-snippet:-1","max-image-preview":"max-image-preview:large","max-video-preview":"max-video-preview:-1"},"canonical":"https:\/\/fashiongold.lt\/pl\/papuosalas\/synteza-milosci-klasyczna-obraczka-slubna-z-bialego-i-czerwonego-zlota\/","og_locale":"pl_PL","og_type":"article","og_title":"Obr\u0105czka \u015blubna o klasycznym wzornictwie w kolorze bia\u0142ego i czerwonego z\u0142ota","og_description":"R\u0119cznie wykonana klasyczna obr\u0105czka \u015blubna w kolorze bia\u0142ym i czerwonym. Wyj\u0105tkowy wyb\u00f3r, kt\u00f3ry b\u0119dzie Wam towarzyszy\u0142 przez ca\u0142e \u017cycie. Wykonano z mi\u0142o\u015bci\u0105 na Litwie.","og_url":"https:\/\/fashiongold.lt\/pl\/papuosalas\/synteza-milosci-klasyczna-obraczka-slubna-z-bialego-i-czerwonego-zlota\/","og_site_name":"FashionGold.lt","og_image":[{"width":444,"height":438,"url":"https:\/\/fashiongold.lt\/wp-content\/uploads\/2025\/10\/87-078-VESTUVINIS-ZIEDAS-MEILES-SINTEZE.webp","type":"image\/png"}],"twitter_card":"summary_large_image","twitter_misc":{"Szacowany czas czytania":"1 minuta"},"schema":{"@context":"https:\/\/schema.org","@graph":[{"@type":"WebPage","@id":"https:\/\/fashiongold.lt\/pl\/papuosalas\/synteza-milosci-klasyczna-obraczka-slubna-z-bialego-i-czerwonego-zlota\/","url":"https:\/\/fashiongold.lt\/pl\/papuosalas\/synteza-milosci-klasyczna-obraczka-slubna-z-bialego-i-czerwonego-zlota\/","name":"Obr\u0105czka \u015blubna o klasycznym wzornictwie w kolorze bia\u0142ego i czerwonego z\u0142ota","isPartOf":{"@id":"https:\/\/fashiongold.lt\/pl\/#website"},"primaryImageOfPage":{"@id":"https:\/\/fashiongold.lt\/pl\/papuosalas\/synteza-milosci-klasyczna-obraczka-slubna-z-bialego-i-czerwonego-zlota\/#primaryimage"},"image":{"@id":"https:\/\/fashiongold.lt\/pl\/papuosalas\/synteza-milosci-klasyczna-obraczka-slubna-z-bialego-i-czerwonego-zlota\/#primaryimage"},"thumbnailUrl":"https:\/\/fashiongold.lt\/wp-content\/uploads\/2025\/10\/87-078-VESTUVINIS-ZIEDAS-MEILES-SINTEZE.png","datePublished":"2025-10-09T16:39:47+00:00","description":"R\u0119cznie wykonana klasyczna obr\u0105czka \u015blubna w kolorze bia\u0142ym i czerwonym. Wyj\u0105tkowy wyb\u00f3r, kt\u00f3ry b\u0119dzie Wam towarzyszy\u0142 przez ca\u0142e \u017cycie. Wykonano z mi\u0142o\u015bci\u0105 na Litwie.","breadcrumb":{"@id":"https:\/\/fashiongold.lt\/pl\/papuosalas\/synteza-milosci-klasyczna-obraczka-slubna-z-bialego-i-czerwonego-zlota\/#breadcrumb"},"inLanguage":"pl-PL","potentialAction":[{"@type":"ReadAction","target":["https:\/\/fashiongold.lt\/pl\/papuosalas\/synteza-milosci-klasyczna-obraczka-slubna-z-bialego-i-czerwonego-zlota\/"]}]},{"@type":"ImageObject","inLanguage":"pl-PL","@id":"https:\/\/fashiongold.lt\/pl\/papuosalas\/synteza-milosci-klasyczna-obraczka-slubna-z-bialego-i-czerwonego-zlota\/#primaryimage","url":"https:\/\/fashiongold.lt\/wp-content\/uploads\/2025\/10\/87-078-VESTUVINIS-ZIEDAS-MEILES-SINTEZE.png","contentUrl":"https:\/\/fashiongold.lt\/wp-content\/uploads\/2025\/10\/87-078-VESTUVINIS-ZIEDAS-MEILES-SINTEZE.png","width":444,"height":438},{"@type":"BreadcrumbList","@id":"https:\/\/fashiongold.lt\/pl\/papuosalas\/synteza-milosci-klasyczna-obraczka-slubna-z-bialego-i-czerwonego-zlota\/#breadcrumb","itemListElement":[{"@type":"ListItem","position":1,"name":"Home","item":"https:\/\/fashiongold.lt\/pl\/"},{"@type":"ListItem","position":2,"name":"Sklep z diamentami Fashiongold.lt","item":"https:\/\/fashiongold.lt\/shop-2\/"},{"@type":"ListItem","position":3,"name":"Synteza mi\u0142o\u015bci \u2013 klasyczna obr\u0105czka \u015blubna z bia\u0142ego i czerwonego z\u0142ota"}]},{"@type":"WebSite","@id":"https:\/\/fashiongold.lt\/pl\/#website","url":"https:\/\/fashiongold.lt\/pl\/","name":"Fashion Gold","description":"Juvelyrikos namai","publisher":{"@id":"https:\/\/fashiongold.lt\/pl\/#organization"},"potentialAction":[{"@type":"SearchAction","target":{"@type":"EntryPoint","urlTemplate":"https:\/\/fashiongold.lt\/pl\/?s={search_term_string}"},"query-input":{"@type":"PropertyValueSpecification","valueRequired":true,"valueName":"search_term_string"}}],"inLanguage":"pl-PL"},{"@type":"Organization","@id":"https:\/\/fashiongold.lt\/pl\/#organization","name":"Topdiamonds Online","url":"https:\/\/fashiongold.lt\/pl\/","logo":{"@type":"ImageObject","inLanguage":"pl-PL","@id":"https:\/\/fashiongold.lt\/pl\/#\/schema\/logo\/image\/","url":"https:\/\/fashiongold.lt\/wp-content\/uploads\/2025\/04\/cropped-fashion_gold_logotipas2-scaled-1.png","contentUrl":"https:\/\/fashiongold.lt\/wp-content\/uploads\/2025\/04\/cropped-fashion_gold_logotipas2-scaled-1.png","width":2559,"height":421,"caption":"Topdiamonds Online"},"image":{"@id":"https:\/\/fashiongold.lt\/pl\/#\/schema\/logo\/image\/"}}]}},"_links":{"self":[{"href":"https:\/\/fashiongold.lt\/pl\/wp-json\/wp\/v2\/product\/286277","targetHints":{"allow":["GET"]}}],"collection":[{"href":"https:\/\/fashiongold.lt\/pl\/wp-json\/wp\/v2\/product"}],"about":[{"href":"https:\/\/fashiongold.lt\/pl\/wp-json\/wp\/v2\/types\/product"}],"version-history":[{"count":0,"href":"https:\/\/fashiongold.lt\/pl\/wp-json\/wp\/v2\/product\/286277\/revisions"}],"wp:featuredmedia":[{"embeddable":true,"href":"https:\/\/fashiongold.lt\/pl\/wp-json\/wp\/v2\/media\/40143"}],"wp:attachment":[{"href":"https:\/\/fashiongold.lt\/pl\/wp-json\/wp\/v2\/media?parent=286277"}],"wp:term":[{"taxonomy":"product_brand","embeddable":true,"href":"https:\/\/fashiongold.lt\/pl\/wp-json\/wp\/v2\/product_brand?post=286277"},{"taxonomy":"product_cat","embeddable":true,"href":"https:\/\/fashiongold.lt\/pl\/wp-json\/wp\/v2\/product_cat?post=286277"},{"taxonomy":"product_tag","embeddable":true,"href":"https:\/\/fashiongold.lt\/pl\/wp-json\/wp\/v2\/product_tag?post=286277"}],"curies":[{"name":"wp","href":"https:\/\/api.w.org\/{rel}","templated":true}]}}