{"id":286330,"date":"2025-10-09T16:39:24","date_gmt":"2025-10-09T16:39:24","guid":{"rendered":"https:\/\/fashiongold.lt\/papuosalas\/obraczka-slubna-klasyczna-elegancja-czerwone-zloto\/"},"modified":"2025-10-09T16:39:24","modified_gmt":"2025-10-09T16:39:24","slug":"obraczka-slubna-klasyczna-elegancja-czerwone-zloto","status":"publish","type":"product","link":"https:\/\/fashiongold.lt\/pl\/papuosalas\/obraczka-slubna-klasyczna-elegancja-czerwone-zloto\/","title":{"rendered":"OBR\u0104CZKA \u015aLUBNA \u201eKLASYCZNA ELEGANCJA\u201d (czerwone z\u0142oto)"},"content":{"rendered":"<p>R\u0119cznie wykonana obr\u0105czka \u015blubna o klasycznym wzorze. Taka, jak\u0105 nosili nasi rodzice i taka, kt\u00f3r\u0105 b\u0119dziemy mogli przekaza\u0107 naszym dzieciom. T\u0119 obr\u0105czk\u0119 \u015blubn\u0105 mo\u017cna wykona\u0107 z nast\u0119puj\u0105cych metali i pr\u00f3b: z\u0142ota pr\u00f3by 585, 750. Kolor metalu: na \u017cyczenie. Szeroko\u015b\u0107 obr\u0105czki: 6 mm (mo\u017cliwo\u015b\u0107 zmiany).<\/p>\n<p>Wykonujemy i dostarczamy w ci\u0105gu 14 dni roboczych<\/p>\n","protected":false},"excerpt":{"rendered":"<p>R\u0119cznie robiona obr\u0105czka \u015blubna o klasycznym wzornictwie.<\/p>\n","protected":false},"featured_media":40002,"template":"","meta":{"site-sidebar-layout":"","site-content-layout":"","ast-site-content-layout":"","site-content-style":"","site-sidebar-style":"","ast-global-header-display":"","ast-banner-title-visibility":"","ast-main-header-display":"","ast-hfb-above-header-display":"","ast-hfb-below-header-display":"","ast-hfb-mobile-header-display":"","site-post-title":"","ast-breadcrumbs-content":"","ast-featured-img":"","footer-sml-layout":"","ast-disable-related-posts":"","theme-transparent-header-meta":"","adv-header-id-meta":"","stick-header-meta":"","header-above-stick-meta":"","header-main-stick-meta":"","header-below-stick-meta":"","astra-migrate-meta-layouts":"default","ast-page-background-enabled":"default","ast-page-background-meta":{"desktop":{"background-color":"var(--ast-global-color-4)","background-image":"","background-repeat":"repeat","background-position":"center center","background-size":"auto","background-attachment":"scroll","background-type":"","background-media":"","overlay-type":"","overlay-color":"","overlay-opacity":"","overlay-gradient":""},"tablet":{"background-color":"","background-image":"","background-repeat":"repeat","background-position":"center center","background-size":"auto","background-attachment":"scroll","background-type":"","background-media":"","overlay-type":"","overlay-color":"","overlay-opacity":"","overlay-gradient":""},"mobile":{"background-color":"","background-image":"","background-repeat":"repeat","background-position":"center center","background-size":"auto","background-attachment":"scroll","background-type":"","background-media":"","overlay-type":"","overlay-color":"","overlay-opacity":"","overlay-gradient":""}},"ast-content-background-meta":{"desktop":{"background-color":"var(--ast-global-color-5)","background-image":"","background-repeat":"repeat","background-position":"center center","background-size":"auto","background-attachment":"scroll","background-type":"","background-media":"","overlay-type":"","overlay-color":"","overlay-opacity":"","overlay-gradient":""},"tablet":{"background-color":"var(--ast-global-color-5)","background-image":"","background-repeat":"repeat","background-position":"center center","background-size":"auto","background-attachment":"scroll","background-type":"","background-media":"","overlay-type":"","overlay-color":"","overlay-opacity":"","overlay-gradient":""},"mobile":{"background-color":"var(--ast-global-color-5)","background-image":"","background-repeat":"repeat","background-position":"center center","background-size":"auto","background-attachment":"scroll","background-type":"","background-media":"","overlay-type":"","overlay-color":"","overlay-opacity":"","overlay-gradient":""}}},"product_brand":[],"product_cat":[3303],"product_tag":[],"class_list":{"0":"post-286330","1":"product","2":"type-product","3":"status-publish","4":"has-post-thumbnail","6":"product_cat-obraczki-slubne","7":"desktop-align-center","8":"tablet-align-left","9":"mobile-align-left","10":"ast-product-gallery-layout-horizontal-slider","11":"ast-product-gallery-with-no-image","12":"ast-product-single-variable","13":"ast-product-tabs-layout-accordion","14":"ast-qv-on-image","16":"first","17":"instock","18":"taxable","19":"shipping-taxable","20":"purchasable","21":"product-type-variable"},"yoast_head":"<!-- This site is optimized with the Yoast SEO plugin v26.6 - https:\/\/yoast.com\/wordpress\/plugins\/seo\/ -->\n<title>Obr\u0105czka \u015blubna z czerwonego z\u0142ota \u201eKlasyczna elegancja\u201d - Fashiongold.lt<\/title>\n<meta name=\"robots\" content=\"index, follow, max-snippet:-1, max-image-preview:large, max-video-preview:-1\" \/>\n<link rel=\"canonical\" href=\"https:\/\/fashiongold.lt\/pl\/papuosalas\/obraczka-slubna-klasyczna-elegancja-czerwone-zloto\/\" \/>\n<meta property=\"og:locale\" content=\"pl_PL\" \/>\n<meta property=\"og:type\" content=\"article\" \/>\n<meta property=\"og:title\" content=\"Obr\u0105czka \u015blubna z czerwonego z\u0142ota \u201eKlasyczna elegancja\u201d - Fashiongold.lt\" \/>\n<meta property=\"og:description\" content=\"R\u0119cznie robiona obr\u0105czka \u015blubna o klasycznym wzornictwie.\" \/>\n<meta property=\"og:url\" content=\"https:\/\/fashiongold.lt\/pl\/papuosalas\/obraczka-slubna-klasyczna-elegancja-czerwone-zloto\/\" \/>\n<meta property=\"og:site_name\" content=\"FashionGold.lt\" \/>\n<meta property=\"og:image\" content=\"https:\/\/fashiongold.lt\/wp-content\/uploads\/2025\/10\/516-43e-VESTUVINIS-ZIEDAS-KLASIKINE-ELEGANCIJA-raudonas-auksas.webp\" \/>\n\t<meta property=\"og:image:width\" content=\"505\" \/>\n\t<meta property=\"og:image:height\" content=\"483\" \/>\n\t<meta property=\"og:image:type\" content=\"image\/jpeg\" \/>\n<meta name=\"twitter:card\" content=\"summary_large_image\" \/>\n<script type=\"application\/ld+json\" class=\"yoast-schema-graph\">{\"@context\":\"https:\/\/schema.org\",\"@graph\":[{\"@type\":\"WebPage\",\"@id\":\"https:\/\/fashiongold.lt\/pl\/papuosalas\/obraczka-slubna-klasyczna-elegancja-czerwone-zloto\/\",\"url\":\"https:\/\/fashiongold.lt\/pl\/papuosalas\/obraczka-slubna-klasyczna-elegancja-czerwone-zloto\/\",\"name\":\"Obr\u0105czka \u015blubna z czerwonego z\u0142ota \u201eKlasyczna elegancja\u201d - Fashiongold.lt\",\"isPartOf\":{\"@id\":\"https:\/\/fashiongold.lt\/pl\/#website\"},\"primaryImageOfPage\":{\"@id\":\"https:\/\/fashiongold.lt\/pl\/papuosalas\/obraczka-slubna-klasyczna-elegancja-czerwone-zloto\/#primaryimage\"},\"image\":{\"@id\":\"https:\/\/fashiongold.lt\/pl\/papuosalas\/obraczka-slubna-klasyczna-elegancja-czerwone-zloto\/#primaryimage\"},\"thumbnailUrl\":\"https:\/\/fashiongold.lt\/wp-content\/uploads\/2025\/10\/516-43e-VESTUVINIS-ZIEDAS-KLASIKINE-ELEGANCIJA-raudonas-auksas.jpg\",\"datePublished\":\"2025-10-09T16:39:24+00:00\",\"breadcrumb\":{\"@id\":\"https:\/\/fashiongold.lt\/pl\/papuosalas\/obraczka-slubna-klasyczna-elegancja-czerwone-zloto\/#breadcrumb\"},\"inLanguage\":\"pl-PL\",\"potentialAction\":[{\"@type\":\"ReadAction\",\"target\":[\"https:\/\/fashiongold.lt\/pl\/papuosalas\/obraczka-slubna-klasyczna-elegancja-czerwone-zloto\/\"]}]},{\"@type\":\"ImageObject\",\"inLanguage\":\"pl-PL\",\"@id\":\"https:\/\/fashiongold.lt\/pl\/papuosalas\/obraczka-slubna-klasyczna-elegancja-czerwone-zloto\/#primaryimage\",\"url\":\"https:\/\/fashiongold.lt\/wp-content\/uploads\/2025\/10\/516-43e-VESTUVINIS-ZIEDAS-KLASIKINE-ELEGANCIJA-raudonas-auksas.jpg\",\"contentUrl\":\"https:\/\/fashiongold.lt\/wp-content\/uploads\/2025\/10\/516-43e-VESTUVINIS-ZIEDAS-KLASIKINE-ELEGANCIJA-raudonas-auksas.jpg\",\"width\":505,\"height\":483},{\"@type\":\"BreadcrumbList\",\"@id\":\"https:\/\/fashiongold.lt\/pl\/papuosalas\/obraczka-slubna-klasyczna-elegancja-czerwone-zloto\/#breadcrumb\",\"itemListElement\":[{\"@type\":\"ListItem\",\"position\":1,\"name\":\"Home\",\"item\":\"https:\/\/fashiongold.lt\/pl\/\"},{\"@type\":\"ListItem\",\"position\":2,\"name\":\"Sklep z diamentami Fashiongold.lt\",\"item\":\"https:\/\/fashiongold.lt\/shop-2\/\"},{\"@type\":\"ListItem\",\"position\":3,\"name\":\"OBR\u0104CZKA \u015aLUBNA \u201eKLASYCZNA ELEGANCJA\u201d (czerwone z\u0142oto)\"}]},{\"@type\":\"WebSite\",\"@id\":\"https:\/\/fashiongold.lt\/pl\/#website\",\"url\":\"https:\/\/fashiongold.lt\/pl\/\",\"name\":\"Fashion Gold\",\"description\":\"Juvelyrikos namai\",\"publisher\":{\"@id\":\"https:\/\/fashiongold.lt\/pl\/#organization\"},\"potentialAction\":[{\"@type\":\"SearchAction\",\"target\":{\"@type\":\"EntryPoint\",\"urlTemplate\":\"https:\/\/fashiongold.lt\/pl\/?s={search_term_string}\"},\"query-input\":{\"@type\":\"PropertyValueSpecification\",\"valueRequired\":true,\"valueName\":\"search_term_string\"}}],\"inLanguage\":\"pl-PL\"},{\"@type\":\"Organization\",\"@id\":\"https:\/\/fashiongold.lt\/pl\/#organization\",\"name\":\"Topdiamonds Online\",\"url\":\"https:\/\/fashiongold.lt\/pl\/\",\"logo\":{\"@type\":\"ImageObject\",\"inLanguage\":\"pl-PL\",\"@id\":\"https:\/\/fashiongold.lt\/pl\/#\/schema\/logo\/image\/\",\"url\":\"https:\/\/fashiongold.lt\/wp-content\/uploads\/2025\/04\/cropped-fashion_gold_logotipas2-scaled-1.png\",\"contentUrl\":\"https:\/\/fashiongold.lt\/wp-content\/uploads\/2025\/04\/cropped-fashion_gold_logotipas2-scaled-1.png\",\"width\":2559,\"height\":421,\"caption\":\"Topdiamonds Online\"},\"image\":{\"@id\":\"https:\/\/fashiongold.lt\/pl\/#\/schema\/logo\/image\/\"}}]}<\/script>\n<!-- \/ Yoast SEO plugin. -->","yoast_head_json":{"title":"Obr\u0105czka \u015blubna z czerwonego z\u0142ota \u201eKlasyczna elegancja\u201d - Fashiongold.lt","robots":{"index":"index","follow":"follow","max-snippet":"max-snippet:-1","max-image-preview":"max-image-preview:large","max-video-preview":"max-video-preview:-1"},"canonical":"https:\/\/fashiongold.lt\/pl\/papuosalas\/obraczka-slubna-klasyczna-elegancja-czerwone-zloto\/","og_locale":"pl_PL","og_type":"article","og_title":"Obr\u0105czka \u015blubna z czerwonego z\u0142ota \u201eKlasyczna elegancja\u201d - Fashiongold.lt","og_description":"R\u0119cznie robiona obr\u0105czka \u015blubna o klasycznym wzornictwie.","og_url":"https:\/\/fashiongold.lt\/pl\/papuosalas\/obraczka-slubna-klasyczna-elegancja-czerwone-zloto\/","og_site_name":"FashionGold.lt","og_image":[{"width":505,"height":483,"url":"https:\/\/fashiongold.lt\/wp-content\/uploads\/2025\/10\/516-43e-VESTUVINIS-ZIEDAS-KLASIKINE-ELEGANCIJA-raudonas-auksas.webp","type":"image\/jpeg"}],"twitter_card":"summary_large_image","schema":{"@context":"https:\/\/schema.org","@graph":[{"@type":"WebPage","@id":"https:\/\/fashiongold.lt\/pl\/papuosalas\/obraczka-slubna-klasyczna-elegancja-czerwone-zloto\/","url":"https:\/\/fashiongold.lt\/pl\/papuosalas\/obraczka-slubna-klasyczna-elegancja-czerwone-zloto\/","name":"Obr\u0105czka \u015blubna z czerwonego z\u0142ota \u201eKlasyczna elegancja\u201d - Fashiongold.lt","isPartOf":{"@id":"https:\/\/fashiongold.lt\/pl\/#website"},"primaryImageOfPage":{"@id":"https:\/\/fashiongold.lt\/pl\/papuosalas\/obraczka-slubna-klasyczna-elegancja-czerwone-zloto\/#primaryimage"},"image":{"@id":"https:\/\/fashiongold.lt\/pl\/papuosalas\/obraczka-slubna-klasyczna-elegancja-czerwone-zloto\/#primaryimage"},"thumbnailUrl":"https:\/\/fashiongold.lt\/wp-content\/uploads\/2025\/10\/516-43e-VESTUVINIS-ZIEDAS-KLASIKINE-ELEGANCIJA-raudonas-auksas.jpg","datePublished":"2025-10-09T16:39:24+00:00","breadcrumb":{"@id":"https:\/\/fashiongold.lt\/pl\/papuosalas\/obraczka-slubna-klasyczna-elegancja-czerwone-zloto\/#breadcrumb"},"inLanguage":"pl-PL","potentialAction":[{"@type":"ReadAction","target":["https:\/\/fashiongold.lt\/pl\/papuosalas\/obraczka-slubna-klasyczna-elegancja-czerwone-zloto\/"]}]},{"@type":"ImageObject","inLanguage":"pl-PL","@id":"https:\/\/fashiongold.lt\/pl\/papuosalas\/obraczka-slubna-klasyczna-elegancja-czerwone-zloto\/#primaryimage","url":"https:\/\/fashiongold.lt\/wp-content\/uploads\/2025\/10\/516-43e-VESTUVINIS-ZIEDAS-KLASIKINE-ELEGANCIJA-raudonas-auksas.jpg","contentUrl":"https:\/\/fashiongold.lt\/wp-content\/uploads\/2025\/10\/516-43e-VESTUVINIS-ZIEDAS-KLASIKINE-ELEGANCIJA-raudonas-auksas.jpg","width":505,"height":483},{"@type":"BreadcrumbList","@id":"https:\/\/fashiongold.lt\/pl\/papuosalas\/obraczka-slubna-klasyczna-elegancja-czerwone-zloto\/#breadcrumb","itemListElement":[{"@type":"ListItem","position":1,"name":"Home","item":"https:\/\/fashiongold.lt\/pl\/"},{"@type":"ListItem","position":2,"name":"Sklep z diamentami Fashiongold.lt","item":"https:\/\/fashiongold.lt\/shop-2\/"},{"@type":"ListItem","position":3,"name":"OBR\u0104CZKA \u015aLUBNA \u201eKLASYCZNA ELEGANCJA\u201d (czerwone z\u0142oto)"}]},{"@type":"WebSite","@id":"https:\/\/fashiongold.lt\/pl\/#website","url":"https:\/\/fashiongold.lt\/pl\/","name":"Fashion Gold","description":"Juvelyrikos namai","publisher":{"@id":"https:\/\/fashiongold.lt\/pl\/#organization"},"potentialAction":[{"@type":"SearchAction","target":{"@type":"EntryPoint","urlTemplate":"https:\/\/fashiongold.lt\/pl\/?s={search_term_string}"},"query-input":{"@type":"PropertyValueSpecification","valueRequired":true,"valueName":"search_term_string"}}],"inLanguage":"pl-PL"},{"@type":"Organization","@id":"https:\/\/fashiongold.lt\/pl\/#organization","name":"Topdiamonds Online","url":"https:\/\/fashiongold.lt\/pl\/","logo":{"@type":"ImageObject","inLanguage":"pl-PL","@id":"https:\/\/fashiongold.lt\/pl\/#\/schema\/logo\/image\/","url":"https:\/\/fashiongold.lt\/wp-content\/uploads\/2025\/04\/cropped-fashion_gold_logotipas2-scaled-1.png","contentUrl":"https:\/\/fashiongold.lt\/wp-content\/uploads\/2025\/04\/cropped-fashion_gold_logotipas2-scaled-1.png","width":2559,"height":421,"caption":"Topdiamonds Online"},"image":{"@id":"https:\/\/fashiongold.lt\/pl\/#\/schema\/logo\/image\/"}}]}},"_links":{"self":[{"href":"https:\/\/fashiongold.lt\/pl\/wp-json\/wp\/v2\/product\/286330","targetHints":{"allow":["GET"]}}],"collection":[{"href":"https:\/\/fashiongold.lt\/pl\/wp-json\/wp\/v2\/product"}],"about":[{"href":"https:\/\/fashiongold.lt\/pl\/wp-json\/wp\/v2\/types\/product"}],"version-history":[{"count":0,"href":"https:\/\/fashiongold.lt\/pl\/wp-json\/wp\/v2\/product\/286330\/revisions"}],"wp:featuredmedia":[{"embeddable":true,"href":"https:\/\/fashiongold.lt\/pl\/wp-json\/wp\/v2\/media\/40002"}],"wp:attachment":[{"href":"https:\/\/fashiongold.lt\/pl\/wp-json\/wp\/v2\/media?parent=286330"}],"wp:term":[{"taxonomy":"product_brand","embeddable":true,"href":"https:\/\/fashiongold.lt\/pl\/wp-json\/wp\/v2\/product_brand?post=286330"},{"taxonomy":"product_cat","embeddable":true,"href":"https:\/\/fashiongold.lt\/pl\/wp-json\/wp\/v2\/product_cat?post=286330"},{"taxonomy":"product_tag","embeddable":true,"href":"https:\/\/fashiongold.lt\/pl\/wp-json\/wp\/v2\/product_tag?post=286330"}],"curies":[{"name":"wp","href":"https:\/\/api.w.org\/{rel}","templated":true}]}}