{"id":286713,"date":"2025-10-09T16:31:45","date_gmt":"2025-10-09T16:31:45","guid":{"rendered":"https:\/\/fashiongold.lt\/papuosalas\/miarka-rozmiaru-pierscionka\/"},"modified":"2026-02-16T12:51:37","modified_gmt":"2026-02-16T12:51:37","slug":"miarka-rozmiaru-pierscionka","status":"publish","type":"product","link":"https:\/\/fashiongold.lt\/pl\/papuosalas\/miarka-rozmiaru-pierscionka\/","title":{"rendered":"MIARKA ROZMIARU PIER\u015aCIONKA"},"content":{"rendered":"<h2><strong>Miarka do rozmiaru pier\u015bcionka \u2013 dok\u0142adny pomiar w domu<\/strong><\/h2>\n<p>Ta miarka pozwala na szybki i dok\u0142adny pomiar rozmiaru palca w warunkach domowych. Dzi\u0119ki wyra\u017anie oznaczonej skali mo\u017cesz \u0142atwo okre\u015bli\u0107 rozmiar pier\u015bcionka zgodnie z mi\u0119dzynarodowymi standardami (US, UK, EU). Jest to szczeg\u00f3lnie przydatne, je\u015bli planujesz zakup pier\u015bcionka przez internet lub chcesz zrobi\u0107 niespodziank\u0119 bliskiej osobie, nie znaj\u0105c jej dok\u0142adnego rozmiaru.<\/p>\n<p>Zestaw do okre\u015blania rozmiaru pier\u015bcionka jest prosty i wygodny w u\u017cyciu, odpowiedni zar\u00f3wno dla kobiet, jak i m\u0119\u017cczyzn. Mo\u017cna nim zmierzy\u0107 r\u00f3\u017cne rozmiary, od bardzo ma\u0142ych do du\u017cych, dzi\u0119ki czemu przyda si\u0119 ka\u017cdemu. Wyra\u017ana, \u0142atwa do odczytania skala nie pozostawia w\u0105tpliwo\u015bci, a lekka i kompaktowa konstrukcja sprawia, \u017ce miark\u0119 wygodnie jest przechowywa\u0107 w domu lub zabra\u0107 ze sob\u0105.<\/p>\n<h2>Privalumai:<\/h2>\n<p>&#8211; Pomaga unikn\u0105\u0107 zwrotu lub wymiany pier\u015bcionka o niew\u0142a\u015bciwym rozmiarze.<br \/>\n&#8211; Doskona\u0142e narz\u0119dzie podczas przygotowa\u0144 do zar\u0119czyn lub innej wa\u017cnej okazji.<br \/>\n&#8211; Idealnie nadaje si\u0119 do w\u0142asnej kolekcji bi\u017cuterii lub do u\u017cytku profesjonalnego.<\/p>\n<h2>Naudojimo instrukcija:<\/h2>\n<p>1. Za\u0142\u00f3\u017c miark\u0119 na wybrany palec.<br \/>\n2. Delikatnie zaci\u015bnij, a\u017c miarka b\u0119dzie wygodnie przylega\u0107, ale nie b\u0119dzie uciska\u0107.<br \/>\n3. Zablokuj pozycj\u0119 i odczytaj rozmiar.<\/p>\n<p><strong>Svarbu:<\/strong> zaleca si\u0119 wykonywanie pomiaru wieczorem, kiedy palce naturalnie nieco puchn\u0105, aby wynik by\u0142 jak najdok\u0142adniejszy.<\/p>\n<p>Odkryj wygodny i niezawodny spos\u00f3b na dok\u0142adne okre\u015blenie rozmiaru pier\u015bcionka \u2013 zar\u00f3wno dla siebie, jak i dla bliskich z <a href=\"https:\/\/fashiongold.lt\/pl\/\" target=\"_blank\" rel=\"noopener\">FashionGold.lt<\/a>.<\/p>\n","protected":false},"excerpt":{"rendered":"<p>Miarka do rozmiaru pier\u015bcionka \u2013 dok\u0142adny pomiar w domu Ta miarka pozwala na szybki i dok\u0142adny pomiar rozmiaru palca w [&hellip;]<\/p>\n","protected":false},"featured_media":38571,"template":"","meta":{"site-sidebar-layout":"default","site-content-layout":"","ast-site-content-layout":"default","site-content-style":"default","site-sidebar-style":"default","ast-global-header-display":"","ast-banner-title-visibility":"","ast-main-header-display":"","ast-hfb-above-header-display":"","ast-hfb-below-header-display":"","ast-hfb-mobile-header-display":"","site-post-title":"","ast-breadcrumbs-content":"","ast-featured-img":"","footer-sml-layout":"","ast-disable-related-posts":"","theme-transparent-header-meta":"default","adv-header-id-meta":"","stick-header-meta":"","header-above-stick-meta":"","header-main-stick-meta":"","header-below-stick-meta":"","astra-migrate-meta-layouts":"default","ast-page-background-enabled":"default","ast-page-background-meta":{"desktop":{"background-color":"var(--ast-global-color-4)","background-image":"","background-repeat":"repeat","background-position":"center center","background-size":"auto","background-attachment":"scroll","background-type":"","background-media":"","overlay-type":"","overlay-color":"","overlay-opacity":"","overlay-gradient":""},"tablet":{"background-color":"","background-image":"","background-repeat":"repeat","background-position":"center center","background-size":"auto","background-attachment":"scroll","background-type":"","background-media":"","overlay-type":"","overlay-color":"","overlay-opacity":"","overlay-gradient":""},"mobile":{"background-color":"","background-image":"","background-repeat":"repeat","background-position":"center center","background-size":"auto","background-attachment":"scroll","background-type":"","background-media":"","overlay-type":"","overlay-color":"","overlay-opacity":"","overlay-gradient":""}},"ast-content-background-meta":{"desktop":{"background-color":"var(--ast-global-color-5)","background-image":"","background-repeat":"repeat","background-position":"center center","background-size":"auto","background-attachment":"scroll","background-type":"","background-media":"","overlay-type":"","overlay-color":"","overlay-opacity":"","overlay-gradient":""},"tablet":{"background-color":"var(--ast-global-color-5)","background-image":"","background-repeat":"repeat","background-position":"center center","background-size":"auto","background-attachment":"scroll","background-type":"","background-media":"","overlay-type":"","overlay-color":"","overlay-opacity":"","overlay-gradient":""},"mobile":{"background-color":"var(--ast-global-color-5)","background-image":"","background-repeat":"repeat","background-position":"center center","background-size":"auto","background-attachment":"scroll","background-type":"","background-media":"","overlay-type":"","overlay-color":"","overlay-opacity":"","overlay-gradient":""}}},"product_brand":[],"product_cat":[3354],"product_tag":[],"class_list":{"0":"post-286713","1":"product","2":"type-product","3":"status-publish","4":"has-post-thumbnail","6":"product_cat-bez-kategorii-pl","7":"desktop-align-center","8":"tablet-align-left","9":"mobile-align-left","10":"ast-product-gallery-layout-horizontal-slider","11":"ast-product-tabs-layout-accordion","12":"ast-qv-on-image","14":"first","15":"instock","16":"taxable","17":"shipping-taxable","18":"purchasable","19":"product-type-simple"},"yoast_head":"<!-- This site is optimized with the Yoast SEO plugin v26.6 - https:\/\/yoast.com\/wordpress\/plugins\/seo\/ -->\n<title>Miarka rozmiaru pier\u015bcionka - Zestaw do pomiaru rozmiaru<\/title>\n<meta name=\"description\" content=\"Upro\u015b\u0107 pomiar rozmiaru pier\u015bcionka w domu \u2013 uzyskaj dok\u0142adne dane, unikaj\u0105c papierowych improwizacji i \u201eocen na oko\u201d.\" \/>\n<meta name=\"robots\" content=\"index, follow, max-snippet:-1, max-image-preview:large, max-video-preview:-1\" \/>\n<link rel=\"canonical\" href=\"https:\/\/fashiongold.lt\/pl\/papuosalas\/miarka-rozmiaru-pierscionka\/\" \/>\n<meta property=\"og:locale\" content=\"pl_PL\" \/>\n<meta property=\"og:type\" content=\"article\" \/>\n<meta property=\"og:title\" content=\"Miarka rozmiaru pier\u015bcionka - Zestaw do pomiaru rozmiaru\" \/>\n<meta property=\"og:description\" content=\"Upro\u015b\u0107 pomiar rozmiaru pier\u015bcionka w domu \u2013 uzyskaj dok\u0142adne dane, unikaj\u0105c papierowych improwizacji i \u201eocen na oko\u201d.\" \/>\n<meta property=\"og:url\" content=\"https:\/\/fashiongold.lt\/pl\/papuosalas\/miarka-rozmiaru-pierscionka\/\" \/>\n<meta property=\"og:site_name\" content=\"FashionGold.lt\" \/>\n<meta property=\"article:modified_time\" content=\"2026-02-16T12:51:37+00:00\" \/>\n<meta property=\"og:image\" content=\"https:\/\/fashiongold.lt\/wp-content\/uploads\/2025\/10\/ziedo-dydzio-matuoklis.webp\" \/>\n\t<meta property=\"og:image:width\" content=\"800\" \/>\n\t<meta property=\"og:image:height\" content=\"800\" \/>\n\t<meta property=\"og:image:type\" content=\"image\/jpeg\" \/>\n<meta name=\"twitter:card\" content=\"summary_large_image\" \/>\n<meta name=\"twitter:label1\" content=\"Szacowany czas czytania\" \/>\n\t<meta name=\"twitter:data1\" content=\"1 minuta\" \/>\n<script type=\"application\/ld+json\" class=\"yoast-schema-graph\">{\"@context\":\"https:\/\/schema.org\",\"@graph\":[{\"@type\":\"WebPage\",\"@id\":\"https:\/\/fashiongold.lt\/pl\/papuosalas\/miarka-rozmiaru-pierscionka\/\",\"url\":\"https:\/\/fashiongold.lt\/pl\/papuosalas\/miarka-rozmiaru-pierscionka\/\",\"name\":\"Miarka rozmiaru pier\u015bcionka - Zestaw do pomiaru rozmiaru\",\"isPartOf\":{\"@id\":\"https:\/\/fashiongold.lt\/pl\/#website\"},\"primaryImageOfPage\":{\"@id\":\"https:\/\/fashiongold.lt\/pl\/papuosalas\/miarka-rozmiaru-pierscionka\/#primaryimage\"},\"image\":{\"@id\":\"https:\/\/fashiongold.lt\/pl\/papuosalas\/miarka-rozmiaru-pierscionka\/#primaryimage\"},\"thumbnailUrl\":\"https:\/\/fashiongold.lt\/wp-content\/uploads\/2025\/10\/ziedo-dydzio-matuoklis.jpg\",\"datePublished\":\"2025-10-09T16:31:45+00:00\",\"dateModified\":\"2026-02-16T12:51:37+00:00\",\"description\":\"Upro\u015b\u0107 pomiar rozmiaru pier\u015bcionka w domu \u2013 uzyskaj dok\u0142adne dane, unikaj\u0105c papierowych improwizacji i \u201eocen na oko\u201d.\",\"breadcrumb\":{\"@id\":\"https:\/\/fashiongold.lt\/pl\/papuosalas\/miarka-rozmiaru-pierscionka\/#breadcrumb\"},\"inLanguage\":\"pl-PL\",\"potentialAction\":[{\"@type\":\"ReadAction\",\"target\":[\"https:\/\/fashiongold.lt\/pl\/papuosalas\/miarka-rozmiaru-pierscionka\/\"]}]},{\"@type\":\"ImageObject\",\"inLanguage\":\"pl-PL\",\"@id\":\"https:\/\/fashiongold.lt\/pl\/papuosalas\/miarka-rozmiaru-pierscionka\/#primaryimage\",\"url\":\"https:\/\/fashiongold.lt\/wp-content\/uploads\/2025\/10\/ziedo-dydzio-matuoklis.jpg\",\"contentUrl\":\"https:\/\/fashiongold.lt\/wp-content\/uploads\/2025\/10\/ziedo-dydzio-matuoklis.jpg\",\"width\":800,\"height\":800},{\"@type\":\"BreadcrumbList\",\"@id\":\"https:\/\/fashiongold.lt\/pl\/papuosalas\/miarka-rozmiaru-pierscionka\/#breadcrumb\",\"itemListElement\":[{\"@type\":\"ListItem\",\"position\":1,\"name\":\"Home\",\"item\":\"https:\/\/fashiongold.lt\/pl\/\"},{\"@type\":\"ListItem\",\"position\":2,\"name\":\"Sklep z diamentami Fashiongold.lt\",\"item\":\"https:\/\/fashiongold.lt\/shop-2\/\"},{\"@type\":\"ListItem\",\"position\":3,\"name\":\"MIARKA ROZMIARU PIER\u015aCIONKA\"}]},{\"@type\":\"WebSite\",\"@id\":\"https:\/\/fashiongold.lt\/pl\/#website\",\"url\":\"https:\/\/fashiongold.lt\/pl\/\",\"name\":\"Fashion Gold\",\"description\":\"Juvelyrikos namai\",\"publisher\":{\"@id\":\"https:\/\/fashiongold.lt\/pl\/#organization\"},\"potentialAction\":[{\"@type\":\"SearchAction\",\"target\":{\"@type\":\"EntryPoint\",\"urlTemplate\":\"https:\/\/fashiongold.lt\/pl\/?s={search_term_string}\"},\"query-input\":{\"@type\":\"PropertyValueSpecification\",\"valueRequired\":true,\"valueName\":\"search_term_string\"}}],\"inLanguage\":\"pl-PL\"},{\"@type\":\"Organization\",\"@id\":\"https:\/\/fashiongold.lt\/pl\/#organization\",\"name\":\"Topdiamonds Online\",\"url\":\"https:\/\/fashiongold.lt\/pl\/\",\"logo\":{\"@type\":\"ImageObject\",\"inLanguage\":\"pl-PL\",\"@id\":\"https:\/\/fashiongold.lt\/pl\/#\/schema\/logo\/image\/\",\"url\":\"https:\/\/fashiongold.lt\/wp-content\/uploads\/2025\/04\/cropped-fashion_gold_logotipas2-scaled-1.png\",\"contentUrl\":\"https:\/\/fashiongold.lt\/wp-content\/uploads\/2025\/04\/cropped-fashion_gold_logotipas2-scaled-1.png\",\"width\":2559,\"height\":421,\"caption\":\"Topdiamonds Online\"},\"image\":{\"@id\":\"https:\/\/fashiongold.lt\/pl\/#\/schema\/logo\/image\/\"}}]}<\/script>\n<!-- \/ Yoast SEO plugin. -->","yoast_head_json":{"title":"Miarka rozmiaru pier\u015bcionka - Zestaw do pomiaru rozmiaru","description":"Upro\u015b\u0107 pomiar rozmiaru pier\u015bcionka w domu \u2013 uzyskaj dok\u0142adne dane, unikaj\u0105c papierowych improwizacji i \u201eocen na oko\u201d.","robots":{"index":"index","follow":"follow","max-snippet":"max-snippet:-1","max-image-preview":"max-image-preview:large","max-video-preview":"max-video-preview:-1"},"canonical":"https:\/\/fashiongold.lt\/pl\/papuosalas\/miarka-rozmiaru-pierscionka\/","og_locale":"pl_PL","og_type":"article","og_title":"Miarka rozmiaru pier\u015bcionka - Zestaw do pomiaru rozmiaru","og_description":"Upro\u015b\u0107 pomiar rozmiaru pier\u015bcionka w domu \u2013 uzyskaj dok\u0142adne dane, unikaj\u0105c papierowych improwizacji i \u201eocen na oko\u201d.","og_url":"https:\/\/fashiongold.lt\/pl\/papuosalas\/miarka-rozmiaru-pierscionka\/","og_site_name":"FashionGold.lt","article_modified_time":"2026-02-16T12:51:37+00:00","og_image":[{"width":800,"height":800,"url":"https:\/\/fashiongold.lt\/wp-content\/uploads\/2025\/10\/ziedo-dydzio-matuoklis.webp","type":"image\/jpeg"}],"twitter_card":"summary_large_image","twitter_misc":{"Szacowany czas czytania":"1 minuta"},"schema":{"@context":"https:\/\/schema.org","@graph":[{"@type":"WebPage","@id":"https:\/\/fashiongold.lt\/pl\/papuosalas\/miarka-rozmiaru-pierscionka\/","url":"https:\/\/fashiongold.lt\/pl\/papuosalas\/miarka-rozmiaru-pierscionka\/","name":"Miarka rozmiaru pier\u015bcionka - Zestaw do pomiaru rozmiaru","isPartOf":{"@id":"https:\/\/fashiongold.lt\/pl\/#website"},"primaryImageOfPage":{"@id":"https:\/\/fashiongold.lt\/pl\/papuosalas\/miarka-rozmiaru-pierscionka\/#primaryimage"},"image":{"@id":"https:\/\/fashiongold.lt\/pl\/papuosalas\/miarka-rozmiaru-pierscionka\/#primaryimage"},"thumbnailUrl":"https:\/\/fashiongold.lt\/wp-content\/uploads\/2025\/10\/ziedo-dydzio-matuoklis.jpg","datePublished":"2025-10-09T16:31:45+00:00","dateModified":"2026-02-16T12:51:37+00:00","description":"Upro\u015b\u0107 pomiar rozmiaru pier\u015bcionka w domu \u2013 uzyskaj dok\u0142adne dane, unikaj\u0105c papierowych improwizacji i \u201eocen na oko\u201d.","breadcrumb":{"@id":"https:\/\/fashiongold.lt\/pl\/papuosalas\/miarka-rozmiaru-pierscionka\/#breadcrumb"},"inLanguage":"pl-PL","potentialAction":[{"@type":"ReadAction","target":["https:\/\/fashiongold.lt\/pl\/papuosalas\/miarka-rozmiaru-pierscionka\/"]}]},{"@type":"ImageObject","inLanguage":"pl-PL","@id":"https:\/\/fashiongold.lt\/pl\/papuosalas\/miarka-rozmiaru-pierscionka\/#primaryimage","url":"https:\/\/fashiongold.lt\/wp-content\/uploads\/2025\/10\/ziedo-dydzio-matuoklis.jpg","contentUrl":"https:\/\/fashiongold.lt\/wp-content\/uploads\/2025\/10\/ziedo-dydzio-matuoklis.jpg","width":800,"height":800},{"@type":"BreadcrumbList","@id":"https:\/\/fashiongold.lt\/pl\/papuosalas\/miarka-rozmiaru-pierscionka\/#breadcrumb","itemListElement":[{"@type":"ListItem","position":1,"name":"Home","item":"https:\/\/fashiongold.lt\/pl\/"},{"@type":"ListItem","position":2,"name":"Sklep z diamentami Fashiongold.lt","item":"https:\/\/fashiongold.lt\/shop-2\/"},{"@type":"ListItem","position":3,"name":"MIARKA ROZMIARU PIER\u015aCIONKA"}]},{"@type":"WebSite","@id":"https:\/\/fashiongold.lt\/pl\/#website","url":"https:\/\/fashiongold.lt\/pl\/","name":"Fashion Gold","description":"Juvelyrikos namai","publisher":{"@id":"https:\/\/fashiongold.lt\/pl\/#organization"},"potentialAction":[{"@type":"SearchAction","target":{"@type":"EntryPoint","urlTemplate":"https:\/\/fashiongold.lt\/pl\/?s={search_term_string}"},"query-input":{"@type":"PropertyValueSpecification","valueRequired":true,"valueName":"search_term_string"}}],"inLanguage":"pl-PL"},{"@type":"Organization","@id":"https:\/\/fashiongold.lt\/pl\/#organization","name":"Topdiamonds Online","url":"https:\/\/fashiongold.lt\/pl\/","logo":{"@type":"ImageObject","inLanguage":"pl-PL","@id":"https:\/\/fashiongold.lt\/pl\/#\/schema\/logo\/image\/","url":"https:\/\/fashiongold.lt\/wp-content\/uploads\/2025\/04\/cropped-fashion_gold_logotipas2-scaled-1.png","contentUrl":"https:\/\/fashiongold.lt\/wp-content\/uploads\/2025\/04\/cropped-fashion_gold_logotipas2-scaled-1.png","width":2559,"height":421,"caption":"Topdiamonds Online"},"image":{"@id":"https:\/\/fashiongold.lt\/pl\/#\/schema\/logo\/image\/"}}]}},"_links":{"self":[{"href":"https:\/\/fashiongold.lt\/pl\/wp-json\/wp\/v2\/product\/286713","targetHints":{"allow":["GET"]}}],"collection":[{"href":"https:\/\/fashiongold.lt\/pl\/wp-json\/wp\/v2\/product"}],"about":[{"href":"https:\/\/fashiongold.lt\/pl\/wp-json\/wp\/v2\/types\/product"}],"version-history":[{"count":0,"href":"https:\/\/fashiongold.lt\/pl\/wp-json\/wp\/v2\/product\/286713\/revisions"}],"wp:featuredmedia":[{"embeddable":true,"href":"https:\/\/fashiongold.lt\/pl\/wp-json\/wp\/v2\/media\/38571"}],"wp:attachment":[{"href":"https:\/\/fashiongold.lt\/pl\/wp-json\/wp\/v2\/media?parent=286713"}],"wp:term":[{"taxonomy":"product_brand","embeddable":true,"href":"https:\/\/fashiongold.lt\/pl\/wp-json\/wp\/v2\/product_brand?post=286713"},{"taxonomy":"product_cat","embeddable":true,"href":"https:\/\/fashiongold.lt\/pl\/wp-json\/wp\/v2\/product_cat?post=286713"},{"taxonomy":"product_tag","embeddable":true,"href":"https:\/\/fashiongold.lt\/pl\/wp-json\/wp\/v2\/product_tag?post=286713"}],"curies":[{"name":"wp","href":"https:\/\/api.w.org\/{rel}","templated":true}]}}