{"id":286758,"date":"2025-10-09T16:29:32","date_gmt":"2025-10-09T16:29:32","guid":{"rendered":"https:\/\/fashiongold.lt\/papuosalas\/wykonanie-bizuterii-wedlug-indywidualnego-projektu\/"},"modified":"2026-02-16T12:52:14","modified_gmt":"2026-02-16T12:52:14","slug":"wykonanie-bizuterii-wedlug-indywidualnego-projektu","status":"publish","type":"product","link":"https:\/\/fashiongold.lt\/pl\/papuosalas\/wykonanie-bizuterii-wedlug-indywidualnego-projektu\/","title":{"rendered":"Wykonanie bi\u017cuterii wed\u0142ug indywidualnego projektu"},"content":{"rendered":"<div class=\"elementor-element elementor-element-10e2271 elementor-widget elementor-widget-woocommerce-product-short-description\" data-id=\"10e2271\" data-element_type=\"widget\" data-widget_type=\"woocommerce-product-short-description.default\">\n<div class=\"elementor-widget-container\">\n<div class=\"woocommerce-product-details__short-description\">\n<p><strong data-start=\"1692\" data-end=\"1715\">Co mo\u017cesz zam\u00f3wi\u0107?<\/strong><\/p>\n<p>&#8211; Pier\u015bcionek wed\u0142ug Twojego pomys\u0142u<br \/>\n&#8211; Zawieszk\u0119 o symbolicznym znaczeniu<br \/>\n&#8211; Kolczyki dopasowane do Twojego stylu<br \/>\n&#8211; \u0141a\u0144cuszek, jakiego nie ma nigdzie indziej<br \/>\n&#8211; Albo nawet przekszta\u0142ci\u0107 star\u0105 bi\u017cuteri\u0119 w now\u0105<\/p>\n<\/div>\n<div class=\"woocommerce-product-details__short-description\">\n<p>&nbsp;<\/p>\n<p><strong style=\"font-size: 16px;\">Wszystkie ceny s\u0105 orientacyjne. <\/strong><span style=\"font-size: 16px;\">Cena wy\u015bwietlana przy tym produkcie nie obejmuje materia\u0142\u00f3w \u2013 dok\u0142adna cena jest ustalana po ogl\u0119dzinach lub konsultacji.<\/span><\/p>\n<\/div>\n<\/div>\n<\/div>\n<div class=\"elementor-element elementor-element-5fc13b1 elementor-widget elementor-widget-woocommerce-product-content\" data-id=\"5fc13b1\" data-element_type=\"widget\" data-widget_type=\"woocommerce-product-content.default\">\n<div class=\"elementor-widget-container\">\n<p>Mo\u017cliwa <strong>produkcja ze z\u0142ota powierzonego przez klienta<\/strong> \u2013 p\u0142acisz tylko za robocizn\u0119 i dodatkowe materia\u0142y (np. diamenty, kamienie szlachetne).<\/p>\n<p><strong><br \/>\n<em>W CENIE PRODUKCJI ZAWARTE S\u0104:<\/em><\/strong><\/p>\n<p>\u2022 <strong><a href=\"https:\/\/fashiongold.lt\/pl\/patarimai-pl\/diament-rubin-szafir-szmaragd-certyfikaty-kamieni-szlachetnych\/\" target=\"_blank\" rel=\"noopener\">Certyfikaty<\/a><\/strong> (w zale\u017cno\u015bci od zam\u00f3wienia):<\/p>\n<p>Diamenty hodowane laboratoryjnie: certyfikat IGI.<br \/>\nNaturalne diamenty: certyfikat GIA.<br \/>\nLitewski Urz\u0105d Probierczy (LPR)<\/p>\n<p>\u2022 <a href=\"https:\/\/fashiongold.lt\/pl\/patarimai-pl\/pierscionki-zareczynowe-czy-mozna-wygrawerowac-pierscionek-detale-ktore-nadaja-twojemu-pierscionkowi-zareczynowemu-indywidualnego-charakteru\/\" target=\"_blank\" rel=\"noopener\"><strong>Grawerowanie<\/strong><\/a> bezp\u0142atnie<\/p>\n<p>\u2022 Jednorazowa <strong>bezp\u0142atna<\/strong> gwarancja zmiany rozmiaru<\/p>\n<p>\u2022 <a href=\"https:\/\/fashiongold.lt\/pl\/dostawa-i-zwroty\/\" target=\"_blank\" rel=\"noopener\"><strong>Termin produkcji i dostawy<\/strong><\/a>: 3\u20136 tygodni.<\/p>\n<p>&nbsp;<\/p>\n<p><strong><em>CENA PRODUKCJI NIE OBEJMUJE:<\/em><\/strong><\/p>\n<p>\u2022 <strong>Metale<\/strong> jubilerskie: 14K (pr\u00f3ba 585), 18K (pr\u00f3ba 750), platyna 900<\/p>\n<p>\u2022 <strong>Rozmiar i waga<\/strong> bi\u017cuterii: (zale\u017cy od rozmiaru i pr\u00f3by)<\/p>\n<p>\u2022 Kolor: <strong><a href=\"https:\/\/fashiongold.lt\/pl\/patarimai-pl\/pierscionki-zareczynowe-z-bialego-zlota-z-diamentami-naturalne-zloto-czy-rodowanie-cieply-odcien-czy-lodowy\/\" target=\"_blank\" rel=\"noopener\">rodowanie<\/a><\/strong><\/p>\n<p>\u2022 <strong><a href=\"https:\/\/fashiongold.lt\/pl\/patarimai-pl\/diament-inne-ksztalty-diamentu\/\" target=\"_blank\" rel=\"noopener\">Kszta\u0142ty diament\u00f3w<\/a><\/strong>: brak (mo\u017cliwo\u015b\u0107 zmiany)<\/p>\n<p>\u2022 <strong><a href=\"https:\/\/fashiongold.lt\/deimantu-tipai-ir-charakteristikos\/\" target=\"_blank\" rel=\"noopener\">Rodzaje i charakterystyka diament\u00f3w<\/a><\/strong>: brak (mo\u017cliwo\u015b\u0107 zmiany)<\/p>\n<p>&nbsp;<\/p>\n<p data-start=\"242\" data-end=\"464\">Masz z\u0142ot\u0105 bi\u017cuteri\u0119, kt\u00f3rej od dawna nie nosisz? Daj jej drugie \u017cycie. Je\u015bli Twoje z\u0142oto to cenna pami\u0105tka rodzinna lub relikwia pe\u0142na wspomnie\u0144, nasz jubiler z szacunkiem zamieni je w zam\u00f3wiony przez Ciebie wyr\u00f3b jubilerski, wart nowej historii. Bi\u017cuteri\u0119 mo\u017cna wykona\u0107 z Twojego z\u0142ota lub u\u017cy\u0107 naszych metali szlachetnych \u2013 a posiadan\u0105 przez Ciebie ilo\u015b\u0107 rozliczymy wed\u0142ug wagi. <a href=\"https:\/\/fashiongold.lt\/pl\/kontakt\/\" target=\"_blank\" rel=\"noopener\"><strong>Skontaktuj si\u0119 z nami<\/strong><\/a> \u2013 wys\u0142uchamy Twoich \u017cycze\u0144 i obliczymy cen\u0119, zap\u0142acisz tylko za produkcj\u0119.<\/p>\n<\/div>\n<\/div>\n","protected":false},"excerpt":{"rendered":"<p data-start=\"478\" data-end=\"758\">Istnieje bi\u017cuteria, kt\u00f3r\u0105 sami wybieramy. I s\u0105 takie dzie\u0142a, kt\u00f3re powstaj\u0105 z naszych historii, uczu\u0107 i osobistych symboli. Tworzenie bi\u017cuterii wed\u0142ug indywidualnego projektu to us\u0142uga dla tych, kt\u00f3rzy szukaj\u0105 nie masowej produkcji, lecz wyj\u0105tkowego dzie\u0142a, przeznaczonego tylko dla nich lub na szczeg\u00f3lny prezent. To wsp\u00f3lny proces, w kt\u00f3rym stajecie si\u0119 nie tylko zamawiaj\u0105cymi, ale i wsp\u00f3\u0142autorami. Mo\u017cecie przynie\u015b\u0107 pomys\u0142, szkic, zdj\u0119cie, a nawet wizj\u0119 opisan\u0105 jedynie s\u0142owami. Jubiler pomo\u017ce przenie\u015b\u0107 j\u0105 do rzeczywisto\u015bci \u2013 w formie, kolorze i materia\u0142ach.<br \/>\nJuvelyras pracuje z po\u0142\u0105czeniami z\u0142ota, srebra, platyny, diament\u00f3w i innych kamieni szlachetnych. Mo\u017cna wykorzysta\u0107 r\u00f3wnie\u017c posiadany przez Pa\u0144stwa metal, je\u015bli ma on znaczenie osobiste lub rodzinne. W ten spos\u00f3b powstaje nie tylko bi\u017cuteria, ale tak\u017ce warto\u015b\u0107 emocjonalna, kt\u00f3r\u0105 chce si\u0119 przekaza\u0107 dalej. Ka\u017cdy projekt jest unikalny. Mo\u017ce by\u0107 minimalistyczny lub wyj\u0105tkowy, z nowoczesnym akcentem lub inspirowany dawnym jubilerstwem. Celem jest, aby bi\u017cuteria odpowiada\u0142a nie trendom, lecz <strong data-start=\"1436\" data-end=\"1482\">Waszej osobowo\u015bci, historii i ch\u0119ci wyr\u00f3\u017cnienia si\u0119<\/strong>.<\/p>\n","protected":false},"featured_media":37783,"template":"","meta":{"site-sidebar-layout":"default","site-content-layout":"","ast-site-content-layout":"default","site-content-style":"default","site-sidebar-style":"default","ast-global-header-display":"","ast-banner-title-visibility":"","ast-main-header-display":"","ast-hfb-above-header-display":"","ast-hfb-below-header-display":"","ast-hfb-mobile-header-display":"","site-post-title":"","ast-breadcrumbs-content":"","ast-featured-img":"","footer-sml-layout":"","ast-disable-related-posts":"","theme-transparent-header-meta":"default","adv-header-id-meta":"","stick-header-meta":"","header-above-stick-meta":"","header-main-stick-meta":"","header-below-stick-meta":"","astra-migrate-meta-layouts":"default","ast-page-background-enabled":"default","ast-page-background-meta":{"desktop":{"background-color":"var(--ast-global-color-4)","background-image":"","background-repeat":"repeat","background-position":"center center","background-size":"auto","background-attachment":"scroll","background-type":"","background-media":"","overlay-type":"","overlay-color":"","overlay-opacity":"","overlay-gradient":""},"tablet":{"background-color":"","background-image":"","background-repeat":"repeat","background-position":"center center","background-size":"auto","background-attachment":"scroll","background-type":"","background-media":"","overlay-type":"","overlay-color":"","overlay-opacity":"","overlay-gradient":""},"mobile":{"background-color":"","background-image":"","background-repeat":"repeat","background-position":"center center","background-size":"auto","background-attachment":"scroll","background-type":"","background-media":"","overlay-type":"","overlay-color":"","overlay-opacity":"","overlay-gradient":""}},"ast-content-background-meta":{"desktop":{"background-color":"var(--ast-global-color-5)","background-image":"","background-repeat":"repeat","background-position":"center center","background-size":"auto","background-attachment":"scroll","background-type":"","background-media":"","overlay-type":"","overlay-color":"","overlay-opacity":"","overlay-gradient":""},"tablet":{"background-color":"var(--ast-global-color-5)","background-image":"","background-repeat":"repeat","background-position":"center center","background-size":"auto","background-attachment":"scroll","background-type":"","background-media":"","overlay-type":"","overlay-color":"","overlay-opacity":"","overlay-gradient":""},"mobile":{"background-color":"var(--ast-global-color-5)","background-image":"","background-repeat":"repeat","background-position":"center center","background-size":"auto","background-attachment":"scroll","background-type":"","background-media":"","overlay-type":"","overlay-color":"","overlay-opacity":"","overlay-gradient":""}}},"product_brand":[],"product_cat":[3354],"product_tag":[],"class_list":{"0":"post-286758","1":"product","2":"type-product","3":"status-publish","4":"has-post-thumbnail","6":"product_cat-bez-kategorii-pl","7":"desktop-align-center","8":"tablet-align-left","9":"mobile-align-left","10":"ast-product-gallery-layout-horizontal-slider","11":"ast-product-gallery-with-no-image","12":"ast-product-tabs-layout-accordion","13":"ast-qv-on-image","15":"first","16":"instock","17":"taxable","18":"shipping-taxable","19":"purchasable","20":"product-type-simple"},"yoast_head":"<!-- This site is optimized with the Yoast SEO plugin v26.6 - https:\/\/yoast.com\/wordpress\/plugins\/seo\/ -->\n<title>Jubiler - Produkcja bi\u017cuterii wed\u0142ug indywidualnego projektu<\/title>\n<meta name=\"description\" content=\"Produkcja bi\u017cuterii wed\u0142ug indywidualnego projektu \u2013 stw\u00f3rz unikaln\u0105 bi\u017cuteri\u0119 wed\u0142ug w\u0142asnego pomys\u0142u. Osobiste, pe\u0142ne znaczenia, wyj\u0105tkowe rzemios\u0142o.\" \/>\n<meta name=\"robots\" content=\"index, follow, max-snippet:-1, max-image-preview:large, max-video-preview:-1\" \/>\n<link rel=\"canonical\" href=\"https:\/\/fashiongold.lt\/pl\/papuosalas\/wykonanie-bizuterii-wedlug-indywidualnego-projektu\/\" \/>\n<meta property=\"og:locale\" content=\"pl_PL\" \/>\n<meta property=\"og:type\" content=\"article\" \/>\n<meta property=\"og:title\" content=\"Jubiler - Produkcja bi\u017cuterii wed\u0142ug indywidualnego projektu\" \/>\n<meta property=\"og:description\" content=\"Produkcja bi\u017cuterii wed\u0142ug indywidualnego projektu \u2013 stw\u00f3rz unikaln\u0105 bi\u017cuteri\u0119 wed\u0142ug w\u0142asnego pomys\u0142u. Osobiste, pe\u0142ne znaczenia, wyj\u0105tkowe rzemios\u0142o.\" \/>\n<meta property=\"og:url\" content=\"https:\/\/fashiongold.lt\/pl\/papuosalas\/wykonanie-bizuterii-wedlug-indywidualnego-projektu\/\" \/>\n<meta property=\"og:site_name\" content=\"FashionGold.lt\" \/>\n<meta property=\"article:modified_time\" content=\"2026-02-16T12:52:14+00:00\" \/>\n<meta property=\"og:image\" content=\"https:\/\/fashiongold.lt\/wp-content\/uploads\/2025\/10\/Papuosalo-gamyba-pagal-individualu-projekta.webp\" \/>\n\t<meta property=\"og:image:width\" content=\"800\" \/>\n\t<meta property=\"og:image:height\" content=\"800\" \/>\n\t<meta property=\"og:image:type\" content=\"image\/png\" \/>\n<meta name=\"twitter:card\" content=\"summary_large_image\" \/>\n<meta name=\"twitter:label1\" content=\"Szacowany czas czytania\" \/>\n\t<meta name=\"twitter:data1\" content=\"1 minuta\" \/>\n<script type=\"application\/ld+json\" class=\"yoast-schema-graph\">{\"@context\":\"https:\/\/schema.org\",\"@graph\":[{\"@type\":\"WebPage\",\"@id\":\"https:\/\/fashiongold.lt\/pl\/papuosalas\/wykonanie-bizuterii-wedlug-indywidualnego-projektu\/\",\"url\":\"https:\/\/fashiongold.lt\/pl\/papuosalas\/wykonanie-bizuterii-wedlug-indywidualnego-projektu\/\",\"name\":\"Jubiler - Produkcja bi\u017cuterii wed\u0142ug indywidualnego projektu\",\"isPartOf\":{\"@id\":\"https:\/\/fashiongold.lt\/pl\/#website\"},\"primaryImageOfPage\":{\"@id\":\"https:\/\/fashiongold.lt\/pl\/papuosalas\/wykonanie-bizuterii-wedlug-indywidualnego-projektu\/#primaryimage\"},\"image\":{\"@id\":\"https:\/\/fashiongold.lt\/pl\/papuosalas\/wykonanie-bizuterii-wedlug-indywidualnego-projektu\/#primaryimage\"},\"thumbnailUrl\":\"https:\/\/fashiongold.lt\/wp-content\/uploads\/2025\/10\/Papuosalo-gamyba-pagal-individualu-projekta.png\",\"datePublished\":\"2025-10-09T16:29:32+00:00\",\"dateModified\":\"2026-02-16T12:52:14+00:00\",\"description\":\"Produkcja bi\u017cuterii wed\u0142ug indywidualnego projektu \u2013 stw\u00f3rz unikaln\u0105 bi\u017cuteri\u0119 wed\u0142ug w\u0142asnego pomys\u0142u. Osobiste, pe\u0142ne znaczenia, wyj\u0105tkowe rzemios\u0142o.\",\"breadcrumb\":{\"@id\":\"https:\/\/fashiongold.lt\/pl\/papuosalas\/wykonanie-bizuterii-wedlug-indywidualnego-projektu\/#breadcrumb\"},\"inLanguage\":\"pl-PL\",\"potentialAction\":[{\"@type\":\"ReadAction\",\"target\":[\"https:\/\/fashiongold.lt\/pl\/papuosalas\/wykonanie-bizuterii-wedlug-indywidualnego-projektu\/\"]}]},{\"@type\":\"ImageObject\",\"inLanguage\":\"pl-PL\",\"@id\":\"https:\/\/fashiongold.lt\/pl\/papuosalas\/wykonanie-bizuterii-wedlug-indywidualnego-projektu\/#primaryimage\",\"url\":\"https:\/\/fashiongold.lt\/wp-content\/uploads\/2025\/10\/Papuosalo-gamyba-pagal-individualu-projekta.png\",\"contentUrl\":\"https:\/\/fashiongold.lt\/wp-content\/uploads\/2025\/10\/Papuosalo-gamyba-pagal-individualu-projekta.png\",\"width\":800,\"height\":800},{\"@type\":\"BreadcrumbList\",\"@id\":\"https:\/\/fashiongold.lt\/pl\/papuosalas\/wykonanie-bizuterii-wedlug-indywidualnego-projektu\/#breadcrumb\",\"itemListElement\":[{\"@type\":\"ListItem\",\"position\":1,\"name\":\"Home\",\"item\":\"https:\/\/fashiongold.lt\/pl\/\"},{\"@type\":\"ListItem\",\"position\":2,\"name\":\"Sklep z diamentami Fashiongold.lt\",\"item\":\"https:\/\/fashiongold.lt\/shop-2\/\"},{\"@type\":\"ListItem\",\"position\":3,\"name\":\"Wykonanie bi\u017cuterii wed\u0142ug indywidualnego projektu\"}]},{\"@type\":\"WebSite\",\"@id\":\"https:\/\/fashiongold.lt\/pl\/#website\",\"url\":\"https:\/\/fashiongold.lt\/pl\/\",\"name\":\"Fashion Gold\",\"description\":\"Juvelyrikos namai\",\"publisher\":{\"@id\":\"https:\/\/fashiongold.lt\/pl\/#organization\"},\"potentialAction\":[{\"@type\":\"SearchAction\",\"target\":{\"@type\":\"EntryPoint\",\"urlTemplate\":\"https:\/\/fashiongold.lt\/pl\/?s={search_term_string}\"},\"query-input\":{\"@type\":\"PropertyValueSpecification\",\"valueRequired\":true,\"valueName\":\"search_term_string\"}}],\"inLanguage\":\"pl-PL\"},{\"@type\":\"Organization\",\"@id\":\"https:\/\/fashiongold.lt\/pl\/#organization\",\"name\":\"Topdiamonds Online\",\"url\":\"https:\/\/fashiongold.lt\/pl\/\",\"logo\":{\"@type\":\"ImageObject\",\"inLanguage\":\"pl-PL\",\"@id\":\"https:\/\/fashiongold.lt\/pl\/#\/schema\/logo\/image\/\",\"url\":\"https:\/\/fashiongold.lt\/wp-content\/uploads\/2025\/04\/cropped-fashion_gold_logotipas2-scaled-1.png\",\"contentUrl\":\"https:\/\/fashiongold.lt\/wp-content\/uploads\/2025\/04\/cropped-fashion_gold_logotipas2-scaled-1.png\",\"width\":2559,\"height\":421,\"caption\":\"Topdiamonds Online\"},\"image\":{\"@id\":\"https:\/\/fashiongold.lt\/pl\/#\/schema\/logo\/image\/\"}}]}<\/script>\n<!-- \/ Yoast SEO plugin. -->","yoast_head_json":{"title":"Jubiler - Produkcja bi\u017cuterii wed\u0142ug indywidualnego projektu","description":"Produkcja bi\u017cuterii wed\u0142ug indywidualnego projektu \u2013 stw\u00f3rz unikaln\u0105 bi\u017cuteri\u0119 wed\u0142ug w\u0142asnego pomys\u0142u. Osobiste, pe\u0142ne znaczenia, wyj\u0105tkowe rzemios\u0142o.","robots":{"index":"index","follow":"follow","max-snippet":"max-snippet:-1","max-image-preview":"max-image-preview:large","max-video-preview":"max-video-preview:-1"},"canonical":"https:\/\/fashiongold.lt\/pl\/papuosalas\/wykonanie-bizuterii-wedlug-indywidualnego-projektu\/","og_locale":"pl_PL","og_type":"article","og_title":"Jubiler - Produkcja bi\u017cuterii wed\u0142ug indywidualnego projektu","og_description":"Produkcja bi\u017cuterii wed\u0142ug indywidualnego projektu \u2013 stw\u00f3rz unikaln\u0105 bi\u017cuteri\u0119 wed\u0142ug w\u0142asnego pomys\u0142u. Osobiste, pe\u0142ne znaczenia, wyj\u0105tkowe rzemios\u0142o.","og_url":"https:\/\/fashiongold.lt\/pl\/papuosalas\/wykonanie-bizuterii-wedlug-indywidualnego-projektu\/","og_site_name":"FashionGold.lt","article_modified_time":"2026-02-16T12:52:14+00:00","og_image":[{"width":800,"height":800,"url":"https:\/\/fashiongold.lt\/wp-content\/uploads\/2025\/10\/Papuosalo-gamyba-pagal-individualu-projekta.webp","type":"image\/png"}],"twitter_card":"summary_large_image","twitter_misc":{"Szacowany czas czytania":"1 minuta"},"schema":{"@context":"https:\/\/schema.org","@graph":[{"@type":"WebPage","@id":"https:\/\/fashiongold.lt\/pl\/papuosalas\/wykonanie-bizuterii-wedlug-indywidualnego-projektu\/","url":"https:\/\/fashiongold.lt\/pl\/papuosalas\/wykonanie-bizuterii-wedlug-indywidualnego-projektu\/","name":"Jubiler - Produkcja bi\u017cuterii wed\u0142ug indywidualnego projektu","isPartOf":{"@id":"https:\/\/fashiongold.lt\/pl\/#website"},"primaryImageOfPage":{"@id":"https:\/\/fashiongold.lt\/pl\/papuosalas\/wykonanie-bizuterii-wedlug-indywidualnego-projektu\/#primaryimage"},"image":{"@id":"https:\/\/fashiongold.lt\/pl\/papuosalas\/wykonanie-bizuterii-wedlug-indywidualnego-projektu\/#primaryimage"},"thumbnailUrl":"https:\/\/fashiongold.lt\/wp-content\/uploads\/2025\/10\/Papuosalo-gamyba-pagal-individualu-projekta.png","datePublished":"2025-10-09T16:29:32+00:00","dateModified":"2026-02-16T12:52:14+00:00","description":"Produkcja bi\u017cuterii wed\u0142ug indywidualnego projektu \u2013 stw\u00f3rz unikaln\u0105 bi\u017cuteri\u0119 wed\u0142ug w\u0142asnego pomys\u0142u. Osobiste, pe\u0142ne znaczenia, wyj\u0105tkowe rzemios\u0142o.","breadcrumb":{"@id":"https:\/\/fashiongold.lt\/pl\/papuosalas\/wykonanie-bizuterii-wedlug-indywidualnego-projektu\/#breadcrumb"},"inLanguage":"pl-PL","potentialAction":[{"@type":"ReadAction","target":["https:\/\/fashiongold.lt\/pl\/papuosalas\/wykonanie-bizuterii-wedlug-indywidualnego-projektu\/"]}]},{"@type":"ImageObject","inLanguage":"pl-PL","@id":"https:\/\/fashiongold.lt\/pl\/papuosalas\/wykonanie-bizuterii-wedlug-indywidualnego-projektu\/#primaryimage","url":"https:\/\/fashiongold.lt\/wp-content\/uploads\/2025\/10\/Papuosalo-gamyba-pagal-individualu-projekta.png","contentUrl":"https:\/\/fashiongold.lt\/wp-content\/uploads\/2025\/10\/Papuosalo-gamyba-pagal-individualu-projekta.png","width":800,"height":800},{"@type":"BreadcrumbList","@id":"https:\/\/fashiongold.lt\/pl\/papuosalas\/wykonanie-bizuterii-wedlug-indywidualnego-projektu\/#breadcrumb","itemListElement":[{"@type":"ListItem","position":1,"name":"Home","item":"https:\/\/fashiongold.lt\/pl\/"},{"@type":"ListItem","position":2,"name":"Sklep z diamentami Fashiongold.lt","item":"https:\/\/fashiongold.lt\/shop-2\/"},{"@type":"ListItem","position":3,"name":"Wykonanie bi\u017cuterii wed\u0142ug indywidualnego projektu"}]},{"@type":"WebSite","@id":"https:\/\/fashiongold.lt\/pl\/#website","url":"https:\/\/fashiongold.lt\/pl\/","name":"Fashion Gold","description":"Juvelyrikos namai","publisher":{"@id":"https:\/\/fashiongold.lt\/pl\/#organization"},"potentialAction":[{"@type":"SearchAction","target":{"@type":"EntryPoint","urlTemplate":"https:\/\/fashiongold.lt\/pl\/?s={search_term_string}"},"query-input":{"@type":"PropertyValueSpecification","valueRequired":true,"valueName":"search_term_string"}}],"inLanguage":"pl-PL"},{"@type":"Organization","@id":"https:\/\/fashiongold.lt\/pl\/#organization","name":"Topdiamonds Online","url":"https:\/\/fashiongold.lt\/pl\/","logo":{"@type":"ImageObject","inLanguage":"pl-PL","@id":"https:\/\/fashiongold.lt\/pl\/#\/schema\/logo\/image\/","url":"https:\/\/fashiongold.lt\/wp-content\/uploads\/2025\/04\/cropped-fashion_gold_logotipas2-scaled-1.png","contentUrl":"https:\/\/fashiongold.lt\/wp-content\/uploads\/2025\/04\/cropped-fashion_gold_logotipas2-scaled-1.png","width":2559,"height":421,"caption":"Topdiamonds Online"},"image":{"@id":"https:\/\/fashiongold.lt\/pl\/#\/schema\/logo\/image\/"}}]}},"_links":{"self":[{"href":"https:\/\/fashiongold.lt\/pl\/wp-json\/wp\/v2\/product\/286758","targetHints":{"allow":["GET"]}}],"collection":[{"href":"https:\/\/fashiongold.lt\/pl\/wp-json\/wp\/v2\/product"}],"about":[{"href":"https:\/\/fashiongold.lt\/pl\/wp-json\/wp\/v2\/types\/product"}],"version-history":[{"count":0,"href":"https:\/\/fashiongold.lt\/pl\/wp-json\/wp\/v2\/product\/286758\/revisions"}],"wp:featuredmedia":[{"embeddable":true,"href":"https:\/\/fashiongold.lt\/pl\/wp-json\/wp\/v2\/media\/37783"}],"wp:attachment":[{"href":"https:\/\/fashiongold.lt\/pl\/wp-json\/wp\/v2\/media?parent=286758"}],"wp:term":[{"taxonomy":"product_brand","embeddable":true,"href":"https:\/\/fashiongold.lt\/pl\/wp-json\/wp\/v2\/product_brand?post=286758"},{"taxonomy":"product_cat","embeddable":true,"href":"https:\/\/fashiongold.lt\/pl\/wp-json\/wp\/v2\/product_cat?post=286758"},{"taxonomy":"product_tag","embeddable":true,"href":"https:\/\/fashiongold.lt\/pl\/wp-json\/wp\/v2\/product_tag?post=286758"}],"curies":[{"name":"wp","href":"https:\/\/api.w.org\/{rel}","templated":true}]}}