{"id":286768,"date":"2025-10-09T16:29:32","date_gmt":"2025-10-09T16:29:32","guid":{"rendered":"https:\/\/fashiongold.lt\/papuosalas\/produkcja-obraczek-slubnych\/"},"modified":"2026-02-16T12:52:16","modified_gmt":"2026-02-16T12:52:16","slug":"produkcja-obraczek-slubnych","status":"publish","type":"product","link":"https:\/\/fashiongold.lt\/pl\/papuosalas\/produkcja-obraczek-slubnych\/","title":{"rendered":"Produkcja obr\u0105czek \u015blubnych"},"content":{"rendered":"<p><strong>Wszystkie ceny s\u0105 orientacyjne. <\/strong>Cena wy\u015bwietlana przy tym produkcie nie obejmuje materia\u0142\u00f3w \u2013 dok\u0142adna cena jest ustalana po ogl\u0119dzinach lub konsultacji.<br \/>\nGalima <strong>produkcja ze z\u0142ota klienta<\/strong> \u2013 p\u0142aci si\u0119 tylko za prac\u0119 i dodatkowe materia\u0142y (np. diamenty, kamienie szlachetne).<\/p>\n<p><strong><br \/>\n<em>W CEN\u0118 PRODUKCJI WLICZONO:<\/em><\/strong><\/p>\n<p>&nbsp;<\/p>\n<p><span data-sheets-root=\"1\">\u2022 <a href=\"https:\/\/fashiongold.lt\/pl\/patarimai-pl\/kolor-zlota-pierscionkow-zareczynowych-i-obraczek-slubnych-biale-rozowe-czy-zolte-zloto\/\" target=\"_blank\" rel=\"noopener\"><strong>Kolor z\u0142ota pier\u015bcionk\u00f3w<\/strong><\/a>: bia\u0142y, czerwony, \u017c\u00f3\u0142ty<\/span><\/p>\n<p>\u2022 <a href=\"https:\/\/fashiongold.lt\/pl\/patarimai-pl\/pierscionki-zareczynowe-tajemnica-idealnych-proporcji-dlaczego-niektore-pierscionki-z-diamentami-wygladaja-bardziej-luksusowo\/\" target=\"_blank\" rel=\"noopener\"><strong>Wymiary pier\u015bcionk\u00f3w<\/strong><\/a> (zale\u017cne od Ciebie)<\/p>\n<p>\u2022 <strong><a href=\"https:\/\/fashiongold.lt\/pl\/patarimai-pl\/strefa-komfortu-pierscionka-lub-wygoda-pierscionka\/\" target=\"_blank\" rel=\"noopener\">Soczewka (strefa komfortu) pier\u015bcionk\u00f3w<\/a><\/strong>: jest.<\/p>\n<p>\u2022 <strong><a href=\"https:\/\/fashiongold.lt\/pl\/patarimai-pl\/diament-rubin-szafir-szmaragd-certyfikaty-kamieni-szlachetnych\/\" target=\"_blank\" rel=\"noopener\">Certyfikaty<\/a><\/strong> (zale\u017cnie od zam\u00f3wienia):<\/p>\n<p>Diament wyhodowany w laboratorium: certyfikat IGI.<br \/>\nDiament naturalny: certyfikat GIA.<br \/>\nLitewska Izba Probiercza (LPR)<\/p>\n<p>\u2022 <a href=\"https:\/\/fashiongold.lt\/pl\/patarimai-pl\/pierscionki-zareczynowe-czy-mozna-wygrawerowac-pierscionek-detale-ktore-nadaja-twojemu-pierscionkowi-zareczynowemu-indywidualnego-charakteru\/\" target=\"_blank\" rel=\"noopener\"><strong>Grawerowanie<\/strong><\/a> bezp\u0142atnie<\/p>\n<p>\u2022 Jednorazowa bezp\u0142atna <a href=\"https:\/\/fashiongold.lt\/pl\/patarimai-pl\/pierscionki-zareczynowe-darmowa-korekta-rozmiaru-aby-pierscionek-pasowal-idealnie\/\" target=\"_blank\" rel=\"noopener\"><strong>gwarancja zmiany rozmiaru pier\u015bcionk\u00f3w<\/strong><\/a><\/p>\n<p>\u2022 <a href=\"https:\/\/fashiongold.lt\/pl\/dostawa-i-zwroty\/\" target=\"_blank\" rel=\"noopener\"><strong>Termin produkcji i dostawy<\/strong><\/a>: 2-4 tygodnie.<\/p>\n<p>&nbsp;<\/p>\n<p><strong><em>CENA PRODUKCJI NIE OBEJMUJE:<\/em><\/strong><\/p>\n<p>&nbsp;<\/p>\n<p>\u2022 <a href=\"https:\/\/fashiongold.lt\/pl\/patarimai-pl\/jaka-proba-zlota-jest-najlepsza-jak-wybrac-najbardziej-odpowiedni-pierscionek-zareczynowy-lub-obraczke-slubna\/\" target=\"_blank\" rel=\"noopener\"><strong>Metale pier\u015bcionka<\/strong><\/a>: 14K (pr\u00f3ba 585), 18K (pr\u00f3ba 750), platyna 900<\/p>\n<p>\u2022 <a href=\"https:\/\/fashiongold.lt\/pl\/patarimai-pl\/pierscionki-z-diamentami-waga-zlota-w-pierscionku-i-waga-diamentow-w-karatach-jak-wybrac-odpowiedni-rekomendacje-jak-rozumiec-i-oceniac\/\" target=\"_blank\" rel=\"noopener\"><strong>Rozmiar i waga pier\u015bcionk\u00f3w<\/strong><\/a>: (zale\u017cne od rozmiaru i pr\u00f3by): oko\u0142o 8,00 &#8211; 13,00 g<\/p>\n<p>\u2022 Kolor pier\u015bcionka: <strong><a href=\"https:\/\/fashiongold.lt\/pl\/patarimai-pl\/pierscionki-zareczynowe-z-bialego-zlota-z-diamentami-naturalne-zloto-czy-rodowanie-cieply-odcien-czy-lodowy\/\" target=\"_blank\" rel=\"noopener\">rodowanie<\/a><\/strong><\/p>\n<p>\u2022 <strong><a href=\"https:\/\/fashiongold.lt\/pl\/patarimai-pl\/diament-inne-ksztalty-diamentu\/\" target=\"_blank\" rel=\"noopener\">Kszta\u0142ty diament\u00f3w<\/a><\/strong>: brak (mo\u017cna zmieni\u0107)<\/p>\n<p>\u2022 <strong><a href=\"https:\/\/fashiongold.lt\/deimantu-tipai-ir-charakteristikos\/\" target=\"_blank\" rel=\"noopener\">Rodzaje i charakterystyka diament\u00f3w<\/a><\/strong>: brak (mo\u017cna zmieni\u0107)<\/p>\n<p>&nbsp;<\/p>\n<p data-start=\"242\" data-end=\"464\">Masz z\u0142ot\u0105 bi\u017cuteri\u0119, kt\u00f3rej od dawna nie nosisz? Daj jej drugie \u017cycie. Je\u015bli Twoje z\u0142oto to cenna rodzinna pami\u0105tka lub relikwia pe\u0142na wspomnie\u0144, nasz jubiler z szacunkiem zamieni je w Twoje obr\u0105czki \u015blubne, warte nowej historii. Mo\u017cemy wykona\u0107 pier\u015bcionki z Twojego z\u0142ota lub u\u017cy\u0107 naszych metali szlachetnych \u2013 a posiadan\u0105 przez Ciebie ilo\u015b\u0107 zaliczymy na poczet wagi. <a href=\"https:\/\/fashiongold.lt\/pl\/kontakt\/\" target=\"_blank\" rel=\"noopener\"><strong>Skontaktuj si\u0119 z nami<\/strong><\/a> \u2013 wys\u0142uchamy Twoich \u017cycze\u0144 i obliczymy cen\u0119, zap\u0142acisz tylko za wykonanie pier\u015bcionk\u00f3w.<\/p>\n","protected":false},"excerpt":{"rendered":"<p>Odkryjcie obr\u0105czki \u015blubne, kt\u00f3re m\u00f3wi\u0105 o mi\u0142o\u015bci, blisko\u015bci i wiecznej wi\u0119zi. Ka\u017cda obr\u0105czka tworzona r\u0119cznie przez naszego jubilera to nie produkcja masowa, lecz indywidualne dzie\u0142o sztuki, dopasowane do Waszej wizji. Nowoczesny design, starannie dobrane metale i profil komfortowy \u2013 wszystko po to, aby obr\u0105czki nie tylko odzwierciedla\u0142y Wasz\u0105 histori\u0119, ale by\u0142y tak\u017ce wygodne w codziennym noszeniu.<\/p>\n<p>Te obr\u0105czki s\u0105 wykonywane zgodnie z <span data-sheets-root=\"1\">najwy\u017cszymi standardami jubilerskimi, <\/span>wed\u0142ug Waszych preferencji \u2013 od koloru metalu po faktur\u0119 powierzchni. To co\u015b wi\u0119cej ni\u017c bi\u017cuteria \u2013 to symbol Waszej mi\u0142o\u015bci stworzony z mi\u0142o\u015bci\u0105.<\/p>\n","protected":false},"featured_media":37769,"template":"","meta":{"site-sidebar-layout":"default","site-content-layout":"","ast-site-content-layout":"default","site-content-style":"default","site-sidebar-style":"default","ast-global-header-display":"","ast-banner-title-visibility":"","ast-main-header-display":"","ast-hfb-above-header-display":"","ast-hfb-below-header-display":"","ast-hfb-mobile-header-display":"","site-post-title":"","ast-breadcrumbs-content":"","ast-featured-img":"","footer-sml-layout":"","ast-disable-related-posts":"","theme-transparent-header-meta":"default","adv-header-id-meta":"","stick-header-meta":"","header-above-stick-meta":"","header-main-stick-meta":"","header-below-stick-meta":"","astra-migrate-meta-layouts":"default","ast-page-background-enabled":"default","ast-page-background-meta":{"desktop":{"background-color":"var(--ast-global-color-4)","background-image":"","background-repeat":"repeat","background-position":"center center","background-size":"auto","background-attachment":"scroll","background-type":"","background-media":"","overlay-type":"","overlay-color":"","overlay-opacity":"","overlay-gradient":""},"tablet":{"background-color":"","background-image":"","background-repeat":"repeat","background-position":"center center","background-size":"auto","background-attachment":"scroll","background-type":"","background-media":"","overlay-type":"","overlay-color":"","overlay-opacity":"","overlay-gradient":""},"mobile":{"background-color":"","background-image":"","background-repeat":"repeat","background-position":"center center","background-size":"auto","background-attachment":"scroll","background-type":"","background-media":"","overlay-type":"","overlay-color":"","overlay-opacity":"","overlay-gradient":""}},"ast-content-background-meta":{"desktop":{"background-color":"var(--ast-global-color-5)","background-image":"","background-repeat":"repeat","background-position":"center center","background-size":"auto","background-attachment":"scroll","background-type":"","background-media":"","overlay-type":"","overlay-color":"","overlay-opacity":"","overlay-gradient":""},"tablet":{"background-color":"var(--ast-global-color-5)","background-image":"","background-repeat":"repeat","background-position":"center center","background-size":"auto","background-attachment":"scroll","background-type":"","background-media":"","overlay-type":"","overlay-color":"","overlay-opacity":"","overlay-gradient":""},"mobile":{"background-color":"var(--ast-global-color-5)","background-image":"","background-repeat":"repeat","background-position":"center center","background-size":"auto","background-attachment":"scroll","background-type":"","background-media":"","overlay-type":"","overlay-color":"","overlay-opacity":"","overlay-gradient":""}}},"product_brand":[],"product_cat":[3354],"product_tag":[],"class_list":{"0":"post-286768","1":"product","2":"type-product","3":"status-publish","4":"has-post-thumbnail","6":"product_cat-bez-kategorii-pl","7":"desktop-align-center","8":"tablet-align-left","9":"mobile-align-left","10":"ast-product-gallery-layout-horizontal-slider","11":"ast-product-gallery-with-no-image","12":"ast-product-tabs-layout-accordion","13":"ast-qv-on-image","15":"first","16":"instock","17":"taxable","18":"shipping-taxable","19":"purchasable","20":"product-type-simple"},"yoast_head":"<!-- This site is optimized with the Yoast SEO plugin v26.6 - https:\/\/yoast.com\/wordpress\/plugins\/seo\/ -->\n<title>Jubiler - Produkcja obr\u0105czek \u015blubnych - FashionGold.lt<\/title>\n<meta name=\"description\" content=\"Wykonamy obr\u0105czki \u015blubne z Waszego z\u0142ota \u2013 bi\u017cuterii, kt\u00f3rej nie nosicie, lub pami\u0105tek rodzinnych. Stw\u00f3rzcie znacz\u0105cy symbol, oszcz\u0119dzaj\u0105c na \u015blubie.\" \/>\n<meta name=\"robots\" content=\"index, follow, max-snippet:-1, max-image-preview:large, max-video-preview:-1\" \/>\n<link rel=\"canonical\" href=\"https:\/\/fashiongold.lt\/pl\/papuosalas\/produkcja-obraczek-slubnych\/\" \/>\n<meta property=\"og:locale\" content=\"pl_PL\" \/>\n<meta property=\"og:type\" content=\"article\" \/>\n<meta property=\"og:title\" content=\"Jubiler - Produkcja obr\u0105czek \u015blubnych - FashionGold.lt\" \/>\n<meta property=\"og:description\" content=\"Wykonamy obr\u0105czki \u015blubne z Waszego z\u0142ota \u2013 bi\u017cuterii, kt\u00f3rej nie nosicie, lub pami\u0105tek rodzinnych. Stw\u00f3rzcie znacz\u0105cy symbol, oszcz\u0119dzaj\u0105c na \u015blubie.\" \/>\n<meta property=\"og:url\" content=\"https:\/\/fashiongold.lt\/pl\/papuosalas\/produkcja-obraczek-slubnych\/\" \/>\n<meta property=\"og:site_name\" content=\"FashionGold.lt\" \/>\n<meta property=\"article:modified_time\" content=\"2026-02-16T12:52:16+00:00\" \/>\n<meta property=\"og:image\" content=\"https:\/\/fashiongold.lt\/wp-content\/uploads\/2025\/10\/vestuviniai-ziedai-juvelyras.webp\" \/>\n\t<meta property=\"og:image:width\" content=\"800\" \/>\n\t<meta property=\"og:image:height\" content=\"800\" \/>\n\t<meta property=\"og:image:type\" content=\"image\/png\" \/>\n<meta name=\"twitter:card\" content=\"summary_large_image\" \/>\n<meta name=\"twitter:label1\" content=\"Szacowany czas czytania\" \/>\n\t<meta name=\"twitter:data1\" content=\"1 minuta\" \/>\n<script type=\"application\/ld+json\" class=\"yoast-schema-graph\">{\"@context\":\"https:\/\/schema.org\",\"@graph\":[{\"@type\":\"WebPage\",\"@id\":\"https:\/\/fashiongold.lt\/pl\/papuosalas\/produkcja-obraczek-slubnych\/\",\"url\":\"https:\/\/fashiongold.lt\/pl\/papuosalas\/produkcja-obraczek-slubnych\/\",\"name\":\"Jubiler - Produkcja obr\u0105czek \u015blubnych - FashionGold.lt\",\"isPartOf\":{\"@id\":\"https:\/\/fashiongold.lt\/pl\/#website\"},\"primaryImageOfPage\":{\"@id\":\"https:\/\/fashiongold.lt\/pl\/papuosalas\/produkcja-obraczek-slubnych\/#primaryimage\"},\"image\":{\"@id\":\"https:\/\/fashiongold.lt\/pl\/papuosalas\/produkcja-obraczek-slubnych\/#primaryimage\"},\"thumbnailUrl\":\"https:\/\/fashiongold.lt\/wp-content\/uploads\/2025\/10\/vestuviniai-ziedai-juvelyras.png\",\"datePublished\":\"2025-10-09T16:29:32+00:00\",\"dateModified\":\"2026-02-16T12:52:16+00:00\",\"description\":\"Wykonamy obr\u0105czki \u015blubne z Waszego z\u0142ota \u2013 bi\u017cuterii, kt\u00f3rej nie nosicie, lub pami\u0105tek rodzinnych. Stw\u00f3rzcie znacz\u0105cy symbol, oszcz\u0119dzaj\u0105c na \u015blubie.\",\"breadcrumb\":{\"@id\":\"https:\/\/fashiongold.lt\/pl\/papuosalas\/produkcja-obraczek-slubnych\/#breadcrumb\"},\"inLanguage\":\"pl-PL\",\"potentialAction\":[{\"@type\":\"ReadAction\",\"target\":[\"https:\/\/fashiongold.lt\/pl\/papuosalas\/produkcja-obraczek-slubnych\/\"]}]},{\"@type\":\"ImageObject\",\"inLanguage\":\"pl-PL\",\"@id\":\"https:\/\/fashiongold.lt\/pl\/papuosalas\/produkcja-obraczek-slubnych\/#primaryimage\",\"url\":\"https:\/\/fashiongold.lt\/wp-content\/uploads\/2025\/10\/vestuviniai-ziedai-juvelyras.png\",\"contentUrl\":\"https:\/\/fashiongold.lt\/wp-content\/uploads\/2025\/10\/vestuviniai-ziedai-juvelyras.png\",\"width\":800,\"height\":800},{\"@type\":\"BreadcrumbList\",\"@id\":\"https:\/\/fashiongold.lt\/pl\/papuosalas\/produkcja-obraczek-slubnych\/#breadcrumb\",\"itemListElement\":[{\"@type\":\"ListItem\",\"position\":1,\"name\":\"Home\",\"item\":\"https:\/\/fashiongold.lt\/pl\/\"},{\"@type\":\"ListItem\",\"position\":2,\"name\":\"Sklep z diamentami Fashiongold.lt\",\"item\":\"https:\/\/fashiongold.lt\/shop-2\/\"},{\"@type\":\"ListItem\",\"position\":3,\"name\":\"Produkcja obr\u0105czek \u015blubnych\"}]},{\"@type\":\"WebSite\",\"@id\":\"https:\/\/fashiongold.lt\/pl\/#website\",\"url\":\"https:\/\/fashiongold.lt\/pl\/\",\"name\":\"Fashion Gold\",\"description\":\"Juvelyrikos namai\",\"publisher\":{\"@id\":\"https:\/\/fashiongold.lt\/pl\/#organization\"},\"potentialAction\":[{\"@type\":\"SearchAction\",\"target\":{\"@type\":\"EntryPoint\",\"urlTemplate\":\"https:\/\/fashiongold.lt\/pl\/?s={search_term_string}\"},\"query-input\":{\"@type\":\"PropertyValueSpecification\",\"valueRequired\":true,\"valueName\":\"search_term_string\"}}],\"inLanguage\":\"pl-PL\"},{\"@type\":\"Organization\",\"@id\":\"https:\/\/fashiongold.lt\/pl\/#organization\",\"name\":\"Topdiamonds Online\",\"url\":\"https:\/\/fashiongold.lt\/pl\/\",\"logo\":{\"@type\":\"ImageObject\",\"inLanguage\":\"pl-PL\",\"@id\":\"https:\/\/fashiongold.lt\/pl\/#\/schema\/logo\/image\/\",\"url\":\"https:\/\/fashiongold.lt\/wp-content\/uploads\/2025\/04\/cropped-fashion_gold_logotipas2-scaled-1.png\",\"contentUrl\":\"https:\/\/fashiongold.lt\/wp-content\/uploads\/2025\/04\/cropped-fashion_gold_logotipas2-scaled-1.png\",\"width\":2559,\"height\":421,\"caption\":\"Topdiamonds Online\"},\"image\":{\"@id\":\"https:\/\/fashiongold.lt\/pl\/#\/schema\/logo\/image\/\"}}]}<\/script>\n<!-- \/ Yoast SEO plugin. -->","yoast_head_json":{"title":"Jubiler - Produkcja obr\u0105czek \u015blubnych - FashionGold.lt","description":"Wykonamy obr\u0105czki \u015blubne z Waszego z\u0142ota \u2013 bi\u017cuterii, kt\u00f3rej nie nosicie, lub pami\u0105tek rodzinnych. Stw\u00f3rzcie znacz\u0105cy symbol, oszcz\u0119dzaj\u0105c na \u015blubie.","robots":{"index":"index","follow":"follow","max-snippet":"max-snippet:-1","max-image-preview":"max-image-preview:large","max-video-preview":"max-video-preview:-1"},"canonical":"https:\/\/fashiongold.lt\/pl\/papuosalas\/produkcja-obraczek-slubnych\/","og_locale":"pl_PL","og_type":"article","og_title":"Jubiler - Produkcja obr\u0105czek \u015blubnych - FashionGold.lt","og_description":"Wykonamy obr\u0105czki \u015blubne z Waszego z\u0142ota \u2013 bi\u017cuterii, kt\u00f3rej nie nosicie, lub pami\u0105tek rodzinnych. Stw\u00f3rzcie znacz\u0105cy symbol, oszcz\u0119dzaj\u0105c na \u015blubie.","og_url":"https:\/\/fashiongold.lt\/pl\/papuosalas\/produkcja-obraczek-slubnych\/","og_site_name":"FashionGold.lt","article_modified_time":"2026-02-16T12:52:16+00:00","og_image":[{"width":800,"height":800,"url":"https:\/\/fashiongold.lt\/wp-content\/uploads\/2025\/10\/vestuviniai-ziedai-juvelyras.webp","type":"image\/png"}],"twitter_card":"summary_large_image","twitter_misc":{"Szacowany czas czytania":"1 minuta"},"schema":{"@context":"https:\/\/schema.org","@graph":[{"@type":"WebPage","@id":"https:\/\/fashiongold.lt\/pl\/papuosalas\/produkcja-obraczek-slubnych\/","url":"https:\/\/fashiongold.lt\/pl\/papuosalas\/produkcja-obraczek-slubnych\/","name":"Jubiler - Produkcja obr\u0105czek \u015blubnych - FashionGold.lt","isPartOf":{"@id":"https:\/\/fashiongold.lt\/pl\/#website"},"primaryImageOfPage":{"@id":"https:\/\/fashiongold.lt\/pl\/papuosalas\/produkcja-obraczek-slubnych\/#primaryimage"},"image":{"@id":"https:\/\/fashiongold.lt\/pl\/papuosalas\/produkcja-obraczek-slubnych\/#primaryimage"},"thumbnailUrl":"https:\/\/fashiongold.lt\/wp-content\/uploads\/2025\/10\/vestuviniai-ziedai-juvelyras.png","datePublished":"2025-10-09T16:29:32+00:00","dateModified":"2026-02-16T12:52:16+00:00","description":"Wykonamy obr\u0105czki \u015blubne z Waszego z\u0142ota \u2013 bi\u017cuterii, kt\u00f3rej nie nosicie, lub pami\u0105tek rodzinnych. Stw\u00f3rzcie znacz\u0105cy symbol, oszcz\u0119dzaj\u0105c na \u015blubie.","breadcrumb":{"@id":"https:\/\/fashiongold.lt\/pl\/papuosalas\/produkcja-obraczek-slubnych\/#breadcrumb"},"inLanguage":"pl-PL","potentialAction":[{"@type":"ReadAction","target":["https:\/\/fashiongold.lt\/pl\/papuosalas\/produkcja-obraczek-slubnych\/"]}]},{"@type":"ImageObject","inLanguage":"pl-PL","@id":"https:\/\/fashiongold.lt\/pl\/papuosalas\/produkcja-obraczek-slubnych\/#primaryimage","url":"https:\/\/fashiongold.lt\/wp-content\/uploads\/2025\/10\/vestuviniai-ziedai-juvelyras.png","contentUrl":"https:\/\/fashiongold.lt\/wp-content\/uploads\/2025\/10\/vestuviniai-ziedai-juvelyras.png","width":800,"height":800},{"@type":"BreadcrumbList","@id":"https:\/\/fashiongold.lt\/pl\/papuosalas\/produkcja-obraczek-slubnych\/#breadcrumb","itemListElement":[{"@type":"ListItem","position":1,"name":"Home","item":"https:\/\/fashiongold.lt\/pl\/"},{"@type":"ListItem","position":2,"name":"Sklep z diamentami Fashiongold.lt","item":"https:\/\/fashiongold.lt\/shop-2\/"},{"@type":"ListItem","position":3,"name":"Produkcja obr\u0105czek \u015blubnych"}]},{"@type":"WebSite","@id":"https:\/\/fashiongold.lt\/pl\/#website","url":"https:\/\/fashiongold.lt\/pl\/","name":"Fashion Gold","description":"Juvelyrikos namai","publisher":{"@id":"https:\/\/fashiongold.lt\/pl\/#organization"},"potentialAction":[{"@type":"SearchAction","target":{"@type":"EntryPoint","urlTemplate":"https:\/\/fashiongold.lt\/pl\/?s={search_term_string}"},"query-input":{"@type":"PropertyValueSpecification","valueRequired":true,"valueName":"search_term_string"}}],"inLanguage":"pl-PL"},{"@type":"Organization","@id":"https:\/\/fashiongold.lt\/pl\/#organization","name":"Topdiamonds Online","url":"https:\/\/fashiongold.lt\/pl\/","logo":{"@type":"ImageObject","inLanguage":"pl-PL","@id":"https:\/\/fashiongold.lt\/pl\/#\/schema\/logo\/image\/","url":"https:\/\/fashiongold.lt\/wp-content\/uploads\/2025\/04\/cropped-fashion_gold_logotipas2-scaled-1.png","contentUrl":"https:\/\/fashiongold.lt\/wp-content\/uploads\/2025\/04\/cropped-fashion_gold_logotipas2-scaled-1.png","width":2559,"height":421,"caption":"Topdiamonds Online"},"image":{"@id":"https:\/\/fashiongold.lt\/pl\/#\/schema\/logo\/image\/"}}]}},"_links":{"self":[{"href":"https:\/\/fashiongold.lt\/pl\/wp-json\/wp\/v2\/product\/286768","targetHints":{"allow":["GET"]}}],"collection":[{"href":"https:\/\/fashiongold.lt\/pl\/wp-json\/wp\/v2\/product"}],"about":[{"href":"https:\/\/fashiongold.lt\/pl\/wp-json\/wp\/v2\/types\/product"}],"version-history":[{"count":0,"href":"https:\/\/fashiongold.lt\/pl\/wp-json\/wp\/v2\/product\/286768\/revisions"}],"wp:featuredmedia":[{"embeddable":true,"href":"https:\/\/fashiongold.lt\/pl\/wp-json\/wp\/v2\/media\/37769"}],"wp:attachment":[{"href":"https:\/\/fashiongold.lt\/pl\/wp-json\/wp\/v2\/media?parent=286768"}],"wp:term":[{"taxonomy":"product_brand","embeddable":true,"href":"https:\/\/fashiongold.lt\/pl\/wp-json\/wp\/v2\/product_brand?post=286768"},{"taxonomy":"product_cat","embeddable":true,"href":"https:\/\/fashiongold.lt\/pl\/wp-json\/wp\/v2\/product_cat?post=286768"},{"taxonomy":"product_tag","embeddable":true,"href":"https:\/\/fashiongold.lt\/pl\/wp-json\/wp\/v2\/product_tag?post=286768"}],"curies":[{"name":"wp","href":"https:\/\/api.w.org\/{rel}","templated":true}]}}