{"id":286898,"date":"2025-10-09T16:28:47","date_gmt":"2025-10-09T16:28:47","guid":{"rendered":"https:\/\/fashiongold.lt\/papuosalas\/bransoletka-z-diamentami-diamenty-emerald-6-60-ct\/"},"modified":"2026-02-16T12:54:05","modified_gmt":"2026-02-16T12:54:05","slug":"bransoletka-z-diamentami-diamenty-emerald-6-60-ct","status":"publish","type":"product","link":"https:\/\/fashiongold.lt\/pl\/papuosalas\/bransoletka-z-diamentami-diamenty-emerald-6-60-ct\/","title":{"rendered":"Bransoletka z diamentami &#8211; DIAMENTY EMERALD (6.60 ct)"},"content":{"rendered":"<p><span data-sheets-root=\"1\">Ta bransoletka z diamentami to definicja elegancji, w kt\u00f3rej \u0142\u0105cz\u0105 si\u0119 symetria, \u015bwiat\u0142o i wyrafinowana forma. Jest to bi\u017cuteria, kt\u00f3ra subtelnie pasuje do stroju wieczorowego, ale tak\u017ce doskonale uzupe\u0142ni codzienny wygl\u0105d tych os\u00f3b, kt\u00f3re nie boj\u0105 si\u0119 l\u015bni\u0107. Dzi\u0119ki wyj\u0105tkowej jako\u015bci wykonania i ca\u0142kowitej masie diament\u00f3w, bi\u017cuteria ta staje si\u0119 nie tylko wizualnie imponuj\u0105ca, ale posiada r\u00f3wnie\u017c trwa\u0142\u0105 warto\u015b\u0107.<br \/>\nWykonana zgodnie z najwy\u017cszymi standardami jubilerskimi. Bransoletka mo\u017ce by\u0107 wykonana na zam\u00f3wienie: za dodatkow\u0105 op\u0142at\u0105 z diamentami o wy\u017cszej jako\u015bci.<\/span><\/p>\n<p><span data-sheets-root=\"1\"><br \/>\n\u2022 <strong><a href=\"https:\/\/fashiongold.lt\/pl\/patarimai-pl\/proba-zlota-dla-bransoletki-z-diamentami-jak-wybrac-odpowiednia\/\" target=\"_blank\" rel=\"noopener\">Metale bransoletki<\/a><\/strong>: 14K (pr\u00f3ba 585), 18K (pr\u00f3ba 750), platyna 900<br \/>\n\u2022 <a href=\"https:\/\/fashiongold.lt\/pl\/patarimai-pl\/bransoletki-i-kolor-zlota-ktory-wybrac-biale-rozowe-czy-zolte-zloto\/\" target=\"_blank\" rel=\"noopener\"><strong>Kolor z\u0142ota bransoletki<\/strong><\/a>: bia\u0142y, czerwony, \u017c\u00f3\u0142ty<br \/>\n\u2022 <a href=\"https:\/\/fashiongold.lt\/pl\/patarimai-pl\/bransoletka-z-diamentami-jakosc-waga-dlugosc-proba-kolor-zlota\/\" target=\"_blank\" rel=\"noopener\"><strong>Waga z\u0142ota bransoletki<\/strong><\/a>: (zale\u017cy od rozmiaru): oko\u0142o 8.70 g<br \/>\n\u2022 <a href=\"https:\/\/fashiongold.lt\/pl\/patarimai-pl\/bransoletka-z-diamentami-jak-prawidlowo-wybrac-dlugosc\/\" target=\"_blank\" rel=\"noopener\"><strong>D\u0142ugo\u015b\u0107 bransoletki<\/strong><\/a> do wyboru: 17 cm, 18 cm, 19 cm, 20 cm, 21 cm, 22 cm<br \/>\n\u2022 <a href=\"https:\/\/fashiongold.lt\/pl\/patarimai-pl\/diament-inne-ksztalty-diamentu\/\" target=\"_blank\" rel=\"noopener\"><strong>Kszta\u0142t diament\u00f3w<\/strong><\/a>: Prostok\u0105tny (Emerald cut)<br \/>\n\u2022 <strong><a href=\"https:\/\/fashiongold.lt\/pl\/patarimai-pl\/diament-jak-oceniany-jest-luksus-najcenniejszego-kamienia-szlachetnego\/\" target=\"_blank\" rel=\"noopener\">Waga i charakterystyka diament\u00f3w<\/a><\/strong> (mo\u017cliwo\u015b\u0107 zmiany):<br \/>\nDiamenty wyhodowane w laboratorium: oko\u0142o 0.22 ct (kolor D-E, czysto\u015b\u0107 VVS)<br \/>\nDiamenty naturalne: oko\u0142o 0.22 ct (kolor G-I, czysto\u015b\u0107 SI)<br \/>\nCa\u0142kowita masa diament\u00f3w: oko\u0142o 6.60 ct, oko\u0142o 32 diamenty (zale\u017cy od d\u0142ugo\u015bci bransoletki)<br \/>\n\u2022 <a href=\"https:\/\/fashiongold.lt\/pl\/patarimai-pl\/pierscionki-zareczynowe-czy-mozna-wygrawerowac-pierscionek-detale-ktore-nadaja-twojemu-pierscionkowi-zareczynowemu-indywidualnego-charakteru\/\" target=\"_blank\" rel=\"noopener\"><strong>Grawerowanie<\/strong><\/a> gratis<br \/>\n\u2022 Jednorazowa bezp\u0142atna <a href=\"https:\/\/fashiongold.lt\/pl\/patarimai-pl\/darmowa-zmiana-dlugosci-bransoletki-dla-bizuterii-zakupionej-w-fashiongold-lt\/\" target=\"_blank\" rel=\"noopener\"><strong>gwarancja zmiany d\u0142ugo\u015bci bransoletki<\/strong><\/a><br \/>\n\u2022 <a href=\"https:\/\/fashiongold.lt\/pl\/dostawa-i-zwroty\/\" target=\"_blank\" rel=\"noopener\"><strong>Termin produkcji i dostawy<\/strong><\/a>: od 14 dni roboczych, w trybie pilnym w ci\u0105gu 7 dni roboczych.<\/span><\/p>\n<p><span data-sheets-root=\"1\"><br \/>\nMasz w\u0142asny kamie\u0144 szlachetny lub z\u0142oto? Przeliczymy cen\u0119 i zap\u0142acisz tylko za wykonanie. A mo\u017ce chcesz zmieni\u0107 charakterystyk\u0119 diamentu wed\u0142ug w\u0142asnych preferencji? <strong><a href=\"https:\/\/fashiongold.lt\/pl\/kontakt\/\" target=\"_blank\" rel=\"noopener\">Skontaktuj si\u0119 z nami<\/a><\/strong>!<br \/>\nOdkryj szeroki wyb\u00f3r bi\u017cuterii z diamentami, dopasowany do r\u00f3\u017cnych gust\u00f3w i bud\u017cet\u00f3w. Stw\u00f3rz i spersonalizuj swoj\u0105 bi\u017cuteri\u0119 z <a href=\"https:\/\/fashiongold.lt\/pl\/\" target=\"_blank\" rel=\"noopener\">FashionGold.lt<\/a>.<br \/>\n<\/span><\/p>\n","protected":false},"excerpt":{"rendered":"<p><span data-sheets-root=\"1\">Ta bransoletka z diamentami to po\u0142\u0105czenie doskona\u0142ego wyrafinowania i nowoczesnej estetyki. Ka\u017cdy diament o prostok\u0105tnym kszta\u0142cie jest u\u0142o\u017cony tak, aby tworzy\u0107 r\u00f3wn\u0105, eleganck\u0105 lini\u0119 wok\u00f3\u0142 nadgarstka, a dzi\u0119ki lustrzanemu szlifowi <em>Emerald<\/em> diamenty te estetycznie l\u015bni\u0105 subteln\u0105 gr\u0105 \u015bwiat\u0142a. Minimalistyczny, klasyczny design z niezwykle precyzyjnym wyko\u0144czeniem podkre\u015bla kszta\u0142t ka\u017cdego diamentu i pozwala im m\u00f3wi\u0107 samym za siebie. Solidne zapi\u0119cie dodaje nowoczesnego uroku, ale nigdy nie odci\u0105ga uwagi od tego, co najwa\u017cniejsze \u2013 samych diament\u00f3w.<\/span><\/p>\n","protected":false},"featured_media":37429,"template":"","meta":{"site-sidebar-layout":"default","site-content-layout":"","ast-site-content-layout":"default","site-content-style":"default","site-sidebar-style":"default","ast-global-header-display":"","ast-banner-title-visibility":"","ast-main-header-display":"","ast-hfb-above-header-display":"","ast-hfb-below-header-display":"","ast-hfb-mobile-header-display":"","site-post-title":"","ast-breadcrumbs-content":"","ast-featured-img":"","footer-sml-layout":"","ast-disable-related-posts":"","theme-transparent-header-meta":"default","adv-header-id-meta":"","stick-header-meta":"","header-above-stick-meta":"","header-main-stick-meta":"","header-below-stick-meta":"","astra-migrate-meta-layouts":"default","ast-page-background-enabled":"default","ast-page-background-meta":{"desktop":{"background-color":"var(--ast-global-color-4)","background-image":"","background-repeat":"repeat","background-position":"center center","background-size":"auto","background-attachment":"scroll","background-type":"","background-media":"","overlay-type":"","overlay-color":"","overlay-opacity":"","overlay-gradient":""},"tablet":{"background-color":"","background-image":"","background-repeat":"repeat","background-position":"center center","background-size":"auto","background-attachment":"scroll","background-type":"","background-media":"","overlay-type":"","overlay-color":"","overlay-opacity":"","overlay-gradient":""},"mobile":{"background-color":"","background-image":"","background-repeat":"repeat","background-position":"center center","background-size":"auto","background-attachment":"scroll","background-type":"","background-media":"","overlay-type":"","overlay-color":"","overlay-opacity":"","overlay-gradient":""}},"ast-content-background-meta":{"desktop":{"background-color":"var(--ast-global-color-5)","background-image":"","background-repeat":"repeat","background-position":"center center","background-size":"auto","background-attachment":"scroll","background-type":"","background-media":"","overlay-type":"","overlay-color":"","overlay-opacity":"","overlay-gradient":""},"tablet":{"background-color":"var(--ast-global-color-5)","background-image":"","background-repeat":"repeat","background-position":"center center","background-size":"auto","background-attachment":"scroll","background-type":"","background-media":"","overlay-type":"","overlay-color":"","overlay-opacity":"","overlay-gradient":""},"mobile":{"background-color":"var(--ast-global-color-5)","background-image":"","background-repeat":"repeat","background-position":"center center","background-size":"auto","background-attachment":"scroll","background-type":"","background-media":"","overlay-type":"","overlay-color":"","overlay-opacity":"","overlay-gradient":""}}},"product_brand":[],"product_cat":[],"product_tag":[],"class_list":{"0":"post-286898","1":"product","2":"type-product","3":"status-publish","4":"has-post-thumbnail","6":"desktop-align-center","7":"tablet-align-left","8":"mobile-align-left","9":"ast-product-gallery-layout-horizontal-slider","10":"ast-product-single-variable","11":"ast-product-tabs-layout-accordion","12":"ast-qv-on-image","14":"first","15":"instock","16":"taxable","17":"shipping-taxable","18":"purchasable","19":"product-type-variable"},"yoast_head":"<!-- This site is optimized with the Yoast SEO plugin v26.6 - https:\/\/yoast.com\/wordpress\/plugins\/seo\/ -->\n<title>Bransoletka z diamentami - DIAMENTY EMERALD (6.60 ct)<\/title>\n<meta name=\"description\" content=\"Wyj\u0105tkowa bransoletka z diamentami \u2013 po\u0142\u0105czenie elegancji i wyrafinowanego stylu. L\u015bnij luksusem dzi\u0119ki tym diamentom o prostok\u0105tnym kszta\u0142cie.\" \/>\n<meta name=\"robots\" content=\"index, follow, max-snippet:-1, max-image-preview:large, max-video-preview:-1\" \/>\n<link rel=\"canonical\" href=\"https:\/\/fashiongold.lt\/pl\/papuosalas\/bransoletka-z-diamentami-diamenty-emerald-6-60-ct\/\" \/>\n<meta property=\"og:locale\" content=\"pl_PL\" \/>\n<meta property=\"og:type\" content=\"article\" \/>\n<meta property=\"og:title\" content=\"Bransoletka z diamentami - DIAMENTY EMERALD (6.60 ct)\" \/>\n<meta property=\"og:description\" content=\"Wyj\u0105tkowa bransoletka z diamentami \u2013 po\u0142\u0105czenie elegancji i wyrafinowanego stylu. L\u015bnij luksusem dzi\u0119ki tym diamentom o prostok\u0105tnym kszta\u0142cie.\" \/>\n<meta property=\"og:url\" content=\"https:\/\/fashiongold.lt\/pl\/papuosalas\/bransoletka-z-diamentami-diamenty-emerald-6-60-ct\/\" \/>\n<meta property=\"og:site_name\" content=\"FashionGold.lt\" \/>\n<meta property=\"article:modified_time\" content=\"2026-02-16T12:54:05+00:00\" \/>\n<meta property=\"og:image\" content=\"https:\/\/fashiongold.lt\/wp-content\/uploads\/2025\/10\/Apyranke-su-deimantais-EMERALD-DEIMANTAI-1.webp\" \/>\n\t<meta property=\"og:image:width\" content=\"800\" \/>\n\t<meta property=\"og:image:height\" content=\"800\" \/>\n\t<meta property=\"og:image:type\" content=\"image\/png\" \/>\n<meta name=\"twitter:card\" content=\"summary_large_image\" \/>\n<meta name=\"twitter:label1\" content=\"Szacowany czas czytania\" \/>\n\t<meta name=\"twitter:data1\" content=\"1 minuta\" \/>\n<script type=\"application\/ld+json\" class=\"yoast-schema-graph\">{\"@context\":\"https:\/\/schema.org\",\"@graph\":[{\"@type\":\"WebPage\",\"@id\":\"https:\/\/fashiongold.lt\/pl\/papuosalas\/bransoletka-z-diamentami-diamenty-emerald-6-60-ct\/\",\"url\":\"https:\/\/fashiongold.lt\/pl\/papuosalas\/bransoletka-z-diamentami-diamenty-emerald-6-60-ct\/\",\"name\":\"Bransoletka z diamentami - DIAMENTY EMERALD (6.60 ct)\",\"isPartOf\":{\"@id\":\"https:\/\/fashiongold.lt\/pl\/#website\"},\"primaryImageOfPage\":{\"@id\":\"https:\/\/fashiongold.lt\/pl\/papuosalas\/bransoletka-z-diamentami-diamenty-emerald-6-60-ct\/#primaryimage\"},\"image\":{\"@id\":\"https:\/\/fashiongold.lt\/pl\/papuosalas\/bransoletka-z-diamentami-diamenty-emerald-6-60-ct\/#primaryimage\"},\"thumbnailUrl\":\"https:\/\/fashiongold.lt\/wp-content\/uploads\/2025\/10\/Apyranke-su-deimantais-EMERALD-DEIMANTAI-1.png\",\"datePublished\":\"2025-10-09T16:28:47+00:00\",\"dateModified\":\"2026-02-16T12:54:05+00:00\",\"description\":\"Wyj\u0105tkowa bransoletka z diamentami \u2013 po\u0142\u0105czenie elegancji i wyrafinowanego stylu. L\u015bnij luksusem dzi\u0119ki tym diamentom o prostok\u0105tnym kszta\u0142cie.\",\"breadcrumb\":{\"@id\":\"https:\/\/fashiongold.lt\/pl\/papuosalas\/bransoletka-z-diamentami-diamenty-emerald-6-60-ct\/#breadcrumb\"},\"inLanguage\":\"pl-PL\",\"potentialAction\":[{\"@type\":\"ReadAction\",\"target\":[\"https:\/\/fashiongold.lt\/pl\/papuosalas\/bransoletka-z-diamentami-diamenty-emerald-6-60-ct\/\"]}]},{\"@type\":\"ImageObject\",\"inLanguage\":\"pl-PL\",\"@id\":\"https:\/\/fashiongold.lt\/pl\/papuosalas\/bransoletka-z-diamentami-diamenty-emerald-6-60-ct\/#primaryimage\",\"url\":\"https:\/\/fashiongold.lt\/wp-content\/uploads\/2025\/10\/Apyranke-su-deimantais-EMERALD-DEIMANTAI-1.png\",\"contentUrl\":\"https:\/\/fashiongold.lt\/wp-content\/uploads\/2025\/10\/Apyranke-su-deimantais-EMERALD-DEIMANTAI-1.png\",\"width\":800,\"height\":800},{\"@type\":\"BreadcrumbList\",\"@id\":\"https:\/\/fashiongold.lt\/pl\/papuosalas\/bransoletka-z-diamentami-diamenty-emerald-6-60-ct\/#breadcrumb\",\"itemListElement\":[{\"@type\":\"ListItem\",\"position\":1,\"name\":\"Home\",\"item\":\"https:\/\/fashiongold.lt\/pl\/\"},{\"@type\":\"ListItem\",\"position\":2,\"name\":\"Sklep z diamentami Fashiongold.lt\",\"item\":\"https:\/\/fashiongold.lt\/shop-2\/\"},{\"@type\":\"ListItem\",\"position\":3,\"name\":\"Bransoletka z diamentami &#8211; DIAMENTY EMERALD (6.60 ct)\"}]},{\"@type\":\"WebSite\",\"@id\":\"https:\/\/fashiongold.lt\/pl\/#website\",\"url\":\"https:\/\/fashiongold.lt\/pl\/\",\"name\":\"Fashion Gold\",\"description\":\"Juvelyrikos namai\",\"publisher\":{\"@id\":\"https:\/\/fashiongold.lt\/pl\/#organization\"},\"potentialAction\":[{\"@type\":\"SearchAction\",\"target\":{\"@type\":\"EntryPoint\",\"urlTemplate\":\"https:\/\/fashiongold.lt\/pl\/?s={search_term_string}\"},\"query-input\":{\"@type\":\"PropertyValueSpecification\",\"valueRequired\":true,\"valueName\":\"search_term_string\"}}],\"inLanguage\":\"pl-PL\"},{\"@type\":\"Organization\",\"@id\":\"https:\/\/fashiongold.lt\/pl\/#organization\",\"name\":\"Topdiamonds Online\",\"url\":\"https:\/\/fashiongold.lt\/pl\/\",\"logo\":{\"@type\":\"ImageObject\",\"inLanguage\":\"pl-PL\",\"@id\":\"https:\/\/fashiongold.lt\/pl\/#\/schema\/logo\/image\/\",\"url\":\"https:\/\/fashiongold.lt\/wp-content\/uploads\/2025\/04\/cropped-fashion_gold_logotipas2-scaled-1.png\",\"contentUrl\":\"https:\/\/fashiongold.lt\/wp-content\/uploads\/2025\/04\/cropped-fashion_gold_logotipas2-scaled-1.png\",\"width\":2559,\"height\":421,\"caption\":\"Topdiamonds Online\"},\"image\":{\"@id\":\"https:\/\/fashiongold.lt\/pl\/#\/schema\/logo\/image\/\"}}]}<\/script>\n<!-- \/ Yoast SEO plugin. -->","yoast_head_json":{"title":"Bransoletka z diamentami - DIAMENTY EMERALD (6.60 ct)","description":"Wyj\u0105tkowa bransoletka z diamentami \u2013 po\u0142\u0105czenie elegancji i wyrafinowanego stylu. L\u015bnij luksusem dzi\u0119ki tym diamentom o prostok\u0105tnym kszta\u0142cie.","robots":{"index":"index","follow":"follow","max-snippet":"max-snippet:-1","max-image-preview":"max-image-preview:large","max-video-preview":"max-video-preview:-1"},"canonical":"https:\/\/fashiongold.lt\/pl\/papuosalas\/bransoletka-z-diamentami-diamenty-emerald-6-60-ct\/","og_locale":"pl_PL","og_type":"article","og_title":"Bransoletka z diamentami - DIAMENTY EMERALD (6.60 ct)","og_description":"Wyj\u0105tkowa bransoletka z diamentami \u2013 po\u0142\u0105czenie elegancji i wyrafinowanego stylu. L\u015bnij luksusem dzi\u0119ki tym diamentom o prostok\u0105tnym kszta\u0142cie.","og_url":"https:\/\/fashiongold.lt\/pl\/papuosalas\/bransoletka-z-diamentami-diamenty-emerald-6-60-ct\/","og_site_name":"FashionGold.lt","article_modified_time":"2026-02-16T12:54:05+00:00","og_image":[{"width":800,"height":800,"url":"https:\/\/fashiongold.lt\/wp-content\/uploads\/2025\/10\/Apyranke-su-deimantais-EMERALD-DEIMANTAI-1.webp","type":"image\/png"}],"twitter_card":"summary_large_image","twitter_misc":{"Szacowany czas czytania":"1 minuta"},"schema":{"@context":"https:\/\/schema.org","@graph":[{"@type":"WebPage","@id":"https:\/\/fashiongold.lt\/pl\/papuosalas\/bransoletka-z-diamentami-diamenty-emerald-6-60-ct\/","url":"https:\/\/fashiongold.lt\/pl\/papuosalas\/bransoletka-z-diamentami-diamenty-emerald-6-60-ct\/","name":"Bransoletka z diamentami - DIAMENTY EMERALD (6.60 ct)","isPartOf":{"@id":"https:\/\/fashiongold.lt\/pl\/#website"},"primaryImageOfPage":{"@id":"https:\/\/fashiongold.lt\/pl\/papuosalas\/bransoletka-z-diamentami-diamenty-emerald-6-60-ct\/#primaryimage"},"image":{"@id":"https:\/\/fashiongold.lt\/pl\/papuosalas\/bransoletka-z-diamentami-diamenty-emerald-6-60-ct\/#primaryimage"},"thumbnailUrl":"https:\/\/fashiongold.lt\/wp-content\/uploads\/2025\/10\/Apyranke-su-deimantais-EMERALD-DEIMANTAI-1.png","datePublished":"2025-10-09T16:28:47+00:00","dateModified":"2026-02-16T12:54:05+00:00","description":"Wyj\u0105tkowa bransoletka z diamentami \u2013 po\u0142\u0105czenie elegancji i wyrafinowanego stylu. L\u015bnij luksusem dzi\u0119ki tym diamentom o prostok\u0105tnym kszta\u0142cie.","breadcrumb":{"@id":"https:\/\/fashiongold.lt\/pl\/papuosalas\/bransoletka-z-diamentami-diamenty-emerald-6-60-ct\/#breadcrumb"},"inLanguage":"pl-PL","potentialAction":[{"@type":"ReadAction","target":["https:\/\/fashiongold.lt\/pl\/papuosalas\/bransoletka-z-diamentami-diamenty-emerald-6-60-ct\/"]}]},{"@type":"ImageObject","inLanguage":"pl-PL","@id":"https:\/\/fashiongold.lt\/pl\/papuosalas\/bransoletka-z-diamentami-diamenty-emerald-6-60-ct\/#primaryimage","url":"https:\/\/fashiongold.lt\/wp-content\/uploads\/2025\/10\/Apyranke-su-deimantais-EMERALD-DEIMANTAI-1.png","contentUrl":"https:\/\/fashiongold.lt\/wp-content\/uploads\/2025\/10\/Apyranke-su-deimantais-EMERALD-DEIMANTAI-1.png","width":800,"height":800},{"@type":"BreadcrumbList","@id":"https:\/\/fashiongold.lt\/pl\/papuosalas\/bransoletka-z-diamentami-diamenty-emerald-6-60-ct\/#breadcrumb","itemListElement":[{"@type":"ListItem","position":1,"name":"Home","item":"https:\/\/fashiongold.lt\/pl\/"},{"@type":"ListItem","position":2,"name":"Sklep z diamentami Fashiongold.lt","item":"https:\/\/fashiongold.lt\/shop-2\/"},{"@type":"ListItem","position":3,"name":"Bransoletka z diamentami &#8211; DIAMENTY EMERALD (6.60 ct)"}]},{"@type":"WebSite","@id":"https:\/\/fashiongold.lt\/pl\/#website","url":"https:\/\/fashiongold.lt\/pl\/","name":"Fashion Gold","description":"Juvelyrikos namai","publisher":{"@id":"https:\/\/fashiongold.lt\/pl\/#organization"},"potentialAction":[{"@type":"SearchAction","target":{"@type":"EntryPoint","urlTemplate":"https:\/\/fashiongold.lt\/pl\/?s={search_term_string}"},"query-input":{"@type":"PropertyValueSpecification","valueRequired":true,"valueName":"search_term_string"}}],"inLanguage":"pl-PL"},{"@type":"Organization","@id":"https:\/\/fashiongold.lt\/pl\/#organization","name":"Topdiamonds Online","url":"https:\/\/fashiongold.lt\/pl\/","logo":{"@type":"ImageObject","inLanguage":"pl-PL","@id":"https:\/\/fashiongold.lt\/pl\/#\/schema\/logo\/image\/","url":"https:\/\/fashiongold.lt\/wp-content\/uploads\/2025\/04\/cropped-fashion_gold_logotipas2-scaled-1.png","contentUrl":"https:\/\/fashiongold.lt\/wp-content\/uploads\/2025\/04\/cropped-fashion_gold_logotipas2-scaled-1.png","width":2559,"height":421,"caption":"Topdiamonds Online"},"image":{"@id":"https:\/\/fashiongold.lt\/pl\/#\/schema\/logo\/image\/"}}]}},"_links":{"self":[{"href":"https:\/\/fashiongold.lt\/pl\/wp-json\/wp\/v2\/product\/286898","targetHints":{"allow":["GET"]}}],"collection":[{"href":"https:\/\/fashiongold.lt\/pl\/wp-json\/wp\/v2\/product"}],"about":[{"href":"https:\/\/fashiongold.lt\/pl\/wp-json\/wp\/v2\/types\/product"}],"version-history":[{"count":0,"href":"https:\/\/fashiongold.lt\/pl\/wp-json\/wp\/v2\/product\/286898\/revisions"}],"wp:featuredmedia":[{"embeddable":true,"href":"https:\/\/fashiongold.lt\/pl\/wp-json\/wp\/v2\/media\/37429"}],"wp:attachment":[{"href":"https:\/\/fashiongold.lt\/pl\/wp-json\/wp\/v2\/media?parent=286898"}],"wp:term":[{"taxonomy":"product_brand","embeddable":true,"href":"https:\/\/fashiongold.lt\/pl\/wp-json\/wp\/v2\/product_brand?post=286898"},{"taxonomy":"product_cat","embeddable":true,"href":"https:\/\/fashiongold.lt\/pl\/wp-json\/wp\/v2\/product_cat?post=286898"},{"taxonomy":"product_tag","embeddable":true,"href":"https:\/\/fashiongold.lt\/pl\/wp-json\/wp\/v2\/product_tag?post=286898"}],"curies":[{"name":"wp","href":"https:\/\/api.w.org\/{rel}","templated":true}]}}