{"id":286918,"date":"2025-10-09T16:28:24","date_gmt":"2025-10-09T16:28:24","guid":{"rendered":"https:\/\/fashiongold.lt\/papuosalas\/zawieszka-z-diamentem-okragly-diament\/"},"modified":"2026-02-16T12:54:19","modified_gmt":"2026-02-16T12:54:19","slug":"zawieszka-z-diamentem-okragly-diament","status":"publish","type":"product","link":"https:\/\/fashiongold.lt\/pl\/produkt\/zawieszka-z-diamentem-okragly-diament\/","title":{"rendered":"Zawieszka z diamentem &#8211; OKR\u0104G\u0141Y DIAMENT"},"content":{"rendered":"<p>Ten wisior z diamentem to punkt wyj\u015bcia dla Twojej tw\u00f3rczo\u015bci. Wybierz jeden z czterech metali szlachetnych \u2013 \u017c\u00f3\u0142te, bia\u0142e, r\u00f3\u017cowe z\u0142oto lub platyn\u0119 \u2013 i dopasuj go do swojego stylu oraz gustu. Znajduj\u0105cy si\u0119 w centrum diament o okr\u0105g\u0142ym kszta\u0142cie to nie tylko blask, ale tak\u017ce symbol Twojego wyboru oprawy. W kolejnym kroku indywidualnie dostosuj jako\u015b\u0107, wielko\u015b\u0107 i blask diamentu o szlifie <em>Round<\/em> \u2013 ka\u017cdy detal ma znaczenie.<br \/>\nKa\u017cdy wyb\u00f3r to krok w stron\u0119 unikalnego dzie\u0142a, w kt\u00f3rym odzwierciedla si\u0119 Twoja wizja, warto\u015bci i styl.<br \/>\nWykonany zgodnie z najwy\u017cszymi standardami jubilerskimi.<\/p>\n<p><span data-sheets-root=\"1\">\u2022 <a href=\"https:\/\/fashiongold.lt\/pl\/patarimai-pl\/zawieszka-z-diamentem-jak-wybrac-wage-zlota-kolor-i-odpowiedni-lancuszek\/\" target=\"_blank\" rel=\"noopener\"><strong>Waga z\u0142ota w wisiorze<\/strong><\/a>: ok. 2.25 g<br \/>\n\u2022 <a href=\"https:\/\/fashiongold.lt\/pl\/patarimai-pl\/pierscionki-zareczynowe-czy-mozna-wygrawerowac-pierscionek-detale-ktore-nadaja-twojemu-pierscionkowi-zareczynowemu-indywidualnego-charakteru\/\" target=\"_blank\" rel=\"noopener\"><strong>Grawerowanie<\/strong><\/a> gratis<br \/>\n\u2022 Jednorazowa bezp\u0142atna <a href=\"https:\/\/fashiongold.lt\/pl\/patarimai-pl\/zloty-lancuszek-bezplatna-zmiana-dlugosci-przy-zakupie-w-fashiongold-lt\/\" target=\"_blank\" rel=\"noopener\"><strong>gwarancja zmiany d\u0142ugo\u015bci \u0142a\u0144cuszka<\/strong><\/a><\/span><\/p>\n<p><span data-sheets-root=\"1\">Masz w\u0142asny kamie\u0144 szlachetny lub z\u0142oto? Przeliczymy cen\u0119 i zap\u0142acisz tylko za wykonanie wisiora. A mo\u017ce chcesz zmieni\u0107 parametry diamentu zgodnie ze swoimi preferencjami? <strong><a href=\"https:\/\/fashiongold.lt\/pl\/kontakt\/\" target=\"_blank\" rel=\"noopener\">Skontaktuj si\u0119 z nami<\/a><\/strong>!<br \/>\nOdkryj szeroki wyb\u00f3r bi\u017cuterii z diamentami, dopasowany do r\u00f3\u017cnych gust\u00f3w i bud\u017cet\u00f3w. Stw\u00f3rz i spersonalizuj swoj\u0105 bi\u017cuteri\u0119 z <a href=\"https:\/\/fashiongold.lt\/pl\/\" target=\"_blank\" rel=\"noopener\">FashionGold.lt<\/a>.<\/span><\/p>\n","protected":false},"excerpt":{"rendered":"<p>Ten wisior z diamentem to punkt wyj\u015bcia dla Twojej tw\u00f3rczo\u015bci. Wybierz jeden z czterech metali szlachetnych \u2013 \u017c\u00f3\u0142te, bia\u0142e, r\u00f3\u017cowe [&hellip;]<\/p>\n","protected":false},"featured_media":37005,"template":"","meta":{"site-sidebar-layout":"default","site-content-layout":"","ast-site-content-layout":"default","site-content-style":"default","site-sidebar-style":"default","ast-global-header-display":"","ast-banner-title-visibility":"","ast-main-header-display":"","ast-hfb-above-header-display":"","ast-hfb-below-header-display":"","ast-hfb-mobile-header-display":"","site-post-title":"","ast-breadcrumbs-content":"","ast-featured-img":"","footer-sml-layout":"","ast-disable-related-posts":"","theme-transparent-header-meta":"default","adv-header-id-meta":"","stick-header-meta":"","header-above-stick-meta":"","header-main-stick-meta":"","header-below-stick-meta":"","astra-migrate-meta-layouts":"default","ast-page-background-enabled":"default","ast-page-background-meta":{"desktop":{"background-color":"var(--ast-global-color-4)","background-image":"","background-repeat":"repeat","background-position":"center center","background-size":"auto","background-attachment":"scroll","background-type":"","background-media":"","overlay-type":"","overlay-color":"","overlay-opacity":"","overlay-gradient":""},"tablet":{"background-color":"","background-image":"","background-repeat":"repeat","background-position":"center center","background-size":"auto","background-attachment":"scroll","background-type":"","background-media":"","overlay-type":"","overlay-color":"","overlay-opacity":"","overlay-gradient":""},"mobile":{"background-color":"","background-image":"","background-repeat":"repeat","background-position":"center center","background-size":"auto","background-attachment":"scroll","background-type":"","background-media":"","overlay-type":"","overlay-color":"","overlay-opacity":"","overlay-gradient":""}},"ast-content-background-meta":{"desktop":{"background-color":"var(--ast-global-color-5)","background-image":"","background-repeat":"repeat","background-position":"center center","background-size":"auto","background-attachment":"scroll","background-type":"","background-media":"","overlay-type":"","overlay-color":"","overlay-opacity":"","overlay-gradient":""},"tablet":{"background-color":"var(--ast-global-color-5)","background-image":"","background-repeat":"repeat","background-position":"center center","background-size":"auto","background-attachment":"scroll","background-type":"","background-media":"","overlay-type":"","overlay-color":"","overlay-opacity":"","overlay-gradient":""},"mobile":{"background-color":"var(--ast-global-color-5)","background-image":"","background-repeat":"repeat","background-position":"center center","background-size":"auto","background-attachment":"scroll","background-type":"","background-media":"","overlay-type":"","overlay-color":"","overlay-opacity":"","overlay-gradient":""}}},"product_brand":[],"product_cat":[],"product_tag":[],"class_list":{"0":"post-286918","1":"product","2":"type-product","3":"status-publish","4":"has-post-thumbnail","6":"desktop-align-center","7":"tablet-align-left","8":"mobile-align-left","9":"ast-product-gallery-layout-horizontal-slider","10":"ast-product-single-variable","11":"ast-product-tabs-layout-accordion","12":"ast-qv-on-image","14":"first","15":"instock","16":"taxable","17":"shipping-taxable","18":"purchasable","19":"product-type-variable"},"yoast_head":"<!-- This site is optimized with the Yoast SEO plugin v26.6 - https:\/\/yoast.com\/wordpress\/plugins\/seo\/ -->\n<title>Zawieszka z diamentem - DIAMENT OKR\u0104G\u0141Y<\/title>\n<meta name=\"description\" content=\"Stw\u00f3rz unikaln\u0105 bi\u017cuteri\u0119 \u2013 ten wisiorek z diamentem daje mo\u017cliwo\u015b\u0107 wyboru koloru metalu, typu korony, wielko\u015bci diamentu, czysto\u015bci, koloru oraz jako\u015bci.\" \/>\n<meta name=\"robots\" content=\"index, follow, max-snippet:-1, max-image-preview:large, max-video-preview:-1\" \/>\n<link rel=\"canonical\" href=\"https:\/\/fashiongold.lt\/pl\/produkt\/zawieszka-z-diamentem-okragly-diament\/\" \/>\n<meta property=\"og:locale\" content=\"pl_PL\" \/>\n<meta property=\"og:type\" content=\"article\" \/>\n<meta property=\"og:title\" content=\"Zawieszka z diamentem - DIAMENT OKR\u0104G\u0141Y\" \/>\n<meta property=\"og:description\" content=\"Stw\u00f3rz unikaln\u0105 bi\u017cuteri\u0119 \u2013 ten wisiorek z diamentem daje mo\u017cliwo\u015b\u0107 wyboru koloru metalu, typu korony, wielko\u015bci diamentu, czysto\u015bci, koloru oraz jako\u015bci.\" \/>\n<meta property=\"og:url\" content=\"https:\/\/fashiongold.lt\/pl\/produkt\/zawieszka-z-diamentem-okragly-diament\/\" \/>\n<meta property=\"og:site_name\" content=\"FashionGold.lt\" \/>\n<meta property=\"article:modified_time\" content=\"2026-02-16T12:54:19+00:00\" \/>\n<meta property=\"og:image\" content=\"https:\/\/fashiongold.lt\/wp-content\/uploads\/2025\/10\/TDO-1010-Klasikinis-pakabukas-su-deimantu-ROUND-DEIMANTAS-030-ct-1.webp\" \/>\n\t<meta property=\"og:image:width\" content=\"800\" \/>\n\t<meta property=\"og:image:height\" content=\"800\" \/>\n\t<meta property=\"og:image:type\" content=\"image\/png\" \/>\n<meta name=\"twitter:card\" content=\"summary_large_image\" \/>\n<meta name=\"twitter:label1\" content=\"Szacowany czas czytania\" \/>\n\t<meta name=\"twitter:data1\" content=\"1 minuta\" \/>\n<script type=\"application\/ld+json\" class=\"yoast-schema-graph\">{\"@context\":\"https:\/\/schema.org\",\"@graph\":[{\"@type\":\"WebPage\",\"@id\":\"https:\/\/fashiongold.lt\/pl\/produkt\/zawieszka-z-diamentem-okragly-diament\/\",\"url\":\"https:\/\/fashiongold.lt\/pl\/produkt\/zawieszka-z-diamentem-okragly-diament\/\",\"name\":\"Zawieszka z diamentem - DIAMENT OKR\u0104G\u0141Y\",\"isPartOf\":{\"@id\":\"https:\/\/fashiongold.lt\/pl\/#website\"},\"primaryImageOfPage\":{\"@id\":\"https:\/\/fashiongold.lt\/pl\/produkt\/zawieszka-z-diamentem-okragly-diament\/#primaryimage\"},\"image\":{\"@id\":\"https:\/\/fashiongold.lt\/pl\/produkt\/zawieszka-z-diamentem-okragly-diament\/#primaryimage\"},\"thumbnailUrl\":\"https:\/\/fashiongold.lt\/wp-content\/uploads\/2025\/10\/TDO-1010-Klasikinis-pakabukas-su-deimantu-ROUND-DEIMANTAS-030-ct-1.png\",\"datePublished\":\"2025-10-09T16:28:24+00:00\",\"dateModified\":\"2026-02-16T12:54:19+00:00\",\"description\":\"Stw\u00f3rz unikaln\u0105 bi\u017cuteri\u0119 \u2013 ten wisiorek z diamentem daje mo\u017cliwo\u015b\u0107 wyboru koloru metalu, typu korony, wielko\u015bci diamentu, czysto\u015bci, koloru oraz jako\u015bci.\",\"breadcrumb\":{\"@id\":\"https:\/\/fashiongold.lt\/pl\/produkt\/zawieszka-z-diamentem-okragly-diament\/#breadcrumb\"},\"inLanguage\":\"pl-PL\",\"potentialAction\":[{\"@type\":\"ReadAction\",\"target\":[\"https:\/\/fashiongold.lt\/pl\/produkt\/zawieszka-z-diamentem-okragly-diament\/\"]}]},{\"@type\":\"ImageObject\",\"inLanguage\":\"pl-PL\",\"@id\":\"https:\/\/fashiongold.lt\/pl\/produkt\/zawieszka-z-diamentem-okragly-diament\/#primaryimage\",\"url\":\"https:\/\/fashiongold.lt\/wp-content\/uploads\/2025\/10\/TDO-1010-Klasikinis-pakabukas-su-deimantu-ROUND-DEIMANTAS-030-ct-1.png\",\"contentUrl\":\"https:\/\/fashiongold.lt\/wp-content\/uploads\/2025\/10\/TDO-1010-Klasikinis-pakabukas-su-deimantu-ROUND-DEIMANTAS-030-ct-1.png\",\"width\":800,\"height\":800},{\"@type\":\"BreadcrumbList\",\"@id\":\"https:\/\/fashiongold.lt\/pl\/produkt\/zawieszka-z-diamentem-okragly-diament\/#breadcrumb\",\"itemListElement\":[{\"@type\":\"ListItem\",\"position\":1,\"name\":\"Home\",\"item\":\"https:\/\/fashiongold.lt\/pl\/\"},{\"@type\":\"ListItem\",\"position\":2,\"name\":\"Sklep z diamentami Fashiongold.lt\",\"item\":\"https:\/\/fashiongold.lt\/shop-2\/\"},{\"@type\":\"ListItem\",\"position\":3,\"name\":\"Zawieszka z diamentem &#8211; OKR\u0104G\u0141Y DIAMENT\"}]},{\"@type\":\"WebSite\",\"@id\":\"https:\/\/fashiongold.lt\/pl\/#website\",\"url\":\"https:\/\/fashiongold.lt\/pl\/\",\"name\":\"Fashion Gold\",\"description\":\"Dom jubilerski\",\"publisher\":{\"@id\":\"https:\/\/fashiongold.lt\/pl\/#organization\"},\"potentialAction\":[{\"@type\":\"SearchAction\",\"target\":{\"@type\":\"EntryPoint\",\"urlTemplate\":\"https:\/\/fashiongold.lt\/pl\/?s={search_term_string}\"},\"query-input\":{\"@type\":\"PropertyValueSpecification\",\"valueRequired\":true,\"valueName\":\"search_term_string\"}}],\"inLanguage\":\"pl-PL\"},{\"@type\":\"Organization\",\"@id\":\"https:\/\/fashiongold.lt\/pl\/#organization\",\"name\":\"Topdiamonds Online\",\"url\":\"https:\/\/fashiongold.lt\/pl\/\",\"logo\":{\"@type\":\"ImageObject\",\"inLanguage\":\"pl-PL\",\"@id\":\"https:\/\/fashiongold.lt\/pl\/#\/schema\/logo\/image\/\",\"url\":\"https:\/\/fashiongold.lt\/wp-content\/uploads\/2025\/04\/cropped-fashion_gold_logotipas2-scaled-1.png\",\"contentUrl\":\"https:\/\/fashiongold.lt\/wp-content\/uploads\/2025\/04\/cropped-fashion_gold_logotipas2-scaled-1.png\",\"width\":2559,\"height\":421,\"caption\":\"Topdiamonds Online\"},\"image\":{\"@id\":\"https:\/\/fashiongold.lt\/pl\/#\/schema\/logo\/image\/\"}}]}<\/script>\n<!-- \/ Yoast SEO plugin. -->","yoast_head_json":{"title":"Zawieszka z diamentem - DIAMENT OKR\u0104G\u0141Y","description":"Stw\u00f3rz unikaln\u0105 bi\u017cuteri\u0119 \u2013 ten wisiorek z diamentem daje mo\u017cliwo\u015b\u0107 wyboru koloru metalu, typu korony, wielko\u015bci diamentu, czysto\u015bci, koloru oraz jako\u015bci.","robots":{"index":"index","follow":"follow","max-snippet":"max-snippet:-1","max-image-preview":"max-image-preview:large","max-video-preview":"max-video-preview:-1"},"canonical":"https:\/\/fashiongold.lt\/pl\/produkt\/zawieszka-z-diamentem-okragly-diament\/","og_locale":"pl_PL","og_type":"article","og_title":"Zawieszka z diamentem - DIAMENT OKR\u0104G\u0141Y","og_description":"Stw\u00f3rz unikaln\u0105 bi\u017cuteri\u0119 \u2013 ten wisiorek z diamentem daje mo\u017cliwo\u015b\u0107 wyboru koloru metalu, typu korony, wielko\u015bci diamentu, czysto\u015bci, koloru oraz jako\u015bci.","og_url":"https:\/\/fashiongold.lt\/pl\/produkt\/zawieszka-z-diamentem-okragly-diament\/","og_site_name":"FashionGold.lt","article_modified_time":"2026-02-16T12:54:19+00:00","og_image":[{"width":800,"height":800,"url":"https:\/\/fashiongold.lt\/wp-content\/uploads\/2025\/10\/TDO-1010-Klasikinis-pakabukas-su-deimantu-ROUND-DEIMANTAS-030-ct-1.webp","type":"image\/png"}],"twitter_card":"summary_large_image","twitter_misc":{"Szacowany czas czytania":"1 minuta"},"schema":{"@context":"https:\/\/schema.org","@graph":[{"@type":"WebPage","@id":"https:\/\/fashiongold.lt\/pl\/produkt\/zawieszka-z-diamentem-okragly-diament\/","url":"https:\/\/fashiongold.lt\/pl\/produkt\/zawieszka-z-diamentem-okragly-diament\/","name":"Zawieszka z diamentem - DIAMENT OKR\u0104G\u0141Y","isPartOf":{"@id":"https:\/\/fashiongold.lt\/pl\/#website"},"primaryImageOfPage":{"@id":"https:\/\/fashiongold.lt\/pl\/produkt\/zawieszka-z-diamentem-okragly-diament\/#primaryimage"},"image":{"@id":"https:\/\/fashiongold.lt\/pl\/produkt\/zawieszka-z-diamentem-okragly-diament\/#primaryimage"},"thumbnailUrl":"https:\/\/fashiongold.lt\/wp-content\/uploads\/2025\/10\/TDO-1010-Klasikinis-pakabukas-su-deimantu-ROUND-DEIMANTAS-030-ct-1.png","datePublished":"2025-10-09T16:28:24+00:00","dateModified":"2026-02-16T12:54:19+00:00","description":"Stw\u00f3rz unikaln\u0105 bi\u017cuteri\u0119 \u2013 ten wisiorek z diamentem daje mo\u017cliwo\u015b\u0107 wyboru koloru metalu, typu korony, wielko\u015bci diamentu, czysto\u015bci, koloru oraz jako\u015bci.","breadcrumb":{"@id":"https:\/\/fashiongold.lt\/pl\/produkt\/zawieszka-z-diamentem-okragly-diament\/#breadcrumb"},"inLanguage":"pl-PL","potentialAction":[{"@type":"ReadAction","target":["https:\/\/fashiongold.lt\/pl\/produkt\/zawieszka-z-diamentem-okragly-diament\/"]}]},{"@type":"ImageObject","inLanguage":"pl-PL","@id":"https:\/\/fashiongold.lt\/pl\/produkt\/zawieszka-z-diamentem-okragly-diament\/#primaryimage","url":"https:\/\/fashiongold.lt\/wp-content\/uploads\/2025\/10\/TDO-1010-Klasikinis-pakabukas-su-deimantu-ROUND-DEIMANTAS-030-ct-1.png","contentUrl":"https:\/\/fashiongold.lt\/wp-content\/uploads\/2025\/10\/TDO-1010-Klasikinis-pakabukas-su-deimantu-ROUND-DEIMANTAS-030-ct-1.png","width":800,"height":800},{"@type":"BreadcrumbList","@id":"https:\/\/fashiongold.lt\/pl\/produkt\/zawieszka-z-diamentem-okragly-diament\/#breadcrumb","itemListElement":[{"@type":"ListItem","position":1,"name":"Home","item":"https:\/\/fashiongold.lt\/pl\/"},{"@type":"ListItem","position":2,"name":"Sklep z diamentami Fashiongold.lt","item":"https:\/\/fashiongold.lt\/shop-2\/"},{"@type":"ListItem","position":3,"name":"Zawieszka z diamentem &#8211; OKR\u0104G\u0141Y DIAMENT"}]},{"@type":"WebSite","@id":"https:\/\/fashiongold.lt\/pl\/#website","url":"https:\/\/fashiongold.lt\/pl\/","name":"Fashion Gold","description":"Dom jubilerski","publisher":{"@id":"https:\/\/fashiongold.lt\/pl\/#organization"},"potentialAction":[{"@type":"SearchAction","target":{"@type":"EntryPoint","urlTemplate":"https:\/\/fashiongold.lt\/pl\/?s={search_term_string}"},"query-input":{"@type":"PropertyValueSpecification","valueRequired":true,"valueName":"search_term_string"}}],"inLanguage":"pl-PL"},{"@type":"Organization","@id":"https:\/\/fashiongold.lt\/pl\/#organization","name":"Topdiamonds Online","url":"https:\/\/fashiongold.lt\/pl\/","logo":{"@type":"ImageObject","inLanguage":"pl-PL","@id":"https:\/\/fashiongold.lt\/pl\/#\/schema\/logo\/image\/","url":"https:\/\/fashiongold.lt\/wp-content\/uploads\/2025\/04\/cropped-fashion_gold_logotipas2-scaled-1.png","contentUrl":"https:\/\/fashiongold.lt\/wp-content\/uploads\/2025\/04\/cropped-fashion_gold_logotipas2-scaled-1.png","width":2559,"height":421,"caption":"Topdiamonds Online"},"image":{"@id":"https:\/\/fashiongold.lt\/pl\/#\/schema\/logo\/image\/"}}]}},"_links":{"self":[{"href":"https:\/\/fashiongold.lt\/pl\/wp-json\/wp\/v2\/product\/286918","targetHints":{"allow":["GET"]}}],"collection":[{"href":"https:\/\/fashiongold.lt\/pl\/wp-json\/wp\/v2\/product"}],"about":[{"href":"https:\/\/fashiongold.lt\/pl\/wp-json\/wp\/v2\/types\/product"}],"version-history":[{"count":0,"href":"https:\/\/fashiongold.lt\/pl\/wp-json\/wp\/v2\/product\/286918\/revisions"}],"wp:featuredmedia":[{"embeddable":true,"href":"https:\/\/fashiongold.lt\/pl\/wp-json\/wp\/v2\/media\/37005"}],"wp:attachment":[{"href":"https:\/\/fashiongold.lt\/pl\/wp-json\/wp\/v2\/media?parent=286918"}],"wp:term":[{"taxonomy":"product_brand","embeddable":true,"href":"https:\/\/fashiongold.lt\/pl\/wp-json\/wp\/v2\/product_brand?post=286918"},{"taxonomy":"product_cat","embeddable":true,"href":"https:\/\/fashiongold.lt\/pl\/wp-json\/wp\/v2\/product_cat?post=286918"},{"taxonomy":"product_tag","embeddable":true,"href":"https:\/\/fashiongold.lt\/pl\/wp-json\/wp\/v2\/product_tag?post=286918"}],"curies":[{"name":"wp","href":"https:\/\/api.w.org\/{rel}","templated":true}]}}