{"id":286938,"date":"2025-10-09T16:26:16","date_gmt":"2025-10-09T16:26:16","guid":{"rendered":"https:\/\/fashiongold.lt\/papuosalas\/kolczyki-z-diamentami-diamenty-halo-round-1-20-ct\/"},"modified":"2026-02-16T12:54:29","modified_gmt":"2026-02-16T12:54:29","slug":"kolczyki-z-diamentami-diamenty-halo-round-1-20-ct","status":"publish","type":"product","link":"https:\/\/fashiongold.lt\/pl\/papuosalas\/kolczyki-z-diamentami-diamenty-halo-round-1-20-ct\/","title":{"rendered":"Kolczyki z diamentami &#8211; DIAMENTY HALO ROUND (1.20 ct)"},"content":{"rendered":"<p><span data-sheets-root=\"1\">Figlarnie eleganckie i l\u015bni\u0105ce z ka\u017cdej strony \u2013 te kolczyki subtelnie podkre\u015blaj\u0105 styl i ponadczasowy urok. \u015awiec\u0105 jasno, ale gustownie, co czyni je doskona\u0142ym wyborem dla os\u00f3b poszukuj\u0105cych klasyki z nut\u0105 luksusowego akcentu.<br \/>\nWykonane zgodnie z najwy\u017cszymi standardami jubilerskimi. Kolczyki mog\u0105 by\u0107 wykonane na zam\u00f3wienie: za dodatkow\u0105 op\u0142at\u0105 z diamentami o wy\u017cszej jako\u015bci.<br \/>\n<\/span><\/p>\n<p>&nbsp;<\/p>\n<p>\u2022 <a href=\"https:\/\/fashiongold.lt\/pl\/patarimai-pl\/proba-zlota-w-kolczykach-jak-wybrac-wysokiej-jakosci-i-trwala-bizuterie\/\" target=\"_blank\" rel=\"noopener\"><strong>Metal kolczyk\u00f3w<\/strong><\/a>: 14K (pr\u00f3ba 585), 18K (pr\u00f3ba 750), platyna 900<br \/>\n\u2022 <a href=\"https:\/\/fashiongold.lt\/pl\/patarimai-pl\/kolor-zlota-kolczykow-biale-czerwone-i-zolte-zloto-z-diamentami\/\" target=\"_blank\" rel=\"noopener\"><strong>Kolor z\u0142ota<\/strong><\/a>: bia\u0142y, czerwony, \u017c\u00f3\u0142ty<br \/>\n\u2022 <a href=\"https:\/\/fashiongold.lt\/pl\/patarimai-pl\/kolczyki-z-diamentami-idealne-proporcje-jak-wybrac-idealne\/\" target=\"_blank\" rel=\"noopener\"><strong>Wymiary kolczyk\u00f3w<\/strong><\/a>: szeroko\u015b\u0107 korony oko\u0142o 5 mm (mo\u017cliwo\u015b\u0107 zmiany)<br \/>\n\u2022 Ca\u0142kowita <a href=\"https:\/\/fashiongold.lt\/auskaru-aukso-svoris\/\" target=\"_blank\" rel=\"noopener\"><strong>waga z\u0142ota<\/strong><\/a>: 2.00 g<br \/>\n\u2022 Ca\u0142kowita <a href=\"https:\/\/fashiongold.lt\/deimantu-svoris\/\" target=\"_blank\" rel=\"noopener\"><strong>masa diament\u00f3w<\/strong><\/a>: 1.20 ct<br \/>\n\u2022 <a href=\"https:\/\/fashiongold.lt\/pl\/patarimai-pl\/diament-inne-ksztalty-diamentu\/\" target=\"_blank\" rel=\"noopener\"><strong>Kszta\u0142t diament\u00f3w<\/strong><\/a>: Okr\u0105g\u0142y (<em>Round cut<\/em>)<br \/>\n\u2022 <a href=\"https:\/\/fashiongold.lt\/pl\/patarimai-pl\/diament-naturalny-laboratoryjny-czy-sztuczny-jak-wybrac-wlasciwie\/\" target=\"_blank\" rel=\"noopener\"><strong>Rodzaje diament\u00f3w<\/strong><\/a>: Diamenty wyhodowane w laboratorium lub diamenty naturalne<br \/>\n\u2022 <a href=\"https:\/\/fashiongold.lt\/pl\/patarimai-pl\/diament-co-trzeba-wiedziec-przed-zakupem\/\" target=\"_blank\" rel=\"noopener\"><strong>Masa i charakterystyka diamentu<\/strong><\/a> (mo\u017cliwo\u015b\u0107 zmiany):<br \/>\nDiament wyhodowany w laboratorium: diament 1.20 ct (kolor D-E, czysto\u015b\u0107 VVS), certyfikat IGI<br \/>\nDiament naturalny: diament 1.20 ct (kolor G-I, czysto\u015b\u0107 SI), certyfikat GIA<br \/>\nWok\u00f3\u0142 diamentu centralnego \u2013 diamenty o masie oko\u0142o 0.20 ct<br \/>\n\u2022 <a href=\"https:\/\/fashiongold.lt\/pl\/dostawa-i-zwroty\/\" target=\"_blank\" rel=\"noopener\"><strong>Termin produkcji i dostawy<\/strong><\/a>: oko\u0142o 14 dni roboczych, w trybie pilnym w ci\u0105gu 7 dni roboczych.<br \/>\n<strong>Uwaga<\/strong>: przy zakupie kolczyk\u00f3w w stylu Halo dopuszczalna jest r\u00f3\u017cnica w ca\u0142kowitej masie karatowej: 1.18 &#8211; 1.24 ct<\/p>\n<p>&nbsp;<\/p>\n<p>Masz w\u0142asny kamie\u0144 szlachetny lub z\u0142oto? Przeliczymy cen\u0119 i zap\u0142acisz tylko za wykonanie kolczyk\u00f3w. A mo\u017ce chcesz zmieni\u0107 charakterystyk\u0119 diament\u00f3w zgodnie ze swoimi \u017cyczeniami? <a href=\"https:\/\/fashiongold.lt\/pl\/kontakt\/\" target=\"_blank\" rel=\"noopener\"><strong>Zapraszamy do kontaktu<\/strong><\/a>!<br \/>\nOdkryj szeroki wyb\u00f3r bi\u017cuterii odpowiadaj\u0105cy r\u00f3\u017cnym gustom, bud\u017cetom i mo\u017cliwo\u015bciom personalizacji na <a href=\"https:\/\/fashiongold.lt\/pl\/\" target=\"_blank\" rel=\"noopener\">FashionGold.lt<\/a>.<\/p>\n","protected":false},"excerpt":{"rendered":"<p><span data-sheets-root=\"1\">Te wyj\u0105tkowe kolczyki z diamentami to po\u0142\u0105czenie elegancji i luksusu, stworzone, aby l\u015bni\u0107. Centralny okr\u0105g\u0142y (<em>Round cut<\/em>) diament, otoczony mniejszymi diamentami w stylu HALO, wydaje si\u0119 jeszcze wi\u0119kszy i bardziej promienny, przyci\u0105gaj\u0105c wzrok ze wszystkich stron. Wykonane z wysokiej jako\u015bci z\u0142ota lub platyny, kolczyki te idealnie pasuj\u0105 zar\u00f3wno na co dzie\u0144, jak i na specjalne okazje.<\/span><\/p>\n","protected":false},"featured_media":36701,"template":"","meta":{"site-sidebar-layout":"default","site-content-layout":"","ast-site-content-layout":"default","site-content-style":"default","site-sidebar-style":"default","ast-global-header-display":"","ast-banner-title-visibility":"","ast-main-header-display":"","ast-hfb-above-header-display":"","ast-hfb-below-header-display":"","ast-hfb-mobile-header-display":"","site-post-title":"","ast-breadcrumbs-content":"","ast-featured-img":"","footer-sml-layout":"","ast-disable-related-posts":"","theme-transparent-header-meta":"default","adv-header-id-meta":"","stick-header-meta":"","header-above-stick-meta":"","header-main-stick-meta":"","header-below-stick-meta":"","astra-migrate-meta-layouts":"default","ast-page-background-enabled":"default","ast-page-background-meta":{"desktop":{"background-color":"var(--ast-global-color-4)","background-image":"","background-repeat":"repeat","background-position":"center center","background-size":"auto","background-attachment":"scroll","background-type":"","background-media":"","overlay-type":"","overlay-color":"","overlay-opacity":"","overlay-gradient":""},"tablet":{"background-color":"","background-image":"","background-repeat":"repeat","background-position":"center center","background-size":"auto","background-attachment":"scroll","background-type":"","background-media":"","overlay-type":"","overlay-color":"","overlay-opacity":"","overlay-gradient":""},"mobile":{"background-color":"","background-image":"","background-repeat":"repeat","background-position":"center center","background-size":"auto","background-attachment":"scroll","background-type":"","background-media":"","overlay-type":"","overlay-color":"","overlay-opacity":"","overlay-gradient":""}},"ast-content-background-meta":{"desktop":{"background-color":"var(--ast-global-color-5)","background-image":"","background-repeat":"repeat","background-position":"center center","background-size":"auto","background-attachment":"scroll","background-type":"","background-media":"","overlay-type":"","overlay-color":"","overlay-opacity":"","overlay-gradient":""},"tablet":{"background-color":"var(--ast-global-color-5)","background-image":"","background-repeat":"repeat","background-position":"center center","background-size":"auto","background-attachment":"scroll","background-type":"","background-media":"","overlay-type":"","overlay-color":"","overlay-opacity":"","overlay-gradient":""},"mobile":{"background-color":"var(--ast-global-color-5)","background-image":"","background-repeat":"repeat","background-position":"center center","background-size":"auto","background-attachment":"scroll","background-type":"","background-media":"","overlay-type":"","overlay-color":"","overlay-opacity":"","overlay-gradient":""}}},"product_brand":[],"product_cat":[],"product_tag":[],"class_list":{"0":"post-286938","1":"product","2":"type-product","3":"status-publish","4":"has-post-thumbnail","6":"desktop-align-center","7":"tablet-align-left","8":"mobile-align-left","9":"ast-product-gallery-layout-horizontal-slider","10":"ast-product-single-variable","11":"ast-product-tabs-layout-accordion","12":"ast-qv-on-image","14":"first","15":"instock","16":"taxable","17":"shipping-taxable","18":"purchasable","19":"product-type-variable"},"yoast_head":"<!-- This site is optimized with the Yoast SEO plugin v26.6 - https:\/\/yoast.com\/wordpress\/plugins\/seo\/ -->\n<title>Kolczyki z diamentami - HALO ROUND DIAMENTY (1.20 ct)<\/title>\n<meta name=\"description\" content=\"Kolczyki z diamentami o wyj\u0105tkowym designie \u2013 po\u0142\u0105czenie elegancji i luksusu, pasuj\u0105ce zar\u00f3wno na co dzie\u0144, jak i na wyj\u0105tkowe okazje. Zab\u0142y\u015bnij stylowo z HALO!\" \/>\n<meta name=\"robots\" content=\"index, follow, max-snippet:-1, max-image-preview:large, max-video-preview:-1\" \/>\n<link rel=\"canonical\" href=\"https:\/\/fashiongold.lt\/pl\/papuosalas\/kolczyki-z-diamentami-diamenty-halo-round-1-20-ct\/\" \/>\n<meta property=\"og:locale\" content=\"pl_PL\" \/>\n<meta property=\"og:type\" content=\"article\" \/>\n<meta property=\"og:title\" content=\"Kolczyki z diamentami - HALO ROUND DIAMENTY (1.20 ct)\" \/>\n<meta property=\"og:description\" content=\"Kolczyki z diamentami o wyj\u0105tkowym designie \u2013 po\u0142\u0105czenie elegancji i luksusu, pasuj\u0105ce zar\u00f3wno na co dzie\u0144, jak i na wyj\u0105tkowe okazje. Zab\u0142y\u015bnij stylowo z HALO!\" \/>\n<meta property=\"og:url\" content=\"https:\/\/fashiongold.lt\/pl\/papuosalas\/kolczyki-z-diamentami-diamenty-halo-round-1-20-ct\/\" \/>\n<meta property=\"og:site_name\" content=\"FashionGold.lt\" \/>\n<meta property=\"article:modified_time\" content=\"2026-02-16T12:54:29+00:00\" \/>\n<meta property=\"og:image\" content=\"https:\/\/fashiongold.lt\/wp-content\/uploads\/2025\/10\/TDO-1001-Auskarai-su-deimantais-HALO-ROUND-DEIMANTAI-1.webp\" \/>\n\t<meta property=\"og:image:width\" content=\"800\" \/>\n\t<meta property=\"og:image:height\" content=\"800\" \/>\n\t<meta property=\"og:image:type\" content=\"image\/png\" \/>\n<meta name=\"twitter:card\" content=\"summary_large_image\" \/>\n<meta name=\"twitter:label1\" content=\"Szacowany czas czytania\" \/>\n\t<meta name=\"twitter:data1\" content=\"1 minuta\" \/>\n<script type=\"application\/ld+json\" class=\"yoast-schema-graph\">{\"@context\":\"https:\/\/schema.org\",\"@graph\":[{\"@type\":\"WebPage\",\"@id\":\"https:\/\/fashiongold.lt\/pl\/papuosalas\/kolczyki-z-diamentami-diamenty-halo-round-1-20-ct\/\",\"url\":\"https:\/\/fashiongold.lt\/pl\/papuosalas\/kolczyki-z-diamentami-diamenty-halo-round-1-20-ct\/\",\"name\":\"Kolczyki z diamentami - HALO ROUND DIAMENTY (1.20 ct)\",\"isPartOf\":{\"@id\":\"https:\/\/fashiongold.lt\/pl\/#website\"},\"primaryImageOfPage\":{\"@id\":\"https:\/\/fashiongold.lt\/pl\/papuosalas\/kolczyki-z-diamentami-diamenty-halo-round-1-20-ct\/#primaryimage\"},\"image\":{\"@id\":\"https:\/\/fashiongold.lt\/pl\/papuosalas\/kolczyki-z-diamentami-diamenty-halo-round-1-20-ct\/#primaryimage\"},\"thumbnailUrl\":\"https:\/\/fashiongold.lt\/wp-content\/uploads\/2025\/10\/TDO-1001-Auskarai-su-deimantais-HALO-ROUND-DEIMANTAI-1.png\",\"datePublished\":\"2025-10-09T16:26:16+00:00\",\"dateModified\":\"2026-02-16T12:54:29+00:00\",\"description\":\"Kolczyki z diamentami o wyj\u0105tkowym designie \u2013 po\u0142\u0105czenie elegancji i luksusu, pasuj\u0105ce zar\u00f3wno na co dzie\u0144, jak i na wyj\u0105tkowe okazje. Zab\u0142y\u015bnij stylowo z HALO!\",\"breadcrumb\":{\"@id\":\"https:\/\/fashiongold.lt\/pl\/papuosalas\/kolczyki-z-diamentami-diamenty-halo-round-1-20-ct\/#breadcrumb\"},\"inLanguage\":\"pl-PL\",\"potentialAction\":[{\"@type\":\"ReadAction\",\"target\":[\"https:\/\/fashiongold.lt\/pl\/papuosalas\/kolczyki-z-diamentami-diamenty-halo-round-1-20-ct\/\"]}]},{\"@type\":\"ImageObject\",\"inLanguage\":\"pl-PL\",\"@id\":\"https:\/\/fashiongold.lt\/pl\/papuosalas\/kolczyki-z-diamentami-diamenty-halo-round-1-20-ct\/#primaryimage\",\"url\":\"https:\/\/fashiongold.lt\/wp-content\/uploads\/2025\/10\/TDO-1001-Auskarai-su-deimantais-HALO-ROUND-DEIMANTAI-1.png\",\"contentUrl\":\"https:\/\/fashiongold.lt\/wp-content\/uploads\/2025\/10\/TDO-1001-Auskarai-su-deimantais-HALO-ROUND-DEIMANTAI-1.png\",\"width\":800,\"height\":800},{\"@type\":\"BreadcrumbList\",\"@id\":\"https:\/\/fashiongold.lt\/pl\/papuosalas\/kolczyki-z-diamentami-diamenty-halo-round-1-20-ct\/#breadcrumb\",\"itemListElement\":[{\"@type\":\"ListItem\",\"position\":1,\"name\":\"Home\",\"item\":\"https:\/\/fashiongold.lt\/pl\/\"},{\"@type\":\"ListItem\",\"position\":2,\"name\":\"Sklep z diamentami Fashiongold.lt\",\"item\":\"https:\/\/fashiongold.lt\/shop-2\/\"},{\"@type\":\"ListItem\",\"position\":3,\"name\":\"Kolczyki z diamentami &#8211; DIAMENTY HALO ROUND (1.20 ct)\"}]},{\"@type\":\"WebSite\",\"@id\":\"https:\/\/fashiongold.lt\/pl\/#website\",\"url\":\"https:\/\/fashiongold.lt\/pl\/\",\"name\":\"Fashion Gold\",\"description\":\"Juvelyrikos namai\",\"publisher\":{\"@id\":\"https:\/\/fashiongold.lt\/pl\/#organization\"},\"potentialAction\":[{\"@type\":\"SearchAction\",\"target\":{\"@type\":\"EntryPoint\",\"urlTemplate\":\"https:\/\/fashiongold.lt\/pl\/?s={search_term_string}\"},\"query-input\":{\"@type\":\"PropertyValueSpecification\",\"valueRequired\":true,\"valueName\":\"search_term_string\"}}],\"inLanguage\":\"pl-PL\"},{\"@type\":\"Organization\",\"@id\":\"https:\/\/fashiongold.lt\/pl\/#organization\",\"name\":\"Topdiamonds Online\",\"url\":\"https:\/\/fashiongold.lt\/pl\/\",\"logo\":{\"@type\":\"ImageObject\",\"inLanguage\":\"pl-PL\",\"@id\":\"https:\/\/fashiongold.lt\/pl\/#\/schema\/logo\/image\/\",\"url\":\"https:\/\/fashiongold.lt\/wp-content\/uploads\/2025\/04\/cropped-fashion_gold_logotipas2-scaled-1.png\",\"contentUrl\":\"https:\/\/fashiongold.lt\/wp-content\/uploads\/2025\/04\/cropped-fashion_gold_logotipas2-scaled-1.png\",\"width\":2559,\"height\":421,\"caption\":\"Topdiamonds Online\"},\"image\":{\"@id\":\"https:\/\/fashiongold.lt\/pl\/#\/schema\/logo\/image\/\"}}]}<\/script>\n<!-- \/ Yoast SEO plugin. -->","yoast_head_json":{"title":"Kolczyki z diamentami - HALO ROUND DIAMENTY (1.20 ct)","description":"Kolczyki z diamentami o wyj\u0105tkowym designie \u2013 po\u0142\u0105czenie elegancji i luksusu, pasuj\u0105ce zar\u00f3wno na co dzie\u0144, jak i na wyj\u0105tkowe okazje. Zab\u0142y\u015bnij stylowo z HALO!","robots":{"index":"index","follow":"follow","max-snippet":"max-snippet:-1","max-image-preview":"max-image-preview:large","max-video-preview":"max-video-preview:-1"},"canonical":"https:\/\/fashiongold.lt\/pl\/papuosalas\/kolczyki-z-diamentami-diamenty-halo-round-1-20-ct\/","og_locale":"pl_PL","og_type":"article","og_title":"Kolczyki z diamentami - HALO ROUND DIAMENTY (1.20 ct)","og_description":"Kolczyki z diamentami o wyj\u0105tkowym designie \u2013 po\u0142\u0105czenie elegancji i luksusu, pasuj\u0105ce zar\u00f3wno na co dzie\u0144, jak i na wyj\u0105tkowe okazje. Zab\u0142y\u015bnij stylowo z HALO!","og_url":"https:\/\/fashiongold.lt\/pl\/papuosalas\/kolczyki-z-diamentami-diamenty-halo-round-1-20-ct\/","og_site_name":"FashionGold.lt","article_modified_time":"2026-02-16T12:54:29+00:00","og_image":[{"width":800,"height":800,"url":"https:\/\/fashiongold.lt\/wp-content\/uploads\/2025\/10\/TDO-1001-Auskarai-su-deimantais-HALO-ROUND-DEIMANTAI-1.webp","type":"image\/png"}],"twitter_card":"summary_large_image","twitter_misc":{"Szacowany czas czytania":"1 minuta"},"schema":{"@context":"https:\/\/schema.org","@graph":[{"@type":"WebPage","@id":"https:\/\/fashiongold.lt\/pl\/papuosalas\/kolczyki-z-diamentami-diamenty-halo-round-1-20-ct\/","url":"https:\/\/fashiongold.lt\/pl\/papuosalas\/kolczyki-z-diamentami-diamenty-halo-round-1-20-ct\/","name":"Kolczyki z diamentami - HALO ROUND DIAMENTY (1.20 ct)","isPartOf":{"@id":"https:\/\/fashiongold.lt\/pl\/#website"},"primaryImageOfPage":{"@id":"https:\/\/fashiongold.lt\/pl\/papuosalas\/kolczyki-z-diamentami-diamenty-halo-round-1-20-ct\/#primaryimage"},"image":{"@id":"https:\/\/fashiongold.lt\/pl\/papuosalas\/kolczyki-z-diamentami-diamenty-halo-round-1-20-ct\/#primaryimage"},"thumbnailUrl":"https:\/\/fashiongold.lt\/wp-content\/uploads\/2025\/10\/TDO-1001-Auskarai-su-deimantais-HALO-ROUND-DEIMANTAI-1.png","datePublished":"2025-10-09T16:26:16+00:00","dateModified":"2026-02-16T12:54:29+00:00","description":"Kolczyki z diamentami o wyj\u0105tkowym designie \u2013 po\u0142\u0105czenie elegancji i luksusu, pasuj\u0105ce zar\u00f3wno na co dzie\u0144, jak i na wyj\u0105tkowe okazje. Zab\u0142y\u015bnij stylowo z HALO!","breadcrumb":{"@id":"https:\/\/fashiongold.lt\/pl\/papuosalas\/kolczyki-z-diamentami-diamenty-halo-round-1-20-ct\/#breadcrumb"},"inLanguage":"pl-PL","potentialAction":[{"@type":"ReadAction","target":["https:\/\/fashiongold.lt\/pl\/papuosalas\/kolczyki-z-diamentami-diamenty-halo-round-1-20-ct\/"]}]},{"@type":"ImageObject","inLanguage":"pl-PL","@id":"https:\/\/fashiongold.lt\/pl\/papuosalas\/kolczyki-z-diamentami-diamenty-halo-round-1-20-ct\/#primaryimage","url":"https:\/\/fashiongold.lt\/wp-content\/uploads\/2025\/10\/TDO-1001-Auskarai-su-deimantais-HALO-ROUND-DEIMANTAI-1.png","contentUrl":"https:\/\/fashiongold.lt\/wp-content\/uploads\/2025\/10\/TDO-1001-Auskarai-su-deimantais-HALO-ROUND-DEIMANTAI-1.png","width":800,"height":800},{"@type":"BreadcrumbList","@id":"https:\/\/fashiongold.lt\/pl\/papuosalas\/kolczyki-z-diamentami-diamenty-halo-round-1-20-ct\/#breadcrumb","itemListElement":[{"@type":"ListItem","position":1,"name":"Home","item":"https:\/\/fashiongold.lt\/pl\/"},{"@type":"ListItem","position":2,"name":"Sklep z diamentami Fashiongold.lt","item":"https:\/\/fashiongold.lt\/shop-2\/"},{"@type":"ListItem","position":3,"name":"Kolczyki z diamentami &#8211; DIAMENTY HALO ROUND (1.20 ct)"}]},{"@type":"WebSite","@id":"https:\/\/fashiongold.lt\/pl\/#website","url":"https:\/\/fashiongold.lt\/pl\/","name":"Fashion Gold","description":"Juvelyrikos namai","publisher":{"@id":"https:\/\/fashiongold.lt\/pl\/#organization"},"potentialAction":[{"@type":"SearchAction","target":{"@type":"EntryPoint","urlTemplate":"https:\/\/fashiongold.lt\/pl\/?s={search_term_string}"},"query-input":{"@type":"PropertyValueSpecification","valueRequired":true,"valueName":"search_term_string"}}],"inLanguage":"pl-PL"},{"@type":"Organization","@id":"https:\/\/fashiongold.lt\/pl\/#organization","name":"Topdiamonds Online","url":"https:\/\/fashiongold.lt\/pl\/","logo":{"@type":"ImageObject","inLanguage":"pl-PL","@id":"https:\/\/fashiongold.lt\/pl\/#\/schema\/logo\/image\/","url":"https:\/\/fashiongold.lt\/wp-content\/uploads\/2025\/04\/cropped-fashion_gold_logotipas2-scaled-1.png","contentUrl":"https:\/\/fashiongold.lt\/wp-content\/uploads\/2025\/04\/cropped-fashion_gold_logotipas2-scaled-1.png","width":2559,"height":421,"caption":"Topdiamonds Online"},"image":{"@id":"https:\/\/fashiongold.lt\/pl\/#\/schema\/logo\/image\/"}}]}},"_links":{"self":[{"href":"https:\/\/fashiongold.lt\/pl\/wp-json\/wp\/v2\/product\/286938","targetHints":{"allow":["GET"]}}],"collection":[{"href":"https:\/\/fashiongold.lt\/pl\/wp-json\/wp\/v2\/product"}],"about":[{"href":"https:\/\/fashiongold.lt\/pl\/wp-json\/wp\/v2\/types\/product"}],"version-history":[{"count":0,"href":"https:\/\/fashiongold.lt\/pl\/wp-json\/wp\/v2\/product\/286938\/revisions"}],"wp:featuredmedia":[{"embeddable":true,"href":"https:\/\/fashiongold.lt\/pl\/wp-json\/wp\/v2\/media\/36701"}],"wp:attachment":[{"href":"https:\/\/fashiongold.lt\/pl\/wp-json\/wp\/v2\/media?parent=286938"}],"wp:term":[{"taxonomy":"product_brand","embeddable":true,"href":"https:\/\/fashiongold.lt\/pl\/wp-json\/wp\/v2\/product_brand?post=286938"},{"taxonomy":"product_cat","embeddable":true,"href":"https:\/\/fashiongold.lt\/pl\/wp-json\/wp\/v2\/product_cat?post=286938"},{"taxonomy":"product_tag","embeddable":true,"href":"https:\/\/fashiongold.lt\/pl\/wp-json\/wp\/v2\/product_tag?post=286938"}],"curies":[{"name":"wp","href":"https:\/\/api.w.org\/{rel}","templated":true}]}}