{"id":287105,"date":"2025-10-09T19:31:24","date_gmt":"2025-10-09T19:31:24","guid":{"rendered":"https:\/\/fashiongold.lt\/papuosalas\/swiatlo-zycia-z-bialego-zlota-krzyzyk-z-lsniacym-diamentem\/"},"modified":"2025-10-09T19:31:24","modified_gmt":"2025-10-09T19:31:24","slug":"swiatlo-zycia-z-bialego-zlota-krzyzyk-z-lsniacym-diamentem","status":"publish","type":"product","link":"https:\/\/fashiongold.lt\/pl\/papuosalas\/swiatlo-zycia-z-bialego-zlota-krzyzyk-z-lsniacym-diamentem\/","title":{"rendered":"\u015awiat\u0142o \u017cycia z bia\u0142ego z\u0142ota: krzy\u017cyk z l\u015bni\u0105cym diamentem"},"content":{"rendered":"<p class=\"MsoNormal\" style=\"margin: 0cm; font-size: 12pt; font-family: 'Times New Roman', serif;\"><span style=\"background: #f7f7f8;\">\u015awiat\u0142o \u017cycia z bia\u0142ego z\u0142ota: krzy\u017cyk z l\u015bni\u0105cym diamentem prezentuje luksus i elegancj\u0119, kt\u00f3re roz\u015bwietlaj\u0105 Twoj\u0105 codzienno\u015b\u0107. Ten osza\u0142amiaj\u0105cy krzy\u017cyk z bia\u0142ego z\u0142ota z urokliwym i l\u015bni\u0105cym diamentem to prawdziwy akcent, kt\u00f3ry budzi \u015bwiat\u0142o i pi\u0119kno. Jego z\u0142oty blask \u0142\u0105czy si\u0119 z blaskiem diamentu, kt\u00f3ry odzwierciedla wielobarwno\u015b\u0107 Twojej osobowo\u015bci i stylu. Idealny do noszenia na co dzie\u0144 lub na specjalne okazje, ten krzy\u017cyk z l\u015bni\u0105cym diamentem sprawi, \u017ce poczujesz si\u0119 wyj\u0105tkowo i luksusowo. Pozw\u00f3l, aby \u015bwiat\u0142o \u017cycia z bia\u0142ego z\u0142ota roz\u015bwietli\u0142o Twoj\u0105 drog\u0119 i nada\u0142o jej niezr\u00f3wnanego uroku.<\/span><o:p><\/o:p><\/p>\n<p class=\"p1\" style=\"margin-right: 0cm; margin-left: 0cm; font-size: 12pt; font-family: 'Times New Roman', serif;\"><span lang=\"PL\">Pr\u00f3ba z\u0142ota zawieszki<\/span> 585.<o:p><\/o:p><\/p>\n<p class=\"p1\" style=\"margin-right: 0cm; margin-left: 0cm; font-size: 12pt; font-family: 'Times New Roman', serif;\"><span lang=\"PL\">Waga zawieszki<\/span> <span lang=\"EN-US\">0,80<\/span><span lang=\"EN-US\"> <\/span>\u2013 <span lang=\"EN-US\">1,00<\/span> g,<o:p><\/o:p><\/p>\n<p class=\"p1\" style=\"margin-right: 0cm; margin-left: 0cm; font-size: 12pt; font-family: 'Times New Roman', serif;\"><span lang=\"EN-US\">Waga diamentu<\/span> 0,<span lang=\"EN-US\">0145<\/span> ct, kolor &#8211; H-I, czysto\u015b\u0107 SI-PI1.<span class=\"apple-converted-space\">\u00a0<\/span><o:p><\/o:p><\/p>\n<p class=\"p1\" style=\"margin-right: 0cm; margin-left: 0cm; font-size: 12pt; font-family: 'Times New Roman', serif;\">Bi\u017cuteria zosta\u0142a ocechowana przez Litewski Urz\u0105d Probierczy. Produkcja i dostawa w ci\u0105gu 14 dni roboczych.<o:p><\/o:p><\/p>\n","protected":false},"excerpt":{"rendered":"<p><span style=\"background-color: #f7f7f8; font-family: 'Times New Roman', serif; font-size: 16px;\">\u015awiat\u0142o \u017cycia z bia\u0142ego z\u0142ota to symbol, kt\u00f3ry zaprasza do w\u0142\u0105czenia swojego wewn\u0119trznego \u015bwiat\u0142a i wyj\u0105tkowo\u015bci.<\/span><\/p>\n","protected":false},"featured_media":61721,"template":"","meta":{"site-sidebar-layout":"","site-content-layout":"","ast-site-content-layout":"","site-content-style":"","site-sidebar-style":"","ast-global-header-display":"","ast-banner-title-visibility":"","ast-main-header-display":"","ast-hfb-above-header-display":"","ast-hfb-below-header-display":"","ast-hfb-mobile-header-display":"","site-post-title":"","ast-breadcrumbs-content":"","ast-featured-img":"","footer-sml-layout":"","ast-disable-related-posts":"","theme-transparent-header-meta":"","adv-header-id-meta":"","stick-header-meta":"","header-above-stick-meta":"","header-main-stick-meta":"","header-below-stick-meta":"","astra-migrate-meta-layouts":"default","ast-page-background-enabled":"default","ast-page-background-meta":{"desktop":{"background-color":"var(--ast-global-color-4)","background-image":"","background-repeat":"repeat","background-position":"center center","background-size":"auto","background-attachment":"scroll","background-type":"","background-media":"","overlay-type":"","overlay-color":"","overlay-opacity":"","overlay-gradient":""},"tablet":{"background-color":"","background-image":"","background-repeat":"repeat","background-position":"center center","background-size":"auto","background-attachment":"scroll","background-type":"","background-media":"","overlay-type":"","overlay-color":"","overlay-opacity":"","overlay-gradient":""},"mobile":{"background-color":"","background-image":"","background-repeat":"repeat","background-position":"center center","background-size":"auto","background-attachment":"scroll","background-type":"","background-media":"","overlay-type":"","overlay-color":"","overlay-opacity":"","overlay-gradient":""}},"ast-content-background-meta":{"desktop":{"background-color":"var(--ast-global-color-5)","background-image":"","background-repeat":"repeat","background-position":"center center","background-size":"auto","background-attachment":"scroll","background-type":"","background-media":"","overlay-type":"","overlay-color":"","overlay-opacity":"","overlay-gradient":""},"tablet":{"background-color":"var(--ast-global-color-5)","background-image":"","background-repeat":"repeat","background-position":"center center","background-size":"auto","background-attachment":"scroll","background-type":"","background-media":"","overlay-type":"","overlay-color":"","overlay-opacity":"","overlay-gradient":""},"mobile":{"background-color":"var(--ast-global-color-5)","background-image":"","background-repeat":"repeat","background-position":"center center","background-size":"auto","background-attachment":"scroll","background-type":"","background-media":"","overlay-type":"","overlay-color":"","overlay-opacity":"","overlay-gradient":""}}},"product_brand":[],"product_cat":[3044,2858,2853,2856,3165,2860,2854,3051],"product_tag":[],"class_list":{"0":"post-287105","1":"product","2":"type-product","3":"status-publish","4":"has-post-thumbnail","6":"product_cat-bizuteria","7":"product_cat-bizuteria-z-bialego-zlota","8":"product_cat-prezenty-dla-kobiet","9":"product_cat-prezenty-dla-mezczyzn","10":"product_cat-prezenty-na-chrzest","11":"product_cat-prezenty-na-wyjatkowe-okazje","12":"product_cat-prezenty-z-okazji-narodzin-dziecka","13":"product_cat-zawieszki-z-diamentami","14":"desktop-align-center","15":"tablet-align-left","16":"mobile-align-left","17":"ast-product-gallery-layout-horizontal-slider","18":"ast-product-gallery-with-no-image","19":"ast-product-tabs-layout-accordion","20":"ast-qv-on-image","22":"first","23":"instock","24":"taxable","25":"shipping-taxable","26":"purchasable","27":"product-type-simple"},"yoast_head":"<!-- This site is optimized with the Yoast SEO plugin v26.6 - https:\/\/yoast.com\/wordpress\/plugins\/seo\/ -->\n<title>\u015awiat\u0142o \u017cycia z bia\u0142ego z\u0142ota: krzy\u017cyk z l\u015bni\u0105cym diamentem - FashionGold.lt<\/title>\n<meta name=\"robots\" content=\"index, follow, max-snippet:-1, max-image-preview:large, max-video-preview:-1\" \/>\n<link rel=\"canonical\" href=\"https:\/\/fashiongold.lt\/pl\/papuosalas\/swiatlo-zycia-z-bialego-zlota-krzyzyk-z-lsniacym-diamentem\/\" \/>\n<meta property=\"og:locale\" content=\"pl_PL\" \/>\n<meta property=\"og:type\" content=\"article\" \/>\n<meta property=\"og:title\" content=\"\u015awiat\u0142o \u017cycia z bia\u0142ego z\u0142ota: krzy\u017cyk z l\u015bni\u0105cym diamentem - FashionGold.lt\" \/>\n<meta property=\"og:description\" content=\"\u015awiat\u0142o \u017cycia z bia\u0142ego z\u0142ota to symbol, kt\u00f3ry zaprasza do w\u0142\u0105czenia swojego wewn\u0119trznego \u015bwiat\u0142a i wyj\u0105tkowo\u015bci.\" \/>\n<meta property=\"og:url\" content=\"https:\/\/fashiongold.lt\/pl\/papuosalas\/swiatlo-zycia-z-bialego-zlota-krzyzyk-z-lsniacym-diamentem\/\" \/>\n<meta property=\"og:site_name\" content=\"FashionGold.lt\" \/>\n<meta property=\"og:image\" content=\"https:\/\/fashiongold.lt\/wp-content\/uploads\/2025\/10\/2332-6a5-Auksinis-pakabukas-Kryzelis-08.webp\" \/>\n\t<meta property=\"og:image:width\" content=\"1000\" \/>\n\t<meta property=\"og:image:height\" content=\"1000\" \/>\n\t<meta property=\"og:image:type\" content=\"image\/jpeg\" \/>\n<meta name=\"twitter:card\" content=\"summary_large_image\" \/>\n<meta name=\"twitter:label1\" content=\"Szacowany czas czytania\" \/>\n\t<meta name=\"twitter:data1\" content=\"1 minuta\" \/>\n<script type=\"application\/ld+json\" class=\"yoast-schema-graph\">{\"@context\":\"https:\/\/schema.org\",\"@graph\":[{\"@type\":\"WebPage\",\"@id\":\"https:\/\/fashiongold.lt\/pl\/papuosalas\/swiatlo-zycia-z-bialego-zlota-krzyzyk-z-lsniacym-diamentem\/\",\"url\":\"https:\/\/fashiongold.lt\/pl\/papuosalas\/swiatlo-zycia-z-bialego-zlota-krzyzyk-z-lsniacym-diamentem\/\",\"name\":\"\u015awiat\u0142o \u017cycia z bia\u0142ego z\u0142ota: krzy\u017cyk z l\u015bni\u0105cym diamentem - FashionGold.lt\",\"isPartOf\":{\"@id\":\"https:\/\/fashiongold.lt\/pl\/#website\"},\"primaryImageOfPage\":{\"@id\":\"https:\/\/fashiongold.lt\/pl\/papuosalas\/swiatlo-zycia-z-bialego-zlota-krzyzyk-z-lsniacym-diamentem\/#primaryimage\"},\"image\":{\"@id\":\"https:\/\/fashiongold.lt\/pl\/papuosalas\/swiatlo-zycia-z-bialego-zlota-krzyzyk-z-lsniacym-diamentem\/#primaryimage\"},\"thumbnailUrl\":\"https:\/\/fashiongold.lt\/wp-content\/uploads\/2025\/10\/2332-6a5-Auksinis-pakabukas-Kryzelis-08.jpg\",\"datePublished\":\"2025-10-09T19:31:24+00:00\",\"breadcrumb\":{\"@id\":\"https:\/\/fashiongold.lt\/pl\/papuosalas\/swiatlo-zycia-z-bialego-zlota-krzyzyk-z-lsniacym-diamentem\/#breadcrumb\"},\"inLanguage\":\"pl-PL\",\"potentialAction\":[{\"@type\":\"ReadAction\",\"target\":[\"https:\/\/fashiongold.lt\/pl\/papuosalas\/swiatlo-zycia-z-bialego-zlota-krzyzyk-z-lsniacym-diamentem\/\"]}]},{\"@type\":\"ImageObject\",\"inLanguage\":\"pl-PL\",\"@id\":\"https:\/\/fashiongold.lt\/pl\/papuosalas\/swiatlo-zycia-z-bialego-zlota-krzyzyk-z-lsniacym-diamentem\/#primaryimage\",\"url\":\"https:\/\/fashiongold.lt\/wp-content\/uploads\/2025\/10\/2332-6a5-Auksinis-pakabukas-Kryzelis-08.jpg\",\"contentUrl\":\"https:\/\/fashiongold.lt\/wp-content\/uploads\/2025\/10\/2332-6a5-Auksinis-pakabukas-Kryzelis-08.jpg\",\"width\":1000,\"height\":1000},{\"@type\":\"BreadcrumbList\",\"@id\":\"https:\/\/fashiongold.lt\/pl\/papuosalas\/swiatlo-zycia-z-bialego-zlota-krzyzyk-z-lsniacym-diamentem\/#breadcrumb\",\"itemListElement\":[{\"@type\":\"ListItem\",\"position\":1,\"name\":\"Home\",\"item\":\"https:\/\/fashiongold.lt\/pl\/\"},{\"@type\":\"ListItem\",\"position\":2,\"name\":\"Sklep z diamentami Fashiongold.lt\",\"item\":\"https:\/\/fashiongold.lt\/shop-2\/\"},{\"@type\":\"ListItem\",\"position\":3,\"name\":\"\u015awiat\u0142o \u017cycia z bia\u0142ego z\u0142ota: krzy\u017cyk z l\u015bni\u0105cym diamentem\"}]},{\"@type\":\"WebSite\",\"@id\":\"https:\/\/fashiongold.lt\/pl\/#website\",\"url\":\"https:\/\/fashiongold.lt\/pl\/\",\"name\":\"Fashion Gold\",\"description\":\"Juvelyrikos namai\",\"publisher\":{\"@id\":\"https:\/\/fashiongold.lt\/pl\/#organization\"},\"potentialAction\":[{\"@type\":\"SearchAction\",\"target\":{\"@type\":\"EntryPoint\",\"urlTemplate\":\"https:\/\/fashiongold.lt\/pl\/?s={search_term_string}\"},\"query-input\":{\"@type\":\"PropertyValueSpecification\",\"valueRequired\":true,\"valueName\":\"search_term_string\"}}],\"inLanguage\":\"pl-PL\"},{\"@type\":\"Organization\",\"@id\":\"https:\/\/fashiongold.lt\/pl\/#organization\",\"name\":\"Topdiamonds Online\",\"url\":\"https:\/\/fashiongold.lt\/pl\/\",\"logo\":{\"@type\":\"ImageObject\",\"inLanguage\":\"pl-PL\",\"@id\":\"https:\/\/fashiongold.lt\/pl\/#\/schema\/logo\/image\/\",\"url\":\"https:\/\/fashiongold.lt\/wp-content\/uploads\/2025\/04\/cropped-fashion_gold_logotipas2-scaled-1.png\",\"contentUrl\":\"https:\/\/fashiongold.lt\/wp-content\/uploads\/2025\/04\/cropped-fashion_gold_logotipas2-scaled-1.png\",\"width\":2559,\"height\":421,\"caption\":\"Topdiamonds Online\"},\"image\":{\"@id\":\"https:\/\/fashiongold.lt\/pl\/#\/schema\/logo\/image\/\"}}]}<\/script>\n<!-- \/ Yoast SEO plugin. -->","yoast_head_json":{"title":"\u015awiat\u0142o \u017cycia z bia\u0142ego z\u0142ota: krzy\u017cyk z l\u015bni\u0105cym diamentem - FashionGold.lt","robots":{"index":"index","follow":"follow","max-snippet":"max-snippet:-1","max-image-preview":"max-image-preview:large","max-video-preview":"max-video-preview:-1"},"canonical":"https:\/\/fashiongold.lt\/pl\/papuosalas\/swiatlo-zycia-z-bialego-zlota-krzyzyk-z-lsniacym-diamentem\/","og_locale":"pl_PL","og_type":"article","og_title":"\u015awiat\u0142o \u017cycia z bia\u0142ego z\u0142ota: krzy\u017cyk z l\u015bni\u0105cym diamentem - FashionGold.lt","og_description":"\u015awiat\u0142o \u017cycia z bia\u0142ego z\u0142ota to symbol, kt\u00f3ry zaprasza do w\u0142\u0105czenia swojego wewn\u0119trznego \u015bwiat\u0142a i wyj\u0105tkowo\u015bci.","og_url":"https:\/\/fashiongold.lt\/pl\/papuosalas\/swiatlo-zycia-z-bialego-zlota-krzyzyk-z-lsniacym-diamentem\/","og_site_name":"FashionGold.lt","og_image":[{"width":1000,"height":1000,"url":"https:\/\/fashiongold.lt\/wp-content\/uploads\/2025\/10\/2332-6a5-Auksinis-pakabukas-Kryzelis-08.webp","type":"image\/jpeg"}],"twitter_card":"summary_large_image","twitter_misc":{"Szacowany czas czytania":"1 minuta"},"schema":{"@context":"https:\/\/schema.org","@graph":[{"@type":"WebPage","@id":"https:\/\/fashiongold.lt\/pl\/papuosalas\/swiatlo-zycia-z-bialego-zlota-krzyzyk-z-lsniacym-diamentem\/","url":"https:\/\/fashiongold.lt\/pl\/papuosalas\/swiatlo-zycia-z-bialego-zlota-krzyzyk-z-lsniacym-diamentem\/","name":"\u015awiat\u0142o \u017cycia z bia\u0142ego z\u0142ota: krzy\u017cyk z l\u015bni\u0105cym diamentem - FashionGold.lt","isPartOf":{"@id":"https:\/\/fashiongold.lt\/pl\/#website"},"primaryImageOfPage":{"@id":"https:\/\/fashiongold.lt\/pl\/papuosalas\/swiatlo-zycia-z-bialego-zlota-krzyzyk-z-lsniacym-diamentem\/#primaryimage"},"image":{"@id":"https:\/\/fashiongold.lt\/pl\/papuosalas\/swiatlo-zycia-z-bialego-zlota-krzyzyk-z-lsniacym-diamentem\/#primaryimage"},"thumbnailUrl":"https:\/\/fashiongold.lt\/wp-content\/uploads\/2025\/10\/2332-6a5-Auksinis-pakabukas-Kryzelis-08.jpg","datePublished":"2025-10-09T19:31:24+00:00","breadcrumb":{"@id":"https:\/\/fashiongold.lt\/pl\/papuosalas\/swiatlo-zycia-z-bialego-zlota-krzyzyk-z-lsniacym-diamentem\/#breadcrumb"},"inLanguage":"pl-PL","potentialAction":[{"@type":"ReadAction","target":["https:\/\/fashiongold.lt\/pl\/papuosalas\/swiatlo-zycia-z-bialego-zlota-krzyzyk-z-lsniacym-diamentem\/"]}]},{"@type":"ImageObject","inLanguage":"pl-PL","@id":"https:\/\/fashiongold.lt\/pl\/papuosalas\/swiatlo-zycia-z-bialego-zlota-krzyzyk-z-lsniacym-diamentem\/#primaryimage","url":"https:\/\/fashiongold.lt\/wp-content\/uploads\/2025\/10\/2332-6a5-Auksinis-pakabukas-Kryzelis-08.jpg","contentUrl":"https:\/\/fashiongold.lt\/wp-content\/uploads\/2025\/10\/2332-6a5-Auksinis-pakabukas-Kryzelis-08.jpg","width":1000,"height":1000},{"@type":"BreadcrumbList","@id":"https:\/\/fashiongold.lt\/pl\/papuosalas\/swiatlo-zycia-z-bialego-zlota-krzyzyk-z-lsniacym-diamentem\/#breadcrumb","itemListElement":[{"@type":"ListItem","position":1,"name":"Home","item":"https:\/\/fashiongold.lt\/pl\/"},{"@type":"ListItem","position":2,"name":"Sklep z diamentami Fashiongold.lt","item":"https:\/\/fashiongold.lt\/shop-2\/"},{"@type":"ListItem","position":3,"name":"\u015awiat\u0142o \u017cycia z bia\u0142ego z\u0142ota: krzy\u017cyk z l\u015bni\u0105cym diamentem"}]},{"@type":"WebSite","@id":"https:\/\/fashiongold.lt\/pl\/#website","url":"https:\/\/fashiongold.lt\/pl\/","name":"Fashion Gold","description":"Juvelyrikos namai","publisher":{"@id":"https:\/\/fashiongold.lt\/pl\/#organization"},"potentialAction":[{"@type":"SearchAction","target":{"@type":"EntryPoint","urlTemplate":"https:\/\/fashiongold.lt\/pl\/?s={search_term_string}"},"query-input":{"@type":"PropertyValueSpecification","valueRequired":true,"valueName":"search_term_string"}}],"inLanguage":"pl-PL"},{"@type":"Organization","@id":"https:\/\/fashiongold.lt\/pl\/#organization","name":"Topdiamonds Online","url":"https:\/\/fashiongold.lt\/pl\/","logo":{"@type":"ImageObject","inLanguage":"pl-PL","@id":"https:\/\/fashiongold.lt\/pl\/#\/schema\/logo\/image\/","url":"https:\/\/fashiongold.lt\/wp-content\/uploads\/2025\/04\/cropped-fashion_gold_logotipas2-scaled-1.png","contentUrl":"https:\/\/fashiongold.lt\/wp-content\/uploads\/2025\/04\/cropped-fashion_gold_logotipas2-scaled-1.png","width":2559,"height":421,"caption":"Topdiamonds Online"},"image":{"@id":"https:\/\/fashiongold.lt\/pl\/#\/schema\/logo\/image\/"}}]}},"_links":{"self":[{"href":"https:\/\/fashiongold.lt\/pl\/wp-json\/wp\/v2\/product\/287105","targetHints":{"allow":["GET"]}}],"collection":[{"href":"https:\/\/fashiongold.lt\/pl\/wp-json\/wp\/v2\/product"}],"about":[{"href":"https:\/\/fashiongold.lt\/pl\/wp-json\/wp\/v2\/types\/product"}],"version-history":[{"count":0,"href":"https:\/\/fashiongold.lt\/pl\/wp-json\/wp\/v2\/product\/287105\/revisions"}],"wp:featuredmedia":[{"embeddable":true,"href":"https:\/\/fashiongold.lt\/pl\/wp-json\/wp\/v2\/media\/61721"}],"wp:attachment":[{"href":"https:\/\/fashiongold.lt\/pl\/wp-json\/wp\/v2\/media?parent=287105"}],"wp:term":[{"taxonomy":"product_brand","embeddable":true,"href":"https:\/\/fashiongold.lt\/pl\/wp-json\/wp\/v2\/product_brand?post=287105"},{"taxonomy":"product_cat","embeddable":true,"href":"https:\/\/fashiongold.lt\/pl\/wp-json\/wp\/v2\/product_cat?post=287105"},{"taxonomy":"product_tag","embeddable":true,"href":"https:\/\/fashiongold.lt\/pl\/wp-json\/wp\/v2\/product_tag?post=287105"}],"curies":[{"name":"wp","href":"https:\/\/api.w.org\/{rel}","templated":true}]}}