{"id":287205,"date":"2025-10-09T19:30:55","date_gmt":"2025-10-09T19:30:55","guid":{"rendered":"https:\/\/fashiongold.lt\/papuosalas\/kolczyki-z-zoltego-zlota-z-brylantami-paczusie\/"},"modified":"2025-10-09T19:30:55","modified_gmt":"2025-10-09T19:30:55","slug":"kolczyki-z-zoltego-zlota-z-brylantami-paczusie","status":"publish","type":"product","link":"https:\/\/fashiongold.lt\/pl\/papuosalas\/kolczyki-z-zoltego-zlota-z-brylantami-paczusie\/","title":{"rendered":"Kolczyki z \u017c\u00f3\u0142tego z\u0142ota z brylantami \u201eP\u0105czusie\u201d"},"content":{"rendered":"<p>Okr\u0105g\u0142e kolczyki z \u017c\u00f3\u0142tego z\u0142ota z brylantami \u2013 l\u015bni\u0105ce diamenty tworz\u0105 nieko\u0144cz\u0105cy si\u0119 kr\u0105g, kt\u00f3ry zapewnia nieprzerwany blask. Wyj\u0105tkowe pi\u0119kno i elegancja. Elegancki prezent na specjalne okazje: urodziny, Bo\u017ce Narodzenie, \u015bluby, chrzciny i inne. Stw\u00f3rz wyj\u0105tkow\u0105 chwil\u0119 z tymi l\u015bni\u0105cymi kolczykami!<\/p>\n<p><span>Wyj\u0105tkowe kolczyki z \u017c\u00f3\u0142tego z\u0142ota z prawdziwymi<\/span> brylantami, stworzone przez mistrz\u00f3w domu jubilerskiego \u201eFashion Gold\u201d. Imponuj\u0105ca bi\u017cuteria, kt\u00f3ra jest doskona\u0142ym prezentem na chrzciny, \u015bluby, rocznice \u015blubu, urodziny, Walentynki lub inne okazje.<\/p>\n<p class=\"p1\">Waga 1,30-1,50 g<\/p>\n<p class=\"p1\">Masa brylant\u00f3w 0,13 ct, kolor \u2013 H-I, czysto\u015b\u0107 SI-P1<\/p>\n<p>Kolczyki s\u0105 dostarczane w ci\u0105gu 14 dni roboczych.<\/p>\n","protected":false},"excerpt":{"rendered":"<p>Okr\u0105g\u0142e formy z \u017c\u00f3\u0142tego z\u0142ota z brylantami tworz\u0105 nieprzerwany blask. Wyj\u0105tkowe pi\u0119kno, elegancki prezent na specjalne okazje: urodziny, Bo\u017ce Narodzenie, \u015bluby, chrzciny i inne. Stw\u00f3rz wyj\u0105tkow\u0105 chwil\u0119 z tymi l\u015bni\u0105cymi kolczykami!<\/p>\n","protected":false},"featured_media":61462,"template":"","meta":{"site-sidebar-layout":"","site-content-layout":"","ast-site-content-layout":"","site-content-style":"","site-sidebar-style":"","ast-global-header-display":"","ast-banner-title-visibility":"","ast-main-header-display":"","ast-hfb-above-header-display":"","ast-hfb-below-header-display":"","ast-hfb-mobile-header-display":"","site-post-title":"","ast-breadcrumbs-content":"","ast-featured-img":"","footer-sml-layout":"","ast-disable-related-posts":"","theme-transparent-header-meta":"","adv-header-id-meta":"","stick-header-meta":"","header-above-stick-meta":"","header-main-stick-meta":"","header-below-stick-meta":"","astra-migrate-meta-layouts":"default","ast-page-background-enabled":"default","ast-page-background-meta":{"desktop":{"background-color":"var(--ast-global-color-4)","background-image":"","background-repeat":"repeat","background-position":"center center","background-size":"auto","background-attachment":"scroll","background-type":"","background-media":"","overlay-type":"","overlay-color":"","overlay-opacity":"","overlay-gradient":""},"tablet":{"background-color":"","background-image":"","background-repeat":"repeat","background-position":"center center","background-size":"auto","background-attachment":"scroll","background-type":"","background-media":"","overlay-type":"","overlay-color":"","overlay-opacity":"","overlay-gradient":""},"mobile":{"background-color":"","background-image":"","background-repeat":"repeat","background-position":"center center","background-size":"auto","background-attachment":"scroll","background-type":"","background-media":"","overlay-type":"","overlay-color":"","overlay-opacity":"","overlay-gradient":""}},"ast-content-background-meta":{"desktop":{"background-color":"var(--ast-global-color-5)","background-image":"","background-repeat":"repeat","background-position":"center center","background-size":"auto","background-attachment":"scroll","background-type":"","background-media":"","overlay-type":"","overlay-color":"","overlay-opacity":"","overlay-gradient":""},"tablet":{"background-color":"var(--ast-global-color-5)","background-image":"","background-repeat":"repeat","background-position":"center center","background-size":"auto","background-attachment":"scroll","background-type":"","background-media":"","overlay-type":"","overlay-color":"","overlay-opacity":"","overlay-gradient":""},"mobile":{"background-color":"var(--ast-global-color-5)","background-image":"","background-repeat":"repeat","background-position":"center center","background-size":"auto","background-attachment":"scroll","background-type":"","background-media":"","overlay-type":"","overlay-color":"","overlay-opacity":"","overlay-gradient":""}}},"product_brand":[],"product_cat":[3044,2861,3170,2975,2972,3166,2853,3165,2875,2876,2860,2857,2854,2855,3169,2859,2852],"product_tag":[],"class_list":{"0":"post-287205","1":"product","2":"type-product","3":"status-publish","4":"has-post-thumbnail","6":"product_cat-bizuteria","7":"product_cat-bizuteria-z-zoltego-zlota","8":"product_cat-kolczyki-dla-dziewczynek-kolczyki-dzieciece","9":"product_cat-kolczyki-sztyfty","10":"product_cat-kolczyki-z-diamentami","11":"product_cat-prezent-z-okazji-pierwszej-komunii-swietej","12":"product_cat-prezenty-dla-kobiet","13":"product_cat-prezenty-na-chrzest","14":"product_cat-prezenty-na-dzien-matki","15":"product_cat-prezenty-na-walentynki","16":"product_cat-prezenty-na-wyjatkowe-okazje","17":"product_cat-prezenty-swiateczne","18":"product_cat-prezenty-z-okazji-narodzin-dziecka","19":"product_cat-prezenty-z-okazji-rocznicy-slubu","20":"product_cat-prezenty-z-okazji-slubu","21":"product_cat-prezenty-z-okazji-ukonczenia-szkoly","22":"product_cat-prezenty-z-okazji-urodzin","23":"desktop-align-center","24":"tablet-align-left","25":"mobile-align-left","26":"ast-product-gallery-layout-horizontal-slider","27":"ast-product-gallery-with-no-image","28":"ast-product-tabs-layout-accordion","29":"ast-qv-on-image","31":"first","32":"instock","33":"taxable","34":"shipping-taxable","35":"purchasable","36":"product-type-simple"},"yoast_head":"<!-- This site is optimized with the Yoast SEO plugin v26.6 - https:\/\/yoast.com\/wordpress\/plugins\/seo\/ -->\n<title>Kolczyki z \u017c\u00f3\u0142tego z\u0142ota z brylantami \u201eP\u0105czusie\u201d - FashionGold.lt<\/title>\n<meta name=\"robots\" content=\"index, follow, max-snippet:-1, max-image-preview:large, max-video-preview:-1\" \/>\n<link rel=\"canonical\" href=\"https:\/\/fashiongold.lt\/pl\/papuosalas\/kolczyki-z-zoltego-zlota-z-brylantami-paczusie\/\" \/>\n<meta property=\"og:locale\" content=\"pl_PL\" \/>\n<meta property=\"og:type\" content=\"article\" \/>\n<meta property=\"og:title\" content=\"Kolczyki z \u017c\u00f3\u0142tego z\u0142ota z brylantami \u201eP\u0105czusie\u201d - FashionGold.lt\" \/>\n<meta property=\"og:description\" content=\"Okr\u0105g\u0142e formy z \u017c\u00f3\u0142tego z\u0142ota z brylantami tworz\u0105 nieprzerwany blask. Wyj\u0105tkowe pi\u0119kno, elegancki prezent na specjalne okazje: urodziny, Bo\u017ce Narodzenie, \u015bluby, chrzciny i inne. Stw\u00f3rz wyj\u0105tkow\u0105 chwil\u0119 z tymi l\u015bni\u0105cymi kolczykami!\" \/>\n<meta property=\"og:url\" content=\"https:\/\/fashiongold.lt\/pl\/papuosalas\/kolczyki-z-zoltego-zlota-z-brylantami-paczusie\/\" \/>\n<meta property=\"og:site_name\" content=\"FashionGold.lt\" \/>\n<meta property=\"og:image\" content=\"https:\/\/fashiongold.lt\/wp-content\/uploads\/2025\/10\/2291-b61-Geltono-aukso-auskarai-su-briliantais-Spurgytes.webp\" \/>\n\t<meta property=\"og:image:width\" content=\"1000\" \/>\n\t<meta property=\"og:image:height\" content=\"1000\" \/>\n\t<meta property=\"og:image:type\" content=\"image\/jpeg\" \/>\n<meta name=\"twitter:card\" content=\"summary_large_image\" \/>\n<meta name=\"twitter:label1\" content=\"Szacowany czas czytania\" \/>\n\t<meta name=\"twitter:data1\" content=\"1 minuta\" \/>\n<script type=\"application\/ld+json\" class=\"yoast-schema-graph\">{\"@context\":\"https:\/\/schema.org\",\"@graph\":[{\"@type\":\"WebPage\",\"@id\":\"https:\/\/fashiongold.lt\/pl\/papuosalas\/kolczyki-z-zoltego-zlota-z-brylantami-paczusie\/\",\"url\":\"https:\/\/fashiongold.lt\/pl\/papuosalas\/kolczyki-z-zoltego-zlota-z-brylantami-paczusie\/\",\"name\":\"Kolczyki z \u017c\u00f3\u0142tego z\u0142ota z brylantami \u201eP\u0105czusie\u201d - FashionGold.lt\",\"isPartOf\":{\"@id\":\"https:\/\/fashiongold.lt\/pl\/#website\"},\"primaryImageOfPage\":{\"@id\":\"https:\/\/fashiongold.lt\/pl\/papuosalas\/kolczyki-z-zoltego-zlota-z-brylantami-paczusie\/#primaryimage\"},\"image\":{\"@id\":\"https:\/\/fashiongold.lt\/pl\/papuosalas\/kolczyki-z-zoltego-zlota-z-brylantami-paczusie\/#primaryimage\"},\"thumbnailUrl\":\"https:\/\/fashiongold.lt\/wp-content\/uploads\/2025\/10\/2291-b61-Geltono-aukso-auskarai-su-briliantais-Spurgytes.jpg\",\"datePublished\":\"2025-10-09T19:30:55+00:00\",\"breadcrumb\":{\"@id\":\"https:\/\/fashiongold.lt\/pl\/papuosalas\/kolczyki-z-zoltego-zlota-z-brylantami-paczusie\/#breadcrumb\"},\"inLanguage\":\"pl-PL\",\"potentialAction\":[{\"@type\":\"ReadAction\",\"target\":[\"https:\/\/fashiongold.lt\/pl\/papuosalas\/kolczyki-z-zoltego-zlota-z-brylantami-paczusie\/\"]}]},{\"@type\":\"ImageObject\",\"inLanguage\":\"pl-PL\",\"@id\":\"https:\/\/fashiongold.lt\/pl\/papuosalas\/kolczyki-z-zoltego-zlota-z-brylantami-paczusie\/#primaryimage\",\"url\":\"https:\/\/fashiongold.lt\/wp-content\/uploads\/2025\/10\/2291-b61-Geltono-aukso-auskarai-su-briliantais-Spurgytes.jpg\",\"contentUrl\":\"https:\/\/fashiongold.lt\/wp-content\/uploads\/2025\/10\/2291-b61-Geltono-aukso-auskarai-su-briliantais-Spurgytes.jpg\",\"width\":1000,\"height\":1000},{\"@type\":\"BreadcrumbList\",\"@id\":\"https:\/\/fashiongold.lt\/pl\/papuosalas\/kolczyki-z-zoltego-zlota-z-brylantami-paczusie\/#breadcrumb\",\"itemListElement\":[{\"@type\":\"ListItem\",\"position\":1,\"name\":\"Home\",\"item\":\"https:\/\/fashiongold.lt\/pl\/\"},{\"@type\":\"ListItem\",\"position\":2,\"name\":\"Sklep z diamentami Fashiongold.lt\",\"item\":\"https:\/\/fashiongold.lt\/shop-2\/\"},{\"@type\":\"ListItem\",\"position\":3,\"name\":\"Kolczyki z \u017c\u00f3\u0142tego z\u0142ota z brylantami \u201eP\u0105czusie\u201d\"}]},{\"@type\":\"WebSite\",\"@id\":\"https:\/\/fashiongold.lt\/pl\/#website\",\"url\":\"https:\/\/fashiongold.lt\/pl\/\",\"name\":\"Fashion Gold\",\"description\":\"Juvelyrikos namai\",\"publisher\":{\"@id\":\"https:\/\/fashiongold.lt\/pl\/#organization\"},\"potentialAction\":[{\"@type\":\"SearchAction\",\"target\":{\"@type\":\"EntryPoint\",\"urlTemplate\":\"https:\/\/fashiongold.lt\/pl\/?s={search_term_string}\"},\"query-input\":{\"@type\":\"PropertyValueSpecification\",\"valueRequired\":true,\"valueName\":\"search_term_string\"}}],\"inLanguage\":\"pl-PL\"},{\"@type\":\"Organization\",\"@id\":\"https:\/\/fashiongold.lt\/pl\/#organization\",\"name\":\"Topdiamonds Online\",\"url\":\"https:\/\/fashiongold.lt\/pl\/\",\"logo\":{\"@type\":\"ImageObject\",\"inLanguage\":\"pl-PL\",\"@id\":\"https:\/\/fashiongold.lt\/pl\/#\/schema\/logo\/image\/\",\"url\":\"https:\/\/fashiongold.lt\/wp-content\/uploads\/2025\/04\/cropped-fashion_gold_logotipas2-scaled-1.png\",\"contentUrl\":\"https:\/\/fashiongold.lt\/wp-content\/uploads\/2025\/04\/cropped-fashion_gold_logotipas2-scaled-1.png\",\"width\":2559,\"height\":421,\"caption\":\"Topdiamonds Online\"},\"image\":{\"@id\":\"https:\/\/fashiongold.lt\/pl\/#\/schema\/logo\/image\/\"}}]}<\/script>\n<!-- \/ Yoast SEO plugin. -->","yoast_head_json":{"title":"Kolczyki z \u017c\u00f3\u0142tego z\u0142ota z brylantami \u201eP\u0105czusie\u201d - FashionGold.lt","robots":{"index":"index","follow":"follow","max-snippet":"max-snippet:-1","max-image-preview":"max-image-preview:large","max-video-preview":"max-video-preview:-1"},"canonical":"https:\/\/fashiongold.lt\/pl\/papuosalas\/kolczyki-z-zoltego-zlota-z-brylantami-paczusie\/","og_locale":"pl_PL","og_type":"article","og_title":"Kolczyki z \u017c\u00f3\u0142tego z\u0142ota z brylantami \u201eP\u0105czusie\u201d - FashionGold.lt","og_description":"Okr\u0105g\u0142e formy z \u017c\u00f3\u0142tego z\u0142ota z brylantami tworz\u0105 nieprzerwany blask. Wyj\u0105tkowe pi\u0119kno, elegancki prezent na specjalne okazje: urodziny, Bo\u017ce Narodzenie, \u015bluby, chrzciny i inne. Stw\u00f3rz wyj\u0105tkow\u0105 chwil\u0119 z tymi l\u015bni\u0105cymi kolczykami!","og_url":"https:\/\/fashiongold.lt\/pl\/papuosalas\/kolczyki-z-zoltego-zlota-z-brylantami-paczusie\/","og_site_name":"FashionGold.lt","og_image":[{"width":1000,"height":1000,"url":"https:\/\/fashiongold.lt\/wp-content\/uploads\/2025\/10\/2291-b61-Geltono-aukso-auskarai-su-briliantais-Spurgytes.webp","type":"image\/jpeg"}],"twitter_card":"summary_large_image","twitter_misc":{"Szacowany czas czytania":"1 minuta"},"schema":{"@context":"https:\/\/schema.org","@graph":[{"@type":"WebPage","@id":"https:\/\/fashiongold.lt\/pl\/papuosalas\/kolczyki-z-zoltego-zlota-z-brylantami-paczusie\/","url":"https:\/\/fashiongold.lt\/pl\/papuosalas\/kolczyki-z-zoltego-zlota-z-brylantami-paczusie\/","name":"Kolczyki z \u017c\u00f3\u0142tego z\u0142ota z brylantami \u201eP\u0105czusie\u201d - FashionGold.lt","isPartOf":{"@id":"https:\/\/fashiongold.lt\/pl\/#website"},"primaryImageOfPage":{"@id":"https:\/\/fashiongold.lt\/pl\/papuosalas\/kolczyki-z-zoltego-zlota-z-brylantami-paczusie\/#primaryimage"},"image":{"@id":"https:\/\/fashiongold.lt\/pl\/papuosalas\/kolczyki-z-zoltego-zlota-z-brylantami-paczusie\/#primaryimage"},"thumbnailUrl":"https:\/\/fashiongold.lt\/wp-content\/uploads\/2025\/10\/2291-b61-Geltono-aukso-auskarai-su-briliantais-Spurgytes.jpg","datePublished":"2025-10-09T19:30:55+00:00","breadcrumb":{"@id":"https:\/\/fashiongold.lt\/pl\/papuosalas\/kolczyki-z-zoltego-zlota-z-brylantami-paczusie\/#breadcrumb"},"inLanguage":"pl-PL","potentialAction":[{"@type":"ReadAction","target":["https:\/\/fashiongold.lt\/pl\/papuosalas\/kolczyki-z-zoltego-zlota-z-brylantami-paczusie\/"]}]},{"@type":"ImageObject","inLanguage":"pl-PL","@id":"https:\/\/fashiongold.lt\/pl\/papuosalas\/kolczyki-z-zoltego-zlota-z-brylantami-paczusie\/#primaryimage","url":"https:\/\/fashiongold.lt\/wp-content\/uploads\/2025\/10\/2291-b61-Geltono-aukso-auskarai-su-briliantais-Spurgytes.jpg","contentUrl":"https:\/\/fashiongold.lt\/wp-content\/uploads\/2025\/10\/2291-b61-Geltono-aukso-auskarai-su-briliantais-Spurgytes.jpg","width":1000,"height":1000},{"@type":"BreadcrumbList","@id":"https:\/\/fashiongold.lt\/pl\/papuosalas\/kolczyki-z-zoltego-zlota-z-brylantami-paczusie\/#breadcrumb","itemListElement":[{"@type":"ListItem","position":1,"name":"Home","item":"https:\/\/fashiongold.lt\/pl\/"},{"@type":"ListItem","position":2,"name":"Sklep z diamentami Fashiongold.lt","item":"https:\/\/fashiongold.lt\/shop-2\/"},{"@type":"ListItem","position":3,"name":"Kolczyki z \u017c\u00f3\u0142tego z\u0142ota z brylantami \u201eP\u0105czusie\u201d"}]},{"@type":"WebSite","@id":"https:\/\/fashiongold.lt\/pl\/#website","url":"https:\/\/fashiongold.lt\/pl\/","name":"Fashion Gold","description":"Juvelyrikos namai","publisher":{"@id":"https:\/\/fashiongold.lt\/pl\/#organization"},"potentialAction":[{"@type":"SearchAction","target":{"@type":"EntryPoint","urlTemplate":"https:\/\/fashiongold.lt\/pl\/?s={search_term_string}"},"query-input":{"@type":"PropertyValueSpecification","valueRequired":true,"valueName":"search_term_string"}}],"inLanguage":"pl-PL"},{"@type":"Organization","@id":"https:\/\/fashiongold.lt\/pl\/#organization","name":"Topdiamonds Online","url":"https:\/\/fashiongold.lt\/pl\/","logo":{"@type":"ImageObject","inLanguage":"pl-PL","@id":"https:\/\/fashiongold.lt\/pl\/#\/schema\/logo\/image\/","url":"https:\/\/fashiongold.lt\/wp-content\/uploads\/2025\/04\/cropped-fashion_gold_logotipas2-scaled-1.png","contentUrl":"https:\/\/fashiongold.lt\/wp-content\/uploads\/2025\/04\/cropped-fashion_gold_logotipas2-scaled-1.png","width":2559,"height":421,"caption":"Topdiamonds Online"},"image":{"@id":"https:\/\/fashiongold.lt\/pl\/#\/schema\/logo\/image\/"}}]}},"_links":{"self":[{"href":"https:\/\/fashiongold.lt\/pl\/wp-json\/wp\/v2\/product\/287205","targetHints":{"allow":["GET"]}}],"collection":[{"href":"https:\/\/fashiongold.lt\/pl\/wp-json\/wp\/v2\/product"}],"about":[{"href":"https:\/\/fashiongold.lt\/pl\/wp-json\/wp\/v2\/types\/product"}],"version-history":[{"count":0,"href":"https:\/\/fashiongold.lt\/pl\/wp-json\/wp\/v2\/product\/287205\/revisions"}],"wp:featuredmedia":[{"embeddable":true,"href":"https:\/\/fashiongold.lt\/pl\/wp-json\/wp\/v2\/media\/61462"}],"wp:attachment":[{"href":"https:\/\/fashiongold.lt\/pl\/wp-json\/wp\/v2\/media?parent=287205"}],"wp:term":[{"taxonomy":"product_brand","embeddable":true,"href":"https:\/\/fashiongold.lt\/pl\/wp-json\/wp\/v2\/product_brand?post=287205"},{"taxonomy":"product_cat","embeddable":true,"href":"https:\/\/fashiongold.lt\/pl\/wp-json\/wp\/v2\/product_cat?post=287205"},{"taxonomy":"product_tag","embeddable":true,"href":"https:\/\/fashiongold.lt\/pl\/wp-json\/wp\/v2\/product_tag?post=287205"}],"curies":[{"name":"wp","href":"https:\/\/api.w.org\/{rel}","templated":true}]}}