{"id":287535,"date":"2025-10-09T19:22:51","date_gmt":"2025-10-09T19:22:51","guid":{"rendered":"https:\/\/fashiongold.lt\/papuosalas\/pierscionek-z-diamentem-1-ct-kolor-g-czystosc-si1\/"},"modified":"2025-10-09T19:22:51","modified_gmt":"2025-10-09T19:22:51","slug":"pierscionek-z-diamentem-1-ct-kolor-g-czystosc-si1","status":"publish","type":"product","link":"https:\/\/fashiongold.lt\/pl\/papuosalas\/pierscionek-z-diamentem-1-ct-kolor-g-czystosc-si1\/","title":{"rendered":"Pier\u015bcionek z diamentem 1 ct (kolor G, czysto\u015b\u0107 Si1)"},"content":{"rendered":"<p>Pier\u015bcionek stworzony przez mistrz\u00f3w jubilerstwa \u201eFashion Gold\u201d jest niezwykle wysokiej jako\u015bci, certyfikowany przez Litewski Urz\u0105d Probierczy, w bardzo atrakcyjnej cenie. To bi\u017cuteria, kt\u00f3r\u0105 mo\u017cna przekazywa\u0107 z pokolenia na pokolenie jako rodzinn\u0105 pami\u0105tk\u0119, poniewa\u017c ani z\u0142oto, ani diamenty nigdy nie trac\u0105 na warto\u015bci. Ten z\u0142oty pier\u015bcionek mo\u017cna zam\u00f3wi\u0107 zar\u00f3wno w salonie, jak i online. Ten pier\u015bcionek idealnie nadaje si\u0119 na zar\u0119czyny, ale pasuje r\u00f3wnie\u017c na inne okazje \u2013 uszcz\u0119\u015bliw ukochan\u0105 kobiet\u0119 na Bo\u017ce Narodzenie, Walentynki, urodziny lub rocznice.<\/p>\n<p>Pier\u015bcionek o niepowtarzalnym pi\u0119knie i wyj\u0105tkowym stylu, wysokiej jako\u015bci, z soczewk\u0105 (comfort fit). Pier\u015bcionek mo\u017ce by\u0107 wykonany na zam\u00f3wienie: z czerwonego, \u017c\u00f3\u0142tego lub bia\u0142ego z\u0142ota.<\/p>\n<p>\u2022 Z\u0142oto pier\u015bcionka: 14 K (pr\u00f3ba 585), mo\u017cemy wykona\u0107 z 10K (pr\u00f3ba 375), 18K (pr\u00f3ba 750)<\/p>\n<p>\u2022 Kolor pier\u015bcionka: do wyboru bia\u0142e, \u017c\u00f3\u0142te, czerwone z\u0142oto<\/p>\n<p>\u2022 Waga pier\u015bcionka (zale\u017cna od rozmiaru i pr\u00f3by): oko\u0142o 3,00 &#8211; 5,00 g<\/p>\n<p>\u2022 Wymiary pier\u015bcionka: szeroko\u015b\u0107 korony oko\u0142o 6.5-7.0 mm (mo\u017cliwo\u015b\u0107 zmiany)<\/p>\n<p>\u2022 Soczewka (comfort fit): jest<\/p>\n<p>\u2022 Typ diamentu: Naturalny diament (Natural diamonds)<\/p>\n<p>\u2022 Szlif diamentu: Okr\u0105g\u0142y (Round cut)<\/p>\n<p>\u2022 Charakterystyka diamentu: 1,00 ct (barwa G, czysto\u015b\u0107 SI1, szlif: proporcje Vg, symetria G, polerowanie G) (mo\u017cliwo\u015b\u0107 zmiany)<\/p>\n<p>\u2022 Certyfikat: Litewski Urz\u0105d Probierczy (LPR), dodatkowo certyfikat GIA<\/p>\n<p>\u2022 Grawerowanie gratis<\/p>\n<p>\u2022 Jednorazowa bezp\u0142atna gwarancja zmiany rozmiaru pier\u015bcionka (w miar\u0119 mo\u017cliwo\u015bci)<\/p>\n<p>\u2022 Termin produkcji i dostawy od 14 dni roboczych, w trybie pilnym w ci\u0105gu 3 dni roboczych<\/p>\n<p><strong>Masz w\u0142asne z\u0142oto? Skontaktuj si\u0119 z nami, przeliczymy cen\u0119 \u2013 zap\u0142acisz tylko za wykonanie pier\u015bcionka.<\/strong><\/p>\n","protected":false},"excerpt":{"rendered":"<p>Klasyczny pier\u015bcionek zar\u0119czynowy z diamentem 1,00 ct o barwie G (rzadka biel), czysto\u015bci Si1 (dobra). Wysoka jako\u015b\u0107, r\u0119czne wykonanie, wyj\u0105tkowe wzornictwo \u2013 ponadczasowa klasyka, idealnie pasuj\u0105ca do Twojej wybranki.<\/p>\n","protected":false},"featured_media":60418,"template":"","meta":{"site-sidebar-layout":"","site-content-layout":"","ast-site-content-layout":"","site-content-style":"","site-sidebar-style":"","ast-global-header-display":"","ast-banner-title-visibility":"","ast-main-header-display":"","ast-hfb-above-header-display":"","ast-hfb-below-header-display":"","ast-hfb-mobile-header-display":"","site-post-title":"","ast-breadcrumbs-content":"","ast-featured-img":"","footer-sml-layout":"","ast-disable-related-posts":"","theme-transparent-header-meta":"","adv-header-id-meta":"","stick-header-meta":"","header-above-stick-meta":"","header-main-stick-meta":"","header-below-stick-meta":"","astra-migrate-meta-layouts":"default","ast-page-background-enabled":"default","ast-page-background-meta":{"desktop":{"background-color":"var(--ast-global-color-4)","background-image":"","background-repeat":"repeat","background-position":"center center","background-size":"auto","background-attachment":"scroll","background-type":"","background-media":"","overlay-type":"","overlay-color":"","overlay-opacity":"","overlay-gradient":""},"tablet":{"background-color":"","background-image":"","background-repeat":"repeat","background-position":"center center","background-size":"auto","background-attachment":"scroll","background-type":"","background-media":"","overlay-type":"","overlay-color":"","overlay-opacity":"","overlay-gradient":""},"mobile":{"background-color":"","background-image":"","background-repeat":"repeat","background-position":"center center","background-size":"auto","background-attachment":"scroll","background-type":"","background-media":"","overlay-type":"","overlay-color":"","overlay-opacity":"","overlay-gradient":""}},"ast-content-background-meta":{"desktop":{"background-color":"var(--ast-global-color-5)","background-image":"","background-repeat":"repeat","background-position":"center center","background-size":"auto","background-attachment":"scroll","background-type":"","background-media":"","overlay-type":"","overlay-color":"","overlay-opacity":"","overlay-gradient":""},"tablet":{"background-color":"var(--ast-global-color-5)","background-image":"","background-repeat":"repeat","background-position":"center center","background-size":"auto","background-attachment":"scroll","background-type":"","background-media":"","overlay-type":"","overlay-color":"","overlay-opacity":"","overlay-gradient":""},"mobile":{"background-color":"var(--ast-global-color-5)","background-image":"","background-repeat":"repeat","background-position":"center center","background-size":"auto","background-attachment":"scroll","background-type":"","background-media":"","overlay-type":"","overlay-color":"","overlay-opacity":"","overlay-gradient":""}}},"product_brand":[],"product_cat":[3044,3238,3237,3232,3760,3233,2853,2876,2860,2855,3240],"product_tag":[],"class_list":{"0":"post-287535","1":"product","2":"type-product","3":"status-publish","4":"has-post-thumbnail","6":"product_cat-bizuteria","7":"product_cat-klasyczne-pierscionki-zareczynowe","8":"product_cat-pierscionki-z-diamentami","9":"product_cat-pierscionki-zareczynowe","10":"product_cat-pierscionki-zareczynowe-z-1-karatowym-diamentem","11":"product_cat-pierscionki-zareczynowe-z-bialego-zlota","12":"product_cat-prezenty-dla-kobiet","13":"product_cat-prezenty-na-walentynki","14":"product_cat-prezenty-na-wyjatkowe-okazje","15":"product_cat-prezenty-z-okazji-rocznicy-slubu","16":"product_cat-top-pierscionki-zareczynowe","17":"desktop-align-center","18":"tablet-align-left","19":"mobile-align-left","20":"ast-product-gallery-layout-horizontal-slider","21":"ast-product-gallery-with-no-image","22":"ast-product-single-variable","23":"ast-product-tabs-layout-accordion","24":"ast-qv-on-image","26":"first","27":"instock","28":"taxable","29":"shipping-taxable","30":"purchasable","31":"product-type-variable"},"yoast_head":"<!-- This site is optimized with the Yoast SEO plugin v26.6 - https:\/\/yoast.com\/wordpress\/plugins\/seo\/ -->\n<title>Pier\u015bcionek z diamentem 1 ct, kolor G, czysto\u015b\u0107 Si1 | FashionGold.lt<\/title>\n<meta name=\"description\" content=\"Klasyczny pier\u015bcionek zar\u0119czynowy z diamentem 1,00 ct, kolor G. Wysoka jako\u015b\u0107, r\u0119czne wykonanie, wyj\u0105tkowy design \u2013 ponadczasowa klasyka, kt\u00f3ra idealnie pasuje do Twojej wybranki.\" \/>\n<meta name=\"robots\" content=\"index, follow, max-snippet:-1, max-image-preview:large, max-video-preview:-1\" \/>\n<link rel=\"canonical\" href=\"https:\/\/fashiongold.lt\/pl\/papuosalas\/pierscionek-z-diamentem-1-ct-kolor-g-czystosc-si1\/\" \/>\n<meta property=\"og:locale\" content=\"pl_PL\" \/>\n<meta property=\"og:type\" content=\"article\" \/>\n<meta property=\"og:title\" content=\"Pier\u015bcionek z diamentem 1 ct, kolor G, czysto\u015b\u0107 Si1 | FashionGold.lt\" \/>\n<meta property=\"og:description\" content=\"Klasyczny pier\u015bcionek zar\u0119czynowy z diamentem 1,00 ct, kolor G. Wysoka jako\u015b\u0107, r\u0119czne wykonanie, wyj\u0105tkowy design \u2013 ponadczasowa klasyka, kt\u00f3ra idealnie pasuje do Twojej wybranki.\" \/>\n<meta property=\"og:url\" content=\"https:\/\/fashiongold.lt\/pl\/papuosalas\/pierscionek-z-diamentem-1-ct-kolor-g-czystosc-si1\/\" \/>\n<meta property=\"og:site_name\" content=\"FashionGold.lt\" \/>\n<meta property=\"og:image\" content=\"https:\/\/fashiongold.lt\/wp-content\/uploads\/2025\/10\/2181-ab6-Ziedas-su-1-ct-briliantu-spalva-G-scaled-1.webp\" \/>\n\t<meta property=\"og:image:width\" content=\"2560\" \/>\n\t<meta property=\"og:image:height\" content=\"2552\" \/>\n\t<meta property=\"og:image:type\" content=\"image\/jpeg\" \/>\n<meta name=\"twitter:card\" content=\"summary_large_image\" \/>\n<meta name=\"twitter:label1\" content=\"Szacowany czas czytania\" \/>\n\t<meta name=\"twitter:data1\" content=\"1 minuta\" \/>\n<script type=\"application\/ld+json\" class=\"yoast-schema-graph\">{\"@context\":\"https:\/\/schema.org\",\"@graph\":[{\"@type\":\"WebPage\",\"@id\":\"https:\/\/fashiongold.lt\/pl\/papuosalas\/pierscionek-z-diamentem-1-ct-kolor-g-czystosc-si1\/\",\"url\":\"https:\/\/fashiongold.lt\/pl\/papuosalas\/pierscionek-z-diamentem-1-ct-kolor-g-czystosc-si1\/\",\"name\":\"Pier\u015bcionek z diamentem 1 ct, kolor G, czysto\u015b\u0107 Si1 | FashionGold.lt\",\"isPartOf\":{\"@id\":\"https:\/\/fashiongold.lt\/pl\/#website\"},\"primaryImageOfPage\":{\"@id\":\"https:\/\/fashiongold.lt\/pl\/papuosalas\/pierscionek-z-diamentem-1-ct-kolor-g-czystosc-si1\/#primaryimage\"},\"image\":{\"@id\":\"https:\/\/fashiongold.lt\/pl\/papuosalas\/pierscionek-z-diamentem-1-ct-kolor-g-czystosc-si1\/#primaryimage\"},\"thumbnailUrl\":\"https:\/\/fashiongold.lt\/wp-content\/uploads\/2025\/10\/2181-ab6-Ziedas-su-1-ct-briliantu-spalva-G-scaled-1.jpg\",\"datePublished\":\"2025-10-09T19:22:51+00:00\",\"description\":\"Klasyczny pier\u015bcionek zar\u0119czynowy z diamentem 1,00 ct, kolor G. Wysoka jako\u015b\u0107, r\u0119czne wykonanie, wyj\u0105tkowy design \u2013 ponadczasowa klasyka, kt\u00f3ra idealnie pasuje do Twojej wybranki.\",\"breadcrumb\":{\"@id\":\"https:\/\/fashiongold.lt\/pl\/papuosalas\/pierscionek-z-diamentem-1-ct-kolor-g-czystosc-si1\/#breadcrumb\"},\"inLanguage\":\"pl-PL\",\"potentialAction\":[{\"@type\":\"ReadAction\",\"target\":[\"https:\/\/fashiongold.lt\/pl\/papuosalas\/pierscionek-z-diamentem-1-ct-kolor-g-czystosc-si1\/\"]}]},{\"@type\":\"ImageObject\",\"inLanguage\":\"pl-PL\",\"@id\":\"https:\/\/fashiongold.lt\/pl\/papuosalas\/pierscionek-z-diamentem-1-ct-kolor-g-czystosc-si1\/#primaryimage\",\"url\":\"https:\/\/fashiongold.lt\/wp-content\/uploads\/2025\/10\/2181-ab6-Ziedas-su-1-ct-briliantu-spalva-G-scaled-1.jpg\",\"contentUrl\":\"https:\/\/fashiongold.lt\/wp-content\/uploads\/2025\/10\/2181-ab6-Ziedas-su-1-ct-briliantu-spalva-G-scaled-1.jpg\",\"width\":2560,\"height\":2552},{\"@type\":\"BreadcrumbList\",\"@id\":\"https:\/\/fashiongold.lt\/pl\/papuosalas\/pierscionek-z-diamentem-1-ct-kolor-g-czystosc-si1\/#breadcrumb\",\"itemListElement\":[{\"@type\":\"ListItem\",\"position\":1,\"name\":\"Home\",\"item\":\"https:\/\/fashiongold.lt\/pl\/\"},{\"@type\":\"ListItem\",\"position\":2,\"name\":\"Sklep z diamentami Fashiongold.lt\",\"item\":\"https:\/\/fashiongold.lt\/shop-2\/\"},{\"@type\":\"ListItem\",\"position\":3,\"name\":\"Pier\u015bcionek z diamentem 1 ct (kolor G, czysto\u015b\u0107 Si1)\"}]},{\"@type\":\"WebSite\",\"@id\":\"https:\/\/fashiongold.lt\/pl\/#website\",\"url\":\"https:\/\/fashiongold.lt\/pl\/\",\"name\":\"Fashion Gold\",\"description\":\"Juvelyrikos namai\",\"publisher\":{\"@id\":\"https:\/\/fashiongold.lt\/pl\/#organization\"},\"potentialAction\":[{\"@type\":\"SearchAction\",\"target\":{\"@type\":\"EntryPoint\",\"urlTemplate\":\"https:\/\/fashiongold.lt\/pl\/?s={search_term_string}\"},\"query-input\":{\"@type\":\"PropertyValueSpecification\",\"valueRequired\":true,\"valueName\":\"search_term_string\"}}],\"inLanguage\":\"pl-PL\"},{\"@type\":\"Organization\",\"@id\":\"https:\/\/fashiongold.lt\/pl\/#organization\",\"name\":\"Topdiamonds Online\",\"url\":\"https:\/\/fashiongold.lt\/pl\/\",\"logo\":{\"@type\":\"ImageObject\",\"inLanguage\":\"pl-PL\",\"@id\":\"https:\/\/fashiongold.lt\/pl\/#\/schema\/logo\/image\/\",\"url\":\"https:\/\/fashiongold.lt\/wp-content\/uploads\/2025\/04\/cropped-fashion_gold_logotipas2-scaled-1.png\",\"contentUrl\":\"https:\/\/fashiongold.lt\/wp-content\/uploads\/2025\/04\/cropped-fashion_gold_logotipas2-scaled-1.png\",\"width\":2559,\"height\":421,\"caption\":\"Topdiamonds Online\"},\"image\":{\"@id\":\"https:\/\/fashiongold.lt\/pl\/#\/schema\/logo\/image\/\"}}]}<\/script>\n<!-- \/ Yoast SEO plugin. -->","yoast_head_json":{"title":"Pier\u015bcionek z diamentem 1 ct, kolor G, czysto\u015b\u0107 Si1 | FashionGold.lt","description":"Klasyczny pier\u015bcionek zar\u0119czynowy z diamentem 1,00 ct, kolor G. Wysoka jako\u015b\u0107, r\u0119czne wykonanie, wyj\u0105tkowy design \u2013 ponadczasowa klasyka, kt\u00f3ra idealnie pasuje do Twojej wybranki.","robots":{"index":"index","follow":"follow","max-snippet":"max-snippet:-1","max-image-preview":"max-image-preview:large","max-video-preview":"max-video-preview:-1"},"canonical":"https:\/\/fashiongold.lt\/pl\/papuosalas\/pierscionek-z-diamentem-1-ct-kolor-g-czystosc-si1\/","og_locale":"pl_PL","og_type":"article","og_title":"Pier\u015bcionek z diamentem 1 ct, kolor G, czysto\u015b\u0107 Si1 | FashionGold.lt","og_description":"Klasyczny pier\u015bcionek zar\u0119czynowy z diamentem 1,00 ct, kolor G. Wysoka jako\u015b\u0107, r\u0119czne wykonanie, wyj\u0105tkowy design \u2013 ponadczasowa klasyka, kt\u00f3ra idealnie pasuje do Twojej wybranki.","og_url":"https:\/\/fashiongold.lt\/pl\/papuosalas\/pierscionek-z-diamentem-1-ct-kolor-g-czystosc-si1\/","og_site_name":"FashionGold.lt","og_image":[{"width":2560,"height":2552,"url":"https:\/\/fashiongold.lt\/wp-content\/uploads\/2025\/10\/2181-ab6-Ziedas-su-1-ct-briliantu-spalva-G-scaled-1.webp","type":"image\/jpeg"}],"twitter_card":"summary_large_image","twitter_misc":{"Szacowany czas czytania":"1 minuta"},"schema":{"@context":"https:\/\/schema.org","@graph":[{"@type":"WebPage","@id":"https:\/\/fashiongold.lt\/pl\/papuosalas\/pierscionek-z-diamentem-1-ct-kolor-g-czystosc-si1\/","url":"https:\/\/fashiongold.lt\/pl\/papuosalas\/pierscionek-z-diamentem-1-ct-kolor-g-czystosc-si1\/","name":"Pier\u015bcionek z diamentem 1 ct, kolor G, czysto\u015b\u0107 Si1 | FashionGold.lt","isPartOf":{"@id":"https:\/\/fashiongold.lt\/pl\/#website"},"primaryImageOfPage":{"@id":"https:\/\/fashiongold.lt\/pl\/papuosalas\/pierscionek-z-diamentem-1-ct-kolor-g-czystosc-si1\/#primaryimage"},"image":{"@id":"https:\/\/fashiongold.lt\/pl\/papuosalas\/pierscionek-z-diamentem-1-ct-kolor-g-czystosc-si1\/#primaryimage"},"thumbnailUrl":"https:\/\/fashiongold.lt\/wp-content\/uploads\/2025\/10\/2181-ab6-Ziedas-su-1-ct-briliantu-spalva-G-scaled-1.jpg","datePublished":"2025-10-09T19:22:51+00:00","description":"Klasyczny pier\u015bcionek zar\u0119czynowy z diamentem 1,00 ct, kolor G. Wysoka jako\u015b\u0107, r\u0119czne wykonanie, wyj\u0105tkowy design \u2013 ponadczasowa klasyka, kt\u00f3ra idealnie pasuje do Twojej wybranki.","breadcrumb":{"@id":"https:\/\/fashiongold.lt\/pl\/papuosalas\/pierscionek-z-diamentem-1-ct-kolor-g-czystosc-si1\/#breadcrumb"},"inLanguage":"pl-PL","potentialAction":[{"@type":"ReadAction","target":["https:\/\/fashiongold.lt\/pl\/papuosalas\/pierscionek-z-diamentem-1-ct-kolor-g-czystosc-si1\/"]}]},{"@type":"ImageObject","inLanguage":"pl-PL","@id":"https:\/\/fashiongold.lt\/pl\/papuosalas\/pierscionek-z-diamentem-1-ct-kolor-g-czystosc-si1\/#primaryimage","url":"https:\/\/fashiongold.lt\/wp-content\/uploads\/2025\/10\/2181-ab6-Ziedas-su-1-ct-briliantu-spalva-G-scaled-1.jpg","contentUrl":"https:\/\/fashiongold.lt\/wp-content\/uploads\/2025\/10\/2181-ab6-Ziedas-su-1-ct-briliantu-spalva-G-scaled-1.jpg","width":2560,"height":2552},{"@type":"BreadcrumbList","@id":"https:\/\/fashiongold.lt\/pl\/papuosalas\/pierscionek-z-diamentem-1-ct-kolor-g-czystosc-si1\/#breadcrumb","itemListElement":[{"@type":"ListItem","position":1,"name":"Home","item":"https:\/\/fashiongold.lt\/pl\/"},{"@type":"ListItem","position":2,"name":"Sklep z diamentami Fashiongold.lt","item":"https:\/\/fashiongold.lt\/shop-2\/"},{"@type":"ListItem","position":3,"name":"Pier\u015bcionek z diamentem 1 ct (kolor G, czysto\u015b\u0107 Si1)"}]},{"@type":"WebSite","@id":"https:\/\/fashiongold.lt\/pl\/#website","url":"https:\/\/fashiongold.lt\/pl\/","name":"Fashion Gold","description":"Juvelyrikos namai","publisher":{"@id":"https:\/\/fashiongold.lt\/pl\/#organization"},"potentialAction":[{"@type":"SearchAction","target":{"@type":"EntryPoint","urlTemplate":"https:\/\/fashiongold.lt\/pl\/?s={search_term_string}"},"query-input":{"@type":"PropertyValueSpecification","valueRequired":true,"valueName":"search_term_string"}}],"inLanguage":"pl-PL"},{"@type":"Organization","@id":"https:\/\/fashiongold.lt\/pl\/#organization","name":"Topdiamonds Online","url":"https:\/\/fashiongold.lt\/pl\/","logo":{"@type":"ImageObject","inLanguage":"pl-PL","@id":"https:\/\/fashiongold.lt\/pl\/#\/schema\/logo\/image\/","url":"https:\/\/fashiongold.lt\/wp-content\/uploads\/2025\/04\/cropped-fashion_gold_logotipas2-scaled-1.png","contentUrl":"https:\/\/fashiongold.lt\/wp-content\/uploads\/2025\/04\/cropped-fashion_gold_logotipas2-scaled-1.png","width":2559,"height":421,"caption":"Topdiamonds Online"},"image":{"@id":"https:\/\/fashiongold.lt\/pl\/#\/schema\/logo\/image\/"}}]}},"_links":{"self":[{"href":"https:\/\/fashiongold.lt\/pl\/wp-json\/wp\/v2\/product\/287535","targetHints":{"allow":["GET"]}}],"collection":[{"href":"https:\/\/fashiongold.lt\/pl\/wp-json\/wp\/v2\/product"}],"about":[{"href":"https:\/\/fashiongold.lt\/pl\/wp-json\/wp\/v2\/types\/product"}],"version-history":[{"count":0,"href":"https:\/\/fashiongold.lt\/pl\/wp-json\/wp\/v2\/product\/287535\/revisions"}],"wp:featuredmedia":[{"embeddable":true,"href":"https:\/\/fashiongold.lt\/pl\/wp-json\/wp\/v2\/media\/60418"}],"wp:attachment":[{"href":"https:\/\/fashiongold.lt\/pl\/wp-json\/wp\/v2\/media?parent=287535"}],"wp:term":[{"taxonomy":"product_brand","embeddable":true,"href":"https:\/\/fashiongold.lt\/pl\/wp-json\/wp\/v2\/product_brand?post=287535"},{"taxonomy":"product_cat","embeddable":true,"href":"https:\/\/fashiongold.lt\/pl\/wp-json\/wp\/v2\/product_cat?post=287535"},{"taxonomy":"product_tag","embeddable":true,"href":"https:\/\/fashiongold.lt\/pl\/wp-json\/wp\/v2\/product_tag?post=287535"}],"curies":[{"name":"wp","href":"https:\/\/api.w.org\/{rel}","templated":true}]}}