{"id":287680,"date":"2025-10-09T19:13:55","date_gmt":"2025-10-09T19:13:55","guid":{"rendered":"https:\/\/fashiongold.lt\/papuosalas\/pierscionek-zareczynowy-diamentowa-gwiazda\/"},"modified":"2025-10-09T19:13:55","modified_gmt":"2025-10-09T19:13:55","slug":"pierscionek-zareczynowy-diamentowa-gwiazda","status":"publish","type":"product","link":"https:\/\/fashiongold.lt\/pl\/papuosalas\/pierscionek-zareczynowy-diamentowa-gwiazda\/","title":{"rendered":"Pier\u015bcionek zar\u0119czynowy \u201eDiamentowa gwiazda\u201d"},"content":{"rendered":"<p><span>Pier\u015bcionek zar\u0119czynowy stworzony przez mistrz\u00f3w jubilerstwa \u201eFashion Gold\u201d cechuje si\u0119 niezwykle wysok\u0105 jako\u015bci\u0105, posiada certyfikat Litewskiej Izby Probierczej i jest dost\u0119pny w bardzo atrakcyjnej cenie. To bi\u017cuteria, kt\u00f3r\u0105 mo\u017cna przekazywa\u0107 z pokolenia na pokolenie jako pami\u0105tk\u0119 rodzinn\u0105, poniewa\u017c ani z\u0142oto, ani prawdziwe diamenty nigdy nie trac\u0105 na warto\u015bci. Ten z\u0142oty pier\u015bcionek mo\u017cna zam\u00f3wi\u0107 zar\u00f3wno w salonie, jak i online.<\/span><\/p>\n<p>Kolor z\u0142ota &#8211; bia\u0142y<\/p>\n<p>Masa brylant\u00f3w &#8211; 1,00 ct, barwa G, czysto\u015b\u0107 SI1<\/p>\n<p>Certyfikat GIA<\/p>\n<p>Szlif G, Ex, EX, fluorescencja None.<\/p>\n<p>Mo\u017cna go obejrze\u0107 w domu jubilerskim \u201eFashion Gold\u201d przy ul. Pam\u0117nkalnio 5 w Wilnie<\/p>\n<p><span>Po zam\u00f3wieniu bi\u017cuteri\u0119 wykonamy w ci\u0105gu 14 dni roboczych. Mo\u017cliwy bezp\u0142atny grawer. Pier\u015bcionek otrzymuje certyfikat Litewskiej Izby Probierczej.<\/span><\/p>\n<p><span>Pier\u015bcionki zar\u0119czynowe to jedna z dziedzin dzia\u0142alno\u015bci \u201eFashion Gold\u201d. W salonie znajd\u0105 Pa\u0144stwo r\u00f3wnie\u017c obr\u0105czki \u015blubne, bi\u017cuteri\u0119 dla kobiet, m\u0119\u017cczyzn i dzieci na r\u00f3\u017cne okazje, monety oraz sztabki z\u0142ota.<\/span><\/p>\n<p><span>OFERUJEMY PIER\u015aCIONKI ZAR\u0118CZYNOWE I INN\u0104 BI\u017bUTERI\u0118 NA ZAM\u00d3WIENIE ORAZ WED\u0141UG INDYWIDUALNYCH \u017bYCZE\u0143. ZAPRASZAMY DO KONTAKTU info@fashiongold.lt<\/span><\/p><\/p>\n","protected":false},"excerpt":{"rendered":"<p><span>Pier\u015bcionek zar\u0119czynowy z bia\u0142ego z\u0142ota z prawdziwym diamentem o wielko\u015bci jednego karata \u2013 o\u015bwiadcz si\u0119 swojej ukochanej, a ta bi\u017cuteria przez ca\u0142e \u017cycie b\u0119dzie przypomina\u0107 o tej wyj\u0105tkowej chwili.<\/span><\/p>\n","protected":false},"featured_media":59670,"template":"","meta":{"site-sidebar-layout":"","site-content-layout":"","ast-site-content-layout":"","site-content-style":"","site-sidebar-style":"","ast-global-header-display":"","ast-banner-title-visibility":"","ast-main-header-display":"","ast-hfb-above-header-display":"","ast-hfb-below-header-display":"","ast-hfb-mobile-header-display":"","site-post-title":"","ast-breadcrumbs-content":"","ast-featured-img":"","footer-sml-layout":"","ast-disable-related-posts":"","theme-transparent-header-meta":"","adv-header-id-meta":"","stick-header-meta":"","header-above-stick-meta":"","header-main-stick-meta":"","header-below-stick-meta":"","astra-migrate-meta-layouts":"default","ast-page-background-enabled":"default","ast-page-background-meta":{"desktop":{"background-color":"var(--ast-global-color-4)","background-image":"","background-repeat":"repeat","background-position":"center center","background-size":"auto","background-attachment":"scroll","background-type":"","background-media":"","overlay-type":"","overlay-color":"","overlay-opacity":"","overlay-gradient":""},"tablet":{"background-color":"","background-image":"","background-repeat":"repeat","background-position":"center center","background-size":"auto","background-attachment":"scroll","background-type":"","background-media":"","overlay-type":"","overlay-color":"","overlay-opacity":"","overlay-gradient":""},"mobile":{"background-color":"","background-image":"","background-repeat":"repeat","background-position":"center center","background-size":"auto","background-attachment":"scroll","background-type":"","background-media":"","overlay-type":"","overlay-color":"","overlay-opacity":"","overlay-gradient":""}},"ast-content-background-meta":{"desktop":{"background-color":"var(--ast-global-color-5)","background-image":"","background-repeat":"repeat","background-position":"center center","background-size":"auto","background-attachment":"scroll","background-type":"","background-media":"","overlay-type":"","overlay-color":"","overlay-opacity":"","overlay-gradient":""},"tablet":{"background-color":"var(--ast-global-color-5)","background-image":"","background-repeat":"repeat","background-position":"center center","background-size":"auto","background-attachment":"scroll","background-type":"","background-media":"","overlay-type":"","overlay-color":"","overlay-opacity":"","overlay-gradient":""},"mobile":{"background-color":"var(--ast-global-color-5)","background-image":"","background-repeat":"repeat","background-position":"center center","background-size":"auto","background-attachment":"scroll","background-type":"","background-media":"","overlay-type":"","overlay-color":"","overlay-opacity":"","overlay-gradient":""}}},"product_brand":[],"product_cat":[3044,2858,3238,3237,3232,3760,3233,2853,2875,2876,2860,2857,2854,2855,3169,2859,2852],"product_tag":[],"class_list":{"0":"post-287680","1":"product","2":"type-product","3":"status-publish","4":"has-post-thumbnail","6":"product_cat-bizuteria","7":"product_cat-bizuteria-z-bialego-zlota","8":"product_cat-klasyczne-pierscionki-zareczynowe","9":"product_cat-pierscionki-z-diamentami","10":"product_cat-pierscionki-zareczynowe","11":"product_cat-pierscionki-zareczynowe-z-1-karatowym-diamentem","12":"product_cat-pierscionki-zareczynowe-z-bialego-zlota","13":"product_cat-prezenty-dla-kobiet","14":"product_cat-prezenty-na-dzien-matki","15":"product_cat-prezenty-na-walentynki","16":"product_cat-prezenty-na-wyjatkowe-okazje","17":"product_cat-prezenty-swiateczne","18":"product_cat-prezenty-z-okazji-narodzin-dziecka","19":"product_cat-prezenty-z-okazji-rocznicy-slubu","20":"product_cat-prezenty-z-okazji-slubu","21":"product_cat-prezenty-z-okazji-ukonczenia-szkoly","22":"product_cat-prezenty-z-okazji-urodzin","23":"desktop-align-center","24":"tablet-align-left","25":"mobile-align-left","26":"ast-product-gallery-layout-horizontal-slider","27":"ast-product-gallery-with-no-image","28":"ast-product-single-variable","29":"ast-product-tabs-layout-accordion","30":"ast-qv-on-image","32":"first","33":"instock","34":"taxable","35":"shipping-taxable","36":"purchasable","37":"product-type-variable"},"yoast_head":"<!-- This site is optimized with the Yoast SEO plugin v26.6 - https:\/\/yoast.com\/wordpress\/plugins\/seo\/ -->\n<title>Pier\u015bcionek zar\u0119czynowy z diamentem - Diamentowa gwiazda<\/title>\n<meta name=\"description\" content=\"Z\u0142oty pier\u015bcionek zar\u0119czynowy z prawdziwym diamentem o wielko\u015bci jednego karata \u2013 o\u015bwiadcz si\u0119 swojej ukochanej, a ta bi\u017cuteria przez ca\u0142e \u017cycie b\u0119dzie przypomina\u0107 o tej wyj\u0105tkowej chwili.\" \/>\n<meta name=\"robots\" content=\"index, follow, max-snippet:-1, max-image-preview:large, max-video-preview:-1\" \/>\n<link rel=\"canonical\" href=\"https:\/\/fashiongold.lt\/pl\/papuosalas\/pierscionek-zareczynowy-diamentowa-gwiazda\/\" \/>\n<meta property=\"og:locale\" content=\"pl_PL\" \/>\n<meta property=\"og:type\" content=\"article\" \/>\n<meta property=\"og:title\" content=\"Pier\u015bcionek zar\u0119czynowy z diamentem - Diamentowa gwiazda\" \/>\n<meta property=\"og:description\" content=\"Z\u0142oty pier\u015bcionek zar\u0119czynowy z prawdziwym diamentem o wielko\u015bci jednego karata \u2013 o\u015bwiadcz si\u0119 swojej ukochanej, a ta bi\u017cuteria przez ca\u0142e \u017cycie b\u0119dzie przypomina\u0107 o tej wyj\u0105tkowej chwili.\" \/>\n<meta property=\"og:url\" content=\"https:\/\/fashiongold.lt\/pl\/papuosalas\/pierscionek-zareczynowy-diamentowa-gwiazda\/\" \/>\n<meta property=\"og:site_name\" content=\"FashionGold.lt\" \/>\n<meta property=\"og:image\" content=\"https:\/\/fashiongold.lt\/wp-content\/uploads\/2025\/10\/2109-629-Suzadetuviu-ziedas-Deimantine-zvaigzde.webp\" \/>\n\t<meta property=\"og:image:width\" content=\"961\" \/>\n\t<meta property=\"og:image:height\" content=\"914\" \/>\n\t<meta property=\"og:image:type\" content=\"image\/jpeg\" \/>\n<meta name=\"twitter:card\" content=\"summary_large_image\" \/>\n<meta name=\"twitter:label1\" content=\"Szacowany czas czytania\" \/>\n\t<meta name=\"twitter:data1\" content=\"1 minuta\" \/>\n<script type=\"application\/ld+json\" class=\"yoast-schema-graph\">{\"@context\":\"https:\/\/schema.org\",\"@graph\":[{\"@type\":\"WebPage\",\"@id\":\"https:\/\/fashiongold.lt\/pl\/papuosalas\/pierscionek-zareczynowy-diamentowa-gwiazda\/\",\"url\":\"https:\/\/fashiongold.lt\/pl\/papuosalas\/pierscionek-zareczynowy-diamentowa-gwiazda\/\",\"name\":\"Pier\u015bcionek zar\u0119czynowy z diamentem - Diamentowa gwiazda\",\"isPartOf\":{\"@id\":\"https:\/\/fashiongold.lt\/pl\/#website\"},\"primaryImageOfPage\":{\"@id\":\"https:\/\/fashiongold.lt\/pl\/papuosalas\/pierscionek-zareczynowy-diamentowa-gwiazda\/#primaryimage\"},\"image\":{\"@id\":\"https:\/\/fashiongold.lt\/pl\/papuosalas\/pierscionek-zareczynowy-diamentowa-gwiazda\/#primaryimage\"},\"thumbnailUrl\":\"https:\/\/fashiongold.lt\/wp-content\/uploads\/2025\/10\/2109-629-Suzadetuviu-ziedas-Deimantine-zvaigzde.jpg\",\"datePublished\":\"2025-10-09T19:13:55+00:00\",\"description\":\"Z\u0142oty pier\u015bcionek zar\u0119czynowy z prawdziwym diamentem o wielko\u015bci jednego karata \u2013 o\u015bwiadcz si\u0119 swojej ukochanej, a ta bi\u017cuteria przez ca\u0142e \u017cycie b\u0119dzie przypomina\u0107 o tej wyj\u0105tkowej chwili.\",\"breadcrumb\":{\"@id\":\"https:\/\/fashiongold.lt\/pl\/papuosalas\/pierscionek-zareczynowy-diamentowa-gwiazda\/#breadcrumb\"},\"inLanguage\":\"pl-PL\",\"potentialAction\":[{\"@type\":\"ReadAction\",\"target\":[\"https:\/\/fashiongold.lt\/pl\/papuosalas\/pierscionek-zareczynowy-diamentowa-gwiazda\/\"]}]},{\"@type\":\"ImageObject\",\"inLanguage\":\"pl-PL\",\"@id\":\"https:\/\/fashiongold.lt\/pl\/papuosalas\/pierscionek-zareczynowy-diamentowa-gwiazda\/#primaryimage\",\"url\":\"https:\/\/fashiongold.lt\/wp-content\/uploads\/2025\/10\/2109-629-Suzadetuviu-ziedas-Deimantine-zvaigzde.jpg\",\"contentUrl\":\"https:\/\/fashiongold.lt\/wp-content\/uploads\/2025\/10\/2109-629-Suzadetuviu-ziedas-Deimantine-zvaigzde.jpg\",\"width\":961,\"height\":914},{\"@type\":\"BreadcrumbList\",\"@id\":\"https:\/\/fashiongold.lt\/pl\/papuosalas\/pierscionek-zareczynowy-diamentowa-gwiazda\/#breadcrumb\",\"itemListElement\":[{\"@type\":\"ListItem\",\"position\":1,\"name\":\"Home\",\"item\":\"https:\/\/fashiongold.lt\/pl\/\"},{\"@type\":\"ListItem\",\"position\":2,\"name\":\"Sklep z diamentami Fashiongold.lt\",\"item\":\"https:\/\/fashiongold.lt\/shop-2\/\"},{\"@type\":\"ListItem\",\"position\":3,\"name\":\"Pier\u015bcionek zar\u0119czynowy \u201eDiamentowa gwiazda\u201d\"}]},{\"@type\":\"WebSite\",\"@id\":\"https:\/\/fashiongold.lt\/pl\/#website\",\"url\":\"https:\/\/fashiongold.lt\/pl\/\",\"name\":\"Fashion Gold\",\"description\":\"Juvelyrikos namai\",\"publisher\":{\"@id\":\"https:\/\/fashiongold.lt\/pl\/#organization\"},\"potentialAction\":[{\"@type\":\"SearchAction\",\"target\":{\"@type\":\"EntryPoint\",\"urlTemplate\":\"https:\/\/fashiongold.lt\/pl\/?s={search_term_string}\"},\"query-input\":{\"@type\":\"PropertyValueSpecification\",\"valueRequired\":true,\"valueName\":\"search_term_string\"}}],\"inLanguage\":\"pl-PL\"},{\"@type\":\"Organization\",\"@id\":\"https:\/\/fashiongold.lt\/pl\/#organization\",\"name\":\"Topdiamonds Online\",\"url\":\"https:\/\/fashiongold.lt\/pl\/\",\"logo\":{\"@type\":\"ImageObject\",\"inLanguage\":\"pl-PL\",\"@id\":\"https:\/\/fashiongold.lt\/pl\/#\/schema\/logo\/image\/\",\"url\":\"https:\/\/fashiongold.lt\/wp-content\/uploads\/2025\/04\/cropped-fashion_gold_logotipas2-scaled-1.png\",\"contentUrl\":\"https:\/\/fashiongold.lt\/wp-content\/uploads\/2025\/04\/cropped-fashion_gold_logotipas2-scaled-1.png\",\"width\":2559,\"height\":421,\"caption\":\"Topdiamonds Online\"},\"image\":{\"@id\":\"https:\/\/fashiongold.lt\/pl\/#\/schema\/logo\/image\/\"}}]}<\/script>\n<!-- \/ Yoast SEO plugin. -->","yoast_head_json":{"title":"Pier\u015bcionek zar\u0119czynowy z diamentem - Diamentowa gwiazda","description":"Z\u0142oty pier\u015bcionek zar\u0119czynowy z prawdziwym diamentem o wielko\u015bci jednego karata \u2013 o\u015bwiadcz si\u0119 swojej ukochanej, a ta bi\u017cuteria przez ca\u0142e \u017cycie b\u0119dzie przypomina\u0107 o tej wyj\u0105tkowej chwili.","robots":{"index":"index","follow":"follow","max-snippet":"max-snippet:-1","max-image-preview":"max-image-preview:large","max-video-preview":"max-video-preview:-1"},"canonical":"https:\/\/fashiongold.lt\/pl\/papuosalas\/pierscionek-zareczynowy-diamentowa-gwiazda\/","og_locale":"pl_PL","og_type":"article","og_title":"Pier\u015bcionek zar\u0119czynowy z diamentem - Diamentowa gwiazda","og_description":"Z\u0142oty pier\u015bcionek zar\u0119czynowy z prawdziwym diamentem o wielko\u015bci jednego karata \u2013 o\u015bwiadcz si\u0119 swojej ukochanej, a ta bi\u017cuteria przez ca\u0142e \u017cycie b\u0119dzie przypomina\u0107 o tej wyj\u0105tkowej chwili.","og_url":"https:\/\/fashiongold.lt\/pl\/papuosalas\/pierscionek-zareczynowy-diamentowa-gwiazda\/","og_site_name":"FashionGold.lt","og_image":[{"width":961,"height":914,"url":"https:\/\/fashiongold.lt\/wp-content\/uploads\/2025\/10\/2109-629-Suzadetuviu-ziedas-Deimantine-zvaigzde.webp","type":"image\/jpeg"}],"twitter_card":"summary_large_image","twitter_misc":{"Szacowany czas czytania":"1 minuta"},"schema":{"@context":"https:\/\/schema.org","@graph":[{"@type":"WebPage","@id":"https:\/\/fashiongold.lt\/pl\/papuosalas\/pierscionek-zareczynowy-diamentowa-gwiazda\/","url":"https:\/\/fashiongold.lt\/pl\/papuosalas\/pierscionek-zareczynowy-diamentowa-gwiazda\/","name":"Pier\u015bcionek zar\u0119czynowy z diamentem - Diamentowa gwiazda","isPartOf":{"@id":"https:\/\/fashiongold.lt\/pl\/#website"},"primaryImageOfPage":{"@id":"https:\/\/fashiongold.lt\/pl\/papuosalas\/pierscionek-zareczynowy-diamentowa-gwiazda\/#primaryimage"},"image":{"@id":"https:\/\/fashiongold.lt\/pl\/papuosalas\/pierscionek-zareczynowy-diamentowa-gwiazda\/#primaryimage"},"thumbnailUrl":"https:\/\/fashiongold.lt\/wp-content\/uploads\/2025\/10\/2109-629-Suzadetuviu-ziedas-Deimantine-zvaigzde.jpg","datePublished":"2025-10-09T19:13:55+00:00","description":"Z\u0142oty pier\u015bcionek zar\u0119czynowy z prawdziwym diamentem o wielko\u015bci jednego karata \u2013 o\u015bwiadcz si\u0119 swojej ukochanej, a ta bi\u017cuteria przez ca\u0142e \u017cycie b\u0119dzie przypomina\u0107 o tej wyj\u0105tkowej chwili.","breadcrumb":{"@id":"https:\/\/fashiongold.lt\/pl\/papuosalas\/pierscionek-zareczynowy-diamentowa-gwiazda\/#breadcrumb"},"inLanguage":"pl-PL","potentialAction":[{"@type":"ReadAction","target":["https:\/\/fashiongold.lt\/pl\/papuosalas\/pierscionek-zareczynowy-diamentowa-gwiazda\/"]}]},{"@type":"ImageObject","inLanguage":"pl-PL","@id":"https:\/\/fashiongold.lt\/pl\/papuosalas\/pierscionek-zareczynowy-diamentowa-gwiazda\/#primaryimage","url":"https:\/\/fashiongold.lt\/wp-content\/uploads\/2025\/10\/2109-629-Suzadetuviu-ziedas-Deimantine-zvaigzde.jpg","contentUrl":"https:\/\/fashiongold.lt\/wp-content\/uploads\/2025\/10\/2109-629-Suzadetuviu-ziedas-Deimantine-zvaigzde.jpg","width":961,"height":914},{"@type":"BreadcrumbList","@id":"https:\/\/fashiongold.lt\/pl\/papuosalas\/pierscionek-zareczynowy-diamentowa-gwiazda\/#breadcrumb","itemListElement":[{"@type":"ListItem","position":1,"name":"Home","item":"https:\/\/fashiongold.lt\/pl\/"},{"@type":"ListItem","position":2,"name":"Sklep z diamentami Fashiongold.lt","item":"https:\/\/fashiongold.lt\/shop-2\/"},{"@type":"ListItem","position":3,"name":"Pier\u015bcionek zar\u0119czynowy \u201eDiamentowa gwiazda\u201d"}]},{"@type":"WebSite","@id":"https:\/\/fashiongold.lt\/pl\/#website","url":"https:\/\/fashiongold.lt\/pl\/","name":"Fashion Gold","description":"Juvelyrikos namai","publisher":{"@id":"https:\/\/fashiongold.lt\/pl\/#organization"},"potentialAction":[{"@type":"SearchAction","target":{"@type":"EntryPoint","urlTemplate":"https:\/\/fashiongold.lt\/pl\/?s={search_term_string}"},"query-input":{"@type":"PropertyValueSpecification","valueRequired":true,"valueName":"search_term_string"}}],"inLanguage":"pl-PL"},{"@type":"Organization","@id":"https:\/\/fashiongold.lt\/pl\/#organization","name":"Topdiamonds Online","url":"https:\/\/fashiongold.lt\/pl\/","logo":{"@type":"ImageObject","inLanguage":"pl-PL","@id":"https:\/\/fashiongold.lt\/pl\/#\/schema\/logo\/image\/","url":"https:\/\/fashiongold.lt\/wp-content\/uploads\/2025\/04\/cropped-fashion_gold_logotipas2-scaled-1.png","contentUrl":"https:\/\/fashiongold.lt\/wp-content\/uploads\/2025\/04\/cropped-fashion_gold_logotipas2-scaled-1.png","width":2559,"height":421,"caption":"Topdiamonds Online"},"image":{"@id":"https:\/\/fashiongold.lt\/pl\/#\/schema\/logo\/image\/"}}]}},"_links":{"self":[{"href":"https:\/\/fashiongold.lt\/pl\/wp-json\/wp\/v2\/product\/287680","targetHints":{"allow":["GET"]}}],"collection":[{"href":"https:\/\/fashiongold.lt\/pl\/wp-json\/wp\/v2\/product"}],"about":[{"href":"https:\/\/fashiongold.lt\/pl\/wp-json\/wp\/v2\/types\/product"}],"version-history":[{"count":0,"href":"https:\/\/fashiongold.lt\/pl\/wp-json\/wp\/v2\/product\/287680\/revisions"}],"wp:featuredmedia":[{"embeddable":true,"href":"https:\/\/fashiongold.lt\/pl\/wp-json\/wp\/v2\/media\/59670"}],"wp:attachment":[{"href":"https:\/\/fashiongold.lt\/pl\/wp-json\/wp\/v2\/media?parent=287680"}],"wp:term":[{"taxonomy":"product_brand","embeddable":true,"href":"https:\/\/fashiongold.lt\/pl\/wp-json\/wp\/v2\/product_brand?post=287680"},{"taxonomy":"product_cat","embeddable":true,"href":"https:\/\/fashiongold.lt\/pl\/wp-json\/wp\/v2\/product_cat?post=287680"},{"taxonomy":"product_tag","embeddable":true,"href":"https:\/\/fashiongold.lt\/pl\/wp-json\/wp\/v2\/product_tag?post=287680"}],"curies":[{"name":"wp","href":"https:\/\/api.w.org\/{rel}","templated":true}]}}