{"id":287790,"date":"2025-10-09T19:12:17","date_gmt":"2025-10-09T19:12:17","guid":{"rendered":"https:\/\/fashiongold.lt\/papuosalas\/indywidualne-zamowienie-obraczek-slubnych-justas-i-zivile-100-ct-cena-podana-za-cztery-obraczki\/"},"modified":"2025-10-09T19:12:17","modified_gmt":"2025-10-09T19:12:17","slug":"indywidualne-zamowienie-obraczek-slubnych-justas-i-zivile-100-ct-cena-podana-za-cztery-obraczki","status":"publish","type":"product","link":"https:\/\/fashiongold.lt\/pl\/papuosalas\/indywidualne-zamowienie-obraczek-slubnych-justas-i-zivile-100-ct-cena-podana-za-cztery-obraczki\/","title":{"rendered":"INDYWIDUALNE ZAM\u00d3WIENIE OBR\u0104CZEK \u015aLUBNYCH \u2013 JUSTAS I \u017dIVIL\u0116 (1,00 ct) (CENA PODANA ZA CZTERY OBR\u0104CZKI)"},"content":{"rendered":"<p>Zestaw pier\u015bcionk\u00f3w dla kobiet pozwala cieszy\u0107 si\u0119 luksusow\u0105 bi\u017cuteri\u0105 na ka\u017cd\u0105 okazj\u0119: do klubu sportowego, do sukni wieczorowej, na co dzie\u0144 do pracy itp. W sk\u0142ad zestawu wchodz\u0105 subtelne, minimalistyczne z\u0142ote pier\u015bcionki, tchn\u0105ca luksusem diamentowa obr\u0105czka oraz szeroki, masywny pier\u015bcionek. Czas wykonania wynosi 14 dni roboczych, istnieje mo\u017cliwo\u015b\u0107 realizacji w trybie pilnym w ci\u0105gu 3 dni roboczych.\u00a0<\/p>\n","protected":false},"excerpt":{"rendered":"<p>Zestaw pier\u015bcionk\u00f3w dla kobiet pozwala mie\u0107 luksusowy pier\u015bcionek na ka\u017cd\u0105 okazj\u0119: na si\u0142owni\u0119, do sukni wieczorowej, na co dzie\u0144 do pracy i nie tylko. W sk\u0142ad zestawu wchodz\u0105 subtelne, minimalistyczne z\u0142ote pier\u015bcionki, tchn\u0105ca luksusem diamentowa obr\u0105czka oraz szeroki, masywny pier\u015bcionek.\u00a0<\/p>\n","protected":false},"featured_media":59324,"template":"","meta":{"site-sidebar-layout":"","site-content-layout":"","ast-site-content-layout":"","site-content-style":"","site-sidebar-style":"","ast-global-header-display":"","ast-banner-title-visibility":"","ast-main-header-display":"","ast-hfb-above-header-display":"","ast-hfb-below-header-display":"","ast-hfb-mobile-header-display":"","site-post-title":"","ast-breadcrumbs-content":"","ast-featured-img":"","footer-sml-layout":"","ast-disable-related-posts":"","theme-transparent-header-meta":"","adv-header-id-meta":"","stick-header-meta":"","header-above-stick-meta":"","header-main-stick-meta":"","header-below-stick-meta":"","astra-migrate-meta-layouts":"default","ast-page-background-enabled":"default","ast-page-background-meta":{"desktop":{"background-color":"var(--ast-global-color-4)","background-image":"","background-repeat":"repeat","background-position":"center center","background-size":"auto","background-attachment":"scroll","background-type":"","background-media":"","overlay-type":"","overlay-color":"","overlay-opacity":"","overlay-gradient":""},"tablet":{"background-color":"","background-image":"","background-repeat":"repeat","background-position":"center center","background-size":"auto","background-attachment":"scroll","background-type":"","background-media":"","overlay-type":"","overlay-color":"","overlay-opacity":"","overlay-gradient":""},"mobile":{"background-color":"","background-image":"","background-repeat":"repeat","background-position":"center center","background-size":"auto","background-attachment":"scroll","background-type":"","background-media":"","overlay-type":"","overlay-color":"","overlay-opacity":"","overlay-gradient":""}},"ast-content-background-meta":{"desktop":{"background-color":"var(--ast-global-color-5)","background-image":"","background-repeat":"repeat","background-position":"center center","background-size":"auto","background-attachment":"scroll","background-type":"","background-media":"","overlay-type":"","overlay-color":"","overlay-opacity":"","overlay-gradient":""},"tablet":{"background-color":"var(--ast-global-color-5)","background-image":"","background-repeat":"repeat","background-position":"center center","background-size":"auto","background-attachment":"scroll","background-type":"","background-media":"","overlay-type":"","overlay-color":"","overlay-opacity":"","overlay-gradient":""},"mobile":{"background-color":"var(--ast-global-color-5)","background-image":"","background-repeat":"repeat","background-position":"center center","background-size":"auto","background-attachment":"scroll","background-type":"","background-media":"","overlay-type":"","overlay-color":"","overlay-opacity":"","overlay-gradient":""}}},"product_brand":[],"product_cat":[3306,3303,3304,3305,4059],"product_tag":[],"class_list":{"0":"post-287790","1":"product","2":"type-product","3":"status-publish","4":"has-post-thumbnail","6":"product_cat-nowoczesne-obraczki-slubne","7":"product_cat-obraczki-slubne","8":"product_cat-obraczki-slubne-dla-par","9":"product_cat-obraczki-slubne-z-diamentami","10":"product_cat-wykonane-prace-obraczki-slubne","11":"desktop-align-center","12":"tablet-align-left","13":"mobile-align-left","14":"ast-product-gallery-layout-horizontal-slider","15":"ast-product-gallery-with-no-image","16":"ast-product-tabs-layout-accordion","17":"ast-qv-on-image","19":"first","20":"instock","21":"taxable","22":"shipping-taxable","23":"purchasable","24":"product-type-simple"},"yoast_head":"<!-- This site is optimized with the Yoast SEO plugin v26.6 - https:\/\/yoast.com\/wordpress\/plugins\/seo\/ -->\n<title>Obr\u0105czki \u015blubne na indywidualne zam\u00f3wienie I FashionGold<\/title>\n<meta name=\"description\" content=\"Produkcja klasycznych, nowoczesnych, wyj\u0105tkowych obr\u0105czek \u015blubnych. R\u0119czne wykonanie. Najwy\u017csza jako\u015b\u0107. Termin realizacji 14 dni roboczych. Bezp\u0142atne konsultacje.\" \/>\n<meta name=\"robots\" content=\"index, follow, max-snippet:-1, max-image-preview:large, max-video-preview:-1\" \/>\n<link rel=\"canonical\" href=\"https:\/\/fashiongold.lt\/pl\/papuosalas\/indywidualne-zamowienie-obraczek-slubnych-justas-i-zivile-100-ct-cena-podana-za-cztery-obraczki\/\" \/>\n<meta property=\"og:locale\" content=\"pl_PL\" \/>\n<meta property=\"og:type\" content=\"article\" \/>\n<meta property=\"og:title\" content=\"Obr\u0105czki \u015blubne na indywidualne zam\u00f3wienie I FashionGold\" \/>\n<meta property=\"og:description\" content=\"Produkcja klasycznych, nowoczesnych, wyj\u0105tkowych obr\u0105czek \u015blubnych. R\u0119czne wykonanie. Najwy\u017csza jako\u015b\u0107. Termin realizacji 14 dni roboczych. Bezp\u0142atne konsultacje.\" \/>\n<meta property=\"og:url\" content=\"https:\/\/fashiongold.lt\/pl\/papuosalas\/indywidualne-zamowienie-obraczek-slubnych-justas-i-zivile-100-ct-cena-podana-za-cztery-obraczki\/\" \/>\n<meta property=\"og:site_name\" content=\"FashionGold.lt\" \/>\n<meta property=\"og:image\" content=\"https:\/\/fashiongold.lt\/wp-content\/uploads\/2025\/10\/2061-432-JUSTO-IR-ZIVILES-VESTUVINIAI-ZIEDAI.webp\" \/>\n\t<meta property=\"og:image:width\" content=\"2519\" \/>\n\t<meta property=\"og:image:height\" content=\"2519\" \/>\n\t<meta property=\"og:image:type\" content=\"image\/jpeg\" \/>\n<meta name=\"twitter:card\" content=\"summary_large_image\" \/>\n<script type=\"application\/ld+json\" class=\"yoast-schema-graph\">{\"@context\":\"https:\/\/schema.org\",\"@graph\":[{\"@type\":\"WebPage\",\"@id\":\"https:\/\/fashiongold.lt\/pl\/papuosalas\/indywidualne-zamowienie-obraczek-slubnych-justas-i-zivile-100-ct-cena-podana-za-cztery-obraczki\/\",\"url\":\"https:\/\/fashiongold.lt\/pl\/papuosalas\/indywidualne-zamowienie-obraczek-slubnych-justas-i-zivile-100-ct-cena-podana-za-cztery-obraczki\/\",\"name\":\"Obr\u0105czki \u015blubne na indywidualne zam\u00f3wienie I FashionGold\",\"isPartOf\":{\"@id\":\"https:\/\/fashiongold.lt\/pl\/#website\"},\"primaryImageOfPage\":{\"@id\":\"https:\/\/fashiongold.lt\/pl\/papuosalas\/indywidualne-zamowienie-obraczek-slubnych-justas-i-zivile-100-ct-cena-podana-za-cztery-obraczki\/#primaryimage\"},\"image\":{\"@id\":\"https:\/\/fashiongold.lt\/pl\/papuosalas\/indywidualne-zamowienie-obraczek-slubnych-justas-i-zivile-100-ct-cena-podana-za-cztery-obraczki\/#primaryimage\"},\"thumbnailUrl\":\"https:\/\/fashiongold.lt\/wp-content\/uploads\/2025\/10\/2061-432-JUSTO-IR-ZIVILES-VESTUVINIAI-ZIEDAI.jpg\",\"datePublished\":\"2025-10-09T19:12:17+00:00\",\"description\":\"Produkcja klasycznych, nowoczesnych, wyj\u0105tkowych obr\u0105czek \u015blubnych. R\u0119czne wykonanie. Najwy\u017csza jako\u015b\u0107. Termin realizacji 14 dni roboczych. Bezp\u0142atne konsultacje.\",\"breadcrumb\":{\"@id\":\"https:\/\/fashiongold.lt\/pl\/papuosalas\/indywidualne-zamowienie-obraczek-slubnych-justas-i-zivile-100-ct-cena-podana-za-cztery-obraczki\/#breadcrumb\"},\"inLanguage\":\"pl-PL\",\"potentialAction\":[{\"@type\":\"ReadAction\",\"target\":[\"https:\/\/fashiongold.lt\/pl\/papuosalas\/indywidualne-zamowienie-obraczek-slubnych-justas-i-zivile-100-ct-cena-podana-za-cztery-obraczki\/\"]}]},{\"@type\":\"ImageObject\",\"inLanguage\":\"pl-PL\",\"@id\":\"https:\/\/fashiongold.lt\/pl\/papuosalas\/indywidualne-zamowienie-obraczek-slubnych-justas-i-zivile-100-ct-cena-podana-za-cztery-obraczki\/#primaryimage\",\"url\":\"https:\/\/fashiongold.lt\/wp-content\/uploads\/2025\/10\/2061-432-JUSTO-IR-ZIVILES-VESTUVINIAI-ZIEDAI.jpg\",\"contentUrl\":\"https:\/\/fashiongold.lt\/wp-content\/uploads\/2025\/10\/2061-432-JUSTO-IR-ZIVILES-VESTUVINIAI-ZIEDAI.jpg\",\"width\":2519,\"height\":2519},{\"@type\":\"BreadcrumbList\",\"@id\":\"https:\/\/fashiongold.lt\/pl\/papuosalas\/indywidualne-zamowienie-obraczek-slubnych-justas-i-zivile-100-ct-cena-podana-za-cztery-obraczki\/#breadcrumb\",\"itemListElement\":[{\"@type\":\"ListItem\",\"position\":1,\"name\":\"Home\",\"item\":\"https:\/\/fashiongold.lt\/pl\/\"},{\"@type\":\"ListItem\",\"position\":2,\"name\":\"Sklep z diamentami Fashiongold.lt\",\"item\":\"https:\/\/fashiongold.lt\/shop-2\/\"},{\"@type\":\"ListItem\",\"position\":3,\"name\":\"INDYWIDUALNE ZAM\u00d3WIENIE OBR\u0104CZEK \u015aLUBNYCH \u2013 JUSTAS I \u017dIVIL\u0116 (1,00 ct) (CENA PODANA ZA CZTERY OBR\u0104CZKI)\"}]},{\"@type\":\"WebSite\",\"@id\":\"https:\/\/fashiongold.lt\/pl\/#website\",\"url\":\"https:\/\/fashiongold.lt\/pl\/\",\"name\":\"Fashion Gold\",\"description\":\"Juvelyrikos namai\",\"publisher\":{\"@id\":\"https:\/\/fashiongold.lt\/pl\/#organization\"},\"potentialAction\":[{\"@type\":\"SearchAction\",\"target\":{\"@type\":\"EntryPoint\",\"urlTemplate\":\"https:\/\/fashiongold.lt\/pl\/?s={search_term_string}\"},\"query-input\":{\"@type\":\"PropertyValueSpecification\",\"valueRequired\":true,\"valueName\":\"search_term_string\"}}],\"inLanguage\":\"pl-PL\"},{\"@type\":\"Organization\",\"@id\":\"https:\/\/fashiongold.lt\/pl\/#organization\",\"name\":\"Topdiamonds Online\",\"url\":\"https:\/\/fashiongold.lt\/pl\/\",\"logo\":{\"@type\":\"ImageObject\",\"inLanguage\":\"pl-PL\",\"@id\":\"https:\/\/fashiongold.lt\/pl\/#\/schema\/logo\/image\/\",\"url\":\"https:\/\/fashiongold.lt\/wp-content\/uploads\/2025\/04\/cropped-fashion_gold_logotipas2-scaled-1.png\",\"contentUrl\":\"https:\/\/fashiongold.lt\/wp-content\/uploads\/2025\/04\/cropped-fashion_gold_logotipas2-scaled-1.png\",\"width\":2559,\"height\":421,\"caption\":\"Topdiamonds Online\"},\"image\":{\"@id\":\"https:\/\/fashiongold.lt\/pl\/#\/schema\/logo\/image\/\"}}]}<\/script>\n<!-- \/ Yoast SEO plugin. -->","yoast_head_json":{"title":"Obr\u0105czki \u015blubne na indywidualne zam\u00f3wienie I FashionGold","description":"Produkcja klasycznych, nowoczesnych, wyj\u0105tkowych obr\u0105czek \u015blubnych. R\u0119czne wykonanie. Najwy\u017csza jako\u015b\u0107. Termin realizacji 14 dni roboczych. Bezp\u0142atne konsultacje.","robots":{"index":"index","follow":"follow","max-snippet":"max-snippet:-1","max-image-preview":"max-image-preview:large","max-video-preview":"max-video-preview:-1"},"canonical":"https:\/\/fashiongold.lt\/pl\/papuosalas\/indywidualne-zamowienie-obraczek-slubnych-justas-i-zivile-100-ct-cena-podana-za-cztery-obraczki\/","og_locale":"pl_PL","og_type":"article","og_title":"Obr\u0105czki \u015blubne na indywidualne zam\u00f3wienie I FashionGold","og_description":"Produkcja klasycznych, nowoczesnych, wyj\u0105tkowych obr\u0105czek \u015blubnych. R\u0119czne wykonanie. Najwy\u017csza jako\u015b\u0107. Termin realizacji 14 dni roboczych. Bezp\u0142atne konsultacje.","og_url":"https:\/\/fashiongold.lt\/pl\/papuosalas\/indywidualne-zamowienie-obraczek-slubnych-justas-i-zivile-100-ct-cena-podana-za-cztery-obraczki\/","og_site_name":"FashionGold.lt","og_image":[{"width":2519,"height":2519,"url":"https:\/\/fashiongold.lt\/wp-content\/uploads\/2025\/10\/2061-432-JUSTO-IR-ZIVILES-VESTUVINIAI-ZIEDAI.webp","type":"image\/jpeg"}],"twitter_card":"summary_large_image","schema":{"@context":"https:\/\/schema.org","@graph":[{"@type":"WebPage","@id":"https:\/\/fashiongold.lt\/pl\/papuosalas\/indywidualne-zamowienie-obraczek-slubnych-justas-i-zivile-100-ct-cena-podana-za-cztery-obraczki\/","url":"https:\/\/fashiongold.lt\/pl\/papuosalas\/indywidualne-zamowienie-obraczek-slubnych-justas-i-zivile-100-ct-cena-podana-za-cztery-obraczki\/","name":"Obr\u0105czki \u015blubne na indywidualne zam\u00f3wienie I FashionGold","isPartOf":{"@id":"https:\/\/fashiongold.lt\/pl\/#website"},"primaryImageOfPage":{"@id":"https:\/\/fashiongold.lt\/pl\/papuosalas\/indywidualne-zamowienie-obraczek-slubnych-justas-i-zivile-100-ct-cena-podana-za-cztery-obraczki\/#primaryimage"},"image":{"@id":"https:\/\/fashiongold.lt\/pl\/papuosalas\/indywidualne-zamowienie-obraczek-slubnych-justas-i-zivile-100-ct-cena-podana-za-cztery-obraczki\/#primaryimage"},"thumbnailUrl":"https:\/\/fashiongold.lt\/wp-content\/uploads\/2025\/10\/2061-432-JUSTO-IR-ZIVILES-VESTUVINIAI-ZIEDAI.jpg","datePublished":"2025-10-09T19:12:17+00:00","description":"Produkcja klasycznych, nowoczesnych, wyj\u0105tkowych obr\u0105czek \u015blubnych. R\u0119czne wykonanie. Najwy\u017csza jako\u015b\u0107. Termin realizacji 14 dni roboczych. Bezp\u0142atne konsultacje.","breadcrumb":{"@id":"https:\/\/fashiongold.lt\/pl\/papuosalas\/indywidualne-zamowienie-obraczek-slubnych-justas-i-zivile-100-ct-cena-podana-za-cztery-obraczki\/#breadcrumb"},"inLanguage":"pl-PL","potentialAction":[{"@type":"ReadAction","target":["https:\/\/fashiongold.lt\/pl\/papuosalas\/indywidualne-zamowienie-obraczek-slubnych-justas-i-zivile-100-ct-cena-podana-za-cztery-obraczki\/"]}]},{"@type":"ImageObject","inLanguage":"pl-PL","@id":"https:\/\/fashiongold.lt\/pl\/papuosalas\/indywidualne-zamowienie-obraczek-slubnych-justas-i-zivile-100-ct-cena-podana-za-cztery-obraczki\/#primaryimage","url":"https:\/\/fashiongold.lt\/wp-content\/uploads\/2025\/10\/2061-432-JUSTO-IR-ZIVILES-VESTUVINIAI-ZIEDAI.jpg","contentUrl":"https:\/\/fashiongold.lt\/wp-content\/uploads\/2025\/10\/2061-432-JUSTO-IR-ZIVILES-VESTUVINIAI-ZIEDAI.jpg","width":2519,"height":2519},{"@type":"BreadcrumbList","@id":"https:\/\/fashiongold.lt\/pl\/papuosalas\/indywidualne-zamowienie-obraczek-slubnych-justas-i-zivile-100-ct-cena-podana-za-cztery-obraczki\/#breadcrumb","itemListElement":[{"@type":"ListItem","position":1,"name":"Home","item":"https:\/\/fashiongold.lt\/pl\/"},{"@type":"ListItem","position":2,"name":"Sklep z diamentami Fashiongold.lt","item":"https:\/\/fashiongold.lt\/shop-2\/"},{"@type":"ListItem","position":3,"name":"INDYWIDUALNE ZAM\u00d3WIENIE OBR\u0104CZEK \u015aLUBNYCH \u2013 JUSTAS I \u017dIVIL\u0116 (1,00 ct) (CENA PODANA ZA CZTERY OBR\u0104CZKI)"}]},{"@type":"WebSite","@id":"https:\/\/fashiongold.lt\/pl\/#website","url":"https:\/\/fashiongold.lt\/pl\/","name":"Fashion Gold","description":"Juvelyrikos namai","publisher":{"@id":"https:\/\/fashiongold.lt\/pl\/#organization"},"potentialAction":[{"@type":"SearchAction","target":{"@type":"EntryPoint","urlTemplate":"https:\/\/fashiongold.lt\/pl\/?s={search_term_string}"},"query-input":{"@type":"PropertyValueSpecification","valueRequired":true,"valueName":"search_term_string"}}],"inLanguage":"pl-PL"},{"@type":"Organization","@id":"https:\/\/fashiongold.lt\/pl\/#organization","name":"Topdiamonds Online","url":"https:\/\/fashiongold.lt\/pl\/","logo":{"@type":"ImageObject","inLanguage":"pl-PL","@id":"https:\/\/fashiongold.lt\/pl\/#\/schema\/logo\/image\/","url":"https:\/\/fashiongold.lt\/wp-content\/uploads\/2025\/04\/cropped-fashion_gold_logotipas2-scaled-1.png","contentUrl":"https:\/\/fashiongold.lt\/wp-content\/uploads\/2025\/04\/cropped-fashion_gold_logotipas2-scaled-1.png","width":2559,"height":421,"caption":"Topdiamonds Online"},"image":{"@id":"https:\/\/fashiongold.lt\/pl\/#\/schema\/logo\/image\/"}}]}},"_links":{"self":[{"href":"https:\/\/fashiongold.lt\/pl\/wp-json\/wp\/v2\/product\/287790","targetHints":{"allow":["GET"]}}],"collection":[{"href":"https:\/\/fashiongold.lt\/pl\/wp-json\/wp\/v2\/product"}],"about":[{"href":"https:\/\/fashiongold.lt\/pl\/wp-json\/wp\/v2\/types\/product"}],"version-history":[{"count":0,"href":"https:\/\/fashiongold.lt\/pl\/wp-json\/wp\/v2\/product\/287790\/revisions"}],"wp:featuredmedia":[{"embeddable":true,"href":"https:\/\/fashiongold.lt\/pl\/wp-json\/wp\/v2\/media\/59324"}],"wp:attachment":[{"href":"https:\/\/fashiongold.lt\/pl\/wp-json\/wp\/v2\/media?parent=287790"}],"wp:term":[{"taxonomy":"product_brand","embeddable":true,"href":"https:\/\/fashiongold.lt\/pl\/wp-json\/wp\/v2\/product_brand?post=287790"},{"taxonomy":"product_cat","embeddable":true,"href":"https:\/\/fashiongold.lt\/pl\/wp-json\/wp\/v2\/product_cat?post=287790"},{"taxonomy":"product_tag","embeddable":true,"href":"https:\/\/fashiongold.lt\/pl\/wp-json\/wp\/v2\/product_tag?post=287790"}],"curies":[{"name":"wp","href":"https:\/\/api.w.org\/{rel}","templated":true}]}}