{"id":287875,"date":"2025-10-09T19:11:02","date_gmt":"2025-10-09T19:11:02","guid":{"rendered":"https:\/\/fashiongold.lt\/papuosalas\/indywidualne-zamowienie-obraczek-slubnych-darius-i-kristina-020-ct-cena-dotyczy-dwoch-obraczek\/"},"modified":"2025-10-09T19:11:02","modified_gmt":"2025-10-09T19:11:02","slug":"indywidualne-zamowienie-obraczek-slubnych-darius-i-kristina-020-ct-cena-dotyczy-dwoch-obraczek","status":"publish","type":"product","link":"https:\/\/fashiongold.lt\/pl\/papuosalas\/indywidualne-zamowienie-obraczek-slubnych-darius-i-kristina-020-ct-cena-dotyczy-dwoch-obraczek\/","title":{"rendered":"INDYWIDUALNE ZAM\u00d3WIENIE OBR\u0104CZEK \u015aLUBNYCH \u2013 DARIUS I KRISTINA (0,20 ct) (CENA DOTYCZY DW\u00d3CH OBR\u0104CZEK)"},"content":{"rendered":"<p>Luksusowe obr\u0105czki \u015blubne z bia\u0142ego z\u0142ota. M\u0119ska obr\u0105czka \u015blubna jest szeroka, po bokach posiada b\u0142yszcz\u0105ce kraw\u0119dzie, lecz uwag\u0119 przyci\u0105ga jedwabista, matowa, lekko szczotkowana powierzchnia. Damska obr\u0105czka \u015blubna emanuje elegancj\u0105, kt\u00f3r\u0105 nadaje pasek brylant\u00f3w biegn\u0105cy wzd\u0142u\u017c ca\u0142ego obwodu. Czas produkcji wynosi 14 dni roboczych, mo\u017cemy wykona\u0107 zam\u00f3wienie w trybie pilnym w ci\u0105gu 3 dni roboczych.\u00a0<\/p>\n","protected":false},"excerpt":{"rendered":"<p>Luksusowe obr\u0105czki \u015blubne z bia\u0142ego z\u0142ota. M\u0119ska obr\u0105czka jest szeroka (6 mm), posiada soczewk\u0119 dla wi\u0119kszego komfortu, b\u0142yszcz\u0105ce kraw\u0119dzie po bokach oraz przyci\u0105gaj\u0105c\u0105 wzrok jedwabist\u0105, matow\u0105, lekko szczotkowan\u0105 powierzchni\u0119. Damska obr\u0105czka emanuje elegancj\u0105, kt\u00f3r\u0105 nadaje jej biegn\u0105cy po ca\u0142ym obwodzie pasek brylant\u00f3w (0,20 ct).\u00a0<\/p>\n","protected":false},"featured_media":58945,"template":"","meta":{"site-sidebar-layout":"","site-content-layout":"","ast-site-content-layout":"","site-content-style":"","site-sidebar-style":"","ast-global-header-display":"","ast-banner-title-visibility":"","ast-main-header-display":"","ast-hfb-above-header-display":"","ast-hfb-below-header-display":"","ast-hfb-mobile-header-display":"","site-post-title":"","ast-breadcrumbs-content":"","ast-featured-img":"","footer-sml-layout":"","ast-disable-related-posts":"","theme-transparent-header-meta":"","adv-header-id-meta":"","stick-header-meta":"","header-above-stick-meta":"","header-main-stick-meta":"","header-below-stick-meta":"","astra-migrate-meta-layouts":"default","ast-page-background-enabled":"default","ast-page-background-meta":{"desktop":{"background-color":"var(--ast-global-color-4)","background-image":"","background-repeat":"repeat","background-position":"center center","background-size":"auto","background-attachment":"scroll","background-type":"","background-media":"","overlay-type":"","overlay-color":"","overlay-opacity":"","overlay-gradient":""},"tablet":{"background-color":"","background-image":"","background-repeat":"repeat","background-position":"center center","background-size":"auto","background-attachment":"scroll","background-type":"","background-media":"","overlay-type":"","overlay-color":"","overlay-opacity":"","overlay-gradient":""},"mobile":{"background-color":"","background-image":"","background-repeat":"repeat","background-position":"center center","background-size":"auto","background-attachment":"scroll","background-type":"","background-media":"","overlay-type":"","overlay-color":"","overlay-opacity":"","overlay-gradient":""}},"ast-content-background-meta":{"desktop":{"background-color":"var(--ast-global-color-5)","background-image":"","background-repeat":"repeat","background-position":"center center","background-size":"auto","background-attachment":"scroll","background-type":"","background-media":"","overlay-type":"","overlay-color":"","overlay-opacity":"","overlay-gradient":""},"tablet":{"background-color":"var(--ast-global-color-5)","background-image":"","background-repeat":"repeat","background-position":"center center","background-size":"auto","background-attachment":"scroll","background-type":"","background-media":"","overlay-type":"","overlay-color":"","overlay-opacity":"","overlay-gradient":""},"mobile":{"background-color":"var(--ast-global-color-5)","background-image":"","background-repeat":"repeat","background-position":"center center","background-size":"auto","background-attachment":"scroll","background-type":"","background-media":"","overlay-type":"","overlay-color":"","overlay-opacity":"","overlay-gradient":""}}},"product_brand":[],"product_cat":[3306,3303,3304,3305,4059],"product_tag":[],"class_list":{"0":"post-287875","1":"product","2":"type-product","3":"status-publish","4":"has-post-thumbnail","6":"product_cat-nowoczesne-obraczki-slubne","7":"product_cat-obraczki-slubne","8":"product_cat-obraczki-slubne-dla-par","9":"product_cat-obraczki-slubne-z-diamentami","10":"product_cat-wykonane-prace-obraczki-slubne","11":"desktop-align-center","12":"tablet-align-left","13":"mobile-align-left","14":"ast-product-gallery-layout-horizontal-slider","15":"ast-product-gallery-with-no-image","16":"ast-product-tabs-layout-accordion","17":"ast-qv-on-image","19":"first","20":"instock","21":"taxable","22":"shipping-taxable","23":"purchasable","24":"product-type-simple"},"yoast_head":"<!-- This site is optimized with the Yoast SEO plugin v26.6 - https:\/\/yoast.com\/wordpress\/plugins\/seo\/ -->\n<title>Obr\u0105czki \u015blubne komplet I FashionGold<\/title>\n<meta name=\"description\" content=\"Produkcja obr\u0105czek \u015blubnych w Wilnie. R\u0119czne wykonanie. Najwy\u017csza jako\u015b\u0107. Termin realizacji 14 dni roboczych. Najlepsze ceny. Posiadamy ponad 1300 modeli.\" \/>\n<meta name=\"robots\" content=\"index, follow, max-snippet:-1, max-image-preview:large, max-video-preview:-1\" \/>\n<link rel=\"canonical\" href=\"https:\/\/fashiongold.lt\/pl\/papuosalas\/indywidualne-zamowienie-obraczek-slubnych-darius-i-kristina-020-ct-cena-dotyczy-dwoch-obraczek\/\" \/>\n<meta property=\"og:locale\" content=\"pl_PL\" \/>\n<meta property=\"og:type\" content=\"article\" \/>\n<meta property=\"og:title\" content=\"Obr\u0105czki \u015blubne komplet I FashionGold\" \/>\n<meta property=\"og:description\" content=\"Produkcja obr\u0105czek \u015blubnych w Wilnie. R\u0119czne wykonanie. Najwy\u017csza jako\u015b\u0107. Termin realizacji 14 dni roboczych. Najlepsze ceny. Posiadamy ponad 1300 modeli.\" \/>\n<meta property=\"og:url\" content=\"https:\/\/fashiongold.lt\/pl\/papuosalas\/indywidualne-zamowienie-obraczek-slubnych-darius-i-kristina-020-ct-cena-dotyczy-dwoch-obraczek\/\" \/>\n<meta property=\"og:site_name\" content=\"FashionGold.lt\" \/>\n<meta property=\"og:image\" content=\"https:\/\/fashiongold.lt\/wp-content\/uploads\/2025\/10\/1998-ad6-DARIAUS-IR-KRISTINOS-VESTUVINIAI-ZIEDAI.webp\" \/>\n\t<meta property=\"og:image:width\" content=\"1814\" \/>\n\t<meta property=\"og:image:height\" content=\"1814\" \/>\n\t<meta property=\"og:image:type\" content=\"image\/jpeg\" \/>\n<meta name=\"twitter:card\" content=\"summary_large_image\" \/>\n<script type=\"application\/ld+json\" class=\"yoast-schema-graph\">{\"@context\":\"https:\/\/schema.org\",\"@graph\":[{\"@type\":\"WebPage\",\"@id\":\"https:\/\/fashiongold.lt\/pl\/papuosalas\/indywidualne-zamowienie-obraczek-slubnych-darius-i-kristina-020-ct-cena-dotyczy-dwoch-obraczek\/\",\"url\":\"https:\/\/fashiongold.lt\/pl\/papuosalas\/indywidualne-zamowienie-obraczek-slubnych-darius-i-kristina-020-ct-cena-dotyczy-dwoch-obraczek\/\",\"name\":\"Obr\u0105czki \u015blubne komplet I FashionGold\",\"isPartOf\":{\"@id\":\"https:\/\/fashiongold.lt\/pl\/#website\"},\"primaryImageOfPage\":{\"@id\":\"https:\/\/fashiongold.lt\/pl\/papuosalas\/indywidualne-zamowienie-obraczek-slubnych-darius-i-kristina-020-ct-cena-dotyczy-dwoch-obraczek\/#primaryimage\"},\"image\":{\"@id\":\"https:\/\/fashiongold.lt\/pl\/papuosalas\/indywidualne-zamowienie-obraczek-slubnych-darius-i-kristina-020-ct-cena-dotyczy-dwoch-obraczek\/#primaryimage\"},\"thumbnailUrl\":\"https:\/\/fashiongold.lt\/wp-content\/uploads\/2025\/10\/1998-ad6-DARIAUS-IR-KRISTINOS-VESTUVINIAI-ZIEDAI.jpg\",\"datePublished\":\"2025-10-09T19:11:02+00:00\",\"description\":\"Produkcja obr\u0105czek \u015blubnych w Wilnie. R\u0119czne wykonanie. Najwy\u017csza jako\u015b\u0107. Termin realizacji 14 dni roboczych. Najlepsze ceny. Posiadamy ponad 1300 modeli.\",\"breadcrumb\":{\"@id\":\"https:\/\/fashiongold.lt\/pl\/papuosalas\/indywidualne-zamowienie-obraczek-slubnych-darius-i-kristina-020-ct-cena-dotyczy-dwoch-obraczek\/#breadcrumb\"},\"inLanguage\":\"pl-PL\",\"potentialAction\":[{\"@type\":\"ReadAction\",\"target\":[\"https:\/\/fashiongold.lt\/pl\/papuosalas\/indywidualne-zamowienie-obraczek-slubnych-darius-i-kristina-020-ct-cena-dotyczy-dwoch-obraczek\/\"]}]},{\"@type\":\"ImageObject\",\"inLanguage\":\"pl-PL\",\"@id\":\"https:\/\/fashiongold.lt\/pl\/papuosalas\/indywidualne-zamowienie-obraczek-slubnych-darius-i-kristina-020-ct-cena-dotyczy-dwoch-obraczek\/#primaryimage\",\"url\":\"https:\/\/fashiongold.lt\/wp-content\/uploads\/2025\/10\/1998-ad6-DARIAUS-IR-KRISTINOS-VESTUVINIAI-ZIEDAI.jpg\",\"contentUrl\":\"https:\/\/fashiongold.lt\/wp-content\/uploads\/2025\/10\/1998-ad6-DARIAUS-IR-KRISTINOS-VESTUVINIAI-ZIEDAI.jpg\",\"width\":1814,\"height\":1814},{\"@type\":\"BreadcrumbList\",\"@id\":\"https:\/\/fashiongold.lt\/pl\/papuosalas\/indywidualne-zamowienie-obraczek-slubnych-darius-i-kristina-020-ct-cena-dotyczy-dwoch-obraczek\/#breadcrumb\",\"itemListElement\":[{\"@type\":\"ListItem\",\"position\":1,\"name\":\"Home\",\"item\":\"https:\/\/fashiongold.lt\/pl\/\"},{\"@type\":\"ListItem\",\"position\":2,\"name\":\"Sklep z diamentami Fashiongold.lt\",\"item\":\"https:\/\/fashiongold.lt\/shop-2\/\"},{\"@type\":\"ListItem\",\"position\":3,\"name\":\"INDYWIDUALNE ZAM\u00d3WIENIE OBR\u0104CZEK \u015aLUBNYCH \u2013 DARIUS I KRISTINA (0,20 ct) (CENA DOTYCZY DW\u00d3CH OBR\u0104CZEK)\"}]},{\"@type\":\"WebSite\",\"@id\":\"https:\/\/fashiongold.lt\/pl\/#website\",\"url\":\"https:\/\/fashiongold.lt\/pl\/\",\"name\":\"Fashion Gold\",\"description\":\"Juvelyrikos namai\",\"publisher\":{\"@id\":\"https:\/\/fashiongold.lt\/pl\/#organization\"},\"potentialAction\":[{\"@type\":\"SearchAction\",\"target\":{\"@type\":\"EntryPoint\",\"urlTemplate\":\"https:\/\/fashiongold.lt\/pl\/?s={search_term_string}\"},\"query-input\":{\"@type\":\"PropertyValueSpecification\",\"valueRequired\":true,\"valueName\":\"search_term_string\"}}],\"inLanguage\":\"pl-PL\"},{\"@type\":\"Organization\",\"@id\":\"https:\/\/fashiongold.lt\/pl\/#organization\",\"name\":\"Topdiamonds Online\",\"url\":\"https:\/\/fashiongold.lt\/pl\/\",\"logo\":{\"@type\":\"ImageObject\",\"inLanguage\":\"pl-PL\",\"@id\":\"https:\/\/fashiongold.lt\/pl\/#\/schema\/logo\/image\/\",\"url\":\"https:\/\/fashiongold.lt\/wp-content\/uploads\/2025\/04\/cropped-fashion_gold_logotipas2-scaled-1.png\",\"contentUrl\":\"https:\/\/fashiongold.lt\/wp-content\/uploads\/2025\/04\/cropped-fashion_gold_logotipas2-scaled-1.png\",\"width\":2559,\"height\":421,\"caption\":\"Topdiamonds Online\"},\"image\":{\"@id\":\"https:\/\/fashiongold.lt\/pl\/#\/schema\/logo\/image\/\"}}]}<\/script>\n<!-- \/ Yoast SEO plugin. -->","yoast_head_json":{"title":"Obr\u0105czki \u015blubne komplet I FashionGold","description":"Produkcja obr\u0105czek \u015blubnych w Wilnie. R\u0119czne wykonanie. Najwy\u017csza jako\u015b\u0107. Termin realizacji 14 dni roboczych. Najlepsze ceny. Posiadamy ponad 1300 modeli.","robots":{"index":"index","follow":"follow","max-snippet":"max-snippet:-1","max-image-preview":"max-image-preview:large","max-video-preview":"max-video-preview:-1"},"canonical":"https:\/\/fashiongold.lt\/pl\/papuosalas\/indywidualne-zamowienie-obraczek-slubnych-darius-i-kristina-020-ct-cena-dotyczy-dwoch-obraczek\/","og_locale":"pl_PL","og_type":"article","og_title":"Obr\u0105czki \u015blubne komplet I FashionGold","og_description":"Produkcja obr\u0105czek \u015blubnych w Wilnie. R\u0119czne wykonanie. Najwy\u017csza jako\u015b\u0107. Termin realizacji 14 dni roboczych. Najlepsze ceny. Posiadamy ponad 1300 modeli.","og_url":"https:\/\/fashiongold.lt\/pl\/papuosalas\/indywidualne-zamowienie-obraczek-slubnych-darius-i-kristina-020-ct-cena-dotyczy-dwoch-obraczek\/","og_site_name":"FashionGold.lt","og_image":[{"width":1814,"height":1814,"url":"https:\/\/fashiongold.lt\/wp-content\/uploads\/2025\/10\/1998-ad6-DARIAUS-IR-KRISTINOS-VESTUVINIAI-ZIEDAI.webp","type":"image\/jpeg"}],"twitter_card":"summary_large_image","schema":{"@context":"https:\/\/schema.org","@graph":[{"@type":"WebPage","@id":"https:\/\/fashiongold.lt\/pl\/papuosalas\/indywidualne-zamowienie-obraczek-slubnych-darius-i-kristina-020-ct-cena-dotyczy-dwoch-obraczek\/","url":"https:\/\/fashiongold.lt\/pl\/papuosalas\/indywidualne-zamowienie-obraczek-slubnych-darius-i-kristina-020-ct-cena-dotyczy-dwoch-obraczek\/","name":"Obr\u0105czki \u015blubne komplet I FashionGold","isPartOf":{"@id":"https:\/\/fashiongold.lt\/pl\/#website"},"primaryImageOfPage":{"@id":"https:\/\/fashiongold.lt\/pl\/papuosalas\/indywidualne-zamowienie-obraczek-slubnych-darius-i-kristina-020-ct-cena-dotyczy-dwoch-obraczek\/#primaryimage"},"image":{"@id":"https:\/\/fashiongold.lt\/pl\/papuosalas\/indywidualne-zamowienie-obraczek-slubnych-darius-i-kristina-020-ct-cena-dotyczy-dwoch-obraczek\/#primaryimage"},"thumbnailUrl":"https:\/\/fashiongold.lt\/wp-content\/uploads\/2025\/10\/1998-ad6-DARIAUS-IR-KRISTINOS-VESTUVINIAI-ZIEDAI.jpg","datePublished":"2025-10-09T19:11:02+00:00","description":"Produkcja obr\u0105czek \u015blubnych w Wilnie. R\u0119czne wykonanie. Najwy\u017csza jako\u015b\u0107. Termin realizacji 14 dni roboczych. Najlepsze ceny. Posiadamy ponad 1300 modeli.","breadcrumb":{"@id":"https:\/\/fashiongold.lt\/pl\/papuosalas\/indywidualne-zamowienie-obraczek-slubnych-darius-i-kristina-020-ct-cena-dotyczy-dwoch-obraczek\/#breadcrumb"},"inLanguage":"pl-PL","potentialAction":[{"@type":"ReadAction","target":["https:\/\/fashiongold.lt\/pl\/papuosalas\/indywidualne-zamowienie-obraczek-slubnych-darius-i-kristina-020-ct-cena-dotyczy-dwoch-obraczek\/"]}]},{"@type":"ImageObject","inLanguage":"pl-PL","@id":"https:\/\/fashiongold.lt\/pl\/papuosalas\/indywidualne-zamowienie-obraczek-slubnych-darius-i-kristina-020-ct-cena-dotyczy-dwoch-obraczek\/#primaryimage","url":"https:\/\/fashiongold.lt\/wp-content\/uploads\/2025\/10\/1998-ad6-DARIAUS-IR-KRISTINOS-VESTUVINIAI-ZIEDAI.jpg","contentUrl":"https:\/\/fashiongold.lt\/wp-content\/uploads\/2025\/10\/1998-ad6-DARIAUS-IR-KRISTINOS-VESTUVINIAI-ZIEDAI.jpg","width":1814,"height":1814},{"@type":"BreadcrumbList","@id":"https:\/\/fashiongold.lt\/pl\/papuosalas\/indywidualne-zamowienie-obraczek-slubnych-darius-i-kristina-020-ct-cena-dotyczy-dwoch-obraczek\/#breadcrumb","itemListElement":[{"@type":"ListItem","position":1,"name":"Home","item":"https:\/\/fashiongold.lt\/pl\/"},{"@type":"ListItem","position":2,"name":"Sklep z diamentami Fashiongold.lt","item":"https:\/\/fashiongold.lt\/shop-2\/"},{"@type":"ListItem","position":3,"name":"INDYWIDUALNE ZAM\u00d3WIENIE OBR\u0104CZEK \u015aLUBNYCH \u2013 DARIUS I KRISTINA (0,20 ct) (CENA DOTYCZY DW\u00d3CH OBR\u0104CZEK)"}]},{"@type":"WebSite","@id":"https:\/\/fashiongold.lt\/pl\/#website","url":"https:\/\/fashiongold.lt\/pl\/","name":"Fashion Gold","description":"Juvelyrikos namai","publisher":{"@id":"https:\/\/fashiongold.lt\/pl\/#organization"},"potentialAction":[{"@type":"SearchAction","target":{"@type":"EntryPoint","urlTemplate":"https:\/\/fashiongold.lt\/pl\/?s={search_term_string}"},"query-input":{"@type":"PropertyValueSpecification","valueRequired":true,"valueName":"search_term_string"}}],"inLanguage":"pl-PL"},{"@type":"Organization","@id":"https:\/\/fashiongold.lt\/pl\/#organization","name":"Topdiamonds Online","url":"https:\/\/fashiongold.lt\/pl\/","logo":{"@type":"ImageObject","inLanguage":"pl-PL","@id":"https:\/\/fashiongold.lt\/pl\/#\/schema\/logo\/image\/","url":"https:\/\/fashiongold.lt\/wp-content\/uploads\/2025\/04\/cropped-fashion_gold_logotipas2-scaled-1.png","contentUrl":"https:\/\/fashiongold.lt\/wp-content\/uploads\/2025\/04\/cropped-fashion_gold_logotipas2-scaled-1.png","width":2559,"height":421,"caption":"Topdiamonds Online"},"image":{"@id":"https:\/\/fashiongold.lt\/pl\/#\/schema\/logo\/image\/"}}]}},"_links":{"self":[{"href":"https:\/\/fashiongold.lt\/pl\/wp-json\/wp\/v2\/product\/287875","targetHints":{"allow":["GET"]}}],"collection":[{"href":"https:\/\/fashiongold.lt\/pl\/wp-json\/wp\/v2\/product"}],"about":[{"href":"https:\/\/fashiongold.lt\/pl\/wp-json\/wp\/v2\/types\/product"}],"version-history":[{"count":0,"href":"https:\/\/fashiongold.lt\/pl\/wp-json\/wp\/v2\/product\/287875\/revisions"}],"wp:featuredmedia":[{"embeddable":true,"href":"https:\/\/fashiongold.lt\/pl\/wp-json\/wp\/v2\/media\/58945"}],"wp:attachment":[{"href":"https:\/\/fashiongold.lt\/pl\/wp-json\/wp\/v2\/media?parent=287875"}],"wp:term":[{"taxonomy":"product_brand","embeddable":true,"href":"https:\/\/fashiongold.lt\/pl\/wp-json\/wp\/v2\/product_brand?post=287875"},{"taxonomy":"product_cat","embeddable":true,"href":"https:\/\/fashiongold.lt\/pl\/wp-json\/wp\/v2\/product_cat?post=287875"},{"taxonomy":"product_tag","embeddable":true,"href":"https:\/\/fashiongold.lt\/pl\/wp-json\/wp\/v2\/product_tag?post=287875"}],"curies":[{"name":"wp","href":"https:\/\/api.w.org\/{rel}","templated":true}]}}