{"id":287895,"date":"2025-10-09T19:10:35","date_gmt":"2025-10-09T19:10:35","guid":{"rendered":"https:\/\/fashiongold.lt\/papuosalas\/indywidualne-zamowienie-obraczek-slubnych-vytas-i-kristina-cena-podana-za-dwie-obraczki\/"},"modified":"2025-10-09T19:10:35","modified_gmt":"2025-10-09T19:10:35","slug":"indywidualne-zamowienie-obraczek-slubnych-vytas-i-kristina-cena-podana-za-dwie-obraczki","status":"publish","type":"product","link":"https:\/\/fashiongold.lt\/pl\/papuosalas\/indywidualne-zamowienie-obraczek-slubnych-vytas-i-kristina-cena-podana-za-dwie-obraczki\/","title":{"rendered":"INDYWIDUALNE ZAM\u00d3WIENIE OBR\u0104CZEK \u015aLUBNYCH \u2013 VYTAS I KRISTINA (CENA PODANA ZA DWIE OBR\u0104CZKI)"},"content":{"rendered":"<p>Te z\u0142ote obr\u0105czki \u015blubne to prawdziwy wyraz sztuki. Nier\u00f3wna struktura obr\u0105czki wygl\u0105da bardzo efektownie, wi\u0119c je\u015bli szukacie czego\u015b wyj\u0105tkowego, niecodziennego i przyci\u0105gaj\u0105cego wzrok, te obr\u0105czki \u015blubne b\u0119d\u0105 idealnym wyborem. \u0141\u0105cz\u0105 w sobie elegancj\u0119 z solidno\u015bci\u0105. Takie obr\u0105czki \u015blubne s\u0105 odpowiednie dla m\u0119\u017cczyzn i kobiet. Czas produkcji wynosi 14 dni roboczych, mo\u017cemy je wykona\u0107 w trybie ekspresowym w ci\u0105gu 3 dni roboczych.\u00a0<\/p>\n","protected":false},"excerpt":{"rendered":"<p>Te z\u0142ote obr\u0105czki \u015blubne to prawdziwy wyraz sztuki. Nier\u00f3wna faktura obr\u0105czki wygl\u0105da bardzo efektownie, wi\u0119c je\u015bli szukacie czego\u015b wyj\u0105tkowego, niecodziennego i przyci\u0105gaj\u0105cego wzrok, te obr\u0105czki \u015blubne b\u0119d\u0105 idealnym wyborem.<\/p>\n","protected":false},"featured_media":58868,"template":"","meta":{"site-sidebar-layout":"","site-content-layout":"","ast-site-content-layout":"","site-content-style":"","site-sidebar-style":"","ast-global-header-display":"","ast-banner-title-visibility":"","ast-main-header-display":"","ast-hfb-above-header-display":"","ast-hfb-below-header-display":"","ast-hfb-mobile-header-display":"","site-post-title":"","ast-breadcrumbs-content":"","ast-featured-img":"","footer-sml-layout":"","ast-disable-related-posts":"","theme-transparent-header-meta":"","adv-header-id-meta":"","stick-header-meta":"","header-above-stick-meta":"","header-main-stick-meta":"","header-below-stick-meta":"","astra-migrate-meta-layouts":"default","ast-page-background-enabled":"default","ast-page-background-meta":{"desktop":{"background-color":"var(--ast-global-color-4)","background-image":"","background-repeat":"repeat","background-position":"center center","background-size":"auto","background-attachment":"scroll","background-type":"","background-media":"","overlay-type":"","overlay-color":"","overlay-opacity":"","overlay-gradient":""},"tablet":{"background-color":"","background-image":"","background-repeat":"repeat","background-position":"center center","background-size":"auto","background-attachment":"scroll","background-type":"","background-media":"","overlay-type":"","overlay-color":"","overlay-opacity":"","overlay-gradient":""},"mobile":{"background-color":"","background-image":"","background-repeat":"repeat","background-position":"center center","background-size":"auto","background-attachment":"scroll","background-type":"","background-media":"","overlay-type":"","overlay-color":"","overlay-opacity":"","overlay-gradient":""}},"ast-content-background-meta":{"desktop":{"background-color":"var(--ast-global-color-5)","background-image":"","background-repeat":"repeat","background-position":"center center","background-size":"auto","background-attachment":"scroll","background-type":"","background-media":"","overlay-type":"","overlay-color":"","overlay-opacity":"","overlay-gradient":""},"tablet":{"background-color":"var(--ast-global-color-5)","background-image":"","background-repeat":"repeat","background-position":"center center","background-size":"auto","background-attachment":"scroll","background-type":"","background-media":"","overlay-type":"","overlay-color":"","overlay-opacity":"","overlay-gradient":""},"mobile":{"background-color":"var(--ast-global-color-5)","background-image":"","background-repeat":"repeat","background-position":"center center","background-size":"auto","background-attachment":"scroll","background-type":"","background-media":"","overlay-type":"","overlay-color":"","overlay-opacity":"","overlay-gradient":""}}},"product_brand":[],"product_cat":[3306,3303,3304,3301,3743,4059],"product_tag":[],"class_list":{"0":"post-287895","1":"product","2":"type-product","3":"status-publish","4":"has-post-thumbnail","6":"product_cat-nowoczesne-obraczki-slubne","7":"product_cat-obraczki-slubne","8":"product_cat-obraczki-slubne-dla-par","9":"product_cat-obraczki-slubne-z-bialego-zlota","10":"product_cat-wyjatkowe-obraczki-slubne-stworzone-przez-projektantow","11":"product_cat-wykonane-prace-obraczki-slubne","12":"desktop-align-center","13":"tablet-align-left","14":"mobile-align-left","15":"ast-product-gallery-layout-horizontal-slider","16":"ast-product-gallery-with-no-image","17":"ast-product-tabs-layout-accordion","18":"ast-qv-on-image","20":"first","21":"instock","22":"taxable","23":"shipping-taxable","24":"purchasable","25":"product-type-simple"},"yoast_head":"<!-- This site is optimized with the Yoast SEO plugin v26.6 - https:\/\/yoast.com\/wordpress\/plugins\/seo\/ -->\n<title>R\u0119cznie robione obr\u0105czki \u015blubne | FashionGold<\/title>\n<meta name=\"description\" content=\"Indywidualna produkcja r\u0119cznie robionych obr\u0105czek \u015blubnych. Praca r\u0119czna. Najwy\u017csza jako\u015b\u0107. Termin realizacji 14 dni roboczych. Wyprodukowano na Litwie. Wieloletnie, 30-letnie do\u015bwiadczenie.\" \/>\n<meta name=\"robots\" content=\"index, follow, max-snippet:-1, max-image-preview:large, max-video-preview:-1\" \/>\n<link rel=\"canonical\" href=\"https:\/\/fashiongold.lt\/pl\/papuosalas\/indywidualne-zamowienie-obraczek-slubnych-vytas-i-kristina-cena-podana-za-dwie-obraczki\/\" \/>\n<meta property=\"og:locale\" content=\"pl_PL\" \/>\n<meta property=\"og:type\" content=\"article\" \/>\n<meta property=\"og:title\" content=\"R\u0119cznie robione obr\u0105czki \u015blubne | FashionGold\" \/>\n<meta property=\"og:description\" content=\"Indywidualna produkcja r\u0119cznie robionych obr\u0105czek \u015blubnych. Praca r\u0119czna. Najwy\u017csza jako\u015b\u0107. Termin realizacji 14 dni roboczych. Wyprodukowano na Litwie. Wieloletnie, 30-letnie do\u015bwiadczenie.\" \/>\n<meta property=\"og:url\" content=\"https:\/\/fashiongold.lt\/pl\/papuosalas\/indywidualne-zamowienie-obraczek-slubnych-vytas-i-kristina-cena-podana-za-dwie-obraczki\/\" \/>\n<meta property=\"og:site_name\" content=\"FashionGold.lt\" \/>\n<meta property=\"og:image\" content=\"https:\/\/fashiongold.lt\/wp-content\/uploads\/2025\/10\/1990-8ec-VYTO-IR-KRISTINOS-VESTUVINIAI-ZIEDAI.webp\" \/>\n\t<meta property=\"og:image:width\" content=\"900\" \/>\n\t<meta property=\"og:image:height\" content=\"900\" \/>\n\t<meta property=\"og:image:type\" content=\"image\/jpeg\" \/>\n<meta name=\"twitter:card\" content=\"summary_large_image\" \/>\n<script type=\"application\/ld+json\" class=\"yoast-schema-graph\">{\"@context\":\"https:\/\/schema.org\",\"@graph\":[{\"@type\":\"WebPage\",\"@id\":\"https:\/\/fashiongold.lt\/pl\/papuosalas\/indywidualne-zamowienie-obraczek-slubnych-vytas-i-kristina-cena-podana-za-dwie-obraczki\/\",\"url\":\"https:\/\/fashiongold.lt\/pl\/papuosalas\/indywidualne-zamowienie-obraczek-slubnych-vytas-i-kristina-cena-podana-za-dwie-obraczki\/\",\"name\":\"R\u0119cznie robione obr\u0105czki \u015blubne | FashionGold\",\"isPartOf\":{\"@id\":\"https:\/\/fashiongold.lt\/pl\/#website\"},\"primaryImageOfPage\":{\"@id\":\"https:\/\/fashiongold.lt\/pl\/papuosalas\/indywidualne-zamowienie-obraczek-slubnych-vytas-i-kristina-cena-podana-za-dwie-obraczki\/#primaryimage\"},\"image\":{\"@id\":\"https:\/\/fashiongold.lt\/pl\/papuosalas\/indywidualne-zamowienie-obraczek-slubnych-vytas-i-kristina-cena-podana-za-dwie-obraczki\/#primaryimage\"},\"thumbnailUrl\":\"https:\/\/fashiongold.lt\/wp-content\/uploads\/2025\/10\/1990-8ec-VYTO-IR-KRISTINOS-VESTUVINIAI-ZIEDAI.jpg\",\"datePublished\":\"2025-10-09T19:10:35+00:00\",\"description\":\"Indywidualna produkcja r\u0119cznie robionych obr\u0105czek \u015blubnych. Praca r\u0119czna. Najwy\u017csza jako\u015b\u0107. Termin realizacji 14 dni roboczych. Wyprodukowano na Litwie. Wieloletnie, 30-letnie do\u015bwiadczenie.\",\"breadcrumb\":{\"@id\":\"https:\/\/fashiongold.lt\/pl\/papuosalas\/indywidualne-zamowienie-obraczek-slubnych-vytas-i-kristina-cena-podana-za-dwie-obraczki\/#breadcrumb\"},\"inLanguage\":\"pl-PL\",\"potentialAction\":[{\"@type\":\"ReadAction\",\"target\":[\"https:\/\/fashiongold.lt\/pl\/papuosalas\/indywidualne-zamowienie-obraczek-slubnych-vytas-i-kristina-cena-podana-za-dwie-obraczki\/\"]}]},{\"@type\":\"ImageObject\",\"inLanguage\":\"pl-PL\",\"@id\":\"https:\/\/fashiongold.lt\/pl\/papuosalas\/indywidualne-zamowienie-obraczek-slubnych-vytas-i-kristina-cena-podana-za-dwie-obraczki\/#primaryimage\",\"url\":\"https:\/\/fashiongold.lt\/wp-content\/uploads\/2025\/10\/1990-8ec-VYTO-IR-KRISTINOS-VESTUVINIAI-ZIEDAI.jpg\",\"contentUrl\":\"https:\/\/fashiongold.lt\/wp-content\/uploads\/2025\/10\/1990-8ec-VYTO-IR-KRISTINOS-VESTUVINIAI-ZIEDAI.jpg\",\"width\":900,\"height\":900},{\"@type\":\"BreadcrumbList\",\"@id\":\"https:\/\/fashiongold.lt\/pl\/papuosalas\/indywidualne-zamowienie-obraczek-slubnych-vytas-i-kristina-cena-podana-za-dwie-obraczki\/#breadcrumb\",\"itemListElement\":[{\"@type\":\"ListItem\",\"position\":1,\"name\":\"Home\",\"item\":\"https:\/\/fashiongold.lt\/pl\/\"},{\"@type\":\"ListItem\",\"position\":2,\"name\":\"Sklep z diamentami Fashiongold.lt\",\"item\":\"https:\/\/fashiongold.lt\/shop-2\/\"},{\"@type\":\"ListItem\",\"position\":3,\"name\":\"INDYWIDUALNE ZAM\u00d3WIENIE OBR\u0104CZEK \u015aLUBNYCH \u2013 VYTAS I KRISTINA (CENA PODANA ZA DWIE OBR\u0104CZKI)\"}]},{\"@type\":\"WebSite\",\"@id\":\"https:\/\/fashiongold.lt\/pl\/#website\",\"url\":\"https:\/\/fashiongold.lt\/pl\/\",\"name\":\"Fashion Gold\",\"description\":\"Juvelyrikos namai\",\"publisher\":{\"@id\":\"https:\/\/fashiongold.lt\/pl\/#organization\"},\"potentialAction\":[{\"@type\":\"SearchAction\",\"target\":{\"@type\":\"EntryPoint\",\"urlTemplate\":\"https:\/\/fashiongold.lt\/pl\/?s={search_term_string}\"},\"query-input\":{\"@type\":\"PropertyValueSpecification\",\"valueRequired\":true,\"valueName\":\"search_term_string\"}}],\"inLanguage\":\"pl-PL\"},{\"@type\":\"Organization\",\"@id\":\"https:\/\/fashiongold.lt\/pl\/#organization\",\"name\":\"Topdiamonds Online\",\"url\":\"https:\/\/fashiongold.lt\/pl\/\",\"logo\":{\"@type\":\"ImageObject\",\"inLanguage\":\"pl-PL\",\"@id\":\"https:\/\/fashiongold.lt\/pl\/#\/schema\/logo\/image\/\",\"url\":\"https:\/\/fashiongold.lt\/wp-content\/uploads\/2025\/04\/cropped-fashion_gold_logotipas2-scaled-1.png\",\"contentUrl\":\"https:\/\/fashiongold.lt\/wp-content\/uploads\/2025\/04\/cropped-fashion_gold_logotipas2-scaled-1.png\",\"width\":2559,\"height\":421,\"caption\":\"Topdiamonds Online\"},\"image\":{\"@id\":\"https:\/\/fashiongold.lt\/pl\/#\/schema\/logo\/image\/\"}}]}<\/script>\n<!-- \/ Yoast SEO plugin. -->","yoast_head_json":{"title":"R\u0119cznie robione obr\u0105czki \u015blubne | FashionGold","description":"Indywidualna produkcja r\u0119cznie robionych obr\u0105czek \u015blubnych. Praca r\u0119czna. Najwy\u017csza jako\u015b\u0107. Termin realizacji 14 dni roboczych. Wyprodukowano na Litwie. Wieloletnie, 30-letnie do\u015bwiadczenie.","robots":{"index":"index","follow":"follow","max-snippet":"max-snippet:-1","max-image-preview":"max-image-preview:large","max-video-preview":"max-video-preview:-1"},"canonical":"https:\/\/fashiongold.lt\/pl\/papuosalas\/indywidualne-zamowienie-obraczek-slubnych-vytas-i-kristina-cena-podana-za-dwie-obraczki\/","og_locale":"pl_PL","og_type":"article","og_title":"R\u0119cznie robione obr\u0105czki \u015blubne | FashionGold","og_description":"Indywidualna produkcja r\u0119cznie robionych obr\u0105czek \u015blubnych. Praca r\u0119czna. Najwy\u017csza jako\u015b\u0107. Termin realizacji 14 dni roboczych. Wyprodukowano na Litwie. Wieloletnie, 30-letnie do\u015bwiadczenie.","og_url":"https:\/\/fashiongold.lt\/pl\/papuosalas\/indywidualne-zamowienie-obraczek-slubnych-vytas-i-kristina-cena-podana-za-dwie-obraczki\/","og_site_name":"FashionGold.lt","og_image":[{"width":900,"height":900,"url":"https:\/\/fashiongold.lt\/wp-content\/uploads\/2025\/10\/1990-8ec-VYTO-IR-KRISTINOS-VESTUVINIAI-ZIEDAI.webp","type":"image\/jpeg"}],"twitter_card":"summary_large_image","schema":{"@context":"https:\/\/schema.org","@graph":[{"@type":"WebPage","@id":"https:\/\/fashiongold.lt\/pl\/papuosalas\/indywidualne-zamowienie-obraczek-slubnych-vytas-i-kristina-cena-podana-za-dwie-obraczki\/","url":"https:\/\/fashiongold.lt\/pl\/papuosalas\/indywidualne-zamowienie-obraczek-slubnych-vytas-i-kristina-cena-podana-za-dwie-obraczki\/","name":"R\u0119cznie robione obr\u0105czki \u015blubne | FashionGold","isPartOf":{"@id":"https:\/\/fashiongold.lt\/pl\/#website"},"primaryImageOfPage":{"@id":"https:\/\/fashiongold.lt\/pl\/papuosalas\/indywidualne-zamowienie-obraczek-slubnych-vytas-i-kristina-cena-podana-za-dwie-obraczki\/#primaryimage"},"image":{"@id":"https:\/\/fashiongold.lt\/pl\/papuosalas\/indywidualne-zamowienie-obraczek-slubnych-vytas-i-kristina-cena-podana-za-dwie-obraczki\/#primaryimage"},"thumbnailUrl":"https:\/\/fashiongold.lt\/wp-content\/uploads\/2025\/10\/1990-8ec-VYTO-IR-KRISTINOS-VESTUVINIAI-ZIEDAI.jpg","datePublished":"2025-10-09T19:10:35+00:00","description":"Indywidualna produkcja r\u0119cznie robionych obr\u0105czek \u015blubnych. Praca r\u0119czna. Najwy\u017csza jako\u015b\u0107. Termin realizacji 14 dni roboczych. Wyprodukowano na Litwie. Wieloletnie, 30-letnie do\u015bwiadczenie.","breadcrumb":{"@id":"https:\/\/fashiongold.lt\/pl\/papuosalas\/indywidualne-zamowienie-obraczek-slubnych-vytas-i-kristina-cena-podana-za-dwie-obraczki\/#breadcrumb"},"inLanguage":"pl-PL","potentialAction":[{"@type":"ReadAction","target":["https:\/\/fashiongold.lt\/pl\/papuosalas\/indywidualne-zamowienie-obraczek-slubnych-vytas-i-kristina-cena-podana-za-dwie-obraczki\/"]}]},{"@type":"ImageObject","inLanguage":"pl-PL","@id":"https:\/\/fashiongold.lt\/pl\/papuosalas\/indywidualne-zamowienie-obraczek-slubnych-vytas-i-kristina-cena-podana-za-dwie-obraczki\/#primaryimage","url":"https:\/\/fashiongold.lt\/wp-content\/uploads\/2025\/10\/1990-8ec-VYTO-IR-KRISTINOS-VESTUVINIAI-ZIEDAI.jpg","contentUrl":"https:\/\/fashiongold.lt\/wp-content\/uploads\/2025\/10\/1990-8ec-VYTO-IR-KRISTINOS-VESTUVINIAI-ZIEDAI.jpg","width":900,"height":900},{"@type":"BreadcrumbList","@id":"https:\/\/fashiongold.lt\/pl\/papuosalas\/indywidualne-zamowienie-obraczek-slubnych-vytas-i-kristina-cena-podana-za-dwie-obraczki\/#breadcrumb","itemListElement":[{"@type":"ListItem","position":1,"name":"Home","item":"https:\/\/fashiongold.lt\/pl\/"},{"@type":"ListItem","position":2,"name":"Sklep z diamentami Fashiongold.lt","item":"https:\/\/fashiongold.lt\/shop-2\/"},{"@type":"ListItem","position":3,"name":"INDYWIDUALNE ZAM\u00d3WIENIE OBR\u0104CZEK \u015aLUBNYCH \u2013 VYTAS I KRISTINA (CENA PODANA ZA DWIE OBR\u0104CZKI)"}]},{"@type":"WebSite","@id":"https:\/\/fashiongold.lt\/pl\/#website","url":"https:\/\/fashiongold.lt\/pl\/","name":"Fashion Gold","description":"Juvelyrikos namai","publisher":{"@id":"https:\/\/fashiongold.lt\/pl\/#organization"},"potentialAction":[{"@type":"SearchAction","target":{"@type":"EntryPoint","urlTemplate":"https:\/\/fashiongold.lt\/pl\/?s={search_term_string}"},"query-input":{"@type":"PropertyValueSpecification","valueRequired":true,"valueName":"search_term_string"}}],"inLanguage":"pl-PL"},{"@type":"Organization","@id":"https:\/\/fashiongold.lt\/pl\/#organization","name":"Topdiamonds Online","url":"https:\/\/fashiongold.lt\/pl\/","logo":{"@type":"ImageObject","inLanguage":"pl-PL","@id":"https:\/\/fashiongold.lt\/pl\/#\/schema\/logo\/image\/","url":"https:\/\/fashiongold.lt\/wp-content\/uploads\/2025\/04\/cropped-fashion_gold_logotipas2-scaled-1.png","contentUrl":"https:\/\/fashiongold.lt\/wp-content\/uploads\/2025\/04\/cropped-fashion_gold_logotipas2-scaled-1.png","width":2559,"height":421,"caption":"Topdiamonds Online"},"image":{"@id":"https:\/\/fashiongold.lt\/pl\/#\/schema\/logo\/image\/"}}]}},"_links":{"self":[{"href":"https:\/\/fashiongold.lt\/pl\/wp-json\/wp\/v2\/product\/287895","targetHints":{"allow":["GET"]}}],"collection":[{"href":"https:\/\/fashiongold.lt\/pl\/wp-json\/wp\/v2\/product"}],"about":[{"href":"https:\/\/fashiongold.lt\/pl\/wp-json\/wp\/v2\/types\/product"}],"version-history":[{"count":0,"href":"https:\/\/fashiongold.lt\/pl\/wp-json\/wp\/v2\/product\/287895\/revisions"}],"wp:featuredmedia":[{"embeddable":true,"href":"https:\/\/fashiongold.lt\/pl\/wp-json\/wp\/v2\/media\/58868"}],"wp:attachment":[{"href":"https:\/\/fashiongold.lt\/pl\/wp-json\/wp\/v2\/media?parent=287895"}],"wp:term":[{"taxonomy":"product_brand","embeddable":true,"href":"https:\/\/fashiongold.lt\/pl\/wp-json\/wp\/v2\/product_brand?post=287895"},{"taxonomy":"product_cat","embeddable":true,"href":"https:\/\/fashiongold.lt\/pl\/wp-json\/wp\/v2\/product_cat?post=287895"},{"taxonomy":"product_tag","embeddable":true,"href":"https:\/\/fashiongold.lt\/pl\/wp-json\/wp\/v2\/product_tag?post=287895"}],"curies":[{"name":"wp","href":"https:\/\/api.w.org\/{rel}","templated":true}]}}