{"id":288025,"date":"2025-10-09T18:56:07","date_gmt":"2025-10-09T18:56:07","guid":{"rendered":"https:\/\/fashiongold.lt\/papuosalas\/lsniacy-pak-milosci-pierscionek-z-bialego-zlota-z-szafirem-i-diamentami\/"},"modified":"2026-02-17T06:46:03","modified_gmt":"2026-02-17T06:46:03","slug":"lsniacy-pak-milosci-pierscionek-z-bialego-zlota-z-szafirem-i-diamentami","status":"publish","type":"product","link":"https:\/\/fashiongold.lt\/pl\/papuosalas\/lsniacy-pak-milosci-pierscionek-z-bialego-zlota-z-szafirem-i-diamentami\/","title":{"rendered":"L\u015bni\u0105cy p\u0105k mi\u0142o\u015bci \u2013 Pier\u015bcionek z bia\u0142ego z\u0142ota z szafirem i diamentami"},"content":{"rendered":"<p>Zanurz si\u0119 w radosnej chwili mi\u0142o\u015bci z pier\u015bcionkiem z bia\u0142ego z\u0142ota, w kt\u00f3rym l\u015bni prawdziwy szafir o szlifie owalnym i diamenty po obu stronach. Zachwycaj\u0105cy wyb\u00f3r dla ukochanej \u2013 symbol wiecznej mi\u0142o\u015bci.<\/p>\n<p>Stworzony przez mistrz\u00f3w jubilerstwa \u201eFashion Gold\u201d pier\u015bcionek zar\u0119czynowy cechuje si\u0119 niezwykle wysok\u0105 jako\u015bci\u0105, posiada certyfikat Litewskiego Urz\u0119du Probierczego i jest dost\u0119pny w bardzo atrakcyjnej cenie. To bi\u017cuteria, kt\u00f3r\u0105 mo\u017cna przekazywa\u0107 z pokolenia na pokolenie jako rodzinn\u0105 pami\u0105tk\u0119, poniewa\u017c ani z\u0142oto, ani prawdziwe kamienie szlachetne nigdy nie trac\u0105 na warto\u015bci. Ten z\u0142oty pier\u015bcionek mo\u017cna zam\u00f3wi\u0107 zar\u00f3wno w salonie, jak i online.\u00a0<\/p>\n<p>Waga pier\u015bcionka zar\u0119czynowego \u2013 2,40\u20132,90 g<\/p>\n<p>Kolor z\u0142ota \u2013 bia\u0142y<\/p>\n<p><span>Masa szafiru \u2013 0,70 ct<\/span><\/p>\n<p><span><span>Brylanty \u2013 masa 0,10 ct, barwa H, czysto\u015b\u0107 SI<\/span><\/span><\/p>\n<p><span>Po z\u0142o\u017ceniu zam\u00f3wienia bi\u017cuteri\u0119 dostarczymy w ci\u0105gu 7\u201314 dni roboczych.\u00a0<\/span><\/p>\n<p><span>Mo\u017cliwy bezp\u0142atny grawer. Pier\u015bcionek posiada certyfikat Litewskiego Urz\u0119du Probierczego.<\/span><\/p>\n<p><span>Pier\u015bcionki zar\u0119czynowe to jedna z dziedzin dzia\u0142alno\u015bci \u201eFashion Gold\u201d. W salonie znajd\u0105 Pa\u0144stwo r\u00f3wnie\u017c obr\u0105czki \u015blubne, bi\u017cuteri\u0119 dla kobiet, m\u0119\u017cczyzn i dzieci na r\u00f3\u017cne okazje, monety oraz sztabki z\u0142ota.<\/span><\/p>\n<p><span>OFERUJEMY PIER\u015aCIONKI ZAR\u0118CZYNOWE ORAZ INN\u0104 BI\u017bUTERI\u0118 NA ZAM\u00d3WIENIE WED\u0141UG INDYWIDUALNYCH \u017bYCZE\u0143. ZAPRASZAMY DO KONTAKTU info@fashiongold.lt<\/span><\/p><\/p>\n","protected":false},"excerpt":{"rendered":"<p>Pier\u015bcionek z bia\u0142ego z\u0142ota z prawdziwym szafirem o owalnym kszta\u0142cie i diamentami. Zachwycaj\u0105cy wyb\u00f3r dla ukochanej &#8211; symbol wiecznej mi\u0142o\u015bci.<\/p>\n","protected":false},"featured_media":57787,"template":"","meta":{"site-sidebar-layout":"","site-content-layout":"","ast-site-content-layout":"","site-content-style":"","site-sidebar-style":"","ast-global-header-display":"","ast-banner-title-visibility":"","ast-main-header-display":"","ast-hfb-above-header-display":"","ast-hfb-below-header-display":"","ast-hfb-mobile-header-display":"","site-post-title":"","ast-breadcrumbs-content":"","ast-featured-img":"","footer-sml-layout":"","ast-disable-related-posts":"","theme-transparent-header-meta":"","adv-header-id-meta":"","stick-header-meta":"","header-above-stick-meta":"","header-main-stick-meta":"","header-below-stick-meta":"","astra-migrate-meta-layouts":"default","ast-page-background-enabled":"default","ast-page-background-meta":{"desktop":{"background-color":"var(--ast-global-color-4)","background-image":"","background-repeat":"repeat","background-position":"center center","background-size":"auto","background-attachment":"scroll","background-type":"","background-media":"","overlay-type":"","overlay-color":"","overlay-opacity":"","overlay-gradient":""},"tablet":{"background-color":"","background-image":"","background-repeat":"repeat","background-position":"center center","background-size":"auto","background-attachment":"scroll","background-type":"","background-media":"","overlay-type":"","overlay-color":"","overlay-opacity":"","overlay-gradient":""},"mobile":{"background-color":"","background-image":"","background-repeat":"repeat","background-position":"center center","background-size":"auto","background-attachment":"scroll","background-type":"","background-media":"","overlay-type":"","overlay-color":"","overlay-opacity":"","overlay-gradient":""}},"ast-content-background-meta":{"desktop":{"background-color":"var(--ast-global-color-5)","background-image":"","background-repeat":"repeat","background-position":"center center","background-size":"auto","background-attachment":"scroll","background-type":"","background-media":"","overlay-type":"","overlay-color":"","overlay-opacity":"","overlay-gradient":""},"tablet":{"background-color":"var(--ast-global-color-5)","background-image":"","background-repeat":"repeat","background-position":"center center","background-size":"auto","background-attachment":"scroll","background-type":"","background-media":"","overlay-type":"","overlay-color":"","overlay-opacity":"","overlay-gradient":""},"mobile":{"background-color":"var(--ast-global-color-5)","background-image":"","background-repeat":"repeat","background-position":"center center","background-size":"auto","background-attachment":"scroll","background-type":"","background-media":"","overlay-type":"","overlay-color":"","overlay-opacity":"","overlay-gradient":""}}},"product_brand":[],"product_cat":[2878,3179,2873,3359],"product_tag":[],"class_list":{"0":"post-288025","1":"product","2":"type-product","3":"status-publish","4":"has-post-thumbnail","6":"product_cat-bizuteria-z-niebieskimi-kamieniami-szlachetnymi","7":"product_cat-niebieski-klejnot","8":"product_cat-szafir-bizuteria-z-szafirami","9":"product_cat-wyprzedaz","10":"desktop-align-center","11":"tablet-align-left","12":"mobile-align-left","13":"ast-product-gallery-layout-horizontal-slider","14":"ast-product-gallery-with-no-image","15":"ast-product-single-variable","16":"ast-product-tabs-layout-accordion","17":"ast-qv-on-image","19":"first","20":"instock","21":"taxable","22":"shipping-taxable","23":"purchasable","24":"product-type-variable"},"yoast_head":"<!-- This site is optimized with the Yoast SEO plugin v26.6 - https:\/\/yoast.com\/wordpress\/plugins\/seo\/ -->\n<title>Z\u0142oty pier\u015bcionek z szafirem i diamentami - L\u015bni\u0105cy p\u0105k mi\u0142o\u015bci<\/title>\n<meta name=\"description\" content=\"Z\u0142oty pier\u015bcionek z prawdziwym szafirem o owalnym kszta\u0142cie i diamentami. Zachwycaj\u0105cy wyb\u00f3r dla ukochanej \u2013 symbol wiecznej mi\u0142o\u015bci.\" \/>\n<meta name=\"robots\" content=\"index, follow, max-snippet:-1, max-image-preview:large, max-video-preview:-1\" \/>\n<link rel=\"canonical\" href=\"https:\/\/fashiongold.lt\/pl\/papuosalas\/lsniacy-pak-milosci-pierscionek-z-bialego-zlota-z-szafirem-i-diamentami\/\" \/>\n<meta property=\"og:locale\" content=\"pl_PL\" \/>\n<meta property=\"og:type\" content=\"article\" \/>\n<meta property=\"og:title\" content=\"Z\u0142oty pier\u015bcionek z szafirem i diamentami - L\u015bni\u0105cy p\u0105k mi\u0142o\u015bci\" \/>\n<meta property=\"og:description\" content=\"Z\u0142oty pier\u015bcionek z prawdziwym szafirem o owalnym kszta\u0142cie i diamentami. Zachwycaj\u0105cy wyb\u00f3r dla ukochanej \u2013 symbol wiecznej mi\u0142o\u015bci.\" \/>\n<meta property=\"og:url\" content=\"https:\/\/fashiongold.lt\/pl\/papuosalas\/lsniacy-pak-milosci-pierscionek-z-bialego-zlota-z-szafirem-i-diamentami\/\" \/>\n<meta property=\"og:site_name\" content=\"FashionGold.lt\" \/>\n<meta property=\"article:modified_time\" content=\"2026-02-17T06:46:03+00:00\" \/>\n<meta property=\"og:image\" content=\"https:\/\/fashiongold.lt\/wp-content\/uploads\/2025\/10\/1918-473-Suzadetuviu-ziedas-Meiles-pumpuras-su-safyru.webp\" \/>\n\t<meta property=\"og:image:width\" content=\"519\" \/>\n\t<meta property=\"og:image:height\" content=\"471\" \/>\n\t<meta property=\"og:image:type\" content=\"image\/jpeg\" \/>\n<meta name=\"twitter:card\" content=\"summary_large_image\" \/>\n<meta name=\"twitter:label1\" content=\"Szacowany czas czytania\" \/>\n\t<meta name=\"twitter:data1\" content=\"1 minuta\" \/>\n<script type=\"application\/ld+json\" class=\"yoast-schema-graph\">{\"@context\":\"https:\/\/schema.org\",\"@graph\":[{\"@type\":\"WebPage\",\"@id\":\"https:\/\/fashiongold.lt\/pl\/papuosalas\/lsniacy-pak-milosci-pierscionek-z-bialego-zlota-z-szafirem-i-diamentami\/\",\"url\":\"https:\/\/fashiongold.lt\/pl\/papuosalas\/lsniacy-pak-milosci-pierscionek-z-bialego-zlota-z-szafirem-i-diamentami\/\",\"name\":\"Z\u0142oty pier\u015bcionek z szafirem i diamentami - L\u015bni\u0105cy p\u0105k mi\u0142o\u015bci\",\"isPartOf\":{\"@id\":\"https:\/\/fashiongold.lt\/pl\/#website\"},\"primaryImageOfPage\":{\"@id\":\"https:\/\/fashiongold.lt\/pl\/papuosalas\/lsniacy-pak-milosci-pierscionek-z-bialego-zlota-z-szafirem-i-diamentami\/#primaryimage\"},\"image\":{\"@id\":\"https:\/\/fashiongold.lt\/pl\/papuosalas\/lsniacy-pak-milosci-pierscionek-z-bialego-zlota-z-szafirem-i-diamentami\/#primaryimage\"},\"thumbnailUrl\":\"https:\/\/fashiongold.lt\/wp-content\/uploads\/2025\/10\/1918-473-Suzadetuviu-ziedas-Meiles-pumpuras-su-safyru.jpg\",\"datePublished\":\"2025-10-09T18:56:07+00:00\",\"dateModified\":\"2026-02-17T06:46:03+00:00\",\"description\":\"Z\u0142oty pier\u015bcionek z prawdziwym szafirem o owalnym kszta\u0142cie i diamentami. Zachwycaj\u0105cy wyb\u00f3r dla ukochanej \u2013 symbol wiecznej mi\u0142o\u015bci.\",\"breadcrumb\":{\"@id\":\"https:\/\/fashiongold.lt\/pl\/papuosalas\/lsniacy-pak-milosci-pierscionek-z-bialego-zlota-z-szafirem-i-diamentami\/#breadcrumb\"},\"inLanguage\":\"pl-PL\",\"potentialAction\":[{\"@type\":\"ReadAction\",\"target\":[\"https:\/\/fashiongold.lt\/pl\/papuosalas\/lsniacy-pak-milosci-pierscionek-z-bialego-zlota-z-szafirem-i-diamentami\/\"]}]},{\"@type\":\"ImageObject\",\"inLanguage\":\"pl-PL\",\"@id\":\"https:\/\/fashiongold.lt\/pl\/papuosalas\/lsniacy-pak-milosci-pierscionek-z-bialego-zlota-z-szafirem-i-diamentami\/#primaryimage\",\"url\":\"https:\/\/fashiongold.lt\/wp-content\/uploads\/2025\/10\/1918-473-Suzadetuviu-ziedas-Meiles-pumpuras-su-safyru.jpg\",\"contentUrl\":\"https:\/\/fashiongold.lt\/wp-content\/uploads\/2025\/10\/1918-473-Suzadetuviu-ziedas-Meiles-pumpuras-su-safyru.jpg\",\"width\":519,\"height\":471},{\"@type\":\"BreadcrumbList\",\"@id\":\"https:\/\/fashiongold.lt\/pl\/papuosalas\/lsniacy-pak-milosci-pierscionek-z-bialego-zlota-z-szafirem-i-diamentami\/#breadcrumb\",\"itemListElement\":[{\"@type\":\"ListItem\",\"position\":1,\"name\":\"Home\",\"item\":\"https:\/\/fashiongold.lt\/pl\/\"},{\"@type\":\"ListItem\",\"position\":2,\"name\":\"Sklep z diamentami Fashiongold.lt\",\"item\":\"https:\/\/fashiongold.lt\/shop-2\/\"},{\"@type\":\"ListItem\",\"position\":3,\"name\":\"L\u015bni\u0105cy p\u0105k mi\u0142o\u015bci \u2013 Pier\u015bcionek z bia\u0142ego z\u0142ota z szafirem i diamentami\"}]},{\"@type\":\"WebSite\",\"@id\":\"https:\/\/fashiongold.lt\/pl\/#website\",\"url\":\"https:\/\/fashiongold.lt\/pl\/\",\"name\":\"Fashion Gold\",\"description\":\"Juvelyrikos namai\",\"publisher\":{\"@id\":\"https:\/\/fashiongold.lt\/pl\/#organization\"},\"potentialAction\":[{\"@type\":\"SearchAction\",\"target\":{\"@type\":\"EntryPoint\",\"urlTemplate\":\"https:\/\/fashiongold.lt\/pl\/?s={search_term_string}\"},\"query-input\":{\"@type\":\"PropertyValueSpecification\",\"valueRequired\":true,\"valueName\":\"search_term_string\"}}],\"inLanguage\":\"pl-PL\"},{\"@type\":\"Organization\",\"@id\":\"https:\/\/fashiongold.lt\/pl\/#organization\",\"name\":\"Topdiamonds Online\",\"url\":\"https:\/\/fashiongold.lt\/pl\/\",\"logo\":{\"@type\":\"ImageObject\",\"inLanguage\":\"pl-PL\",\"@id\":\"https:\/\/fashiongold.lt\/pl\/#\/schema\/logo\/image\/\",\"url\":\"https:\/\/fashiongold.lt\/wp-content\/uploads\/2025\/04\/cropped-fashion_gold_logotipas2-scaled-1.png\",\"contentUrl\":\"https:\/\/fashiongold.lt\/wp-content\/uploads\/2025\/04\/cropped-fashion_gold_logotipas2-scaled-1.png\",\"width\":2559,\"height\":421,\"caption\":\"Topdiamonds Online\"},\"image\":{\"@id\":\"https:\/\/fashiongold.lt\/pl\/#\/schema\/logo\/image\/\"}}]}<\/script>\n<!-- \/ Yoast SEO plugin. -->","yoast_head_json":{"title":"Z\u0142oty pier\u015bcionek z szafirem i diamentami - L\u015bni\u0105cy p\u0105k mi\u0142o\u015bci","description":"Z\u0142oty pier\u015bcionek z prawdziwym szafirem o owalnym kszta\u0142cie i diamentami. Zachwycaj\u0105cy wyb\u00f3r dla ukochanej \u2013 symbol wiecznej mi\u0142o\u015bci.","robots":{"index":"index","follow":"follow","max-snippet":"max-snippet:-1","max-image-preview":"max-image-preview:large","max-video-preview":"max-video-preview:-1"},"canonical":"https:\/\/fashiongold.lt\/pl\/papuosalas\/lsniacy-pak-milosci-pierscionek-z-bialego-zlota-z-szafirem-i-diamentami\/","og_locale":"pl_PL","og_type":"article","og_title":"Z\u0142oty pier\u015bcionek z szafirem i diamentami - L\u015bni\u0105cy p\u0105k mi\u0142o\u015bci","og_description":"Z\u0142oty pier\u015bcionek z prawdziwym szafirem o owalnym kszta\u0142cie i diamentami. Zachwycaj\u0105cy wyb\u00f3r dla ukochanej \u2013 symbol wiecznej mi\u0142o\u015bci.","og_url":"https:\/\/fashiongold.lt\/pl\/papuosalas\/lsniacy-pak-milosci-pierscionek-z-bialego-zlota-z-szafirem-i-diamentami\/","og_site_name":"FashionGold.lt","article_modified_time":"2026-02-17T06:46:03+00:00","og_image":[{"width":519,"height":471,"url":"https:\/\/fashiongold.lt\/wp-content\/uploads\/2025\/10\/1918-473-Suzadetuviu-ziedas-Meiles-pumpuras-su-safyru.webp","type":"image\/jpeg"}],"twitter_card":"summary_large_image","twitter_misc":{"Szacowany czas czytania":"1 minuta"},"schema":{"@context":"https:\/\/schema.org","@graph":[{"@type":"WebPage","@id":"https:\/\/fashiongold.lt\/pl\/papuosalas\/lsniacy-pak-milosci-pierscionek-z-bialego-zlota-z-szafirem-i-diamentami\/","url":"https:\/\/fashiongold.lt\/pl\/papuosalas\/lsniacy-pak-milosci-pierscionek-z-bialego-zlota-z-szafirem-i-diamentami\/","name":"Z\u0142oty pier\u015bcionek z szafirem i diamentami - L\u015bni\u0105cy p\u0105k mi\u0142o\u015bci","isPartOf":{"@id":"https:\/\/fashiongold.lt\/pl\/#website"},"primaryImageOfPage":{"@id":"https:\/\/fashiongold.lt\/pl\/papuosalas\/lsniacy-pak-milosci-pierscionek-z-bialego-zlota-z-szafirem-i-diamentami\/#primaryimage"},"image":{"@id":"https:\/\/fashiongold.lt\/pl\/papuosalas\/lsniacy-pak-milosci-pierscionek-z-bialego-zlota-z-szafirem-i-diamentami\/#primaryimage"},"thumbnailUrl":"https:\/\/fashiongold.lt\/wp-content\/uploads\/2025\/10\/1918-473-Suzadetuviu-ziedas-Meiles-pumpuras-su-safyru.jpg","datePublished":"2025-10-09T18:56:07+00:00","dateModified":"2026-02-17T06:46:03+00:00","description":"Z\u0142oty pier\u015bcionek z prawdziwym szafirem o owalnym kszta\u0142cie i diamentami. Zachwycaj\u0105cy wyb\u00f3r dla ukochanej \u2013 symbol wiecznej mi\u0142o\u015bci.","breadcrumb":{"@id":"https:\/\/fashiongold.lt\/pl\/papuosalas\/lsniacy-pak-milosci-pierscionek-z-bialego-zlota-z-szafirem-i-diamentami\/#breadcrumb"},"inLanguage":"pl-PL","potentialAction":[{"@type":"ReadAction","target":["https:\/\/fashiongold.lt\/pl\/papuosalas\/lsniacy-pak-milosci-pierscionek-z-bialego-zlota-z-szafirem-i-diamentami\/"]}]},{"@type":"ImageObject","inLanguage":"pl-PL","@id":"https:\/\/fashiongold.lt\/pl\/papuosalas\/lsniacy-pak-milosci-pierscionek-z-bialego-zlota-z-szafirem-i-diamentami\/#primaryimage","url":"https:\/\/fashiongold.lt\/wp-content\/uploads\/2025\/10\/1918-473-Suzadetuviu-ziedas-Meiles-pumpuras-su-safyru.jpg","contentUrl":"https:\/\/fashiongold.lt\/wp-content\/uploads\/2025\/10\/1918-473-Suzadetuviu-ziedas-Meiles-pumpuras-su-safyru.jpg","width":519,"height":471},{"@type":"BreadcrumbList","@id":"https:\/\/fashiongold.lt\/pl\/papuosalas\/lsniacy-pak-milosci-pierscionek-z-bialego-zlota-z-szafirem-i-diamentami\/#breadcrumb","itemListElement":[{"@type":"ListItem","position":1,"name":"Home","item":"https:\/\/fashiongold.lt\/pl\/"},{"@type":"ListItem","position":2,"name":"Sklep z diamentami Fashiongold.lt","item":"https:\/\/fashiongold.lt\/shop-2\/"},{"@type":"ListItem","position":3,"name":"L\u015bni\u0105cy p\u0105k mi\u0142o\u015bci \u2013 Pier\u015bcionek z bia\u0142ego z\u0142ota z szafirem i diamentami"}]},{"@type":"WebSite","@id":"https:\/\/fashiongold.lt\/pl\/#website","url":"https:\/\/fashiongold.lt\/pl\/","name":"Fashion Gold","description":"Juvelyrikos namai","publisher":{"@id":"https:\/\/fashiongold.lt\/pl\/#organization"},"potentialAction":[{"@type":"SearchAction","target":{"@type":"EntryPoint","urlTemplate":"https:\/\/fashiongold.lt\/pl\/?s={search_term_string}"},"query-input":{"@type":"PropertyValueSpecification","valueRequired":true,"valueName":"search_term_string"}}],"inLanguage":"pl-PL"},{"@type":"Organization","@id":"https:\/\/fashiongold.lt\/pl\/#organization","name":"Topdiamonds Online","url":"https:\/\/fashiongold.lt\/pl\/","logo":{"@type":"ImageObject","inLanguage":"pl-PL","@id":"https:\/\/fashiongold.lt\/pl\/#\/schema\/logo\/image\/","url":"https:\/\/fashiongold.lt\/wp-content\/uploads\/2025\/04\/cropped-fashion_gold_logotipas2-scaled-1.png","contentUrl":"https:\/\/fashiongold.lt\/wp-content\/uploads\/2025\/04\/cropped-fashion_gold_logotipas2-scaled-1.png","width":2559,"height":421,"caption":"Topdiamonds Online"},"image":{"@id":"https:\/\/fashiongold.lt\/pl\/#\/schema\/logo\/image\/"}}]}},"_links":{"self":[{"href":"https:\/\/fashiongold.lt\/pl\/wp-json\/wp\/v2\/product\/288025","targetHints":{"allow":["GET"]}}],"collection":[{"href":"https:\/\/fashiongold.lt\/pl\/wp-json\/wp\/v2\/product"}],"about":[{"href":"https:\/\/fashiongold.lt\/pl\/wp-json\/wp\/v2\/types\/product"}],"version-history":[{"count":0,"href":"https:\/\/fashiongold.lt\/pl\/wp-json\/wp\/v2\/product\/288025\/revisions"}],"wp:featuredmedia":[{"embeddable":true,"href":"https:\/\/fashiongold.lt\/pl\/wp-json\/wp\/v2\/media\/57787"}],"wp:attachment":[{"href":"https:\/\/fashiongold.lt\/pl\/wp-json\/wp\/v2\/media?parent=288025"}],"wp:term":[{"taxonomy":"product_brand","embeddable":true,"href":"https:\/\/fashiongold.lt\/pl\/wp-json\/wp\/v2\/product_brand?post=288025"},{"taxonomy":"product_cat","embeddable":true,"href":"https:\/\/fashiongold.lt\/pl\/wp-json\/wp\/v2\/product_cat?post=288025"},{"taxonomy":"product_tag","embeddable":true,"href":"https:\/\/fashiongold.lt\/pl\/wp-json\/wp\/v2\/product_tag?post=288025"}],"curies":[{"name":"wp","href":"https:\/\/api.w.org\/{rel}","templated":true}]}}