{"id":288140,"date":"2025-10-09T18:53:41","date_gmt":"2025-10-09T18:53:41","guid":{"rendered":"https:\/\/fashiongold.lt\/papuosalas\/pierscionek-zareczynowy-romantika-z-szafirem\/"},"modified":"2025-10-09T18:53:41","modified_gmt":"2025-10-09T18:53:41","slug":"pierscionek-zareczynowy-romantika-z-szafirem","status":"publish","type":"product","link":"https:\/\/fashiongold.lt\/pl\/papuosalas\/pierscionek-zareczynowy-romantika-z-szafirem\/","title":{"rendered":"Pier\u015bcionek zar\u0119czynowy \u201eRomantika\u201d z szafirem"},"content":{"rendered":"<p><span>Pier\u015bcionek zar\u0119czynowy stworzony przez mistrz\u00f3w jubilerstwa \u201eFashion Gold\u201d cechuje si\u0119 niezwykle wysok\u0105 jako\u015bci\u0105, posiada certyfikat Litewskiego Urz\u0119du Probierczego i jest dost\u0119pny w wyj\u0105tkowo atrakcyjnej cenie. To bi\u017cuteria, kt\u00f3r\u0105 mo\u017cna przekazywa\u0107 z pokolenia na pokolenie jako pami\u0105tk\u0119 rodzinn\u0105, poniewa\u017c ani z\u0142oto, ani prawdziwe kamienie szlachetne nigdy nie trac\u0105 na warto\u015bci. Ten z\u0142oty pier\u015bcionek mo\u017cna zam\u00f3wi\u0107 zar\u00f3wno w salonie, jak i online.\u00a0<\/span><\/p>\n<p>Waga pier\u015bcionka zar\u0119czynowego &#8211; 1,60-2,00 g<\/p>\n<p>Kolor z\u0142ota &#8211;\u00a0\u017c\u00f3\u0142te lub bia\u0142e<\/p>\n<p><span>Waga szafiru &#8211; 0,60 ct<\/span><\/p>\n<p><span><span>Brylanty &#8211; \u00a0waga 0,03 ct, barwa H, czysto\u015b\u0107 SI<\/span><\/span><\/p>\n<p><span>Po z\u0142o\u017ceniu zam\u00f3wienia bi\u017cuteri\u0119 dostarczymy w ci\u0105gu 7-14 dni roboczych.\u00a0<\/span><\/p>\n","protected":false},"excerpt":{"rendered":"<p><span>Pier\u015bcionek zar\u0119czynowy z \u017c\u00f3\u0142tego lub bia\u0142ego z\u0142ota (mo\u017cemy wykona\u0107 z innego koloru z\u0142ota) z prawdziwym szafirem \u2013 o\u015bwiadcz si\u0119 swojej ukochanej, a ta bi\u017cuteria b\u0119dzie przez ca\u0142e \u017cycie przypomina\u0107 o tej wyj\u0105tkowej chwili.<\/span><\/p>\n","protected":false},"featured_media":57592,"template":"","meta":{"site-sidebar-layout":"","site-content-layout":"","ast-site-content-layout":"","site-content-style":"","site-sidebar-style":"","ast-global-header-display":"","ast-banner-title-visibility":"","ast-main-header-display":"","ast-hfb-above-header-display":"","ast-hfb-below-header-display":"","ast-hfb-mobile-header-display":"","site-post-title":"","ast-breadcrumbs-content":"","ast-featured-img":"","footer-sml-layout":"","ast-disable-related-posts":"","theme-transparent-header-meta":"","adv-header-id-meta":"","stick-header-meta":"","header-above-stick-meta":"","header-main-stick-meta":"","header-below-stick-meta":"","astra-migrate-meta-layouts":"default","ast-page-background-enabled":"default","ast-page-background-meta":{"desktop":{"background-color":"var(--ast-global-color-4)","background-image":"","background-repeat":"repeat","background-position":"center center","background-size":"auto","background-attachment":"scroll","background-type":"","background-media":"","overlay-type":"","overlay-color":"","overlay-opacity":"","overlay-gradient":""},"tablet":{"background-color":"","background-image":"","background-repeat":"repeat","background-position":"center center","background-size":"auto","background-attachment":"scroll","background-type":"","background-media":"","overlay-type":"","overlay-color":"","overlay-opacity":"","overlay-gradient":""},"mobile":{"background-color":"","background-image":"","background-repeat":"repeat","background-position":"center center","background-size":"auto","background-attachment":"scroll","background-type":"","background-media":"","overlay-type":"","overlay-color":"","overlay-opacity":"","overlay-gradient":""}},"ast-content-background-meta":{"desktop":{"background-color":"var(--ast-global-color-5)","background-image":"","background-repeat":"repeat","background-position":"center center","background-size":"auto","background-attachment":"scroll","background-type":"","background-media":"","overlay-type":"","overlay-color":"","overlay-opacity":"","overlay-gradient":""},"tablet":{"background-color":"var(--ast-global-color-5)","background-image":"","background-repeat":"repeat","background-position":"center center","background-size":"auto","background-attachment":"scroll","background-type":"","background-media":"","overlay-type":"","overlay-color":"","overlay-opacity":"","overlay-gradient":""},"mobile":{"background-color":"var(--ast-global-color-5)","background-image":"","background-repeat":"repeat","background-position":"center center","background-size":"auto","background-attachment":"scroll","background-type":"","background-media":"","overlay-type":"","overlay-color":"","overlay-opacity":"","overlay-gradient":""}}},"product_brand":[],"product_cat":[2878,3179,2873,3359],"product_tag":[],"class_list":{"0":"post-288140","1":"product","2":"type-product","3":"status-publish","4":"has-post-thumbnail","6":"product_cat-bizuteria-z-niebieskimi-kamieniami-szlachetnymi","7":"product_cat-niebieski-klejnot","8":"product_cat-szafir-bizuteria-z-szafirami","9":"product_cat-wyprzedaz","10":"desktop-align-center","11":"tablet-align-left","12":"mobile-align-left","13":"ast-product-gallery-layout-horizontal-slider","14":"ast-product-gallery-with-no-image","15":"ast-product-single-variable","16":"ast-product-tabs-layout-accordion","17":"ast-qv-on-image","19":"first","20":"instock","21":"taxable","22":"shipping-taxable","23":"purchasable","24":"product-type-variable"},"yoast_head":"<!-- This site is optimized with the Yoast SEO plugin v26.6 - https:\/\/yoast.com\/wordpress\/plugins\/seo\/ -->\n<title>Pier\u015bcionek zar\u0119czynowy \u201eRomantika\u201d z szafirem I FashionGold<\/title>\n<meta name=\"description\" content=\"Pier\u015bcionek zar\u0119czynowy z \u017c\u00f3\u0142tego lub bia\u0142ego z\u0142ota z prawdziwym szafirem \u2013 o\u015bwiadcz si\u0119 swojej ukochanej, a ta bi\u017cuteria b\u0119dzie przez ca\u0142e \u017cycie przypomina\u0107 o tej wyj\u0105tkowej chwili.\" \/>\n<meta name=\"robots\" content=\"index, follow, max-snippet:-1, max-image-preview:large, max-video-preview:-1\" \/>\n<link rel=\"canonical\" href=\"https:\/\/fashiongold.lt\/pl\/papuosalas\/pierscionek-zareczynowy-romantika-z-szafirem\/\" \/>\n<meta property=\"og:locale\" content=\"pl_PL\" \/>\n<meta property=\"og:type\" content=\"article\" \/>\n<meta property=\"og:title\" content=\"Pier\u015bcionek zar\u0119czynowy \u201eRomantika\u201d z szafirem I FashionGold\" \/>\n<meta property=\"og:description\" content=\"Pier\u015bcionek zar\u0119czynowy z \u017c\u00f3\u0142tego lub bia\u0142ego z\u0142ota z prawdziwym szafirem \u2013 o\u015bwiadcz si\u0119 swojej ukochanej, a ta bi\u017cuteria b\u0119dzie przez ca\u0142e \u017cycie przypomina\u0107 o tej wyj\u0105tkowej chwili.\" \/>\n<meta property=\"og:url\" content=\"https:\/\/fashiongold.lt\/pl\/papuosalas\/pierscionek-zareczynowy-romantika-z-szafirem\/\" \/>\n<meta property=\"og:site_name\" content=\"FashionGold.lt\" \/>\n<meta property=\"og:image\" content=\"https:\/\/fashiongold.lt\/wp-content\/uploads\/2025\/10\/1909-c56-Suzadetuviu-ziedas-Romantika-su-safyru.webp\" \/>\n\t<meta property=\"og:image:width\" content=\"522\" \/>\n\t<meta property=\"og:image:height\" content=\"461\" \/>\n\t<meta property=\"og:image:type\" content=\"image\/jpeg\" \/>\n<meta name=\"twitter:card\" content=\"summary_large_image\" \/>\n<meta name=\"twitter:label1\" content=\"Szacowany czas czytania\" \/>\n\t<meta name=\"twitter:data1\" content=\"1 minuta\" \/>\n<script type=\"application\/ld+json\" class=\"yoast-schema-graph\">{\"@context\":\"https:\/\/schema.org\",\"@graph\":[{\"@type\":\"WebPage\",\"@id\":\"https:\/\/fashiongold.lt\/pl\/papuosalas\/pierscionek-zareczynowy-romantika-z-szafirem\/\",\"url\":\"https:\/\/fashiongold.lt\/pl\/papuosalas\/pierscionek-zareczynowy-romantika-z-szafirem\/\",\"name\":\"Pier\u015bcionek zar\u0119czynowy \u201eRomantika\u201d z szafirem I FashionGold\",\"isPartOf\":{\"@id\":\"https:\/\/fashiongold.lt\/pl\/#website\"},\"primaryImageOfPage\":{\"@id\":\"https:\/\/fashiongold.lt\/pl\/papuosalas\/pierscionek-zareczynowy-romantika-z-szafirem\/#primaryimage\"},\"image\":{\"@id\":\"https:\/\/fashiongold.lt\/pl\/papuosalas\/pierscionek-zareczynowy-romantika-z-szafirem\/#primaryimage\"},\"thumbnailUrl\":\"https:\/\/fashiongold.lt\/wp-content\/uploads\/2025\/10\/1909-c56-Suzadetuviu-ziedas-Romantika-su-safyru.jpg\",\"datePublished\":\"2025-10-09T18:53:41+00:00\",\"description\":\"Pier\u015bcionek zar\u0119czynowy z \u017c\u00f3\u0142tego lub bia\u0142ego z\u0142ota z prawdziwym szafirem \u2013 o\u015bwiadcz si\u0119 swojej ukochanej, a ta bi\u017cuteria b\u0119dzie przez ca\u0142e \u017cycie przypomina\u0107 o tej wyj\u0105tkowej chwili.\",\"breadcrumb\":{\"@id\":\"https:\/\/fashiongold.lt\/pl\/papuosalas\/pierscionek-zareczynowy-romantika-z-szafirem\/#breadcrumb\"},\"inLanguage\":\"pl-PL\",\"potentialAction\":[{\"@type\":\"ReadAction\",\"target\":[\"https:\/\/fashiongold.lt\/pl\/papuosalas\/pierscionek-zareczynowy-romantika-z-szafirem\/\"]}]},{\"@type\":\"ImageObject\",\"inLanguage\":\"pl-PL\",\"@id\":\"https:\/\/fashiongold.lt\/pl\/papuosalas\/pierscionek-zareczynowy-romantika-z-szafirem\/#primaryimage\",\"url\":\"https:\/\/fashiongold.lt\/wp-content\/uploads\/2025\/10\/1909-c56-Suzadetuviu-ziedas-Romantika-su-safyru.jpg\",\"contentUrl\":\"https:\/\/fashiongold.lt\/wp-content\/uploads\/2025\/10\/1909-c56-Suzadetuviu-ziedas-Romantika-su-safyru.jpg\",\"width\":522,\"height\":461},{\"@type\":\"BreadcrumbList\",\"@id\":\"https:\/\/fashiongold.lt\/pl\/papuosalas\/pierscionek-zareczynowy-romantika-z-szafirem\/#breadcrumb\",\"itemListElement\":[{\"@type\":\"ListItem\",\"position\":1,\"name\":\"Home\",\"item\":\"https:\/\/fashiongold.lt\/pl\/\"},{\"@type\":\"ListItem\",\"position\":2,\"name\":\"Sklep z diamentami Fashiongold.lt\",\"item\":\"https:\/\/fashiongold.lt\/shop-2\/\"},{\"@type\":\"ListItem\",\"position\":3,\"name\":\"Pier\u015bcionek zar\u0119czynowy \u201eRomantika\u201d z szafirem\"}]},{\"@type\":\"WebSite\",\"@id\":\"https:\/\/fashiongold.lt\/pl\/#website\",\"url\":\"https:\/\/fashiongold.lt\/pl\/\",\"name\":\"Fashion Gold\",\"description\":\"Juvelyrikos namai\",\"publisher\":{\"@id\":\"https:\/\/fashiongold.lt\/pl\/#organization\"},\"potentialAction\":[{\"@type\":\"SearchAction\",\"target\":{\"@type\":\"EntryPoint\",\"urlTemplate\":\"https:\/\/fashiongold.lt\/pl\/?s={search_term_string}\"},\"query-input\":{\"@type\":\"PropertyValueSpecification\",\"valueRequired\":true,\"valueName\":\"search_term_string\"}}],\"inLanguage\":\"pl-PL\"},{\"@type\":\"Organization\",\"@id\":\"https:\/\/fashiongold.lt\/pl\/#organization\",\"name\":\"Topdiamonds Online\",\"url\":\"https:\/\/fashiongold.lt\/pl\/\",\"logo\":{\"@type\":\"ImageObject\",\"inLanguage\":\"pl-PL\",\"@id\":\"https:\/\/fashiongold.lt\/pl\/#\/schema\/logo\/image\/\",\"url\":\"https:\/\/fashiongold.lt\/wp-content\/uploads\/2025\/04\/cropped-fashion_gold_logotipas2-scaled-1.png\",\"contentUrl\":\"https:\/\/fashiongold.lt\/wp-content\/uploads\/2025\/04\/cropped-fashion_gold_logotipas2-scaled-1.png\",\"width\":2559,\"height\":421,\"caption\":\"Topdiamonds Online\"},\"image\":{\"@id\":\"https:\/\/fashiongold.lt\/pl\/#\/schema\/logo\/image\/\"}}]}<\/script>\n<!-- \/ Yoast SEO plugin. -->","yoast_head_json":{"title":"Pier\u015bcionek zar\u0119czynowy \u201eRomantika\u201d z szafirem I FashionGold","description":"Pier\u015bcionek zar\u0119czynowy z \u017c\u00f3\u0142tego lub bia\u0142ego z\u0142ota z prawdziwym szafirem \u2013 o\u015bwiadcz si\u0119 swojej ukochanej, a ta bi\u017cuteria b\u0119dzie przez ca\u0142e \u017cycie przypomina\u0107 o tej wyj\u0105tkowej chwili.","robots":{"index":"index","follow":"follow","max-snippet":"max-snippet:-1","max-image-preview":"max-image-preview:large","max-video-preview":"max-video-preview:-1"},"canonical":"https:\/\/fashiongold.lt\/pl\/papuosalas\/pierscionek-zareczynowy-romantika-z-szafirem\/","og_locale":"pl_PL","og_type":"article","og_title":"Pier\u015bcionek zar\u0119czynowy \u201eRomantika\u201d z szafirem I FashionGold","og_description":"Pier\u015bcionek zar\u0119czynowy z \u017c\u00f3\u0142tego lub bia\u0142ego z\u0142ota z prawdziwym szafirem \u2013 o\u015bwiadcz si\u0119 swojej ukochanej, a ta bi\u017cuteria b\u0119dzie przez ca\u0142e \u017cycie przypomina\u0107 o tej wyj\u0105tkowej chwili.","og_url":"https:\/\/fashiongold.lt\/pl\/papuosalas\/pierscionek-zareczynowy-romantika-z-szafirem\/","og_site_name":"FashionGold.lt","og_image":[{"width":522,"height":461,"url":"https:\/\/fashiongold.lt\/wp-content\/uploads\/2025\/10\/1909-c56-Suzadetuviu-ziedas-Romantika-su-safyru.webp","type":"image\/jpeg"}],"twitter_card":"summary_large_image","twitter_misc":{"Szacowany czas czytania":"1 minuta"},"schema":{"@context":"https:\/\/schema.org","@graph":[{"@type":"WebPage","@id":"https:\/\/fashiongold.lt\/pl\/papuosalas\/pierscionek-zareczynowy-romantika-z-szafirem\/","url":"https:\/\/fashiongold.lt\/pl\/papuosalas\/pierscionek-zareczynowy-romantika-z-szafirem\/","name":"Pier\u015bcionek zar\u0119czynowy \u201eRomantika\u201d z szafirem I FashionGold","isPartOf":{"@id":"https:\/\/fashiongold.lt\/pl\/#website"},"primaryImageOfPage":{"@id":"https:\/\/fashiongold.lt\/pl\/papuosalas\/pierscionek-zareczynowy-romantika-z-szafirem\/#primaryimage"},"image":{"@id":"https:\/\/fashiongold.lt\/pl\/papuosalas\/pierscionek-zareczynowy-romantika-z-szafirem\/#primaryimage"},"thumbnailUrl":"https:\/\/fashiongold.lt\/wp-content\/uploads\/2025\/10\/1909-c56-Suzadetuviu-ziedas-Romantika-su-safyru.jpg","datePublished":"2025-10-09T18:53:41+00:00","description":"Pier\u015bcionek zar\u0119czynowy z \u017c\u00f3\u0142tego lub bia\u0142ego z\u0142ota z prawdziwym szafirem \u2013 o\u015bwiadcz si\u0119 swojej ukochanej, a ta bi\u017cuteria b\u0119dzie przez ca\u0142e \u017cycie przypomina\u0107 o tej wyj\u0105tkowej chwili.","breadcrumb":{"@id":"https:\/\/fashiongold.lt\/pl\/papuosalas\/pierscionek-zareczynowy-romantika-z-szafirem\/#breadcrumb"},"inLanguage":"pl-PL","potentialAction":[{"@type":"ReadAction","target":["https:\/\/fashiongold.lt\/pl\/papuosalas\/pierscionek-zareczynowy-romantika-z-szafirem\/"]}]},{"@type":"ImageObject","inLanguage":"pl-PL","@id":"https:\/\/fashiongold.lt\/pl\/papuosalas\/pierscionek-zareczynowy-romantika-z-szafirem\/#primaryimage","url":"https:\/\/fashiongold.lt\/wp-content\/uploads\/2025\/10\/1909-c56-Suzadetuviu-ziedas-Romantika-su-safyru.jpg","contentUrl":"https:\/\/fashiongold.lt\/wp-content\/uploads\/2025\/10\/1909-c56-Suzadetuviu-ziedas-Romantika-su-safyru.jpg","width":522,"height":461},{"@type":"BreadcrumbList","@id":"https:\/\/fashiongold.lt\/pl\/papuosalas\/pierscionek-zareczynowy-romantika-z-szafirem\/#breadcrumb","itemListElement":[{"@type":"ListItem","position":1,"name":"Home","item":"https:\/\/fashiongold.lt\/pl\/"},{"@type":"ListItem","position":2,"name":"Sklep z diamentami Fashiongold.lt","item":"https:\/\/fashiongold.lt\/shop-2\/"},{"@type":"ListItem","position":3,"name":"Pier\u015bcionek zar\u0119czynowy \u201eRomantika\u201d z szafirem"}]},{"@type":"WebSite","@id":"https:\/\/fashiongold.lt\/pl\/#website","url":"https:\/\/fashiongold.lt\/pl\/","name":"Fashion Gold","description":"Juvelyrikos namai","publisher":{"@id":"https:\/\/fashiongold.lt\/pl\/#organization"},"potentialAction":[{"@type":"SearchAction","target":{"@type":"EntryPoint","urlTemplate":"https:\/\/fashiongold.lt\/pl\/?s={search_term_string}"},"query-input":{"@type":"PropertyValueSpecification","valueRequired":true,"valueName":"search_term_string"}}],"inLanguage":"pl-PL"},{"@type":"Organization","@id":"https:\/\/fashiongold.lt\/pl\/#organization","name":"Topdiamonds Online","url":"https:\/\/fashiongold.lt\/pl\/","logo":{"@type":"ImageObject","inLanguage":"pl-PL","@id":"https:\/\/fashiongold.lt\/pl\/#\/schema\/logo\/image\/","url":"https:\/\/fashiongold.lt\/wp-content\/uploads\/2025\/04\/cropped-fashion_gold_logotipas2-scaled-1.png","contentUrl":"https:\/\/fashiongold.lt\/wp-content\/uploads\/2025\/04\/cropped-fashion_gold_logotipas2-scaled-1.png","width":2559,"height":421,"caption":"Topdiamonds Online"},"image":{"@id":"https:\/\/fashiongold.lt\/pl\/#\/schema\/logo\/image\/"}}]}},"_links":{"self":[{"href":"https:\/\/fashiongold.lt\/pl\/wp-json\/wp\/v2\/product\/288140","targetHints":{"allow":["GET"]}}],"collection":[{"href":"https:\/\/fashiongold.lt\/pl\/wp-json\/wp\/v2\/product"}],"about":[{"href":"https:\/\/fashiongold.lt\/pl\/wp-json\/wp\/v2\/types\/product"}],"version-history":[{"count":0,"href":"https:\/\/fashiongold.lt\/pl\/wp-json\/wp\/v2\/product\/288140\/revisions"}],"wp:featuredmedia":[{"embeddable":true,"href":"https:\/\/fashiongold.lt\/pl\/wp-json\/wp\/v2\/media\/57592"}],"wp:attachment":[{"href":"https:\/\/fashiongold.lt\/pl\/wp-json\/wp\/v2\/media?parent=288140"}],"wp:term":[{"taxonomy":"product_brand","embeddable":true,"href":"https:\/\/fashiongold.lt\/pl\/wp-json\/wp\/v2\/product_brand?post=288140"},{"taxonomy":"product_cat","embeddable":true,"href":"https:\/\/fashiongold.lt\/pl\/wp-json\/wp\/v2\/product_cat?post=288140"},{"taxonomy":"product_tag","embeddable":true,"href":"https:\/\/fashiongold.lt\/pl\/wp-json\/wp\/v2\/product_tag?post=288140"}],"curies":[{"name":"wp","href":"https:\/\/api.w.org\/{rel}","templated":true}]}}