{"id":288195,"date":"2025-10-09T18:42:17","date_gmt":"2025-10-09T18:42:17","guid":{"rendered":"https:\/\/fashiongold.lt\/papuosalas\/minimalistyczny-pierscionek-z-diamentem-brilliantdelta\/"},"modified":"2025-10-09T18:42:17","modified_gmt":"2025-10-09T18:42:17","slug":"minimalistyczny-pierscionek-z-diamentem-brilliantdelta","status":"publish","type":"product","link":"https:\/\/fashiongold.lt\/pl\/papuosalas\/minimalistyczny-pierscionek-z-diamentem-brilliantdelta\/","title":{"rendered":"Minimalistyczny pier\u015bcionek z diamentem \u2013 BrilliantDelta"},"content":{"rendered":"<p>Luksusowy i subtelny pier\u015bcionek BrilliantDelta \u2013 klasyka bia\u0142ego z\u0142ota z diamentem. Ta minimalistyczna bi\u017cuteria doda uroku i elegancji ka\u017cdemu Twojemu krokowi, odzwierciedlaj\u0105c Twoj\u0105 wyj\u0105tkowo\u015b\u0107 i styl.<\/p>\n<p>Pier\u015bcionek zar\u0119czynowy stworzony przez mistrz\u00f3w jubilerstwa \u201eFashion Gold\u201d charakteryzuje si\u0119 wyj\u0105tkowo wysok\u0105 jako\u015bci\u0105, posiada certyfikat Litewskiego Urz\u0119du Probierczego i jest dost\u0119pny w bardzo atrakcyjnej cenie. To bi\u017cuteria, kt\u00f3r\u0105 mo\u017cna przekazywa\u0107 z pokolenia na pokolenie jako relikwi\u0119 rodzinn\u0105, poniewa\u017c ani z\u0142oto, ani prawdziwe diamenty nigdy nie trac\u0105 na warto\u015bci. Ten z\u0142oty pier\u015bcionek mo\u017cna zam\u00f3wi\u0107 zar\u00f3wno w salonie, jak i online.\u00a0<\/p>\n<p>Waga z\u0142otego pier\u015bcionka &#8211; 1,50-1,90 g<\/p>\n<p>Kolor z\u0142ota pier\u015bcionka &#8211; bia\u0142y<\/p>\n<p>Waga brylant\u00f3w &#8211; 0,04 ct, barwa H, czysto\u015b\u0107 SI<\/p>\n<p>Mo\u017cna obejrze\u0107 w domu jubilerskim \u201eFashion Gold\u201d przy ul. Pam\u0117nkalnio 5 w Wilnie\u00a0<\/p>\n<p><span>Po zam\u00f3wieniu bi\u017cuteri\u0119 dostarczymy w ci\u0105gu 7-14 dni roboczych. Mo\u017cliwy bezp\u0142atny grawer. Pier\u015bcionek posiada certyfikat Litewskiego Urz\u0119du Probierczego.<\/span><\/p>\n<p><span>Pier\u015bcionki zar\u0119czynowe to jedna z dziedzin dzia\u0142alno\u015bci \u201eFashion Gold\u201d. W salonie znajdziesz r\u00f3wnie\u017c obr\u0105czki \u015blubne, bi\u017cuteri\u0119 dla kobiet, m\u0119\u017cczyzn i dzieci na r\u00f3\u017cne okazje, monety oraz sztabki z\u0142ota.<\/span><\/p>\n<p><span>OFERUJEMY PIER\u015aCIONKI ZAR\u0118CZYNOWE I INN\u0104 BI\u017bUTERI\u0118 NA ZAM\u00d3WIENIE ORAZ WED\u0141UG TWOICH INDYWIDUALNYCH \u017bYCZE\u0143. SKONTAKTUJ SI\u0118 info@fashiongold.lt<\/span><\/p><\/p>\n","protected":false},"excerpt":{"rendered":"<p>BrilliantDelta &#8211; Minimalistyczny pier\u015bcionek z bia\u0142ego z\u0142ota o klasycznym kszta\u0142cie z diamentem. Elegancka i subtelna bi\u017cuteria, kt\u00f3ra doda uroku i elegancji ka\u017cdemu Twojemu krokowi.<\/p>\n","protected":false},"featured_media":56784,"template":"","meta":{"site-sidebar-layout":"","site-content-layout":"","ast-site-content-layout":"","site-content-style":"","site-sidebar-style":"","ast-global-header-display":"","ast-banner-title-visibility":"","ast-main-header-display":"","ast-hfb-above-header-display":"","ast-hfb-below-header-display":"","ast-hfb-mobile-header-display":"","site-post-title":"","ast-breadcrumbs-content":"","ast-featured-img":"","footer-sml-layout":"","ast-disable-related-posts":"","theme-transparent-header-meta":"","adv-header-id-meta":"","stick-header-meta":"","header-above-stick-meta":"","header-main-stick-meta":"","header-below-stick-meta":"","astra-migrate-meta-layouts":"default","ast-page-background-enabled":"default","ast-page-background-meta":{"desktop":{"background-color":"var(--ast-global-color-4)","background-image":"","background-repeat":"repeat","background-position":"center center","background-size":"auto","background-attachment":"scroll","background-type":"","background-media":"","overlay-type":"","overlay-color":"","overlay-opacity":"","overlay-gradient":""},"tablet":{"background-color":"","background-image":"","background-repeat":"repeat","background-position":"center center","background-size":"auto","background-attachment":"scroll","background-type":"","background-media":"","overlay-type":"","overlay-color":"","overlay-opacity":"","overlay-gradient":""},"mobile":{"background-color":"","background-image":"","background-repeat":"repeat","background-position":"center center","background-size":"auto","background-attachment":"scroll","background-type":"","background-media":"","overlay-type":"","overlay-color":"","overlay-opacity":"","overlay-gradient":""}},"ast-content-background-meta":{"desktop":{"background-color":"var(--ast-global-color-5)","background-image":"","background-repeat":"repeat","background-position":"center center","background-size":"auto","background-attachment":"scroll","background-type":"","background-media":"","overlay-type":"","overlay-color":"","overlay-opacity":"","overlay-gradient":""},"tablet":{"background-color":"var(--ast-global-color-5)","background-image":"","background-repeat":"repeat","background-position":"center center","background-size":"auto","background-attachment":"scroll","background-type":"","background-media":"","overlay-type":"","overlay-color":"","overlay-opacity":"","overlay-gradient":""},"mobile":{"background-color":"var(--ast-global-color-5)","background-image":"","background-repeat":"repeat","background-position":"center center","background-size":"auto","background-attachment":"scroll","background-type":"","background-media":"","overlay-type":"","overlay-color":"","overlay-opacity":"","overlay-gradient":""}}},"product_brand":[],"product_cat":[3359],"product_tag":[],"class_list":{"0":"post-288195","1":"product","2":"type-product","3":"status-publish","4":"has-post-thumbnail","6":"product_cat-wyprzedaz","7":"desktop-align-center","8":"tablet-align-left","9":"mobile-align-left","10":"ast-product-gallery-layout-horizontal-slider","11":"ast-product-gallery-with-no-image","12":"ast-product-single-variable","13":"ast-product-tabs-layout-accordion","14":"ast-qv-on-image","16":"first","17":"instock","18":"taxable","19":"shipping-taxable","20":"purchasable","21":"product-type-variable"},"yoast_head":"<!-- This site is optimized with the Yoast SEO plugin v26.6 - https:\/\/yoast.com\/wordpress\/plugins\/seo\/ -->\n<title>Minimalistyczny pier\u015bcionek z diamentem<\/title>\n<meta name=\"description\" content=\"Minimalistyczny pier\u015bcionek o klasycznym kszta\u0142cie z diamentem. Elegancka i subtelna bi\u017cuteria, kt\u00f3ra doda uroku i elegancji ka\u017cdemu Twojemu krokowi.\" \/>\n<meta name=\"robots\" content=\"index, follow, max-snippet:-1, max-image-preview:large, max-video-preview:-1\" \/>\n<link rel=\"canonical\" href=\"https:\/\/fashiongold.lt\/pl\/papuosalas\/minimalistyczny-pierscionek-z-diamentem-brilliantdelta\/\" \/>\n<meta property=\"og:locale\" content=\"pl_PL\" \/>\n<meta property=\"og:type\" content=\"article\" \/>\n<meta property=\"og:title\" content=\"Minimalistyczny pier\u015bcionek z diamentem\" \/>\n<meta property=\"og:description\" content=\"Minimalistyczny pier\u015bcionek o klasycznym kszta\u0142cie z diamentem. Elegancka i subtelna bi\u017cuteria, kt\u00f3ra doda uroku i elegancji ka\u017cdemu Twojemu krokowi.\" \/>\n<meta property=\"og:url\" content=\"https:\/\/fashiongold.lt\/pl\/papuosalas\/minimalistyczny-pierscionek-z-diamentem-brilliantdelta\/\" \/>\n<meta property=\"og:site_name\" content=\"FashionGold.lt\" \/>\n<meta property=\"og:image\" content=\"https:\/\/fashiongold.lt\/wp-content\/uploads\/2025\/10\/1852-b94-Suzadetuviu-ziedas-Delta.webp\" \/>\n\t<meta property=\"og:image:width\" content=\"545\" \/>\n\t<meta property=\"og:image:height\" content=\"481\" \/>\n\t<meta property=\"og:image:type\" content=\"image\/jpeg\" \/>\n<meta name=\"twitter:card\" content=\"summary_large_image\" \/>\n<meta name=\"twitter:label1\" content=\"Szacowany czas czytania\" \/>\n\t<meta name=\"twitter:data1\" content=\"1 minuta\" \/>\n<script type=\"application\/ld+json\" class=\"yoast-schema-graph\">{\"@context\":\"https:\/\/schema.org\",\"@graph\":[{\"@type\":\"WebPage\",\"@id\":\"https:\/\/fashiongold.lt\/pl\/papuosalas\/minimalistyczny-pierscionek-z-diamentem-brilliantdelta\/\",\"url\":\"https:\/\/fashiongold.lt\/pl\/papuosalas\/minimalistyczny-pierscionek-z-diamentem-brilliantdelta\/\",\"name\":\"Minimalistyczny pier\u015bcionek z diamentem\",\"isPartOf\":{\"@id\":\"https:\/\/fashiongold.lt\/pl\/#website\"},\"primaryImageOfPage\":{\"@id\":\"https:\/\/fashiongold.lt\/pl\/papuosalas\/minimalistyczny-pierscionek-z-diamentem-brilliantdelta\/#primaryimage\"},\"image\":{\"@id\":\"https:\/\/fashiongold.lt\/pl\/papuosalas\/minimalistyczny-pierscionek-z-diamentem-brilliantdelta\/#primaryimage\"},\"thumbnailUrl\":\"https:\/\/fashiongold.lt\/wp-content\/uploads\/2025\/10\/1852-b94-Suzadetuviu-ziedas-Delta.jpg\",\"datePublished\":\"2025-10-09T18:42:17+00:00\",\"description\":\"Minimalistyczny pier\u015bcionek o klasycznym kszta\u0142cie z diamentem. Elegancka i subtelna bi\u017cuteria, kt\u00f3ra doda uroku i elegancji ka\u017cdemu Twojemu krokowi.\",\"breadcrumb\":{\"@id\":\"https:\/\/fashiongold.lt\/pl\/papuosalas\/minimalistyczny-pierscionek-z-diamentem-brilliantdelta\/#breadcrumb\"},\"inLanguage\":\"pl-PL\",\"potentialAction\":[{\"@type\":\"ReadAction\",\"target\":[\"https:\/\/fashiongold.lt\/pl\/papuosalas\/minimalistyczny-pierscionek-z-diamentem-brilliantdelta\/\"]}]},{\"@type\":\"ImageObject\",\"inLanguage\":\"pl-PL\",\"@id\":\"https:\/\/fashiongold.lt\/pl\/papuosalas\/minimalistyczny-pierscionek-z-diamentem-brilliantdelta\/#primaryimage\",\"url\":\"https:\/\/fashiongold.lt\/wp-content\/uploads\/2025\/10\/1852-b94-Suzadetuviu-ziedas-Delta.jpg\",\"contentUrl\":\"https:\/\/fashiongold.lt\/wp-content\/uploads\/2025\/10\/1852-b94-Suzadetuviu-ziedas-Delta.jpg\",\"width\":545,\"height\":481},{\"@type\":\"BreadcrumbList\",\"@id\":\"https:\/\/fashiongold.lt\/pl\/papuosalas\/minimalistyczny-pierscionek-z-diamentem-brilliantdelta\/#breadcrumb\",\"itemListElement\":[{\"@type\":\"ListItem\",\"position\":1,\"name\":\"Home\",\"item\":\"https:\/\/fashiongold.lt\/pl\/\"},{\"@type\":\"ListItem\",\"position\":2,\"name\":\"Sklep z diamentami Fashiongold.lt\",\"item\":\"https:\/\/fashiongold.lt\/shop-2\/\"},{\"@type\":\"ListItem\",\"position\":3,\"name\":\"Minimalistyczny pier\u015bcionek z diamentem \u2013 BrilliantDelta\"}]},{\"@type\":\"WebSite\",\"@id\":\"https:\/\/fashiongold.lt\/pl\/#website\",\"url\":\"https:\/\/fashiongold.lt\/pl\/\",\"name\":\"Fashion Gold\",\"description\":\"Juvelyrikos namai\",\"publisher\":{\"@id\":\"https:\/\/fashiongold.lt\/pl\/#organization\"},\"potentialAction\":[{\"@type\":\"SearchAction\",\"target\":{\"@type\":\"EntryPoint\",\"urlTemplate\":\"https:\/\/fashiongold.lt\/pl\/?s={search_term_string}\"},\"query-input\":{\"@type\":\"PropertyValueSpecification\",\"valueRequired\":true,\"valueName\":\"search_term_string\"}}],\"inLanguage\":\"pl-PL\"},{\"@type\":\"Organization\",\"@id\":\"https:\/\/fashiongold.lt\/pl\/#organization\",\"name\":\"Topdiamonds Online\",\"url\":\"https:\/\/fashiongold.lt\/pl\/\",\"logo\":{\"@type\":\"ImageObject\",\"inLanguage\":\"pl-PL\",\"@id\":\"https:\/\/fashiongold.lt\/pl\/#\/schema\/logo\/image\/\",\"url\":\"https:\/\/fashiongold.lt\/wp-content\/uploads\/2025\/04\/cropped-fashion_gold_logotipas2-scaled-1.png\",\"contentUrl\":\"https:\/\/fashiongold.lt\/wp-content\/uploads\/2025\/04\/cropped-fashion_gold_logotipas2-scaled-1.png\",\"width\":2559,\"height\":421,\"caption\":\"Topdiamonds Online\"},\"image\":{\"@id\":\"https:\/\/fashiongold.lt\/pl\/#\/schema\/logo\/image\/\"}}]}<\/script>\n<!-- \/ Yoast SEO plugin. -->","yoast_head_json":{"title":"Minimalistyczny pier\u015bcionek z diamentem","description":"Minimalistyczny pier\u015bcionek o klasycznym kszta\u0142cie z diamentem. Elegancka i subtelna bi\u017cuteria, kt\u00f3ra doda uroku i elegancji ka\u017cdemu Twojemu krokowi.","robots":{"index":"index","follow":"follow","max-snippet":"max-snippet:-1","max-image-preview":"max-image-preview:large","max-video-preview":"max-video-preview:-1"},"canonical":"https:\/\/fashiongold.lt\/pl\/papuosalas\/minimalistyczny-pierscionek-z-diamentem-brilliantdelta\/","og_locale":"pl_PL","og_type":"article","og_title":"Minimalistyczny pier\u015bcionek z diamentem","og_description":"Minimalistyczny pier\u015bcionek o klasycznym kszta\u0142cie z diamentem. Elegancka i subtelna bi\u017cuteria, kt\u00f3ra doda uroku i elegancji ka\u017cdemu Twojemu krokowi.","og_url":"https:\/\/fashiongold.lt\/pl\/papuosalas\/minimalistyczny-pierscionek-z-diamentem-brilliantdelta\/","og_site_name":"FashionGold.lt","og_image":[{"width":545,"height":481,"url":"https:\/\/fashiongold.lt\/wp-content\/uploads\/2025\/10\/1852-b94-Suzadetuviu-ziedas-Delta.webp","type":"image\/jpeg"}],"twitter_card":"summary_large_image","twitter_misc":{"Szacowany czas czytania":"1 minuta"},"schema":{"@context":"https:\/\/schema.org","@graph":[{"@type":"WebPage","@id":"https:\/\/fashiongold.lt\/pl\/papuosalas\/minimalistyczny-pierscionek-z-diamentem-brilliantdelta\/","url":"https:\/\/fashiongold.lt\/pl\/papuosalas\/minimalistyczny-pierscionek-z-diamentem-brilliantdelta\/","name":"Minimalistyczny pier\u015bcionek z diamentem","isPartOf":{"@id":"https:\/\/fashiongold.lt\/pl\/#website"},"primaryImageOfPage":{"@id":"https:\/\/fashiongold.lt\/pl\/papuosalas\/minimalistyczny-pierscionek-z-diamentem-brilliantdelta\/#primaryimage"},"image":{"@id":"https:\/\/fashiongold.lt\/pl\/papuosalas\/minimalistyczny-pierscionek-z-diamentem-brilliantdelta\/#primaryimage"},"thumbnailUrl":"https:\/\/fashiongold.lt\/wp-content\/uploads\/2025\/10\/1852-b94-Suzadetuviu-ziedas-Delta.jpg","datePublished":"2025-10-09T18:42:17+00:00","description":"Minimalistyczny pier\u015bcionek o klasycznym kszta\u0142cie z diamentem. Elegancka i subtelna bi\u017cuteria, kt\u00f3ra doda uroku i elegancji ka\u017cdemu Twojemu krokowi.","breadcrumb":{"@id":"https:\/\/fashiongold.lt\/pl\/papuosalas\/minimalistyczny-pierscionek-z-diamentem-brilliantdelta\/#breadcrumb"},"inLanguage":"pl-PL","potentialAction":[{"@type":"ReadAction","target":["https:\/\/fashiongold.lt\/pl\/papuosalas\/minimalistyczny-pierscionek-z-diamentem-brilliantdelta\/"]}]},{"@type":"ImageObject","inLanguage":"pl-PL","@id":"https:\/\/fashiongold.lt\/pl\/papuosalas\/minimalistyczny-pierscionek-z-diamentem-brilliantdelta\/#primaryimage","url":"https:\/\/fashiongold.lt\/wp-content\/uploads\/2025\/10\/1852-b94-Suzadetuviu-ziedas-Delta.jpg","contentUrl":"https:\/\/fashiongold.lt\/wp-content\/uploads\/2025\/10\/1852-b94-Suzadetuviu-ziedas-Delta.jpg","width":545,"height":481},{"@type":"BreadcrumbList","@id":"https:\/\/fashiongold.lt\/pl\/papuosalas\/minimalistyczny-pierscionek-z-diamentem-brilliantdelta\/#breadcrumb","itemListElement":[{"@type":"ListItem","position":1,"name":"Home","item":"https:\/\/fashiongold.lt\/pl\/"},{"@type":"ListItem","position":2,"name":"Sklep z diamentami Fashiongold.lt","item":"https:\/\/fashiongold.lt\/shop-2\/"},{"@type":"ListItem","position":3,"name":"Minimalistyczny pier\u015bcionek z diamentem \u2013 BrilliantDelta"}]},{"@type":"WebSite","@id":"https:\/\/fashiongold.lt\/pl\/#website","url":"https:\/\/fashiongold.lt\/pl\/","name":"Fashion Gold","description":"Juvelyrikos namai","publisher":{"@id":"https:\/\/fashiongold.lt\/pl\/#organization"},"potentialAction":[{"@type":"SearchAction","target":{"@type":"EntryPoint","urlTemplate":"https:\/\/fashiongold.lt\/pl\/?s={search_term_string}"},"query-input":{"@type":"PropertyValueSpecification","valueRequired":true,"valueName":"search_term_string"}}],"inLanguage":"pl-PL"},{"@type":"Organization","@id":"https:\/\/fashiongold.lt\/pl\/#organization","name":"Topdiamonds Online","url":"https:\/\/fashiongold.lt\/pl\/","logo":{"@type":"ImageObject","inLanguage":"pl-PL","@id":"https:\/\/fashiongold.lt\/pl\/#\/schema\/logo\/image\/","url":"https:\/\/fashiongold.lt\/wp-content\/uploads\/2025\/04\/cropped-fashion_gold_logotipas2-scaled-1.png","contentUrl":"https:\/\/fashiongold.lt\/wp-content\/uploads\/2025\/04\/cropped-fashion_gold_logotipas2-scaled-1.png","width":2559,"height":421,"caption":"Topdiamonds Online"},"image":{"@id":"https:\/\/fashiongold.lt\/pl\/#\/schema\/logo\/image\/"}}]}},"_links":{"self":[{"href":"https:\/\/fashiongold.lt\/pl\/wp-json\/wp\/v2\/product\/288195","targetHints":{"allow":["GET"]}}],"collection":[{"href":"https:\/\/fashiongold.lt\/pl\/wp-json\/wp\/v2\/product"}],"about":[{"href":"https:\/\/fashiongold.lt\/pl\/wp-json\/wp\/v2\/types\/product"}],"version-history":[{"count":0,"href":"https:\/\/fashiongold.lt\/pl\/wp-json\/wp\/v2\/product\/288195\/revisions"}],"wp:featuredmedia":[{"embeddable":true,"href":"https:\/\/fashiongold.lt\/pl\/wp-json\/wp\/v2\/media\/56784"}],"wp:attachment":[{"href":"https:\/\/fashiongold.lt\/pl\/wp-json\/wp\/v2\/media?parent=288195"}],"wp:term":[{"taxonomy":"product_brand","embeddable":true,"href":"https:\/\/fashiongold.lt\/pl\/wp-json\/wp\/v2\/product_brand?post=288195"},{"taxonomy":"product_cat","embeddable":true,"href":"https:\/\/fashiongold.lt\/pl\/wp-json\/wp\/v2\/product_cat?post=288195"},{"taxonomy":"product_tag","embeddable":true,"href":"https:\/\/fashiongold.lt\/pl\/wp-json\/wp\/v2\/product_tag?post=288195"}],"curies":[{"name":"wp","href":"https:\/\/api.w.org\/{rel}","templated":true}]}}