{"id":288230,"date":"2025-10-09T18:31:45","date_gmt":"2025-10-09T18:31:45","guid":{"rendered":"https:\/\/fashiongold.lt\/papuosalas\/nowoczesny-pierscionek-z-bialego-zlota-z-diamentem-vela-brilliance\/"},"modified":"2025-10-09T18:31:45","modified_gmt":"2025-10-09T18:31:45","slug":"nowoczesny-pierscionek-z-bialego-zlota-z-diamentem-vela-brilliance","status":"publish","type":"product","link":"https:\/\/fashiongold.lt\/pl\/papuosalas\/nowoczesny-pierscionek-z-bialego-zlota-z-diamentem-vela-brilliance\/","title":{"rendered":"Nowoczesny pier\u015bcionek z bia\u0142ego z\u0142ota z diamentem Vela Brilliance"},"content":{"rendered":"<p>Odkryj urok z Vela Brilliance \u2013 nowoczesnym pier\u015bcionkiem z bia\u0142ego z\u0142ota z diamentem. Korona w centrum pier\u015bcionka zosta\u0142a zaprojektowana jako p\u0142atki kwiat\u00f3w, trzymaj\u0105ce prawdziwy diament. Zaokr\u0105glone kszta\u0142ty, minimalistyczny i wygodny design zapewniaj\u0105 komfort i elegancj\u0119 podczas noszenia!<\/p>\n<p>Pier\u015bcionek zar\u0119czynowy stworzony przez mistrz\u00f3w jubilerstwa \u201eFashion Gold\u201d charakteryzuje si\u0119 niezwykle wysok\u0105 jako\u015bci\u0105, posiada certyfikat Litewskiego Urz\u0119du Probierczego i jest dost\u0119pny w bardzo atrakcyjnej cenie. To bi\u017cuteria, kt\u00f3r\u0105 mo\u017cna przekazywa\u0107 z pokolenia na pokolenie jako rodzinn\u0105 pami\u0105tk\u0119, poniewa\u017c ani z\u0142oto, ani prawdziwe diamenty nigdy nie trac\u0105 na warto\u015bci. Ten z\u0142oty pier\u015bcionek mo\u017cna zam\u00f3wi\u0107 zar\u00f3wno w salonie, jak i online.<\/p>\n<p>Waga pier\u015bcionka zar\u0119czynowego \u2013 1,10-1,50 g,<\/p>\n<p>Kolor z\u0142ota \u2013 bia\u0142y<\/p>\n<p>Waga brylant\u00f3w \u2013 0,08 ct, kolor H, czysto\u015b\u0107 SI<\/p>\n<p>Mo\u017cna go obejrze\u0107 w domu jubilerskim \u201eFashion Gold\u201d przy ul. Pam\u0117nkalnio 5 w Wilnie<\/p>\n<p><span>Po zam\u00f3wieniu bi\u017cuteri\u0119 dostarczymy w ci\u0105gu 7-14 dni roboczych. Mo\u017cliwy bezp\u0142atny grawer. Pier\u015bcionek otrzymuje certyfikat Litewskiego Urz\u0119du Probierczego.<\/span><\/p>\n<p><span>Pier\u015bcionki zar\u0119czynowe to jedna z dziedzin dzia\u0142alno\u015bci \u201eFashion Gold\u201d. W salonie znajd\u0105 Pa\u0144stwo r\u00f3wnie\u017c obr\u0105czki \u015blubne, bi\u017cuteri\u0119 dla kobiet, m\u0119\u017cczyzn i dzieci na r\u00f3\u017cne okazje, monety oraz sztabki z\u0142ota.<\/span><\/p>\n<p><span>OFERUJEMY PIER\u015aCIONKI ZAR\u0118CZYNOWE I INN\u0104 BI\u017bUTERI\u0118 NA ZAM\u00d3WIENIE ORAZ WED\u0141UG PA\u0143STWA INDYWIDUALNYCH \u017bYCZE\u0143. ZAPRASZAMY DO KONTAKTU info@fashiongold.lt<\/span><\/p><\/p>\n","protected":false},"excerpt":{"rendered":"<p>Nowoczesny pier\u015bcionek z bia\u0142ego z\u0142ota z diamentem. Korona w kszta\u0142cie p\u0142atk\u00f3w kwiatu trzyma prawdziwy diament. Zaokr\u0105glony, minimalistyczny i wygodny design zapewnia elegancj\u0119 i komfort.<\/p>\n","protected":false},"featured_media":56086,"template":"","meta":{"site-sidebar-layout":"","site-content-layout":"","ast-site-content-layout":"","site-content-style":"","site-sidebar-style":"","ast-global-header-display":"","ast-banner-title-visibility":"","ast-main-header-display":"","ast-hfb-above-header-display":"","ast-hfb-below-header-display":"","ast-hfb-mobile-header-display":"","site-post-title":"","ast-breadcrumbs-content":"","ast-featured-img":"","footer-sml-layout":"","ast-disable-related-posts":"","theme-transparent-header-meta":"","adv-header-id-meta":"","stick-header-meta":"","header-above-stick-meta":"","header-main-stick-meta":"","header-below-stick-meta":"","astra-migrate-meta-layouts":"default","ast-page-background-enabled":"default","ast-page-background-meta":{"desktop":{"background-color":"var(--ast-global-color-4)","background-image":"","background-repeat":"repeat","background-position":"center center","background-size":"auto","background-attachment":"scroll","background-type":"","background-media":"","overlay-type":"","overlay-color":"","overlay-opacity":"","overlay-gradient":""},"tablet":{"background-color":"","background-image":"","background-repeat":"repeat","background-position":"center center","background-size":"auto","background-attachment":"scroll","background-type":"","background-media":"","overlay-type":"","overlay-color":"","overlay-opacity":"","overlay-gradient":""},"mobile":{"background-color":"","background-image":"","background-repeat":"repeat","background-position":"center center","background-size":"auto","background-attachment":"scroll","background-type":"","background-media":"","overlay-type":"","overlay-color":"","overlay-opacity":"","overlay-gradient":""}},"ast-content-background-meta":{"desktop":{"background-color":"var(--ast-global-color-5)","background-image":"","background-repeat":"repeat","background-position":"center center","background-size":"auto","background-attachment":"scroll","background-type":"","background-media":"","overlay-type":"","overlay-color":"","overlay-opacity":"","overlay-gradient":""},"tablet":{"background-color":"var(--ast-global-color-5)","background-image":"","background-repeat":"repeat","background-position":"center center","background-size":"auto","background-attachment":"scroll","background-type":"","background-media":"","overlay-type":"","overlay-color":"","overlay-opacity":"","overlay-gradient":""},"mobile":{"background-color":"var(--ast-global-color-5)","background-image":"","background-repeat":"repeat","background-position":"center center","background-size":"auto","background-attachment":"scroll","background-type":"","background-media":"","overlay-type":"","overlay-color":"","overlay-opacity":"","overlay-gradient":""}}},"product_brand":[],"product_cat":[3359],"product_tag":[],"class_list":{"0":"post-288230","1":"product","2":"type-product","3":"status-publish","4":"has-post-thumbnail","6":"product_cat-wyprzedaz","7":"desktop-align-center","8":"tablet-align-left","9":"mobile-align-left","10":"ast-product-gallery-layout-horizontal-slider","11":"ast-product-gallery-with-no-image","12":"ast-product-single-variable","13":"ast-product-tabs-layout-accordion","14":"ast-qv-on-image","16":"first","17":"instock","18":"taxable","19":"shipping-taxable","20":"purchasable","21":"product-type-variable"},"yoast_head":"<!-- This site is optimized with the Yoast SEO plugin v26.6 - https:\/\/yoast.com\/wordpress\/plugins\/seo\/ -->\n<title>Nowoczesny pier\u015bcionek z diamentem<\/title>\n<meta name=\"description\" content=\"Nowoczesny pier\u015bcionek z diamentem. Korona w kszta\u0142cie listk\u00f3w kwiatowych trzyma prawdziwy diament. Zaokr\u0105glony, minimalistyczny i wygodny design zapewnia elegancj\u0119 i komfort.\" \/>\n<meta name=\"robots\" content=\"index, follow, max-snippet:-1, max-image-preview:large, max-video-preview:-1\" \/>\n<link rel=\"canonical\" href=\"https:\/\/fashiongold.lt\/pl\/papuosalas\/nowoczesny-pierscionek-z-bialego-zlota-z-diamentem-vela-brilliance\/\" \/>\n<meta property=\"og:locale\" content=\"pl_PL\" \/>\n<meta property=\"og:type\" content=\"article\" \/>\n<meta property=\"og:title\" content=\"Nowoczesny pier\u015bcionek z diamentem\" \/>\n<meta property=\"og:description\" content=\"Nowoczesny pier\u015bcionek z diamentem. Korona w kszta\u0142cie listk\u00f3w kwiatowych trzyma prawdziwy diament. Zaokr\u0105glony, minimalistyczny i wygodny design zapewnia elegancj\u0119 i komfort.\" \/>\n<meta property=\"og:url\" content=\"https:\/\/fashiongold.lt\/pl\/papuosalas\/nowoczesny-pierscionek-z-bialego-zlota-z-diamentem-vela-brilliance\/\" \/>\n<meta property=\"og:site_name\" content=\"FashionGold.lt\" \/>\n<meta property=\"og:image\" content=\"https:\/\/fashiongold.lt\/wp-content\/uploads\/2025\/10\/1818-7c4-Suzadetuviu-ziedas-Vela.webp\" \/>\n\t<meta property=\"og:image:width\" content=\"497\" \/>\n\t<meta property=\"og:image:height\" content=\"473\" \/>\n\t<meta property=\"og:image:type\" content=\"image\/jpeg\" \/>\n<meta name=\"twitter:card\" content=\"summary_large_image\" \/>\n<meta name=\"twitter:label1\" content=\"Szacowany czas czytania\" \/>\n\t<meta name=\"twitter:data1\" content=\"1 minuta\" \/>\n<script type=\"application\/ld+json\" class=\"yoast-schema-graph\">{\"@context\":\"https:\/\/schema.org\",\"@graph\":[{\"@type\":\"WebPage\",\"@id\":\"https:\/\/fashiongold.lt\/pl\/papuosalas\/nowoczesny-pierscionek-z-bialego-zlota-z-diamentem-vela-brilliance\/\",\"url\":\"https:\/\/fashiongold.lt\/pl\/papuosalas\/nowoczesny-pierscionek-z-bialego-zlota-z-diamentem-vela-brilliance\/\",\"name\":\"Nowoczesny pier\u015bcionek z diamentem\",\"isPartOf\":{\"@id\":\"https:\/\/fashiongold.lt\/pl\/#website\"},\"primaryImageOfPage\":{\"@id\":\"https:\/\/fashiongold.lt\/pl\/papuosalas\/nowoczesny-pierscionek-z-bialego-zlota-z-diamentem-vela-brilliance\/#primaryimage\"},\"image\":{\"@id\":\"https:\/\/fashiongold.lt\/pl\/papuosalas\/nowoczesny-pierscionek-z-bialego-zlota-z-diamentem-vela-brilliance\/#primaryimage\"},\"thumbnailUrl\":\"https:\/\/fashiongold.lt\/wp-content\/uploads\/2025\/10\/1818-7c4-Suzadetuviu-ziedas-Vela.jpg\",\"datePublished\":\"2025-10-09T18:31:45+00:00\",\"description\":\"Nowoczesny pier\u015bcionek z diamentem. Korona w kszta\u0142cie listk\u00f3w kwiatowych trzyma prawdziwy diament. Zaokr\u0105glony, minimalistyczny i wygodny design zapewnia elegancj\u0119 i komfort.\",\"breadcrumb\":{\"@id\":\"https:\/\/fashiongold.lt\/pl\/papuosalas\/nowoczesny-pierscionek-z-bialego-zlota-z-diamentem-vela-brilliance\/#breadcrumb\"},\"inLanguage\":\"pl-PL\",\"potentialAction\":[{\"@type\":\"ReadAction\",\"target\":[\"https:\/\/fashiongold.lt\/pl\/papuosalas\/nowoczesny-pierscionek-z-bialego-zlota-z-diamentem-vela-brilliance\/\"]}]},{\"@type\":\"ImageObject\",\"inLanguage\":\"pl-PL\",\"@id\":\"https:\/\/fashiongold.lt\/pl\/papuosalas\/nowoczesny-pierscionek-z-bialego-zlota-z-diamentem-vela-brilliance\/#primaryimage\",\"url\":\"https:\/\/fashiongold.lt\/wp-content\/uploads\/2025\/10\/1818-7c4-Suzadetuviu-ziedas-Vela.jpg\",\"contentUrl\":\"https:\/\/fashiongold.lt\/wp-content\/uploads\/2025\/10\/1818-7c4-Suzadetuviu-ziedas-Vela.jpg\",\"width\":497,\"height\":473},{\"@type\":\"BreadcrumbList\",\"@id\":\"https:\/\/fashiongold.lt\/pl\/papuosalas\/nowoczesny-pierscionek-z-bialego-zlota-z-diamentem-vela-brilliance\/#breadcrumb\",\"itemListElement\":[{\"@type\":\"ListItem\",\"position\":1,\"name\":\"Home\",\"item\":\"https:\/\/fashiongold.lt\/pl\/\"},{\"@type\":\"ListItem\",\"position\":2,\"name\":\"Sklep z diamentami Fashiongold.lt\",\"item\":\"https:\/\/fashiongold.lt\/shop-2\/\"},{\"@type\":\"ListItem\",\"position\":3,\"name\":\"Nowoczesny pier\u015bcionek z bia\u0142ego z\u0142ota z diamentem Vela Brilliance\"}]},{\"@type\":\"WebSite\",\"@id\":\"https:\/\/fashiongold.lt\/pl\/#website\",\"url\":\"https:\/\/fashiongold.lt\/pl\/\",\"name\":\"Fashion Gold\",\"description\":\"Juvelyrikos namai\",\"publisher\":{\"@id\":\"https:\/\/fashiongold.lt\/pl\/#organization\"},\"potentialAction\":[{\"@type\":\"SearchAction\",\"target\":{\"@type\":\"EntryPoint\",\"urlTemplate\":\"https:\/\/fashiongold.lt\/pl\/?s={search_term_string}\"},\"query-input\":{\"@type\":\"PropertyValueSpecification\",\"valueRequired\":true,\"valueName\":\"search_term_string\"}}],\"inLanguage\":\"pl-PL\"},{\"@type\":\"Organization\",\"@id\":\"https:\/\/fashiongold.lt\/pl\/#organization\",\"name\":\"Topdiamonds Online\",\"url\":\"https:\/\/fashiongold.lt\/pl\/\",\"logo\":{\"@type\":\"ImageObject\",\"inLanguage\":\"pl-PL\",\"@id\":\"https:\/\/fashiongold.lt\/pl\/#\/schema\/logo\/image\/\",\"url\":\"https:\/\/fashiongold.lt\/wp-content\/uploads\/2025\/04\/cropped-fashion_gold_logotipas2-scaled-1.png\",\"contentUrl\":\"https:\/\/fashiongold.lt\/wp-content\/uploads\/2025\/04\/cropped-fashion_gold_logotipas2-scaled-1.png\",\"width\":2559,\"height\":421,\"caption\":\"Topdiamonds Online\"},\"image\":{\"@id\":\"https:\/\/fashiongold.lt\/pl\/#\/schema\/logo\/image\/\"}}]}<\/script>\n<!-- \/ Yoast SEO plugin. -->","yoast_head_json":{"title":"Nowoczesny pier\u015bcionek z diamentem","description":"Nowoczesny pier\u015bcionek z diamentem. Korona w kszta\u0142cie listk\u00f3w kwiatowych trzyma prawdziwy diament. Zaokr\u0105glony, minimalistyczny i wygodny design zapewnia elegancj\u0119 i komfort.","robots":{"index":"index","follow":"follow","max-snippet":"max-snippet:-1","max-image-preview":"max-image-preview:large","max-video-preview":"max-video-preview:-1"},"canonical":"https:\/\/fashiongold.lt\/pl\/papuosalas\/nowoczesny-pierscionek-z-bialego-zlota-z-diamentem-vela-brilliance\/","og_locale":"pl_PL","og_type":"article","og_title":"Nowoczesny pier\u015bcionek z diamentem","og_description":"Nowoczesny pier\u015bcionek z diamentem. Korona w kszta\u0142cie listk\u00f3w kwiatowych trzyma prawdziwy diament. Zaokr\u0105glony, minimalistyczny i wygodny design zapewnia elegancj\u0119 i komfort.","og_url":"https:\/\/fashiongold.lt\/pl\/papuosalas\/nowoczesny-pierscionek-z-bialego-zlota-z-diamentem-vela-brilliance\/","og_site_name":"FashionGold.lt","og_image":[{"width":497,"height":473,"url":"https:\/\/fashiongold.lt\/wp-content\/uploads\/2025\/10\/1818-7c4-Suzadetuviu-ziedas-Vela.webp","type":"image\/jpeg"}],"twitter_card":"summary_large_image","twitter_misc":{"Szacowany czas czytania":"1 minuta"},"schema":{"@context":"https:\/\/schema.org","@graph":[{"@type":"WebPage","@id":"https:\/\/fashiongold.lt\/pl\/papuosalas\/nowoczesny-pierscionek-z-bialego-zlota-z-diamentem-vela-brilliance\/","url":"https:\/\/fashiongold.lt\/pl\/papuosalas\/nowoczesny-pierscionek-z-bialego-zlota-z-diamentem-vela-brilliance\/","name":"Nowoczesny pier\u015bcionek z diamentem","isPartOf":{"@id":"https:\/\/fashiongold.lt\/pl\/#website"},"primaryImageOfPage":{"@id":"https:\/\/fashiongold.lt\/pl\/papuosalas\/nowoczesny-pierscionek-z-bialego-zlota-z-diamentem-vela-brilliance\/#primaryimage"},"image":{"@id":"https:\/\/fashiongold.lt\/pl\/papuosalas\/nowoczesny-pierscionek-z-bialego-zlota-z-diamentem-vela-brilliance\/#primaryimage"},"thumbnailUrl":"https:\/\/fashiongold.lt\/wp-content\/uploads\/2025\/10\/1818-7c4-Suzadetuviu-ziedas-Vela.jpg","datePublished":"2025-10-09T18:31:45+00:00","description":"Nowoczesny pier\u015bcionek z diamentem. Korona w kszta\u0142cie listk\u00f3w kwiatowych trzyma prawdziwy diament. Zaokr\u0105glony, minimalistyczny i wygodny design zapewnia elegancj\u0119 i komfort.","breadcrumb":{"@id":"https:\/\/fashiongold.lt\/pl\/papuosalas\/nowoczesny-pierscionek-z-bialego-zlota-z-diamentem-vela-brilliance\/#breadcrumb"},"inLanguage":"pl-PL","potentialAction":[{"@type":"ReadAction","target":["https:\/\/fashiongold.lt\/pl\/papuosalas\/nowoczesny-pierscionek-z-bialego-zlota-z-diamentem-vela-brilliance\/"]}]},{"@type":"ImageObject","inLanguage":"pl-PL","@id":"https:\/\/fashiongold.lt\/pl\/papuosalas\/nowoczesny-pierscionek-z-bialego-zlota-z-diamentem-vela-brilliance\/#primaryimage","url":"https:\/\/fashiongold.lt\/wp-content\/uploads\/2025\/10\/1818-7c4-Suzadetuviu-ziedas-Vela.jpg","contentUrl":"https:\/\/fashiongold.lt\/wp-content\/uploads\/2025\/10\/1818-7c4-Suzadetuviu-ziedas-Vela.jpg","width":497,"height":473},{"@type":"BreadcrumbList","@id":"https:\/\/fashiongold.lt\/pl\/papuosalas\/nowoczesny-pierscionek-z-bialego-zlota-z-diamentem-vela-brilliance\/#breadcrumb","itemListElement":[{"@type":"ListItem","position":1,"name":"Home","item":"https:\/\/fashiongold.lt\/pl\/"},{"@type":"ListItem","position":2,"name":"Sklep z diamentami Fashiongold.lt","item":"https:\/\/fashiongold.lt\/shop-2\/"},{"@type":"ListItem","position":3,"name":"Nowoczesny pier\u015bcionek z bia\u0142ego z\u0142ota z diamentem Vela Brilliance"}]},{"@type":"WebSite","@id":"https:\/\/fashiongold.lt\/pl\/#website","url":"https:\/\/fashiongold.lt\/pl\/","name":"Fashion Gold","description":"Juvelyrikos namai","publisher":{"@id":"https:\/\/fashiongold.lt\/pl\/#organization"},"potentialAction":[{"@type":"SearchAction","target":{"@type":"EntryPoint","urlTemplate":"https:\/\/fashiongold.lt\/pl\/?s={search_term_string}"},"query-input":{"@type":"PropertyValueSpecification","valueRequired":true,"valueName":"search_term_string"}}],"inLanguage":"pl-PL"},{"@type":"Organization","@id":"https:\/\/fashiongold.lt\/pl\/#organization","name":"Topdiamonds Online","url":"https:\/\/fashiongold.lt\/pl\/","logo":{"@type":"ImageObject","inLanguage":"pl-PL","@id":"https:\/\/fashiongold.lt\/pl\/#\/schema\/logo\/image\/","url":"https:\/\/fashiongold.lt\/wp-content\/uploads\/2025\/04\/cropped-fashion_gold_logotipas2-scaled-1.png","contentUrl":"https:\/\/fashiongold.lt\/wp-content\/uploads\/2025\/04\/cropped-fashion_gold_logotipas2-scaled-1.png","width":2559,"height":421,"caption":"Topdiamonds Online"},"image":{"@id":"https:\/\/fashiongold.lt\/pl\/#\/schema\/logo\/image\/"}}]}},"_links":{"self":[{"href":"https:\/\/fashiongold.lt\/pl\/wp-json\/wp\/v2\/product\/288230","targetHints":{"allow":["GET"]}}],"collection":[{"href":"https:\/\/fashiongold.lt\/pl\/wp-json\/wp\/v2\/product"}],"about":[{"href":"https:\/\/fashiongold.lt\/pl\/wp-json\/wp\/v2\/types\/product"}],"version-history":[{"count":0,"href":"https:\/\/fashiongold.lt\/pl\/wp-json\/wp\/v2\/product\/288230\/revisions"}],"wp:featuredmedia":[{"embeddable":true,"href":"https:\/\/fashiongold.lt\/pl\/wp-json\/wp\/v2\/media\/56086"}],"wp:attachment":[{"href":"https:\/\/fashiongold.lt\/pl\/wp-json\/wp\/v2\/media?parent=288230"}],"wp:term":[{"taxonomy":"product_brand","embeddable":true,"href":"https:\/\/fashiongold.lt\/pl\/wp-json\/wp\/v2\/product_brand?post=288230"},{"taxonomy":"product_cat","embeddable":true,"href":"https:\/\/fashiongold.lt\/pl\/wp-json\/wp\/v2\/product_cat?post=288230"},{"taxonomy":"product_tag","embeddable":true,"href":"https:\/\/fashiongold.lt\/pl\/wp-json\/wp\/v2\/product_tag?post=288230"}],"curies":[{"name":"wp","href":"https:\/\/api.w.org\/{rel}","templated":true}]}}