{"id":288245,"date":"2025-10-09T18:22:23","date_gmt":"2025-10-09T18:22:23","guid":{"rendered":"https:\/\/fashiongold.lt\/papuosalas\/moderny-pierscionek-z-bialego-zlota-z-diamentem-belatriksebrilliant\/"},"modified":"2026-02-17T06:57:49","modified_gmt":"2026-02-17T06:57:49","slug":"moderny-pierscionek-z-bialego-zlota-z-diamentem-belatriksebrilliant","status":"publish","type":"product","link":"https:\/\/fashiongold.lt\/pl\/papuosalas\/moderny-pierscionek-z-bialego-zlota-z-diamentem-belatriksebrilliant\/","title":{"rendered":"Moderny pier\u015bcionek z bia\u0142ego z\u0142ota z diamentem BelatrikseBrilliant"},"content":{"rendered":"<p>Odkryj niepowtarzalne pi\u0119kno z nowoczesnym pier\u015bcionkiem z bia\u0142ego z\u0142ota z diamentem Belatriks\u0117 Brilliant. Prawdziwy diament osadzony w obr\u0105czce to praktyczny pier\u015bcionek, kt\u00f3ry idealnie nadaje si\u0119 zar\u00f3wno na zar\u0119czyny, jak i \u015blub, a tak\u017ce na r\u00f3\u017cne okazje \u2013 urodziny, uko\u0144czenie szko\u0142y czy po prostu na co dzie\u0144!<\/p>\n<p>Pier\u015bcionek zar\u0119czynowy stworzony przez mistrz\u00f3w jubilerstwa \u201eFashion Gold\u201d charakteryzuje si\u0119 niezwykle wysok\u0105 jako\u015bci\u0105, posiada certyfikat Litewskiego Urz\u0119du Probierczego i jest dost\u0119pny w wyj\u0105tkowo atrakcyjnej cenie. To bi\u017cuteria, kt\u00f3r\u0105 mo\u017cna przekazywa\u0107 z pokolenia na pokolenie jako pami\u0105tk\u0119 rodzinn\u0105, poniewa\u017c ani z\u0142oto, ani prawdziwe diamenty nigdy nie trac\u0105 na warto\u015bci. Ten z\u0142oty pier\u015bcionek mo\u017cna zam\u00f3wi\u0107 zar\u00f3wno w salonie, jak i przez internet.\u00a0<\/p>\n<p>Wyprodukowano na Litwie. Pier\u015bcionek mo\u017ce zosta\u0107 wykonany na zam\u00f3wienie: z r\u00f3\u017cowego, \u017c\u00f3\u0142tego lub bia\u0142ego z\u0142ota.\u00a0<\/p>\n<p>\u2022 Typ diamentu: Naturalny diament\u00a0<\/p>\n<p>\u2022 Kszta\u0142t diamentu: Kwadratowy (Princess cut)\u00a0<\/p>\n<p>\u2022 Charakterystyka diamentu: 0,12 ct, kolor H-I(W- STW); czysto\u015b\u0107 SI-I1\u00a0<\/p>\n<p>\u2022 Certyfikat: Litewski Urz\u0105d Probierczy (LPR)\u00a0 \u00a0<\/p>\n<p>\u2022 Z\u0142oto pier\u015bcionka: 14K (pr\u00f3ba 585)\u00a0 \u00a0<\/p>\n<p>\u2022 Kolor pier\u015bcionka: bia\u0142e z\u0142oto\u00a0 \u00a0 \u00a0<\/p>\n<p>\u2022 Waga pier\u015bcionka: oko\u0142o 1,60-1,90 g\u00a0 \u00a0<\/p>\n<p>\u2022 Wymiary pier\u015bcionka: 4,30 x 2,30 mm<\/p>\n","protected":false},"excerpt":{"rendered":"<p>Odkryj pi\u0119kno z Belatriks\u0117Brilliant &#8211; Nowoczesny pier\u015bcionek z bia\u0142ego z\u0142ota z prawdziwym diamentem, idealny na zar\u0119czyny, \u015blub i inne okazje. Niepowtarzalny urok na co dzie\u0144!<\/p>\n","protected":false},"featured_media":55415,"template":"","meta":{"site-sidebar-layout":"","site-content-layout":"","ast-site-content-layout":"","site-content-style":"","site-sidebar-style":"","ast-global-header-display":"","ast-banner-title-visibility":"","ast-main-header-display":"","ast-hfb-above-header-display":"","ast-hfb-below-header-display":"","ast-hfb-mobile-header-display":"","site-post-title":"","ast-breadcrumbs-content":"","ast-featured-img":"","footer-sml-layout":"","ast-disable-related-posts":"","theme-transparent-header-meta":"","adv-header-id-meta":"","stick-header-meta":"","header-above-stick-meta":"","header-main-stick-meta":"","header-below-stick-meta":"","astra-migrate-meta-layouts":"default","ast-page-background-enabled":"default","ast-page-background-meta":{"desktop":{"background-color":"var(--ast-global-color-4)","background-image":"","background-repeat":"repeat","background-position":"center center","background-size":"auto","background-attachment":"scroll","background-type":"","background-media":"","overlay-type":"","overlay-color":"","overlay-opacity":"","overlay-gradient":""},"tablet":{"background-color":"","background-image":"","background-repeat":"repeat","background-position":"center center","background-size":"auto","background-attachment":"scroll","background-type":"","background-media":"","overlay-type":"","overlay-color":"","overlay-opacity":"","overlay-gradient":""},"mobile":{"background-color":"","background-image":"","background-repeat":"repeat","background-position":"center center","background-size":"auto","background-attachment":"scroll","background-type":"","background-media":"","overlay-type":"","overlay-color":"","overlay-opacity":"","overlay-gradient":""}},"ast-content-background-meta":{"desktop":{"background-color":"var(--ast-global-color-5)","background-image":"","background-repeat":"repeat","background-position":"center center","background-size":"auto","background-attachment":"scroll","background-type":"","background-media":"","overlay-type":"","overlay-color":"","overlay-opacity":"","overlay-gradient":""},"tablet":{"background-color":"var(--ast-global-color-5)","background-image":"","background-repeat":"repeat","background-position":"center center","background-size":"auto","background-attachment":"scroll","background-type":"","background-media":"","overlay-type":"","overlay-color":"","overlay-opacity":"","overlay-gradient":""},"mobile":{"background-color":"var(--ast-global-color-5)","background-image":"","background-repeat":"repeat","background-position":"center center","background-size":"auto","background-attachment":"scroll","background-type":"","background-media":"","overlay-type":"","overlay-color":"","overlay-opacity":"","overlay-gradient":""}}},"product_brand":[],"product_cat":[3359],"product_tag":[],"class_list":{"0":"post-288245","1":"product","2":"type-product","3":"status-publish","4":"has-post-thumbnail","6":"product_cat-wyprzedaz","7":"desktop-align-center","8":"tablet-align-left","9":"mobile-align-left","10":"ast-product-gallery-layout-horizontal-slider","11":"ast-product-gallery-with-no-image","12":"ast-product-single-variable","13":"ast-product-tabs-layout-accordion","14":"ast-qv-on-image","16":"first","17":"instock","18":"taxable","19":"shipping-taxable","20":"purchasable","21":"product-type-variable"},"yoast_head":"<!-- This site is optimized with the Yoast SEO plugin v26.6 - https:\/\/yoast.com\/wordpress\/plugins\/seo\/ -->\n<title>Nowoczesny pier\u015bcionek z bia\u0142ego z\u0142ota z diamentem BelatrikseBrilliant<\/title>\n<meta name=\"description\" content=\"Nowoczesny pier\u015bcionek z bia\u0142ego z\u0142ota z prawdziwym diamentem, idealny na zar\u0119czyny, \u015blub i inne okazje. Niepowtarzalny urok na co dzie\u0144!\" \/>\n<meta name=\"robots\" content=\"index, follow, max-snippet:-1, max-image-preview:large, max-video-preview:-1\" \/>\n<link rel=\"canonical\" href=\"https:\/\/fashiongold.lt\/pl\/papuosalas\/moderny-pierscionek-z-bialego-zlota-z-diamentem-belatriksebrilliant\/\" \/>\n<meta property=\"og:locale\" content=\"pl_PL\" \/>\n<meta property=\"og:type\" content=\"article\" \/>\n<meta property=\"og:title\" content=\"Nowoczesny pier\u015bcionek z bia\u0142ego z\u0142ota z diamentem BelatrikseBrilliant\" \/>\n<meta property=\"og:description\" content=\"Nowoczesny pier\u015bcionek z bia\u0142ego z\u0142ota z prawdziwym diamentem, idealny na zar\u0119czyny, \u015blub i inne okazje. Niepowtarzalny urok na co dzie\u0144!\" \/>\n<meta property=\"og:url\" content=\"https:\/\/fashiongold.lt\/pl\/papuosalas\/moderny-pierscionek-z-bialego-zlota-z-diamentem-belatriksebrilliant\/\" \/>\n<meta property=\"og:site_name\" content=\"FashionGold.lt\" \/>\n<meta property=\"article:modified_time\" content=\"2026-02-17T06:57:49+00:00\" \/>\n<meta property=\"og:image\" content=\"https:\/\/fashiongold.lt\/wp-content\/uploads\/2025\/10\/5592-4dd-Modernus-balto-aukso-ziedas-su-deimantu.webp\" \/>\n\t<meta property=\"og:image:width\" content=\"1000\" \/>\n\t<meta property=\"og:image:height\" content=\"1000\" \/>\n\t<meta property=\"og:image:type\" content=\"image\/jpeg\" \/>\n<meta name=\"twitter:card\" content=\"summary_large_image\" \/>\n<meta name=\"twitter:label1\" content=\"Szacowany czas czytania\" \/>\n\t<meta name=\"twitter:data1\" content=\"1 minuta\" \/>\n<script type=\"application\/ld+json\" class=\"yoast-schema-graph\">{\"@context\":\"https:\/\/schema.org\",\"@graph\":[{\"@type\":\"WebPage\",\"@id\":\"https:\/\/fashiongold.lt\/pl\/papuosalas\/moderny-pierscionek-z-bialego-zlota-z-diamentem-belatriksebrilliant\/\",\"url\":\"https:\/\/fashiongold.lt\/pl\/papuosalas\/moderny-pierscionek-z-bialego-zlota-z-diamentem-belatriksebrilliant\/\",\"name\":\"Nowoczesny pier\u015bcionek z bia\u0142ego z\u0142ota z diamentem BelatrikseBrilliant\",\"isPartOf\":{\"@id\":\"https:\/\/fashiongold.lt\/pl\/#website\"},\"primaryImageOfPage\":{\"@id\":\"https:\/\/fashiongold.lt\/pl\/papuosalas\/moderny-pierscionek-z-bialego-zlota-z-diamentem-belatriksebrilliant\/#primaryimage\"},\"image\":{\"@id\":\"https:\/\/fashiongold.lt\/pl\/papuosalas\/moderny-pierscionek-z-bialego-zlota-z-diamentem-belatriksebrilliant\/#primaryimage\"},\"thumbnailUrl\":\"https:\/\/fashiongold.lt\/wp-content\/uploads\/2025\/10\/5592-4dd-Modernus-balto-aukso-ziedas-su-deimantu.jpg\",\"datePublished\":\"2025-10-09T18:22:23+00:00\",\"dateModified\":\"2026-02-17T06:57:49+00:00\",\"description\":\"Nowoczesny pier\u015bcionek z bia\u0142ego z\u0142ota z prawdziwym diamentem, idealny na zar\u0119czyny, \u015blub i inne okazje. Niepowtarzalny urok na co dzie\u0144!\",\"breadcrumb\":{\"@id\":\"https:\/\/fashiongold.lt\/pl\/papuosalas\/moderny-pierscionek-z-bialego-zlota-z-diamentem-belatriksebrilliant\/#breadcrumb\"},\"inLanguage\":\"pl-PL\",\"potentialAction\":[{\"@type\":\"ReadAction\",\"target\":[\"https:\/\/fashiongold.lt\/pl\/papuosalas\/moderny-pierscionek-z-bialego-zlota-z-diamentem-belatriksebrilliant\/\"]}]},{\"@type\":\"ImageObject\",\"inLanguage\":\"pl-PL\",\"@id\":\"https:\/\/fashiongold.lt\/pl\/papuosalas\/moderny-pierscionek-z-bialego-zlota-z-diamentem-belatriksebrilliant\/#primaryimage\",\"url\":\"https:\/\/fashiongold.lt\/wp-content\/uploads\/2025\/10\/5592-4dd-Modernus-balto-aukso-ziedas-su-deimantu.jpg\",\"contentUrl\":\"https:\/\/fashiongold.lt\/wp-content\/uploads\/2025\/10\/5592-4dd-Modernus-balto-aukso-ziedas-su-deimantu.jpg\",\"width\":1000,\"height\":1000},{\"@type\":\"BreadcrumbList\",\"@id\":\"https:\/\/fashiongold.lt\/pl\/papuosalas\/moderny-pierscionek-z-bialego-zlota-z-diamentem-belatriksebrilliant\/#breadcrumb\",\"itemListElement\":[{\"@type\":\"ListItem\",\"position\":1,\"name\":\"Home\",\"item\":\"https:\/\/fashiongold.lt\/pl\/\"},{\"@type\":\"ListItem\",\"position\":2,\"name\":\"Sklep z diamentami Fashiongold.lt\",\"item\":\"https:\/\/fashiongold.lt\/shop-2\/\"},{\"@type\":\"ListItem\",\"position\":3,\"name\":\"Moderny pier\u015bcionek z bia\u0142ego z\u0142ota z diamentem BelatrikseBrilliant\"}]},{\"@type\":\"WebSite\",\"@id\":\"https:\/\/fashiongold.lt\/pl\/#website\",\"url\":\"https:\/\/fashiongold.lt\/pl\/\",\"name\":\"Fashion Gold\",\"description\":\"Juvelyrikos namai\",\"publisher\":{\"@id\":\"https:\/\/fashiongold.lt\/pl\/#organization\"},\"potentialAction\":[{\"@type\":\"SearchAction\",\"target\":{\"@type\":\"EntryPoint\",\"urlTemplate\":\"https:\/\/fashiongold.lt\/pl\/?s={search_term_string}\"},\"query-input\":{\"@type\":\"PropertyValueSpecification\",\"valueRequired\":true,\"valueName\":\"search_term_string\"}}],\"inLanguage\":\"pl-PL\"},{\"@type\":\"Organization\",\"@id\":\"https:\/\/fashiongold.lt\/pl\/#organization\",\"name\":\"Topdiamonds Online\",\"url\":\"https:\/\/fashiongold.lt\/pl\/\",\"logo\":{\"@type\":\"ImageObject\",\"inLanguage\":\"pl-PL\",\"@id\":\"https:\/\/fashiongold.lt\/pl\/#\/schema\/logo\/image\/\",\"url\":\"https:\/\/fashiongold.lt\/wp-content\/uploads\/2025\/04\/cropped-fashion_gold_logotipas2-scaled-1.png\",\"contentUrl\":\"https:\/\/fashiongold.lt\/wp-content\/uploads\/2025\/04\/cropped-fashion_gold_logotipas2-scaled-1.png\",\"width\":2559,\"height\":421,\"caption\":\"Topdiamonds Online\"},\"image\":{\"@id\":\"https:\/\/fashiongold.lt\/pl\/#\/schema\/logo\/image\/\"}}]}<\/script>\n<!-- \/ Yoast SEO plugin. -->","yoast_head_json":{"title":"Nowoczesny pier\u015bcionek z bia\u0142ego z\u0142ota z diamentem BelatrikseBrilliant","description":"Nowoczesny pier\u015bcionek z bia\u0142ego z\u0142ota z prawdziwym diamentem, idealny na zar\u0119czyny, \u015blub i inne okazje. Niepowtarzalny urok na co dzie\u0144!","robots":{"index":"index","follow":"follow","max-snippet":"max-snippet:-1","max-image-preview":"max-image-preview:large","max-video-preview":"max-video-preview:-1"},"canonical":"https:\/\/fashiongold.lt\/pl\/papuosalas\/moderny-pierscionek-z-bialego-zlota-z-diamentem-belatriksebrilliant\/","og_locale":"pl_PL","og_type":"article","og_title":"Nowoczesny pier\u015bcionek z bia\u0142ego z\u0142ota z diamentem BelatrikseBrilliant","og_description":"Nowoczesny pier\u015bcionek z bia\u0142ego z\u0142ota z prawdziwym diamentem, idealny na zar\u0119czyny, \u015blub i inne okazje. Niepowtarzalny urok na co dzie\u0144!","og_url":"https:\/\/fashiongold.lt\/pl\/papuosalas\/moderny-pierscionek-z-bialego-zlota-z-diamentem-belatriksebrilliant\/","og_site_name":"FashionGold.lt","article_modified_time":"2026-02-17T06:57:49+00:00","og_image":[{"width":1000,"height":1000,"url":"https:\/\/fashiongold.lt\/wp-content\/uploads\/2025\/10\/5592-4dd-Modernus-balto-aukso-ziedas-su-deimantu.webp","type":"image\/jpeg"}],"twitter_card":"summary_large_image","twitter_misc":{"Szacowany czas czytania":"1 minuta"},"schema":{"@context":"https:\/\/schema.org","@graph":[{"@type":"WebPage","@id":"https:\/\/fashiongold.lt\/pl\/papuosalas\/moderny-pierscionek-z-bialego-zlota-z-diamentem-belatriksebrilliant\/","url":"https:\/\/fashiongold.lt\/pl\/papuosalas\/moderny-pierscionek-z-bialego-zlota-z-diamentem-belatriksebrilliant\/","name":"Nowoczesny pier\u015bcionek z bia\u0142ego z\u0142ota z diamentem BelatrikseBrilliant","isPartOf":{"@id":"https:\/\/fashiongold.lt\/pl\/#website"},"primaryImageOfPage":{"@id":"https:\/\/fashiongold.lt\/pl\/papuosalas\/moderny-pierscionek-z-bialego-zlota-z-diamentem-belatriksebrilliant\/#primaryimage"},"image":{"@id":"https:\/\/fashiongold.lt\/pl\/papuosalas\/moderny-pierscionek-z-bialego-zlota-z-diamentem-belatriksebrilliant\/#primaryimage"},"thumbnailUrl":"https:\/\/fashiongold.lt\/wp-content\/uploads\/2025\/10\/5592-4dd-Modernus-balto-aukso-ziedas-su-deimantu.jpg","datePublished":"2025-10-09T18:22:23+00:00","dateModified":"2026-02-17T06:57:49+00:00","description":"Nowoczesny pier\u015bcionek z bia\u0142ego z\u0142ota z prawdziwym diamentem, idealny na zar\u0119czyny, \u015blub i inne okazje. Niepowtarzalny urok na co dzie\u0144!","breadcrumb":{"@id":"https:\/\/fashiongold.lt\/pl\/papuosalas\/moderny-pierscionek-z-bialego-zlota-z-diamentem-belatriksebrilliant\/#breadcrumb"},"inLanguage":"pl-PL","potentialAction":[{"@type":"ReadAction","target":["https:\/\/fashiongold.lt\/pl\/papuosalas\/moderny-pierscionek-z-bialego-zlota-z-diamentem-belatriksebrilliant\/"]}]},{"@type":"ImageObject","inLanguage":"pl-PL","@id":"https:\/\/fashiongold.lt\/pl\/papuosalas\/moderny-pierscionek-z-bialego-zlota-z-diamentem-belatriksebrilliant\/#primaryimage","url":"https:\/\/fashiongold.lt\/wp-content\/uploads\/2025\/10\/5592-4dd-Modernus-balto-aukso-ziedas-su-deimantu.jpg","contentUrl":"https:\/\/fashiongold.lt\/wp-content\/uploads\/2025\/10\/5592-4dd-Modernus-balto-aukso-ziedas-su-deimantu.jpg","width":1000,"height":1000},{"@type":"BreadcrumbList","@id":"https:\/\/fashiongold.lt\/pl\/papuosalas\/moderny-pierscionek-z-bialego-zlota-z-diamentem-belatriksebrilliant\/#breadcrumb","itemListElement":[{"@type":"ListItem","position":1,"name":"Home","item":"https:\/\/fashiongold.lt\/pl\/"},{"@type":"ListItem","position":2,"name":"Sklep z diamentami Fashiongold.lt","item":"https:\/\/fashiongold.lt\/shop-2\/"},{"@type":"ListItem","position":3,"name":"Moderny pier\u015bcionek z bia\u0142ego z\u0142ota z diamentem BelatrikseBrilliant"}]},{"@type":"WebSite","@id":"https:\/\/fashiongold.lt\/pl\/#website","url":"https:\/\/fashiongold.lt\/pl\/","name":"Fashion Gold","description":"Juvelyrikos namai","publisher":{"@id":"https:\/\/fashiongold.lt\/pl\/#organization"},"potentialAction":[{"@type":"SearchAction","target":{"@type":"EntryPoint","urlTemplate":"https:\/\/fashiongold.lt\/pl\/?s={search_term_string}"},"query-input":{"@type":"PropertyValueSpecification","valueRequired":true,"valueName":"search_term_string"}}],"inLanguage":"pl-PL"},{"@type":"Organization","@id":"https:\/\/fashiongold.lt\/pl\/#organization","name":"Topdiamonds Online","url":"https:\/\/fashiongold.lt\/pl\/","logo":{"@type":"ImageObject","inLanguage":"pl-PL","@id":"https:\/\/fashiongold.lt\/pl\/#\/schema\/logo\/image\/","url":"https:\/\/fashiongold.lt\/wp-content\/uploads\/2025\/04\/cropped-fashion_gold_logotipas2-scaled-1.png","contentUrl":"https:\/\/fashiongold.lt\/wp-content\/uploads\/2025\/04\/cropped-fashion_gold_logotipas2-scaled-1.png","width":2559,"height":421,"caption":"Topdiamonds Online"},"image":{"@id":"https:\/\/fashiongold.lt\/pl\/#\/schema\/logo\/image\/"}}]}},"_links":{"self":[{"href":"https:\/\/fashiongold.lt\/pl\/wp-json\/wp\/v2\/product\/288245","targetHints":{"allow":["GET"]}}],"collection":[{"href":"https:\/\/fashiongold.lt\/pl\/wp-json\/wp\/v2\/product"}],"about":[{"href":"https:\/\/fashiongold.lt\/pl\/wp-json\/wp\/v2\/types\/product"}],"version-history":[{"count":0,"href":"https:\/\/fashiongold.lt\/pl\/wp-json\/wp\/v2\/product\/288245\/revisions"}],"wp:featuredmedia":[{"embeddable":true,"href":"https:\/\/fashiongold.lt\/pl\/wp-json\/wp\/v2\/media\/55415"}],"wp:attachment":[{"href":"https:\/\/fashiongold.lt\/pl\/wp-json\/wp\/v2\/media?parent=288245"}],"wp:term":[{"taxonomy":"product_brand","embeddable":true,"href":"https:\/\/fashiongold.lt\/pl\/wp-json\/wp\/v2\/product_brand?post=288245"},{"taxonomy":"product_cat","embeddable":true,"href":"https:\/\/fashiongold.lt\/pl\/wp-json\/wp\/v2\/product_cat?post=288245"},{"taxonomy":"product_tag","embeddable":true,"href":"https:\/\/fashiongold.lt\/pl\/wp-json\/wp\/v2\/product_tag?post=288245"}],"curies":[{"name":"wp","href":"https:\/\/api.w.org\/{rel}","templated":true}]}}