{"id":288270,"date":"2025-10-09T18:16:44","date_gmt":"2025-10-09T18:16:44","guid":{"rendered":"https:\/\/fashiongold.lt\/papuosalas\/pierscionek-zareczynowy-kapela-a-z-bialego-zlota\/"},"modified":"2026-02-17T06:58:12","modified_gmt":"2026-02-17T06:58:12","slug":"pierscionek-zareczynowy-kapela-a-z-bialego-zlota","status":"publish","type":"product","link":"https:\/\/fashiongold.lt\/pl\/papuosalas\/pierscionek-zareczynowy-kapela-a-z-bialego-zlota\/","title":{"rendered":"Pier\u015bcionek zar\u0119czynowy \u201eKapela A\u201d (z bia\u0142ego z\u0142ota)"},"content":{"rendered":"<p><span style=\"font-family: 'Times New Roman', serif; font-size: 12pt; background: #f7f7f8;\">Nowoczesny <\/span><span lang=\"EN-US\" style=\"font-family: 'Times New Roman', serif; font-size: 12pt; background: #f7f7f8;\">pier\u015bcionek <\/span><span style=\"font-family: 'Times New Roman', serif; font-size: 12pt; background: #f7f7f8;\">zar\u0119czynowy z <\/span><span lang=\"EN-US\" style=\"font-family: 'Times New Roman', serif; font-size: 12pt; background: #f7f7f8;\">bia\u0142ego <\/span><span style=\"font-family: 'Times New Roman', serif; font-size: 12pt; background: #f7f7f8;\">z\u0142ota <\/span><span lang=\"EN-US\" style=\"font-family: 'Times New Roman', serif; font-size: 12pt; background: #f7f7f8;\">\u2013<\/span><span lang=\"EN-US\" style=\"font-family: 'Times New Roman', serif; font-size: 12pt; background: #f7f7f8;\"> <\/span><span lang=\"EN-US\" style=\"font-family: 'Times New Roman', serif; font-size: 12pt; background: #f7f7f8;\">po\u0142\u0105czenie <\/span><span style=\"font-family: 'Times New Roman', serif; font-size: 12pt; background: #f7f7f8;\">mi\u0142o\u015bci i elegancji. Ten wyj\u0105tkowy <\/span><span lang=\"LT\" style=\"font-family: 'Times New Roman', serif; font-size: 12pt; background: #f7f7f8;\">pier\u015bcionek <\/span><span style=\"font-family: 'Times New Roman', serif; font-size: 12pt; background: #f7f7f8;\">zar\u0119czynowy nazywa si\u0119 \u201eKapela A\u201d i charakteryzuje si\u0119 nowoczesnym designem oraz eleganckimi detalami. Pier\u015bcionek z bia\u0142ego z\u0142ota zdobi centralny diament o masie 0,50 ct oraz sze\u015b\u0107 diament\u00f3w po ka\u017cdej stronie, <\/span><span lang=\"LT\" style=\"font-family: 'Times New Roman', serif; font-size: 12pt; background: #f7f7f8;\">kt\u00f3rych <\/span><span style=\"font-family: 'Times New Roman', serif; font-size: 12pt; background: #f7f7f8;\">\u0142\u0105czna <\/span><span lang=\"LT\" style=\"font-family: 'Times New Roman', serif; font-size: 12pt; background: #f7f7f8;\">masa <\/span><span style=\"font-family: 'Times New Roman', serif; font-size: 12pt; background: #f7f7f8;\">wynosi <\/span><span lang=\"LT\" style=\"font-family: 'Times New Roman', serif; font-size: 12pt; background: #f7f7f8;\">0,12 ct. <\/span><span lang=\"LT\" style=\"font-family: 'Times New Roman', serif; font-size: 12pt; background: #f7f7f8;\">Korona <\/span><span style=\"font-family: 'Times New Roman', serif; font-size: 12pt; background: #f7f7f8;\">pier\u015bcionka <\/span><span lang=\"LT\" style=\"font-family: 'Times New Roman', serif; font-size: 12pt; background: #f7f7f8;\">jest <\/span><span style=\"font-family: 'Times New Roman', serif; font-size: 12pt; background: #f7f7f8;\">subtelnie uniesiona, co zapewnia komfort i atrakcyjny wygl\u0105d. Pier\u015bcionek \u201eKapela A\u201d zachwyca swoim stylem i wyj\u0105tkowym wzornictwem. Ten pier\u015bcionek b\u0119dzie nie tylko symbolem Waszych zar\u0119czyn, ale tak\u017ce stylowym<\/span><span style=\"font-family: 'Times New Roman', serif; font-size: 12pt; background: #f7f7f8;\"> <\/span><span style=\"font-family: 'Times New Roman', serif; font-size: 12pt; background: #f7f7f8;\">detalem. Nadaj swojej relacji akcent nowoczesno\u015bci i elegancji dzi\u0119ki pier\u015bcionkowi \u201eKapela A\u201d. Obiecuje on by\u0107 wspania\u0142ym \u015bwiadectwem Waszej historii mi\u0142osnej.<\/span><\/p>\n<p>Pier\u015bcionek zar\u0119czynowy stworzony przez mistrz\u00f3w jubilerstwa \u201eFashion Gold\u201d charakteryzuje si\u0119 niezwykle wysok\u0105 jako\u015bci\u0105, posiada certyfikat Litewskiego Urz\u0119du Probierczego i jest dost\u0119pny w bardzo atrakcyjnej cenie. To bi\u017cuteria, kt\u00f3r\u0105 mo\u017cna przekazywa\u0107 z pokolenia na pokolenie jako rodzinn\u0105 pami\u0105tk\u0119, poniewa\u017c ani z\u0142oto, ani prawdziwe diamenty nigdy nie trac\u0105 na warto\u015bci. Ten z\u0142oty pier\u015bcionek mo\u017cna zam\u00f3wi\u0107 zar\u00f3wno w salonie, jak i online.\u00a0<\/p>\n<p>Waga pier\u015bcionka zar\u0119czynowego \u2013 2,60-3,30 g,<\/p>\n<p>Kolor z\u0142ota \u2013 bia\u0142y<\/p>\n<p>Masa brylant\u00f3w \u2013 0,62 ct, barwa H, czysto\u015b\u0107 SI<\/p>\n<p>Mo\u017cna obejrze\u0107 w domu jubilerskim \u201eFashion Gold\u201d przy ul. Pam\u0117nkalnio 5 w Wilnie\u00a0<\/p>\n<p><span>Po zam\u00f3wieniu bi\u017cuteri\u0119 wykonamy w ci\u0105gu 14 dni roboczych. Mo\u017cliwy bezp\u0142atny grawerunek. Pier\u015bcionek otrzymuje certyfikat Litewskiego Urz\u0119du Probierczego.<\/span><\/p>\n<p><span>Pier\u015bcionki zar\u0119czynowe to jedna z dziedzin dzia\u0142alno\u015bci \u201eFashion Gold\u201d. W salonie znajd\u0105 Pa\u0144stwo r\u00f3wnie\u017c obr\u0105czki \u015blubne, bi\u017cuteri\u0119 dla kobiet, m\u0119\u017cczyzn i dzieci na r\u00f3\u017cne okazje, monety oraz sztabki z\u0142ota.<\/span><\/p>\n<p><span>OFERUJEMY PIER\u015aCIONKI ZAR\u0118CZYNOWE I INN\u0104 BI\u017bUTERI\u0118 NA ZAM\u00d3WIENIE ORAZ WED\u0141UG PA\u0143STWA INDYWIDUALNYCH \u017bYCZE\u0143. SKONTAKTUJ SI\u0118 info@fashiongold.lt<\/span><\/p><\/p>\n","protected":false},"excerpt":{"rendered":"<p>Nowoczesny pier\u015bcionek zar\u0119czynowy z bia\u0142ego z\u0142ota \u2013 po\u0142\u0105czenie mi\u0142o\u015bci i elegancji. Pier\u015bcionek z bia\u0142ego z\u0142ota zdobiony jest centralnym diamentem o masie 0,50 ct oraz sze\u015bcioma diamentami z ka\u017cdej strony, o \u0142\u0105cznej masie 0,12 ct.\u00a0<\/p>\n","protected":false},"featured_media":55056,"template":"","meta":{"site-sidebar-layout":"","site-content-layout":"","ast-site-content-layout":"","site-content-style":"","site-sidebar-style":"","ast-global-header-display":"","ast-banner-title-visibility":"","ast-main-header-display":"","ast-hfb-above-header-display":"","ast-hfb-below-header-display":"","ast-hfb-mobile-header-display":"","site-post-title":"","ast-breadcrumbs-content":"","ast-featured-img":"","footer-sml-layout":"","ast-disable-related-posts":"","theme-transparent-header-meta":"","adv-header-id-meta":"","stick-header-meta":"","header-above-stick-meta":"","header-main-stick-meta":"","header-below-stick-meta":"","astra-migrate-meta-layouts":"default","ast-page-background-enabled":"default","ast-page-background-meta":{"desktop":{"background-color":"var(--ast-global-color-4)","background-image":"","background-repeat":"repeat","background-position":"center center","background-size":"auto","background-attachment":"scroll","background-type":"","background-media":"","overlay-type":"","overlay-color":"","overlay-opacity":"","overlay-gradient":""},"tablet":{"background-color":"","background-image":"","background-repeat":"repeat","background-position":"center center","background-size":"auto","background-attachment":"scroll","background-type":"","background-media":"","overlay-type":"","overlay-color":"","overlay-opacity":"","overlay-gradient":""},"mobile":{"background-color":"","background-image":"","background-repeat":"repeat","background-position":"center center","background-size":"auto","background-attachment":"scroll","background-type":"","background-media":"","overlay-type":"","overlay-color":"","overlay-opacity":"","overlay-gradient":""}},"ast-content-background-meta":{"desktop":{"background-color":"var(--ast-global-color-5)","background-image":"","background-repeat":"repeat","background-position":"center center","background-size":"auto","background-attachment":"scroll","background-type":"","background-media":"","overlay-type":"","overlay-color":"","overlay-opacity":"","overlay-gradient":""},"tablet":{"background-color":"var(--ast-global-color-5)","background-image":"","background-repeat":"repeat","background-position":"center center","background-size":"auto","background-attachment":"scroll","background-type":"","background-media":"","overlay-type":"","overlay-color":"","overlay-opacity":"","overlay-gradient":""},"mobile":{"background-color":"var(--ast-global-color-5)","background-image":"","background-repeat":"repeat","background-position":"center center","background-size":"auto","background-attachment":"scroll","background-type":"","background-media":"","overlay-type":"","overlay-color":"","overlay-opacity":"","overlay-gradient":""}}},"product_brand":[],"product_cat":[2858,3236,3237,3232,3233,2853,2876,2857,2854,2852,3240],"product_tag":[],"class_list":{"0":"post-288270","1":"product","2":"type-product","3":"status-publish","4":"has-post-thumbnail","6":"product_cat-bizuteria-z-bialego-zlota","7":"product_cat-nowoczesne-pierscionki-zareczynowe","8":"product_cat-pierscionki-z-diamentami","9":"product_cat-pierscionki-zareczynowe","10":"product_cat-pierscionki-zareczynowe-z-bialego-zlota","11":"product_cat-prezenty-dla-kobiet","12":"product_cat-prezenty-na-walentynki","13":"product_cat-prezenty-swiateczne","14":"product_cat-prezenty-z-okazji-narodzin-dziecka","15":"product_cat-prezenty-z-okazji-urodzin","16":"product_cat-top-pierscionki-zareczynowe","17":"desktop-align-center","18":"tablet-align-left","19":"mobile-align-left","20":"ast-product-gallery-layout-horizontal-slider","21":"ast-product-gallery-with-no-image","22":"ast-product-single-variable","23":"ast-product-tabs-layout-accordion","24":"ast-qv-on-image","26":"first","27":"instock","28":"taxable","29":"shipping-taxable","30":"purchasable","31":"product-type-variable"},"yoast_head":"<!-- This site is optimized with the Yoast SEO plugin v26.6 - https:\/\/yoast.com\/wordpress\/plugins\/seo\/ -->\n<title>Nowoczesny pier\u015bcionek zar\u0119czynowy z bia\u0142ego z\u0142ota - po\u0142\u0105czenie mi\u0142o\u015bci i elegancji<\/title>\n<meta name=\"description\" content=\"Pier\u015bcionek z bia\u0142ego z\u0142ota zdobiony centralnym diamentem o masie 0,50 ct oraz sze\u015bcioma diamentami z ka\u017cdej strony, o \u0142\u0105cznej masie 0,12 ct.\" \/>\n<meta name=\"robots\" content=\"index, follow, max-snippet:-1, max-image-preview:large, max-video-preview:-1\" \/>\n<link rel=\"canonical\" href=\"https:\/\/fashiongold.lt\/pl\/papuosalas\/pierscionek-zareczynowy-kapela-a-z-bialego-zlota\/\" \/>\n<meta property=\"og:locale\" content=\"pl_PL\" \/>\n<meta property=\"og:type\" content=\"article\" \/>\n<meta property=\"og:title\" content=\"Nowoczesny pier\u015bcionek zar\u0119czynowy z bia\u0142ego z\u0142ota - po\u0142\u0105czenie mi\u0142o\u015bci i elegancji\" \/>\n<meta property=\"og:description\" content=\"Pier\u015bcionek z bia\u0142ego z\u0142ota zdobiony centralnym diamentem o masie 0,50 ct oraz sze\u015bcioma diamentami z ka\u017cdej strony, o \u0142\u0105cznej masie 0,12 ct.\" \/>\n<meta property=\"og:url\" content=\"https:\/\/fashiongold.lt\/pl\/papuosalas\/pierscionek-zareczynowy-kapela-a-z-bialego-zlota\/\" \/>\n<meta property=\"og:site_name\" content=\"FashionGold.lt\" \/>\n<meta property=\"article:modified_time\" content=\"2026-02-17T06:58:12+00:00\" \/>\n<meta property=\"og:image\" content=\"https:\/\/fashiongold.lt\/wp-content\/uploads\/2025\/10\/1775-e89-Suzadetuviu-ziedas-Kapela-A-balto-aukso.webp\" \/>\n\t<meta property=\"og:image:width\" content=\"800\" \/>\n\t<meta property=\"og:image:height\" content=\"800\" \/>\n\t<meta property=\"og:image:type\" content=\"image\/jpeg\" \/>\n<meta name=\"twitter:card\" content=\"summary_large_image\" \/>\n<meta name=\"twitter:label1\" content=\"Szacowany czas czytania\" \/>\n\t<meta name=\"twitter:data1\" content=\"2 minuty\" \/>\n<script type=\"application\/ld+json\" class=\"yoast-schema-graph\">{\"@context\":\"https:\/\/schema.org\",\"@graph\":[{\"@type\":\"WebPage\",\"@id\":\"https:\/\/fashiongold.lt\/pl\/papuosalas\/pierscionek-zareczynowy-kapela-a-z-bialego-zlota\/\",\"url\":\"https:\/\/fashiongold.lt\/pl\/papuosalas\/pierscionek-zareczynowy-kapela-a-z-bialego-zlota\/\",\"name\":\"Nowoczesny pier\u015bcionek zar\u0119czynowy z bia\u0142ego z\u0142ota - po\u0142\u0105czenie mi\u0142o\u015bci i elegancji\",\"isPartOf\":{\"@id\":\"https:\/\/fashiongold.lt\/pl\/#website\"},\"primaryImageOfPage\":{\"@id\":\"https:\/\/fashiongold.lt\/pl\/papuosalas\/pierscionek-zareczynowy-kapela-a-z-bialego-zlota\/#primaryimage\"},\"image\":{\"@id\":\"https:\/\/fashiongold.lt\/pl\/papuosalas\/pierscionek-zareczynowy-kapela-a-z-bialego-zlota\/#primaryimage\"},\"thumbnailUrl\":\"https:\/\/fashiongold.lt\/wp-content\/uploads\/2025\/10\/1775-e89-Suzadetuviu-ziedas-Kapela-A-balto-aukso.jpg\",\"datePublished\":\"2025-10-09T18:16:44+00:00\",\"dateModified\":\"2026-02-17T06:58:12+00:00\",\"description\":\"Pier\u015bcionek z bia\u0142ego z\u0142ota zdobiony centralnym diamentem o masie 0,50 ct oraz sze\u015bcioma diamentami z ka\u017cdej strony, o \u0142\u0105cznej masie 0,12 ct.\",\"breadcrumb\":{\"@id\":\"https:\/\/fashiongold.lt\/pl\/papuosalas\/pierscionek-zareczynowy-kapela-a-z-bialego-zlota\/#breadcrumb\"},\"inLanguage\":\"pl-PL\",\"potentialAction\":[{\"@type\":\"ReadAction\",\"target\":[\"https:\/\/fashiongold.lt\/pl\/papuosalas\/pierscionek-zareczynowy-kapela-a-z-bialego-zlota\/\"]}]},{\"@type\":\"ImageObject\",\"inLanguage\":\"pl-PL\",\"@id\":\"https:\/\/fashiongold.lt\/pl\/papuosalas\/pierscionek-zareczynowy-kapela-a-z-bialego-zlota\/#primaryimage\",\"url\":\"https:\/\/fashiongold.lt\/wp-content\/uploads\/2025\/10\/1775-e89-Suzadetuviu-ziedas-Kapela-A-balto-aukso.jpg\",\"contentUrl\":\"https:\/\/fashiongold.lt\/wp-content\/uploads\/2025\/10\/1775-e89-Suzadetuviu-ziedas-Kapela-A-balto-aukso.jpg\",\"width\":800,\"height\":800},{\"@type\":\"BreadcrumbList\",\"@id\":\"https:\/\/fashiongold.lt\/pl\/papuosalas\/pierscionek-zareczynowy-kapela-a-z-bialego-zlota\/#breadcrumb\",\"itemListElement\":[{\"@type\":\"ListItem\",\"position\":1,\"name\":\"Home\",\"item\":\"https:\/\/fashiongold.lt\/pl\/\"},{\"@type\":\"ListItem\",\"position\":2,\"name\":\"Sklep z diamentami Fashiongold.lt\",\"item\":\"https:\/\/fashiongold.lt\/shop-2\/\"},{\"@type\":\"ListItem\",\"position\":3,\"name\":\"Pier\u015bcionek zar\u0119czynowy \u201eKapela A\u201d (z bia\u0142ego z\u0142ota)\"}]},{\"@type\":\"WebSite\",\"@id\":\"https:\/\/fashiongold.lt\/pl\/#website\",\"url\":\"https:\/\/fashiongold.lt\/pl\/\",\"name\":\"Fashion Gold\",\"description\":\"Juvelyrikos namai\",\"publisher\":{\"@id\":\"https:\/\/fashiongold.lt\/pl\/#organization\"},\"potentialAction\":[{\"@type\":\"SearchAction\",\"target\":{\"@type\":\"EntryPoint\",\"urlTemplate\":\"https:\/\/fashiongold.lt\/pl\/?s={search_term_string}\"},\"query-input\":{\"@type\":\"PropertyValueSpecification\",\"valueRequired\":true,\"valueName\":\"search_term_string\"}}],\"inLanguage\":\"pl-PL\"},{\"@type\":\"Organization\",\"@id\":\"https:\/\/fashiongold.lt\/pl\/#organization\",\"name\":\"Topdiamonds Online\",\"url\":\"https:\/\/fashiongold.lt\/pl\/\",\"logo\":{\"@type\":\"ImageObject\",\"inLanguage\":\"pl-PL\",\"@id\":\"https:\/\/fashiongold.lt\/pl\/#\/schema\/logo\/image\/\",\"url\":\"https:\/\/fashiongold.lt\/wp-content\/uploads\/2025\/04\/cropped-fashion_gold_logotipas2-scaled-1.png\",\"contentUrl\":\"https:\/\/fashiongold.lt\/wp-content\/uploads\/2025\/04\/cropped-fashion_gold_logotipas2-scaled-1.png\",\"width\":2559,\"height\":421,\"caption\":\"Topdiamonds Online\"},\"image\":{\"@id\":\"https:\/\/fashiongold.lt\/pl\/#\/schema\/logo\/image\/\"}}]}<\/script>\n<!-- \/ Yoast SEO plugin. -->","yoast_head_json":{"title":"Nowoczesny pier\u015bcionek zar\u0119czynowy z bia\u0142ego z\u0142ota - po\u0142\u0105czenie mi\u0142o\u015bci i elegancji","description":"Pier\u015bcionek z bia\u0142ego z\u0142ota zdobiony centralnym diamentem o masie 0,50 ct oraz sze\u015bcioma diamentami z ka\u017cdej strony, o \u0142\u0105cznej masie 0,12 ct.","robots":{"index":"index","follow":"follow","max-snippet":"max-snippet:-1","max-image-preview":"max-image-preview:large","max-video-preview":"max-video-preview:-1"},"canonical":"https:\/\/fashiongold.lt\/pl\/papuosalas\/pierscionek-zareczynowy-kapela-a-z-bialego-zlota\/","og_locale":"pl_PL","og_type":"article","og_title":"Nowoczesny pier\u015bcionek zar\u0119czynowy z bia\u0142ego z\u0142ota - po\u0142\u0105czenie mi\u0142o\u015bci i elegancji","og_description":"Pier\u015bcionek z bia\u0142ego z\u0142ota zdobiony centralnym diamentem o masie 0,50 ct oraz sze\u015bcioma diamentami z ka\u017cdej strony, o \u0142\u0105cznej masie 0,12 ct.","og_url":"https:\/\/fashiongold.lt\/pl\/papuosalas\/pierscionek-zareczynowy-kapela-a-z-bialego-zlota\/","og_site_name":"FashionGold.lt","article_modified_time":"2026-02-17T06:58:12+00:00","og_image":[{"width":800,"height":800,"url":"https:\/\/fashiongold.lt\/wp-content\/uploads\/2025\/10\/1775-e89-Suzadetuviu-ziedas-Kapela-A-balto-aukso.webp","type":"image\/jpeg"}],"twitter_card":"summary_large_image","twitter_misc":{"Szacowany czas czytania":"2 minuty"},"schema":{"@context":"https:\/\/schema.org","@graph":[{"@type":"WebPage","@id":"https:\/\/fashiongold.lt\/pl\/papuosalas\/pierscionek-zareczynowy-kapela-a-z-bialego-zlota\/","url":"https:\/\/fashiongold.lt\/pl\/papuosalas\/pierscionek-zareczynowy-kapela-a-z-bialego-zlota\/","name":"Nowoczesny pier\u015bcionek zar\u0119czynowy z bia\u0142ego z\u0142ota - po\u0142\u0105czenie mi\u0142o\u015bci i elegancji","isPartOf":{"@id":"https:\/\/fashiongold.lt\/pl\/#website"},"primaryImageOfPage":{"@id":"https:\/\/fashiongold.lt\/pl\/papuosalas\/pierscionek-zareczynowy-kapela-a-z-bialego-zlota\/#primaryimage"},"image":{"@id":"https:\/\/fashiongold.lt\/pl\/papuosalas\/pierscionek-zareczynowy-kapela-a-z-bialego-zlota\/#primaryimage"},"thumbnailUrl":"https:\/\/fashiongold.lt\/wp-content\/uploads\/2025\/10\/1775-e89-Suzadetuviu-ziedas-Kapela-A-balto-aukso.jpg","datePublished":"2025-10-09T18:16:44+00:00","dateModified":"2026-02-17T06:58:12+00:00","description":"Pier\u015bcionek z bia\u0142ego z\u0142ota zdobiony centralnym diamentem o masie 0,50 ct oraz sze\u015bcioma diamentami z ka\u017cdej strony, o \u0142\u0105cznej masie 0,12 ct.","breadcrumb":{"@id":"https:\/\/fashiongold.lt\/pl\/papuosalas\/pierscionek-zareczynowy-kapela-a-z-bialego-zlota\/#breadcrumb"},"inLanguage":"pl-PL","potentialAction":[{"@type":"ReadAction","target":["https:\/\/fashiongold.lt\/pl\/papuosalas\/pierscionek-zareczynowy-kapela-a-z-bialego-zlota\/"]}]},{"@type":"ImageObject","inLanguage":"pl-PL","@id":"https:\/\/fashiongold.lt\/pl\/papuosalas\/pierscionek-zareczynowy-kapela-a-z-bialego-zlota\/#primaryimage","url":"https:\/\/fashiongold.lt\/wp-content\/uploads\/2025\/10\/1775-e89-Suzadetuviu-ziedas-Kapela-A-balto-aukso.jpg","contentUrl":"https:\/\/fashiongold.lt\/wp-content\/uploads\/2025\/10\/1775-e89-Suzadetuviu-ziedas-Kapela-A-balto-aukso.jpg","width":800,"height":800},{"@type":"BreadcrumbList","@id":"https:\/\/fashiongold.lt\/pl\/papuosalas\/pierscionek-zareczynowy-kapela-a-z-bialego-zlota\/#breadcrumb","itemListElement":[{"@type":"ListItem","position":1,"name":"Home","item":"https:\/\/fashiongold.lt\/pl\/"},{"@type":"ListItem","position":2,"name":"Sklep z diamentami Fashiongold.lt","item":"https:\/\/fashiongold.lt\/shop-2\/"},{"@type":"ListItem","position":3,"name":"Pier\u015bcionek zar\u0119czynowy \u201eKapela A\u201d (z bia\u0142ego z\u0142ota)"}]},{"@type":"WebSite","@id":"https:\/\/fashiongold.lt\/pl\/#website","url":"https:\/\/fashiongold.lt\/pl\/","name":"Fashion Gold","description":"Juvelyrikos namai","publisher":{"@id":"https:\/\/fashiongold.lt\/pl\/#organization"},"potentialAction":[{"@type":"SearchAction","target":{"@type":"EntryPoint","urlTemplate":"https:\/\/fashiongold.lt\/pl\/?s={search_term_string}"},"query-input":{"@type":"PropertyValueSpecification","valueRequired":true,"valueName":"search_term_string"}}],"inLanguage":"pl-PL"},{"@type":"Organization","@id":"https:\/\/fashiongold.lt\/pl\/#organization","name":"Topdiamonds Online","url":"https:\/\/fashiongold.lt\/pl\/","logo":{"@type":"ImageObject","inLanguage":"pl-PL","@id":"https:\/\/fashiongold.lt\/pl\/#\/schema\/logo\/image\/","url":"https:\/\/fashiongold.lt\/wp-content\/uploads\/2025\/04\/cropped-fashion_gold_logotipas2-scaled-1.png","contentUrl":"https:\/\/fashiongold.lt\/wp-content\/uploads\/2025\/04\/cropped-fashion_gold_logotipas2-scaled-1.png","width":2559,"height":421,"caption":"Topdiamonds Online"},"image":{"@id":"https:\/\/fashiongold.lt\/pl\/#\/schema\/logo\/image\/"}}]}},"_links":{"self":[{"href":"https:\/\/fashiongold.lt\/pl\/wp-json\/wp\/v2\/product\/288270","targetHints":{"allow":["GET"]}}],"collection":[{"href":"https:\/\/fashiongold.lt\/pl\/wp-json\/wp\/v2\/product"}],"about":[{"href":"https:\/\/fashiongold.lt\/pl\/wp-json\/wp\/v2\/types\/product"}],"version-history":[{"count":0,"href":"https:\/\/fashiongold.lt\/pl\/wp-json\/wp\/v2\/product\/288270\/revisions"}],"wp:featuredmedia":[{"embeddable":true,"href":"https:\/\/fashiongold.lt\/pl\/wp-json\/wp\/v2\/media\/55056"}],"wp:attachment":[{"href":"https:\/\/fashiongold.lt\/pl\/wp-json\/wp\/v2\/media?parent=288270"}],"wp:term":[{"taxonomy":"product_brand","embeddable":true,"href":"https:\/\/fashiongold.lt\/pl\/wp-json\/wp\/v2\/product_brand?post=288270"},{"taxonomy":"product_cat","embeddable":true,"href":"https:\/\/fashiongold.lt\/pl\/wp-json\/wp\/v2\/product_cat?post=288270"},{"taxonomy":"product_tag","embeddable":true,"href":"https:\/\/fashiongold.lt\/pl\/wp-json\/wp\/v2\/product_tag?post=288270"}],"curies":[{"name":"wp","href":"https:\/\/api.w.org\/{rel}","templated":true}]}}