{"id":288419,"date":"2025-10-09T18:14:37","date_gmt":"2025-10-09T18:14:37","guid":{"rendered":"https:\/\/fashiongold.lt\/papuosalas\/diamentowa-klasyka-lancuszek-z-bialego-zlota-i-zawieszka-z-diamentem\/"},"modified":"2025-10-09T18:14:37","modified_gmt":"2025-10-09T18:14:37","slug":"diamentowa-klasyka-lancuszek-z-bialego-zlota-i-zawieszka-z-diamentem","status":"publish","type":"product","link":"https:\/\/fashiongold.lt\/pl\/papuosalas\/diamentowa-klasyka-lancuszek-z-bialego-zlota-i-zawieszka-z-diamentem\/","title":{"rendered":"Diamentowa klasyka \u2013 \u0141a\u0144cuszek z bia\u0142ego z\u0142ota i zawieszka z diamentem"},"content":{"rendered":"<p>\u0141a\u0144cuszek z bia\u0142ego z\u0142ota z l\u015bni\u0105cym diamentem w centrum, uzupe\u0142niony zawieszk\u0105 o klasycznym wzornictwie. Doskona\u0142y prezent na wyj\u0105tkowe okazje. Uwiecznij chwil\u0119 dzi\u0119ki tej z\u0142otej klasyce!<\/p>\n<p>\u0141a\u0144cuszek z bia\u0142ego z\u0142ota z zawieszk\u0105 ozdobion\u0105 diamentem.<\/p>\n<p><span>Waga 1,35 g<\/span><\/p>\n<p><span>Brylant 0,015 ct, barwa H, czysto\u015b\u0107 SI <\/span><\/p>\n","protected":false},"excerpt":{"rendered":"<p>\u0141a\u0144cuszek z bia\u0142ego z\u0142ota z l\u015bni\u0105cym diamentem po\u015brodku, zawieszka o klasycznym wzornictwie. Doskona\u0142y prezent na wyj\u0105tkowe okazje. Uwiecznij chwil\u0119 z t\u0105 z\u0142ot\u0105 klasyk\u0105!<\/p>\n","protected":false},"featured_media":54787,"template":"","meta":{"site-sidebar-layout":"","site-content-layout":"","ast-site-content-layout":"","site-content-style":"","site-sidebar-style":"","ast-global-header-display":"","ast-banner-title-visibility":"","ast-main-header-display":"","ast-hfb-above-header-display":"","ast-hfb-below-header-display":"","ast-hfb-mobile-header-display":"","site-post-title":"","ast-breadcrumbs-content":"","ast-featured-img":"","footer-sml-layout":"","ast-disable-related-posts":"","theme-transparent-header-meta":"","adv-header-id-meta":"","stick-header-meta":"","header-above-stick-meta":"","header-main-stick-meta":"","header-below-stick-meta":"","astra-migrate-meta-layouts":"default","ast-page-background-enabled":"default","ast-page-background-meta":{"desktop":{"background-color":"var(--ast-global-color-4)","background-image":"","background-repeat":"repeat","background-position":"center center","background-size":"auto","background-attachment":"scroll","background-type":"","background-media":"","overlay-type":"","overlay-color":"","overlay-opacity":"","overlay-gradient":""},"tablet":{"background-color":"","background-image":"","background-repeat":"repeat","background-position":"center center","background-size":"auto","background-attachment":"scroll","background-type":"","background-media":"","overlay-type":"","overlay-color":"","overlay-opacity":"","overlay-gradient":""},"mobile":{"background-color":"","background-image":"","background-repeat":"repeat","background-position":"center center","background-size":"auto","background-attachment":"scroll","background-type":"","background-media":"","overlay-type":"","overlay-color":"","overlay-opacity":"","overlay-gradient":""}},"ast-content-background-meta":{"desktop":{"background-color":"var(--ast-global-color-5)","background-image":"","background-repeat":"repeat","background-position":"center center","background-size":"auto","background-attachment":"scroll","background-type":"","background-media":"","overlay-type":"","overlay-color":"","overlay-opacity":"","overlay-gradient":""},"tablet":{"background-color":"var(--ast-global-color-5)","background-image":"","background-repeat":"repeat","background-position":"center center","background-size":"auto","background-attachment":"scroll","background-type":"","background-media":"","overlay-type":"","overlay-color":"","overlay-opacity":"","overlay-gradient":""},"mobile":{"background-color":"var(--ast-global-color-5)","background-image":"","background-repeat":"repeat","background-position":"center center","background-size":"auto","background-attachment":"scroll","background-type":"","background-media":"","overlay-type":"","overlay-color":"","overlay-opacity":"","overlay-gradient":""}}},"product_brand":[],"product_cat":[3044,2858,3262,3260,3353,3263,3166,2853,2856,3165,2875,2876,2860,2857,2854,2855,3169,2859,2852,3051,3261],"product_tag":[],"class_list":{"0":"post-288419","1":"product","2":"type-product","3":"status-publish","4":"has-post-thumbnail","6":"product_cat-bizuteria","7":"product_cat-bizuteria-z-bialego-zlota","8":"product_cat-lancuszek-meski","9":"product_cat-lancuszek-na-chrzest","10":"product_cat-lancuszek-z-diamentem","11":"product_cat-lancuszki-z-diamentami","12":"product_cat-prezent-z-okazji-pierwszej-komunii-swietej","13":"product_cat-prezenty-dla-kobiet","14":"product_cat-prezenty-dla-mezczyzn","15":"product_cat-prezenty-na-chrzest","16":"product_cat-prezenty-na-dzien-matki","17":"product_cat-prezenty-na-walentynki","18":"product_cat-prezenty-na-wyjatkowe-okazje","19":"product_cat-prezenty-swiateczne","20":"product_cat-prezenty-z-okazji-narodzin-dziecka","21":"product_cat-prezenty-z-okazji-rocznicy-slubu","22":"product_cat-prezenty-z-okazji-slubu","23":"product_cat-prezenty-z-okazji-ukonczenia-szkoly","24":"product_cat-prezenty-z-okazji-urodzin","25":"product_cat-zawieszki-z-diamentami","26":"product_cat-zloty-lancuszek-dla-dziewczynek","27":"desktop-align-center","28":"tablet-align-left","29":"mobile-align-left","30":"ast-product-gallery-layout-horizontal-slider","31":"ast-product-gallery-with-no-image","32":"ast-product-tabs-layout-accordion","33":"ast-qv-on-image","35":"first","36":"instock","37":"taxable","38":"shipping-taxable","39":"purchasable","40":"product-type-simple"},"yoast_head":"<!-- This site is optimized with the Yoast SEO plugin v26.6 - https:\/\/yoast.com\/wordpress\/plugins\/seo\/ -->\n<title>Diamentowa klasyka \u2013 \u0141a\u0144cuszek z bia\u0142ego z\u0142ota i zawieszka z diamentem - FashionGold.lt<\/title>\n<meta name=\"robots\" content=\"index, follow, max-snippet:-1, max-image-preview:large, max-video-preview:-1\" \/>\n<link rel=\"canonical\" href=\"https:\/\/fashiongold.lt\/pl\/papuosalas\/diamentowa-klasyka-lancuszek-z-bialego-zlota-i-zawieszka-z-diamentem\/\" \/>\n<meta property=\"og:locale\" content=\"pl_PL\" \/>\n<meta property=\"og:type\" content=\"article\" \/>\n<meta property=\"og:title\" content=\"Diamentowa klasyka \u2013 \u0141a\u0144cuszek z bia\u0142ego z\u0142ota i zawieszka z diamentem - FashionGold.lt\" \/>\n<meta property=\"og:description\" content=\"\u0141a\u0144cuszek z bia\u0142ego z\u0142ota z l\u015bni\u0105cym diamentem po\u015brodku, zawieszka o klasycznym wzornictwie. Doskona\u0142y prezent na wyj\u0105tkowe okazje. Uwiecznij chwil\u0119 z t\u0105 z\u0142ot\u0105 klasyk\u0105!\" \/>\n<meta property=\"og:url\" content=\"https:\/\/fashiongold.lt\/pl\/papuosalas\/diamentowa-klasyka-lancuszek-z-bialego-zlota-i-zawieszka-z-diamentem\/\" \/>\n<meta property=\"og:site_name\" content=\"FashionGold.lt\" \/>\n<meta property=\"og:image\" content=\"https:\/\/fashiongold.lt\/wp-content\/uploads\/2025\/10\/1750-67a-Balto-aukso-grandinele-ir-klasikinis-pakabukas.webp\" \/>\n\t<meta property=\"og:image:width\" content=\"1000\" \/>\n\t<meta property=\"og:image:height\" content=\"1000\" \/>\n\t<meta property=\"og:image:type\" content=\"image\/jpeg\" \/>\n<meta name=\"twitter:card\" content=\"summary_large_image\" \/>\n<script type=\"application\/ld+json\" class=\"yoast-schema-graph\">{\"@context\":\"https:\/\/schema.org\",\"@graph\":[{\"@type\":\"WebPage\",\"@id\":\"https:\/\/fashiongold.lt\/pl\/papuosalas\/diamentowa-klasyka-lancuszek-z-bialego-zlota-i-zawieszka-z-diamentem\/\",\"url\":\"https:\/\/fashiongold.lt\/pl\/papuosalas\/diamentowa-klasyka-lancuszek-z-bialego-zlota-i-zawieszka-z-diamentem\/\",\"name\":\"Diamentowa klasyka \u2013 \u0141a\u0144cuszek z bia\u0142ego z\u0142ota i zawieszka z diamentem - FashionGold.lt\",\"isPartOf\":{\"@id\":\"https:\/\/fashiongold.lt\/pl\/#website\"},\"primaryImageOfPage\":{\"@id\":\"https:\/\/fashiongold.lt\/pl\/papuosalas\/diamentowa-klasyka-lancuszek-z-bialego-zlota-i-zawieszka-z-diamentem\/#primaryimage\"},\"image\":{\"@id\":\"https:\/\/fashiongold.lt\/pl\/papuosalas\/diamentowa-klasyka-lancuszek-z-bialego-zlota-i-zawieszka-z-diamentem\/#primaryimage\"},\"thumbnailUrl\":\"https:\/\/fashiongold.lt\/wp-content\/uploads\/2025\/10\/1750-67a-Balto-aukso-grandinele-ir-klasikinis-pakabukas.jpg\",\"datePublished\":\"2025-10-09T18:14:37+00:00\",\"breadcrumb\":{\"@id\":\"https:\/\/fashiongold.lt\/pl\/papuosalas\/diamentowa-klasyka-lancuszek-z-bialego-zlota-i-zawieszka-z-diamentem\/#breadcrumb\"},\"inLanguage\":\"pl-PL\",\"potentialAction\":[{\"@type\":\"ReadAction\",\"target\":[\"https:\/\/fashiongold.lt\/pl\/papuosalas\/diamentowa-klasyka-lancuszek-z-bialego-zlota-i-zawieszka-z-diamentem\/\"]}]},{\"@type\":\"ImageObject\",\"inLanguage\":\"pl-PL\",\"@id\":\"https:\/\/fashiongold.lt\/pl\/papuosalas\/diamentowa-klasyka-lancuszek-z-bialego-zlota-i-zawieszka-z-diamentem\/#primaryimage\",\"url\":\"https:\/\/fashiongold.lt\/wp-content\/uploads\/2025\/10\/1750-67a-Balto-aukso-grandinele-ir-klasikinis-pakabukas.jpg\",\"contentUrl\":\"https:\/\/fashiongold.lt\/wp-content\/uploads\/2025\/10\/1750-67a-Balto-aukso-grandinele-ir-klasikinis-pakabukas.jpg\",\"width\":1000,\"height\":1000},{\"@type\":\"BreadcrumbList\",\"@id\":\"https:\/\/fashiongold.lt\/pl\/papuosalas\/diamentowa-klasyka-lancuszek-z-bialego-zlota-i-zawieszka-z-diamentem\/#breadcrumb\",\"itemListElement\":[{\"@type\":\"ListItem\",\"position\":1,\"name\":\"Home\",\"item\":\"https:\/\/fashiongold.lt\/pl\/\"},{\"@type\":\"ListItem\",\"position\":2,\"name\":\"Sklep z diamentami Fashiongold.lt\",\"item\":\"https:\/\/fashiongold.lt\/shop-2\/\"},{\"@type\":\"ListItem\",\"position\":3,\"name\":\"Diamentowa klasyka \u2013 \u0141a\u0144cuszek z bia\u0142ego z\u0142ota i zawieszka z diamentem\"}]},{\"@type\":\"WebSite\",\"@id\":\"https:\/\/fashiongold.lt\/pl\/#website\",\"url\":\"https:\/\/fashiongold.lt\/pl\/\",\"name\":\"Fashion Gold\",\"description\":\"Juvelyrikos namai\",\"publisher\":{\"@id\":\"https:\/\/fashiongold.lt\/pl\/#organization\"},\"potentialAction\":[{\"@type\":\"SearchAction\",\"target\":{\"@type\":\"EntryPoint\",\"urlTemplate\":\"https:\/\/fashiongold.lt\/pl\/?s={search_term_string}\"},\"query-input\":{\"@type\":\"PropertyValueSpecification\",\"valueRequired\":true,\"valueName\":\"search_term_string\"}}],\"inLanguage\":\"pl-PL\"},{\"@type\":\"Organization\",\"@id\":\"https:\/\/fashiongold.lt\/pl\/#organization\",\"name\":\"Topdiamonds Online\",\"url\":\"https:\/\/fashiongold.lt\/pl\/\",\"logo\":{\"@type\":\"ImageObject\",\"inLanguage\":\"pl-PL\",\"@id\":\"https:\/\/fashiongold.lt\/pl\/#\/schema\/logo\/image\/\",\"url\":\"https:\/\/fashiongold.lt\/wp-content\/uploads\/2025\/04\/cropped-fashion_gold_logotipas2-scaled-1.png\",\"contentUrl\":\"https:\/\/fashiongold.lt\/wp-content\/uploads\/2025\/04\/cropped-fashion_gold_logotipas2-scaled-1.png\",\"width\":2559,\"height\":421,\"caption\":\"Topdiamonds Online\"},\"image\":{\"@id\":\"https:\/\/fashiongold.lt\/pl\/#\/schema\/logo\/image\/\"}}]}<\/script>\n<!-- \/ Yoast SEO plugin. -->","yoast_head_json":{"title":"Diamentowa klasyka \u2013 \u0141a\u0144cuszek z bia\u0142ego z\u0142ota i zawieszka z diamentem - FashionGold.lt","robots":{"index":"index","follow":"follow","max-snippet":"max-snippet:-1","max-image-preview":"max-image-preview:large","max-video-preview":"max-video-preview:-1"},"canonical":"https:\/\/fashiongold.lt\/pl\/papuosalas\/diamentowa-klasyka-lancuszek-z-bialego-zlota-i-zawieszka-z-diamentem\/","og_locale":"pl_PL","og_type":"article","og_title":"Diamentowa klasyka \u2013 \u0141a\u0144cuszek z bia\u0142ego z\u0142ota i zawieszka z diamentem - FashionGold.lt","og_description":"\u0141a\u0144cuszek z bia\u0142ego z\u0142ota z l\u015bni\u0105cym diamentem po\u015brodku, zawieszka o klasycznym wzornictwie. Doskona\u0142y prezent na wyj\u0105tkowe okazje. Uwiecznij chwil\u0119 z t\u0105 z\u0142ot\u0105 klasyk\u0105!","og_url":"https:\/\/fashiongold.lt\/pl\/papuosalas\/diamentowa-klasyka-lancuszek-z-bialego-zlota-i-zawieszka-z-diamentem\/","og_site_name":"FashionGold.lt","og_image":[{"width":1000,"height":1000,"url":"https:\/\/fashiongold.lt\/wp-content\/uploads\/2025\/10\/1750-67a-Balto-aukso-grandinele-ir-klasikinis-pakabukas.webp","type":"image\/jpeg"}],"twitter_card":"summary_large_image","schema":{"@context":"https:\/\/schema.org","@graph":[{"@type":"WebPage","@id":"https:\/\/fashiongold.lt\/pl\/papuosalas\/diamentowa-klasyka-lancuszek-z-bialego-zlota-i-zawieszka-z-diamentem\/","url":"https:\/\/fashiongold.lt\/pl\/papuosalas\/diamentowa-klasyka-lancuszek-z-bialego-zlota-i-zawieszka-z-diamentem\/","name":"Diamentowa klasyka \u2013 \u0141a\u0144cuszek z bia\u0142ego z\u0142ota i zawieszka z diamentem - FashionGold.lt","isPartOf":{"@id":"https:\/\/fashiongold.lt\/pl\/#website"},"primaryImageOfPage":{"@id":"https:\/\/fashiongold.lt\/pl\/papuosalas\/diamentowa-klasyka-lancuszek-z-bialego-zlota-i-zawieszka-z-diamentem\/#primaryimage"},"image":{"@id":"https:\/\/fashiongold.lt\/pl\/papuosalas\/diamentowa-klasyka-lancuszek-z-bialego-zlota-i-zawieszka-z-diamentem\/#primaryimage"},"thumbnailUrl":"https:\/\/fashiongold.lt\/wp-content\/uploads\/2025\/10\/1750-67a-Balto-aukso-grandinele-ir-klasikinis-pakabukas.jpg","datePublished":"2025-10-09T18:14:37+00:00","breadcrumb":{"@id":"https:\/\/fashiongold.lt\/pl\/papuosalas\/diamentowa-klasyka-lancuszek-z-bialego-zlota-i-zawieszka-z-diamentem\/#breadcrumb"},"inLanguage":"pl-PL","potentialAction":[{"@type":"ReadAction","target":["https:\/\/fashiongold.lt\/pl\/papuosalas\/diamentowa-klasyka-lancuszek-z-bialego-zlota-i-zawieszka-z-diamentem\/"]}]},{"@type":"ImageObject","inLanguage":"pl-PL","@id":"https:\/\/fashiongold.lt\/pl\/papuosalas\/diamentowa-klasyka-lancuszek-z-bialego-zlota-i-zawieszka-z-diamentem\/#primaryimage","url":"https:\/\/fashiongold.lt\/wp-content\/uploads\/2025\/10\/1750-67a-Balto-aukso-grandinele-ir-klasikinis-pakabukas.jpg","contentUrl":"https:\/\/fashiongold.lt\/wp-content\/uploads\/2025\/10\/1750-67a-Balto-aukso-grandinele-ir-klasikinis-pakabukas.jpg","width":1000,"height":1000},{"@type":"BreadcrumbList","@id":"https:\/\/fashiongold.lt\/pl\/papuosalas\/diamentowa-klasyka-lancuszek-z-bialego-zlota-i-zawieszka-z-diamentem\/#breadcrumb","itemListElement":[{"@type":"ListItem","position":1,"name":"Home","item":"https:\/\/fashiongold.lt\/pl\/"},{"@type":"ListItem","position":2,"name":"Sklep z diamentami Fashiongold.lt","item":"https:\/\/fashiongold.lt\/shop-2\/"},{"@type":"ListItem","position":3,"name":"Diamentowa klasyka \u2013 \u0141a\u0144cuszek z bia\u0142ego z\u0142ota i zawieszka z diamentem"}]},{"@type":"WebSite","@id":"https:\/\/fashiongold.lt\/pl\/#website","url":"https:\/\/fashiongold.lt\/pl\/","name":"Fashion Gold","description":"Juvelyrikos namai","publisher":{"@id":"https:\/\/fashiongold.lt\/pl\/#organization"},"potentialAction":[{"@type":"SearchAction","target":{"@type":"EntryPoint","urlTemplate":"https:\/\/fashiongold.lt\/pl\/?s={search_term_string}"},"query-input":{"@type":"PropertyValueSpecification","valueRequired":true,"valueName":"search_term_string"}}],"inLanguage":"pl-PL"},{"@type":"Organization","@id":"https:\/\/fashiongold.lt\/pl\/#organization","name":"Topdiamonds Online","url":"https:\/\/fashiongold.lt\/pl\/","logo":{"@type":"ImageObject","inLanguage":"pl-PL","@id":"https:\/\/fashiongold.lt\/pl\/#\/schema\/logo\/image\/","url":"https:\/\/fashiongold.lt\/wp-content\/uploads\/2025\/04\/cropped-fashion_gold_logotipas2-scaled-1.png","contentUrl":"https:\/\/fashiongold.lt\/wp-content\/uploads\/2025\/04\/cropped-fashion_gold_logotipas2-scaled-1.png","width":2559,"height":421,"caption":"Topdiamonds Online"},"image":{"@id":"https:\/\/fashiongold.lt\/pl\/#\/schema\/logo\/image\/"}}]}},"_links":{"self":[{"href":"https:\/\/fashiongold.lt\/pl\/wp-json\/wp\/v2\/product\/288419","targetHints":{"allow":["GET"]}}],"collection":[{"href":"https:\/\/fashiongold.lt\/pl\/wp-json\/wp\/v2\/product"}],"about":[{"href":"https:\/\/fashiongold.lt\/pl\/wp-json\/wp\/v2\/types\/product"}],"version-history":[{"count":0,"href":"https:\/\/fashiongold.lt\/pl\/wp-json\/wp\/v2\/product\/288419\/revisions"}],"wp:featuredmedia":[{"embeddable":true,"href":"https:\/\/fashiongold.lt\/pl\/wp-json\/wp\/v2\/media\/54787"}],"wp:attachment":[{"href":"https:\/\/fashiongold.lt\/pl\/wp-json\/wp\/v2\/media?parent=288419"}],"wp:term":[{"taxonomy":"product_brand","embeddable":true,"href":"https:\/\/fashiongold.lt\/pl\/wp-json\/wp\/v2\/product_brand?post=288419"},{"taxonomy":"product_cat","embeddable":true,"href":"https:\/\/fashiongold.lt\/pl\/wp-json\/wp\/v2\/product_cat?post=288419"},{"taxonomy":"product_tag","embeddable":true,"href":"https:\/\/fashiongold.lt\/pl\/wp-json\/wp\/v2\/product_tag?post=288419"}],"curies":[{"name":"wp","href":"https:\/\/api.w.org\/{rel}","templated":true}]}}