{"id":288454,"date":"2025-10-09T18:14:35","date_gmt":"2025-10-09T18:14:35","guid":{"rendered":"https:\/\/fashiongold.lt\/papuosalas\/symbol-nowoczesnej-elegancji-naszyjnik-z-perel-9-105-mm-z-wloskim-zapieciem-z-bialego-zlota\/"},"modified":"2025-10-09T18:14:35","modified_gmt":"2025-10-09T18:14:35","slug":"symbol-nowoczesnej-elegancji-naszyjnik-z-perel-9-105-mm-z-wloskim-zapieciem-z-bialego-zlota","status":"publish","type":"product","link":"https:\/\/fashiongold.lt\/pl\/papuosalas\/symbol-nowoczesnej-elegancji-naszyjnik-z-perel-9-105-mm-z-wloskim-zapieciem-z-bialego-zlota\/","title":{"rendered":"Symbol nowoczesnej elegancji \u2013 naszyjnik z pere\u0142 (9 &#8211; 10,5 mm) z w\u0142oskim zapi\u0119ciem z bia\u0142ego z\u0142ota."},"content":{"rendered":"<p>Nowoczesny naszyjnik z pere\u0142 s\u0142odkowodnych 9-10,5 mm, 42 szt. z wyj\u0105tkowym zapi\u0119ciem z bia\u0142ego z\u0142ota o w\u0142oskim designie. Zapi\u0119cie jest dzie\u0142em w\u0142oskiej firmy \u2013 trwa\u0142e i unikalne. Naszyjnik z pere\u0142 stworzony przez mistrz\u00f3w domu jubilerskiego \u201eFashion Gold\u201d \u2013 symbol nowoczesnej elegancji.<\/p>\n<p>Naszyjnik z pere\u0142 z zapi\u0119ciem z bia\u0142ego z\u0142ota, stworzony przez mistrz\u00f3w domu jubilerskiego \u201eFashion Gold\u201d. Imponuj\u0105ca bi\u017cuteria, doskona\u0142y prezent na \u015blub, rocznic\u0119 \u015blubu, urodziny, Walentynki lub inne okazje.<\/p>\n<p><span>Zapi\u0119cie z bia\u0142ego z\u0142ota pr\u00f3by 585<\/span><\/p>\n<p>Naturalne per\u0142y s\u0142odkowodne<span>\u00a0&#8211; 9-10,5 mm, 42 szt.<\/span><\/p>\n<p><span>D\u0142ugo\u015b\u0107 &#8211; 45 cm<\/span><\/p>\n<p>Ca\u0142kowita waga &#8211; 58,8 g<\/p>\n","protected":false},"excerpt":{"rendered":"<p>Nowoczesny naszyjnik z pere\u0142 s\u0142odkowodnych 9-10,5 mm, 42 szt. z w\u0142oskim zapi\u0119ciem z bia\u0142ego z\u0142ota. Unikalne i trwa\u0142e zapi\u0119cie. Dzie\u0142o mistrz\u00f3w domu jubilerskiego \u201eFashion Gold\u201d \u2013 symbol nowoczesnej elegancji.<\/p>\n","protected":false},"featured_media":54657,"template":"","meta":{"site-sidebar-layout":"","site-content-layout":"","ast-site-content-layout":"","site-content-style":"","site-sidebar-style":"","ast-global-header-display":"","ast-banner-title-visibility":"","ast-main-header-display":"","ast-hfb-above-header-display":"","ast-hfb-below-header-display":"","ast-hfb-mobile-header-display":"","site-post-title":"","ast-breadcrumbs-content":"","ast-featured-img":"","footer-sml-layout":"","ast-disable-related-posts":"","theme-transparent-header-meta":"","adv-header-id-meta":"","stick-header-meta":"","header-above-stick-meta":"","header-main-stick-meta":"","header-below-stick-meta":"","astra-migrate-meta-layouts":"default","ast-page-background-enabled":"default","ast-page-background-meta":{"desktop":{"background-color":"var(--ast-global-color-4)","background-image":"","background-repeat":"repeat","background-position":"center center","background-size":"auto","background-attachment":"scroll","background-type":"","background-media":"","overlay-type":"","overlay-color":"","overlay-opacity":"","overlay-gradient":""},"tablet":{"background-color":"","background-image":"","background-repeat":"repeat","background-position":"center center","background-size":"auto","background-attachment":"scroll","background-type":"","background-media":"","overlay-type":"","overlay-color":"","overlay-opacity":"","overlay-gradient":""},"mobile":{"background-color":"","background-image":"","background-repeat":"repeat","background-position":"center center","background-size":"auto","background-attachment":"scroll","background-type":"","background-media":"","overlay-type":"","overlay-color":"","overlay-opacity":"","overlay-gradient":""}},"ast-content-background-meta":{"desktop":{"background-color":"var(--ast-global-color-5)","background-image":"","background-repeat":"repeat","background-position":"center center","background-size":"auto","background-attachment":"scroll","background-type":"","background-media":"","overlay-type":"","overlay-color":"","overlay-opacity":"","overlay-gradient":""},"tablet":{"background-color":"var(--ast-global-color-5)","background-image":"","background-repeat":"repeat","background-position":"center center","background-size":"auto","background-attachment":"scroll","background-type":"","background-media":"","overlay-type":"","overlay-color":"","overlay-opacity":"","overlay-gradient":""},"mobile":{"background-color":"var(--ast-global-color-5)","background-image":"","background-repeat":"repeat","background-position":"center center","background-size":"auto","background-attachment":"scroll","background-type":"","background-media":"","overlay-type":"","overlay-color":"","overlay-opacity":"","overlay-gradient":""}}},"product_brand":[],"product_cat":[3044,2858,2976,2853,3165,2875,2876,2860,2857,2854,2855,3169,2859,2852],"product_tag":[],"class_list":{"0":"post-288454","1":"product","2":"type-product","3":"status-publish","4":"has-post-thumbnail","6":"product_cat-bizuteria","7":"product_cat-bizuteria-z-bialego-zlota","8":"product_cat-perly-bizuteria-z-perlami","9":"product_cat-prezenty-dla-kobiet","10":"product_cat-prezenty-na-chrzest","11":"product_cat-prezenty-na-dzien-matki","12":"product_cat-prezenty-na-walentynki","13":"product_cat-prezenty-na-wyjatkowe-okazje","14":"product_cat-prezenty-swiateczne","15":"product_cat-prezenty-z-okazji-narodzin-dziecka","16":"product_cat-prezenty-z-okazji-rocznicy-slubu","17":"product_cat-prezenty-z-okazji-slubu","18":"product_cat-prezenty-z-okazji-ukonczenia-szkoly","19":"product_cat-prezenty-z-okazji-urodzin","20":"desktop-align-center","21":"tablet-align-left","22":"mobile-align-left","23":"ast-product-gallery-layout-horizontal-slider","24":"ast-product-gallery-with-no-image","25":"ast-product-tabs-layout-accordion","26":"ast-qv-on-image","28":"first","29":"instock","30":"taxable","31":"shipping-taxable","32":"purchasable","33":"product-type-simple"},"yoast_head":"<!-- This site is optimized with the Yoast SEO plugin v26.6 - https:\/\/yoast.com\/wordpress\/plugins\/seo\/ -->\n<title>Symbol nowoczesnej elegancji \u2013 naszyjnik z pere\u0142 (9 - 10,5 mm) z w\u0142oskim zapi\u0119ciem z bia\u0142ego z\u0142ota. - FashionGold.lt<\/title>\n<meta name=\"robots\" content=\"index, follow, max-snippet:-1, max-image-preview:large, max-video-preview:-1\" \/>\n<link rel=\"canonical\" href=\"https:\/\/fashiongold.lt\/pl\/papuosalas\/symbol-nowoczesnej-elegancji-naszyjnik-z-perel-9-105-mm-z-wloskim-zapieciem-z-bialego-zlota\/\" \/>\n<meta property=\"og:locale\" content=\"pl_PL\" \/>\n<meta property=\"og:type\" content=\"article\" \/>\n<meta property=\"og:title\" content=\"Symbol nowoczesnej elegancji \u2013 naszyjnik z pere\u0142 (9 - 10,5 mm) z w\u0142oskim zapi\u0119ciem z bia\u0142ego z\u0142ota. - FashionGold.lt\" \/>\n<meta property=\"og:description\" content=\"Nowoczesny naszyjnik z pere\u0142 s\u0142odkowodnych 9-10,5 mm, 42 szt. z w\u0142oskim zapi\u0119ciem z bia\u0142ego z\u0142ota. Unikalne i trwa\u0142e zapi\u0119cie. Dzie\u0142o mistrz\u00f3w domu jubilerskiego \u201eFashion Gold\u201d \u2013 symbol nowoczesnej elegancji.\" \/>\n<meta property=\"og:url\" content=\"https:\/\/fashiongold.lt\/pl\/papuosalas\/symbol-nowoczesnej-elegancji-naszyjnik-z-perel-9-105-mm-z-wloskim-zapieciem-z-bialego-zlota\/\" \/>\n<meta property=\"og:site_name\" content=\"FashionGold.lt\" \/>\n<meta property=\"og:image\" content=\"https:\/\/fashiongold.lt\/wp-content\/uploads\/2025\/10\/6422-cab-Modernios-elegancijos-zenklas-perlu-verinys.webp\" \/>\n\t<meta property=\"og:image:width\" content=\"1000\" \/>\n\t<meta property=\"og:image:height\" content=\"1000\" \/>\n\t<meta property=\"og:image:type\" content=\"image\/png\" \/>\n<meta name=\"twitter:card\" content=\"summary_large_image\" \/>\n<meta name=\"twitter:label1\" content=\"Szacowany czas czytania\" \/>\n\t<meta name=\"twitter:data1\" content=\"1 minuta\" \/>\n<script type=\"application\/ld+json\" class=\"yoast-schema-graph\">{\"@context\":\"https:\/\/schema.org\",\"@graph\":[{\"@type\":\"WebPage\",\"@id\":\"https:\/\/fashiongold.lt\/pl\/papuosalas\/symbol-nowoczesnej-elegancji-naszyjnik-z-perel-9-105-mm-z-wloskim-zapieciem-z-bialego-zlota\/\",\"url\":\"https:\/\/fashiongold.lt\/pl\/papuosalas\/symbol-nowoczesnej-elegancji-naszyjnik-z-perel-9-105-mm-z-wloskim-zapieciem-z-bialego-zlota\/\",\"name\":\"Symbol nowoczesnej elegancji \u2013 naszyjnik z pere\u0142 (9 - 10,5 mm) z w\u0142oskim zapi\u0119ciem z bia\u0142ego z\u0142ota. - FashionGold.lt\",\"isPartOf\":{\"@id\":\"https:\/\/fashiongold.lt\/pl\/#website\"},\"primaryImageOfPage\":{\"@id\":\"https:\/\/fashiongold.lt\/pl\/papuosalas\/symbol-nowoczesnej-elegancji-naszyjnik-z-perel-9-105-mm-z-wloskim-zapieciem-z-bialego-zlota\/#primaryimage\"},\"image\":{\"@id\":\"https:\/\/fashiongold.lt\/pl\/papuosalas\/symbol-nowoczesnej-elegancji-naszyjnik-z-perel-9-105-mm-z-wloskim-zapieciem-z-bialego-zlota\/#primaryimage\"},\"thumbnailUrl\":\"https:\/\/fashiongold.lt\/wp-content\/uploads\/2025\/10\/6422-cab-Modernios-elegancijos-zenklas-perlu-verinys.png\",\"datePublished\":\"2025-10-09T18:14:35+00:00\",\"breadcrumb\":{\"@id\":\"https:\/\/fashiongold.lt\/pl\/papuosalas\/symbol-nowoczesnej-elegancji-naszyjnik-z-perel-9-105-mm-z-wloskim-zapieciem-z-bialego-zlota\/#breadcrumb\"},\"inLanguage\":\"pl-PL\",\"potentialAction\":[{\"@type\":\"ReadAction\",\"target\":[\"https:\/\/fashiongold.lt\/pl\/papuosalas\/symbol-nowoczesnej-elegancji-naszyjnik-z-perel-9-105-mm-z-wloskim-zapieciem-z-bialego-zlota\/\"]}]},{\"@type\":\"ImageObject\",\"inLanguage\":\"pl-PL\",\"@id\":\"https:\/\/fashiongold.lt\/pl\/papuosalas\/symbol-nowoczesnej-elegancji-naszyjnik-z-perel-9-105-mm-z-wloskim-zapieciem-z-bialego-zlota\/#primaryimage\",\"url\":\"https:\/\/fashiongold.lt\/wp-content\/uploads\/2025\/10\/6422-cab-Modernios-elegancijos-zenklas-perlu-verinys.png\",\"contentUrl\":\"https:\/\/fashiongold.lt\/wp-content\/uploads\/2025\/10\/6422-cab-Modernios-elegancijos-zenklas-perlu-verinys.png\",\"width\":1000,\"height\":1000},{\"@type\":\"BreadcrumbList\",\"@id\":\"https:\/\/fashiongold.lt\/pl\/papuosalas\/symbol-nowoczesnej-elegancji-naszyjnik-z-perel-9-105-mm-z-wloskim-zapieciem-z-bialego-zlota\/#breadcrumb\",\"itemListElement\":[{\"@type\":\"ListItem\",\"position\":1,\"name\":\"Home\",\"item\":\"https:\/\/fashiongold.lt\/pl\/\"},{\"@type\":\"ListItem\",\"position\":2,\"name\":\"Sklep z diamentami Fashiongold.lt\",\"item\":\"https:\/\/fashiongold.lt\/shop-2\/\"},{\"@type\":\"ListItem\",\"position\":3,\"name\":\"Symbol nowoczesnej elegancji \u2013 naszyjnik z pere\u0142 (9 &#8211; 10,5 mm) z w\u0142oskim zapi\u0119ciem z bia\u0142ego z\u0142ota.\"}]},{\"@type\":\"WebSite\",\"@id\":\"https:\/\/fashiongold.lt\/pl\/#website\",\"url\":\"https:\/\/fashiongold.lt\/pl\/\",\"name\":\"Fashion Gold\",\"description\":\"Juvelyrikos namai\",\"publisher\":{\"@id\":\"https:\/\/fashiongold.lt\/pl\/#organization\"},\"potentialAction\":[{\"@type\":\"SearchAction\",\"target\":{\"@type\":\"EntryPoint\",\"urlTemplate\":\"https:\/\/fashiongold.lt\/pl\/?s={search_term_string}\"},\"query-input\":{\"@type\":\"PropertyValueSpecification\",\"valueRequired\":true,\"valueName\":\"search_term_string\"}}],\"inLanguage\":\"pl-PL\"},{\"@type\":\"Organization\",\"@id\":\"https:\/\/fashiongold.lt\/pl\/#organization\",\"name\":\"Topdiamonds Online\",\"url\":\"https:\/\/fashiongold.lt\/pl\/\",\"logo\":{\"@type\":\"ImageObject\",\"inLanguage\":\"pl-PL\",\"@id\":\"https:\/\/fashiongold.lt\/pl\/#\/schema\/logo\/image\/\",\"url\":\"https:\/\/fashiongold.lt\/wp-content\/uploads\/2025\/04\/cropped-fashion_gold_logotipas2-scaled-1.png\",\"contentUrl\":\"https:\/\/fashiongold.lt\/wp-content\/uploads\/2025\/04\/cropped-fashion_gold_logotipas2-scaled-1.png\",\"width\":2559,\"height\":421,\"caption\":\"Topdiamonds Online\"},\"image\":{\"@id\":\"https:\/\/fashiongold.lt\/pl\/#\/schema\/logo\/image\/\"}}]}<\/script>\n<!-- \/ Yoast SEO plugin. -->","yoast_head_json":{"title":"Symbol nowoczesnej elegancji \u2013 naszyjnik z pere\u0142 (9 - 10,5 mm) z w\u0142oskim zapi\u0119ciem z bia\u0142ego z\u0142ota. - FashionGold.lt","robots":{"index":"index","follow":"follow","max-snippet":"max-snippet:-1","max-image-preview":"max-image-preview:large","max-video-preview":"max-video-preview:-1"},"canonical":"https:\/\/fashiongold.lt\/pl\/papuosalas\/symbol-nowoczesnej-elegancji-naszyjnik-z-perel-9-105-mm-z-wloskim-zapieciem-z-bialego-zlota\/","og_locale":"pl_PL","og_type":"article","og_title":"Symbol nowoczesnej elegancji \u2013 naszyjnik z pere\u0142 (9 - 10,5 mm) z w\u0142oskim zapi\u0119ciem z bia\u0142ego z\u0142ota. - FashionGold.lt","og_description":"Nowoczesny naszyjnik z pere\u0142 s\u0142odkowodnych 9-10,5 mm, 42 szt. z w\u0142oskim zapi\u0119ciem z bia\u0142ego z\u0142ota. Unikalne i trwa\u0142e zapi\u0119cie. Dzie\u0142o mistrz\u00f3w domu jubilerskiego \u201eFashion Gold\u201d \u2013 symbol nowoczesnej elegancji.","og_url":"https:\/\/fashiongold.lt\/pl\/papuosalas\/symbol-nowoczesnej-elegancji-naszyjnik-z-perel-9-105-mm-z-wloskim-zapieciem-z-bialego-zlota\/","og_site_name":"FashionGold.lt","og_image":[{"width":1000,"height":1000,"url":"https:\/\/fashiongold.lt\/wp-content\/uploads\/2025\/10\/6422-cab-Modernios-elegancijos-zenklas-perlu-verinys.webp","type":"image\/png"}],"twitter_card":"summary_large_image","twitter_misc":{"Szacowany czas czytania":"1 minuta"},"schema":{"@context":"https:\/\/schema.org","@graph":[{"@type":"WebPage","@id":"https:\/\/fashiongold.lt\/pl\/papuosalas\/symbol-nowoczesnej-elegancji-naszyjnik-z-perel-9-105-mm-z-wloskim-zapieciem-z-bialego-zlota\/","url":"https:\/\/fashiongold.lt\/pl\/papuosalas\/symbol-nowoczesnej-elegancji-naszyjnik-z-perel-9-105-mm-z-wloskim-zapieciem-z-bialego-zlota\/","name":"Symbol nowoczesnej elegancji \u2013 naszyjnik z pere\u0142 (9 - 10,5 mm) z w\u0142oskim zapi\u0119ciem z bia\u0142ego z\u0142ota. - FashionGold.lt","isPartOf":{"@id":"https:\/\/fashiongold.lt\/pl\/#website"},"primaryImageOfPage":{"@id":"https:\/\/fashiongold.lt\/pl\/papuosalas\/symbol-nowoczesnej-elegancji-naszyjnik-z-perel-9-105-mm-z-wloskim-zapieciem-z-bialego-zlota\/#primaryimage"},"image":{"@id":"https:\/\/fashiongold.lt\/pl\/papuosalas\/symbol-nowoczesnej-elegancji-naszyjnik-z-perel-9-105-mm-z-wloskim-zapieciem-z-bialego-zlota\/#primaryimage"},"thumbnailUrl":"https:\/\/fashiongold.lt\/wp-content\/uploads\/2025\/10\/6422-cab-Modernios-elegancijos-zenklas-perlu-verinys.png","datePublished":"2025-10-09T18:14:35+00:00","breadcrumb":{"@id":"https:\/\/fashiongold.lt\/pl\/papuosalas\/symbol-nowoczesnej-elegancji-naszyjnik-z-perel-9-105-mm-z-wloskim-zapieciem-z-bialego-zlota\/#breadcrumb"},"inLanguage":"pl-PL","potentialAction":[{"@type":"ReadAction","target":["https:\/\/fashiongold.lt\/pl\/papuosalas\/symbol-nowoczesnej-elegancji-naszyjnik-z-perel-9-105-mm-z-wloskim-zapieciem-z-bialego-zlota\/"]}]},{"@type":"ImageObject","inLanguage":"pl-PL","@id":"https:\/\/fashiongold.lt\/pl\/papuosalas\/symbol-nowoczesnej-elegancji-naszyjnik-z-perel-9-105-mm-z-wloskim-zapieciem-z-bialego-zlota\/#primaryimage","url":"https:\/\/fashiongold.lt\/wp-content\/uploads\/2025\/10\/6422-cab-Modernios-elegancijos-zenklas-perlu-verinys.png","contentUrl":"https:\/\/fashiongold.lt\/wp-content\/uploads\/2025\/10\/6422-cab-Modernios-elegancijos-zenklas-perlu-verinys.png","width":1000,"height":1000},{"@type":"BreadcrumbList","@id":"https:\/\/fashiongold.lt\/pl\/papuosalas\/symbol-nowoczesnej-elegancji-naszyjnik-z-perel-9-105-mm-z-wloskim-zapieciem-z-bialego-zlota\/#breadcrumb","itemListElement":[{"@type":"ListItem","position":1,"name":"Home","item":"https:\/\/fashiongold.lt\/pl\/"},{"@type":"ListItem","position":2,"name":"Sklep z diamentami Fashiongold.lt","item":"https:\/\/fashiongold.lt\/shop-2\/"},{"@type":"ListItem","position":3,"name":"Symbol nowoczesnej elegancji \u2013 naszyjnik z pere\u0142 (9 &#8211; 10,5 mm) z w\u0142oskim zapi\u0119ciem z bia\u0142ego z\u0142ota."}]},{"@type":"WebSite","@id":"https:\/\/fashiongold.lt\/pl\/#website","url":"https:\/\/fashiongold.lt\/pl\/","name":"Fashion Gold","description":"Juvelyrikos namai","publisher":{"@id":"https:\/\/fashiongold.lt\/pl\/#organization"},"potentialAction":[{"@type":"SearchAction","target":{"@type":"EntryPoint","urlTemplate":"https:\/\/fashiongold.lt\/pl\/?s={search_term_string}"},"query-input":{"@type":"PropertyValueSpecification","valueRequired":true,"valueName":"search_term_string"}}],"inLanguage":"pl-PL"},{"@type":"Organization","@id":"https:\/\/fashiongold.lt\/pl\/#organization","name":"Topdiamonds Online","url":"https:\/\/fashiongold.lt\/pl\/","logo":{"@type":"ImageObject","inLanguage":"pl-PL","@id":"https:\/\/fashiongold.lt\/pl\/#\/schema\/logo\/image\/","url":"https:\/\/fashiongold.lt\/wp-content\/uploads\/2025\/04\/cropped-fashion_gold_logotipas2-scaled-1.png","contentUrl":"https:\/\/fashiongold.lt\/wp-content\/uploads\/2025\/04\/cropped-fashion_gold_logotipas2-scaled-1.png","width":2559,"height":421,"caption":"Topdiamonds Online"},"image":{"@id":"https:\/\/fashiongold.lt\/pl\/#\/schema\/logo\/image\/"}}]}},"_links":{"self":[{"href":"https:\/\/fashiongold.lt\/pl\/wp-json\/wp\/v2\/product\/288454","targetHints":{"allow":["GET"]}}],"collection":[{"href":"https:\/\/fashiongold.lt\/pl\/wp-json\/wp\/v2\/product"}],"about":[{"href":"https:\/\/fashiongold.lt\/pl\/wp-json\/wp\/v2\/types\/product"}],"version-history":[{"count":0,"href":"https:\/\/fashiongold.lt\/pl\/wp-json\/wp\/v2\/product\/288454\/revisions"}],"wp:featuredmedia":[{"embeddable":true,"href":"https:\/\/fashiongold.lt\/pl\/wp-json\/wp\/v2\/media\/54657"}],"wp:attachment":[{"href":"https:\/\/fashiongold.lt\/pl\/wp-json\/wp\/v2\/media?parent=288454"}],"wp:term":[{"taxonomy":"product_brand","embeddable":true,"href":"https:\/\/fashiongold.lt\/pl\/wp-json\/wp\/v2\/product_brand?post=288454"},{"taxonomy":"product_cat","embeddable":true,"href":"https:\/\/fashiongold.lt\/pl\/wp-json\/wp\/v2\/product_cat?post=288454"},{"taxonomy":"product_tag","embeddable":true,"href":"https:\/\/fashiongold.lt\/pl\/wp-json\/wp\/v2\/product_tag?post=288454"}],"curies":[{"name":"wp","href":"https:\/\/api.w.org\/{rel}","templated":true}]}}