{"id":288489,"date":"2025-10-09T18:01:17","date_gmt":"2025-10-09T18:01:17","guid":{"rendered":"https:\/\/fashiongold.lt\/papuosalas\/nowoczesny-pierscionek-zareczynowy-z-diamentem-z-zoltego-zlota-ragane\/"},"modified":"2025-10-09T18:01:17","modified_gmt":"2025-10-09T18:01:17","slug":"nowoczesny-pierscionek-zareczynowy-z-diamentem-z-zoltego-zlota-ragane","status":"publish","type":"product","link":"https:\/\/fashiongold.lt\/pl\/papuosalas\/nowoczesny-pierscionek-zareczynowy-z-diamentem-z-zoltego-zlota-ragane\/","title":{"rendered":"Nowoczesny pier\u015bcionek zar\u0119czynowy z diamentem z \u017c\u00f3\u0142tego z\u0142ota Ragan\u0117"},"content":{"rendered":"<p>Ragan\u0117 z \u017c\u00f3\u0142tego z\u0142ota \u2013 nowoczesny pier\u015bcionek zar\u0119czynowy z diamentem. Prawdziwy diament osadzony jest w koronie w kszta\u0142cie kwiatuszka w bia\u0142ym kolorze, a obr\u0105czka z \u017c\u00f3\u0142tego z\u0142ota jest przy niej uniesiona, co zapewnia komfort noszenia. Doskona\u0142y wyb\u00f3r na pier\u015bcionek zar\u0119czynowy lub pi\u0119kny prezent na ka\u017cd\u0105 okazj\u0119. Elegancki i wyj\u0105tkowy!<\/p>\n<p>Pier\u015bcionek zar\u0119czynowy stworzony przez mistrz\u00f3w jubilerstwa \u201eFashion Gold\u201d charakteryzuje si\u0119 niezwykle wysok\u0105 jako\u015bci\u0105, posiada certyfikat Litewskiego Urz\u0119du Probierczego i jest dost\u0119pny w bardzo atrakcyjnej cenie. To bi\u017cuteria, kt\u00f3r\u0105 mo\u017cna przekazywa\u0107 z pokolenia na pokolenie jako pami\u0105tk\u0119 rodzinn\u0105, poniewa\u017c ani z\u0142oto, ani prawdziwe diamenty nigdy nie trac\u0105 na warto\u015bci. Ten z\u0142oty pier\u015bcionek mo\u017cna zam\u00f3wi\u0107 zar\u00f3wno w salonie, jak i online.<\/p>\n<p>Waga pier\u015bcionka zar\u0119czynowego \u2013 1,30-1,70 g<\/p>\n<p><span>Kolor z\u0142ota \u2013 \u017c\u00f3\u0142ty<\/span><\/p>\n<p><span>Wielko\u015b\u0107 brylantu \u2013 0,30 ct, barwa H, czysto\u015b\u0107 SI<\/span><\/p>\n","protected":false},"excerpt":{"rendered":"<p>Nowoczesny pier\u015bcionek zar\u0119czynowy z diamentem. Prawdziwy diament zosta\u0142 osadzony w koronie w kszta\u0142cie kwiatuszka z bia\u0142ego z\u0142ota, a szyna z \u017c\u00f3\u0142tego z\u0142ota jest przy niej uniesiona, co zapewnia komfort noszenia. Elegancki i wyj\u0105tkowy wyb\u00f3r!<\/p>\n","protected":false},"featured_media":53605,"template":"","meta":{"site-sidebar-layout":"","site-content-layout":"","ast-site-content-layout":"","site-content-style":"","site-sidebar-style":"","ast-global-header-display":"","ast-banner-title-visibility":"","ast-main-header-display":"","ast-hfb-above-header-display":"","ast-hfb-below-header-display":"","ast-hfb-mobile-header-display":"","site-post-title":"","ast-breadcrumbs-content":"","ast-featured-img":"","footer-sml-layout":"","ast-disable-related-posts":"","theme-transparent-header-meta":"","adv-header-id-meta":"","stick-header-meta":"","header-above-stick-meta":"","header-main-stick-meta":"","header-below-stick-meta":"","astra-migrate-meta-layouts":"default","ast-page-background-enabled":"default","ast-page-background-meta":{"desktop":{"background-color":"var(--ast-global-color-4)","background-image":"","background-repeat":"repeat","background-position":"center center","background-size":"auto","background-attachment":"scroll","background-type":"","background-media":"","overlay-type":"","overlay-color":"","overlay-opacity":"","overlay-gradient":""},"tablet":{"background-color":"","background-image":"","background-repeat":"repeat","background-position":"center center","background-size":"auto","background-attachment":"scroll","background-type":"","background-media":"","overlay-type":"","overlay-color":"","overlay-opacity":"","overlay-gradient":""},"mobile":{"background-color":"","background-image":"","background-repeat":"repeat","background-position":"center center","background-size":"auto","background-attachment":"scroll","background-type":"","background-media":"","overlay-type":"","overlay-color":"","overlay-opacity":"","overlay-gradient":""}},"ast-content-background-meta":{"desktop":{"background-color":"var(--ast-global-color-5)","background-image":"","background-repeat":"repeat","background-position":"center center","background-size":"auto","background-attachment":"scroll","background-type":"","background-media":"","overlay-type":"","overlay-color":"","overlay-opacity":"","overlay-gradient":""},"tablet":{"background-color":"var(--ast-global-color-5)","background-image":"","background-repeat":"repeat","background-position":"center center","background-size":"auto","background-attachment":"scroll","background-type":"","background-media":"","overlay-type":"","overlay-color":"","overlay-opacity":"","overlay-gradient":""},"mobile":{"background-color":"var(--ast-global-color-5)","background-image":"","background-repeat":"repeat","background-position":"center center","background-size":"auto","background-attachment":"scroll","background-type":"","background-media":"","overlay-type":"","overlay-color":"","overlay-opacity":"","overlay-gradient":""}}},"product_brand":[],"product_cat":[3359],"product_tag":[],"class_list":{"0":"post-288489","1":"product","2":"type-product","3":"status-publish","4":"has-post-thumbnail","6":"product_cat-wyprzedaz","7":"desktop-align-center","8":"tablet-align-left","9":"mobile-align-left","10":"ast-product-gallery-layout-horizontal-slider","11":"ast-product-gallery-with-no-image","12":"ast-product-single-variable","13":"ast-product-tabs-layout-accordion","14":"ast-qv-on-image","16":"first","17":"instock","18":"taxable","19":"shipping-taxable","20":"purchasable","21":"product-type-variable"},"yoast_head":"<!-- This site is optimized with the Yoast SEO plugin v26.6 - https:\/\/yoast.com\/wordpress\/plugins\/seo\/ -->\n<title>Nowoczesny pier\u015bcionek zar\u0119czynowy z diamentem I FashionGold<\/title>\n<meta name=\"description\" content=\"Prawdziwy diament osadzony w koronie z bia\u0142ego z\u0142ota, szyna z \u017c\u00f3\u0142tego z\u0142ota zapewniaj\u0105ca komfort noszenia. Elegancki i wyj\u0105tkowy wyb\u00f3r!\" \/>\n<meta name=\"robots\" content=\"index, follow, max-snippet:-1, max-image-preview:large, max-video-preview:-1\" \/>\n<link rel=\"canonical\" href=\"https:\/\/fashiongold.lt\/pl\/papuosalas\/nowoczesny-pierscionek-zareczynowy-z-diamentem-z-zoltego-zlota-ragane\/\" \/>\n<meta property=\"og:locale\" content=\"pl_PL\" \/>\n<meta property=\"og:type\" content=\"article\" \/>\n<meta property=\"og:title\" content=\"Nowoczesny pier\u015bcionek zar\u0119czynowy z diamentem I FashionGold\" \/>\n<meta property=\"og:description\" content=\"Prawdziwy diament osadzony w koronie z bia\u0142ego z\u0142ota, szyna z \u017c\u00f3\u0142tego z\u0142ota zapewniaj\u0105ca komfort noszenia. Elegancki i wyj\u0105tkowy wyb\u00f3r!\" \/>\n<meta property=\"og:url\" content=\"https:\/\/fashiongold.lt\/pl\/papuosalas\/nowoczesny-pierscionek-zareczynowy-z-diamentem-z-zoltego-zlota-ragane\/\" \/>\n<meta property=\"og:site_name\" content=\"FashionGold.lt\" \/>\n<meta property=\"og:image\" content=\"https:\/\/fashiongold.lt\/wp-content\/uploads\/2025\/10\/1669-5cd-Suzadetuviu-ziedas-Ragane.webp\" \/>\n\t<meta property=\"og:image:width\" content=\"539\" \/>\n\t<meta property=\"og:image:height\" content=\"466\" \/>\n\t<meta property=\"og:image:type\" content=\"image\/jpeg\" \/>\n<meta name=\"twitter:card\" content=\"summary_large_image\" \/>\n<meta name=\"twitter:label1\" content=\"Szacowany czas czytania\" \/>\n\t<meta name=\"twitter:data1\" content=\"1 minuta\" \/>\n<script type=\"application\/ld+json\" class=\"yoast-schema-graph\">{\"@context\":\"https:\/\/schema.org\",\"@graph\":[{\"@type\":\"WebPage\",\"@id\":\"https:\/\/fashiongold.lt\/pl\/papuosalas\/nowoczesny-pierscionek-zareczynowy-z-diamentem-z-zoltego-zlota-ragane\/\",\"url\":\"https:\/\/fashiongold.lt\/pl\/papuosalas\/nowoczesny-pierscionek-zareczynowy-z-diamentem-z-zoltego-zlota-ragane\/\",\"name\":\"Nowoczesny pier\u015bcionek zar\u0119czynowy z diamentem I FashionGold\",\"isPartOf\":{\"@id\":\"https:\/\/fashiongold.lt\/pl\/#website\"},\"primaryImageOfPage\":{\"@id\":\"https:\/\/fashiongold.lt\/pl\/papuosalas\/nowoczesny-pierscionek-zareczynowy-z-diamentem-z-zoltego-zlota-ragane\/#primaryimage\"},\"image\":{\"@id\":\"https:\/\/fashiongold.lt\/pl\/papuosalas\/nowoczesny-pierscionek-zareczynowy-z-diamentem-z-zoltego-zlota-ragane\/#primaryimage\"},\"thumbnailUrl\":\"https:\/\/fashiongold.lt\/wp-content\/uploads\/2025\/10\/1669-5cd-Suzadetuviu-ziedas-Ragane.jpg\",\"datePublished\":\"2025-10-09T18:01:17+00:00\",\"description\":\"Prawdziwy diament osadzony w koronie z bia\u0142ego z\u0142ota, szyna z \u017c\u00f3\u0142tego z\u0142ota zapewniaj\u0105ca komfort noszenia. Elegancki i wyj\u0105tkowy wyb\u00f3r!\",\"breadcrumb\":{\"@id\":\"https:\/\/fashiongold.lt\/pl\/papuosalas\/nowoczesny-pierscionek-zareczynowy-z-diamentem-z-zoltego-zlota-ragane\/#breadcrumb\"},\"inLanguage\":\"pl-PL\",\"potentialAction\":[{\"@type\":\"ReadAction\",\"target\":[\"https:\/\/fashiongold.lt\/pl\/papuosalas\/nowoczesny-pierscionek-zareczynowy-z-diamentem-z-zoltego-zlota-ragane\/\"]}]},{\"@type\":\"ImageObject\",\"inLanguage\":\"pl-PL\",\"@id\":\"https:\/\/fashiongold.lt\/pl\/papuosalas\/nowoczesny-pierscionek-zareczynowy-z-diamentem-z-zoltego-zlota-ragane\/#primaryimage\",\"url\":\"https:\/\/fashiongold.lt\/wp-content\/uploads\/2025\/10\/1669-5cd-Suzadetuviu-ziedas-Ragane.jpg\",\"contentUrl\":\"https:\/\/fashiongold.lt\/wp-content\/uploads\/2025\/10\/1669-5cd-Suzadetuviu-ziedas-Ragane.jpg\",\"width\":539,\"height\":466},{\"@type\":\"BreadcrumbList\",\"@id\":\"https:\/\/fashiongold.lt\/pl\/papuosalas\/nowoczesny-pierscionek-zareczynowy-z-diamentem-z-zoltego-zlota-ragane\/#breadcrumb\",\"itemListElement\":[{\"@type\":\"ListItem\",\"position\":1,\"name\":\"Home\",\"item\":\"https:\/\/fashiongold.lt\/pl\/\"},{\"@type\":\"ListItem\",\"position\":2,\"name\":\"Sklep z diamentami Fashiongold.lt\",\"item\":\"https:\/\/fashiongold.lt\/shop-2\/\"},{\"@type\":\"ListItem\",\"position\":3,\"name\":\"Nowoczesny pier\u015bcionek zar\u0119czynowy z diamentem z \u017c\u00f3\u0142tego z\u0142ota Ragan\u0117\"}]},{\"@type\":\"WebSite\",\"@id\":\"https:\/\/fashiongold.lt\/pl\/#website\",\"url\":\"https:\/\/fashiongold.lt\/pl\/\",\"name\":\"Fashion Gold\",\"description\":\"Juvelyrikos namai\",\"publisher\":{\"@id\":\"https:\/\/fashiongold.lt\/pl\/#organization\"},\"potentialAction\":[{\"@type\":\"SearchAction\",\"target\":{\"@type\":\"EntryPoint\",\"urlTemplate\":\"https:\/\/fashiongold.lt\/pl\/?s={search_term_string}\"},\"query-input\":{\"@type\":\"PropertyValueSpecification\",\"valueRequired\":true,\"valueName\":\"search_term_string\"}}],\"inLanguage\":\"pl-PL\"},{\"@type\":\"Organization\",\"@id\":\"https:\/\/fashiongold.lt\/pl\/#organization\",\"name\":\"Topdiamonds Online\",\"url\":\"https:\/\/fashiongold.lt\/pl\/\",\"logo\":{\"@type\":\"ImageObject\",\"inLanguage\":\"pl-PL\",\"@id\":\"https:\/\/fashiongold.lt\/pl\/#\/schema\/logo\/image\/\",\"url\":\"https:\/\/fashiongold.lt\/wp-content\/uploads\/2025\/04\/cropped-fashion_gold_logotipas2-scaled-1.png\",\"contentUrl\":\"https:\/\/fashiongold.lt\/wp-content\/uploads\/2025\/04\/cropped-fashion_gold_logotipas2-scaled-1.png\",\"width\":2559,\"height\":421,\"caption\":\"Topdiamonds Online\"},\"image\":{\"@id\":\"https:\/\/fashiongold.lt\/pl\/#\/schema\/logo\/image\/\"}}]}<\/script>\n<!-- \/ Yoast SEO plugin. -->","yoast_head_json":{"title":"Nowoczesny pier\u015bcionek zar\u0119czynowy z diamentem I FashionGold","description":"Prawdziwy diament osadzony w koronie z bia\u0142ego z\u0142ota, szyna z \u017c\u00f3\u0142tego z\u0142ota zapewniaj\u0105ca komfort noszenia. Elegancki i wyj\u0105tkowy wyb\u00f3r!","robots":{"index":"index","follow":"follow","max-snippet":"max-snippet:-1","max-image-preview":"max-image-preview:large","max-video-preview":"max-video-preview:-1"},"canonical":"https:\/\/fashiongold.lt\/pl\/papuosalas\/nowoczesny-pierscionek-zareczynowy-z-diamentem-z-zoltego-zlota-ragane\/","og_locale":"pl_PL","og_type":"article","og_title":"Nowoczesny pier\u015bcionek zar\u0119czynowy z diamentem I FashionGold","og_description":"Prawdziwy diament osadzony w koronie z bia\u0142ego z\u0142ota, szyna z \u017c\u00f3\u0142tego z\u0142ota zapewniaj\u0105ca komfort noszenia. Elegancki i wyj\u0105tkowy wyb\u00f3r!","og_url":"https:\/\/fashiongold.lt\/pl\/papuosalas\/nowoczesny-pierscionek-zareczynowy-z-diamentem-z-zoltego-zlota-ragane\/","og_site_name":"FashionGold.lt","og_image":[{"width":539,"height":466,"url":"https:\/\/fashiongold.lt\/wp-content\/uploads\/2025\/10\/1669-5cd-Suzadetuviu-ziedas-Ragane.webp","type":"image\/jpeg"}],"twitter_card":"summary_large_image","twitter_misc":{"Szacowany czas czytania":"1 minuta"},"schema":{"@context":"https:\/\/schema.org","@graph":[{"@type":"WebPage","@id":"https:\/\/fashiongold.lt\/pl\/papuosalas\/nowoczesny-pierscionek-zareczynowy-z-diamentem-z-zoltego-zlota-ragane\/","url":"https:\/\/fashiongold.lt\/pl\/papuosalas\/nowoczesny-pierscionek-zareczynowy-z-diamentem-z-zoltego-zlota-ragane\/","name":"Nowoczesny pier\u015bcionek zar\u0119czynowy z diamentem I FashionGold","isPartOf":{"@id":"https:\/\/fashiongold.lt\/pl\/#website"},"primaryImageOfPage":{"@id":"https:\/\/fashiongold.lt\/pl\/papuosalas\/nowoczesny-pierscionek-zareczynowy-z-diamentem-z-zoltego-zlota-ragane\/#primaryimage"},"image":{"@id":"https:\/\/fashiongold.lt\/pl\/papuosalas\/nowoczesny-pierscionek-zareczynowy-z-diamentem-z-zoltego-zlota-ragane\/#primaryimage"},"thumbnailUrl":"https:\/\/fashiongold.lt\/wp-content\/uploads\/2025\/10\/1669-5cd-Suzadetuviu-ziedas-Ragane.jpg","datePublished":"2025-10-09T18:01:17+00:00","description":"Prawdziwy diament osadzony w koronie z bia\u0142ego z\u0142ota, szyna z \u017c\u00f3\u0142tego z\u0142ota zapewniaj\u0105ca komfort noszenia. Elegancki i wyj\u0105tkowy wyb\u00f3r!","breadcrumb":{"@id":"https:\/\/fashiongold.lt\/pl\/papuosalas\/nowoczesny-pierscionek-zareczynowy-z-diamentem-z-zoltego-zlota-ragane\/#breadcrumb"},"inLanguage":"pl-PL","potentialAction":[{"@type":"ReadAction","target":["https:\/\/fashiongold.lt\/pl\/papuosalas\/nowoczesny-pierscionek-zareczynowy-z-diamentem-z-zoltego-zlota-ragane\/"]}]},{"@type":"ImageObject","inLanguage":"pl-PL","@id":"https:\/\/fashiongold.lt\/pl\/papuosalas\/nowoczesny-pierscionek-zareczynowy-z-diamentem-z-zoltego-zlota-ragane\/#primaryimage","url":"https:\/\/fashiongold.lt\/wp-content\/uploads\/2025\/10\/1669-5cd-Suzadetuviu-ziedas-Ragane.jpg","contentUrl":"https:\/\/fashiongold.lt\/wp-content\/uploads\/2025\/10\/1669-5cd-Suzadetuviu-ziedas-Ragane.jpg","width":539,"height":466},{"@type":"BreadcrumbList","@id":"https:\/\/fashiongold.lt\/pl\/papuosalas\/nowoczesny-pierscionek-zareczynowy-z-diamentem-z-zoltego-zlota-ragane\/#breadcrumb","itemListElement":[{"@type":"ListItem","position":1,"name":"Home","item":"https:\/\/fashiongold.lt\/pl\/"},{"@type":"ListItem","position":2,"name":"Sklep z diamentami Fashiongold.lt","item":"https:\/\/fashiongold.lt\/shop-2\/"},{"@type":"ListItem","position":3,"name":"Nowoczesny pier\u015bcionek zar\u0119czynowy z diamentem z \u017c\u00f3\u0142tego z\u0142ota Ragan\u0117"}]},{"@type":"WebSite","@id":"https:\/\/fashiongold.lt\/pl\/#website","url":"https:\/\/fashiongold.lt\/pl\/","name":"Fashion Gold","description":"Juvelyrikos namai","publisher":{"@id":"https:\/\/fashiongold.lt\/pl\/#organization"},"potentialAction":[{"@type":"SearchAction","target":{"@type":"EntryPoint","urlTemplate":"https:\/\/fashiongold.lt\/pl\/?s={search_term_string}"},"query-input":{"@type":"PropertyValueSpecification","valueRequired":true,"valueName":"search_term_string"}}],"inLanguage":"pl-PL"},{"@type":"Organization","@id":"https:\/\/fashiongold.lt\/pl\/#organization","name":"Topdiamonds Online","url":"https:\/\/fashiongold.lt\/pl\/","logo":{"@type":"ImageObject","inLanguage":"pl-PL","@id":"https:\/\/fashiongold.lt\/pl\/#\/schema\/logo\/image\/","url":"https:\/\/fashiongold.lt\/wp-content\/uploads\/2025\/04\/cropped-fashion_gold_logotipas2-scaled-1.png","contentUrl":"https:\/\/fashiongold.lt\/wp-content\/uploads\/2025\/04\/cropped-fashion_gold_logotipas2-scaled-1.png","width":2559,"height":421,"caption":"Topdiamonds Online"},"image":{"@id":"https:\/\/fashiongold.lt\/pl\/#\/schema\/logo\/image\/"}}]}},"_links":{"self":[{"href":"https:\/\/fashiongold.lt\/pl\/wp-json\/wp\/v2\/product\/288489","targetHints":{"allow":["GET"]}}],"collection":[{"href":"https:\/\/fashiongold.lt\/pl\/wp-json\/wp\/v2\/product"}],"about":[{"href":"https:\/\/fashiongold.lt\/pl\/wp-json\/wp\/v2\/types\/product"}],"version-history":[{"count":0,"href":"https:\/\/fashiongold.lt\/pl\/wp-json\/wp\/v2\/product\/288489\/revisions"}],"wp:featuredmedia":[{"embeddable":true,"href":"https:\/\/fashiongold.lt\/pl\/wp-json\/wp\/v2\/media\/53605"}],"wp:attachment":[{"href":"https:\/\/fashiongold.lt\/pl\/wp-json\/wp\/v2\/media?parent=288489"}],"wp:term":[{"taxonomy":"product_brand","embeddable":true,"href":"https:\/\/fashiongold.lt\/pl\/wp-json\/wp\/v2\/product_brand?post=288489"},{"taxonomy":"product_cat","embeddable":true,"href":"https:\/\/fashiongold.lt\/pl\/wp-json\/wp\/v2\/product_cat?post=288489"},{"taxonomy":"product_tag","embeddable":true,"href":"https:\/\/fashiongold.lt\/pl\/wp-json\/wp\/v2\/product_tag?post=288489"}],"curies":[{"name":"wp","href":"https:\/\/api.w.org\/{rel}","templated":true}]}}