{"id":288534,"date":"2025-10-09T17:54:35","date_gmt":"2025-10-09T17:54:35","guid":{"rendered":"https:\/\/fashiongold.lt\/papuosalas\/pierscionek-zareczynowy-frezja\/"},"modified":"2025-10-09T17:54:35","modified_gmt":"2025-10-09T17:54:35","slug":"pierscionek-zareczynowy-frezja","status":"publish","type":"product","link":"https:\/\/fashiongold.lt\/pl\/papuosalas\/pierscionek-zareczynowy-frezja\/","title":{"rendered":"Pier\u015bcionek zar\u0119czynowy \u201eFrezja\u201d"},"content":{"rendered":"<p>Pier\u015bcionek zar\u0119czynowy z bia\u0142ego z\u0142ota \u2013 rozkwit Waszej mi\u0142o\u015bci. Ten wyj\u0105tkowy pier\u015bcionek zar\u0119czynowy, nazwany \u201eFrezja\u201d, sprawi, \u017ce Wasza mi\u0142o\u015b\u0107 rozkwitnie. Pier\u015bcionek z bia\u0142ego z\u0142ota zdobi wspania\u0142a korona z sze\u015bcioma \u0142apkami, w kt\u00f3rej osadzony jest diament o masie 0,30 ct. \u201eFrezja\u201d symbolizuje Wasz\u0105 najg\u0142\u0119bsz\u0105 wi\u0119\u017a, zaufanie i mi\u0142o\u015b\u0107. Ten pier\u015bcionek kwitnie razem z Wami, przypominaj\u0105c o Waszej niepowtarzalnej mi\u0142osnej podr\u00f3\u017cy. Pier\u015bcionek zar\u0119czynowy \u201eFrezja\u201d zdobi Twoj\u0105 d\u0142o\u0144 i serce, odkrywaj\u0105c pot\u0119g\u0119 i wyj\u0105tkowo\u015b\u0107 Waszej mi\u0142o\u015bci. Zanurzcie si\u0119 w \u015bwiecie kwitn\u0105cej mi\u0142o\u015bci z \u201eFrezj\u0105\u201d i tw\u00f3rzcie razem wyj\u0105tkowe wspomnienia.<\/p>\n<p>Stworzony przez mistrz\u00f3w jubilerstwa \u201eFashion Gold\u201d pier\u015bcionek zar\u0119czynowy jest niezwykle wysokiej jako\u015bci, posiada certyfikat Litewskiego Urz\u0119du Probierczego i jest dost\u0119pny w bardzo atrakcyjnej cenie. To bi\u017cuteria, kt\u00f3r\u0105 mo\u017cna przekazywa\u0107 z pokolenia na pokolenie jako rodzinn\u0105 pami\u0105tk\u0119, poniewa\u017c ani z\u0142oto, ani prawdziwe diamenty nigdy nie trac\u0105 na warto\u015bci. Ten z\u0142oty pier\u015bcionek mo\u017cna zam\u00f3wi\u0107 zar\u00f3wno w salonie, jak i przez internet.\u00a0<\/p>\n<p>Waga pier\u015bcionka zar\u0119czynowego &#8211; 2,20-2,60\u00a0g<\/p>\n<p>Kolor z\u0142ota &#8211; bia\u0142y<\/p>\n<p><span>Wielko\u015b\u0107 brylantu &#8211; 0,30 ct, kolor H, czysto\u015b\u0107 SI<\/span><\/p>\n","protected":false},"excerpt":{"rendered":"<p>Pier\u015bcionek z bia\u0142ego z\u0142ota ozdobiony wspania\u0142\u0105 koron\u0105 z sze\u015bcioma \u0142apkami, w kt\u00f3rej osadzony jest diament 0,30 ct, 'Frezja&#8217; symbolizuje Wasz\u0105 najg\u0142\u0119bsz\u0105 wi\u0119\u017a, zaufanie i mi\u0142o\u015b\u0107.\u00a0<\/p>\n","protected":false},"featured_media":53138,"template":"","meta":{"site-sidebar-layout":"","site-content-layout":"","ast-site-content-layout":"","site-content-style":"","site-sidebar-style":"","ast-global-header-display":"","ast-banner-title-visibility":"","ast-main-header-display":"","ast-hfb-above-header-display":"","ast-hfb-below-header-display":"","ast-hfb-mobile-header-display":"","site-post-title":"","ast-breadcrumbs-content":"","ast-featured-img":"","footer-sml-layout":"","ast-disable-related-posts":"","theme-transparent-header-meta":"","adv-header-id-meta":"","stick-header-meta":"","header-above-stick-meta":"","header-main-stick-meta":"","header-below-stick-meta":"","astra-migrate-meta-layouts":"default","ast-page-background-enabled":"default","ast-page-background-meta":{"desktop":{"background-color":"var(--ast-global-color-4)","background-image":"","background-repeat":"repeat","background-position":"center center","background-size":"auto","background-attachment":"scroll","background-type":"","background-media":"","overlay-type":"","overlay-color":"","overlay-opacity":"","overlay-gradient":""},"tablet":{"background-color":"","background-image":"","background-repeat":"repeat","background-position":"center center","background-size":"auto","background-attachment":"scroll","background-type":"","background-media":"","overlay-type":"","overlay-color":"","overlay-opacity":"","overlay-gradient":""},"mobile":{"background-color":"","background-image":"","background-repeat":"repeat","background-position":"center center","background-size":"auto","background-attachment":"scroll","background-type":"","background-media":"","overlay-type":"","overlay-color":"","overlay-opacity":"","overlay-gradient":""}},"ast-content-background-meta":{"desktop":{"background-color":"var(--ast-global-color-5)","background-image":"","background-repeat":"repeat","background-position":"center center","background-size":"auto","background-attachment":"scroll","background-type":"","background-media":"","overlay-type":"","overlay-color":"","overlay-opacity":"","overlay-gradient":""},"tablet":{"background-color":"var(--ast-global-color-5)","background-image":"","background-repeat":"repeat","background-position":"center center","background-size":"auto","background-attachment":"scroll","background-type":"","background-media":"","overlay-type":"","overlay-color":"","overlay-opacity":"","overlay-gradient":""},"mobile":{"background-color":"var(--ast-global-color-5)","background-image":"","background-repeat":"repeat","background-position":"center center","background-size":"auto","background-attachment":"scroll","background-type":"","background-media":"","overlay-type":"","overlay-color":"","overlay-opacity":"","overlay-gradient":""}}},"product_brand":[],"product_cat":[3359],"product_tag":[],"class_list":{"0":"post-288534","1":"product","2":"type-product","3":"status-publish","4":"has-post-thumbnail","6":"product_cat-wyprzedaz","7":"desktop-align-center","8":"tablet-align-left","9":"mobile-align-left","10":"ast-product-gallery-layout-horizontal-slider","11":"ast-product-gallery-with-no-image","12":"ast-product-single-variable","13":"ast-product-tabs-layout-accordion","14":"ast-qv-on-image","16":"first","17":"instock","18":"taxable","19":"shipping-taxable","20":"purchasable","21":"product-type-variable"},"yoast_head":"<!-- This site is optimized with the Yoast SEO plugin v26.6 - https:\/\/yoast.com\/wordpress\/plugins\/seo\/ -->\n<title>Pier\u015bcionek zar\u0119czynowy \u201eFrezja\u201d I Fashion Gold<\/title>\n<meta name=\"description\" content=\"Pier\u015bcionek z bia\u0142ego z\u0142ota ozdobiony koron\u0105 z sze\u015bcioma krapami, w kt\u00f3rej osadzony jest diament o masie 0,30 ct, symbolizuje Wasz\u0105 najg\u0142\u0119bsz\u0105 wi\u0119\u017a, zaufanie i mi\u0142o\u015b\u0107.\" \/>\n<meta name=\"robots\" content=\"index, follow, max-snippet:-1, max-image-preview:large, max-video-preview:-1\" \/>\n<link rel=\"canonical\" href=\"https:\/\/fashiongold.lt\/pl\/papuosalas\/pierscionek-zareczynowy-frezja\/\" \/>\n<meta property=\"og:locale\" content=\"pl_PL\" \/>\n<meta property=\"og:type\" content=\"article\" \/>\n<meta property=\"og:title\" content=\"Pier\u015bcionek zar\u0119czynowy \u201eFrezja\u201d I Fashion Gold\" \/>\n<meta property=\"og:description\" content=\"Pier\u015bcionek z bia\u0142ego z\u0142ota ozdobiony koron\u0105 z sze\u015bcioma krapami, w kt\u00f3rej osadzony jest diament o masie 0,30 ct, symbolizuje Wasz\u0105 najg\u0142\u0119bsz\u0105 wi\u0119\u017a, zaufanie i mi\u0142o\u015b\u0107.\" \/>\n<meta property=\"og:url\" content=\"https:\/\/fashiongold.lt\/pl\/papuosalas\/pierscionek-zareczynowy-frezja\/\" \/>\n<meta property=\"og:site_name\" content=\"FashionGold.lt\" \/>\n<meta property=\"og:image\" content=\"https:\/\/fashiongold.lt\/wp-content\/uploads\/2025\/10\/1651-8e7-Suzadetuviu-ziedas-Gerbera.webp\" \/>\n\t<meta property=\"og:image:width\" content=\"529\" \/>\n\t<meta property=\"og:image:height\" content=\"471\" \/>\n\t<meta property=\"og:image:type\" content=\"image\/jpeg\" \/>\n<meta name=\"twitter:card\" content=\"summary_large_image\" \/>\n<meta name=\"twitter:label1\" content=\"Szacowany czas czytania\" \/>\n\t<meta name=\"twitter:data1\" content=\"1 minuta\" \/>\n<script type=\"application\/ld+json\" class=\"yoast-schema-graph\">{\"@context\":\"https:\/\/schema.org\",\"@graph\":[{\"@type\":\"WebPage\",\"@id\":\"https:\/\/fashiongold.lt\/pl\/papuosalas\/pierscionek-zareczynowy-frezja\/\",\"url\":\"https:\/\/fashiongold.lt\/pl\/papuosalas\/pierscionek-zareczynowy-frezja\/\",\"name\":\"Pier\u015bcionek zar\u0119czynowy \u201eFrezja\u201d I Fashion Gold\",\"isPartOf\":{\"@id\":\"https:\/\/fashiongold.lt\/pl\/#website\"},\"primaryImageOfPage\":{\"@id\":\"https:\/\/fashiongold.lt\/pl\/papuosalas\/pierscionek-zareczynowy-frezja\/#primaryimage\"},\"image\":{\"@id\":\"https:\/\/fashiongold.lt\/pl\/papuosalas\/pierscionek-zareczynowy-frezja\/#primaryimage\"},\"thumbnailUrl\":\"https:\/\/fashiongold.lt\/wp-content\/uploads\/2025\/10\/1651-8e7-Suzadetuviu-ziedas-Gerbera.jpg\",\"datePublished\":\"2025-10-09T17:54:35+00:00\",\"description\":\"Pier\u015bcionek z bia\u0142ego z\u0142ota ozdobiony koron\u0105 z sze\u015bcioma krapami, w kt\u00f3rej osadzony jest diament o masie 0,30 ct, symbolizuje Wasz\u0105 najg\u0142\u0119bsz\u0105 wi\u0119\u017a, zaufanie i mi\u0142o\u015b\u0107.\",\"breadcrumb\":{\"@id\":\"https:\/\/fashiongold.lt\/pl\/papuosalas\/pierscionek-zareczynowy-frezja\/#breadcrumb\"},\"inLanguage\":\"pl-PL\",\"potentialAction\":[{\"@type\":\"ReadAction\",\"target\":[\"https:\/\/fashiongold.lt\/pl\/papuosalas\/pierscionek-zareczynowy-frezja\/\"]}]},{\"@type\":\"ImageObject\",\"inLanguage\":\"pl-PL\",\"@id\":\"https:\/\/fashiongold.lt\/pl\/papuosalas\/pierscionek-zareczynowy-frezja\/#primaryimage\",\"url\":\"https:\/\/fashiongold.lt\/wp-content\/uploads\/2025\/10\/1651-8e7-Suzadetuviu-ziedas-Gerbera.jpg\",\"contentUrl\":\"https:\/\/fashiongold.lt\/wp-content\/uploads\/2025\/10\/1651-8e7-Suzadetuviu-ziedas-Gerbera.jpg\",\"width\":529,\"height\":471},{\"@type\":\"BreadcrumbList\",\"@id\":\"https:\/\/fashiongold.lt\/pl\/papuosalas\/pierscionek-zareczynowy-frezja\/#breadcrumb\",\"itemListElement\":[{\"@type\":\"ListItem\",\"position\":1,\"name\":\"Home\",\"item\":\"https:\/\/fashiongold.lt\/pl\/\"},{\"@type\":\"ListItem\",\"position\":2,\"name\":\"Sklep z diamentami Fashiongold.lt\",\"item\":\"https:\/\/fashiongold.lt\/shop-2\/\"},{\"@type\":\"ListItem\",\"position\":3,\"name\":\"Pier\u015bcionek zar\u0119czynowy \u201eFrezja\u201d\"}]},{\"@type\":\"WebSite\",\"@id\":\"https:\/\/fashiongold.lt\/pl\/#website\",\"url\":\"https:\/\/fashiongold.lt\/pl\/\",\"name\":\"Fashion Gold\",\"description\":\"Juvelyrikos namai\",\"publisher\":{\"@id\":\"https:\/\/fashiongold.lt\/pl\/#organization\"},\"potentialAction\":[{\"@type\":\"SearchAction\",\"target\":{\"@type\":\"EntryPoint\",\"urlTemplate\":\"https:\/\/fashiongold.lt\/pl\/?s={search_term_string}\"},\"query-input\":{\"@type\":\"PropertyValueSpecification\",\"valueRequired\":true,\"valueName\":\"search_term_string\"}}],\"inLanguage\":\"pl-PL\"},{\"@type\":\"Organization\",\"@id\":\"https:\/\/fashiongold.lt\/pl\/#organization\",\"name\":\"Topdiamonds Online\",\"url\":\"https:\/\/fashiongold.lt\/pl\/\",\"logo\":{\"@type\":\"ImageObject\",\"inLanguage\":\"pl-PL\",\"@id\":\"https:\/\/fashiongold.lt\/pl\/#\/schema\/logo\/image\/\",\"url\":\"https:\/\/fashiongold.lt\/wp-content\/uploads\/2025\/04\/cropped-fashion_gold_logotipas2-scaled-1.png\",\"contentUrl\":\"https:\/\/fashiongold.lt\/wp-content\/uploads\/2025\/04\/cropped-fashion_gold_logotipas2-scaled-1.png\",\"width\":2559,\"height\":421,\"caption\":\"Topdiamonds Online\"},\"image\":{\"@id\":\"https:\/\/fashiongold.lt\/pl\/#\/schema\/logo\/image\/\"}}]}<\/script>\n<!-- \/ Yoast SEO plugin. -->","yoast_head_json":{"title":"Pier\u015bcionek zar\u0119czynowy \u201eFrezja\u201d I Fashion Gold","description":"Pier\u015bcionek z bia\u0142ego z\u0142ota ozdobiony koron\u0105 z sze\u015bcioma krapami, w kt\u00f3rej osadzony jest diament o masie 0,30 ct, symbolizuje Wasz\u0105 najg\u0142\u0119bsz\u0105 wi\u0119\u017a, zaufanie i mi\u0142o\u015b\u0107.","robots":{"index":"index","follow":"follow","max-snippet":"max-snippet:-1","max-image-preview":"max-image-preview:large","max-video-preview":"max-video-preview:-1"},"canonical":"https:\/\/fashiongold.lt\/pl\/papuosalas\/pierscionek-zareczynowy-frezja\/","og_locale":"pl_PL","og_type":"article","og_title":"Pier\u015bcionek zar\u0119czynowy \u201eFrezja\u201d I Fashion Gold","og_description":"Pier\u015bcionek z bia\u0142ego z\u0142ota ozdobiony koron\u0105 z sze\u015bcioma krapami, w kt\u00f3rej osadzony jest diament o masie 0,30 ct, symbolizuje Wasz\u0105 najg\u0142\u0119bsz\u0105 wi\u0119\u017a, zaufanie i mi\u0142o\u015b\u0107.","og_url":"https:\/\/fashiongold.lt\/pl\/papuosalas\/pierscionek-zareczynowy-frezja\/","og_site_name":"FashionGold.lt","og_image":[{"width":529,"height":471,"url":"https:\/\/fashiongold.lt\/wp-content\/uploads\/2025\/10\/1651-8e7-Suzadetuviu-ziedas-Gerbera.webp","type":"image\/jpeg"}],"twitter_card":"summary_large_image","twitter_misc":{"Szacowany czas czytania":"1 minuta"},"schema":{"@context":"https:\/\/schema.org","@graph":[{"@type":"WebPage","@id":"https:\/\/fashiongold.lt\/pl\/papuosalas\/pierscionek-zareczynowy-frezja\/","url":"https:\/\/fashiongold.lt\/pl\/papuosalas\/pierscionek-zareczynowy-frezja\/","name":"Pier\u015bcionek zar\u0119czynowy \u201eFrezja\u201d I Fashion Gold","isPartOf":{"@id":"https:\/\/fashiongold.lt\/pl\/#website"},"primaryImageOfPage":{"@id":"https:\/\/fashiongold.lt\/pl\/papuosalas\/pierscionek-zareczynowy-frezja\/#primaryimage"},"image":{"@id":"https:\/\/fashiongold.lt\/pl\/papuosalas\/pierscionek-zareczynowy-frezja\/#primaryimage"},"thumbnailUrl":"https:\/\/fashiongold.lt\/wp-content\/uploads\/2025\/10\/1651-8e7-Suzadetuviu-ziedas-Gerbera.jpg","datePublished":"2025-10-09T17:54:35+00:00","description":"Pier\u015bcionek z bia\u0142ego z\u0142ota ozdobiony koron\u0105 z sze\u015bcioma krapami, w kt\u00f3rej osadzony jest diament o masie 0,30 ct, symbolizuje Wasz\u0105 najg\u0142\u0119bsz\u0105 wi\u0119\u017a, zaufanie i mi\u0142o\u015b\u0107.","breadcrumb":{"@id":"https:\/\/fashiongold.lt\/pl\/papuosalas\/pierscionek-zareczynowy-frezja\/#breadcrumb"},"inLanguage":"pl-PL","potentialAction":[{"@type":"ReadAction","target":["https:\/\/fashiongold.lt\/pl\/papuosalas\/pierscionek-zareczynowy-frezja\/"]}]},{"@type":"ImageObject","inLanguage":"pl-PL","@id":"https:\/\/fashiongold.lt\/pl\/papuosalas\/pierscionek-zareczynowy-frezja\/#primaryimage","url":"https:\/\/fashiongold.lt\/wp-content\/uploads\/2025\/10\/1651-8e7-Suzadetuviu-ziedas-Gerbera.jpg","contentUrl":"https:\/\/fashiongold.lt\/wp-content\/uploads\/2025\/10\/1651-8e7-Suzadetuviu-ziedas-Gerbera.jpg","width":529,"height":471},{"@type":"BreadcrumbList","@id":"https:\/\/fashiongold.lt\/pl\/papuosalas\/pierscionek-zareczynowy-frezja\/#breadcrumb","itemListElement":[{"@type":"ListItem","position":1,"name":"Home","item":"https:\/\/fashiongold.lt\/pl\/"},{"@type":"ListItem","position":2,"name":"Sklep z diamentami Fashiongold.lt","item":"https:\/\/fashiongold.lt\/shop-2\/"},{"@type":"ListItem","position":3,"name":"Pier\u015bcionek zar\u0119czynowy \u201eFrezja\u201d"}]},{"@type":"WebSite","@id":"https:\/\/fashiongold.lt\/pl\/#website","url":"https:\/\/fashiongold.lt\/pl\/","name":"Fashion Gold","description":"Juvelyrikos namai","publisher":{"@id":"https:\/\/fashiongold.lt\/pl\/#organization"},"potentialAction":[{"@type":"SearchAction","target":{"@type":"EntryPoint","urlTemplate":"https:\/\/fashiongold.lt\/pl\/?s={search_term_string}"},"query-input":{"@type":"PropertyValueSpecification","valueRequired":true,"valueName":"search_term_string"}}],"inLanguage":"pl-PL"},{"@type":"Organization","@id":"https:\/\/fashiongold.lt\/pl\/#organization","name":"Topdiamonds Online","url":"https:\/\/fashiongold.lt\/pl\/","logo":{"@type":"ImageObject","inLanguage":"pl-PL","@id":"https:\/\/fashiongold.lt\/pl\/#\/schema\/logo\/image\/","url":"https:\/\/fashiongold.lt\/wp-content\/uploads\/2025\/04\/cropped-fashion_gold_logotipas2-scaled-1.png","contentUrl":"https:\/\/fashiongold.lt\/wp-content\/uploads\/2025\/04\/cropped-fashion_gold_logotipas2-scaled-1.png","width":2559,"height":421,"caption":"Topdiamonds Online"},"image":{"@id":"https:\/\/fashiongold.lt\/pl\/#\/schema\/logo\/image\/"}}]}},"_links":{"self":[{"href":"https:\/\/fashiongold.lt\/pl\/wp-json\/wp\/v2\/product\/288534","targetHints":{"allow":["GET"]}}],"collection":[{"href":"https:\/\/fashiongold.lt\/pl\/wp-json\/wp\/v2\/product"}],"about":[{"href":"https:\/\/fashiongold.lt\/pl\/wp-json\/wp\/v2\/types\/product"}],"version-history":[{"count":0,"href":"https:\/\/fashiongold.lt\/pl\/wp-json\/wp\/v2\/product\/288534\/revisions"}],"wp:featuredmedia":[{"embeddable":true,"href":"https:\/\/fashiongold.lt\/pl\/wp-json\/wp\/v2\/media\/53138"}],"wp:attachment":[{"href":"https:\/\/fashiongold.lt\/pl\/wp-json\/wp\/v2\/media?parent=288534"}],"wp:term":[{"taxonomy":"product_brand","embeddable":true,"href":"https:\/\/fashiongold.lt\/pl\/wp-json\/wp\/v2\/product_brand?post=288534"},{"taxonomy":"product_cat","embeddable":true,"href":"https:\/\/fashiongold.lt\/pl\/wp-json\/wp\/v2\/product_cat?post=288534"},{"taxonomy":"product_tag","embeddable":true,"href":"https:\/\/fashiongold.lt\/pl\/wp-json\/wp\/v2\/product_tag?post=288534"}],"curies":[{"name":"wp","href":"https:\/\/api.w.org\/{rel}","templated":true}]}}