{"id":288584,"date":"2025-10-09T17:43:21","date_gmt":"2025-10-09T17:43:21","guid":{"rendered":"https:\/\/fashiongold.lt\/papuosalas\/pozlacana-zawieszka-aniolek-z-cyrkonia-z-kolekcji-baby-fashion-gold\/"},"modified":"2025-10-09T17:43:21","modified_gmt":"2025-10-09T17:43:21","slug":"pozlacana-zawieszka-aniolek-z-cyrkonia-z-kolekcji-baby-fashion-gold","status":"publish","type":"product","link":"https:\/\/fashiongold.lt\/pl\/papuosalas\/pozlacana-zawieszka-aniolek-z-cyrkonia-z-kolekcji-baby-fashion-gold\/","title":{"rendered":"Poz\u0142acana zawieszka \u201eAnio\u0142ek\u201d z cyrkoni\u0105 z kolekcji \u201eBaby Fashion Gold\u201d"},"content":{"rendered":"<p>Has\u0142o kolekcji to \u201eSymbole na ka\u017cd\u0105 okazj\u0119\u201d, dlatego nie trzeba si\u0119 zastanawia\u0107, wystarczy wybra\u0107 bi\u017cuteri\u0119 oraz wybran\u0105 kartk\u0119, na kt\u00f3rej b\u0119dzie mo\u017cna wpisa\u0107 \u017cyczenia.\u00a0<\/p>\n<p>Kolekcja srebrnej bi\u017cuterii wyr\u00f3\u017cnia si\u0119 wysok\u0105 jako\u015bci\u0105, lekko\u015bci\u0105 i elegancj\u0105. Mo\u017ce to by\u0107 niezapomniany prezent na ka\u017cd\u0105 okazj\u0119, poniewa\u017c bi\u017cuteria posiada \u0142a\u0144cuszki o r\u00f3\u017cnej d\u0142ugo\u015bci, a ma\u0142e zawieszki idealnie pasuj\u0105 dzieciom i wygl\u0105daj\u0105 bardzo efektownie. To wyj\u0105tkowo pi\u0119kna i urocza bi\u017cuteria.<\/p>\n<p>Bi\u017cuteria zosta\u0142a ocechowana w Litewskim Urz\u0119dzie Probierczym.<\/p>\n<p>Poz\u0142acana zawieszka \u201eAnio\u0142ek\u201d z cyrkoni\u0105 oraz \u0142a\u0144cuszek zosta\u0142y wykonane ze srebra pr\u00f3by 925. D\u0142ugo\u015b\u0107 \u0142a\u0144cuszka jest regulowana w zakresie od 43 do 47 cm. Waga \u2013 1,51 g.<\/p><\/p>\n","protected":false},"excerpt":{"rendered":"<p>Kolekcja \u201eBaby Fashion Gold&#8221; \u2013 bi\u017cuteria na szczeg\u00f3lne okazje: Pierwsz\u0105 Komuni\u0119, chrzciny, urodziny, przyj\u0119cie \u201ebaby shower\u201d lub po prostu wyznanie mi\u0142o\u015bci. Ceny od 23 Eur.<\/p>\n","protected":false},"featured_media":51939,"template":"","meta":{"site-sidebar-layout":"","site-content-layout":"","ast-site-content-layout":"","site-content-style":"","site-sidebar-style":"","ast-global-header-display":"","ast-banner-title-visibility":"","ast-main-header-display":"","ast-hfb-above-header-display":"","ast-hfb-below-header-display":"","ast-hfb-mobile-header-display":"","site-post-title":"","ast-breadcrumbs-content":"","ast-featured-img":"","footer-sml-layout":"","ast-disable-related-posts":"","theme-transparent-header-meta":"","adv-header-id-meta":"","stick-header-meta":"","header-above-stick-meta":"","header-main-stick-meta":"","header-below-stick-meta":"","astra-migrate-meta-layouts":"default","ast-page-background-enabled":"default","ast-page-background-meta":{"desktop":{"background-color":"var(--ast-global-color-4)","background-image":"","background-repeat":"repeat","background-position":"center center","background-size":"auto","background-attachment":"scroll","background-type":"","background-media":"","overlay-type":"","overlay-color":"","overlay-opacity":"","overlay-gradient":""},"tablet":{"background-color":"","background-image":"","background-repeat":"repeat","background-position":"center center","background-size":"auto","background-attachment":"scroll","background-type":"","background-media":"","overlay-type":"","overlay-color":"","overlay-opacity":"","overlay-gradient":""},"mobile":{"background-color":"","background-image":"","background-repeat":"repeat","background-position":"center center","background-size":"auto","background-attachment":"scroll","background-type":"","background-media":"","overlay-type":"","overlay-color":"","overlay-opacity":"","overlay-gradient":""}},"ast-content-background-meta":{"desktop":{"background-color":"var(--ast-global-color-5)","background-image":"","background-repeat":"repeat","background-position":"center center","background-size":"auto","background-attachment":"scroll","background-type":"","background-media":"","overlay-type":"","overlay-color":"","overlay-opacity":"","overlay-gradient":""},"tablet":{"background-color":"var(--ast-global-color-5)","background-image":"","background-repeat":"repeat","background-position":"center center","background-size":"auto","background-attachment":"scroll","background-type":"","background-media":"","overlay-type":"","overlay-color":"","overlay-opacity":"","overlay-gradient":""},"mobile":{"background-color":"var(--ast-global-color-5)","background-image":"","background-repeat":"repeat","background-position":"center center","background-size":"auto","background-attachment":"scroll","background-type":"","background-media":"","overlay-type":"","overlay-color":"","overlay-opacity":"","overlay-gradient":""}}},"product_brand":[],"product_cat":[3166,3165],"product_tag":[],"class_list":{"0":"post-288584","1":"product","2":"type-product","3":"status-publish","4":"has-post-thumbnail","6":"product_cat-prezent-z-okazji-pierwszej-komunii-swietej","7":"product_cat-prezenty-na-chrzest","8":"desktop-align-center","9":"tablet-align-left","10":"mobile-align-left","11":"ast-product-gallery-layout-horizontal-slider","12":"ast-product-gallery-with-no-image","13":"ast-product-tabs-layout-accordion","14":"ast-qv-on-image","16":"first","17":"instock","18":"taxable","19":"shipping-taxable","20":"purchasable","21":"product-type-simple"},"yoast_head":"<!-- This site is optimized with the Yoast SEO plugin v26.6 - https:\/\/yoast.com\/wordpress\/plugins\/seo\/ -->\n<title>Poz\u0142acany wisiorek \u201eAnio\u0142ek&quot; z cyrkoni\u0105<\/title>\n<meta name=\"robots\" content=\"index, follow, max-snippet:-1, max-image-preview:large, max-video-preview:-1\" \/>\n<link rel=\"canonical\" href=\"https:\/\/fashiongold.lt\/pl\/papuosalas\/pozlacana-zawieszka-aniolek-z-cyrkonia-z-kolekcji-baby-fashion-gold\/\" \/>\n<meta property=\"og:locale\" content=\"pl_PL\" \/>\n<meta property=\"og:type\" content=\"article\" \/>\n<meta property=\"og:title\" content=\"Poz\u0142acany wisiorek \u201eAnio\u0142ek&quot; z cyrkoni\u0105\" \/>\n<meta property=\"og:description\" content=\"Kolekcja \u201eBaby Fashion Gold&quot; \u2013 bi\u017cuteria na szczeg\u00f3lne okazje: Pierwsz\u0105 Komuni\u0119, chrzciny, urodziny, przyj\u0119cie \u201ebaby shower\u201d lub po prostu wyznanie mi\u0142o\u015bci. Ceny od 23 Eur.\" \/>\n<meta property=\"og:url\" content=\"https:\/\/fashiongold.lt\/pl\/papuosalas\/pozlacana-zawieszka-aniolek-z-cyrkonia-z-kolekcji-baby-fashion-gold\/\" \/>\n<meta property=\"og:site_name\" content=\"FashionGold.lt\" \/>\n<meta property=\"og:image\" content=\"https:\/\/fashiongold.lt\/wp-content\/uploads\/2025\/10\/1564-1c3-Paauksuotas-pakabukas-Angeliukas-su-cirkoniu-is-kolekcijos-Baby-Fashion-Gold-scaled-1.webp\" \/>\n\t<meta property=\"og:image:width\" content=\"2560\" \/>\n\t<meta property=\"og:image:height\" content=\"2338\" \/>\n\t<meta property=\"og:image:type\" content=\"image\/jpeg\" \/>\n<meta name=\"twitter:card\" content=\"summary_large_image\" \/>\n<meta name=\"twitter:label1\" content=\"Szacowany czas czytania\" \/>\n\t<meta name=\"twitter:data1\" content=\"1 minuta\" \/>\n<script type=\"application\/ld+json\" class=\"yoast-schema-graph\">{\"@context\":\"https:\/\/schema.org\",\"@graph\":[{\"@type\":\"WebPage\",\"@id\":\"https:\/\/fashiongold.lt\/pl\/papuosalas\/pozlacana-zawieszka-aniolek-z-cyrkonia-z-kolekcji-baby-fashion-gold\/\",\"url\":\"https:\/\/fashiongold.lt\/pl\/papuosalas\/pozlacana-zawieszka-aniolek-z-cyrkonia-z-kolekcji-baby-fashion-gold\/\",\"name\":\"Poz\u0142acany wisiorek \u201eAnio\u0142ek\\\" z cyrkoni\u0105\",\"isPartOf\":{\"@id\":\"https:\/\/fashiongold.lt\/pl\/#website\"},\"primaryImageOfPage\":{\"@id\":\"https:\/\/fashiongold.lt\/pl\/papuosalas\/pozlacana-zawieszka-aniolek-z-cyrkonia-z-kolekcji-baby-fashion-gold\/#primaryimage\"},\"image\":{\"@id\":\"https:\/\/fashiongold.lt\/pl\/papuosalas\/pozlacana-zawieszka-aniolek-z-cyrkonia-z-kolekcji-baby-fashion-gold\/#primaryimage\"},\"thumbnailUrl\":\"https:\/\/fashiongold.lt\/wp-content\/uploads\/2025\/10\/1564-1c3-Paauksuotas-pakabukas-Angeliukas-su-cirkoniu-is-kolekcijos-Baby-Fashion-Gold-scaled-1.jpg\",\"datePublished\":\"2025-10-09T17:43:21+00:00\",\"breadcrumb\":{\"@id\":\"https:\/\/fashiongold.lt\/pl\/papuosalas\/pozlacana-zawieszka-aniolek-z-cyrkonia-z-kolekcji-baby-fashion-gold\/#breadcrumb\"},\"inLanguage\":\"pl-PL\",\"potentialAction\":[{\"@type\":\"ReadAction\",\"target\":[\"https:\/\/fashiongold.lt\/pl\/papuosalas\/pozlacana-zawieszka-aniolek-z-cyrkonia-z-kolekcji-baby-fashion-gold\/\"]}]},{\"@type\":\"ImageObject\",\"inLanguage\":\"pl-PL\",\"@id\":\"https:\/\/fashiongold.lt\/pl\/papuosalas\/pozlacana-zawieszka-aniolek-z-cyrkonia-z-kolekcji-baby-fashion-gold\/#primaryimage\",\"url\":\"https:\/\/fashiongold.lt\/wp-content\/uploads\/2025\/10\/1564-1c3-Paauksuotas-pakabukas-Angeliukas-su-cirkoniu-is-kolekcijos-Baby-Fashion-Gold-scaled-1.jpg\",\"contentUrl\":\"https:\/\/fashiongold.lt\/wp-content\/uploads\/2025\/10\/1564-1c3-Paauksuotas-pakabukas-Angeliukas-su-cirkoniu-is-kolekcijos-Baby-Fashion-Gold-scaled-1.jpg\",\"width\":2560,\"height\":2338},{\"@type\":\"BreadcrumbList\",\"@id\":\"https:\/\/fashiongold.lt\/pl\/papuosalas\/pozlacana-zawieszka-aniolek-z-cyrkonia-z-kolekcji-baby-fashion-gold\/#breadcrumb\",\"itemListElement\":[{\"@type\":\"ListItem\",\"position\":1,\"name\":\"Home\",\"item\":\"https:\/\/fashiongold.lt\/pl\/\"},{\"@type\":\"ListItem\",\"position\":2,\"name\":\"Sklep z diamentami Fashiongold.lt\",\"item\":\"https:\/\/fashiongold.lt\/shop-2\/\"},{\"@type\":\"ListItem\",\"position\":3,\"name\":\"Poz\u0142acana zawieszka \u201eAnio\u0142ek\u201d z cyrkoni\u0105 z kolekcji \u201eBaby Fashion Gold\u201d\"}]},{\"@type\":\"WebSite\",\"@id\":\"https:\/\/fashiongold.lt\/pl\/#website\",\"url\":\"https:\/\/fashiongold.lt\/pl\/\",\"name\":\"Fashion Gold\",\"description\":\"Juvelyrikos namai\",\"publisher\":{\"@id\":\"https:\/\/fashiongold.lt\/pl\/#organization\"},\"potentialAction\":[{\"@type\":\"SearchAction\",\"target\":{\"@type\":\"EntryPoint\",\"urlTemplate\":\"https:\/\/fashiongold.lt\/pl\/?s={search_term_string}\"},\"query-input\":{\"@type\":\"PropertyValueSpecification\",\"valueRequired\":true,\"valueName\":\"search_term_string\"}}],\"inLanguage\":\"pl-PL\"},{\"@type\":\"Organization\",\"@id\":\"https:\/\/fashiongold.lt\/pl\/#organization\",\"name\":\"Topdiamonds Online\",\"url\":\"https:\/\/fashiongold.lt\/pl\/\",\"logo\":{\"@type\":\"ImageObject\",\"inLanguage\":\"pl-PL\",\"@id\":\"https:\/\/fashiongold.lt\/pl\/#\/schema\/logo\/image\/\",\"url\":\"https:\/\/fashiongold.lt\/wp-content\/uploads\/2025\/04\/cropped-fashion_gold_logotipas2-scaled-1.png\",\"contentUrl\":\"https:\/\/fashiongold.lt\/wp-content\/uploads\/2025\/04\/cropped-fashion_gold_logotipas2-scaled-1.png\",\"width\":2559,\"height\":421,\"caption\":\"Topdiamonds Online\"},\"image\":{\"@id\":\"https:\/\/fashiongold.lt\/pl\/#\/schema\/logo\/image\/\"}}]}<\/script>\n<!-- \/ Yoast SEO plugin. -->","yoast_head_json":{"title":"Poz\u0142acany wisiorek \u201eAnio\u0142ek\" z cyrkoni\u0105","robots":{"index":"index","follow":"follow","max-snippet":"max-snippet:-1","max-image-preview":"max-image-preview:large","max-video-preview":"max-video-preview:-1"},"canonical":"https:\/\/fashiongold.lt\/pl\/papuosalas\/pozlacana-zawieszka-aniolek-z-cyrkonia-z-kolekcji-baby-fashion-gold\/","og_locale":"pl_PL","og_type":"article","og_title":"Poz\u0142acany wisiorek \u201eAnio\u0142ek\" z cyrkoni\u0105","og_description":"Kolekcja \u201eBaby Fashion Gold\" \u2013 bi\u017cuteria na szczeg\u00f3lne okazje: Pierwsz\u0105 Komuni\u0119, chrzciny, urodziny, przyj\u0119cie \u201ebaby shower\u201d lub po prostu wyznanie mi\u0142o\u015bci. Ceny od 23 Eur.","og_url":"https:\/\/fashiongold.lt\/pl\/papuosalas\/pozlacana-zawieszka-aniolek-z-cyrkonia-z-kolekcji-baby-fashion-gold\/","og_site_name":"FashionGold.lt","og_image":[{"width":2560,"height":2338,"url":"https:\/\/fashiongold.lt\/wp-content\/uploads\/2025\/10\/1564-1c3-Paauksuotas-pakabukas-Angeliukas-su-cirkoniu-is-kolekcijos-Baby-Fashion-Gold-scaled-1.webp","type":"image\/jpeg"}],"twitter_card":"summary_large_image","twitter_misc":{"Szacowany czas czytania":"1 minuta"},"schema":{"@context":"https:\/\/schema.org","@graph":[{"@type":"WebPage","@id":"https:\/\/fashiongold.lt\/pl\/papuosalas\/pozlacana-zawieszka-aniolek-z-cyrkonia-z-kolekcji-baby-fashion-gold\/","url":"https:\/\/fashiongold.lt\/pl\/papuosalas\/pozlacana-zawieszka-aniolek-z-cyrkonia-z-kolekcji-baby-fashion-gold\/","name":"Poz\u0142acany wisiorek \u201eAnio\u0142ek\" z cyrkoni\u0105","isPartOf":{"@id":"https:\/\/fashiongold.lt\/pl\/#website"},"primaryImageOfPage":{"@id":"https:\/\/fashiongold.lt\/pl\/papuosalas\/pozlacana-zawieszka-aniolek-z-cyrkonia-z-kolekcji-baby-fashion-gold\/#primaryimage"},"image":{"@id":"https:\/\/fashiongold.lt\/pl\/papuosalas\/pozlacana-zawieszka-aniolek-z-cyrkonia-z-kolekcji-baby-fashion-gold\/#primaryimage"},"thumbnailUrl":"https:\/\/fashiongold.lt\/wp-content\/uploads\/2025\/10\/1564-1c3-Paauksuotas-pakabukas-Angeliukas-su-cirkoniu-is-kolekcijos-Baby-Fashion-Gold-scaled-1.jpg","datePublished":"2025-10-09T17:43:21+00:00","breadcrumb":{"@id":"https:\/\/fashiongold.lt\/pl\/papuosalas\/pozlacana-zawieszka-aniolek-z-cyrkonia-z-kolekcji-baby-fashion-gold\/#breadcrumb"},"inLanguage":"pl-PL","potentialAction":[{"@type":"ReadAction","target":["https:\/\/fashiongold.lt\/pl\/papuosalas\/pozlacana-zawieszka-aniolek-z-cyrkonia-z-kolekcji-baby-fashion-gold\/"]}]},{"@type":"ImageObject","inLanguage":"pl-PL","@id":"https:\/\/fashiongold.lt\/pl\/papuosalas\/pozlacana-zawieszka-aniolek-z-cyrkonia-z-kolekcji-baby-fashion-gold\/#primaryimage","url":"https:\/\/fashiongold.lt\/wp-content\/uploads\/2025\/10\/1564-1c3-Paauksuotas-pakabukas-Angeliukas-su-cirkoniu-is-kolekcijos-Baby-Fashion-Gold-scaled-1.jpg","contentUrl":"https:\/\/fashiongold.lt\/wp-content\/uploads\/2025\/10\/1564-1c3-Paauksuotas-pakabukas-Angeliukas-su-cirkoniu-is-kolekcijos-Baby-Fashion-Gold-scaled-1.jpg","width":2560,"height":2338},{"@type":"BreadcrumbList","@id":"https:\/\/fashiongold.lt\/pl\/papuosalas\/pozlacana-zawieszka-aniolek-z-cyrkonia-z-kolekcji-baby-fashion-gold\/#breadcrumb","itemListElement":[{"@type":"ListItem","position":1,"name":"Home","item":"https:\/\/fashiongold.lt\/pl\/"},{"@type":"ListItem","position":2,"name":"Sklep z diamentami Fashiongold.lt","item":"https:\/\/fashiongold.lt\/shop-2\/"},{"@type":"ListItem","position":3,"name":"Poz\u0142acana zawieszka \u201eAnio\u0142ek\u201d z cyrkoni\u0105 z kolekcji \u201eBaby Fashion Gold\u201d"}]},{"@type":"WebSite","@id":"https:\/\/fashiongold.lt\/pl\/#website","url":"https:\/\/fashiongold.lt\/pl\/","name":"Fashion Gold","description":"Juvelyrikos namai","publisher":{"@id":"https:\/\/fashiongold.lt\/pl\/#organization"},"potentialAction":[{"@type":"SearchAction","target":{"@type":"EntryPoint","urlTemplate":"https:\/\/fashiongold.lt\/pl\/?s={search_term_string}"},"query-input":{"@type":"PropertyValueSpecification","valueRequired":true,"valueName":"search_term_string"}}],"inLanguage":"pl-PL"},{"@type":"Organization","@id":"https:\/\/fashiongold.lt\/pl\/#organization","name":"Topdiamonds Online","url":"https:\/\/fashiongold.lt\/pl\/","logo":{"@type":"ImageObject","inLanguage":"pl-PL","@id":"https:\/\/fashiongold.lt\/pl\/#\/schema\/logo\/image\/","url":"https:\/\/fashiongold.lt\/wp-content\/uploads\/2025\/04\/cropped-fashion_gold_logotipas2-scaled-1.png","contentUrl":"https:\/\/fashiongold.lt\/wp-content\/uploads\/2025\/04\/cropped-fashion_gold_logotipas2-scaled-1.png","width":2559,"height":421,"caption":"Topdiamonds Online"},"image":{"@id":"https:\/\/fashiongold.lt\/pl\/#\/schema\/logo\/image\/"}}]}},"_links":{"self":[{"href":"https:\/\/fashiongold.lt\/pl\/wp-json\/wp\/v2\/product\/288584","targetHints":{"allow":["GET"]}}],"collection":[{"href":"https:\/\/fashiongold.lt\/pl\/wp-json\/wp\/v2\/product"}],"about":[{"href":"https:\/\/fashiongold.lt\/pl\/wp-json\/wp\/v2\/types\/product"}],"version-history":[{"count":0,"href":"https:\/\/fashiongold.lt\/pl\/wp-json\/wp\/v2\/product\/288584\/revisions"}],"wp:featuredmedia":[{"embeddable":true,"href":"https:\/\/fashiongold.lt\/pl\/wp-json\/wp\/v2\/media\/51939"}],"wp:attachment":[{"href":"https:\/\/fashiongold.lt\/pl\/wp-json\/wp\/v2\/media?parent=288584"}],"wp:term":[{"taxonomy":"product_brand","embeddable":true,"href":"https:\/\/fashiongold.lt\/pl\/wp-json\/wp\/v2\/product_brand?post=288584"},{"taxonomy":"product_cat","embeddable":true,"href":"https:\/\/fashiongold.lt\/pl\/wp-json\/wp\/v2\/product_cat?post=288584"},{"taxonomy":"product_tag","embeddable":true,"href":"https:\/\/fashiongold.lt\/pl\/wp-json\/wp\/v2\/product_tag?post=288584"}],"curies":[{"name":"wp","href":"https:\/\/api.w.org\/{rel}","templated":true}]}}